{"id":47577,"date":"2021-05-18T16:54:23","date_gmt":"2021-05-18T23:54:23","guid":{"rendered":"https:\/\/www.squareone.ca\/fr-reviews"},"modified":"2025-12-22T13:10:10","modified_gmt":"2025-12-22T21:10:10","slug":"avis-des-clients","status":"publish","type":"page","link":"https:\/\/www.squareone.ca\/fr\/evaluations","title":{"rendered":"Avis des Clients"},"content":{"rendered":"<main>\r\n    <section id='intro' class=\"bg-shape-split bg-sub-page-hero\">\r\n        <div class=\"bg-position\">\r\n            <div class=\"container-fluid\">\r\n                <div class=\"row align-items-center\">\r\n                    <div class=\"col-12\">\r\n                        <h1><span class='total_reviews'>N\/A<\/span> avis de nos clients <\/h1>\r\n                        <p class=\"display-4\">Vous vous demandez ce que les gens disent de nous? Ci-dessous vous pouvez\r\n                            lire <span class='total_reviews'>N\/A<\/span>\u00a0\u00e9valuations de la part de nos clients qui nous ont \u00e9t\u00e9 soumis\r\n                            directement, avec une cote moyenne de <span class='average_rating'>N\/A<\/span>\u00a0\u00e9toiles sur 5. Vous pouvez\r\n                            \u00e9galement lire des critiques \u00e0 notre sujet sur les sites web suivants en cliquant sur les\r\n                            logos\u00a0:<\/p>\r\n                        <div class=\"row pt-4\">\r\n                            <div class=\"col-12\">\r\n                                <div class=\"d-flex flex-column flex-md-row justify-content-between align-items-center\">\r\n                                    <a class=\"mt-3 mt-md-0\"\r\n                                       href=\"https:\/\/www.bbb.org\/ca\/bc\/vancouver\/profile\/insurance-services-office\/square-one-insurance-services-0037-1261554\"\r\n                                       title=\"Better Business Bureau\" target=\"_blank\" rel=\"noopener noreferrer\">\r\n                                        <img decoding=\"async\" src=\"https:\/\/cdn.squareone.ca\/wp-content\/uploads\/2018\/09\/26074654\/bbb-logo.png\"\r\n                                             alt=\"Better Business Bureau\"\/>\r\n                                    <\/a>\r\n\r\n                                    <a class=\"mt-3 mt-md-0\"\r\n                                       href=\"https:\/\/www.facebook.com\/pg\/squareoneinsurance\/reviews\/\" title=\"Facebook\"\r\n                                       target=\"_blank\" rel=\"noopener noreferrer\"> <img decoding=\"async\"\r\n                                            src=\"https:\/\/cdn.squareone.ca\/wp-content\/uploads\/2018\/09\/26074655\/facebook2.png\"\r\n                                            alt=\"Facebook\" height=\"52\"\/> <\/a>\r\n\r\n                                    <a class=\"mt-3 mt-md-0\"\r\n                                       href=\"https:\/\/www.google.com\/shopping\/ratings\/account\/metrics?q=squareone.ca&#038;c=CA&#038;v=17\"\r\n                                       title=\"Google Merchant\" target=\"_blank\" rel=\"noopener noreferrer\"> <img decoding=\"async\"\r\n                                            src=\"https:\/\/cdn.squareone.ca\/wp-content\/uploads\/2019\/06\/10073031\/img-google-merch-center-1.png\"\r\n                                            alt=\"Google Merchant\" height=\"52\"\/> <\/a>\r\n\r\n                                    <a class=\"mt-3 mt-md-0\"\r\n                                       href=\"https:\/\/www.google.ca\/search?source=hp&#038;q=square+one+insurance+vancouver+bc&#038;oq=square+one+insurance+vancouver+bc&#038;gs_l=psy-ab.3..0j38.962.5337.0.5464.15.15.0.0.0.0.241.1074.14j0j1.15.0....0...1.1.64.psy-ab..0.15.1073...46j0i131k1j0i10k1j0i46k1.bBEFOTqVQJ0#lrd=0x548673d60d062a7b:0x9c2361f904fb8565,1,\"\r\n                                       title=\"Google Reviews\" target=\"_blank\" rel=\"noopener noreferrer\">\r\n                                        <img decoding=\"async\" src=\"https:\/\/cdn.squareone.ca\/wp-content\/uploads\/2019\/06\/10081051\/img-google-reviews3.png\"\r\n                                             alt=\"Google Reviews\" height=\"52\"\/>\r\n                                    <\/a>\r\n\r\n                                    <a class=\"mt-3 mt-md-0\"\r\n                                       href=\"https:\/\/www.yelp.com\/biz\/square-one-insurance-services-vancouver\"\r\n                                       title=\"Yelp\" target=\"_blank\" rel=\"noopener noreferrer\"> <img decoding=\"async\"\r\n                                            src=\"https:\/\/cdn.squareone.ca\/wp-content\/uploads\/2019\/06\/10071817\/img-yelp-2019.png\"\r\n                                            alt=\"Yelp\" height=\"52\"\/> <\/a>\r\n                                <\/div>\r\n                            <\/div>\r\n                        <\/div>\r\n                    <\/div>\r\n                <\/div>\r\n            <\/div>\r\n        <\/div>\r\n        <div class=\"bg-bottom\"><\/div>\r\n    <\/section>\r\n\r\n    <section class=\"mb-3 xwide-mobile pt-6\">\r\n        <div class=\"container-fluid\">\r\n            <div class=\"row\">\r\n                <div class=\"col-12 mb-3 col-md-1 col-lg-1\">\r\n                    <img decoding=\"async\" src=\"\/sales\/images\/icons\/icon-trophy.svg\" class=\"ml-lg-4\" alt=\"Ic\u00f4ne de troph\u00e9e\" width=\"43\">\r\n                <\/div>\r\n\r\n                <div class=\"col-12 col-md-11 col-lg-5 pb-6\">\r\n                    <h2>Cote de A+ du BEC<\/h2>\r\n                    <p>Square One est un membre accr\u00e9dit\u00e9 du Bureau d&rsquo;\u00e9thique commerciale depuis le 26 octobre 2012.\r\n                        Notre classement A+ refl\u00e8te\u00a0:<\/p>\r\n                    <ul>\r\n                        <li>le nombre d\u2019ann\u00e9es que nous exploitons nos activit\u00e9s.<\/li>\r\n                        <li>le faible nombre de plaintes d\u00e9pos\u00e9es contre nous.<\/li>\r\n                        <li>notre r\u00e9ponse rapide aux plaintes et la r\u00e9solution rapide de celles-ci.<\/li>\r\n                    <\/ul>\r\n                <\/div>\r\n\r\n                <div class=\"col-12 mb-3 col-md-1 col-lg-1\">\r\n                    <img decoding=\"async\" src=\"\/sales\/images\/icons\/icon-write.svg\" class=\"ml-lg-4\" alt=\"Ic\u00f4ne d'\u00e9criture\" width=\"43\">\r\n                <\/div>\r\n\r\n                <div class=\"col-12 col-md-11 col-lg-5 pb-6\">\r\n                    <h2>R\u00e9digez une \u00e9valuation<\/h2>\r\n                    <p>Cliquez sur le bouton ci-dessous pour r\u00e9diger uen \u00e9valuation sur notre services. Toutes les\r\n                        \u00e9valuations sont mod\u00e9r\u00e9es et publi\u00e9es avec une r\u00e9ponse. Vous avez un probl\u00e8me de service?\r\n                        D\u00e9couvrez les <a href=\"\/fr\/problemes-service\" title=\"Probl\u00e8mes de service\">options<\/a> vous\r\n                        offertes.<\/p>\r\n                    <p><a href=\"javascript:showReviewForm()\" class=\"btn btn-primary\" id=\"show-review-form-button\">Soumettre\r\n                        une \u00e9valuation<\/a><\/p>\r\n                    <div id=\"submit-review-section\" class=\"background hidden\">\r\n                        <h3>Soumettre une \u00e9valuation<\/h3>\r\n                        <div id=\"submit-review-form\"><\/div>\r\n                    <\/div>\r\n                <\/div>\r\n            <\/div>\r\n        <\/div>\r\n    <\/section>\r\n\r\n    <section class=\"bg-shape-split shape-grey-curve-down\">\r\n        <div class=\"bg-top\"><\/div>\r\n        <div class=\"bg-position\">\r\n            <div class=\"container-fluid\">\r\n                <h2>D\u00e9couvrez ce que les clients disent de nous<\/h2>\r\n                <p class=\"display-4\">Vous trouverez ci-dessous plusieurs critiques vid\u00e9o et <span class='total_reviews'>N\/A<\/span>\u00a0\u00e9valuations\r\n                    \u00e9crites de nos clients. Vous pouvez filtrer les commentaires \u00e9crits pour afficher ceux qui\r\n                    concernent\u00a0: les ventes et le service; ou les r\u00e9clamations.<\/p>\r\n            <\/div>\r\n        <\/div>\r\n        <div class=\"bg-bottom\"><\/div>\r\n    <\/section>\r\n\r\n    <section id=\"testimonials\" class=\"mb-3 xwide-mobile py-6\">\r\n        <div class=\"container-fluid\">\r\n            <div class=\"row\">\r\n                <div class=\"col-12 col-md-4 mb-5\">\r\n                    <p class=\"text-center\"><a title=\"Heureusement, je pouvais compter sur Square One\"\r\n                                              href=\"https:\/\/youtu.be\/_MjoUouiqT0\" target=\"_blank\"\r\n                                              rel=\"noopener noreferrer\"><img decoding=\"async\"\r\n                            src=\"https:\/\/cdn.squareone.ca\/wp-content\/uploads\/2020\/03\/18042251\/Comfort-A-review.jpg\"\r\n                            alt=\"Comfort Armenu Square One review\" width=\"300\"\/><\/a><\/p>\r\n                    <h4 class=\"text-center mb-1\">\u00ab\u00a0Heureusement, je pouvais compter sur Square One\u00a0\u00bb<\/h4>\r\n                    <p class=\"text-center\">Comfort A. de Vancouver, en Colombie-Britannique, d\u00e9crit son exp\u00e9rience en\r\n                        mati\u00e8re de sinistres.<\/p>\r\n                <\/div>\r\n                <div class=\"col-12 col-md-4 mb-5\">\r\n                    <p class=\"text-center\"><a title=\"Facile du d\u00e9but \u00e0 la fin\" href=\"https:\/\/youtu.be\/G8s3jdTPVj0\"\r\n                                              target=\"_blank\" rel=\"noopener noreferrer\"><img decoding=\"async\"\r\n                            src=\"https:\/\/cdn.squareone.ca\/wp-content\/uploads\/2019\/12\/27023906\/tess-reviews.png\"\r\n                            alt=\"Facile du d\u00e9but \u00e0 la fin\" width=\"300\"\/><\/a><\/p>\r\n                    <h4 class=\"text-center mb-1\">\u00ab\u00a0Facile du d\u00e9but \u00e0 la fin\u00a0\u00bb<\/h4>\r\n                    <p class=\"text-center\">Tess K. de Vancouver, en Colombie-Britannique, d\u00e9crit son exp\u00e9rience en\r\n                        mati\u00e8re de sinistre.<\/p>\r\n                <\/div>\r\n                <div class=\"col-12 col-md-4 mb-5\">\r\n                    <p class=\"text-center\"><a title=\"L'exp\u00e9rience \u00e9tait agr\u00e9able\" href=\"https:\/\/youtu.be\/AYMetT-_Lgs\"\r\n                                              target=\"_blank\" rel=\"noopener noreferrer\"><img decoding=\"async\"\r\n                            src=\"https:\/\/cdn.squareone.ca\/wp-content\/uploads\/2020\/02\/03055601\/img-rohit.jpg\"\r\n                            alt=\"Ils vous \u00e9coutent\" width=\"300\"\/><\/a><\/p>\r\n                    <h4 class=\"text-center mb-1\">\u00ab\u00a0L&rsquo;exp\u00e9rience de r\u00e9clamations \u00e9tait agr\u00e9able\u00a0\u00bb<\/h4>\r\n                    <p class=\"text-center\">Rohit S. de Calgary, en Alberta, d\u00e9crit son exp\u00e9rience en mati\u00e8re de\r\n                        sinistre.<\/p>\r\n                <\/div>\r\n                <div class=\"col-12 col-md-4 mb-5\">\r\n                    <p class=\"text-center\"><a title=\"Square One est tellement facile\"\r\n                                              href=\"https:\/\/youtu.be\/goN5zC7PwO8\" target=\"_blank\"\r\n                                              rel=\"noopener noreferrer\"><img decoding=\"async\"\r\n                            src=\"https:\/\/cdn.squareone.ca\/wp-content\/uploads\/2019\/07\/05062546\/img-review-shelly-b-final.png\"\r\n                            alt=\"Square One est tellement facile\" width=\"300\"\/><\/a><\/p>\r\n                    <h4 class=\"text-center mb-1\">\u00ab\u00a0Square One est tellement facile\u00a0\u00ab\u00a0<\/h4>\r\n                    <p class=\"text-center\">Shelly B. de London ON d\u00e9crit son exp\u00e9rience du service.<\/p>\r\n                <\/div>\r\n\r\n                <div class=\"col-12 col-md-4 mb-5\">\r\n                    <p class=\"text-center\"><a title=\"Je les recommande\" href=\"https:\/\/youtu.be\/nbB4BE5O7nQ\"\r\n                                              target=\"_blank\" rel=\"noopener noreferrer\"><img decoding=\"async\"\r\n                            src=\"https:\/\/cdn.squareone.ca\/wp-content\/uploads\/2019\/07\/05062540\/img-review-maria-c-final.png\"\r\n                            alt=\"Je les recommande\" width=\"300\"\/><\/a>\r\n                    <h4 class=\"text-center mb-1\">\u00ab\u00a0Je les recommande\u00a0\u00bb<\/h4>\r\n                    <p class=\"text-center\">Maria C. de Fort McMurray, en Alberta, d\u00e9crit son exp\u00e9rience de sinistre.<\/p>\r\n                <\/div>\r\n                <div class=\"col-12 col-md-4 mb-5\">\r\n                    <p class=\"text-center\"><a title=\"Ils ont r\u00e9alis\u00e9 les travaux\" href=\"https:\/\/youtu.be\/NLX1qpY8vFA\"\r\n                                              target=\"_blank\" rel=\"noopener noreferrer\"><img decoding=\"async\"\r\n                            src=\"https:\/\/cdn.squareone.ca\/wp-content\/uploads\/2019\/07\/05062554\/img-review-mala-t-final.png\"\r\n                            alt=\"Ils ont r\u00e9alis\u00e9 les travaux\" width=\"300\"\/><\/a><\/p>\r\n                    <h4 class=\"text-center mb-1\">\u00ab\u00a0Ils ont r\u00e9alis\u00e9 les travaux\u00a0\u00bb<\/h4>\r\n                    <p class=\"text-center\">Mala T. de Toronto ON, d\u00e9crit son exp\u00e9rience des r\u00e9clamations.<\/p>\r\n                <\/div>\r\n            <\/div>\r\n        <\/div>\r\n    <\/section>\r\n\r\n\r\n    <div id=\"customerReviewApp\">\r\n        <section id=\"wpcr_respond_1\" class=\"reviews-footer bg-shape-split shape-blue-curve-up\">\r\n            <div class=\"bg-top\">\r\n\r\n            <\/div>\r\n            <div class=\"bg-position\">\r\n                <div class=\"container-fluid\">\r\n                    <div class=\"row pb-4\">\r\n                        <div class=\"col-12\">\r\n                            <div class=\"quote-row\" v-if=\"lang == 'en'\">\r\n                                <i class=\"fa fa-filter\"><\/i> Filter reviews:\r\n                                <select class=\"ms-2\" \r\nv-on:change=\"getReviews()\" v-model=\"filterByReviewCategoryType\"\r\n                                        aria-label=\"Filter for all reviews, sales and service-related reviews, or claims-related reviews\">\r\n                                    <option value=\"\">Show all reviews<\/option>\r\n                                    <option value=\"car_insurance_sales\">Car insurance sales reviews<\/option>\r\n                                    <option value=\"home_insurance_sales\">Home insurance sales reviews<\/option>\r\n                                    <option value=\"home_insurance_claims\">Home insurance claims reviews<\/option>\r\n                                <\/select>\r\n                            <\/div>\r\n                            <div class=\"quote-row\" v-if=\"lang == 'fr'\">\r\n                                <i class=\"fa fa-filter\"><\/i> Filtrer les \u00e9valuations :\r\n                                <select class=\"ml-2\" \r\nv-on:change=\"getReviews()\" v-model=\"filterByReviewCategoryType\"\r\n                                        aria-label=\"Filter for all reviews, sales and service-related reviews, or claims-related reviews\">\r\n                                    <option value=\"\">Afficher toutes les \u00e9valuations<\/option>\r\n                                    <option value=\"car_insurance_sales\">\u00c9valuations, ventes d&rsquo;assurance auto<\/option>\r\n                                    <option value=\"home_insurance_sales\">\u00c9valuations, ventes d&rsquo;assurance habitation\r\n                                    <\/option>\r\n                                    <option value=\"home_insurance_claims\">\u00c9valuations, r\u00e9clamations d&rsquo;assurance\r\n                                        habitation\r\n                                    <\/option>\r\n                                <\/select>\r\n                            <\/div>\r\n\r\n                        <\/div>\r\n\r\n                        <div class=\"col-12\">\r\n                            <div v-if=\"showLoader\" class=\"text-center mt-6 mb-0\">\r\n                                <div class=\"spinner-border text-primary\" role=\"status\">\r\n                                    <span class=\"sr-only\">Loading&#8230;<\/span>\r\n                                <\/div>\r\n                            <\/div>\r\n                        <\/div>\r\n\r\n                        <div id=\"user-submitted-reviews\" class=\"review-cards col-12\">\r\n                            <div class=\"card-grid-by-2\">\r\n\r\n                                <div class=\"card review mb-2 mt-2\" v-for=\"(review, index) in reviews\" :key=\"index\">\r\n                                    <div class=\"card-body\">\r\n                                        <div class=\"h3 mb-1\">{{ review.ReviewTitle }}<\/div>\r\n                                        <div class=\"rating small mb-3\" v-if=\"review.ReviewRating\">\r\n                                            <span v-for=\"n in 5\">\r\n                                                <i v-if=\"n <= review.ReviewRating\" class=\"text-orange fa fa-star\"><\/i>\r\n                                                <i v-else class=\"fa fa-star-o\"><\/i>\r\n                                            <\/span>\r\n                                        <\/div>\r\n                                        <div class=\"rating small mb-3\" v-else>\r\n                                            <span v-for=\"n in 5\">\r\n                                              <i class=\"fa fa-star-o\"><\/i>\r\n                                            <\/span>\r\n                                        <\/div>\r\n\r\n                                        <p class=\"mb-0\">{{ review.ReviewText }}<\/p>\r\n                                        <span class=\"font-weight-bold mr-3\">\u2013 {{ review.ReviewerName }}<\/span>\r\n                                        <small class=\"text-muted\">{{ review.ReviewerCity }}, {{ review.ProvinceId }} le\r\n                                            {{ review.ReviewedAt }}<\/small>\r\n                                        <p v-if=\"review.ReviewResponse\">\r\n                                            <small class=\"text-grey-400 d-inline-block mt-3\">\r\n                                                <strong>Response:<\/strong>\r\n                                                {{ review.ReviewResponse }}\r\n                                            <\/small>\r\n                                        <\/p>\r\n                                    <\/div>\r\n                                <\/div>\r\n                            <\/div>\r\n                        <\/div>\r\n                    <\/div>\r\n\r\n                    <div id=\"wpcr_paginationd\" v-if=\"!showLoader\">\r\n                        <ul class=\"pagination justify-content-center\">\r\n\r\n                            <li class=\"page-item\">\r\n                                <a class=\"page-link\" href=\"javascript:void(0);\" v-on:click=\"goToPage(1)\">\u00ab<\/a>\r\n                            <\/li>\r\n                            <li class=\"page-item\">\r\n                                <a class=\"page-link\" href=\"javascript:void(0);\"\r\n                                   v-on:click=\"goToPage(currentPage - 1)\">\u2039<\/a>\r\n                            <\/li>\r\n\r\n                            <li v-bind:class=\"{ 'active': (page === currentPage), 'page-item' : 1 }\"\r\n                                v-for=\"page in visiblePages\">\r\n                                <a class=\"page-link\" href=\"javascript:void(0);\" v-on:click=\"goToPage(page)\">{{\r\n                                        page\r\n                                    }}<\/a>\r\n                            <\/li>\r\n\r\n\r\n                            <li class=\"page-item\">\r\n                                <a v-if=\"currentPage < totalPages\" class=\"page-link\" href=\"javascript:void(0);\"\r\n                                   v-on:click=\"goToPage(currentPage + 1)\">\u203a<\/a>\r\n                            <\/li>\r\n                            <li class=\"page-item\">\r\n                                <a v-if=\"currentPage < totalPages\" class=\"page-link\" href=\"javascript:void(0);\"\r\n                                   v-on:click=\"goToPage(totalPages)\">\u00bb<\/a>\r\n                            <\/li>\r\n                        <\/ul>\r\n                    <\/div>\r\n\r\n                <\/div>\r\n            <\/div>\r\n\r\n        <\/section>\r\n    <\/div>\r\n\r\n    <script src=\"https:\/\/cdn.jsdelivr.net\/npm\/vue@2.6.11\/dist\/vue.min.js\"\r\n            integrity=\"sha384-OZmxTjkv7EQo5XDMPAmIkkvywVeXw59YyYh6zq8UKfkbor13jS+5p8qMTBSA1q+F\"\r\n            crossorigin=\"anonymous\"><\/script>\r\n    <script src=\"https:\/\/cdn.jsdelivr.net\/npm\/axios@1.8.4\/dist\/axios.min.js\"\r\n            integrity=\"sha384-06w+raHvkSL3+E7mbQ2X6DZwI5A3veU8Ba+NLrAPxxRGw4Xy78sihHDHQMustMM4\"\r\n            crossorigin=\"anonymous\"><\/script>\r\n    <script type=\"text\/javascript\">\r\n        var app = new Vue({\r\n            el: '#customerReviewApp',\r\n            data: {\r\n                reviews: [],\r\n                totalPages: 0,\r\n                currentPage: 1,\r\n                pagesToShow: 8,\r\n                filterByReviewCategoryType: '',\r\n                showLoader: false,\r\n                lang: null\r\n            },\r\n            computed: {\r\n                visiblePages: function () {\r\n                    var start = Math.max(1, this.currentPage - Math.floor(this.pagesToShow \/ 2));\r\n                    var end = Math.min(this.totalPages, start + this.pagesToShow - 1);\r\n\r\n                    var pages = [];\r\n                    for (let i = start; i <= end; i++) {\r\n                        pages.push(i);\r\n                    }\r\n\r\n                    return pages;\r\n                },\r\n            },\r\n            methods: {\r\n                getReviews: function (n = 1) {\r\n                    var self = this;\r\n                    var url = '\/sales\/index.php\/customerReview\/getReviews';\r\n                    self.reviews = [];\r\n\r\n                    self.showLoader = true;\r\n\r\n                    axios.get(url, {\r\n                        params: {\r\n                            page: n,\r\n                            filterByReviewCategoryType: self.filterByReviewCategoryType,\r\n                            culture: document.getElementsByTagName('html')[0].getAttribute('lang')\r\n                        }\r\n                    })\r\n                        .then(response => {\r\n                            self.totalPages = response.data.totalPages;\r\n                            if (response.data.currentPage) {\r\n                                self.currentPage = parseInt(response.data.currentPage, 10);\r\n                            }\r\n\r\n                            if (response.data.results.length) {\r\n                                self.reviews = response.data.results;\r\n                            }\r\n                            self.showLoader = false;\r\n                        })\r\n                        .catch(error => {\r\n                            self.showLoader = false;\r\n                            console.error(error);\r\n                        });\r\n                },\r\n                goToPage: function (n) {\r\n                    if (n > 0) {\r\n                        this.currentPage = parseInt(n, 10);\r\n                        this.getReviews(n);\r\n                    }\r\n                },\r\n            },\r\n            mounted: function () {\r\n                this.getReviews();\r\n                this.lang = document.getElementsByTagName('html')[0].getAttribute('lang');\r\n            }\r\n        });\r\n    <\/script>\r\n\r\n    <script type=\"text\/javascript\">\r\n        if (location.hash == '#submit-review') {\r\n            showReviewForm();\r\n        }\r\n        ;\r\n\r\n        function showReviewForm() {\r\n            $('#submit-review-form').soiAjaxForm({\"url\": \"\/sales\/index.php\/account\/submitReview?culture=fr_CA\"});\r\n            $('#submit-review-section').removeClass('hidden').show();\r\n            $('#show-review-form-button').hide();\r\n        }\r\n    <\/script>\r\n\r\n<\/main>\r\n\r\n<style>\r\n    .card-grid-by-2 {\r\n        display: grid;\r\n        grid-template-columns: repeat(auto-fit, minmax(500px, 1fr));\r\n        grid-column-gap: 1em;\r\n        grid-row-gap: 0;\r\n    }\r\n<\/style>","protected":false},"excerpt":{"rendered":"<p>avis de nos clients Vous vous demandez ce que les gens disent de nous? Ci-dessous vous pouvez lire \u00a0\u00e9valuations de la part de nos clients qui nous ont \u00e9t\u00e9 soumis directement, avec une cote moyenne de \u00a0\u00e9toiles sur 5. Vous pouvez \u00e9galement lire des critiques \u00e0 notre sujet sur les sites web suivants en cliquant [&hellip;]<\/p>\n","protected":false},"author":2,"featured_media":0,"parent":0,"menu_order":96,"comment_status":"open","ping_status":"open","template":"","meta":{"_acf_changed":false,"footnotes":""},"class_list":["post-47577","page","type-page","status-publish","hentry"],"acf":[],"_links":{"self":[{"href":"https:\/\/www.squareone.ca\/fr\/wp-json\/wp\/v2\/pages\/47577","targetHints":{"allow":["GET"]}}],"collection":[{"href":"https:\/\/www.squareone.ca\/fr\/wp-json\/wp\/v2\/pages"}],"about":[{"href":"https:\/\/www.squareone.ca\/fr\/wp-json\/wp\/v2\/types\/page"}],"author":[{"embeddable":true,"href":"https:\/\/www.squareone.ca\/fr\/wp-json\/wp\/v2\/users\/2"}],"replies":[{"embeddable":true,"href":"https:\/\/www.squareone.ca\/fr\/wp-json\/wp\/v2\/comments?post=47577"}],"version-history":[{"count":33,"href":"https:\/\/www.squareone.ca\/fr\/wp-json\/wp\/v2\/pages\/47577\/revisions"}],"predecessor-version":[{"id":77835,"href":"https:\/\/www.squareone.ca\/fr\/wp-json\/wp\/v2\/pages\/47577\/revisions\/77835"}],"wp:attachment":[{"href":"https:\/\/www.squareone.ca\/fr\/wp-json\/wp\/v2\/media?parent=47577"}],"curies":[{"name":"wp","href":"https:\/\/api.w.org\/{rel}","templated":true}]}}