{"id":47625,"date":"2021-05-31T11:57:29","date_gmt":"2021-05-31T18:57:29","guid":{"rendered":"https:\/\/www.squareone.ca\/biens-speciaux"},"modified":"2026-02-10T15:29:25","modified_gmt":"2026-02-10T23:29:25","slug":"biens-speciaux","status":"publish","type":"page","link":"https:\/\/www.squareone.ca\/fr\/categories-biens-speciaux","title":{"rendered":"Cat\u00e9gories de biens sp\u00e9ciaux"},"content":{"rendered":"<section class=\"bg-shape-split bg-sub-page-hero\">\r\n\t<div class=\"bg-position\">\r\n\t\t<div class=\"container-fluid\">\r\n\t<h1>Types de biens sp\u00e9ciaux<\/h1>\r\n\t<p class=\"display-4\">Les polices <a href=\"\/fr\/habitation\" title=\"Assurance habitation\">d\u2019assurance habitation<\/a> de Square One vous permettent de souscrire de la protection suppl\u00e9mentaire pour les cat\u00e9gories de biens sp\u00e9ciaux \u00e9num\u00e9r\u00e9s ci-dessous. De cette fa\u00e7on, vous ne payez que pour la protection dont vous avez besoin.<\/p>\r\n\t<ul class=\"list-unstyled link-list display-4\">\r\n\t<li><a href='#bikes'>Bicyclettes, \u00e9quipement sportif + embarcations<\/a><\/li>\r\n\t<li><a href='#business'>Biens \u00e0 usage professionnel<\/a><\/li>\r\n\t<li><a href='#fine-arts'>Objets d\u2019art + objets de collection<\/a><\/li>\r\n\t<li><a href='#jewellery'>Bijoux + montres<\/a><\/li>\r\n\t<ul>\r\n\r\n\t<\/div>\r\n<\/div>\r\n\t<div class=\"bg-bottom\"><\/div>\r\n<\/section>\r\n\r\n\r\n<section id=\"bikes\" class=\"xwide-mobile py-6\">\r\n<div class=\"container-fluid\">\r\n\t<h2>Bicyclettes, \u00e9quipement sportif + embarcations<\/h2>\r\n\t<p>L\u2019\u00e9quipement personnel et portatif utilis\u00e9 pour des activit\u00e9s athl\u00e9tiques ou r\u00e9cr\u00e9atives, dont\u00a0:<\/p> \r\n\r\n\t\t<ul>\r\n\t\t<li>le cyclisme<\/li>\r\n\t\t<li>l\u2019\u00e9quitation<\/li>\r\n\t\t<li>la p\u00eache<\/li>\r\n\t\t<li>le golf<\/li>\r\n\t\t<li>le deltaplane<\/li>\r\n\t\t<li>le hockey<\/li>\r\n\t\t<li>la chasse<\/li>\r\n\t\t<li>la parapente<\/li>\r\n\t\t<li>le tir<\/li>\r\n\t\t<li>le patinage<\/li>\r\n\t\t<li>le ski<\/li>\r\n\t\t<li>la planche \u00e0 neige<\/li>\r\n\t\t<li>le surf<\/li>\r\n\t\t<li>la planche \u00e0 voile<\/li>\r\n\t\t<\/ul>\r\n\r\n\t<p>Les bicyclettes correspondent \u00e0 notre d\u00e9finition d\u2019\u00e9quipement sportif. Les embarcations sont tout appareil commercialement fabriqu\u00e9, \u00e9quip\u00e9 de si\u00e8ges, servant \u00e0 transporter une personne ou des personnes \u00e0 travers un plan d\u2019eau. Cette cat\u00e9gorie de bien sp\u00e9cial comprend \u00e9galement tous les biens connexes, comme les accessoires, l\u2019\u00e9quipement et les remorques. Les bateaux, les cano\u00ebs et les kayaks sont des exemples d\u2019embarcations.<\/p>\r\n\t<p><strong>Le montant de r\u00e8glement maximum pour un seul article de la cat\u00e9gorie bicyclettes, \u00e9quipement sportif ou embarcations est de 3\u00a0000\u00a0$, \u00e0 moins que l\u2019article soit r\u00e9pertori\u00e9 dans votre police.<\/strong><\/p>\r\n<\/div>\r\n<\/section>\r\n\r\n<section id=\"business\" class=\"bg-shape-split shape-grey-curve-up\">\r\n    <div class=\"bg-top\"><\/div>\r\n    <div class=\"bg-position\">\r\n        <div class=\"container-fluid\">\r\n\t\t<h2>Biens \u00e0 usage professionnel<\/h2>\r\n\t\t<p>Il s\u2019agit de tout bien dont vous \u00eates le propri\u00e9taire appartenant aux activit\u00e9s de votre m\u00e9tier, votre profession ou votre emploi ou y destin\u00e9. Cela comprend les appareils photo, les ordinateurs, l\u2019\u00e9quipement sportif et les outils que vous utilisez pour gagner des revenus.<\/p>\r\n\t\t<p><strong>Le montant de r\u00e8glement maximum pour un seul article de la cat\u00e9gorie biens \u00e0 usage professionnel est de 3\u00a0000\u00a0$, \u00e0 moins que l\u2019article soit r\u00e9pertori\u00e9 dans votre police.<\/strong><\/p>\r\n\t<\/div>\r\n<\/div>\r\n    <div class=\"bg-bottom\"><\/div>\r\n<\/section>\r\n\r\n<section id=\"fine-arts\" class=\"xwide-mobile\">\r\n\t<div class=\"container-fluid py-6\">\r\n\t\t<h2>Objets d\u2019art + objets de collection<\/h2>\r\n\t\t\t<p>Il s\u2019agit d\u2019objets d\u2019art visuel consid\u00e9r\u00e9s comme ayant \u00e9t\u00e9 cr\u00e9\u00e9s principalement \u00e0 des fins esth\u00e9tiques et appr\u00e9ci\u00e9s pour leur beaut\u00e9 et leur signification, dont\u00a0:<\/p>\r\n\r\n\t\t\t\t<ul>\r\n\t\t\t\t<li>les tableaux<\/li>\r\n\t\t\t\t<li>les sculptures<\/li>\r\n\t\t\t\t<li>les dessins<\/li>\r\n\t\t\t\t<li>les aquarelles<\/li>\r\n\t\t\t\t<li>les graphismes<\/li>\r\n\t\t\t\t<li>les imprim\u00e9s \u00e0 tirage limit\u00e9<\/li>\r\n\t\t\t\t<li>les autres \u0153uvres difficiles \u00e0 remplacer<\/li>\r\n\t\t\t\t<\/ul>\r\n\r\n\t\t\t<p>Par objets de collection, on entend les articles recueillis dans le cadre d\u2019un passe-temps, pour \u00eatre expos\u00e9s ou \u00e0 titre d\u2019investissement ou de r\u00e9serve de valeur, dont\u00a0:<\/p>\r\n\r\n\t\t\t\t<ul>\r\n\t\t\t\t<li>les collections de cartes de sport<\/li>\r\n\t\t\t\t<li>les collections de bandes dessin\u00e9es<\/li>\r\n\t\t\t\t<li>les collections d\u2019objets de souvenir de sport<\/li>\r\n\t\t\t\t<li>les livres rares ou d\u00e9dicac\u00e9s ou d\u2019\u00e9dition originale<\/li>\r\n\t\t\t\t<li>les collections de pi\u00e8ces de monnaie<\/li>\r\n\t\t\t\t<li>les collections de timbres<\/li>\r\n\t\t\t\t<li>les tapis d\u2019Orient<\/li>\r\n\t\t\t\t<li>les articles en porcelaine<\/li>\r\n\t\t\t\t<li>les articles de cristal haut de gamme<\/li>\r\n\t\t\t\t<li>l\u2019argenterie<\/li>\r\n\t\t\t\t<\/ul>\r\n\r\n\t\t\t<p><strong>Le montant de r\u00e8glement maximum pour un seul article de la cat\u00e9gorie d\u2019objets d\u2019art et d\u2019objets de collection est de 3\u00a0000\u00a0$, \u00e0 moins que l\u2019article soit r\u00e9pertori\u00e9 dans votre police.<\/strong><\/p>\r\n\t<\/div>\r\n<\/section>\r\n\r\n<section id=\"jewellery\" class=\"bg-shape-split shape-grey-curve-up\">\r\n    <div class=\"bg-top\"><\/div>\r\n    <div class=\"bg-position\">\r\n        <div class=\"container-fluid\">\r\n\t\t<h2>Bijoux + montres<\/h2>\r\n\t\t\t<p>Il s\u2019agit d\u2019objets con\u00e7us pour la parure du corps, dont\u00a0:<\/p>\r\n\r\n\t\t\t<ul>\r\n\t\t\t<li>les colliers<\/li>\r\n\t\t\t<li>les bracelets<\/li>\r\n\t\t\t<li>les bagues<\/li>\r\n\t\t\t<li>les boucles d\u2019oreille<\/li>\r\n\t\t\t<li>les montres<\/li>\r\n\t\t\t<li>les montres intelligentes<\/li>\r\n\t\t\t<li>les pierres pr\u00e9cieuses<\/li>\r\n\t\t\t<\/ul>\r\n\r\n\t\t\t<p><strong>Le montant de r\u00e8glement maximum pour un seul article de la cat\u00e9gorie de bijoux et montres est de 6\u00a0000\u00a0$, \u00e0 moins que l\u2019article soit r\u00e9pertori\u00e9 dans votre police.<\/strong><\/p>\r\n\r\n\t<\/div>\r\n <\/div>\r\n    <div class=\"bg-bottom\"><\/div>\r\n<\/section>\r\n\r\n<section id=\"fine-arts\" class=\"xwide-mobile\">\r\n\t<div class=\"container-fluid py-6\">\r\n\t<h2>D\u00e9couvrez comment les clients personnalisent-ils leurs polices<\/h2>\r\n\t<p>Chez Square One, c\u2019est vous qui choisissez les biens sp\u00e9ciaux \u00e0 assurer. R\u00e9sultat : vous ne payez que pour ce dont vous avez besoin. Vous trouverez ci-dessous le pourcentage des clients de Square One qui assurent chaque cat\u00e9gorie de biens sp\u00e9ciaux dans le cadre de leurs polices.<\/p>\r\n\r\n\t<ul>\r\n\t\t<li>18&nbsp;% assurent les bijoux + les montres<\/li>\r\n\t\t<li>9&nbsp;% assurent les bicyclettes, l\u2019\u00e9quipement sportif + les embarcations<\/li>\r\n\t\t<li>9&nbsp;% assurent les objets d\u2019art + les objets de collection<\/li>\r\n\t\t<li>5&nbsp;% assurent les biens \u00e0 usage professionnel<\/li>\r\n\t<\/ul>\r\n\r\n\t<\/div>\r\n<\/section>\r\n\t<section id=\"populate_recent_reviews\" class=\"reviews bg-shape overflow-hidden\">\n\t    <div class=\"container-fluid\">\n\t        <div v-show=\"showLoader\" class=\"text-center mt-6 mb-0\">\n                <div class=\"spinner-border text-primary\" role=\"status\">\n                    <span class=\"visually-hidden\">Loading...<\/span>\n                <\/div>\n            <\/div>\n\t        <div class=\"row\" v-show=\"!showLoader\">\n\t            <div class=\"col-12 col-lg-3 offset-lg-1\">\n\t                <div class=\"h6 mb-3 text-secondary-alt text-uppercase\">\n\t                \tCe que disent nos clients \n                    <\/div>\n\t                <div class=\"mb-4\">\n\t                \t<span class=\"display-1\">{{ totalReviews }}<\/span>\n\t                \t<div class=\"small\">\u00c9valuations v\u00e9rifi\u00e9es <\/div>\n                    <\/div>\n\t                <p>Ne nous croyez pas sur parole. Voici un aper\u00e7u des \u00e9valuations qui alimentent notre cote moyenne de {{ avgScore }} \u00e9toiles sur 5. Vous voulez en lire plus?\nConsulter notre <a href=\"https:\/\/www.squareone.ca\/fr\/evaluations\">page d\u2019\u00e9valuations<\/a>.<\/p>\n\t            <\/div>\n\t            <div class=\"col-12 col-lg-8 pt-4\">\n\t                <div class=\"reviews-carousel w-100\" aria-label=\"Glissez pour voir plus d\u2019\u00e9valuations\">\n\t                    <div class=\"carousel-cell col-12 col-lg-6\" v-for=\"(review,index) in reviews\" :key=\"index\">\n                            <div class=\"card review mb-4\">\n                                <div class=\"card-body\">\n                                    <div class=\"h3\">{{ review.ReviewTitle }}<\/div>\n                                      <div class=\"rating small mb-3\" v-if=\"review.ReviewRating\">\n                                            <span v-for=\"n in 5\">\n                                                <i v-if=\"n <= review.ReviewRating\" class=\"fa fa-star\"><\/i>\n                                                <i v-else class=\"fa fa-star-o\"><\/i>\n                                            <\/span>\n                                    <\/div>\n                                    <div class=\"rating small mb-3\" v-else>\n                                            <span v-for=\"n in 5\">\n                                              <i class=\"fa fa-star-o\"><\/i>\n                                            <\/span>\n                                    <\/div>\n                                    <p>{{ review.SummaryText }}<\/p>\n                                    <div class=\"review-footer\">\n                                        <div class=\"date small text-muted float-end pt-1\">{{ review.ReviewedAt }}<\/div>\n                                        <span class=\"fw-bold me-3\">{{ review.ReviewerName }}<\/span>\n                                        <span class=\"text-muted\">{{ review.ReviewerCity }}, {{ review.ProvinceId }}<\/span>\n                                    <\/div>\n                                   \n                                <\/div>\n                            <\/div>\n                        <\/div>\n                    <\/div>\n                <\/div>\n                <div class=\"col-12 flickity-custom-buttons\"><\/div>\n            <\/div>\n        <\/div>\n\t<\/section>\n\n    <script src=\"https:\/\/cdn.jsdelivr.net\/npm\/vue@2.6.11\/dist\/vue.min.js\"\n        integrity=\"sha384-OZmxTjkv7EQo5XDMPAmIkkvywVeXw59YyYh6zq8UKfkbor13jS+5p8qMTBSA1q+F\"\n        crossorigin=\"anonymous\"><\/script>\n    <script src=\"https:\/\/cdn.jsdelivr.net\/npm\/axios@1.8.4\/dist\/axios.min.js\" \n        integrity=\"sha384-06w+raHvkSL3+E7mbQ2X6DZwI5A3veU8Ba+NLrAPxxRGw4Xy78sihHDHQMustMM4\" \n        crossorigin=\"anonymous\"><\/script>\n\n<script type=\"text\/javascript\">\n    new Vue({\n        el: '#populate_recent_reviews',\n        data: {\n            reviews: [],\n            totalReviews: 0,\n            avgScore: 0,         \n            showLoader: false,\n        },\n     \n        methods: {\n            getReviews : function() {\n                var self = this;\n                var url = '\/sales\/index.php\/customerReview\/getHighlightedReviews';\n                \n                self.reviews = [];\n                self.showLoader = true;\n\n                axios.get(url, {\n                    params: {\n                        culture: \"fr_CA\",                        \n                    }\n                })\n                .then(response => {\n                    self.totalReviews = response.data.totalReviews;\n                    self.avgScore = response.data.avgScore;\n                  \n                    if (response.data.results.length) {\n                        self.reviews = response.data.results;\n                    }\n                    self.showLoader = false;\n                })\n                .catch(error => {\n                    self.showLoader = false;\n                    console.log(error);\n                });\n            }          \n        },\n        mounted: function () {\n            this.getReviews();\n        }\n    });\n<\/script>\r\n\t<section class=\"footer-cta bg-shape mt-6\">\n\t    <div class=\"container-fluid\">\n\t        <div class=\"row\">\n\t            <div class=\"col-10 offset-1 col-lg-8 offset-lg-2 text-center\">\n\t                <div class=\"h6 text-secondary-alt text-uppercase mb-4\">vous \u00eates en bonne compagnie <\/div>\n\t                <div class=\"h2 text-uc-first mb-4\">Joignez-vous \u00e0 plus de 3 000 000 de clients qui ont re\u00e7u une soumission en assurance habitation de notre part.<\/div>\n\t\t\t\t\t<div id=\"sq1-qw-9a4b9c46d32d\" class=\"sq1-quote-widget\" data-quote-widget-type=\"HOME\" data-has-custom-text=\"true\" style=\"min-height: 68px; height: auto\"><\/div>\n\t                <p class=\"text-uc-first\">D\u00e9couvrez \u00e0 quel point l'assurance habitation est abordable \u00e0 l'aide d'une soumission en ligne en 5 minutes.<\/p>\n\t                <p class=\"text-light small text-uc-first\">Avant de commencer, veuillez lire notre <a href=\"https:\/\/www.squareone.ca\/fr\/politique-confidentialite\" target=\"_blank\" rel=\"noreferrer noopener\">Politique de confidentialit\u00e9<\/a> et nos <a href=\"https:\/\/www.squareone.ca\/fr\/conditions-utilisation\" target=\"_blank\" rel=\"noreferrer noopener\">Conditions d\u2019utilisation<\/a>.<\/p>\n\t            <\/div>\n\t        <\/div>\n\t    <\/div>\n\t    <div class=\"locations position-absolute fw-bold w-100 text-center pb-6 px-3\">Une compagnie canadienne exploit\u00e9e par des Canadiens. Nous offrons nos services au <a href=\"\/fr\/habitation\/quebec\" class=\"text-grey-900 text-decoration-none\">Qu\u00e9bec<\/a>, en Colombie-Britannique, en Alberta, en Saskatchewan, au Manitoba et en Ontario.<\/div>\n\t<\/section>","protected":false},"excerpt":{"rendered":"<p>Types de biens sp\u00e9ciaux Les polices d\u2019assurance habitation de Square One vous permettent de souscrire de la protection suppl\u00e9mentaire pour les cat\u00e9gories de biens sp\u00e9ciaux \u00e9num\u00e9r\u00e9s ci-dessous. De cette fa\u00e7on, vous ne payez que pour la protection dont vous avez besoin. Bicyclettes, \u00e9quipement sportif + embarcations Biens \u00e0 usage professionnel Objets d\u2019art + objets de [&hellip;]<\/p>\n","protected":false},"author":2,"featured_media":0,"parent":48285,"menu_order":1,"comment_status":"open","ping_status":"closed","template":"","meta":{"_acf_changed":false,"footnotes":""},"class_list":["post-47625","page","type-page","status-publish","hentry"],"acf":[],"_links":{"self":[{"href":"https:\/\/www.squareone.ca\/fr\/wp-json\/wp\/v2\/pages\/47625","targetHints":{"allow":["GET"]}}],"collection":[{"href":"https:\/\/www.squareone.ca\/fr\/wp-json\/wp\/v2\/pages"}],"about":[{"href":"https:\/\/www.squareone.ca\/fr\/wp-json\/wp\/v2\/types\/page"}],"author":[{"embeddable":true,"href":"https:\/\/www.squareone.ca\/fr\/wp-json\/wp\/v2\/users\/2"}],"replies":[{"embeddable":true,"href":"https:\/\/www.squareone.ca\/fr\/wp-json\/wp\/v2\/comments?post=47625"}],"version-history":[{"count":12,"href":"https:\/\/www.squareone.ca\/fr\/wp-json\/wp\/v2\/pages\/47625\/revisions"}],"predecessor-version":[{"id":78214,"href":"https:\/\/www.squareone.ca\/fr\/wp-json\/wp\/v2\/pages\/47625\/revisions\/78214"}],"up":[{"embeddable":true,"href":"https:\/\/www.squareone.ca\/fr\/wp-json\/wp\/v2\/pages\/48285"}],"wp:attachment":[{"href":"https:\/\/www.squareone.ca\/fr\/wp-json\/wp\/v2\/media?parent=47625"}],"curies":[{"name":"wp","href":"https:\/\/api.w.org\/{rel}","templated":true}]}}