{"id":47758,"date":"2021-06-14T11:51:55","date_gmt":"2021-06-14T18:51:55","guid":{"rendered":"https:\/\/www.squareone.ca\/a-propos-de-nous"},"modified":"2026-03-27T10:15:11","modified_gmt":"2026-03-27T17:15:11","slug":"a-propos-de-nous","status":"publish","type":"page","link":"https:\/\/www.squareone.ca\/fr\/a-propos-de-nous","title":{"rendered":"\u00c0 propos de nous"},"content":{"rendered":"<main>\r\n<section class=\"bg-shape-split bg-sub-page-hero\">\r\n    <div class=\"bg-position\">\r\n        <div class=\"container-fluid\">\r\n            <div class=\"row align-items-center pt-lg-8\">\r\n                <div class=\"col-12 col-md-6 col-lg-5 offset-lg-1\">\r\n                    <div class=\"h6 mb-4 text-secondary-alt text-uppercase\">La mission de Square One<\/div>\r\n              <h1 class=\"mb-3\">Nous transformons la fa\u00e7on dont vous voyez l\u2019assurance<\/h1>\r\n              <p>Si vous lisez les \u00e9nonc\u00e9s de vision, de mission et de valeurs de diverses compagnies, vous remarquerez qu\u2019ils sont assez semblables. Effectivement, il est difficile de distinguer une compagnie d\u2019une autre.<\/p>\r\n              <p>Chez Square One, nous suivons trois principes simples.<\/p>\r\n              <ol class=\"mb-5\">\r\n                 <li>Traiter les gens avec respect<\/li>\r\n                 <li>Prendre en charge et r\u00e9soudre les probl\u00e8mes<\/li>\r\n                 <li>Faire preuve de cr\u00e9ativit\u00e9 et prendre des risques calcul\u00e9s<\/li>\r\n              <\/ol>\r\n              <a href=\"#intro\"><img loading=\"lazy\" decoding=\"async\" src=\"\/sales\/images\/icons\/icon-arrow-down.svg\" width=\"16\" height=\"16\"><\/a>\r\n          <\/div>\r\n          <div class=\"col-12 col-md-6\">\r\n              <img decoding=\"async\" src=\"https:\/\/cdn.squareone.ca\/wp-content\/uploads\/2026\/01\/12170822\/Front1_Cropped-2.png\" alt=\"Aire de r\u00e9ception du bureau de Square One\" class=\"img-fluid\">\r\n          <\/div>                   \r\n      <\/div>                       \r\n    <\/div>      \r\n    <\/div>\r\n    <div class=\"bg-bottom\"><\/div>\r\n<\/section>\r\n    \r\n    <section id=\"intro\" class=\"py-5 mb-3\">\r\n        <div class=\"container-fluid\">\r\n            <div class=\"row\">\r\n                <div class=\"col-12 col-lg-11 offset-lg-1\">\r\n                    <div class=\"h6 mb-4 text-secondary-alt text-uppercase\">Tout ce que vous voulez savoir<\/div>\r\n                <\/div>\r\n                <div class=\"col-12 col-lg-6 offset-lg-1 mb-5\">\r\n                    <p class=\"display-4\"><strong>Assurances Square One<\/strong> est une agence (ou courtage) d\u2019assurance enti\u00e8rement canadienne qui dessert le Qu\u00e9bec, la Colombie-Britannique, l\u2019Alberta, la Saskatchewan, le Manitoba et l\u2019Ontario.<\/p>\r\n                    <p class=\"display-4\">Nous sommes <a href=\"https:\/\/cdn.squareone.ca\/wp-content\/uploads\/2021\/06\/10053700\/Lettre-dautorisation-Assurances-Square-One.pdf\" title=\"T\u00e9l\u00e9charger la lettre d\u2019autorisation\" target='new' rel=\"noopener noreferrer\">autoris\u00e9s<\/a> \u00e0 d\u00e9livrer, \u00e0 facturer et \u00e0 g\u00e9rer des polices au nom de nos souscripteurs. Pour l\u2019assurance habitation, nous repr\u00e9sentons la Compagnie mutuelle d\u2019assurance incendie de la Colombie-Britannique. Pour l\u2019assurance auto, nous repr\u00e9sentons la Zurich Compagnie d\u2019Assurances SA. Lisez la suite pour d\u00e9couvrir Square One.<\/p>\r\n                <\/div>\r\n                <div class=\"col-12 col-lg-4 offset-lg-1\">\r\n                    <p class=\"mb-2\"><strong>Nous sommes autoris\u00e9s et r\u00e9gis par :<\/strong><\/p>\r\n                    <ul class=\"list-unstyled link-list\">\r\n                <li><a href=\"https:\/\/lautorite.qc.ca\/grand-public\/registres\" target=\"_blank\" rel=\"noopener noreferrer\" title=\"Autorit\u00e9 des March\u00e9s Financiers\">Autorit\u00e9 des March\u00e9s Financiers<\/a><\/li>\r\n                        <li><a href=\"https:\/\/licensing.abcouncil.ab.ca\/#!\/aglookup\/10836878\/view\" target=\"_blank\" rel=\"noopener noreferrer\" title=\"Alberta Insurance Council\">Alberta Insurance Council<\/a><\/li>\r\n                        <li><a href=\"https:\/\/www.fsco.gov.on.ca\/fr\/service-providers\/pages\/public-registry.aspx\" target=\"_blank\" rel=\"noopener noreferrer\" title=\"Autorit\u00e9 ontarienne de r\u00e9glementation des services financiers\">Autorit\u00e9 ontarienne de r\u00e9glementation des services financier<\/a><\/li>\r\n                        <li><a href=\"https:\/\/portal.insurancecouncilofbc.com\/licenseedirectory\/\" target=\"_blank\" rel=\"noopener noreferrer\" title=\"Insurance Council of British Columbia\">Insurance Council of British Columbia<\/a><\/li>\r\n                        <li><a href=\"https:\/\/www.icm.mb.ca\/agent-agency-search\" target=\"_blank\" rel=\"noopener noreferrer\" title=\"Insurance Council of Manitoba\">Insurance Council of Manitoba<\/a><\/li>\r\n                        <li><a href=\"https:\/\/licenseesearch.skcouncil.sk.ca\/\" target=\"_blank\" rel=\"noopener noreferrer\" title=\"Insurance Councils of Saskatchewan\">Insurance Councils of Saskatchewan<\/a><\/li>\r\n                    <\/ul>\r\n                <\/div>\r\n                <div class=\"col-12 col-lg-9 offset-lg-1 mt-5 pt-5\">\r\n                    <div class=\"row\">\r\n                        <div class=\"col-12 col-md-4 mb-5\">\r\n                            <img decoding=\"async\" src=\"\/sales\/images\/icons\/icon-people.svg\" class=\"mb-3\" alt=\"People icon\" width=\"43\">\r\n                            <h4>\u00c9quipe de direction<\/h4>\r\n                            <p>Une compagnie n\u2019est rien sans l\u2019\u00e9quipe qui l\u2019exploite. Vous d\u00e9couvrirez que Square One est compos\u00e9e d\u2019une \u00e9quipe de professionnels qui ont travaill\u00e9 dans le secteur de l\u2019assurance pendant de nombreuses ann\u00e9es.<\/p>\r\n                            <p>Cliquez sur le lien ci-dessous pour voir des photos et des courtes bios de nos dirigeants et des membres de notre conseil d\u2019administration.<\/p> Consultez notre page <a href=\"\/fr\/nous-contacter\" title=\"Nous contacter\">Nous contacter<\/a> pour voir une liste compl\u00e8te de notre \u00e9quipe enti\u00e8re.<\/p>\r\n                            <p><a href=\"https:\/\/www.squareone.ca\/about-us\/team-members\" class=\"arrow-link mb-2\">Membres de l\u2019\u00e9quipe<\/a><br>\r\n                            <a href=\"https:\/\/www.squareone.ca\/about-us\/experts\" class=\"arrow-link mb-2\">Experts<\/a><\/p>\r\n                        <\/div>\r\n                        <div class=\"col-12 col-md-4 mb-5\">\r\n                            <img decoding=\"async\" src=\"\/sales\/images\/icons\/icon-shield_blue.svg\" class=\"mb-3\" alt=\"Shield icon\" width=\"43\">\r\n                            <h4>Fournisseurs cl\u00e9s<\/h4>\r\n                            <p>Il faut un groupe de compagnies \u00e9troitement align\u00e9es pour livrer les meilleures polices d\u2019assurance habitation et auto en Am\u00e9rique du Nord. Square One a des relations de longue date avec ses fournisseurs de souscription et de services de r\u00e9clamation.<\/p>\r\n                            <p>Pour obtenir des renseignements sur un fournisseur sp\u00e9cifique, veuillez cliquer sur les liens ci-dessous.<\/p>\r\n                            <p><a href=\"\/fr\/souscripteurs\" title=\"Souscripteurs\" class=\"arrow-link mb-2\">Souscripteurs<\/a><br>\r\n                               <a href=\"https:\/\/www.squareone.ca\/home-insurance-claims-suppliers\" title=\"Fournisseurs de services de r\u00e9clamation en assurance habitation\" class=\"arrow-link mb-2\">Fournisseurs de services de r\u00e9clamation<\/a><\/p>\r\n                        <\/div>\r\n                        <div class=\"col-12 col-md-4 mb-5\">\r\n                            <img decoding=\"async\" src=\"\/sales\/images\/icons\/icon-briefcase.svg\" class=\"mb-3\" alt=\"Briefcase icon\" width=\"43\">\r\n                            <h4>Possibilit\u00e9s de carri\u00e8re<\/h4>\r\n                            <p>Vous songez \u00e0 une carri\u00e8re en assurance? Vous voulez collaborer avec une \u00e9quipe soud\u00e9e o\u00f9 votre expertise est respect\u00e9e et estim\u00e9e? Si c\u2019est le cas, Square One pourrait \u00eatre l\u2019employeur id\u00e9al pour vous.<\/p>\r\n                            <p>Cliquez sur le lien ci-dessous pour d\u00e9couvrir la culture de travail de Square One.<\/p>\r\n                            <p><a href=\"https:\/\/www.squareone.ca\/careers\" class=\"arrow-link mb-2\">Travailler chez Square One<\/a><br><\/p>\r\n                        <\/div>\r\n                    <\/div>\r\n                <\/div>\r\n            <\/div>\r\n        <\/div>\r\n    <\/section>\r\n    \r\n    <section class=\"bg-shape shape-big-grey xwide-mobile mb-5\">\r\n        <div class=\"container-fluid\">\r\n            <div class=\"row\">\r\n                <div class=\"col-12 col-lg-8 offset-lg-1 pb-5\">\r\n                    <div class=\"h6 text-secondary-alt text-uppercase\">Notre histoire<\/div>\r\n                    <p class=\"display-4\"><strong>Square One<\/strong> a ouvert ses portes le 5 janvier 2011. La compagnie a \u00e9t\u00e9 lanc\u00e9e par une \u00e9quipe de professionnels chevronn\u00e9s qui, apr\u00e8s des ann\u00e9es de travailler dans le secteur de l\u2019assurance, ont r\u00e9alis\u00e9 que l\u2019assurance habitation traditionnelle ne comblait pas les besoins de la majorit\u00e9 des consommateurs.<\/p>\r\n                <\/div>\r\n                <div class=\"col-12 col-lg-9 offset-lg-1 pb-5\">\r\n                    <div class=\"row mb-5\">\r\n                        <div class=\"col-12 col-md-4\">\r\n                            <p>La plupart des industries \u2014 du commerce au d\u00e9tail des produits \u00e9lectroniques au secteur banquier, en passant par les t\u00e9l\u00e9communications \u2014 ont \u00e9volu\u00e9 au cours des 20 derni\u00e8res ann\u00e9es. Le secteur de l\u2019assurance, en revanche, n\u2019a gu\u00e8re chang\u00e9 depuis les ann\u00e9es 1970. Sans le fardeau des processus et syst\u00e8mes d\u00e9mod\u00e9s, Square One a pu supprim\u00e9 les complexit\u00e9s inutiles des polices traditionnelles. Nous avons rendu la personnalisation des polices \u00e0 la fois pratique et facile pour le public, tout en offrant des primes int\u00e9ressantes.<\/p>\r\n                        <\/div>\r\n                        <div class=\"col-12 col-md-4 mb-5\">\r\n                            <p>Depuis ses d\u00e9buts, Square One n\u2019a pas cess\u00e9 de cro\u00eetre\u00a0: le public adore l\u2019id\u00e9e d\u2019une assurance habitation simple, personnalisable et en ligne. Apr\u00e8s avoir lanc\u00e9 l\u2019assurance habitation au Qu\u00e9bec en 2021, nous voulions avoir le m\u00eame succ\u00e8s en offrant l\u2019assurance auto (nos client \u00e9taient nombreux \u00e0 nous la demander). En 2023, nous avons lanc\u00e9 l\u2019assurance auto en ligne en Ontario, Suivi par le Qu\u00e9bec en 2024.<\/p>\r\n                        <\/div>\r\n                        <div class=\"col-12 col-md-4 mb-5\">\r\n                            <p>Comme nous l\u2019avons mentionn\u00e9 ci-dessus, Square One est une agence (ou courtage) d\u2019assurance autoris\u00e9e. Notre compagnie et nos employ\u00e9s sont autoris\u00e9s \u00e0 travailler dans les territoires que nous desservons. Les polices sont vendues et g\u00e9r\u00e9es au t\u00e9l\u00e9phone et en ligne depuis notre si\u00e8ge social \u00e0 Vancouver (Colombie-Britannique). Square One n\u2019est membre d\u2019aucune association d\u2019assurance.<\/p>\r\n                        <\/div>\r\n                    <\/div>\r\n                <\/div>\r\n            <\/div>\r\n        <\/div>\r\n    <\/section>  \r\n    \r\n    <section class=\"py-6\">\r\n        <div class=\"container-fluid\">\r\n            <div class=\"row\">\r\n                <div class=\"col-12 col-lg-10 offset-lg-1\">\r\n                    <div class=\"h6 text-secondary-alt text-uppercase\">Si\u00e8ge social<\/div>\r\n                    <p class=\"display-4\">Les services de vente et de soutien sont bas\u00e9s \u00e0 notre si\u00e8ge social \u00e0 Vancouver (Colombie-Britannique). La plupart de nos fonctions sont centralis\u00e9es; de cette mani\u00e8re, nous pouvons contr\u00f4ler nos co\u00fbts pour vous offrir les \u00e9conomies en d\u00e9coulant. Nous utilisons des experts en sinistres locaux et des fournisseurs bas\u00e9s dans les collectivit\u00e9s qu\u2019ils desservent. Square One s\u2019engage \u00e0 assurer l\u2019acc\u00e8s et la participation \u00e9quitables des personnes handicap\u00e9es. Cliquez sur le lien suivant pour obtenir de plus amples renseignements sur notre engagement envers <a href=\"\/fr\/accessibilite title=\"Accessibilit\u00e9\">l\u2019accessibilit\u00e9<\/a>.<\/p>\r\n                    <p><img decoding=\"async\" src=\"https:\/\/cdn.squareone.ca\/wp-content\/uploads\/2026\/01\/12165309\/Front-2_V3.png\" alt=\"Si\u00e8ge social de Square One\" class=\"pt-2 img-fluid\"><\/p>\r\n                <\/div>\r\n            <\/div>\r\n        <\/div>\r\n    <\/section>\r\n<main>\r\n\r\n<script type=\"application\/ld+json\">\r\n{\r\n  \"@context\": \"https:\/\/schema.org\",\r\n  \"@type\": \"InsuranceAgency\",\r\n  \"@id\": \"https:\/\/www.squareone.ca\/fr\/a-propos-de-nous#organization\",\r\n  \"name\": \"Assurances Square One\",\r\n  \"url\": \"https:\/\/www.squareone.ca\/fr\/a-propos-de-nous\",\r\n  \"logo\": \"https:\/\/cdn.squareone.ca\/wp-content\/uploads\/2021\/04\/09094743\/square-one-logomark-default-md-1.png\",\r\n  \"description\": \"Assurances Square One est une agence d\u2019assurance enti\u00e8rement canadienne qui distribue des polices d\u2019assurance habitation et auto personnalisables. L\u2019assurance habitation est offerte au Qu\u00e9bec, en Colombie-Britannique, en Alberta, en Saskatchewan, au Manitoba et en Ontario et souscrite par la Compagnie mutuelle d\u2019assurance incendie de la Colombie-Britannique. L\u2019assurance auto est offerte au Qu\u00e9bec et en Ontario et souscrite par la Zurich Compagnie d\u2019Assurances SA (succursale canadienne). L\u2019assurance protection juridique est souscrite par la HDI Global Assurance Sp\u00e9cialit\u00e9s SE.\",\r\n  \"address\": {\r\n    \"@type\": \"PostalAddress\",\r\n    \"streetAddress\": \"1410-650 W Georgia St\",\r\n    \"addressLocality\": \"Vancouver\",\r\n    \"addressRegion\": \"BC\",\r\n    \"postalCode\": \"V6B 4N8\",\r\n    \"addressCountry\": \"CA\"\r\n  },\r\n  \"telephone\": \"+1-855-331-6933\",\r\n  \"feesAndCommissionsSpecification\": \"https:\/\/www.squareone.ca\/fr\/a-propos-de-nous\",\r\n  \"areaServed\": [\r\n    { \"@type\": \"AdministrativeArea\", \"name\": \"British Columbia\" },\r\n    { \"@type\": \"AdministrativeArea\", \"name\": \"Alberta\" },\r\n    { \"@type\": \"AdministrativeArea\", \"name\": \"Saskatchewan\" },\r\n    { \"@type\": \"AdministrativeArea\", \"name\": \"Manitoba\" },\r\n    { \"@type\": \"AdministrativeArea\", \"name\": \"Ontario\" },\r\n    { \"@type\": \"AdministrativeArea\", \"name\": \"Qu\u00e9bec\" }\r\n  ],\r\n   \"sameAs\": [\r\n        \"https:\/\/www.facebook.com\/squareoneinsurance\",\r\n        \"https:\/\/x.com\/1sq1\",\r\n        \"https:\/\/www.linkedin.com\/company\/square-one-insurance\",\r\n        \"https:\/\/www.youtube.com\/user\/square1insurance\",\r\n        \"https:\/\/www.instagram.com\/squareoneinsurance\/\"\r\n      ]\r\n}\r\n<\/script>\r\n","protected":false},"excerpt":{"rendered":"<p>La mission de Square One Nous transformons la fa\u00e7on dont vous voyez l\u2019assurance Si vous lisez les \u00e9nonc\u00e9s de vision, de mission et de valeurs de diverses compagnies, vous remarquerez qu\u2019ils sont assez semblables. Effectivement, il est difficile de distinguer une compagnie d\u2019une autre. Chez Square One, nous suivons trois principes simples. Traiter les gens [&hellip;]<\/p>\n","protected":false},"author":2,"featured_media":0,"parent":0,"menu_order":7,"comment_status":"open","ping_status":"open","template":"","meta":{"_acf_changed":false,"footnotes":""},"class_list":["post-47758","page","type-page","status-publish","hentry"],"acf":[],"_links":{"self":[{"href":"https:\/\/www.squareone.ca\/fr\/wp-json\/wp\/v2\/pages\/47758","targetHints":{"allow":["GET"]}}],"collection":[{"href":"https:\/\/www.squareone.ca\/fr\/wp-json\/wp\/v2\/pages"}],"about":[{"href":"https:\/\/www.squareone.ca\/fr\/wp-json\/wp\/v2\/types\/page"}],"author":[{"embeddable":true,"href":"https:\/\/www.squareone.ca\/fr\/wp-json\/wp\/v2\/users\/2"}],"replies":[{"embeddable":true,"href":"https:\/\/www.squareone.ca\/fr\/wp-json\/wp\/v2\/comments?post=47758"}],"version-history":[{"count":41,"href":"https:\/\/www.squareone.ca\/fr\/wp-json\/wp\/v2\/pages\/47758\/revisions"}],"predecessor-version":[{"id":78666,"href":"https:\/\/www.squareone.ca\/fr\/wp-json\/wp\/v2\/pages\/47758\/revisions\/78666"}],"wp:attachment":[{"href":"https:\/\/www.squareone.ca\/fr\/wp-json\/wp\/v2\/media?parent=47758"}],"curies":[{"name":"wp","href":"https:\/\/api.w.org\/{rel}","templated":true}]}}