{"id":47831,"date":"2021-06-15T10:35:54","date_gmt":"2021-06-15T17:35:54","guid":{"rendered":"https:\/\/www.squareone.ca\/choisir-la-franchise-appropriee"},"modified":"2026-03-18T13:22:11","modified_gmt":"2026-03-18T20:22:11","slug":"choisir-la-franchise-appropriee","status":"publish","type":"page","link":"https:\/\/www.squareone.ca\/fr\/centres-ressources\/bases-assurance\/choisir-la-franchise-appropriee","title":{"rendered":"Qu\u2019est-ce qu\u2019une franchise et quelles sont les solutions propos\u00e9es?"},"content":{"rendered":"<main>\r\n<section id='intro' class=\"bg-shape-split bg-sub-page-hero\">\r\n    <div class=\"bg-position\">\r\n        <div class=\"container-fluid\">\r\n            <div class=\"row align-items-center\">\r\n                <div class=\"col-12 col-lg-8\">\r\n                    <h1>Qu\u2019est-ce qu\u2019une franchise et quelles sont les solutions propos\u00e9es?<\/h1>\r\n  <strong>Article r\u00e9dig\u00e9 par l'\u00e9quipe de Square One<\/strong>\r\n\t\t\t\t\t<p><strong>Article \u00e9valu\u00e9 par <a href=\"https:\/\/www.squareone.ca\/about-us\/experts\/daniel-mirkovic\" title=\"Expert : Daniel Mirkovic\">Daniel Mirkovic<\/a><\/strong><\/p>\r\n\t\t\t\t\t<p class=\"pb-4\" style=\"margin-top:-24px\">Mis \u00e0 jour le 17 juin 2024<\/p>\t\t\r\n                <\/div>\r\n            <\/div>\r\n\r\n            <div class=\"row\">\r\n                <div class=\"col-lg-8\">\r\n                    <p class=\"display-4\">\u00ab\u00a0La pr\u00e9sente Police comprend des dispositions qui pourraient limiter le montant des r\u00e8glements\u00a0\u00bb. Vous avez sans doute vu cette phrase \u00e0 la premi\u00e8re page de la plupart des polices d\u2019assurance habitation, mais vous \u00eates-vous demand\u00e9 ce qu\u2019elle signifie au juste?<\/p>\r\n                    <p class=\"display-4\">Cet \u00e9nonc\u00e9 est un rappel que votre police comprend une franchise, ce qui repr\u00e9sente le montant de tout sinistre assur\u00e9 que vous \u00eates tenu de r\u00e9gler; votre assurance r\u00e9glera le montant restant. La plupart des r\u00e9clamations sont assujetties \u00e0 une franchise. Le montant de la franchise varie en fonction de la police de votre fournisseur d\u2019assurance, ainsi que les d\u00e9cisions que vous avez prises au moment de souscrire votre couverture.<\/p>\r\n                    <p class=\"pt-2\"><img loading=\"lazy\" decoding=\"async\" src=\"https:\/\/cdn.squareone.ca\/wp-content\/uploads\/2021\/10\/18144537\/Choosing-the-right-deductible-1-scaled.jpg\" title=\"Qu\u2019est-ce qu\u2019une franchise et quelles sont les solutions propos\u00e9es?\" alt=\"Choisir la franchise appropri\u00e9e\" width=\"248\" height=\"186\" class=\"img-fluid\" rel=\"noopener noreferrer\" \/><\/p>              \r\n                <\/div>\r\n\r\n                <div class=\"col-lg-3 offset-lg-1\">          \r\n                    <p class=\"mb-2 display-4 pt-4 pt-lg-0 pt-mb-0\"><strong>Th\u00e8mes<\/strong><\/p>\r\n                        <ul class=\"list-unstyled link-list display-4\">\r\n                            <li><a href=\"#comment-fonctionnent\">Comment fonctionnent les franchises<\/a><\/li>\r\n                            <li><a href=\"#different-types\">Les diff\u00e9rents types de franchises<\/a><\/li>\r\n                            <li><a href=\"#plus-ou-moins\">Faut-il choisir une franchise plus \u00e9lev\u00e9e ou une franchise moins \u00e9lev\u00e9e?<\/a><\/li>\r\n                            <li><a href=\"#FAQ\">Questions fr\u00e9quemment pos\u00e9es<\/a><\/li>\r\n                        <\/ul>\r\n                <\/div>\r\n            <\/div>  \r\n        <\/div>\r\n    <\/div>\r\n    <div class=\"bg-bottom\"><\/div>\r\n<\/section>\r\n\r\n<section>\r\n    <div class=\"container-fluid py-6\">\r\n        <div class=\"row\">\r\n            <div class=\"col-12 col-lg-8\">\r\n  <div class=\"row pb-6\">\r\n                    <div class=\"col-12\">\r\n                        <div class=\"card review\" style='background-color:#FFE0C9'>\r\n                            <div class=\"card-body\">\r\n                                <p class=\"h3\">L&rsquo;essentiel<\/p>\r\n                                <ul class='mb-0'>\r\n                                    <li>Dans le cadre d&rsquo;une police d&rsquo;assurance habitation, la franchise est le montant que le titulaire de police doit payer lorsque celui-ci pr\u00e9sente une r\u00e9clamation.<\/li>\r\n                                    <li>D&rsquo;habitude, les polices comprennent une franchise normale qui s&rsquo;applique \u00e0 la plupart des sinistres, ainis que plusieurs franchises suppl\u00e9mentaires qui s&rsquo;appliquent \u00e0 des sinistres sp\u00e9cifiques.<\/li>\r\n                                    <li>Une franchise plus \u00e9lev\u00e9e se traduit par une prime plus basse et vice versa.<\/li>\r\n                                <\/ul>\r\n                            <\/div>\r\n                        <\/div>\r\n                    <\/div>\r\n                <\/div>            \t\r\n        \r\n<h2 id=\"comment-fonctionnent\">Comment fonctionnent les franchises\u00a0?<\/h2>\r\n                <p>Chaque police d\u2019assurance comprend une franchise normale applicable \u00e0 toutes les r\u00e9clamations que vous pr\u00e9sentez. Lorsque vous souscrivez une police, vous s\u00e9lectionnez entre plusieurs franchises; g\u00e9n\u00e9ralement, elles vont de 500\u00a0$ \u00e0 5\u00a0000\u00a0$.<\/p>\r\n\r\n                <p>Voici un exemple\u00a0: votre police comprend une franchise normale de 1\u00a0000\u00a0$. Vous subissez 50\u00a0000\u00a0$ de dommages lors d\u2019un incendie de cuisine. Dans ce sc\u00e9nario, vous serez responsable de r\u00e9gler le premier 1\u00a0000\u00a0$. Votre fournisseur d\u2019assurance r\u00e9glera par la suite les 49\u00a0000\u00a0$ restants. Chez Square One, vous pouvez s\u00e9lectionner vos propres <a href=\"https:\/\/www.squareone.ca\/resource-centres\/insurance-glossary\/limit\" title=\"D\u00e9finition : limitation\">limitations de couverture<\/a> et franchises. Par cons\u00e9quent, la franchise s\u2019appliquera \u00e0 la limitation de couverture et non au montant du sinistre si la r\u00e9clamation d\u00e9passe la limitation de couverture.<\/p>\r\n\r\n                <h2 id=\"different-types\">Les diff\u00e9rents types de franchises<\/h2>\r\n                <p>En fonction du fournisseur d\u2019assurance, la police pourrait comprendre plusieurs types de franchises applicables \u00e0 des causes sp\u00e9cifiques de sinistres. Ces franchises aident \u00e0 att\u00e9nuer les co\u00fbts des sinistres dans des territoires plus \u00e0 risque, ce qui permet aux fournisseurs d\u2019assurance d\u2019offrir des primes concurrentielles.<\/p>\r\n\r\n                <p>Les franchises suppl\u00e9mentaires les plus courantes sont les suivantes\u00a0:<\/p>\r\n\r\n                <h3>Franchise pour activit\u00e9s criminelles<\/h3> \r\n                <p>Cette franchise s\u2019applique aux sinistres d\u00e9coulant du vandalisme, de la disparition myst\u00e9rieuse, du cambriolage et du vol. Typiquement, cette franchise s\u2019applique \u00e0 des propri\u00e9t\u00e9s de location et de vacances, qui sont plus vuln\u00e9rables aux activit\u00e9s criminelles, car vous n\u2019\u00eates pas toujours sur les lieux pour assurer leur protection. Elle pourrait \u00e9galement s\u2019appliquer si vous partagez votre habitation avec des personnes sans liens de parent\u00e9 ou si vous participez \u00e0 des <a href=\"https:\/\/www.squareone.ca\/home\/airbnb\" title=\"Assurance habitation Airbnb\">programmes de logement partag\u00e9<\/a>, car les deux situations augmentent la probabilit\u00e9 des dommages provoqu\u00e9s par les activit\u00e9s criminelles. G\u00e9n\u00e9ralement, cette franchise va de 2\u00a0500\u00a0$ \u00e0 10\u00a0000\u00a0$.<\/p>\r\n                    \r\n                <h3>Franchise pour tremblement de terre<\/h3> \r\n                <p>Dans le cas o\u00f9 vous souscrivez une assurance pour tremblement de terre, cette franchise s\u2019applique aux sinistres d\u00e9coulant des pertes ou dommages directs provoqu\u00e9s par un tremblement de terre. La plupart des fournisseurs d\u2019assurance offrent plusieurs franchises pour la <a href=\"\/fr\/habitation\/tremblement-terre\" title=\"Garantie pour tremblement de terre\">souscription de couverture pour tremblement de terre<\/a>. \u00c9tant donn\u00e9 qu\u2019un tremblement de terre provoquerait des pertes catastrophiques dans une r\u00e9gion enti\u00e8re, les options de franchise vont de 2\u00a0500\u00a0$ \u00e0 200\u00a0000\u00a0$.<\/p>\r\n                    \r\n                <h3>Franchise pour bris de verre<\/h3> \r\n                <p>Cette franchise s\u2019applique aux r\u00e9clamations li\u00e9es au verre qui fait partie de votre habitation. Parfois, vous pouvez supprimer cette franchise moyennant une prime suppl\u00e9mentaire.<\/p>\r\n                    \r\n                <h3>Franchise pour Inondation fluviale<\/h3> \r\n                <p>Si votre habitation est admissible \u00e0 la couverture pour inondation fluviale, cette franchise s\u2019applique en cas d\u2019une <a href=\"\/fr\/habitation\/inondation\" title=\"Garantie pour inondation fluviale\">inondation fluviale<\/a>. Elle comprend le refoulement d&rsquo;\u00e9gouts d\u00e9coulant d\u2019une inondation fluviale. G\u00e9n\u00e9ralement, cette franchise va de 2\u00a0500\u00a0$ \u00e0 25\u00a0000\u00a0$, le cas \u00e9ch\u00e9ant.<\/p>\r\n                    \r\n                <h3>Franchise pour temp\u00eate de gr\u00eale<\/h3> \r\n                <p>Cette franchise s\u2019applique aux sinistres d\u00e9coulant d\u2019une temp\u00eate de gr\u00eale. Typiquement, cette franchise s\u2019applique dans les r\u00e9gions pr\u00e9sentant un risque plus \u00e9lev\u00e9 de temp\u00eate de gr\u00eale. G\u00e9n\u00e9ralement, elle est de 5\u00a0000\u00a0$, le cas \u00e9ch\u00e9ant.<\/p>\r\n\t\t\t\t\r\n\t\t\t\t            <\/div>\r\n        <\/div>\r\n    <\/div>\r\n<\/section>\r\n\r\n\t<section class=\"bg-transparent\">\n\t\t<img decoding=\"async\" src=\"\/sales\/images\/bgs\/bg-mid-page-cta-general-top.svg\" style=\"width: 100%; vertical-align: bottom; position: relative; top: 1px\"\/>\n\t\t\n\t\t<div class=\"bg-darkTeal py-3\">\t\t\t\n\t\t\t<div class=\"container-fluid\">\n\t\t\t\t<div class=\"row d-flex align-items-center pb-5\">\n\t\t\t\t\t<div class=\"col-12 col-md-8 offset-md-2 px-lg-5 pb-5 pb-lg-0\">\n\t\t\t\t\t\t<div class=\"h6 mb-4 text-primary text-uppercase text-center\">\n\t\t\t\t\t\t\tCela ne prend que 5\u00a0minutes \n\t\t\t\t\t\t<\/div>\t\t\n\t\t\t\t\t\t\t\t\t\t\t\n\t\t\t\t\t\t<p class=\"lead px-lg-5 text-white\">\n\t\t\t\t\t\t\t<strong class=\"d-inline-block text-uc-first\">Pr\u00eat \u00e0 obtenir une soumission en ligne? <\/strong> Votre temps est aussi pr\u00e9cieux que vos possessions. Obtenez une soumission d'assurance habitation en <strong>5 minutes<\/strong>. C\u2019est moins de temps qu\u2019il n\u2019en faut pour faire la file pour un caf\u00e9.\n\t\t\t\t\t\t<\/p>\t\t\t\n\t\n\t\t\t\t\t\t<div id=\"sq1-qw-591cdeebd048\" class=\"sq1-quote-widget mb-4 text-white\" data-quote-widget-type=\"HOME\" data-has-custom-text=\"true\">\n\t\t\t\t\t\t\t<div class=\"input-group input-group-focus-within bg-white my-4\">\n\t\t\t\t\t\t\t\t<div>\n\t\t\t\t\t\t\t\t\t<div class=\"input-group-text\">\n\t\t\t\t\t\t\t\t\t\t<i class=\"fa fa-map-marker d-block text-black\"><\/i>\n\t\t\t\t\t\t\t\t\t<\/div>\n\t\t\t\t\t\t\t\t<\/div>\n\t\t\t\t\t\t\t\t<input type=\"text\" class=\"form-control\" style=\"padding: 10px;\" placeholder=\"Enter an address\" aria-label=\"Inscrivez votre adresse pour obtenir une soumission\"\/>\n\t\t\t\t\t\t\t\t<div>\n\t\t\t\t\t\t\t\t\t<button class=\"btn btn-primary\">Obtenir une soumission en ligne d\u00e8s maintenant<\/button>\n\t\t\t\t\t\t\t\t<\/div>\n\t\t\t\t\t\t\t<\/div>\n\t\t\t\t\t\t<\/div>\n\t\t\t\t\t\t\n\t\t\t\t\t\t<p class=\"small text-white\">Avant de commencer, veuillez lire notre <a href=\"https:\/\/www.squareone.ca\/fr\/politique-confidentialite\" target=\"_blank\" rel=\"noreferrer noopener\">Politique de confidentialit\u00e9<\/a> et nos <a href=\"https:\/\/www.squareone.ca\/fr\/conditions-utilisation\" target=\"_blank\" rel=\"noreferrer noopener\">Conditions d\u2019utilisation<\/a>.<\/p>\t\n\t\n\t\t\t\t\t\t<script type=\"text\/javascript\">\n\t\t\t\t\t\t(function() {\n\t\t\t\t\t\t\tdocument.addEventListener('soiMiscJsLoaded', function() {\n\t\t\t\t\t\t        $(document).ready(function() {\n\t\t\t\t\t\t\t\t\tsoiQuoteWidget.processFormWidget('\/sales\/index.php\/json_quote_widget?rand=' +Math.random(), 'qwContainer'); \/\/populate quoting widget with content from symfony.\n\t\t\t\t\t\t\t\t});\n\t\t\t\t\t\t\t});\n\t\t\t\t\t\t})();\n\t\t\t\t\t\t<\/script>\n\t\t\t\t\t<\/div>\n\t\t\t\t<\/div>\n\t\t\t<\/div>\n\t\t<\/div>\n\t\t\n\t\t<img decoding=\"async\" src=\"\/sales\/images\/bgs\/bg-mid-page-cta-general-bottom.svg\" style=\"width: 100%; vertical-align: top\"\/>\t\t\n\t<\/section>\r\n\r\n<section>\r\n    <div class=\"container-fluid py-6\">\r\n        <div class=\"row\">\r\n            <div class=\"col-12 col-lg-8\">\r\n\r\n                <h2 id=\"plus-ou-moins\">Faut-il choisir une franchise plus \u00e9lev\u00e9e ou une franchise moins \u00e9lev\u00e9e\u00a0?<\/h2>\r\n                <p>Au moment de s\u00e9lectionner les franchises de votre police, force est de constater qu\u2019une franchise plus \u00e9lev\u00e9e r\u00e9duit normalement la prime annuelle de la police. Ceci s\u2019explique par le fait que les franchises plus \u00e9lev\u00e9es r\u00e9duisent la probabilit\u00e9 des r\u00e9clamations mineures fr\u00e9quentes. En s\u00e9lectionnant une franchise plus \u00e9lev\u00e9e, vous d\u00e9montrez \u00e0 votre fournisseur d\u2019assurance que vous ne comptez pas utiliser votre police pour pr\u00e9senter des r\u00e9clamations mineures et inutiles. En \u00e9change, votre assureur peut vous offrir une <a href=\"https:\/\/www.squareone.ca\/resource-centres\/insurance-basics\/ways-to-save-money\" title=\"9 fa\u00e7ons d\u2019\u00e9conomiser sur votre assurance habitation\">prime moins \u00e9lev\u00e9e<\/a>, car il est peu probable que vous repr\u00e9sentiez une part disproportionn\u00e9e des co\u00fbts des r\u00e9clamations.<\/p>\r\n\r\n                <p>Le fait de ne pas pr\u00e9senter une foule de r\u00e9clamations mineures vous aidera au long terme. Typiquement, la pr\u00e9sentation d\u2019une r\u00e9clamation supprime tout rabais pour un dossier sans sinistre que vous recevez en vertu de votre police, ce qui augmentera vos frais annuels d\u2019assurance. En outre, si vous pr\u00e9sentez fr\u00e9quemment des r\u00e9clamations, vous pouvez engager des suppl\u00e9ments futurs, voire perdre votre couverture, r\u00e9duisant ou m\u00eame supprimant ainsi les r\u00e8glements issus des r\u00e9clamations mineures. Du point de vue financier, vous avez int\u00e9r\u00eat \u00e0 g\u00e9rer votre prime d\u2019assurance en profitant des franchises raisonnablement plus \u00e9lev\u00e9es, tout en \u00e9vitant la pr\u00e9sentation des r\u00e9clamations mineures et inutiles.<\/p>\r\n\r\n                <p>L\u2019assurance est con\u00e7ue pour r\u00e9gler les sinistres importants qui peuvent provoquer des pertes financi\u00e8res significatives \u00e0 votre famille. En choisissant les franchises appropri\u00e9es, vous pouvez b\u00e9n\u00e9ficier des primes d\u2019assurance concurrentielles, tout en pr\u00e9servant votre couverture pour les incidents dont vous en avez vraiment besoin.<\/p>\r\n\r\n<h2 id=\"FAQ\">Questions fr\u00e9quemment pos\u00e9es<\/h2>\r\n                <h3>Quels types d\u2019assurance comportent des franchises\u00a0?<\/h3>\r\n\t\t\t\t<p>Presque tous les types d\u2019assurance ont des franchises. Dans certains cas, il peut y avoir des franchises multiples selon la situation. Outil que la plupart des assureurs utilisent pour contr\u00f4ler leurs co\u00fbts, les franchises font partie de la plupart des polices d\u2019assurance.<\/p>\r\n\t\t\t\t\r\n\t\t\t\t<h3>Comment calcule-t-on les franchises\u00a0?<\/h3>\r\n\t\t\t\t<p>Bon nombre de fournisseurs d\u2019assurance permettent \u00e0 leurs clients de choisir leurs propres montants de franchise. Dans d\u2019autres cas, il est possible que l\u2019assureur applique une franchise diff\u00e9rente selon le types de sinistre. Le fait d\u2019imposer une franchise plus \u00e9lev\u00e9e pour des sinistres \u00e0 haut risque permet aux assureurs d\u2019offrir une couverture dans des situations qui seraient autrement trop \u00e0 risque.<\/p>\r\n\t\t\t\t\r\n\t\t\t\t<h3>Comment puis-je modifier la franchise de mon assurance habitation\u00a0?<\/h3>\r\n\t\t\t\t<p>La plupart des fournisseurs d\u2019assurance permettent \u00e0 leurs clients de changer leur franchise. Il est possible qu\u2019une franchise plus \u00e9lev\u00e9e puisse se traduire par une prime moins \u00e9lev\u00e9e, alors qu\u2019une franchise moins \u00e9lev\u00e9e puisse se traduire par une prime plus \u00e9lev\u00e9e.<\/p>\r\n\r\n\t\t\t\t<p><strong>Vous voulez en savoir plus?<\/strong> Consultez notre <a href=\"\/fr\/centres-ressources\/bases-assurance\" title=\"Centre de ressources : bases de l\u2019assurance habitation\">Centre de ressources&nbsp;: bases de l\u2019assurance habitation<\/a> pour acc\u00e9der \u00e0 des dizaines d\u2019articles pratiques pour vous guider sur les tenants et aboutissants de l\u2019assurance habitation. Ensuite, <a href=\"\/fr\/soumission-assurance-habitation-en-ligne\" title=\"Obtenir une soumission d\u2019assurance habitation en ligne\">obtenez une soumission d'assurance habitation en ligne<\/a> en moins de 5\u00a0minutes et d\u00e9couvrez \u00e0 quel point l\u2019assurance habitation personnalis\u00e9e peut \u00eatre abordable.<\/p>\r\n\r\n\t\t\t\t<div class=\"row py-3\">\r\n<div class=\"col-12\">\r\n<div class=\"card review\" style=\"box-shadow: 0 2px 4px rgba(0,0,0,0.07);background-color:#f4f4f4;\">\r\n<div class=\"card-body\">\r\n\t<p class=\"text-primary h4\">\u00c0 propos de l\u2019expert&nbsp;: Daniel Mirkovic<\/p>\r\n\t<p>Cofondateur de Square One comptant plus de 25&nbsp;ans dans le secteur de l\u2019assurance, Daniel \u00e9tait vice-pr\u00e9sident des services d\u2019assurance et de voyage de la British Columbia Automobile Association (BCAA). Daniel est titulaire d'un baccalaur\u00e9at \u00e8s commerce et d'une ma\u00eetrise \u00e8s administration des affaires, tous deux obtenus \u00e0 la Sauder School of Business de l'universit\u00e9 de la Colombie-Britannique. Daniel est muni de la d\u00e9signation CAAC et d\u2019un certificat en assurance de dommages niveau&nbsp;3 en Colombie-Britannique, en Alberta, en Saskatchewan, au Manitoba et en Ontario.<\/p>\r\n<\/div>\r\n<\/div>\r\n<\/div>\r\n<\/div>             \r\n\r\n<\/div>\r\n    <\/div>\r\n<\/div>\r\n<\/section>\r\n<\/main>\r\n \u00ab\u00a0@type\u00a0\u00bb: \u00ab\u00a0WebPage\u00a0\u00bb,\r\n  \u00ab\u00a0mainEntityOfPage\u00a0\u00bb: {\r\n    \u00ab\u00a0@type\u00a0\u00bb: \u00ab\u00a0Article\u00a0\u00bb,\r\n    \u00ab\u00a0@id\u00a0\u00bb: \u00ab\u00a0https:\/\/www.squareone.ca\/resource-centres\/insurance-basics\/choosing-the-right-deductible\u00a0\u00bb\r\n  },\r\n  \u00ab\u00a0author\u00a0\u00bb: [\r\n    {\r\n      \u00ab\u00a0@type\u00a0\u00bb: \u00ab\u00a0Person\u00a0\u00bb,\r\n      \u00ab\u00a0name\u00a0\u00bb: \u00ab\u00a0Square One team\u00a0\u00bb\r\n    }\r\n  ],\r\n  \u00ab\u00a0reviewedBy\u00a0\u00bb: [\r\n    {\r\n      \u00ab\u00a0@type\u00a0\u00bb: \u00ab\u00a0Person\u00a0\u00bb,\r\n      \u00ab\u00a0name\u00a0\u00bb: \u00ab\u00a0Daniel Mirkovic\u00a0\u00bb,\r\n      \u00ab\u00a0url\u00a0\u00bb: \u00ab\u00a0https:\/\/www.squareone.ca\/fr\/a-propos-de-nous\/experts\/daniel-mirkovic\u00a0\u00bb\r\n    }\r\n  ],\r\n  \u00ab\u00a0headline\u00a0\u00bb: \u00ab\u00a0Qu\u2019est-ce qu\u2019une franchise et quelles sont les solutions propos\u00e9es?\u00a0\u00bb,\r\n  \"datePublished\": \"\",\r\n  \"dateModified\": \"\",\r\n  \u00ab\u00a0inLanguage\u00a0\u00bb: \u00ab\u00a0fr-CA\u00a0\u00bb,\r\n  \u00ab\u00a0isAccessibleForFree\u00a0\u00bb: true\r\n}\r\n<\/script>\r\n<script type=\"application\/ld+json\">\r\n{\r\n  \"@context\": \"https:\/\/schema.org\",\r\n  \"@type\": \"FAQPage\",\r\n  \"mainEntity\": [{\r\n    \"@type\": \"Question\",\r\n    \"name\": \"Comment fonctionnent les franchises ?\",\r\n    \"acceptedAnswer\": {\r\n      \"@type\": \"Answer\",\r\n      \"text\": \"Chaque police d\u2019assurance comprend une franchise normale applicable \u00e0 toutes les r\u00e9clamations que vous pr\u00e9sentez. Lorsque vous souscrivez une police, vous s\u00e9lectionnez entre plusieurs franchises; g\u00e9n\u00e9ralement, elles vont de 500 $ \u00e0 5 000 $. Voici un exemple : votre police comprend une franchise normale de 1 000 $. Vous subissez 50 000 $ de dommages lors d\u2019un incendie de cuisine. Dans ce sc\u00e9nario, vous serez responsable de r\u00e9gler le premier 1 000 $. Votre fournisseur d\u2019assurance r\u00e9glera par la suite les 49 000 $ restants.\"\r\n    }\r\n  },{\r\n    \"@type\": \"Question\",\r\n    \"name\": \"Quels types d\u2019assurance comportent des franchises ?\",\r\n    \"acceptedAnswer\": {\r\n      \"@type\": \"Answer\",\r\n      \"text\": \"Presque tous les types d\u2019assurance ont des franchises. Dans certains cas, il peut y avoir des franchises multiples selon la situation. Outil que la plupart des assureurs utilisent pour contr\u00f4ler leurs co\u00fbts, les franchises font partie de la plupart des polices d\u2019assurance.\"\r\n    }\r\n  },{\r\n    \"@type\": \"Question\",\r\n    \"name\": \"Comment calcule-t-on les franchises ?\",\r\n    \"acceptedAnswer\": {\r\n      \"@type\": \"Answer\",\r\n      \"text\": \"Bon nombre de fournisseurs d\u2019assurance permettent \u00e0 leurs clients de choisir leurs propres montants de franchise. Dans d\u2019autres cas, il est possible que l\u2019assureur applique une franchise diff\u00e9rente selon le types de sinistre. Le fait d\u2019imposer une franchise plus \u00e9lev\u00e9e pour des sinistres \u00e0 haut risque permet aux assureurs d\u2019offrir une couverture dans des situations qui seraient autrement trop \u00e0 risque.\"\r\n    }\r\n  },{\r\n    \"@type\": \"Question\",\r\n    \"name\": \"Comment puis-je modifier la franchise de mon assurance habitation ?\",\r\n    \"acceptedAnswer\": {\r\n      \"@type\": \"Answer\",\r\n      \"text\": \"La plupart des fournisseurs d\u2019assurance permettent \u00e0 leurs clients de changer leur franchise. Il est possible qu\u2019une franchise plus \u00e9lev\u00e9e puisse se traduire par une prime moins \u00e9lev\u00e9e, alors qu\u2019une franchise moins \u00e9lev\u00e9e puisse se traduire par une prime plus \u00e9lev\u00e9e.\"\r\n    }\r\n  }]\r\n}\r\n<\/script>\r\n","protected":false},"excerpt":{"rendered":"<p>Qu\u2019est-ce qu\u2019une franchise et quelles sont les solutions propos\u00e9es? Article \u00e9valu\u00e9 par Daniel Mirkovic \u00ab\u00a0La pr\u00e9sente Police comprend des dispositions qui pourraient limiter le montant des r\u00e8glements\u00a0\u00bb. Vous avez sans doute vu cette phrase \u00e0 la premi\u00e8re page de la plupart des polices d\u2019assurance habitation, mais vous \u00eates-vous demand\u00e9 ce qu\u2019elle signifie au juste? Cet [&hellip;]<\/p>\n","protected":false},"author":2,"featured_media":52878,"parent":50045,"menu_order":10,"comment_status":"open","ping_status":"closed","template":"page-article-new.php","meta":{"_acf_changed":false,"footnotes":""},"class_list":["post-47831","page","type-page","status-publish","has-post-thumbnail","hentry"],"acf":[],"_links":{"self":[{"href":"https:\/\/www.squareone.ca\/fr\/wp-json\/wp\/v2\/pages\/47831","targetHints":{"allow":["GET"]}}],"collection":[{"href":"https:\/\/www.squareone.ca\/fr\/wp-json\/wp\/v2\/pages"}],"about":[{"href":"https:\/\/www.squareone.ca\/fr\/wp-json\/wp\/v2\/types\/page"}],"author":[{"embeddable":true,"href":"https:\/\/www.squareone.ca\/fr\/wp-json\/wp\/v2\/users\/2"}],"replies":[{"embeddable":true,"href":"https:\/\/www.squareone.ca\/fr\/wp-json\/wp\/v2\/comments?post=47831"}],"version-history":[{"count":34,"href":"https:\/\/www.squareone.ca\/fr\/wp-json\/wp\/v2\/pages\/47831\/revisions"}],"predecessor-version":[{"id":78560,"href":"https:\/\/www.squareone.ca\/fr\/wp-json\/wp\/v2\/pages\/47831\/revisions\/78560"}],"up":[{"embeddable":true,"href":"https:\/\/www.squareone.ca\/fr\/wp-json\/wp\/v2\/pages\/50045"}],"wp:featuredmedia":[{"embeddable":true,"href":"https:\/\/www.squareone.ca\/fr\/wp-json\/wp\/v2\/media\/52878"}],"wp:attachment":[{"href":"https:\/\/www.squareone.ca\/fr\/wp-json\/wp\/v2\/media?parent=47831"}],"curies":[{"name":"wp","href":"https:\/\/api.w.org\/{rel}","templated":true}]}}