{"id":47917,"date":"2021-06-21T11:09:26","date_gmt":"2021-06-21T18:09:26","guid":{"rendered":"https:\/\/www.squareone.ca\/a-propos-de-nous\/possibilites-carriere"},"modified":"2026-04-29T08:37:35","modified_gmt":"2026-04-29T15:37:35","slug":"carrieres","status":"publish","type":"page","link":"https:\/\/www.squareone.ca\/fr\/carrieres","title":{"rendered":"Carri\u00e8res"},"content":{"rendered":"\u00a0\r\n\r\n<section class=\"bg-shape-split bg-sub-page-hero\">\r\n\t<div class=\"bg-top\"><\/div>\r\n\t<div class=\"bg-position\">\r\n\t\t<div class=\"container-fluid\">\r\n\t        <div class=\"row\">\r\n\t        \t<div class=\"col-12\">\r\n\t\t\t\t\t<h1 class=\"mb-4\">Possibilit\u00e9s de carri\u00e8re chez Square One<\/h1>\r\n\t\t\t\t<\/div>\r\n\t\t\t<\/div>\r\n\t\t\t<div class=\"row\">\r\n                <div class=\"col-lg-8\">\r\n\t\t\t\t\t<p class=\"display-4\">Rarement, on entend parler de quelqu\u2019un qui d\u00e9sire travailler dans le secteur de l\u2019assurance. En fait, la plupart des professionnels en assurance ont trouv\u00e9 le secteur par hasard. Cela dit, il s\u2019agit d\u2019une industrie passionnante o\u00f9 le travail est fascinant et stimulant. Par ailleurs, l\u2019industrie est g\u00e9n\u00e9ralement \u00e0 l\u2019abri des r\u00e9cessions, car le public a toujours besoin d\u2019assurance. Le secteur de l\u2019assurance joue \u00e9galement un r\u00f4le important dans la soci\u00e9t\u00e9. L\u2019assurance constitue une aide financi\u00e8re pr\u00e9cieuse pour les pertes ou dommages que tr\u00e8s peu de gens pourraient supporter seuls.<\/p>\r\n\t\t\t\t\t<p class=\"display-4\">Si une carri\u00e8re dans le secteur de l\u2019assurance vous int\u00e9resse, vous devriez prendre en consid\u00e9ration Square One. Chez Square One, nous modernisons l\u2019industrie de l\u2019assurance en commen\u00e7ant par l\u2019assurance habitation. Nous offrons l\u2019unique police d\u2019assurance habitation en Am\u00e9rique du Nord adaptable aux besoins de chaque client. Et, par-dessus le march\u00e9, nous respectons nos employ\u00e9s.<\/p>\r\n<p class=\"display-4\">Square One accepte et encourage les demandes des personnes handicap\u00e9es. Les candidats participant \u00e0 un concours de s\u00e9lection peuvent acc\u00e9der \u00e0 des mesures d\u2019adaptation pendant toutes les \u00e9tapes du processus. Cliquez sur le lien suivant pour obtenir de plus amples renseignements sur notre engagement envers <a href=\"\/fr\/accessibilite\" title=\"Accessibilit\u00e9\">l\u2019accessibilit\u00e9<\/a>.<\/p>\r\n\t\t\t\t<\/div>\r\n\t\t\t\t<div class=\"col-lg-3 offset-lg-1\">\r\n\t\t\t\t\t<ul class=\"list-unstyled link-list display-4\">\r\n                        <li><a href='#why'>Pourquoi Square One?<\/a><\/li>\r\n\t\t\t\t\t\t\t<ul class=\"link-list display-6\">\r\n\t\t\t\t\t\t\t\t<li type=\"disc\" style=\"font-size:18px\"><a href='#purpose'>Motivation forte<\/a><\/li>\r\n\t\t\t\t\t\t\t\t<li type=\"disc\" style=\"font-size:18px\"><a href='#culture'>Culture florissante<\/a><\/li>\r\n\t\t\t\t\t\t\t\t<li type=\"disc\" style=\"font-size:18px\"><a href='#approach'>Approche innovatrice<\/a><\/li>\r\n\t\t\t\t\t\t\t\t<li type=\"disc\" style=\"font-size:18px\"><a href='#support'>Soutien<\/a><\/li>\r\n\t\t\t\t\t\t\t\t<li type=\"disc\" style=\"font-size:18px\"><a href='#office'>Locaux modernes<\/a><\/li>\r\n\t\t\t\t\t\t\t\t<li type=\"disc\" style=\"font-size:18px\"><a href='#dress'>Tenue vestimentaire d\u00e9contract\u00e9e<\/a><\/li>\r\n\t\t\t\t\t\t\t\t<li type=\"disc\" style=\"font-size:18px\"><a href='#food'>Boissons et aliments<\/a><\/li>\r\n\t\t\t\t\t\t\t\t<li type=\"disc\" style=\"font-size:18px\"><a href='#compensation'>R\u00e9mun\u00e9ration<\/a><\/li>\r\n\t\t\t\t\t\t\t<\/ul>\r\n                        <li><a href='#apply'>Comment postuler<\/a><\/li>\r\n                        <li><a href='#positions'>Possibilit\u00e9s d\u2019emploi<\/a><\/li>\r\n                    <\/ul>\r\n                <\/div>\r\n            <\/div>\r\n\t\t<\/div>\r\n\t<\/div>\r\n\t<div class=\"bg-bottom\"><\/div>\r\n<\/section>\r\n\r\n<section class=\"xwide-mobile py-6\">\r\n<div class=\"container-fluid\">\r\n<h2 id=\"why\" class=\"h1\">Pourquoi travailler chez Square One?<\/h2>\r\n<p class=\"display-4\">C\u2019est simple\u00a0: vous voulez faire part d\u2019une \u00e9quipe soud\u00e9e o\u00f9 l\u2019expertise de chaque employ\u00e9 est respect\u00e9e est estim\u00e9e. Voici d\u2019autres raisons pour rechercher une carri\u00e8re chez Square One\u00a0:\r\n<table width=\"100%\">\r\n<tbody valign=\"top\">\r\n<tr>\r\n<td class=\"pt-4\" width=\"26%\"><h3 id=\"purpose\">Motivation forte\u00a0:<\/h3><\/td>\r\n<td width=\"2%\"><\/td>\r\n<td class=\"pb-6 pt-4\"><p>Nous voulons \u00eatre l\u2019Apple de l\u2019assurance habitation. Ou, du moins, nous voulons transformer l\u2019assurance habitation au Canada, tout comme GEICO et Progressive ont transform\u00e9 l\u2019assurance automobile aux \u00c9tats-Unis.<\/p><\/td>\r\n<\/tr>\r\n<tr>\r\n<td><h3 id=\"culture\">Culture florissante\u00a0:<\/h3><\/td>\r\n<td><\/td>\r\n<td class=\"pb-6\"><p>Nous privil\u00e9gions une culture de respect, de fiert\u00e9 et d\u2019innovation. Nous traitons les gens intelligents, intelligemment. Dans cette optique, les opinions de chaque membre de l\u2019\u00e9quipe sont importantes. Vous aurez un acc\u00e8s direct \u00e0 l\u2019\u00e9quipe de la direction, y compris le pr\u00e9sident de la compagnie. En outre, nous favorisons une culture de reconnaissance et de divertissement en c\u00e9l\u00e9brant les succ\u00e8s collectifs et individuels.<\/p><\/td>\r\n<\/tr>\r\n<tr>\r\n<td><h3 id=\"approach\">Approche innovatrice\u00a0:<\/h3><\/td>\r\n<td><\/td>\r\n<td class=\"pb-6\"><p>Le fait d\u2019avoir commenc\u00e9 \u00e0 z\u00e9ro nous donne plusieurs avantages. Nous avons pu mettre nos clients au premier plan en adoptant des pratiques exemplaires tir\u00e9es d\u2019autres pays et d\u2019autres industries.<\/p><\/td>\r\n<\/tr>\r\n<tr>\r\n<td><h3 id=\"support\">Expertise et soutien\u00a0:<\/h3><\/td>\r\n<td><\/td>\r\n<td class=\"pb-6\"><p>La plupart des professionnels d\u00e9sirent \u00eatre des experts en la mati\u00e8re. Chez Square One, nous vous mettons sur la voie du succ\u00e8s. Nous mettons l\u2019accent sur l\u2019assurance habitation, l\u2019encadrement et la formation, et les syst\u00e8mes informatiques et t\u00e9l\u00e9phoniques. R\u00e9sultat\u00a0: vous avez tout ce qu\u2019il faut pour devenir un sp\u00e9cialiste.<\/p><\/td>\r\n<\/tr>\r\n<tr>\r\n<td><h3 id=\"office\">Locaux modernes\u00a0:<\/h3><\/td>\r\n<td><\/td>\r\n<td><p class=\"pb-6\">Notre bureau moderne est situ\u00e9 au centre-ville de Vancouver et est accessible par autobus, Skytrain ou le train de banlieue Westcoast Express. Notre bureau se trouve au-dessus les stations de Skytrain Granville et Vancouver City Centre. Pendant les pauses, vous pouvez fr\u00e9quenter les caf\u00e9s, restaurants et boutiques cool du quartier.<\/p><\/td>\r\n<\/tr>\r\n<tr>\r\n<tr>\r\n<td>\r\n<h3 id=\"wfh\">Possibilit\u00e9 de t\u00e9l\u00e9travail\u00a0:<\/h3>\r\n<\/td>\r\n<td><\/td>\r\n<td>\r\n<p class=\"pb-6\">La plupart de nos postes offrent la possibilit\u00e9 de t\u00e9l\u00e9travail dans le but de favoriser un \u00e9quilibre travail-vie sain. Dans cette optique, presque les deux tiers de nos employ\u00e9s travaillent exclusivement \u00e0 la maison.<\/p>\r\n<\/td>\r\n<\/tr>\r\n<tr>\r\n<td>\r\n<h3 id=\"dress\">Tenue vestimentaire d\u00e9contract\u00e9e\u00a0:<\/h3><\/td>\r\n<td><\/td>\r\n<td><p class=\"pb-6\">Imaginez porter des jeans et chaussures de sport au bureau tous les jours! Cela n\u2019est pas possible dans une agence d\u2019assurance traditionnelle. La vie de bureau est beaucoup plus plaisante comme \u00e7a.<\/p><\/td>\r\n<\/tr>\r\n<tr>\r\n<td><h3 id=\"food\">Boissons et aliments gratuits\u00a0:<\/h3><\/td>\r\n<td><\/td>\r\n<td><p class=\"pb-6\">Nous organisons des soupers d\u2019\u00e9quipe r\u00e9guli\u00e8rement, aux frais de la compagnie, pour c\u00e9l\u00e9brer nos r\u00e9ussites. Le frigo au bureau est toujours stock\u00e9 de boissons pour tous les employ\u00e9s. Et nous avons une machine \u00e0 espresso pour les amateurs du caf\u00e9.<\/p><\/td>\r\n<\/tr>\r\n<tr>\r\n<td><h3 id=\"compensation\">R\u00e9mun\u00e9ration \u00e9quitable\u00a0:<\/h3><\/td>\r\n<td><\/td>\r\n<td><p class=\"pb-6\">Vous m\u00e9ritez une r\u00e9mun\u00e9ration \u00e9quitable pour votre collaboration. Pour cette raison, nous offrons des salaires de base concurrentiels. Vous recevez 3 semaines, et non 2 semaines, de vacances d\u00e8s le d\u00e9but de votre emploi De plus, vous pouvez personnaliser vos avantages sociaux selon vos besoins individuels.<\/p>\r\n<\/td>\r\n<\/tr>\r\n<tr>\r\n<td>\r\n<h3 id=\"profit\">Participation aux b\u00e9n\u00e9fices\u00a0:<\/h3>\r\n<\/td>\r\n<td><\/td>\r\n<td>\r\n<p class=\"mb-0\">Si les profits annuels de la compagnie d\u00e9passent un montant de base, vous serez admissible \u00e0 une part des b\u00e9n\u00e9fices. Plus les b\u00e9n\u00e9fices sont \u00e9lev\u00e9s, plus vous recevez.<\/p>\r\n<\/td>\r\n<\/tr>\r\n<\/tbody>\r\n<\/table>\r\n<\/div>\r\n<\/section><section class=\"bg-shape-split shape-grey-curve-up\">\r\n\t<div class=\"bg-top\"><\/div>\r\n\t<div class=\"bg-position\">\r\n\t\t<div class=\"container-fluid\">\r\n\t\t<h2 id=\"apply\" class=\"h1\">Comment postuler<\/h2>\r\n\t\t<p class='display-4'>Veuillez passer en revue les possibilit\u00e9s d\u2019emploi ci-dessous. Si vous souhaitez postuler, cliquez sur le lien et suivez les instructions indiqu\u00e9es. Nous nous engageons \u00e0 r\u00e9pondre \u00e0 tous les candidats et \u00e0 toutes les questions. Donc, n\u2019h\u00e9sitez pas \u00e0 nous faire part de vos questions.<\/p>\r\n\t\t\r\n\t\t<\/div>\r\n\t<\/div>\r\n\t<div class=\"bg-bottom\"><\/div>\r\n<\/section>\r\n\r\n<section class=\"xwide-mobile py-6\">\r\n\t<div class=\"container-fluid\">\r\n\t\t\t<h2 id=\"positions\" class=\"h1\">Possibilit\u00e9s d\u2019emploi<\/h2>\r\n\t\t\t<p class='display-4'>Square One est une compagnie en pleine croissance. Nous sommes toujours \u00e0 la recherche de candidats int\u00e9ressants pour int\u00e9grer notre \u00e9quipe. Vous trouverez ci-dessous une liste de postes \u00e0 combler. Si le poste qui vous int\u00e9resse n\u2019est pas affich\u00e9, revenez bient\u00f4t, car cette page est souvent mise \u00e0 jour.<\/p>\r\n\r\n<table class=\"table table-hover table-striped table-bordered\">\r\n<thead class=\"table-light\">\r\n<tr>\t \r\n\r\n<td class=\"text-center\"><strong>Poste<\/strong><\/td>\t \r\n<td class=\"text-center\"><strong>Lieu<\/strong><\/td>\t \r\n<td class=\"text-center\" width=\"15%\"><strong>Statut<\/strong><\/td>\t \r\n<td class=\"text-center\" width=\"15%\"><strong>Date limite<\/strong><\/td>\r\n\r\n<\/tr>\r\n<\/thead>\r\n \r\n<tbody>\r\n<tr>\t \r\n<td><a title=\"Gestionnaire, Produits et souscription (assurance habitation)\" href=\"https:\/\/squareone.pinpointhq.com\/fr\/postings\/63cb95c8-e07d-49f1-8634-405bba45cd9d\">Gestionnaire, Produits et souscription (assurance habitation)<\/a><\/td>\t \r\n<td>T\u00e9l\u00e9travail<\/td>\t \r\n<td>Ouvert<\/td>\t \r\n<td>4 mai 2026<\/td>\t \r\n<\/tr>\t\r\n<tr>\t \r\n<td><a title=\"Sp\u00e9cialsite, Produits et souscription (assurance auto)\" href=\"https:\/\/squareone.pinpointhq.com\/fr\/postings\/7c307b12-3114-4a18-ae96-f1a7d97344aa\">Sp\u00e9cialiste, Produits et souscription (assurance auto)\r\n<\/a><\/td>\t \r\n<td>T\u00e9l\u00e9travail<\/td>\t \r\n<td>Ouvert<\/td>\t \r\n<td>4 mai 2026<\/td>\t \r\n<\/tr>\t \r\n<\/tbody>\t \r\n<\/table>\r\n\r\n    <\/div>\r\n<\/section>","protected":false},"excerpt":{"rendered":"<p>\u00a0 Possibilit\u00e9s de carri\u00e8re chez Square One Rarement, on entend parler de quelqu\u2019un qui d\u00e9sire travailler dans le secteur de l\u2019assurance. En fait, la plupart des professionnels en assurance ont trouv\u00e9 le secteur par hasard. Cela dit, il s\u2019agit d\u2019une industrie passionnante o\u00f9 le travail est fascinant et stimulant. Par ailleurs, l\u2019industrie est g\u00e9n\u00e9ralement \u00e0 [&hellip;]<\/p>\n","protected":false},"author":2,"featured_media":0,"parent":0,"menu_order":9,"comment_status":"open","ping_status":"closed","template":"","meta":{"_acf_changed":false,"footnotes":""},"class_list":["post-47917","page","type-page","status-publish","hentry"],"acf":[],"_links":{"self":[{"href":"https:\/\/www.squareone.ca\/fr\/wp-json\/wp\/v2\/pages\/47917","targetHints":{"allow":["GET"]}}],"collection":[{"href":"https:\/\/www.squareone.ca\/fr\/wp-json\/wp\/v2\/pages"}],"about":[{"href":"https:\/\/www.squareone.ca\/fr\/wp-json\/wp\/v2\/types\/page"}],"author":[{"embeddable":true,"href":"https:\/\/www.squareone.ca\/fr\/wp-json\/wp\/v2\/users\/2"}],"replies":[{"embeddable":true,"href":"https:\/\/www.squareone.ca\/fr\/wp-json\/wp\/v2\/comments?post=47917"}],"version-history":[{"count":126,"href":"https:\/\/www.squareone.ca\/fr\/wp-json\/wp\/v2\/pages\/47917\/revisions"}],"predecessor-version":[{"id":79035,"href":"https:\/\/www.squareone.ca\/fr\/wp-json\/wp\/v2\/pages\/47917\/revisions\/79035"}],"wp:attachment":[{"href":"https:\/\/www.squareone.ca\/fr\/wp-json\/wp\/v2\/media?parent=47917"}],"curies":[{"name":"wp","href":"https:\/\/api.w.org\/{rel}","templated":true}]}}