{"id":47991,"date":"2021-06-28T16:27:31","date_gmt":"2021-06-28T23:27:31","guid":{"rendered":"https:\/\/www.squareone.ca\/conditions-dutilisation"},"modified":"2026-01-02T15:23:48","modified_gmt":"2026-01-02T23:23:48","slug":"conditions-dutilisation","status":"publish","type":"page","link":"https:\/\/www.squareone.ca\/fr\/conditions-utilisation","title":{"rendered":"Conditions d\u2019utilisation"},"content":{"rendered":"<main>\r\n\r\n<section id=\"intro\" class=\"bg-shape-split bg-sub-page-hero\">\r\n\t<div class=\"bg-position\">\r\n\t\t<div class=\"container-fluid\">\r\n\t\t\t<h1>Conditions d\u2019utilisation<\/h1>\r\n\t\t\t<p class=\"display-4\">Veuillez lire les Conditions d\u2019utilisation et la <a title=\"Politique de confidentialit\u00e9\" href=\"\/fr\/politique-confidentialite\">Politique de confidentialit\u00e9<\/a> \u00e9tablies par Assurances Square One (\u00ab\u00a0Square\u00a0One\u00a0\u00bb avant d\u2019utiliser le site Web squareone.ca\/fr (le \u00ab\u00a0site Web\u00a0\u00bb) ou avant de t\u00e9l\u00e9charger, installer ou utiliser notre application mobile (l\u2019\u00ab\u00a0Appli\u00a0\u00bb). Le fait d&rsquo;utiliser le Site Web et\/ou l\u2019Appli signifie que vous acceptez de vous conformer aux pr\u00e9sentes Conditions d&rsquo;utilisation. Si vous n\u2019acceptez pas une partie quelconque des pr\u00e9sentes Conditions d&rsquo;utilisation, vous ne devez pas utiliser le Site Web ou t\u00e9l\u00e9charger, installer ou utiliser l\u2019Appli. Votre utilisation continue du Site Web et\/ou de l\u2019Appli constitue votre acceptation des pr\u00e9sentes Conditions d\u2019utilisation qui peuvent \u00eatre modifi\u00e9es par Square One en tout temps sans pr\u00e9avis. Veuillez consulter r\u00e9guli\u00e8rement cette page pour obtenir des mises \u00e0 jour.<\/p>\r\n\t\t\t<p class=\"display-4\"><strong>Si vous ne lisiez qu\u2019une partie des Conditions d\u2019utilisation, celle-ci est la partie la plus importante.<\/strong><\/p>\r\n<p class=\"display-4\">Nos Conditions d\u2019utilisation d\u00e9crivent les utilisations autoris\u00e9es de ce site Web et de l\u2019Appli. Le fait d\u2019utiliser le site Web et\/ou l\u2019Appli signifie que vous acceptez les pr\u00e9sentes Conditions d\u2019utilisation. Les conditions les plus importantes \u00e0 retenir sont les suivantes\u00a0:<\/p>\r\n\t<ul class=\"display-4\">\r\n<li>Le site Web et l\u2019Appli utilise des t\u00e9moins qui permettent \u00e0 Square One et \u00e0 ses fournisseurs de services tiers de vous reconna\u00eetre lorsque vous consultez le site Web et l\u2019Appli.<\/li>\r\n\t\t<li>Le site Web et l\u2019Appli ne servent qu\u2019\u00e0 l\u2019utilisation personnelle pendant que vous recherchez ou g\u00e9rez de l\u2019assurance offerte par nous.<\/li>\r\n\t\t<li>L\u2019information sur le site Web et sur l\u2019Appli ne peut pas \u00eatre utilis\u00e9e ailleurs sans notre autorisation.<\/li>\r\n\t\t<li>Nous prot\u00e9geons vos renseignements personnels en ne recueillant et en n\u2019utilisant que les renseignements personnels requis pour la promotion, l\u2019offre, la vente et l\u2019ex\u00e9cution de l\u2019assurance.<\/li>\r\n\t\t<li>Bien que nous fassions tout notre possible pour que le site Web et l\u2019Appli soient fonctionnels et \u00e0 jour, nous ne sommes pas responsables des pertes ou dommages d\u00e9coulant des probl\u00e8mes avec le site Web ou l\u2019Appli.<\/li>\r\n\t<\/ul>\r\n\t\t<p class=\"display-4\">Les pr\u00e9sentes Conditions d\u2019utilisation d\u00e9crivent \u00e9galement comment votre identifiant et votre mot de passe Square One sont utilis\u00e9s. \u00c0 titre d\u2019utilisateur de ce site Web et\/ou de l\u2019Appli, il est important que vous lisiez et compreniez les Conditions d\u2019utilisation. Si vous n\u2019acceptez pas une partie quelconque des pr\u00e9sentes Conditions d&rsquo;utilisation, vous ne devez donc pas utiliser ce site Web et\/ou l\u2019Appli.<\/p>\r\n\t\t<\/div>\r\n\t<\/div>\r\n\t<div class=\"bg-bottom\"><\/div>\r\n<\/section>\r\n\t\r\n\t<section id=\"body\" class=\"mb-3 xwide-mobile py-6\">\r\n\t\t<div class=\"container-fluid\">\r\n\r\n<h3>T\u00e9moins et annonces<\/h3>\r\n<p>Les t\u00e9moins sont de petits fichiers de donn\u00e9es envoy\u00e9s \u00e0 votre navigateur Internet permettant \u00e0 Square One et \u00e0 ses fournisseurs de services tiers de vous reconna\u00eetre lorsque vous consultez ce site Web. Plus pr\u00e9cis\u00e9ment, les t\u00e9moins nous permettent de faire ce qui suit :<\/p>\r\n<ul>\r\n<li>offrir certaines fonctionnalit\u00e9s qui facilitent votre utilisation du site Web;<\/li>\r\n<li>recueillir de l\u2019information sur votre utilisation du site Web;<\/li>\r\n<li>entretenir, surveiller, prot\u00e9ger et am\u00e9liorer le site Web; et<\/li>\r\n<li>int\u00e9grer des services des tiers au site Web.<\/li>\r\n<\/ul>\r\n<p>Si vous d\u00e9sactivez les t\u00e9moins dans votre navigateur, il est possible que vous ne puissiez pas acc\u00e9der \u00e0 certaines parties de ce site Web ou que certaines parties du site ne fonctionnent pas correctement.<\/p>\r\n\r\n<p>Nous utilisons les t\u00e9moins suivants sur ce site Web\u00a0\r\n\r\n<h4>1. Les t\u00e9moins essentiels<\/h4>\r\n<p>Les t\u00e9moins essentiels s\u2019assurent que ce site Web fonctionne correctement et de mani\u00e8re s\u00e9curitaire. Sans ces t\u00e9moins, les services comme l\u2019obtention d\u2019une soumission en assurance, la connexion \u00e0 votre compte, la gestion de votre police, le paiement de votre prime et la pr\u00e9sentation d\u2019une r\u00e9clamation ne seraient pas fournis. Qui plus est, les t\u00e9moins essentiels permettent \u00e0 ce site Web de se souvenir de vos choix (comme votre choix de nom d\u2019utilisateur et vos pr\u00e9f\u00e9rences linguistiques).<\/p>\r\n\r\n<p>Les t\u00e9moins essentiels employ\u00e9s sur ce site sont les suivants :<\/p>\r\n\r\n<ul>\r\n<li>Google Fonts (polices)<\/li>\r\n<li>JQuery<\/li>\r\n<li>JsDelivr<\/li>\r\n<li>YouTube Embedded Player (lecteur YouTube int\u00e9gr\u00e9)<\/li>\r\n<li>T\u00e9moins de site Web<\/li>\r\n<\/ul>\r\n<h4>2. Les t\u00e9moins analytiques<\/h4>\r\n<p>Les t\u00e9moins analytiques nous permettent d\u2019am\u00e9liorer l\u2019exp\u00e9rience et la performance de notre site Web. Ces t\u00e9moins nous aident \u00e9galement \u00e0 cerner des probl\u00e8mes \u00e9prouv\u00e9s par les utilisateurs.<\/p>\r\n<p>Les t\u00e9moins analytiques utilis\u00e9es sur ce site Web sont les suivants :<\/p>\r\n<ul>\r\n<li>Firebase<\/li>\r\n<li>Google Analytics<\/li>\r\n<li>Google Tag Manager (gestion des balises)<\/li>\r\n<li>Matomo<\/li>\r\n<\/ul>\r\n\r\n<h4>3. Les t\u00e9moins publicitaires<\/h4>\r\n<p>Les t\u00e9moins publicitaires comprennent les t\u00e9moins, les balises de pixel et les autres technologies qui nous permettent de vous pr\u00e9senter des annonces cibl\u00e9es par centres d\u2019int\u00e9r\u00eat au sujet de nos produits et services sur divers sites Web. Vous pouvez obtenir de plus amples renseignements sur la publicit\u00e9 cibl\u00e9e par centres d\u2019int\u00e9r\u00eat et apprendre comment les refuser en consultant <a href='https:\/\/youradchoices.ca\/fr\/en-savoir-plus\/' target='new' rel=\"noopener\">le site Web d\u2019AdChoices<\/a>.<\/p>\r\n<p>Les t\u00e9moins publicitaires utilis\u00e9s sur ce site Web sont les suivants :<\/p>\r\n<ul>\r\n<li> Bing Ads : <a href='https:\/\/account.microsoft.com\/privacy\/ad-settings\/signedout?ru=https%3A%2F%2Faccount.microsoft.com%2Fprivacy%2Fad-settings' target='new' rel=\"noopener noreferrer nofollow\" title='D\u00e9sactivez les annonces Bing'>d\u00e9sactivez les annonces<\/a><\/li>\r\n<li>Facebook\/Meta : <a href='https:\/\/optout.aboutads.info\/?c=3&#038;lang=fr' target='new' rel=\"noopener noreferrer nofollow\" title='D\u00e9sactivez les annonces Facebook\/Meta'>d\u00e9sactivez les annonces<\/a><\/li>\r\n<li>Google Ads : <a href='https:\/\/myadcenter.google.com\/home' target='new' rel=\"noopener noreferrer nofollow\" title='Mon centre d\u2019annonces'>d\u00e9sactivez les annonces Google<\/a><\/li>\r\n<\/ul>\r\n\r\n<h3>Utilisation autoris\u00e9e<\/h3>\r\n<p>Tout le contenu sur le Site Web et sur l\u2019Appli n\u2019est accessible qu\u2019\u00e0 des fins personnelles, l\u00e9gales, non commerciales en lien avec la recherche d\u2019assurance. L\u2019utilisation du Site Web et de l\u2019Appli par une compagnie de la concurrence ou par un tiers non consommateur est interdite.<\/p>\r\n<p>Sauf dans les cas express\u00e9ment pr\u00e9vus par la loi, vous ne pouvez, sans notre autorisation \u00e9crite pr\u00e9alable\u00a0:<\/p>\r\n<ol>\r\n<li>afficher, transmettre, copier, modifier, distribuer, vendre ou publier \u00e0 nouveau tout contenu que vous obtenez ou t\u00e9l\u00e9charger du Site Web ou de l\u2019Appli ni en cr\u00e9er des \u0153uvres d\u00e9riv\u00e9es; ou<\/li>\r\n<li>faire de l\u2019ing\u00e9nierie inverse, d\u00e9monter, d\u00e9coder ou autrement tenter d\u2019obtenir ou de gagner un acc\u00e8s au code source du site Web ou de l\u2019Appli; ou<\/li>\r\n<li>entreprendre la r\u00e9cup\u00e9ration syst\u00e9matique des donn\u00e9es ou d\u2019autre contenu du Site Web ou de l\u2019Appli.<\/li>\r\n<\/ol>\r\n<p>Vous ne pouvez pas faire ce qui suit\u00a0:<\/p>\r\n<ol>\r\n\t<li>vous faire passer pour une autre personne ou ouvrir une session ou vous servir d\u2019un compte pour lequel vous n\u2019avez pas l\u2019autorisation d\u2019acc\u00e9der;<\/li>\r\n\t<li>vous servir du Site Web ou de l\u2019Appli \u00e0 des fins illicites, fallacieuses, frauduleuses, ill\u00e9gales ou autrement non autoris\u00e9es;<\/li>\r\n\t<li>d\u00e9sactiver, retirer ou contourner toute fonctionnalit\u00e9 de s\u00e9curit\u00e9 dans le Site Web ou l\u2019Appli ou qui prot\u00e8ge ceux-ci; ou<\/li>\r\n\t<li>interf\u00e9rer, endommager ou perturber autrement toute partie du Site Web ou de l\u2019Appli.<\/li>\r\n<\/ol>\r\n\r\n<h3>Droits d\u2019auteur et marques de commerce<\/h3>\r\n<p>\u00c0 moins d\u2019avis contraire, tous les mat\u00e9riaux du Site Web et de l\u2019Appli, y compris, mais sans s\u2019y limiter, le logo Square One et les autres marques de commerce et marques de service de Square One sont la propri\u00e9t\u00e9 de Square One et sont prot\u00e9g\u00e9es par les lois de droit d\u2019auteur et de marque de commerce en vigueur, tous droits r\u00e9serv\u00e9s. Vous pouvez utiliser des mat\u00e9riaux obtenus du Site Web et de l\u2019Appli \u00e0 des fins indiqu\u00e9es dans les pr\u00e9sentes Conditions d\u2019utilisation, \u00e0 condition que l\u2019avis de droit d\u2019auteur suivant figure dans tous les exemplaires des mat\u00e9riaux t\u00e9l\u00e9charg\u00e9s ou imprim\u00e9s\u00a0: \u00ab\u00a0\u00a9 2026 Assurances Square One. Tous droits r\u00e9serv\u00e9s\u00a0\u00bb. Toute autre utilisation est interdite.<\/p>\r\n\r\n<h3>Nos produits et services<\/h3>\r\n<p>L\u2019information et les mat\u00e9riaux affich\u00e9s sur le Site Web et sur l\u2019Appli ne sont fournis qu\u2019\u00e0 titre de r\u00e9f\u00e9rence g\u00e9n\u00e9rale. Il est possible qu\u2019ils ne d\u00e9crivent pas toutes les dur\u00e9es, conditions, exclusions et exceptions applicables aux produits et aux services de Square One. Toutes les couvertures sont assujetties aux dur\u00e9es, conditions et exclusions des polices d\u2019assurance d\u00e9livr\u00e9es. Les couvertures et leur disponibilit\u00e9 pourraient varier de province en province et selon vos circonstances. Il est possible que des limitations de couverture minimales suppl\u00e9mentaires soient exig\u00e9es dans votre province. Les produits et services offerts sur le Site Web et sur l\u2019Appli ne sont accessibles que dans les territoires dans lesquels Square One est d\u00fbment autoris\u00e9e.<\/p>\r\n\r\n<h3>Confidentialit\u00e9 et mots de passe<\/h3>\r\n<p>Square One estime et prot\u00e8ge la confidentialit\u00e9 de vos renseignements. Veuillez passer en revue la <a title=\"Privacy Policy\" href=\"\/fr\/politique-confidentialite\">Politique de confidentialit\u00e9 <\/a> de Square One, car elle comprend de l\u2019information importante relativement \u00e0 votre utilisation du Site Web et de l\u2019Appli.<\/p>\r\n<p>Certaines parties du Site Web et de l\u2019Appli sont prot\u00e9g\u00e9es et requi\u00e8rent un code d\u2019identification d\u2019utilisateur (\u00ab\u00a0Identifiant\u00a0\u00bb) et un mot de passe pour y acc\u00e9der. Avec votre consentement et votre direction, nous enverrons un mot de passe unique \u00e0 l&rsquo;adresse courriel ou au num\u00e9ro de t\u00e9l\u00e9phone que vous aavez fourni. (Veuillez noter\u00a0: il est possible que votre fournisseur puisse vous facturer les messages textos.) L\u2019acc\u00e8s ou l\u2019utilisation non autoris\u00e9e de ces parties du Site Web ou de l\u2019Appli est interdit. Vous acceptez que vous informiez Square One imm\u00e9diatement si vous croyez qu\u2019un tiers a obtenu votre Identifiant ou mot de passe, ou si vous croyez qu\u2019un acc\u00e8s ou une utilisation non autoris\u00e9e pourrait avoir lieu ou a eu lieu. Pour votre protection, si Square One a lieu de croire qu\u2019un acc\u00e8s non autoris\u00e9 pourrait survenir ou \u00eates survenu, Square One pourrait interdire l\u2019acc\u00e8s en question sans vous avertir. Vous acceptez \u00e9galement que Square One ait l\u2019autorisation d\u2019agir selon les instructions re\u00e7ues par l\u2019interm\u00e9diaire de votre identifiant d\u2019utilisateur et de votre mot de passe, et de juger que les instructions en question ont \u00e9t\u00e9 autoris\u00e9es par vous.<\/p>\r\n\r\n<h3>Sites des tiers<\/h3>\r\n<p>Des fois, le Site Web ou l\u2019Appli pourrait afficher des liens \u00e0 des sites Web h\u00e9berg\u00e9s par des tiers (\u00ab\u00a0Sites Web Tiers\u00a0\u00bb) ou de tels Sites Web Tiers pourraient avoir des liens au Site Web ou \u00e0 l\u2019Appli. Ces liens ne sont affich\u00e9s qu\u2019\u00e0 titre de facilit\u00e9 et d\u2019information et non \u00e0 titre de recommandation ou d\u2019approbation de Square One des Sites Web Tiers. Les Sites Web Tiers sont entretenus par leurs organisations respectives. Ces organisations sont responsables du contenu de leurs sites Web. Square One n\u2019accorde des garanties ou fait des repr\u00e9sentations au sujet du contenu, de l\u2019exactitude, des opinions exprim\u00e9es, des garanties, des produits et services, de la conformit\u00e9 de la propri\u00e9t\u00e9 intellectuelle ou des liens des Sites Web Tiers ni v\u00e9rifie ce qui pr\u00e9c\u00e8de. Vous devriez lire les politiques de confidentialit\u00e9 et les conditions d&rsquo;utilisation de tous les Sites Web Tiers.<\/p>\r\n\r\n<h3>Avis de garanties<\/h3>\r\n<p>Toute l\u2019information, tous les produits, tout le contenu et tous les autres mat\u00e9riaux sur le Site Web ou l\u2019Appli, accessibles \u00e0 partir du site Web ou de l\u2019Appli ou affich\u00e9es dans un Site Web Tiers, sont fournis \u00ab\u00a0tels quels\u00a0\u00bb et sans garanties ou repr\u00e9sentations de quelque sorte que ce soit, expresse ou implicite. Cela signifie que Square One rejette express\u00e9ment toutes les garanties, expresses ou implicites y compris, mais sans s\u2019y limiter, les garanties de titre et d\u2019absence de contrefa\u00e7on, et les garanties implicites de commercialit\u00e9 et d\u2019aptitude pour un but particulier. Qui plus est, Square One ne repr\u00e9sente ou ne garantit que\u00a0:<\/p>\r\n<ol>\r\n<li>l\u2019exploitation du Site Web ou de l\u2019Appli sera sans erreur ou sans interruption;<\/li>\r\n<li>les d\u00e9fauts seront corrig\u00e9s;<\/li>\r\n<li>le Site Web, l\u2019Appli, tout courriel envoy\u00e9 par Square One, ou le serveur qui rend le Site Web accessible, sont exempts de virus ou d\u2019autres dispositifs nuisibles;<\/li>\r\n<li>le Site Web ou l\u2019Appli vous sera accessible ou vous serez admissible aux produits ou services offerts;<\/li>\r\n<li>les mat\u00e9riaux affich\u00e9s sur le Site Web ou l\u2019Appli seront exacts en fonction d\u2019une date particuli\u00e8re; ou<\/li>\r\n<li>les produits ou services offerts par l\u2019interm\u00e9diaire du Site Web ou de l\u2019Appli sont offerts \u00e0 l\u2019ext\u00e9rieur du Canada ou dans des territoires o\u00f9 Square One n\u2019est pas autoris\u00e9 \u00e0 exercer ses activit\u00e9s.<\/li>\r\n<\/ol>\r\n<p>Si vous r\u00e9sidez dans une province qui n\u2019autorise pas un avis de garantie implicite, il est possible que l\u2019avis ci-dessus ou une partie de celui-ci ne s\u2019applique pas \u00e0 vous.<\/p>\r\n\r\n<h3>Limitation de responsabilit\u00e9<\/h3>\r\n<p>Square One ne sera responsable d\u2019aucune perte, d\u2019aucun dommage, d\u2019aucun dommage corporel ou d\u2019aucune r\u00e9clamation, ni d\u2019aucun dommage sp\u00e9cial, indirect, accessoire, cons\u00e9cutif, exemplaire ou punitif de quelque type que ce soit, que l\u2019action soit fond\u00e9e sur la responsabilit\u00e9 civile, le droit des contrats, la n\u00e9gligence, la responsabilit\u00e9 sans faute, ou autrement et m\u00eame si Square One a \u00e9t\u00e9 inform\u00e9 de la possibilit\u00e9 de tels dommages d\u00e9coulant de, ou relativement \u00e0, de quelque mani\u00e8re que ce soit, ce qui suit\u00a0:<\/p>\r\n<ol>\r\n<li>l\u2019Appli, le Site Web, les mat\u00e9riaux sur le Site Web ou l\u2019Appli ou l\u2019incapacit\u00e9 d\u2019utiliser le Site Web ou l\u2019Appli;<\/li>\r\n<li>tout Site Web Tiers, tout mat\u00e9riel affich\u00e9 sur un Site Web Tiers ou l\u2019incapacit\u00e9 d\u2019utiliser un Site Web Tiers;<\/li>\r\n<li>tout d\u00e9faut, toute omission, toute erreur, toute interruption, tout retard ou tout virus informatique; ou<\/li>\r\n<li>sauf en cas de n\u00e9gligence grave ou d\u2019action intentionnelle de Square One, la modification non autoris\u00e9e de, ou l\u2019acc\u00e8s non autoris\u00e9 \u00e0, vos transmissions ou vos donn\u00e9es personnelles.<\/li>\r\n<\/ol>\r\n<p>Si vous r\u00e9sidez dans une province qui n\u2019autorise pas un avis de garantie implicite pour certains dommages, il est possible que l\u2019avis ci-dessus ou une partie de celui-ci ne s\u2019applique pas \u00e0 vous.<\/p> \r\n<p>Cependant, vous acceptez dans tous les cas que la responsabilit\u00e9 totale de Square One pour tous les dommages, toutes les pertes, tous les dommages corporels ou toutes les r\u00e9clamations, de quelque type que ce soit, soit limit\u00e9e au montant que vous avez pay\u00e9 pour acc\u00e9der au Site Web ou \u00e0 l\u2019Appli.<\/p>\r\n<p>Vous acceptez d\u2019indemniser, de d\u00e9fendre et de mettre hors de cause Square One et ses dirigeants, directeurs, employ\u00e9s, agents, affili\u00e9s, successeurs et cessionnaires de et contre les r\u00e9clamations, dommages, pertes, responsabilit\u00e9s, actions, jugements, r\u00e8glements, int\u00e9r\u00eats, montants adjug\u00e9s, p\u00e9nalit\u00e9s, amendes, co\u00fbts ou d\u00e9penses de quelque type que ce soit, y compris les frais juridiques, d\u00e9coulant de ou relativement \u00e0 votre utilisation ou abus du Site Web ou l\u2019Appli, votre contravention de tout droit d\u2019un tiers, votre contravention de toute loi en vigueur ou votre violation des pr\u00e9sentes Conditions d\u2019utilisation.<\/p>\r\n\r\n<h3>Territoire de comp\u00e9tence, force ex\u00e9cutoire et r\u00e9siliation<\/h3>\r\n<p>Les pr\u00e9sentes Conditions d\u2019utilisation et votre utilisation du Site Web et de l\u2019Appli sont r\u00e9gies \u00e0 tous \u00e9gards par les lois de la Province de la Colombie-Britannique, sans ent\u00e9riner les principes de conflits de lois. Tout litige concernant le Site Web, l\u2019Appli ou les pr\u00e9sentes Conditions d\u2019utilisation sera assujetti au lieu de proc\u00e8s exclusif d\u2019un tribunal de comp\u00e9tence \u00e0 Vancouver (Colombie-Britannique).<\/p>\r\n<p>Si un tribunal de comp\u00e9tence juge qu\u2019une disposition des pr\u00e9sentes Conditions d\u2019utilisation est invalide ou inapplicable, la disposition sera s\u00e9parable des dispositions restantes et n\u2019influencera pas la validit\u00e9 ou la force ex\u00e9cutoire de celles-ci.<\/p>\r\n<p>Les pr\u00e9sentes Conditions d\u2019utilisation sont en vigueur jusqu\u2019\u00e0 ce que l\u2019une des parties les r\u00e9silie. Vous pouvez r\u00e9silier les pr\u00e9sentes Conditions d\u2019utilisation sans informer pr\u00e9alablement Square One en cessant toute utilisation de l\u2019information contenue dans le Site Web et\/ou l\u2019Appli et en d\u00e9truisant les mat\u00e9riaux que vous avez obtenus du Site Web et\/ou de l\u2019Appli, y compris toute la documentation et tous les exemplaires connexes. Square One peut r\u00e9silier les pr\u00e9sentes Conditions d\u2019utilisation et\/ou les produits ou services offerts par Square One en tout temps sans pr\u00e9avis si, dans notre seul jugement, vous enfreignez toute disposition des pr\u00e9sentes Conditions d\u2019utilisation. Le fait de r\u00e9silier les pr\u00e9sentes Conditions d\u2019utilisation signifie que vous devez cesser toute utilisation de l\u2019information contenue dans le Site Web et\/ou l\u2019Appli et d\u00e9truire les mat\u00e9riaux que vous avez obtenus de Square One, y compris toute la documentation et tous les exemplaires connexes. \u00c9galement, Square One a le droit de r\u00e9silier le Site Web ou l\u2019Appli en sa totalit\u00e9 ou en partie en tout temps, sans pr\u00e9avis.<\/p>\r\n<p>Les pr\u00e9sentes Conditions d\u2019utilisation constituent un \u00e9nonc\u00e9 de l\u2019accord entier en ce qui concerne ce qui pr\u00e9c\u00e8de.<\/p>\r\n\r\n<h3>Accessibilit\u00e9<\/h3>\r\n\r\n<p>Square One s\u2019engage \u00e0 assurer l\u2019acc\u00e8s et la participation \u00e9quitables des personnes handicap\u00e9es. Cliquez sur le lien suivant pour obtenir de plus amples renseignements sur notre engagement envers <a href=\"\/fr\/accessibilite\" title=\"Accessibilit\u00e9\">l&rsquo;accessibilit\u00e9<\/a>.<\/p>\r\n\r\n\r\n\t\t<\/div>\r\n\t\t<\/section>\r\n<main>","protected":false},"excerpt":{"rendered":"<p>Conditions d\u2019utilisation Veuillez lire les Conditions d\u2019utilisation et la Politique de confidentialit\u00e9 \u00e9tablies par Assurances Square One (\u00ab\u00a0Square\u00a0One\u00a0\u00bb avant d\u2019utiliser le site Web squareone.ca\/fr (le \u00ab\u00a0site Web\u00a0\u00bb) ou avant de t\u00e9l\u00e9charger, installer ou utiliser notre application mobile (l\u2019\u00ab\u00a0Appli\u00a0\u00bb). Le fait d&rsquo;utiliser le Site Web et\/ou l\u2019Appli signifie que vous acceptez de vous conformer aux pr\u00e9sentes [&hellip;]<\/p>\n","protected":false},"author":2,"featured_media":0,"parent":0,"menu_order":97,"comment_status":"open","ping_status":"open","template":"","meta":{"_acf_changed":false,"footnotes":""},"class_list":["post-47991","page","type-page","status-publish","hentry"],"acf":[],"_links":{"self":[{"href":"https:\/\/www.squareone.ca\/fr\/wp-json\/wp\/v2\/pages\/47991","targetHints":{"allow":["GET"]}}],"collection":[{"href":"https:\/\/www.squareone.ca\/fr\/wp-json\/wp\/v2\/pages"}],"about":[{"href":"https:\/\/www.squareone.ca\/fr\/wp-json\/wp\/v2\/types\/page"}],"author":[{"embeddable":true,"href":"https:\/\/www.squareone.ca\/fr\/wp-json\/wp\/v2\/users\/2"}],"replies":[{"embeddable":true,"href":"https:\/\/www.squareone.ca\/fr\/wp-json\/wp\/v2\/comments?post=47991"}],"version-history":[{"count":19,"href":"https:\/\/www.squareone.ca\/fr\/wp-json\/wp\/v2\/pages\/47991\/revisions"}],"predecessor-version":[{"id":77880,"href":"https:\/\/www.squareone.ca\/fr\/wp-json\/wp\/v2\/pages\/47991\/revisions\/77880"}],"wp:attachment":[{"href":"https:\/\/www.squareone.ca\/fr\/wp-json\/wp\/v2\/media?parent=47991"}],"curies":[{"name":"wp","href":"https:\/\/api.w.org\/{rel}","templated":true}]}}