{"id":48009,"date":"2021-06-29T16:31:58","date_gmt":"2021-06-29T23:31:58","guid":{"rendered":"https:\/\/www.squareone.ca\/soumission-en-ligne"},"modified":"2024-08-07T14:05:20","modified_gmt":"2024-08-07T21:05:20","slug":"soumission-en-ligne","status":"publish","type":"page","link":"https:\/\/www.squareone.ca\/fr\/soumission-assurance-habitation-en-ligne","title":{"rendered":"Soumission d\u2019assurance habitation en ligne"},"content":{"rendered":"<main>\r\n\t\t<section class=\"qw-hero jumbotron-container pt-0 bg-shape sub-page-jumbotron text-end\">\n\t\t<div class=\"container-fluid\">\n\t\t\t<div class=\"row\">\n\t\t\t\t<div class=\"col-12 col-lg-9 col-xl-8 offset-lg-1 z-1\">\n\t\t\t\t\t<div class=\"jumbotron px-0 pt-6 pb-9 mb-3 mb-md-4 text-start z-1\">\n\t\t\t\t\t\t<div class=\"h6 mb-3 text-secondary-alt text-uppercase\">assurance habitation et auto moderne<\/div>\n\t\t\t\t\t\t<div class=\"caption w-100\"> <h1 class=\"mb-3 text-uc-first\"><span class=\"customized-greeting\"><\/span>Obtenez une soumission personnalis\u00e9e en <strong>assurance habitation ou auto<\/strong> en 5\u00a0minutes<\/h1> <\/div>\n                        <p class=\"text-uc-first px-0 w-100 w-lg-80\">Vous voulez les deux ? Obtenez une soumission habitation, ensuite une soumission auto. <strong>\u00c9pargnez jusqu'\u00e0 5 %<\/strong> sur votre assurance auto si vous souscrivez les deux.<\/p>\t\t\t\t\t\t\n\t\t\t\t\t\t<div id=\"sq1-qw-f27849d1a864\" class=\"sq1-quote-widget mb-3\" data-quote-widget-type=\"GENERIC\" data-has-custom-text=\"true\"\n\t\t\t\t\t\t style=\"min-height: 68px; height: auto\"><\/div>\n                        <p class=\"small w-100 w-lg-80\">Avant de commencer, veuillez lire notre <a href=\"https:\/\/www.squareone.ca\/fr\/politique-confidentialite\" target=\"_blank\" rel=\"noreferrer noopener\">Politique de confidentialit\u00e9<\/a> et nos <a href=\"https:\/\/www.squareone.ca\/fr\/conditions-utilisation\" target=\"_blank\" rel=\"noreferrer noopener\">Conditions d\u2019utilisation<\/a>.<\/p>\n\t\t\t\t\t<\/div>\n\t\t\t\t<\/div>\n\t\t\t<\/div>\n\t\t\t<img decoding=\"async\" src=\"\/sales\/images\/illustrations\/illustration-home-and-car.png\" class=\"hero d-none d-lg-block\" loading=\"lazy\" alt=\"Illustration d\u2019un quartier de banlieue\"\/>\n\t\t<\/div>\n\t<\/section>\n\t<div class=\"skyline-bottom-curve\"><\/div>\r\n\r\n<section class=\"py-6\">\r\n    <div class=\"container-fluid\">\r\n        <div class=\"row\">\r\n            <div class=\"col-12 col-lg-5 offset-lg-1 mb-3\">\r\n                <div class=\"h6 mb-4 text-primary text-uppercase\">Soumission en ligne rapide, simple et gratuite<\/div>\r\n                <h1 class='h2'>Assurance habitation et auto abordable en 5&nbsp;minutes seulement.<\/h1>\r\n            <\/div>\r\n            <div class=\"col-12 col-lg-8 offset-lg-1 mb-4\">\r\n                <p class=\"display-4\">Vous serez peut-\u00eatre \u00e9tonn\u00e9 de d\u00e9couvrir \u00e0 quel point notre police est abordable. En r\u00e9alit\u00e9, la plupart des clients paient trop cher leur assurance habitation et auto.<\/p>\r\n            <\/div>\r\n            <div class=\"col-12 col-lg-5 offset-lg-1\">\r\n                <p>Pendant des ann\u00e9es, la seule solution \u00e9tait une police pr\u00e9emball\u00e9e qui offrait les m\u00eames protections \u00e0 tous les clients. Les fournisseurs n\u2019avaient pas les moyens d\u2019offrir une police personnalis\u00e9e \u00e0 chaque client. Aujourd\u2019hui, nous avons les outils et la technologie qui nous permettent de faciliter et simplifier la personnalisation des polices.<\/p>\r\n                <p>Choisissez entre l\u2019assurance habitation et auto ci-dessous et d\u00e9couvrez comment vous pouvez obtenir une soumission \u00e0 prime int\u00e9ressante chez Assurances Square One.<\/p>\r\n            <\/div>\r\n        <\/div>\r\n    <\/div>\r\n<\/section>\r\n\r\n<section>\r\n\t<div class=\"container-fluid\">\r\n\t\t<div class=\"row pb-6\">\r\n\t\t\t<pillsAndContent id=\"online-quote-pills\" class=\"col-12 offset-lg-1\">\r\n\t\t\t\t<pillAndContent>\r\n\t\t\t\t<pill>Assurance habitation<\/pill>\r\n\t\t\t\t\t<pillContent>\r\n\t\t\t\t\t\t<div class=\"row align-items-lg-center pt-6\">\r\n\t\t\t\t\t\t\t<div class=\"col-12 col-lg-5 mb-6\">\r\n\t\t\t\t\t\t\t\t<h3>1. Commencez par une protection solide<\/h3>\r\n\t\t\t\t\t\t\t\t<p>La police de Square One offre une protection compr\u00e9hensive. Cela signifie que vous b\u00e9n\u00e9ficiez d\u2019une protection contre tous les types de sinistres, \u00e0 l\u2019exception des exclusions sp\u00e9cifiques. Les exclusions courantes comprennent la guerre, le terrorisme et l\u2019inondation c\u00f4ti\u00e8re.<\/p>\r\n\t\t\t\t\t\t\t\t<p>Votre police vous prot\u00e8ge contre les majeurs types de sinistre, comme l\u2019effraction, la rupture des tuyaux, l\u2019incendie, la temp\u00eate de gr\u00eale et le refoulement d&rsquo;\u00e9gouts, entre autres. Votre police couvre \u00e9galement&nbsp;:<\/p>\r\n\t\t\t\t\t\t\t\t<ul class=\"mb-0\">\r\n\t\t\t\t\t\t\t\t\t<li>Votre b\u00e2timent (si vous en \u00eates le propri\u00e9taire) et vos biens meubles<\/li>\r\n\t\t\t\t\t\t\t\t\t<li>Les frais de subsistance suppl\u00e9mentaires pendant la r\u00e9paration de votre habitation<\/li>\r\n\t\t\t\t\t\t\t\t\t<li>La responsabilit\u00e9 civile pour vous prot\u00e9ger contre les dommages corporels involontaires \u00e0 des tiers<\/li>\r\n\t\t\t\t\t\t\t\t<\/ul>\r\n\t\t\t\t\t\t\t<\/div>\r\n\t\t\t\t\t\t\t<div class=\"col-12 col-lg-4 mb-5 pt-2 order-lg-0\" align=\"right\">\r\n\t\t\t\t\t\t\t\t<img decoding=\"async\" src=\"\/sales\/images\/illustrations\/illustration-living-room-shadow.png\" alt=\"Illustration of a couch in a living room\" width=\"300\" class=\"mw-100\">\r\n\t\t\t\t\t\t\t<\/div>\r\n\t\t\t\t\t\t<\/div>\r\n\r\n\t\t\t\t\t\t<div class=\"row align-items-lg-center\">\r\n\t\t\t\t\t\t\t<div class=\"col-12 col-lg-5 mb-6\">\r\n\t\t\t\t\t\t\t\t<h3>2. Ajoutez des protections facultatives<\/h3>\r\n\t\t\t\t\t\t\t\t<p>Il est facile de cr\u00e9er une police d\u2019assurance habitation adapt\u00e9e \u00e0 vos besoins uniques. Nous vous guiderons \u00e0 travers les diff\u00e9rentes options et vous aiderons \u00e0 s\u00e9lectionner les garanties d\u00e9sir\u00e9es. Celles-ci peuvent inclure&nbsp;:<\/p>\r\n\t\t\t\t\t\t\t\t<ul>\r\n\t\t\t\t\t\t\t\t\t<li>Les d\u00e9pendances situ\u00e9es sur vos lieux<\/li>\r\n\t\t\t\t\t\t\t\t\t<li>L\u2019am\u00e9nagement paysager, les cl\u00f4tures et l\u2019\u00e9quipement de jardinage<\/li>\r\n\t\t\t\t\t\t\t\t\t<li>Les biens sp\u00e9ciaux, comme les bicyclettes, les bijoux et les montres<\/li>\r\n\t\t\t\t\t\t\t\t\t<li>L\u2019usurpation d\u2019identit\u00e9 et la protection juridique<\/li>\r\n\t\t\t\t\t\t\t\t<\/ul>\r\n\t\t\t\t\t\t\t\t<p>Vous dormirez sur les deux oreilles en sachant exactement ce que vous assurez et pour combien. <\/p>\r\n\t\t\t\t\t\t\t<\/div>\r\n\t\t\t\t\t\t<\/div>\r\n\r\n\t\t\t\t\t\t<div class=\"row align-items-lg-center\">\r\n\t\t\t\t\t\t\t<div class=\"col-12 col-lg-5 mb-6\">\r\n\t\t\t\t\t\t\t\t<h3>3. S\u00e9lectionnez votre franchise<\/h3>\r\n\t\t\t\t\t\t\t\t<p>La franchise est le montant que vous devez payer en cas de r\u00e9clamation. Votre assurance couvrira le montant restant. Par exemple, pour un portable vol\u00e9, il est possible que l\u2019assur\u00e9 doive payer la somme initiale de 500&nbsp;$; la police couvrirait le montant restant pour le remplacer. Toutes les polices ont au moins une franchise.<\/p>\r\n\t\t\t\t\t\t\t\t<p>Chez Square One, c\u2019est vous qui choisissez le montant de la franchise. Une franchise plus \u00e9lev\u00e9e se traduit par une prime moins \u00e9lev\u00e9e. En revanche, vous pouvez payer une prime un peu plus \u00e9lev\u00e9e contre une franchise moins \u00e9lev\u00e9e. C\u2019est \u00e0 vous de d\u00e9cider la franchise qui comble votre budget et vos besoins.<\/p>\r\n\t\t\t\t\t\t\t<\/div>\r\n\t\t\t\t\t\t\t<div class=\"col-12 col-lg-4 mb-5 pt-2\" align=\"right\">\r\n\t\t\t\t\t\t\t\t<img decoding=\"async\" src=\"\/sales\/images\/illustrations\/illustration-tv-shadow.png\" alt=\"Illustration of a TV\" width=\"300\" class=\"mw-100\">\r\n\t\t\t\t\t\t\t<\/div>\t\t\t\t\r\n\t\t\t\t\t\t<\/div>\r\n\t\t\t\t\t\t\r\n\t\t\t\t\t\t<div class=\"row align-items-lg-center\">\r\n\t\t\t\t\t\t\t<div class=\"col-12 col-lg-5 mb-6\">\r\n\t\t\t\t\t\t\t\t<h3>4. G\u00e9rez votre compte en ligne<\/h3>\r\n\t\t\t\t\t\t\t\t<p>Nous sommes toujours pr\u00eats \u00e0 vous aider au t\u00e9l\u00e9phone, mais vous pouvez \u00e9galement g\u00e9rer votre compte en ligne.<\/p>\r\n\t\t\t\t\t\t\t\t<p>Que vous souhaitiez obtenir une soumission, souscrire une police ou pr\u00e9senter une r\u00e9clamation, la plupart de nos processus sont automatis\u00e9s et \u00e9lectroniques. Tous les documents sont envoy\u00e9s \u00e0 votre courriel et vous pouvez les r\u00e9cup\u00e9rer de votre compte en ligne.<\/p>\r\n\t\t\t\t\t\t\t\t<p>Le fait de supprimer la paperasse et les t\u00e2ches manuelles nous permet de contr\u00f4ler nos frais g\u00e9n\u00e9raux. R\u00e9sultat&nbsp;: vous b\u00e9n\u00e9ficiez des \u00e9conomies.<\/p>\r\n\t\t\t\t\t\t\t<\/div>\r\n\r\n\t\t\t\t\t\t<\/div>\r\n\t\t\t\t\t<\/pillContent>\r\n\t\t\t\t<\/pillAndContent>\r\n\r\n\t\t\t\t<pillAndContent>\r\n\t\t\t\t<pill>Assurance auto<\/pill>\r\n\t\t\t\t\t<pillContent>\r\n\t\t\t\t\t\t<div class=\"row align-items-lg-center pt-6\">\r\n\t\t\t\t\t\t\t<div class=\"col-12 col-lg-5 mb-6\">\r\n\t\t\t\t\t\t\t\t<h3>1. Parlez-nous de vous et de votre auto<\/h3>\r\n\t\t\t\t\t\t\t\t<p>Afin d\u2019obtenir la bonne protection au meilleur prix, vous commencerez votre soumission en fournissant des renseignements de base sur vous-m\u00eame, votre auto et comment vous vous en servez. Que vous conduisiez au bureau tous les jours ou juste les fins de semaine, nous nous assurons que vous avez la bonne protection.<\/p>\r\n\t\t\t\t\t\t\t\t<p>De plus, vous recevrez automatiquement des rabais auxquels vous \u00eates admissible, y compris&nbsp;:<\/p>\r\n\t\t\t\t\t\t\t\t<ul class=\"mb-0\">\r\n\t\t\t\t\t\t\t\t\t<li><strong>Dispositifs antivol.<\/strong> Nous offrons des rabais pour de nombreux dispositifs du march\u00e9 secondaire, mais vous recevrez le meilleur rabais avec un syst\u00e8me de rep\u00e9rage de Tag.<\/li>\r\n\t\t\t\t\t\t\t\t\t<li><strong>V\u00e9hicules multiples.<\/strong> Vous avez plus d\u2019une auto dans votre famille? Si vous assurez des v\u00e9hicules multiples chez Square One, vous recevrez un rabais maximal de 10&nbsp;% sur votre police.<\/li>\r\n\t\t\t\t\t\t\t\t\t<li><strong>Regroupement des assurances.<\/strong> Si vous assurez votre auto et votre habitation chez Square One, vous \u00e9conomiserz un maximum de 5&nbsp;% sur votre assurance auto.<\/li>\r\n\t\t\t\t\t\t\t\t<\/ul>\r\n\t\t\t\t\t\t\t<\/div>\r\n\t\t\t\t\t\t<\/div>\r\n\r\n\t\t\t\t\t\t<div class=\"row align-items-lg-center\">\r\n\t\t\t\t\t\t\t<div class=\"col-12 col-lg-5 mb-6\">\r\n\t\t\t\t\t\t\t\t<h3>2. Ajoutez des protections facultatives<\/h3>\r\n\t\t\t\t\t\t\t\t<p>Les polices d\u2019assurance auto de Square One comprennent des garanties obligatoires. Nous offrons automatiquement les avenants les plus importants pour que vous n\u2019ayez pas de soucis sur votre protection.<\/p>\r\n\t\t\t\t\t\t\t\t<p>Il est facile de souscrire les couvertures majeures facultatives que vous d\u00e9sirez, comme les garanties collision et compr\u00e9hensive, afin de construire votre police d\u2019assurance auto id\u00e9ale.<\/p>\r\n\t\t\t\t\t\t\t\t<p>Vous pouvez ajouter des avenants \u00e0 votre police pour modifier la couverture de base. Nous vous aiderons \u00e0 souscrire les avenants appropri\u00e9s selon votre situation&nbsp;:<\/p>\r\n\t\t\t\t\t\t\t\t<ul>\r\n\t\t\t\t\t\t\t\t\t<li>Gr\u00e2ce \u00e0 la couverture pour autos de location, vous \u00eates admissibles \u00e0 certaines couvertures de votre police pendant que vous conduisez un v\u00e9hicule dont vous n\u2019\u00eates pas le propri\u00e9taire.<\/li>\r\n\t\t\t\t\t\t\t\t\t<li>L\u2019avenant d\u2019indemnisation sans d\u00e9pr\u00e9ciation signifie que vous recevrez un r\u00e8glement sans d\u00e9pr\u00e9ciation en cas de perte totale de votre v\u00e9hicule neuf.<\/li>\r\n\t\t\t\t\t\t\t\t\t<li>Les frais de d\u00e9placement couvrent les co\u00fbts de transport temporaire, comme une auto de location, pendant la r\u00e9paration de votre auto apr\u00e8s un sinistre admissible.<\/li>\r\n\t\t\t\t\t\t\t\t<\/ul>\r\n\t\t\t\t\t\t\t<\/div>\r\n\t\t\t\t\t\t\t<div class=\"col-12 col-lg-4 mb-5 pt-2\" align=\"right\">\r\n\t\t\t\t\t\t\t\t<img decoding=\"async\" src=\"\/sales\/images\/illustrations\/illustration-stairs-shadow.png\" alt=\"Illustration of a staircase\" width=\"300\" class=\"mw-100\">\r\n\t\t\t\t\t\t\t<\/div>\r\n\t\t\t\t\t\t<\/div>\r\n\r\n\t\t\t\t\t\t<div class=\"row align-items-lg-center\">\r\n\t\t\t\t\t\t\t<div class=\"col-12 col-lg-5 mb-6\">\r\n\t\t\t\t\t\t\t\t<h3>3. S\u00e9lectionnez vos franchises<\/h3>\r\n\t\t\t\t\t\t\t\t<p>La franchise est le montant que vous devez payer en cas de r\u00e9clamation. Votre assurance couvrira le montant restant. Par exemple, si vous frappez une barri\u00e8re avec votre auto, vous paieriez la franchise pour collision, disons 500&nbsp;$, et votre police couvrirait le reste des frais de r\u00e9paration.<\/p>\r\n\t\t\t\t\t\t\t\t<p>Vous pouvez s\u00e9lectionner plusieurs franchises pendant le processus de soumission. Les garanties Collision, Compr\u00e9hensive, Tous les risques et autres, ont toutes leur propre franchise.<\/p>\r\n\t\t\t\t\t\t\t\t<p>Si vous s\u00e9lectionnez une franchise basse, vous paierez moins si vous pr\u00e9sentez une r\u00e9clamation. En revanche, si une franchise \u00e9lev\u00e9e signifie que vous paierez plus en cas de sinistre, quoique votre prime soit moins \u00e9lev\u00e9e.<\/p>\r\n\t\t\t\t\t\t\t<\/div>\r\n\t\t\t\t\t\t<\/div>\r\n\t\t\t\t\t\t\r\n\t\t\t\t\t\t<div class=\"row align-items-lg-center\">\r\n\t\t\t\t\t\t\t<div class=\"col-12 col-lg-5 mb-6\">\r\n\t\t\t\t\t\t\t\t<h3>4. G\u00e9rez votre compte en ligne<\/h3>\r\n\t\t\t\t\t\t\t\t<p>Nous sommes toujours pr\u00eats \u00e0 vous aider au t\u00e9l\u00e9phone, mais vous pouvez \u00e9galement g\u00e9rer votre compte en ligne.<\/p>\r\n\t\t\t\t\t\t\t\t<p>Que vous souhaitiez obtenir une soumission, souscrire une police ou pr\u00e9senter une r\u00e9clamation, la plupart de nos processus sont automatis\u00e9s et \u00e9lectroniques. Tous les documents sont envoy\u00e9s \u00e0 votre courriel et vous pouvez les r\u00e9cup\u00e9rer de votre compte en ligne.<\/p>\r\n\t\t\t\t\t\t\t\t<p>Le fait de supprimer la paperasse et les t\u00e2ches manuelles nous permet de contr\u00f4ler nos frais g\u00e9n\u00e9raux. R\u00e9sultat&nbsp;: vous b\u00e9n\u00e9ficiez des \u00e9conomies.<\/p>\r\n\t\t\t\t\t\t\t<\/div>\r\n\t\t\t\t\t\t\t<div class=\"col-12 col-lg-4 mb-5 pt-2 order-lg-0\" align=\"right\">\r\n\t\t\t\t\t\t\t\t<img decoding=\"async\" src=\"\/sales\/images\/illustrations\/illustration-working-at-computer-shadow.png\" alt=\"Illustration d\u2019une personne travaillant devant un ordinateur\" width=\"300\" class=\"mw-100\">\r\n\t\t\t\t\t\t\t<\/div>\r\n\t\t\t\t\t\t<\/div>\r\n\t\t\t\t\t<\/pillContent>\r\n\t\t\t\t<\/pillAndContent>\r\n\t\t\t<\/pillsAndContent>\r\n\t\t<\/div>\r\n\t<\/div>\r\n<\/section>\r\n\t<section class=\"policies bg-shape overflow-hidden\">\n\t    <div class=\"container-fluid\">\n\t        <div class=\"row\">\n\t            <div class=\"col-12\">\n\t                <div class=\"h6 text-center text-secondary-alt text-uppercase mb-4\">Des milliers de clients nous choisissent tous les mois <\/div>\n\t                <h3 class=\"text-center mb-4\">Polices r\u00e9cemment souscrites <\/h3>\n\t                <div id=\"recent-policies\" class=\"policies-carousel w-100 pb-8\" data-province=\"\" data-widget-type=\"HOME\" aria-label=\"Glissez pour voir des polices r\u00e9cemment souscrites\"><\/div>\n\t            <\/div>\n\t        <\/div>\n\t    <\/div>\n\t<\/section>\n\n\t<script id=\"template-recent-policies\" type=\"text\/template\">    <div class=\"carousel-cell col-12 col-lg-4\">\n        <div class=\"card policy\">\n            <div class=\"card-body\">\n                <div class=\"h6 text-uppercase\">{{insurance_type}}<\/div>\n                <div class=\"h4\"><img decoding=\"async\" alt=\"Buildings Icon\" width=\"43\" class=\"me-3\" src=\"\/sales\/images\/icons\/{{icon_name}}\">{{monthly_premium}}<\/div>\n                <p class=\"fw-bold\">{{subtitle}}<\/p>\n                {{coverages}}\n                <div class=\"text-muted small\">{{time_ago}}<\/div>\n            <\/div>\n        <\/div>\n    <\/div><\/script>\n\t<script>\n\t\/**\n\t* Expecting response to be of JSON type.\n\t* @param response\n\t*\/\n\tvar populateRecentlyPurchasedPolicies = function(response) {\n\t\tvar template = document.getElementById('template-recent-policies');\n\t\tvar policies = response.results.policies;\n\t\tdocument.getElementById('recent-policies').innerHTML = policies.map(function(e) {\n\t\t\tvar tempTemplate = template.innerHTML;\n\t\t\tvar timeAgo = e.issued_at;\n\t\t\tvar coverages = e.coverages;\n\t\t\tvar insuranceType = e.insurance_type;\n\t\t\tvar icon = e.icon;\n\n            \/\/ Generate replacement for {{coverages}}.\n            let generatedCoverages;           \n            if(coverages.length > 0) {\n\t            let generatedCoverageList = '<ul style=\"min-height: 70px\">{{coverageListItems}}<\/ul>';\n\t            let generateCoverageListItems = '';\n\t            coverages.forEach((coverage) => {\n\t                generateCoverageListItems += '<li>' +coverage +'<\/li>';\n\t            });\n\t            \n\t            generatedCoverages = generatedCoverageList.replace(\/{{coverageListItems}}\/g, generateCoverageListItems);\n            }\n            \n\t\t\treturn tempTemplate\n\t\t\t\t.replace(\/{{time_ago}}\/g, timeAgo)\n\t\t\t\t.replace(\/{{coverages}}\/g, generatedCoverages)\n\t\t\t\t.replace(\/{{insurance_type}}\/g, insuranceType)\n\t\t\t\t.replace(\/{{monthly_premium}}\/g, e.monthly_premium)\n\t\t\t\t.replace(\/{{subtitle}}\/g, e.subtitle)\n\t\t\t\t.replace(\/{{icon_name}}\/g, icon);\n\t\t}).join('');\n        \n        const policiesCarousel = new Flickity(\n            document.querySelector('.policies-carousel'),\n            {\n\t\t\t\tpercentPosition: true,\n\t\t\t\timagesLoaded: true,\n\t\t\t\tcellAlign: 'left',\n\t\t\t\tpageDots: false,\n\t\t\t\tprevNextButtons: true,\n\t\t\t\tarrowShape: 'M50,92l7.4-7.4L28.1,55.2H92V44.8H28.1l29.3-29.3L50,8L8,50L50,92z',\n\t\t\t\tlazyLoad: 4\n\t\t\t}\n        );\n\t};\n\t<\/script>\r\n\t<section class=\"footer-cta bg-shape mt-6\">\n\t    <div class=\"container-fluid\">\n\t        <div class=\"row\">\n\t            <div class=\"col-10 offset-1 col-lg-8 offset-lg-2 text-center\">\n\t                <div class=\"h6 text-secondary-alt text-uppercase mb-4\">vous \u00eates en bonne compagnie <\/div>\n\t                <div class=\"h2 text-uc-first mb-4\">Joignez-vous \u00e0 plus de 3 000 000 de clients qui ont re\u00e7u une soumission en assurance habitation de notre part.<\/div>\n\t\t\t\t\t<div id=\"sq1-qw-61b4aff40611\" class=\"sq1-quote-widget\" data-quote-widget-type=\"HOME\" data-has-custom-text=\"true\" style=\"min-height: 68px; height: auto\"><\/div>\n\t                <p class=\"text-uc-first\">D\u00e9couvrez \u00e0 quel point l'assurance habitation est abordable \u00e0 l'aide d'une soumission en ligne en 5 minutes.<\/p>\n\t                <p class=\"text-light small text-uc-first\">Avant de commencer, veuillez lire notre <a href=\"https:\/\/www.squareone.ca\/fr\/politique-confidentialite\" target=\"_blank\" rel=\"noreferrer noopener\">Politique de confidentialit\u00e9<\/a> et nos <a href=\"https:\/\/www.squareone.ca\/fr\/conditions-utilisation\" target=\"_blank\" rel=\"noreferrer noopener\">Conditions d\u2019utilisation<\/a>.<\/p>\n\t            <\/div>\n\t        <\/div>\n\t    <\/div>\n\t    <div class=\"locations position-absolute fw-bold w-100 text-center pb-6 px-3\">Une compagnie canadienne exploit\u00e9e par des Canadiens. Nous offrons nos services au <a href=\"\/fr\/habitation\/quebec\" class=\"text-grey-900 text-decoration-none\">Qu\u00e9bec<\/a>, en Colombie-Britannique, en Alberta, en Saskatchewan, au Manitoba et en Ontario.<\/div>\n\t<\/section>\r\n<main>\r\n","protected":false},"excerpt":{"rendered":"<p>Soumission en ligne rapide, simple et gratuite Assurance habitation et auto abordable en 5&nbsp;minutes seulement. Vous serez peut-\u00eatre \u00e9tonn\u00e9 de d\u00e9couvrir \u00e0 quel point notre police est abordable. En r\u00e9alit\u00e9, la plupart des clients paient trop cher leur assurance habitation et auto. Pendant des ann\u00e9es, la seule solution \u00e9tait une police pr\u00e9emball\u00e9e qui offrait les [&hellip;]<\/p>\n","protected":false},"author":2,"featured_media":0,"parent":0,"menu_order":6,"comment_status":"open","ping_status":"closed","template":"","meta":{"_acf_changed":false,"footnotes":""},"class_list":["post-48009","page","type-page","status-publish","hentry"],"acf":[],"_links":{"self":[{"href":"https:\/\/www.squareone.ca\/fr\/wp-json\/wp\/v2\/pages\/48009","targetHints":{"allow":["GET"]}}],"collection":[{"href":"https:\/\/www.squareone.ca\/fr\/wp-json\/wp\/v2\/pages"}],"about":[{"href":"https:\/\/www.squareone.ca\/fr\/wp-json\/wp\/v2\/types\/page"}],"author":[{"embeddable":true,"href":"https:\/\/www.squareone.ca\/fr\/wp-json\/wp\/v2\/users\/2"}],"replies":[{"embeddable":true,"href":"https:\/\/www.squareone.ca\/fr\/wp-json\/wp\/v2\/comments?post=48009"}],"version-history":[{"count":6,"href":"https:\/\/www.squareone.ca\/fr\/wp-json\/wp\/v2\/pages\/48009\/revisions"}],"predecessor-version":[{"id":72678,"href":"https:\/\/www.squareone.ca\/fr\/wp-json\/wp\/v2\/pages\/48009\/revisions\/72678"}],"wp:attachment":[{"href":"https:\/\/www.squareone.ca\/fr\/wp-json\/wp\/v2\/media?parent=48009"}],"curies":[{"name":"wp","href":"https:\/\/api.w.org\/{rel}","templated":true}]}}