{"id":48133,"date":"2021-07-17T14:25:12","date_gmt":"2021-07-17T21:25:12","guid":{"rendered":"https:\/\/www.squareone.ca\/autres-types-assurance-habitation"},"modified":"2026-04-09T11:19:54","modified_gmt":"2026-04-09T18:19:54","slug":"autres-types-assurance-habitation","status":"publish","type":"page","link":"https:\/\/www.squareone.ca\/fr\/types-police\/autres","title":{"rendered":"Autres types d\u2019assurance habitation"},"content":{"rendered":"<section class=\"bg-shape-split bg-sub-page-hero\">\r\n<div class=\"bg-position\">\r\n\t<div class=\"container-fluid\">\r\n\t<h1>Autres types d\u2019assurance habitation<\/h1>\r\n\t\t\t<p class=\"display-4\">\r\n\t\t\t\tVous recherchez un autre type <a href=\"\/fr\/habitation\" title=\"Assurance habitation\">d\u2019assurance habitation<\/a>? Pas de probl\u00e8me. Vous trouverez ci-dessous une liste des autres <a href=\"\/fr\/types-police\">types de police que nous offrons<\/a>. Il suffit de cliquer sur les liens ci-dessous pour conna\u00eetre de plus amples renseignements sur les divers types d\u2019assurance.\r\n\t\t\t<\/p>\r\n\t\t\t<p class=\"display-4\">\r\n\t\t\t\tPeu importe le type d\u2019assurance habitation recherch\u00e9, vous pourrez personnaliser votre police selon vos besoins. C\u2019est vous aux commandes\u00a0: vous ne souscrivez que la protection dont vous avez besoin.\r\n\t\t\t<\/p>\r\n\t<\/div>\r\n<\/div>\r\n\t<div class=\"bg-bottom\"><\/div>\r\n<\/section>\r\n\r\n    <div class=\"container-fluid pb-6\">\t\r\n    <div class=\"row mt-5\">\r\n    <div class=\"col-12 col-md-4\"> \r\n\t<ul>\r\n            <li><a href=\"\/fr\/appartement\" title=\"Assurance appartement\">Assurance appartement<\/a><\/li>\r\n<li><a href=\"\/fr\/habitation\/comprehensive\" title=\"Assurance habitation compr\u00e9hensive\">Assurance habitation compr\u00e9hensive<\/a><\/li>\r\n            <li><a href=\"\/fr\/maison\/batiment-biens-meubles\" title=\"Assurance b\u00e2timent et biens meubles\">Assurance b\u00e2timent et biens meubles<\/a><\/li>\r\n            <li><a href=\"\/fr\/biens-meubles\" title=\"Assurance biens meubles\">Assurance biens meubles<\/a><\/li>\r\n\t    <li><a href=\"\/fr\/biens-meubles\/etudiants\" title=\"Assurance biens meubles pour \u00e9tudiants\">Assurance biens meubles pour \u00e9tudiants<\/a><\/li>\r\n            <li><a href=\"\/fr\/chalet\" title=\"Assurance chalet\">Assurance chalet<\/a><\/li>\t\r\n            <li><a href=\"https:\/\/www.squareone.ca\/fr\/habitation\/refoulement-eau\" title=\"Assurance contre le refoulement d\u2019eau\">Assurance contre le refoulement d\u2019eau<\/a><\/li>\r\n            <li><a href=\"\/fr\/habitation\/eau\" title=\"Assurance contre les d\u00e9g\u00e2ts d\u2019eau\">Assurance contre les d\u00e9g\u00e2ts d\u2019eau<\/a><\/li>\r\n            <li><a href=\"\/fr\/habitation\/grele\" title=\"Assurance contre les dommages caus\u00e9s par la gr\u00eale et le vent\">Assurance contre les dommages caus\u00e9s par la gr\u00eale et le vent<\/a><\/li>\r\n<li><a href=\"\/fr\/echange\/domicile\" title=\"Assurance \u00e9change de domicile\">Assurance \u00e9change de domicile<\/a><\/li>\r\n            <li><a href=\"\/fr\/habitation\/entreprise\" title=\"Assurance entreprise \u00e0 domicile\">Assurance entreprise \u00e0 domicile<\/a><\/li>\r\n            <li><a href=\"\/fr\/habitation\/incendie-vol\" title=\"Assurance habitation incendie et vol\">Assurance habitation incendie et vol<\/a><\/li>\r\n\t    <\/ul>\r\n    <\/div>\r\n\r\n    <div class=\"col-12 col-md-4\"> \r\n\t<ul>\r\n\t\t<li><a href=\"https:\/\/www.squareone.ca\/fr\/incendie\" title=\"Assurance incendie\">Assurance incendie<\/a><\/li>\r\n\t    <li><a href=\"\/fr\/locataire\" title=\"Assurance locataire\">Assurance locataire<\/a><\/li>\r\n            <li><a href=\"\/fr\/habitation\/logement\" title=\"Assurance logement\">Assurance logement<\/a><\/li>\r\n            <li><a href=\"\/fr\/maison\/ancienne\" title=\"Assurance maison ancienne\">Assurance maison ancienne<\/a><\/li>\r\n            <li><a href=\"\/fr\/maison-rangee\" title=\"Assurance maison en rang\u00e9e\">Assurance maison en rang\u00e9e<\/a><\/li>\r\n            <li><a href=\"\/fr\/maison\/historique\" title=\"Assurance maison historique class\u00e9e\">Assurance maison historique class\u00e9e<\/a><\/li>\r\n<li><a href=\"\/fr\/habitation\/airbnb\" title=\"Assurance Airbnb\">Assurance habitation pour Airbnb<\/a><\/li>\r\n            <li><a href=\"\/fr\/habitation\/conduite-branchement\" title=\"Assurance pour conduite de branchement\">Assurance pour conduite de branchement<\/a><\/li>\r\n            <li><a href=\"\/fr\/maison\/cablage-aluminium\" title=\"Assurance pour habitations avec c\u00e2blage en aluminium\">Assurance pour habitations avec c\u00e2blage en aluminium<\/a><\/li>\r\n            <li><a href=\"\/fr\/maison\/cablage-boutons-tubes\" title=\"Assurance pour habitations avec c\u00e2blage sur les boutons et tubes\">Assurance pour habitations avec c\u00e2blage sur les boutons et tubes<\/a><\/li>\r\n            <li><a href=\"https:\/\/www.squareone.ca\/fr\/habitation\/inondation\" title=\"Assurance pour inondation fluviale\">Assurance pour inondation fluviale<\/a><\/li>\t\t\t\r\n\t<\/ul>\r\n    <\/div>\r\n\r\n    <div class=\"col-12 col-md-4\">\r\n\t<ul>\r\n\r\n            <li><a href=\"\/fr\/propriete-vacances\" title=\"Assurance pour propri\u00e9t\u00e9 de vacances\">Assurance pour propri\u00e9t\u00e9 de vacances<\/a><\/li>\r\n            <li><a href=\"https:\/\/www.squareone.ca\/fr\/habitation\/tremblement-terre\" title=\"Assurance pour tremblement de terre\">Assurance pour tremblement de terre<\/a><\/li>\r\n            <li><a href=\"\/fr\/proprietaire-bailleur\" title=\"Assurance propri\u00e9taire bailleur\">Assurance propri\u00e9taire bailleur<\/a><\/li>\r\n            <li><a href=\"\/fr\/proprietaire-habitations-louees\" title=\"Assurance propri\u00e9taire d'habitations lou\u00e9es\">Assurance propri\u00e9taire d&rsquo;habitations lou\u00e9es<\/a><\/li>\t\t\r\n            <li><a href=\"\/fr\/proprietaire-occupant\" title=\"Assurance propri\u00e9taire occupant\">Assurance propri\u00e9taire occupant<\/a><\/li>\r\n\t\t\t<li><a href=\"\/fr\/habitation\/protection-juridique\" title=\"Assurance protection juridique\">Assurance protection juridique<\/a><\/li>\r\n\t    <li><a href=\"\/fr\/habitation\/renovation\" title=\"Assurance r\u00e9novation r\u00e9sidentielle\">Assurance r\u00e9novation r\u00e9sidentielle<\/a><\/li>\t\r\n            <li><a href=\"\/fr\/residentielle\" title=\"Assurance r\u00e9sidentielle\">Assurance r\u00e9sidentielle<\/a><\/li>\r\n<li><a href=\"\/fr\/residence-secondaire\" title=\"Assurance r\u00e9sidence secondaire\">Assurance r\u00e9sidence secondaire<\/a><\/li>\r\n<li><a href=\"\/fr\/habitation\/tous-risques\" title=\"Assurance habitation tous risques\">Assurance habitation tous risques<\/a><\/li>\t\t\t\t\r\n            <li><a href=\"\/fr\/habitation\/usurpation-identite\" title=\"Assurance usurpation d\u2019identit\u00e9\">Assurance usurpation d\u2019identit\u00e9<\/a><\/li>\r\n            <li><a href=\"\/fr\/locataire\/protection-locataire\" title=\"Garantie pour locataires\">Garantie pour locataires<\/a><\/li>\r\n\t<\/ul>\r\n    <\/div>\r\n    <\/div>\r\n    <\/div>\r\n\r\n    <section id=\"reviews\">\r\n        \t<section id=\"populate_recent_reviews\" class=\"reviews bg-shape overflow-hidden\">\n\t    <div class=\"container-fluid\">\n\t        <div v-show=\"showLoader\" class=\"text-center mt-6 mb-0\">\n                <div class=\"spinner-border text-primary\" role=\"status\">\n                    <span class=\"visually-hidden\">Loading...<\/span>\n                <\/div>\n            <\/div>\n\t        <div class=\"row\" v-show=\"!showLoader\">\n\t            <div class=\"col-12 col-lg-3 offset-lg-1\">\n\t                <div class=\"h6 mb-3 text-secondary-alt text-uppercase\">\n\t                \tCe que disent nos clients \n                    <\/div>\n\t                <div class=\"mb-4\">\n\t                \t<span class=\"display-1\">{{ totalReviews }}<\/span>\n\t                \t<div class=\"small\">\u00c9valuations v\u00e9rifi\u00e9es <\/div>\n                    <\/div>\n\t                <p>Ne nous croyez pas sur parole. Voici un aper\u00e7u des \u00e9valuations qui alimentent notre cote moyenne de {{ avgScore }} \u00e9toiles sur 5. Vous voulez en lire plus?\nConsulter notre <a href=\"https:\/\/www.squareone.ca\/fr\/evaluations\">page d\u2019\u00e9valuations<\/a>.<\/p>\n\t            <\/div>\n\t            <div class=\"col-12 col-lg-8 pt-4\">\n\t                <div class=\"reviews-carousel w-100\" aria-label=\"Glissez pour voir plus d\u2019\u00e9valuations\">\n\t                    <div class=\"carousel-cell col-12 col-lg-6\" v-for=\"(review,index) in reviews\" :key=\"index\">\n                            <div class=\"card review mb-4\">\n                                <div class=\"card-body\">\n                                    <div class=\"h3\">{{ review.ReviewTitle }}<\/div>\n                                      <div class=\"rating small mb-3\" v-if=\"review.ReviewRating\">\n                                            <span v-for=\"n in 5\">\n                                                <i v-if=\"n <= review.ReviewRating\" class=\"fa fa-star\"><\/i>\n                                                <i v-else class=\"fa fa-star-o\"><\/i>\n                                            <\/span>\n                                    <\/div>\n                                    <div class=\"rating small mb-3\" v-else>\n                                            <span v-for=\"n in 5\">\n                                              <i class=\"fa fa-star-o\"><\/i>\n                                            <\/span>\n                                    <\/div>\n                                    <p>{{ review.SummaryText }}<\/p>\n                                    <div class=\"review-footer\">\n                                        <div class=\"date small text-muted float-end pt-1\">{{ review.ReviewedAt }}<\/div>\n                                        <span class=\"fw-bold me-3\">{{ review.ReviewerName }}<\/span>\n                                        <span class=\"text-muted\">{{ review.ReviewerCity }}, {{ review.ProvinceId }}<\/span>\n                                    <\/div>\n                                   \n                                <\/div>\n                            <\/div>\n                        <\/div>\n                    <\/div>\n                <\/div>\n                <div class=\"col-12 flickity-custom-buttons\"><\/div>\n            <\/div>\n        <\/div>\n\t<\/section>\n\n    <script src=\"https:\/\/cdn.jsdelivr.net\/npm\/vue@2.6.11\/dist\/vue.min.js\"\n        integrity=\"sha384-OZmxTjkv7EQo5XDMPAmIkkvywVeXw59YyYh6zq8UKfkbor13jS+5p8qMTBSA1q+F\"\n        crossorigin=\"anonymous\"><\/script>\n    <script src=\"https:\/\/cdn.jsdelivr.net\/npm\/axios@1.8.4\/dist\/axios.min.js\" \n        integrity=\"sha384-06w+raHvkSL3+E7mbQ2X6DZwI5A3veU8Ba+NLrAPxxRGw4Xy78sihHDHQMustMM4\" \n        crossorigin=\"anonymous\"><\/script>\n\n<script type=\"text\/javascript\">\n    new Vue({\n        el: '#populate_recent_reviews',\n        data: {\n            reviews: [],\n            totalReviews: 0,\n            avgScore: 0,         \n            showLoader: false,\n        },\n     \n        methods: {\n            getReviews : function() {\n                var self = this;\n                var url = '\/sales\/index.php\/customerReview\/getHighlightedReviews';\n                \n                self.reviews = [];\n                self.showLoader = true;\n\n                axios.get(url, {\n                    params: {\n                        culture: \"fr_CA\",                        \n                    }\n                })\n                .then(response => {\n                    self.totalReviews = response.data.totalReviews;\n                    self.avgScore = response.data.avgScore;\n                  \n                    if (response.data.results.length) {\n                        self.reviews = response.data.results;\n                    }\n                    self.showLoader = false;\n                })\n                .catch(error => {\n                    self.showLoader = false;\n                    console.log(error);\n                });\n            }          \n        },\n        mounted: function () {\n            this.getReviews();\n        }\n    });\n<\/script>\r\n    <\/section>\r\n\r\n\t<section class=\"footer-cta bg-shape mt-6\">\n\t    <div class=\"container-fluid\">\n\t        <div class=\"row\">\n\t            <div class=\"col-10 offset-1 col-lg-8 offset-lg-2 text-center\">\n\t                <div class=\"h6 text-secondary-alt text-uppercase mb-4\">vous \u00eates en bonne compagnie <\/div>\n\t                <div class=\"h2 text-uc-first mb-4\">Joignez-vous \u00e0 plus de 3 000 000 de clients qui ont re\u00e7u une soumission en assurance habitation de notre part.<\/div>\n\t\t\t\t\t<div id=\"sq1-qw-ac613ac612e2\" class=\"sq1-quote-widget\" data-quote-widget-type=\"HOME\" data-has-custom-text=\"true\" style=\"min-height: 68px; height: auto\"><\/div>\n\t                <p class=\"text-uc-first\">D\u00e9couvrez \u00e0 quel point l'assurance habitation est abordable \u00e0 l'aide d'une soumission en ligne en 5 minutes.<\/p>\n\t                <p class=\"text-light small text-uc-first\">Avant de commencer, veuillez lire notre <a href=\"https:\/\/www.squareone.ca\/fr\/politique-confidentialite\" target=\"_blank\" rel=\"noreferrer noopener\">Politique de confidentialit\u00e9<\/a> et nos <a href=\"https:\/\/www.squareone.ca\/fr\/conditions-utilisation\" target=\"_blank\" rel=\"noreferrer noopener\">Conditions d\u2019utilisation<\/a>.<\/p>\n\t            <\/div>\n\t        <\/div>\n\t    <\/div>\n\t    <div class=\"locations position-absolute fw-bold w-100 text-center pb-6 px-3\">Une compagnie canadienne exploit\u00e9e par des Canadiens. Nous offrons nos services au <a href=\"\/fr\/habitation\/quebec\" class=\"text-grey-900 text-decoration-none\">Qu\u00e9bec<\/a>, en Colombie-Britannique, en Alberta, en Saskatchewan, au Manitoba et en Ontario.<\/div>\n\t<\/section>","protected":false},"excerpt":{"rendered":"<p>Autres types d\u2019assurance habitation Vous recherchez un autre type d\u2019assurance habitation? Pas de probl\u00e8me. Vous trouverez ci-dessous une liste des autres types de police que nous offrons. Il suffit de cliquer sur les liens ci-dessous pour conna\u00eetre de plus amples renseignements sur les divers types d\u2019assurance. Peu importe le type d\u2019assurance habitation recherch\u00e9, vous pourrez [&hellip;]<\/p>\n","protected":false},"author":2,"featured_media":0,"parent":48512,"menu_order":6,"comment_status":"open","ping_status":"open","template":"","meta":{"_acf_changed":false,"footnotes":""},"class_list":["post-48133","page","type-page","status-publish","hentry"],"acf":[],"_links":{"self":[{"href":"https:\/\/www.squareone.ca\/fr\/wp-json\/wp\/v2\/pages\/48133","targetHints":{"allow":["GET"]}}],"collection":[{"href":"https:\/\/www.squareone.ca\/fr\/wp-json\/wp\/v2\/pages"}],"about":[{"href":"https:\/\/www.squareone.ca\/fr\/wp-json\/wp\/v2\/types\/page"}],"author":[{"embeddable":true,"href":"https:\/\/www.squareone.ca\/fr\/wp-json\/wp\/v2\/users\/2"}],"replies":[{"embeddable":true,"href":"https:\/\/www.squareone.ca\/fr\/wp-json\/wp\/v2\/comments?post=48133"}],"version-history":[{"count":33,"href":"https:\/\/www.squareone.ca\/fr\/wp-json\/wp\/v2\/pages\/48133\/revisions"}],"predecessor-version":[{"id":77414,"href":"https:\/\/www.squareone.ca\/fr\/wp-json\/wp\/v2\/pages\/48133\/revisions\/77414"}],"up":[{"embeddable":true,"href":"https:\/\/www.squareone.ca\/fr\/wp-json\/wp\/v2\/pages\/48512"}],"wp:attachment":[{"href":"https:\/\/www.squareone.ca\/fr\/wp-json\/wp\/v2\/media?parent=48133"}],"curies":[{"name":"wp","href":"https:\/\/api.w.org\/{rel}","templated":true}]}}