{"id":48201,"date":"2021-07-20T15:21:58","date_gmt":"2021-07-20T22:21:58","guid":{"rendered":"https:\/\/www.squareone.ca\/autres-types-assurance-habitation\/maisonairbnb"},"modified":"2021-07-28T16:30:38","modified_gmt":"2021-07-28T23:30:38","slug":"maisonairbnb","status":"publish","type":"page","link":"https:\/\/www.squareone.ca\/fr\/habitation\/airbnb","title":{"rendered":"Assurance habitation pour Airbnb"},"content":{"rendered":"<section class=\"py-5 mb-3\">\r\n\t<div class=\"container-fluid my-6\">\r\n\t\t<div class=\"row\">\r\n\t\t\t<div class=\"col-12 col-lg-6 offset-lg-1 mb-3\">\r\n\t\t\t\t<div class=\"h6 mb-4 text-primary text-uppercase\">Une protection int\u00e9grale pour votre bien immobilier locatif et vos biens meubles<\/div>\r\n\t\t\t\t<h1>Assurance maison pour Airbnb pour 40\u00a0$\/mois environ<\/h1>\r\n\t\t\t<\/div>\r\n\t\t\t<div class=\"col-12 col-lg-7 offset-lg-1 mb-4\">\r\n\t\t\t\t<p class=\"display-4\">\r\n\t\t\t\t\tLouez-vous occasionnellement votre habitation \u00e0 des tiers par l\u2019interm\u00e9diaire d\u2019Airbnb ou d\u2019autres programmes d\u2019habitation partag\u00e9e? S\u2019il en est ainsi, vous avez int\u00e9r\u00eat \u00e0 lire les petits caract\u00e8res de votre police d\u2019assurance habitation, car il y a de fortes chances que votre police en entier peut \u00eatre annul\u00e9e.\r\n\t\t\t\t<\/p>\r\n\t\t\t\t<p class=\"display-4\">\r\n\t\t\t\t\tChez Assurances Square One, vous pouvez souscrire une assurance habitation con\u00e7ue sp\u00e9cifiquement pour les r\u00e9sidences primaires lou\u00e9es occasionnellement \u00e0 des tiers dans le cadre d\u2019un programme d\u2019habitation partag\u00e9e. Nous sommes l\u2019un des rares fournisseurs \u00e0 offrir ce type de couverture. Et le meilleur dans tout cela? Nos polices commencent \u00e0 partir de 40\u00a0$\/mois seulement. Lisez la suite pour d\u00e9couvrir pourquoi Square One est le fournisseur id\u00e9al pour vous.\r\n\t\t\t\t<\/p>\r\n\t\t\t\t<a href=\"#populate_recent_reviews\"><img loading=\"lazy\" decoding=\"async\" src=\"\/sales\/images\/icons\/icon-arrow-down.svg\" width=\"16\" height=\"16\"><\/a>\r\n\t\t\t<\/div>\r\n\t\t<\/div>\r\n\t<\/div>\r\n<\/section>\r\n","protected":false},"excerpt":{"rendered":"<p>Une protection int\u00e9grale pour votre bien immobilier locatif et vos biens meubles Assurance maison pour Airbnb pour \/mois environ Louez-vous occasionnellement votre habitation \u00e0 des tiers par l\u2019interm\u00e9diaire d\u2019Airbnb ou d\u2019autres programmes d\u2019habitation partag\u00e9e? S\u2019il en est ainsi, vous avez int\u00e9r\u00eat \u00e0 lire les petits caract\u00e8res de votre police d\u2019assurance habitation, car il y a [&hellip;]<\/p>\n","protected":false},"author":2,"featured_media":0,"parent":48133,"menu_order":0,"comment_status":"open","ping_status":"closed","template":"page-custom-top.php","meta":{"_acf_changed":false,"footnotes":""},"class_list":["post-48201","page","type-page","status-publish","hentry"],"acf":[],"_links":{"self":[{"href":"https:\/\/www.squareone.ca\/fr\/wp-json\/wp\/v2\/pages\/48201","targetHints":{"allow":["GET"]}}],"collection":[{"href":"https:\/\/www.squareone.ca\/fr\/wp-json\/wp\/v2\/pages"}],"about":[{"href":"https:\/\/www.squareone.ca\/fr\/wp-json\/wp\/v2\/types\/page"}],"author":[{"embeddable":true,"href":"https:\/\/www.squareone.ca\/fr\/wp-json\/wp\/v2\/users\/2"}],"replies":[{"embeddable":true,"href":"https:\/\/www.squareone.ca\/fr\/wp-json\/wp\/v2\/comments?post=48201"}],"version-history":[{"count":1,"href":"https:\/\/www.squareone.ca\/fr\/wp-json\/wp\/v2\/pages\/48201\/revisions"}],"predecessor-version":[{"id":48791,"href":"https:\/\/www.squareone.ca\/fr\/wp-json\/wp\/v2\/pages\/48201\/revisions\/48791"}],"up":[{"embeddable":true,"href":"https:\/\/www.squareone.ca\/fr\/wp-json\/wp\/v2\/pages\/48133"}],"wp:attachment":[{"href":"https:\/\/www.squareone.ca\/fr\/wp-json\/wp\/v2\/media?parent=48201"}],"curies":[{"name":"wp","href":"https:\/\/api.w.org\/{rel}","templated":true}]}}