{"id":48207,"date":"2021-07-20T17:09:42","date_gmt":"2021-07-21T00:09:42","guid":{"rendered":"https:\/\/www.squareone.ca\/autres-types-assurance-habitation\/assurance-cablage-aluminium"},"modified":"2021-07-28T16:31:07","modified_gmt":"2021-07-28T23:31:07","slug":"assurance-cablage-aluminium","status":"publish","type":"page","link":"https:\/\/www.squareone.ca\/fr\/maison\/cablage-aluminium","title":{"rendered":"Assurance pour maison avec c\u00e2blage en aluminium"},"content":{"rendered":"<section class=\"py-5 mb-3\">\r\n\t<div class=\"container-fluid my-6\">\r\n\t\t<div class=\"row\">\r\n\t\t\t<div class=\"col-12 col-lg-6 offset-lg-1 mb-3\">\r\n\t\t\t\t<div class=\"h6 mb-4 text-primary text-uppercase\">Une protection int\u00e9grale pour votre maison et vos biens meubles<\/div>\r\n\t\t\t\t<h1>Assurance pour maison avec du c\u00e2blage en aluminium<\/h1>\r\n\t\t\t<\/div>\r\n\t\t\t<div class=\"col-12 col-lg-7 offset-lg-1 mb-4\">\r\n\t\t\t\t<p class=\"display-4\">\r\n\t\t\t\t\tTypiquement, il est plus difficile de souscrire une police pour une maison avec du c\u00e2blage en aluminium. Ce n\u2019est pas le cas chez Assurances Square One. Chez nous, il est facile d\u2019assurer votre maison. En fait, votre police d\u2019assurance maison chez Square One comprend la protection compr\u00e9hensive et la couverture pour le co\u00fbt de r\u00e9paration ou de reconstruction garanti. Lisez la suite pour d\u00e9couvrir comment vous pouvez souscrire une police \u00e0 75\u00a0$\/mois environ.\r\n\t\t\t\t<\/p>\r\n\t\t\t\t<a href=\"#populate_recent_reviews\"><img loading=\"lazy\" decoding=\"async\" src=\"\/sales\/images\/icons\/icon-arrow-down.svg\" width=\"16\" height=\"16\"><\/a>\r\n\t\t\t<\/div>\r\n\t\t<\/div>\r\n\t<\/div>\r\n<\/section>","protected":false},"excerpt":{"rendered":"<p>Une protection int\u00e9grale pour votre maison et vos biens meubles Assurance pour maison avec du c\u00e2blage en aluminium Typiquement, il est plus difficile de souscrire une police pour une maison avec du c\u00e2blage en aluminium. Ce n\u2019est pas le cas chez Assurances Square One. Chez nous, il est facile d\u2019assurer votre maison. En fait, votre [&hellip;]<\/p>\n","protected":false},"author":2,"featured_media":0,"parent":48133,"menu_order":0,"comment_status":"open","ping_status":"closed","template":"page-custom-top.php","meta":{"_acf_changed":false,"footnotes":""},"class_list":["post-48207","page","type-page","status-publish","hentry"],"acf":[],"_links":{"self":[{"href":"https:\/\/www.squareone.ca\/fr\/wp-json\/wp\/v2\/pages\/48207","targetHints":{"allow":["GET"]}}],"collection":[{"href":"https:\/\/www.squareone.ca\/fr\/wp-json\/wp\/v2\/pages"}],"about":[{"href":"https:\/\/www.squareone.ca\/fr\/wp-json\/wp\/v2\/types\/page"}],"author":[{"embeddable":true,"href":"https:\/\/www.squareone.ca\/fr\/wp-json\/wp\/v2\/users\/2"}],"replies":[{"embeddable":true,"href":"https:\/\/www.squareone.ca\/fr\/wp-json\/wp\/v2\/comments?post=48207"}],"version-history":[{"count":1,"href":"https:\/\/www.squareone.ca\/fr\/wp-json\/wp\/v2\/pages\/48207\/revisions"}],"predecessor-version":[{"id":48211,"href":"https:\/\/www.squareone.ca\/fr\/wp-json\/wp\/v2\/pages\/48207\/revisions\/48211"}],"up":[{"embeddable":true,"href":"https:\/\/www.squareone.ca\/fr\/wp-json\/wp\/v2\/pages\/48133"}],"wp:attachment":[{"href":"https:\/\/www.squareone.ca\/fr\/wp-json\/wp\/v2\/media?parent=48207"}],"curies":[{"name":"wp","href":"https:\/\/api.w.org\/{rel}","templated":true}]}}