{"id":48213,"date":"2021-07-20T17:36:16","date_gmt":"2021-07-21T00:36:16","guid":{"rendered":"https:\/\/www.squareone.ca\/autres-types-assurance-habitation\/assurance-maison-ancienne"},"modified":"2021-07-28T16:31:41","modified_gmt":"2021-07-28T23:31:41","slug":"assurance-maison-ancienne","status":"publish","type":"page","link":"https:\/\/www.squareone.ca\/fr\/maison\/ancienne","title":{"rendered":"Assurance maison ancienne"},"content":{"rendered":"<section class=\"py-5 mb-3\">\r\n\t<div class=\"container-fluid my-6\">\r\n\t\t<div class=\"row\">\r\n\t\t\t<div class=\"col-12 col-lg-6 offset-lg-1 mb-3\">\r\n\t\t\t\t<div class=\"h6 mb-4 text-primary text-uppercase\">Une protection int\u00e9grale pour votre maison ancienne et vos biens meubles<\/div>\r\n\t\t\t\t<h1>Assurance maison ancienne \u00e0 75\u00a0$\/mois environ<\/h1>\r\n\t\t\t<\/div>\r\n\t\t\t<div class=\"col-12 col-lg-7 offset-lg-1 mb-4\">\r\n\t\t\t\t<p class=\"display-4\">\r\n\t\t\t\t\tTypiquement, il est plus difficile de souscrire une assurance pour les maisons anciennes. Ce n\u2019est pas le cas chez Assurances Square One. Chez nous, il est facile de trouver la bonne assurance habitation. Square One propose l\u2019unique police en Am\u00e9rique du Nord personnalis\u00e9e \u00e0 vos besoins individuels. Vous avez \u00e9galement droit \u00e0 une vaste gamme de solutions de couvertures et de franchises. Et, \u00e0 la diff\u00e9rence des fournisseurs d\u2019assurance habitation traditionnels, vous n\u2019\u00eates pas oblig\u00e9 de souscrire une protection dont vous n\u2019avez pas besoin. Lisez la suite pour d\u00e9couvrir comment vous pouvez souscrire une police \u00e0 75\u00a0$\/mois environ.\r\n\t\t\t\t<\/p>\r\n\t\t\t\t<a href=\"#populate_recent_reviews\"><img loading=\"lazy\" decoding=\"async\" src=\"\/sales\/images\/icons\/icon-arrow-down.svg\" width=\"16\" height=\"16\"><\/a>\r\n\t\t\t<\/div>\r\n\t\t<\/div>\r\n\t<\/div>\r\n<\/section>","protected":false},"excerpt":{"rendered":"<p>Une protection int\u00e9grale pour votre maison ancienne et vos biens meubles Assurance maison ancienne \u00e0 \/mois environ Typiquement, il est plus difficile de souscrire une assurance pour les maisons anciennes. Ce n\u2019est pas le cas chez Assurances Square One. Chez nous, il est facile de trouver la bonne assurance habitation. Square One propose l\u2019unique police [&hellip;]<\/p>\n","protected":false},"author":2,"featured_media":0,"parent":48133,"menu_order":0,"comment_status":"open","ping_status":"closed","template":"page-custom-top.php","meta":{"_acf_changed":false,"footnotes":""},"class_list":["post-48213","page","type-page","status-publish","hentry"],"acf":[],"_links":{"self":[{"href":"https:\/\/www.squareone.ca\/fr\/wp-json\/wp\/v2\/pages\/48213","targetHints":{"allow":["GET"]}}],"collection":[{"href":"https:\/\/www.squareone.ca\/fr\/wp-json\/wp\/v2\/pages"}],"about":[{"href":"https:\/\/www.squareone.ca\/fr\/wp-json\/wp\/v2\/types\/page"}],"author":[{"embeddable":true,"href":"https:\/\/www.squareone.ca\/fr\/wp-json\/wp\/v2\/users\/2"}],"replies":[{"embeddable":true,"href":"https:\/\/www.squareone.ca\/fr\/wp-json\/wp\/v2\/comments?post=48213"}],"version-history":[{"count":1,"href":"https:\/\/www.squareone.ca\/fr\/wp-json\/wp\/v2\/pages\/48213\/revisions"}],"predecessor-version":[{"id":48793,"href":"https:\/\/www.squareone.ca\/fr\/wp-json\/wp\/v2\/pages\/48213\/revisions\/48793"}],"up":[{"embeddable":true,"href":"https:\/\/www.squareone.ca\/fr\/wp-json\/wp\/v2\/pages\/48133"}],"wp:attachment":[{"href":"https:\/\/www.squareone.ca\/fr\/wp-json\/wp\/v2\/media?parent=48213"}],"curies":[{"name":"wp","href":"https:\/\/api.w.org\/{rel}","templated":true}]}}