{"id":48218,"date":"2021-07-21T07:35:34","date_gmt":"2021-07-21T14:35:34","guid":{"rendered":"https:\/\/www.squareone.ca\/soulager-la-douleur-liee-aux-paiements"},"modified":"2025-06-19T15:29:07","modified_gmt":"2025-06-19T22:29:07","slug":"soulager-la-douleur-des-paiements","status":"publish","type":"page","link":"https:\/\/www.squareone.ca\/fr\/centres-ressources\/bases-assurance\/moyens-economiser","title":{"rendered":"9 fa\u00e7ons d&rsquo;\u00e9conomiser de l&rsquo;argent sur votre assurance habitation"},"content":{"rendered":"<section id=\"intro\" class=\"bg-shape-split bg-sub-page-hero\">\r\n<div class=\"bg-position\">\r\n<div class=\"container-fluid\">\r\n<div class=\"row align-items-center\">\r\n<div class=\"col-12 col-lg-8\">\r\n<h1>9 fa\u00e7ons d&rsquo;\u00e9conomiser de l&rsquo;argent sur votre assurance habitation<\/h1>\r\n  <strong>Article r\u00e9dig\u00e9 par l'\u00e9quipe de Square One<\/strong>\r\n<p><strong>\u00c9valu\u00e9 par <a href=\"\/fr\/a-propos-de-nous\/experts\/daniel-mirkovic\" title=\"Expert : Daniel Mirkovic\">Daniel Mirkovic<\/a><\/strong><\/p>\r\n<p class=\"pb-4\" style=\"margin-top:-24px\">Mis \u00e0 jour le 24 juin 2024<\/p>\t\r\n\r\n<\/div>\r\n<\/div>\r\n<div class=\"row\">\r\n<div class=\"col-lg-8\">\r\n<p class=\"display-4\">De nombreux clients de l&rsquo;assurance habitation se demandent ce qu&rsquo;ils peuvent faire pour maintenir leur prime \u00e0 un niveau aussi bas que possible. Bien que les taux d&rsquo;assurance puissent varier et fluctuent effectivement au fil du temps, il existe un certain nombre de moyens pour les clients de contr\u00f4ler leur prime d&rsquo;assurance habitation en adaptant leur couverture et en prenant des mesures proactives pour r\u00e9duire les risques.<\/p>\r\n<p class=\"pt-2\"><img loading=\"lazy\" decoding=\"async\" src=\"https:\/\/cdn.squareone.ca\/wp-content\/uploads\/2021\/10\/18145039\/Ways-to-save-on-home-insurance.jpg\" title=\"9 fa\u00e7ons d\u2019\u00e9conomiser de l\u2019argent sur votre assurance habitation\" alt=\"Une tirelire\" width=\"248\" height=\"165\" class=\"img-fluid\" rel=\"noopener noreferrer\" \/><\/p>\r\n<\/div>\r\n\r\n<div class=\"col-lg-3 offset-lg-1\">\r\n<p class=\"mb-2 display-4 pt-4 pt-lg-0 pt-mb-0\"><strong>Th\u00e8mes<\/strong><\/p>\r\n\r\n<ul class=\"list-unstyled link-list display-4\">\r\n \t<li><a href=\"#franchise\">Augmenter la franchise<\/a><\/li>\r\n \t<li><a href=\"#inutile\">Couvertures inutiles<\/a><\/li>\r\n \t<li><a href=\"#surassurer\">Ne pas surassurer<\/a><\/li>\r\n \t<li><a href=\"#reclamations\">R\u00e9fl\u00e9chir aux r\u00e9clamations<\/a><\/li>\r\n \t<li><a href=\"#entretenir\">Entretenir votre maison<\/a><\/li>\r\n \t<li><a href=\"#plomberie\">Remplacer la plomberie en plastique<\/a><\/li>\r\n \t<li><a href=\"#moderniser\">Moderniser l&rsquo;habitation<\/a><\/li>\r\n \t<li><a href=\"#facturation\">Facturation mensuelle gratuite<\/a><\/li>\r\n \t<li><a href=\"#comparer\">Comparer les fournisseurs<\/a><\/li>\r\n \t <li><a href=\"#WaysToSaveMoney_FAQ\">Questions fr\u00e9quemment pos\u00e9es<\/a><\/li>\r\n<\/ul>\r\n<\/div>\r\n<\/div>\r\n<\/div>\r\n<\/div>\r\n<div class=\"bg-bottom\"><\/div>\r\n<\/section><section id=\"tips\">\r\n<div class=\"container-fluid py-6\">\r\n<div class=\"row\">\r\n<div class=\"col-12 col-lg-8\">\r\n<ol class=\"pb-4\">\r\n<div class=\"row pb-6\">\r\n                    <div class=\"col-12\">\r\n                        <div class=\"card review\" style='background-color:#FFE0C9'>\r\n                            <div class=\"card-body\">\r\n                                <p class=\"h3\">L&rsquo;essentiel<\/p>\r\n                                <ul class='mb-0'>\r\n                                    <li>Les primes d&rsquo;assurance habitation varient, mais les titulaires de police ont des options pour r\u00e9duire la prime.<\/li>\r\n                                    <li>Le fait d&rsquo;augmenter la franchise est l&rsquo;un des moyens les plus faciles pour r\u00e9duire le co\u00fbt de l&rsquo;assurance.<\/li>\r\n                                    <li>La comparaison de votre police actuelle avec des soumissions de la part d&rsquo;autres fournisseurs pourraient vous montrer des primes moins \u00e9lev\u00e9es.<\/li>\r\n                                <\/ul>\r\n                            <\/div>\r\n                        <\/div>\r\n                    <\/div>\r\n                <\/div>\r\n\r\n \t<li id=\"franchise\">\r\n<h3>Augmenter la franchise<\/h3>\r\n<p>Historiquement, les polices d&rsquo;assurance habitation offraient g\u00e9n\u00e9ralement une <a title=\"Qu\u2019est-ce qu\u2019une franchise et quelles sont les solutions propos\u00e9es?\" href=\"\/fr\/centres-ressources\/bases-assurance\/choisir-la-franchise-appropriee\">franchise normale<\/a> de 500\u00a0$. Au fil du temps, avec l&rsquo;augmentation de la valeur des biens et la hausse des tarifs, la franchise normale s&rsquo;\u00e9l\u00e8ve \u00e0 1\u00a0000\u00a0$. Dans de nombreux cas, les compagnies d&rsquo;assurance surtaxent les polices en \u00e9change du maintien de la franchise de 500\u00a0$. \u00c9tant donn\u00e9 que l&rsquo;assurance est destin\u00e9e \u00e0 faire face aux \u00ab\u00a0gros\u00a0\u00bb sinistres , et non \u00e0 l&rsquo;entretien ou aux petits sinistres, vous pouvez g\u00e9n\u00e9ralement r\u00e9aliser des \u00e9conomies importantes en choisissant une franchise plus \u00e9lev\u00e9e.<\/p>\r\n\r\n<p>Nous vous sugg\u00e9rons de choisir la franchise la plus \u00e9lev\u00e9e que vous seriez financi\u00e8rement \u00e0 l&rsquo;aise de payer en cas de sinistre; vous vous assurerez ainsi que votre prime est aussi basse que possible, sans vous mettre en mauvaise posture si un sinistre devait survenir. N&rsquo;oubliez pas que les \u00e9conomies sur les franchises \u00ab\u00a0plafonneront\u00a0\u00bb \u00e0 un certain niveau, au-del\u00e0 duquel il ne sera pas utile d&rsquo;aller plus haut. Consultez votre <a title=\"D\u00e9finition : assureur\" href=\"\/fr\/centres-ressources\/lexique-assurance\/assureur\">fournisseur d&rsquo;assurance<\/a> pour obtenir une s\u00e9rie de soumissions sur les franchises, et choisissez celle qui repr\u00e9sente le bon \u00e9quilibre pour vous.<\/p><\/li>\r\n \t<li id=\"inutile\">\r\n<h3>Couvertures inutiles<\/h3>\r\n<p>Que faire si vous n&rsquo;avez pas de garage ou de clubs de golf? La plupart des polices d&rsquo;assurance habitation comprennent une couverture pour ces biens, que vous les poss\u00e9diez ou non. Pourquoi payer pour une couverture dont vous n&rsquo;avez pas besoin? Chez Square One, nous vous permettons de personnaliser votre police et de supprimer les couvertures dont vous n&rsquo;avez pas besoin ou que vous ne voulez pas souscrire, en vous proposant une  prime qui comble vos besoins plut\u00f4t qu&rsquo;un tarif \u00ab\u00a0taille unique\u00a0\u00bb.<\/p><\/li>\r\n \t<li id=\"surassurer\">\r\n<h3>Ne pas surassurer<\/h3>\r\n<p> Dressez une <a href=\"\/fr\/centres-ressources\/bases-assurance\/remplacement-biens-meubles\" title=\"Liste d\">liste d&rsquo;inventaire de la maison<\/a>. Si vous ne poss\u00e9dez que 60\u00a0000\u00a0$ de biens meubles, vous ne devriez pas payer davantage. La plupart des polices d&rsquo;assurance habitation vous obligent d&rsquo;assurer vos biens meubles pour un montant arbitraire bas\u00e9 sur la valeur de votre habitation, sans tenir compte du montant d&rsquo;assurance dont vous avez r\u00e9ellement besoin. Cela peut donner lieu \u00e0 la surassurance de vos biens meubles, ce qui ne sert \u00e0 rien puisque la police ne paiera que pour ce que vous poss\u00e9dez r\u00e9ellement.<\/p>\r\n\r\n<p>Cela peut \u00e9galement entra\u00eener la sous-assurance, ce qui vous laisserait sans ressources en cas de sinistre. Pour vous prot\u00e9ger contre l&rsquo;une ou l&rsquo;autre de ces situations, faites l&rsquo;inventaire de votre foyer et souscrivez une assurance qui comble vos besoins sp\u00e9cifiques.<\/p><\/li>\r\n \t<li>\r\n<h3>Ne pas surassurer l&rsquo;habitation<\/h3>\r\n<p>Assurez votre maison pour le montant qu&rsquo;il vous en <a href=\"\/fr\/centres-ressources\/proprietaire-occupant\/couverture-cout-reparation-reconstruction-garanti\" title=\"Co\u00fbt de r\u00e9paration ou de reconstruction garanti : le guide int\u00e9gral\">co\u00fbterait pour la reconstruire<\/a>, et non pour le prix que vous avez pay\u00e9. Lorsque vous avez achet\u00e9 votre maison, vous avez pay\u00e9 le prix du march\u00e9 pour la maison et le terrain. Selon la date d&rsquo;achat et l&rsquo;endroit o\u00f9 vous vivez, ce prix peut \u00eatre beaucoup plus \u00e9lev\u00e9 que le co\u00fbt de reconstruction. Si vous vous assurez pour plus, vous payez trop cher. Dans le m\u00eame ordre d&rsquo;id\u00e9es, il ne faut pas sous-assurer la maison\u00a0: si vous pouvez \u00e9conomiser quelques dollars sur vos primes d&rsquo;assurance, l&rsquo;impact financier d&rsquo;une couverture inad\u00e9quate peut \u00eatre paralysant en cas de sinistre important.<\/p><\/li>\r\n \t<li id=\"reclamations\">\r\n<h3>Tenir compte des augmentations potentielles des primes lors d&rsquo;une demande de r\u00e9clamation<\/h3>\r\n<p>L&rsquo;assurance a toujours \u00e9t\u00e9 destin\u00e9e \u00e0 vous aider \u00e0 vous remettre des <a href=\"\/fr\/centres-ressources\/lexique-assurance\/perte-totale\" title=\"D\u00e9finition : perte totale\">pertes importantes<\/a> que vous ne pouvez pas g\u00e9rer seul. Sachez que la pr\u00e9sentation de plusieurs r\u00e9clamations mineures aura une incidence sur votre prime. Les r\u00e9ductions pour absence de sinistre, et m\u00eame les surprimes, peuvent, avec le temps, d\u00e9passer consid\u00e9rablement la valeur des r\u00e9clamations minueres. Si vous avez une franchise de 500\u00a0$ et que vous perdez un t\u00e9l\u00e9viseur de 600\u00a0$, demandez-vous si cela vaut vraiment la peine de faire une r\u00e9clamation pour r\u00e9cip\u00e9rer 100\u00a0$.<\/p>\r\n\r\n<p>Si vous b\u00e9n\u00e9ficiez d&rsquo;un rabais pour ne pas avoir de sinistres, vous pourriez le perdre, et si vous avez plus d&rsquo;un sinistre, une surcharge pourrait \u00eatre appliqu\u00e9e \u00e0 votre police.<\/p><\/li>\r\n \t<li id=\"entretenir\">\r\n<h3>Entretenir votre maison<\/h3>\r\n<p>Si vous r\u00e9parez des marches dangereuses ou remplacez une terrasse pourrie, vous r\u00e9duirez le risque que quelqu&rsquo;un soit bless\u00e9 sur vos lieux. C&rsquo;est en privil\u00e9giant la s\u00e9curit\u00e9 de vos lieux que vous r\u00e9duisez la probabilit\u00e9 de sinistres, ce qui signifie que vous n&rsquo;aurez pas de franchises \u00e0 payer et que vous ne perdrez pas les r\u00e9ductions pour absence de sinistre en vertu de votre police d&rsquo;assurance habitation.<\/p><\/li>\r\n \t<li id=\"plomberie\">\r\n<h3>Remplacer les tuyaux de plomberie en plastique par des tuyaux en acier tress\u00e9<\/h3>\r\n<p><a title=\"Assurance contre les d\u00e9g\u00e2ts d'eau\" href=\"\/fr\/habitation\/eau\">Les sinistes li\u00e9s aux d\u00e9gats d&rsquo;eau<\/a> constituent de loin la cat\u00e9gorie la plus importante de pertes r\u00e9gl\u00e9es par les compagnies d&rsquo;assurance. Les tuyaux d&rsquo;appareils \u00e9lectrom\u00e9nagers en caoutchouc et en plastique contribuent grandement aux d\u00e9g\u00e2ts d&rsquo;eau, car ils s&rsquo;ass\u00e8chent, se gonflent et \u00e9clatent avec le temps. La rupture d&rsquo;un tuyau peut causer des milliers de dollars de dommages en quelques minutes, et un tuyau qui \u00e9clate pendant votre absence de quelques heures peut facilement causer des dizaines de milliers de dollars de dommages. De plus, pensez \u00e0 la perturbation de votre mode de vie qui s&rsquo;ensuit si votre maison doit \u00eatre d\u00e9molie, ass\u00e9ch\u00e9e ou partiellement reconstruite.<\/p>\r\n\r\n<p>Prot\u00e9gez votre maison, r\u00e9duisez les risques de sinistre et maintenez vos tarifs \u00e0 un niveau bas, simplement en rempla\u00e7ant les tuyaux par des tuyaux en acier tress\u00e9!<\/p><\/li>\r\n \t<li id=\"moderniser\">\r\n<h3>Moderniser l&rsquo;habitation<\/h3>\r\n<p> Le toit de votre maison <a href=\"\/fr\/centres-ressources\/ameliorations-domiciliaires\/types-de-toiture\">est-il pr\u00e8s de la fin de son esp\u00e9rance de vie<\/a>? Votre <a href=\"\/fr\/centres-ressources\/connaitre-votre-habitation\/reservoir-eau-chaude\" title=\"Initiation aux r\u00e9servoirs d\u2019eau chaude\">r\u00e9servoir d&rsquo;eau chaude<\/a> a-t-il plus de dix ans ou commence-t-il \u00e0 rouiller et \u00e0 montrer des signes d&rsquo;usure? Votre fournaise a-t-elle des probl\u00e8mes ou semble-t-elle fonctionner en permanence? En gardant ces \u00e9l\u00e9ments \u00e0 jour, vous pouvez \u00e9viter un gros sinistre et b\u00e9n\u00e9ficier d&rsquo;un tarif r\u00e9duit aupr\u00e8s de votre compagnie d&rsquo;assurance.<\/p><\/li>\r\n \t<li id=\"facturation\">\r\n<h3>Trouvez une compagnie d&rsquo;assurance qui offre une facturation mensuelle gratuite<\/h3>\r\n<p>Si vous pr\u00e9f\u00e9rez payer votre assurance par mensualit\u00e9s, vous risquez de payer plus cher en raison des frais de financement factur\u00e9s par la plupart des fournisseurs d&rsquo;assurance. Chez Square One, nous proposons des paiements mensuels sans frais de financement ni frais d&rsquo;int\u00e9r\u00eat.<\/p><\/li>\r\n<\/ol>\r\n<\/div>\r\n<\/div>\r\n<\/div>\r\n<\/section>\t<section class=\"bg-transparent\">\n\t\t<img decoding=\"async\" src=\"\/sales\/images\/bgs\/bg-mid-page-cta-general-top.svg\" style=\"width: 100%; vertical-align: bottom; position: relative; top: 1px\"\/>\n\t\t\n\t\t<div class=\"bg-darkTeal py-3\">\t\t\t\n\t\t\t<div class=\"container-fluid\">\n\t\t\t\t<div class=\"row d-flex align-items-center pb-5\">\n\t\t\t\t\t<div class=\"col-12 col-md-8 offset-md-2 px-lg-5 pb-5 pb-lg-0\">\n\t\t\t\t\t\t<div class=\"h6 mb-4 text-primary text-uppercase text-center\">\n\t\t\t\t\t\t\tCela ne prend que 5\u00a0minutes \n\t\t\t\t\t\t<\/div>\t\t\n\t\t\t\t\t\t\t\t\t\t\t\n\t\t\t\t\t\t<p class=\"lead px-lg-5 text-white\">\n\t\t\t\t\t\t\t<strong class=\"d-inline-block text-uc-first\">Pr\u00eat \u00e0 obtenir une soumission en ligne? <\/strong> Votre temps est aussi pr\u00e9cieux que vos possessions. Obtenez une soumission d'assurance habitation en <strong>5 minutes<\/strong>. C\u2019est moins de temps qu\u2019il n\u2019en faut pour faire la file pour un caf\u00e9.\n\t\t\t\t\t\t<\/p>\t\t\t\n\t\n\t\t\t\t\t\t<div id=\"sq1-qw-2717f10f0db8\" class=\"sq1-quote-widget mb-4 text-white\" data-quote-widget-type=\"HOME\" data-has-custom-text=\"true\">\n\t\t\t\t\t\t\t<div class=\"input-group input-group-focus-within bg-white my-4\">\n\t\t\t\t\t\t\t\t<div>\n\t\t\t\t\t\t\t\t\t<div class=\"input-group-text\">\n\t\t\t\t\t\t\t\t\t\t<i class=\"fa fa-map-marker d-block text-black\"><\/i>\n\t\t\t\t\t\t\t\t\t<\/div>\n\t\t\t\t\t\t\t\t<\/div>\n\t\t\t\t\t\t\t\t<input type=\"text\" class=\"form-control\" style=\"padding: 10px;\" placeholder=\"Enter an address\" aria-label=\"Inscrivez votre adresse pour obtenir une soumission\"\/>\n\t\t\t\t\t\t\t\t<div>\n\t\t\t\t\t\t\t\t\t<button class=\"btn btn-primary\">Obtenir une soumission en ligne d\u00e8s maintenant<\/button>\n\t\t\t\t\t\t\t\t<\/div>\n\t\t\t\t\t\t\t<\/div>\n\t\t\t\t\t\t<\/div>\n\t\t\t\t\t\t\n\t\t\t\t\t\t<p class=\"small text-white\">Avant de commencer, veuillez lire notre <a href=\"https:\/\/www.squareone.ca\/fr\/politique-confidentialite\" target=\"_blank\" rel=\"noreferrer noopener\">Politique de confidentialit\u00e9<\/a> et nos <a href=\"https:\/\/www.squareone.ca\/fr\/conditions-utilisation\" target=\"_blank\" rel=\"noreferrer noopener\">Conditions d\u2019utilisation<\/a>.<\/p>\t\n\t\n\t\t\t\t\t\t<script type=\"text\/javascript\">\n\t\t\t\t\t\t(function() {\n\t\t\t\t\t\t\tdocument.addEventListener('soiMiscJsLoaded', function() {\n\t\t\t\t\t\t        $(document).ready(function() {\n\t\t\t\t\t\t\t\t\tsoiQuoteWidget.processFormWidget('\/sales\/index.php\/json_quote_widget?rand=' +Math.random(), 'qwContainer'); \/\/populate quoting widget with content from symfony.\n\t\t\t\t\t\t\t\t});\n\t\t\t\t\t\t\t});\n\t\t\t\t\t\t})();\n\t\t\t\t\t\t<\/script>\n\t\t\t\t\t<\/div>\n\t\t\t\t<\/div>\n\t\t\t<\/div>\n\t\t<\/div>\n\t\t\n\t\t<img decoding=\"async\" src=\"\/sales\/images\/bgs\/bg-mid-page-cta-general-bottom.svg\" style=\"width: 100%; vertical-align: top\"\/>\t\t\n\t<\/section>\r\n\r\n<section>\r\n<div class=\"container-fluid py-6\">\r\n<div class=\"row\">\r\n<div class=\"col-12 col-lg-8\">\r\n<h2 id=\"comparer\">Comment puis-je comparer mes primes avec celles d&rsquo;autres assureurs?<\/h2>\r\n<p>De temps \u00e0 autre, il est bon de comparer la prime de votre police avec d&rsquo;autres options. En moyenne, les locataires \u00e0 Montr\u00e9al paient 26,70\u00a0$ par mois pour l&rsquo;assurance habitation, alors que les propri\u00e9taires occupants, eux, paient 100,20\u00a0$ par mois. Voulez-vous savoir comment le co\u00fbt de votre <a href=\"\/fr\/habitation\" Title=\"Assurance Habitation\">assurance habitation Square One<\/a> se compare \u00e0 celui d&rsquo;autres personnes ayant des besoins similaires?<\/p>\r\n\r\n<p>Souvent, nous demandons \u00e0 nos amis, \u00e0 notre famille et \u00e0 d&rsquo;autres personnes en qui nous avons confiance de nous donner leur avis, de nous dire combien ils paient et quels assureurs ils pr\u00e9f\u00e8rent. Cependant, la meilleure fa\u00e7on d&rsquo;obtenir une comparaison \u00e9quitable est de trouver un grand nombre de personnes ayant un profil similaire, notamment leur lieu de r\u00e9sidence, la valeur de leur maison, le type de logement et d&rsquo;autres d\u00e9tails.<\/p>\r\n\r\n<p>Le fait de prendre quelques petits pas peut se traduire par des \u00e9conomies \u00e9normest!<\/p>  \r\n\r\n<h2 id=\"WaysToSaveMoney_FAQ\">Questions fr\u00e9quemment pos\u00e9es<\/h2>\r\n \r\n<h3>Pourquoi ma prime d\u2019assurance habitation a mont\u00e9?<\/h3>\r\n<p>Il existe plusieurs raisons pour lesquelles votre prime d\u2019assurance augmente (ou baisse) d\u2019ann\u00e9e en ann\u00e9e. La raison la plus courante pour les augmentations des primes est la hausse des frais de r\u00e9clamations chez les assureurs, souvent en raison des catastrophes naturelles. Par ailleurs, si vous pr\u00e9sentez des r\u00e9clamations ou modifiez votre habitation pendant l\u2019ann\u00e9e, votre prime pourrait augmenter. Il est \u00e9galement possible que votre fournisseur d\u2019assurance ait chang\u00e9 la mani\u00e8re dont il calcule les primes.<\/p>\r\n\r\n<h3>Quels rabais existent pour mon assurance habitation?<\/h3>\r\n<p>Les rabais d\u2019assurance habitation, qui varient entrent les fournisseurs, sont souvent offerts pour des dispositifs s\u00e9curitaires, comme les clapets anti-refoulement ou les syst\u00e8mes de s\u00e9curit\u00e9. La majorit\u00e9 des fournisseurs offrent un rabais pour un dossier sans sinistres si vous avez pass\u00e9 un bon moment sans pr\u00e9senter de r\u00e9clamation. En outre, les fournisseurs d\u2019assurance offrent des rabais d\u2019anciennet\u00e9 pour les clients plus \u00e2g\u00e9s.<\/p>\r\n\r\n<h3>Puis-je modifier ma police et changer mes couvertures en tout temps?<\/h3>\r\n<p>La plupart des fournisseurs vous permettent de modifier votre police au besoin. Par contre, si vos changements comprennent la r\u00e9siliation de votre police, il peut y avoir des frais \u00e0 r\u00e9gler. Si votre habitation subit des modifications importantes (comme un changement d\u2019occupation ou une r\u00e9novation majeure), vous devriez en informer votre fournisseur d\u2019assurance habitation dans les plus brefs d\u00e9lais.<\/p>\r\n\r\n<p><strong>Vous voulez en savoir plus?<\/strong> Consultez notre <a href=\"\/fr\/centres-ressources\/bases-assurance\" title=\"Centre de ressources : bases de l\u2019assurance habitation\">Centre de ressources&nbsp;: bases de l\u2019assurance habitation<\/a> pour acc\u00e9der \u00e0 des dizaines d\u2019articles pratiques pour vous guider sur les tenants et aboutissants de l\u2019assurance habitation. Ensuite, <a href=\"\/fr\/soumission-assurance-habitation-en-ligne\" title=\"Obtenir une soumission d\u2019assurance habitation en ligne\">obtenez une soumission d'assurance habitation en ligne<\/a> en moins de 5\u00a0minutes et d\u00e9couvrez \u00e0 quel point l\u2019assurance habitation personnalis\u00e9e peut \u00eatre abordable.<\/p>\r\n\r\n<div class=\"row py-3\">\r\n<div class=\"col-12\">\r\n<div class=\"card review\" style=\"box-shadow: 0 2px 4px rgba(0,0,0,0.07);background-color:#f4f4f4;\">\r\n<div class=\"card-body\">\r\n\t<p class=\"text-primary h4\">\u00c0 propos de l\u2019expert&nbsp;: Daniel Mirkovic<\/p>\r\n\t<p>Cofondateur de Square One comptant plus de 25&nbsp;ans dans le secteur de l\u2019assurance, Daniel \u00e9tait vice-pr\u00e9sident des services d\u2019assurance et de voyage de la British Columbia Automobile Association (BCAA). Daniel est titulaire d'un baccalaur\u00e9at \u00e8s commerce et d'une ma\u00eetrise \u00e8s administration des affaires, tous deux obtenus \u00e0 la Sauder School of Business de l'universit\u00e9 de la Colombie-Britannique. Daniel est muni de la d\u00e9signation CAAC et d\u2019un certificat en assurance de dommages niveau&nbsp;3 en Colombie-Britannique, en Alberta, en Saskatchewan, au Manitoba et en Ontario.<\/p>\r\n<\/div>\r\n<\/div>\r\n<\/div>\r\n<\/div>\r\n\r\n<\/div>\r\n<\/div>\r\n<\/div>\r\n<\/section>\r\n<script type=\"application\/ld+json\">\r\n{\r\n  \"@context\": \"https:\/\/schema.org\",\r\n  \"@type\": \"WebPage\",\r\n  \"mainEntityOfPage\": {\r\n    \"@type\": \"Article\",\r\n    \"@id\": \"https:\/\/www.squareone.ca\/fr\/centres-ressources\/bases-assurance\/moyens-economiser\"\r\n  },\r\n  \"author\": [\r\n    {\r\n      \"@type\": \"Person\",\r\n      \"name\": \"Square One team\"\r\n    }\r\n  ],\r\n  \"reviewedBy\": [\r\n    {\r\n      \"@type\": \"Person\",\r\n      \"name\": \"Daniel Mirkovic\",\r\n      \"url\": \"https:\/\/www.squareone.ca\/fr\/a-propos-de-nous\/experts\/daniel-mirkovic\"\r\n    }\r\n  ],\r\n  \"headline\": \"9 fa\u00e7ons d'\u00e9conomiser de l'argent sur votre assurance habitation\",\r\n  \"datePublished\": \"\",\r\n  \"dateModified\": \"\",\r\n  \"inLanguage\": \"fr-CA\",\r\n  \"isAccessibleForFree\": true\r\n}\r\n<\/script>\r\n<script type=\"application\/ld+json\">\r\n{\r\n  \"@context\": \"https:\/\/schema.org\",\r\n  \"@type\": \"FAQPage\",\r\n  \"mainEntity\": [{\r\n    \"@type\": \"Question\",\r\n    \"name\": \"Pourquoi ma prime d\u2019assurance habitation a mont\u00e9?\",\r\n    \"acceptedAnswer\": {\r\n      \"@type\": \"Answer\",\r\n      \"text\": \"Il existe plusieurs raisons pour lesquelles votre prime d\u2019assurance augmente (ou baisse) d\u2019ann\u00e9e en ann\u00e9e. La raison la plus courante pour les augmentations des primes est la hausse des frais de r\u00e9clamations chez les assureurs, souvent en raison des catastrophes naturelles. Par ailleurs, si vous pr\u00e9sentez des r\u00e9clamations ou modifiez votre habitation pendant l\u2019ann\u00e9e, votre prime pourrait augmenter. Il est \u00e9galement possible que votre fournisseur d\u2019assurance ait chang\u00e9 la mani\u00e8re dont il calcule les primes.\"\r\n    }\r\n  },{\r\n    \"@type\": \"Question\",\r\n    \"name\": \"Quels rabais existent pour mon assurance habitation?\",\r\n    \"acceptedAnswer\": {\r\n      \"@type\": \"Answer\",\r\n      \"text\": \"Les rabais d\u2019assurance habitation, qui varient entrent les fournisseurs, sont souvent offerts pour des dispositifs s\u00e9curitaires, comme les clapets anti-refoulement ou les syst\u00e8mes de s\u00e9curit\u00e9. La majorit\u00e9 des fournisseurs offrent un rabais pour un dossier sans sinistres si vous avez pass\u00e9 un bon moment sans pr\u00e9senter de r\u00e9clamation. En outre, les fournisseurs d\u2019assurance offrent des rabais d\u2019anciennet\u00e9 pour les clients plus \u00e2g\u00e9s.\"\r\n    }\r\n  },{\r\n    \"@type\": \"Question\",\r\n    \"name\": \"Puis-je modifier mon assurance habitation police et changer mes couvertures en tout temps?\",\r\n    \"acceptedAnswer\": {\r\n      \"@type\": \"Answer\",\r\n      \"text\": \"La plupart des fournisseurs vous permettent de modifier votre police au besoin. Par contre, si vos changements comprennent la r\u00e9siliation de votre police, il peut y avoir des frais \u00e0 r\u00e9gler. Si votre habitation subit des modifications importantes (comme un changement d\u2019occupation ou une r\u00e9novation majeure), vous devriez informer votre fournisseur d\u2019assurance habitation dans les plus brefs d\u00e9lais.\"\r\n    }\r\n  }]\r\n}\r\n<\/script>","protected":false},"excerpt":{"rendered":"<p>9 fa\u00e7ons d&rsquo;\u00e9conomiser de l&rsquo;argent sur votre assurance habitation \u00c9valu\u00e9 par Daniel Mirkovic De nombreux clients de l&rsquo;assurance habitation se demandent ce qu&rsquo;ils peuvent faire pour maintenir leur prime \u00e0 un niveau aussi bas que possible. Bien que les taux d&rsquo;assurance puissent varier et fluctuent effectivement au fil du temps, il existe un certain nombre [&hellip;]<\/p>\n","protected":false},"author":2,"featured_media":52881,"parent":50045,"menu_order":40,"comment_status":"open","ping_status":"closed","template":"page-article-new.php","meta":{"_acf_changed":false,"footnotes":""},"class_list":["post-48218","page","type-page","status-publish","has-post-thumbnail","hentry"],"acf":[],"_links":{"self":[{"href":"https:\/\/www.squareone.ca\/fr\/wp-json\/wp\/v2\/pages\/48218","targetHints":{"allow":["GET"]}}],"collection":[{"href":"https:\/\/www.squareone.ca\/fr\/wp-json\/wp\/v2\/pages"}],"about":[{"href":"https:\/\/www.squareone.ca\/fr\/wp-json\/wp\/v2\/types\/page"}],"author":[{"embeddable":true,"href":"https:\/\/www.squareone.ca\/fr\/wp-json\/wp\/v2\/users\/2"}],"replies":[{"embeddable":true,"href":"https:\/\/www.squareone.ca\/fr\/wp-json\/wp\/v2\/comments?post=48218"}],"version-history":[{"count":39,"href":"https:\/\/www.squareone.ca\/fr\/wp-json\/wp\/v2\/pages\/48218\/revisions"}],"predecessor-version":[{"id":75684,"href":"https:\/\/www.squareone.ca\/fr\/wp-json\/wp\/v2\/pages\/48218\/revisions\/75684"}],"up":[{"embeddable":true,"href":"https:\/\/www.squareone.ca\/fr\/wp-json\/wp\/v2\/pages\/50045"}],"wp:featuredmedia":[{"embeddable":true,"href":"https:\/\/www.squareone.ca\/fr\/wp-json\/wp\/v2\/media\/52881"}],"wp:attachment":[{"href":"https:\/\/www.squareone.ca\/fr\/wp-json\/wp\/v2\/media?parent=48218"}],"curies":[{"name":"wp","href":"https:\/\/api.w.org\/{rel}","templated":true}]}}