{"id":48227,"date":"2021-07-21T10:17:15","date_gmt":"2021-07-21T17:17:15","guid":{"rendered":"https:\/\/www.squareone.ca\/soumission-en-ligne\/ville-non-listee"},"modified":"2021-07-28T16:00:07","modified_gmt":"2021-07-28T23:00:07","slug":"ville-non-listee","status":"publish","type":"page","link":"https:\/\/www.squareone.ca\/fr\/ville-non-listee","title":{"rendered":"Ville non indiqu\u00e9e ?"},"content":{"rendered":"\t<section class=\"qw-hero jumbotron-container pt-0 bg-shape sub-page-jumbotron text-end\">\n\t\t<div class=\"container-fluid\">\n\t\t\t<div class=\"row\">\n\t\t\t\t<div class=\"col-12 col-lg-9 col-xl-8 offset-lg-1 z-1\">\n\t\t\t\t\t<div class=\"jumbotron px-0 pt-6 pb-9 mb-3 mb-md-4 text-start z-1\">\n\t\t\t\t\t\t<div class=\"h6 mb-3 text-secondary-alt text-uppercase\">assurance logement moderne<\/div>\n\t\t\t\t\t\t<div class=\"caption w-100\"> <h2 class=\"h1 mb-3 text-uc-first\"><span class=\"customized-greeting\"><\/span>Obtenez une soumission d\u2019<strong>assurance logement<\/strong> personnalis\u00e9e \u00e0 partir de 15\u00a0$\/mois.<\/h2> <\/div>\n                        <p class=\"text-uc-first px-0 w-100 w-lg-80\">Votre temps est aussi pr\u00e9cieux que vos possessions. Obtenez une soumission d'assurance logement en <strong>5 minutes<\/strong>. C\u2019est moins de temps qu\u2019il n\u2019en faut pour faire la file pour un caf\u00e9.<\/p>\t\t\t\t\t\t\n\t\t\t\t\t\t<div id=\"sq1-qw-62b14e681c8c\" class=\"sq1-quote-widget mb-3\" data-quote-widget-type=\"HOME\" data-has-custom-text=\"true\"\n\t\t\t\t\t\t style=\"min-height: 68px; height: auto\"><\/div>\n                        <p class=\"small w-100 w-lg-80\">Avant de commencer, veuillez lire notre <a href=\"https:\/\/www.squareone.ca\/fr\/politique-confidentialite\" target=\"_blank\" rel=\"noreferrer noopener\">Politique de confidentialit\u00e9<\/a> et nos <a href=\"https:\/\/www.squareone.ca\/fr\/conditions-utilisation\" target=\"_blank\" rel=\"noreferrer noopener\">Conditions d\u2019utilisation<\/a>.<\/p>\n\t\t\t\t\t<\/div>\n\t\t\t\t<\/div>\n\t\t\t<\/div>\n\t\t\t<img decoding=\"async\" src=\"\/sales\/images\/illustrations\/illustration-suburbs-neighbourhood.png\" class=\"hero d-none d-lg-block\" loading=\"lazy\" alt=\"Illustration d\u2019un quartier de banlieue\"\/>\n\t\t<\/div>\n\t<\/section>\n\t<div class=\"skyline-bottom-curve\"><\/div>\r\n\r\n<section class=\"py-6\">\r\n<div class=\"container-fluid\">\r\n<div class=\"row\">\r\n<div class=\"col-12\">\r\n<h1 class=\"text-center\">Votre ville n&rsquo;apparait pas dans la liste ?<\/h1>\r\n<p class=\"display-4\">Square One dessert actuellement la plupart des villes de la Colombie-Britannique, de l&rsquo;Alberta, de la Saskatchewan, du Manitoba, de l&rsquo;Ontario et du Qu\u00e9bec. En fait, nous desservons actuellement 95% des foyers dans ces provinces.<\/p>\r\n\r\n<p class=\"display-4\">La fa\u00e7on la plus simple de v\u00e9rifier si vous \u00eates admissible est d&rsquo;entrer votre adresse ci-dessus et de cliquer sur le bouton \u00ab\u00a0Obtenir un devis en ligne maintenant\u00a0\u00bb. Si vous \u00eates admissible, vous serez directement dirig\u00e9 vers le processus de soumission. Dans le cas contraire, vous en serez inform\u00e9.<\/p>\r\n\r\n<\/div>\r\n<\/div>\r\n<div class=\"row pt-6\">\r\n<div class=\"col-12 col-md-4 mt-sm-3 mt-md-0 d-flex\">\r\n<div class=\"card\">\r\n<div class=\"card-body\">\r\n<h2 class=\"card-title\">Visitez notre page d&rsquo;accueil<\/h2>\r\n<p class=\"card-text\">Notre page d&rsquo;accueil contient des liens vers les parties les plus visit\u00e9es de notre site web. Vous pouvez \u00e9galement consulter les options de notre menu.<\/p>\r\n\r\n<div class=\"text-center\"><a class=\"btn btn-primary\" href=\"\/fr\">Aller a la page d&rsquo;acceuil<\/a><\/div>\r\n<\/div>\r\n<\/div>\r\n<\/div>\r\n<div class=\"col-12 col-md-4 mt-sm-3 mt-md-0 d-flex\">\r\n<div class=\"card\">\r\n<div class=\"card-body\">\r\n<h2 class=\"card-title\">Envoyez-nous un courriel<\/h2>\r\n<p class=\"card-text\">L&rsquo;un de nos agents d&rsquo;assurance agr\u00e9\u00e9s se fera un plaisir de vous aider. Il suffit d&rsquo;envoyer un courriel \u00e0 info@squareone.ca. Nous nous engageons \u00e0 vous r\u00e9pondre dans un d\u00e9lai d&rsquo;un jour ouvrable.<\/p>\r\n\r\n<\/div>\r\n<\/div>\r\n<\/div>\r\n<div class=\"col-12 col-md-4 mt-sm-3 mt-md-0 d-flex\">\r\n<div class=\"card\">\r\n<div class=\"card-body\">\r\n<h2 class=\"card-title\">Recherche sur notre site web<\/h2>\r\n<p class=\"card-text\">Saisissez un terme de recherche dans le champ ci-dessous, puis appuyez sur le bouton de recherche. Vous obtiendrez une liste de correspondances potentielles.<\/p>\r\n\r\n<form id=\"searchform\" action=\"\/\" method=\"get\"><input id=\"s\" class=\"text\" name=\"s\" type=\"text\" value=\"\" \/>\r\n<input id=\"submit\" name=\"submit\" type=\"submit\" value=\"Recherche\" class=\"btn btn-primary ml-2\" \/><\/form><\/div>\r\n<\/div>\r\n<\/div>\r\n<\/div>\r\n<\/div>\r\n<\/section>","protected":false},"excerpt":{"rendered":"<p>Votre ville n&rsquo;apparait pas dans la liste ? Square One dessert actuellement la plupart des villes de la Colombie-Britannique, de l&rsquo;Alberta, de la Saskatchewan, du Manitoba, de l&rsquo;Ontario et du Qu\u00e9bec. En fait, nous desservons actuellement 95% des foyers dans ces provinces. La fa\u00e7on la plus simple de v\u00e9rifier si vous \u00eates admissible est d&rsquo;entrer [&hellip;]<\/p>\n","protected":false},"author":2,"featured_media":0,"parent":48009,"menu_order":0,"comment_status":"open","ping_status":"open","template":"","meta":{"_acf_changed":false,"footnotes":""},"class_list":["post-48227","page","type-page","status-publish","hentry"],"acf":[],"_links":{"self":[{"href":"https:\/\/www.squareone.ca\/fr\/wp-json\/wp\/v2\/pages\/48227","targetHints":{"allow":["GET"]}}],"collection":[{"href":"https:\/\/www.squareone.ca\/fr\/wp-json\/wp\/v2\/pages"}],"about":[{"href":"https:\/\/www.squareone.ca\/fr\/wp-json\/wp\/v2\/types\/page"}],"author":[{"embeddable":true,"href":"https:\/\/www.squareone.ca\/fr\/wp-json\/wp\/v2\/users\/2"}],"replies":[{"embeddable":true,"href":"https:\/\/www.squareone.ca\/fr\/wp-json\/wp\/v2\/comments?post=48227"}],"version-history":[{"count":6,"href":"https:\/\/www.squareone.ca\/fr\/wp-json\/wp\/v2\/pages\/48227\/revisions"}],"predecessor-version":[{"id":48787,"href":"https:\/\/www.squareone.ca\/fr\/wp-json\/wp\/v2\/pages\/48227\/revisions\/48787"}],"up":[{"embeddable":true,"href":"https:\/\/www.squareone.ca\/fr\/wp-json\/wp\/v2\/pages\/48009"}],"wp:attachment":[{"href":"https:\/\/www.squareone.ca\/fr\/wp-json\/wp\/v2\/media?parent=48227"}],"curies":[{"name":"wp","href":"https:\/\/api.w.org\/{rel}","templated":true}]}}