{"id":48229,"date":"2021-07-21T10:23:48","date_gmt":"2021-07-21T17:23:48","guid":{"rendered":"https:\/\/www.squareone.ca\/nous-contacter\/numeros-locaux-et-bureaux-regionaux"},"modified":"2024-03-08T09:08:50","modified_gmt":"2024-03-08T17:08:50","slug":"numeros-locaux-et-bureaux-regionaux","status":"publish","type":"page","link":"https:\/\/www.squareone.ca\/fr\/numeros-bureaux-locaux","title":{"rendered":"Num\u00e9ros locaux et bureaux r\u00e9gionaux"},"content":{"rendered":"\u00a0<main>\r\n\r\n<section id=\"intro\" class=\"mb-3 bg-shape sub-page-jumbotron xwide-mobile\">\r\n<div class=\"container-fluid\">\r\n<h1>Num\u00e9ros locaux<\/h1>\r\n<p class=\"display-4\">Vous cherchez un num\u00e9ro de t\u00e9l\u00e9phone local \u00e0 appeler? Vous en trouverez ci-dessous. La plupart des activit\u00e9s li\u00e9es \u00e0 la client\u00e8le sont g\u00e9r\u00e9es depuis notre si\u00e8ge social, qui est situ\u00e9 \u00e0 l&rsquo;adresse suivante\u00a0:<\/p>\r\n<p class=\"display-4\">Assurances Square One<br \/>\r\n650, rue Georgia Ouest, bureau\u00a01410<br \/>\r\nVancouver (Colombie-Britannique)<br \/>\r\nV6B 4N8<\/p>\r\n\r\n\r\n<\/div>\r\n<\/section><section class=\"mb-3 xwide-mobile\">\r\n<div class=\"container-fluid\">\r\n<h2>Num\u00e9ros locaux<\/h2>\r\n<p>Nos num\u00e9ros de t\u00e9l\u00e9phone locaux au Canada sont les suivants\u00a0:<\/p>\r\n<div class=\"row\">\r\n<div class=\"col-12 mb-3 col-md-6 col-lg-6 pb-6\">\r\n<h3>Alberta<\/h3>\r\n<table class=\"table-hover table-striped\" border=\"1\" width=\"100%\" cellpadding=\"5\">\r\n<thead class=\"thead-dark\">\r\n<tr>\r\n<td class=\"text-center\" width=\"50%\"><strong>Ville<\/strong><\/td>\r\n<td class=\"text-center\"><strong>Num\u00e9ro de t\u00e9l\u00e9phone<\/strong><\/td>\r\n<\/tr>\r\n<\/thead>\r\n<tbody>\r\n<tr>\r\n<td>Airdrie<\/td>\r\n<td class=\"text-center\"><a title=\"1.403.910.6933\" href=\"tel:14039106933\">1.403.910.6933<\/a><\/td>\r\n<\/tr>\r\n<tr>\r\n<td>Calgary<\/td>\r\n<td class=\"text-center\"><a title=\"1.403.910.6933\" href=\"tel:14039106933\">1.403.910.6933<\/a><\/td>\r\n<\/tr>\r\n<tr>\r\n<td>Canmore<\/td>\r\n<td class=\"text-center\"><a title=\"1.403.910.6933\" href=\"tel:14039106933\">1.403.910.6933<\/a><\/td>\r\n<\/tr>\r\n<tr>\r\n<td>Cochrane<\/td>\r\n<td class=\"text-center\"><a title=\"1.403.910.6933\" href=\"tel:14039106933\">1.403.910.6933<\/a><\/td>\r\n<\/tr>\r\n<tr>\r\n<td>Edmonton<\/td>\r\n<td class=\"text-center\"><a title=\"1.780.809.6933\" href=\"tel:17808096933\">1.780.809.6933<\/a><\/td>\r\n<\/tr>\r\n<tr>\r\n<td>Okotoks<\/td>\r\n<td class=\"text-center\"><a title=\"1.403.910.6933\" href=\"tel:14039106933\">1.403.910.6933<\/a><\/td>\r\n<\/tr>\r\n<tr>\r\n<td>Strathmore<\/td>\r\n<td class=\"text-center\"><a title=\"1.403.910.6933\" href=\"tel:14039106933\">1.403.910.6933<\/a><\/td>\r\n<\/tr>\r\n<tr>\r\n<td>Fort Saskatchewan<\/td>\r\n<td class=\"text-center\"><a title=\"1.780.809.6933\" href=\"tel:17808096933\">1.780.809.6933<\/a><\/td>\r\n<\/tr>\r\n<tr>\r\n<td>Sherwood Park<\/td>\r\n<td class=\"text-center\"><a title=\"1.780.809.6933\" href=\"tel:17808096933\">1.780.809.6933<\/a><\/td>\r\n<\/tr>\r\n<tr>\r\n<td>Spruce Grove<\/td>\r\n<td class=\"text-center\"><a title=\"1.780.809.6933\" href=\"tel:17808096933\">1.780.809.6933<\/a><\/td>\r\n<\/tr>\r\n<tr>\r\n<td>St Albert<\/td>\r\n<td class=\"text-center\"><a title=\"1.780.809.6933\" href=\"tel:17808096933\">1.780.809.6933<\/a><\/td>\r\n<\/tr>\r\n<tr>\r\n<td>Stony Plain<\/td>\r\n<td class=\"text-center\"><a title=\"1.780.809.6933\" href=\"tel:17808096933\">1.780.809.6933<\/a><\/td>\r\n<\/tr>\r\n<\/tbody>\r\n<\/table>\r\n<\/div>\r\n<div class=\"col-12 mb-3 col-md-6 col-lg-6 pb-6\">\r\n<h3>Colombie-Britannique<\/h3>\r\n<table class=\"table-hover table-striped\" border=\"1\" width=\"100%\" cellpadding=\"5\">\r\n<thead class=\"thead-dark\">\r\n<tr>\r\n<td class=\"text-center\" width=\"50%\"><strong>Ville<\/strong><\/td>\r\n<td class=\"text-center\"><strong>Num\u00e9ro de t\u00e9l\u00e9phone<\/strong><\/td>\r\n<\/tr>\r\n<\/thead>\r\n<tbody>\r\n<tr>\r\n<td>Aldergrove<\/td>\r\n<td class=\"text-center\"><a title=\"1.778.331.6933\" href=\"tel:17783316933\">1.778.331.6933<\/a><\/td>\r\n<\/tr>\r\n<tr>\r\n<td>Anmore<\/td>\r\n<td class=\"text-center\"><a title=\"1.778.331.6933\" href=\"tel:17783316933\">1.778.331.6933<\/a><\/td>\r\n<\/tr>\r\n<tr>\r\n<td>Bowen Island<\/td>\r\n<td class=\"text-center\"><a title=\"1.778.331.6933\" href=\"tel:17783316933\">1.778.331.6933<\/a><\/td>\r\n<\/tr>\r\n<tr>\r\n<td>Burnaby<\/td>\r\n<td class=\"text-center\"><a title=\"1.778.331.6933\" href=\"tel:17783316933\">1.778.331.6933<\/a><\/td>\r\n<\/tr>\r\n<tr>\r\n<td>Cloverdale<\/td>\r\n<td class=\"text-center\"><a title=\"1.778.331.6933\" href=\"tel:17783316933\">1.778.331.6933<\/a><\/td>\r\n<\/tr>\r\n<tr>\r\n<td>Coquitlam<\/td>\r\n<td class=\"text-center\"><a title=\"1.778.331.6933\" href=\"tel:17783316933\">1.778.331.6933<\/a><\/td>\r\n<\/tr>\r\n<tr>\r\n<td>Delta<\/td>\r\n<td class=\"text-center\"><a title=\"1.778.331.6933\" href=\"tel:17783316933\">1.778.331.6933<\/a><\/td>\r\n<\/tr>\r\n<tr>\r\n<td>Langley<\/td>\r\n<td class=\"text-center\"><a title=\"1.778.331.6933\" href=\"tel:17783316933\">1.778.331.6933<\/a><\/td>\r\n<\/tr>\r\n<tr>\r\n<td>Maple Ridge<\/td>\r\n<td class=\"text-center\"><a title=\"1.778.331.6933\" href=\"tel:17783316933\">1.778.331.6933<\/a><\/td>\r\n<\/tr>\r\n<tr>\r\n<td>New Westminster<\/td>\r\n<td class=\"text-center\"><a title=\"1.778.331.6933\" href=\"tel:17783316933\">1.778.331.6933<\/a><\/td>\r\n<\/tr>\r\n<tr>\r\n<td>North Vancouver<\/td>\r\n<td class=\"text-center\"><a title=\"1.778.331.6933\" href=\"tel:17783316933\">1.778.331.6933<\/a><\/td>\r\n<\/tr>\r\n<tr>\r\n<td>Pitt Meadows<\/td>\r\n<td class=\"text-center\"><a title=\"1.778.331.6933\" href=\"tel:17783316933\">1.778.331.6933<\/a><\/td>\r\n<\/tr>\r\n<tr>\r\n<td>Port Coquitlam<\/td>\r\n<td class=\"text-center\"><a title=\"1.778.331.6933\" href=\"tel:17783316933\">1.778.331.6933<\/a><\/td>\r\n<\/tr>\r\n<tr>\r\n<td>Port Moody<\/td>\r\n<td class=\"text-center\"><a title=\"1.778.331.6933\" href=\"tel:17783316933\">1.778.331.6933<\/a><\/td>\r\n<\/tr>\r\n<tr>\r\n<td>Richmond<\/td>\r\n<td class=\"text-center\"><a title=\"1.778.331.6933\" href=\"tel:17783316933\">1.778.331.6933<\/a><\/td>\r\n<\/tr>\r\n<tr>\r\n<td>Sechelt<\/td>\r\n<td class=\"text-center\"><a title=\"1.778.331.6933\" href=\"tel:17783316933\">1.778.331.6933<\/a><\/td>\r\n<\/tr>\r\n<tr>\r\n<td>Squamish<\/td>\r\n<td class=\"text-center\"><a title=\"1.778.331.6933\" href=\"tel:17783316933\">1.778.331.6933<\/a><\/td>\r\n<\/tr>\r\n<tr>\r\n<td>Surrey<\/td>\r\n<td class=\"text-center\"><a title=\"1.778.331.6933\" href=\"tel:17783316933\">1.778.331.6933<\/a><\/td>\r\n<\/tr>\r\n<tr>\r\n<td>Vancouver<\/td>\r\n<td class=\"text-center\"><a title=\"1.778.331.6933\" href=\"tel:17783316933\">1.778.331.6933<\/a><\/td>\r\n<\/tr>\r\n<tr>\r\n<td>West Vancouver<\/td>\r\n<td class=\"text-center\"><a title=\"1.778.331.6933\" href=\"tel:17783316933\">1.778.331.6933<\/a><\/td>\r\n<\/tr>\r\n<tr>\r\n<td>White Rock<\/td>\r\n<td class=\"text-center\"><a title=\"1.778.331.6933\" href=\"tel:17783316933\">1.778.331.6933<\/a><\/td>\r\n<\/tr>\r\n<\/tbody>\r\n<\/table>\r\n<\/div>\r\n<\/div>\r\n<\/div>\r\n<\/section><section class=\"mb-3 xwide-mobile\">\r\n<div class=\"container-fluid\">\r\n<div class=\"row\">\r\n<div class=\"col-12 mb-3 col-md-6 col-lg-6 pb-6\">\r\n<h3>Ontario<\/h3>\r\n<table class=\"table-hover table-striped\" border=\"1\" width=\"100%\" cellpadding=\"5\">\r\n<thead class=\"thead-dark\">\r\n<tr>\r\n<td class=\"text-center\" width=\"50%\"><strong>Ville<\/strong><\/td>\r\n<td class=\"text-center\"><strong>Num\u00e9ro de t\u00e9l\u00e9phone<\/strong><\/td>\r\n<\/tr>\r\n<\/thead>\r\n<tbody>\r\n<tr>\r\n<td>Carleton Place<\/td>\r\n<td class=\"text-center\"><a title=\"1.613.319.6933\" href=\"tel:16133196933\">1.613.319.6933<\/a><\/td>\r\n<\/tr>\r\n<tr>\r\n<td>Cumberland<\/td>\r\n<td class=\"text-center\"><a title=\"1.613.319.6933\" href=\"tel:16133196933\">1.613.319.6933<\/a><\/td>\r\n<\/tr>\r\n<tr>\r\n<td>East York<\/td>\r\n<td class=\"text-center\"><a title=\"1.647.749.6933\" href=\"tel:16477496933\">1.647.749.6933<\/a><\/td>\r\n<\/tr>\r\n<tr>\r\n<td>Etobicoke<\/td>\r\n<td class=\"text-center\"><a title=\"1.647.749.6933\" href=\"tel:16477496933\">1.647.749.6933<\/a><\/td>\r\n<\/tr>\r\n<tr>\r\n<td>Gloucester<\/td>\r\n<td class=\"text-center\"><a title=\"1.613.319.6933\" href=\"tel:16133196933\">1.613.319.6933<\/a><\/td>\r\n<\/tr>\r\n<tr>\r\n<td>Kanata<\/td>\r\n<td class=\"text-center\"><a title=\"1.613.319.6933\" href=\"tel:16133196933\">1.613.319.6933<\/a><\/td>\r\n<\/tr>\r\n<tr>\r\n<td>Manotick<\/td>\r\n<td class=\"text-center\"><a title=\"1.613.319.6933\" href=\"tel:16133196933\">1.613.319.6933<\/a><\/td>\r\n<\/tr>\r\n<tr>\r\n<td>Nepean<\/td>\r\n<td class=\"text-center\"><a title=\"1.613.319.6933\" href=\"tel:16133196933\">1.613.319.6933<\/a><\/td>\r\n<\/tr>\r\n<tr>\r\n<td>North York<\/td>\r\n<td class=\"text-center\"><a title=\"1.647.749.6933\" href=\"tel:16477496933\">1.647.749.6933<\/a><\/td>\r\n<\/tr>\r\n<tr>\r\n<td>Ottawa<\/td>\r\n<td class=\"text-center\"><a title=\"1.613.319.6933\" href=\"tel:16133196933\">1.613.319.6933<\/a><\/td>\r\n<\/tr>\r\n<tr>\r\n<td>Scarborough<\/td>\r\n<td class=\"text-center\"><a title=\"1.647.749.6933\" href=\"tel:16477496933\">1.647.749.6933<\/a><\/td>\r\n<\/tr>\r\n<tr>\r\n<td>Toronto<\/td>\r\n<td class=\"text-center\"><a title=\"1.647.749.6933\" href=\"tel:16477496933\">1.647.749.6933<\/a><\/td>\r\n<\/tr>\r\n<tr>\r\n<td>York<\/td>\r\n<td class=\"text-center\"><a title=\"1.647.749.6933\" href=\"tel:16477496933\">1.647.749.6933<\/a><\/td>\r\n<\/tr>\r\n<\/tbody>\r\n<\/table>\r\n<\/div>\r\n<div class=\"col-12 mb-3 col-md-6 col-lg-6 pb-6\">\r\n<h3>Qu\u00e9bec<\/h3>\r\n<table width=\"100%\" class=\"table-hover table-striped\" cellpadding=\"5\" border=\"1\">\r\n<thead class=\"thead-dark\">\r\n<tr>\r\n<td width=\"50%\" class=\"text-center\"><strong>Ville<\/strong><\/td>\r\n<td class=\"text-center\"><strong>Num\u00e9ro de t\u00e9l\u00e9phone<\/strong><\/td>\r\n<\/tr>\r\n<\/thead>\r\n<tbody>\r\n<tr><td>Gatineau<\/td><td class=\"text-center\"><a href=\"tel:18734162218\" title=\"1.873.416.2218\">1.873.416.2218<\/a><\/td><\/tr>\r\n<tr><td>Montr\u00e9al<\/td><td class=\"text-center\"><a href=\"tel:14382416933\" title=\"1.438.241.6933\">1.438.241.6933<\/a><\/td><\/tr>\r\n<tr><td>la ville de Qu\u00e9bec<\/td><td class=\"text-center\"><a href=\"tel:14183176933\" title=\"1.418.317.6933\">1.418.317.6933<\/a><\/td><\/tr>\r\n<\/tbody>\r\n<\/table>\r\n<\/div>\r\n<\/div>\r\n\r\n<\/div>\r\n<\/section>\r\n\r\n<section class=\"mb-3 xwide-mobile\">\r\n<div class=\"container-fluid\">\r\n<div class=\"row\">\r\n<div class=\"col-12 mb-3 col-md-6 col-lg-6 pb-6\">\r\n<h3>Saskatchewan<\/h3>\r\n<table width=\"100%\" class=\"table-hover table-striped\" cellpadding=\"5\" border=\"1\">\r\n<thead class=\"thead-dark\">\r\n<tr>\r\n<td width=\"50%\" class=\"text-center\"><strong>Ville<\/strong><\/td>\r\n<td class=\"text-center\"><strong>Num\u00e9ro de t\u00e9l\u00e9phone<\/strong><\/td>\r\n<\/tr>\r\n<\/thead>\r\n<tbody>\r\n<tr><td>Saskatoon<\/td><td class=\"text-center\"><a href=\"tel:13065007555\" title=\"1.306.500.7555\">1.306.500.7555<\/a><\/td><\/tr>\r\n<\/tbody>\r\n<\/table>\r\n<\/div>\r\n<\/div>\r\n\r\n<\/div>\r\n<\/section>\r\n\r\n<\/main>","protected":false},"excerpt":{"rendered":"<p>\u00a0 Num\u00e9ros locaux Vous cherchez un num\u00e9ro de t\u00e9l\u00e9phone local \u00e0 appeler? Vous en trouverez ci-dessous. La plupart des activit\u00e9s li\u00e9es \u00e0 la client\u00e8le sont g\u00e9r\u00e9es depuis notre si\u00e8ge social, qui est situ\u00e9 \u00e0 l&rsquo;adresse suivante\u00a0: Assurances Square One 650, rue Georgia Ouest, bureau\u00a01410 Vancouver (Colombie-Britannique) V6B 4N8 Num\u00e9ros locaux Nos num\u00e9ros de t\u00e9l\u00e9phone locaux [&hellip;]<\/p>\n","protected":false},"author":2,"featured_media":0,"parent":47891,"menu_order":0,"comment_status":"open","ping_status":"open","template":"","meta":{"_acf_changed":false,"footnotes":""},"class_list":["post-48229","page","type-page","status-publish","hentry"],"acf":[],"_links":{"self":[{"href":"https:\/\/www.squareone.ca\/fr\/wp-json\/wp\/v2\/pages\/48229","targetHints":{"allow":["GET"]}}],"collection":[{"href":"https:\/\/www.squareone.ca\/fr\/wp-json\/wp\/v2\/pages"}],"about":[{"href":"https:\/\/www.squareone.ca\/fr\/wp-json\/wp\/v2\/types\/page"}],"author":[{"embeddable":true,"href":"https:\/\/www.squareone.ca\/fr\/wp-json\/wp\/v2\/users\/2"}],"replies":[{"embeddable":true,"href":"https:\/\/www.squareone.ca\/fr\/wp-json\/wp\/v2\/comments?post=48229"}],"version-history":[{"count":13,"href":"https:\/\/www.squareone.ca\/fr\/wp-json\/wp\/v2\/pages\/48229\/revisions"}],"predecessor-version":[{"id":69270,"href":"https:\/\/www.squareone.ca\/fr\/wp-json\/wp\/v2\/pages\/48229\/revisions\/69270"}],"up":[{"embeddable":true,"href":"https:\/\/www.squareone.ca\/fr\/wp-json\/wp\/v2\/pages\/47891"}],"wp:attachment":[{"href":"https:\/\/www.squareone.ca\/fr\/wp-json\/wp\/v2\/media?parent=48229"}],"curies":[{"name":"wp","href":"https:\/\/api.w.org\/{rel}","templated":true}]}}