{"id":48230,"date":"2021-07-21T10:46:53","date_gmt":"2021-07-21T17:46:53","guid":{"rendered":"https:\/\/www.squareone.ca\/fournisseurs-dassurance-habitation"},"modified":"2026-03-11T10:00:08","modified_gmt":"2026-03-11T17:00:08","slug":"fournisseurs-dassurance-habitation","status":"publish","type":"page","link":"https:\/\/www.squareone.ca\/fr\/fournisseurs-de-services-dassurance-habitation","title":{"rendered":"Fournisseurs de services d&rsquo;assurance habitation"},"content":{"rendered":"<main>\u00a0\r\n\r\n<section class=\"bg-shape-split bg-sub-page-hero\">\r\n\t<div class=\"bg-position\">\r\n\t\t<div class=\"container-fluid\">\r\n<h1>Fournisseurs de services de r\u00e9clamation en assurance habitation<\/h1>\r\n<p class=\"display-4\">En tant qu&rsquo;individus, nous sommes g\u00e9n\u00e9ralement jug\u00e9s, per\u00e7us et \u00e9valu\u00e9s en fonction des gens que nous fr\u00e9quentons. Il en va de m\u00eame dans le monde des affaires. Afin d&rsquo;\u00eatre l&rsquo;un des meilleurs sur le march\u00e9, Square One s&rsquo;est align\u00e9 avec certains des meilleurs experts, entrepreneurs et fournisseurs du march\u00e9. Dans toutes les r\u00e9gions o\u00f9 nous exploitons  nos activit\u00e9s, nous nous sommes associ\u00e9s \u00e0 des soci\u00e9t\u00e9s d&rsquo;experts en sinistres et \u00e0 des entreprises de restauration locales bien \u00e9tablies et connues.\r\n<\/p>\r\n\r\n<p>La plupart des sinistres que nous recevons peuvent \u00eatre assez complexes et \u00e9tendus, n\u00e9cessitant une pr\u00e9sence sur place et une \u00e9valuation. Ces sinistres sont toujours confi\u00e9s \u00e0 nos fournisseurs privil\u00e9gi\u00e9s situ\u00e9s \u00e0 proximit\u00e9 du lieu du sinistre. Les fournisseurs privil\u00e9gi\u00e9s comprennent nos politiques, proc\u00e9dures, protocoles et attentes en mati\u00e8re de service. Cela garantit que le processus de demande d&rsquo;indemnisation est aussi fluide et rapide que possible. En m\u00eame temps, nos clients sont trait\u00e9s avec la plus grande courtoisie, le plus grand respect et la plus grande \u00e9quit\u00e9.\r\n<\/p>\r\n\r\n<p>Il est tout aussi important d&rsquo;avoir des experts en sinistres privil\u00e9gi\u00e9s que d&rsquo;avoir des entrepreneurs de restauration privil\u00e9gi\u00e9s. Avant de devenir un entrepreneur privil\u00e9gi\u00e9 de Square One, un examen est effectu\u00e9 sur la capacit\u00e9 de l&rsquo;entrepreneur en tant qu&rsquo;entreprise et sur son service \u00e0 la client\u00e8le. Nous nous assurons \u00e9galement qu&rsquo;il est cautionn\u00e9 et qu&rsquo;il poss\u00e8de l&rsquo;assurance n\u00e9cessaire. Nos entrepreneurs privil\u00e9gi\u00e9s font l&rsquo;objet d&rsquo;un examen et d&rsquo;une v\u00e9rification tous les ans pour s&rsquo;assurer qu&rsquo;ils respectent les exigences de Square One en mati\u00e8re de service \u00e0 la client\u00e8le. En faisant appel \u00e0 l&rsquo;un de nos entrepreneurs de restauration privil\u00e9gi\u00e9s, vous pouvez \u00eatre s\u00fbr que non seulement les r\u00e9parations sont garanties par le restaurateur privil\u00e9gi\u00e9, mais aussi par Square One.<\/p>\r\n\r\n<p>Vous trouverez ci-dessous certains des cabinets d&rsquo;expertise en r\u00e8glement de sinistres et des entrepreneurs de restauration pr\u00e9f\u00e9r\u00e9s de Square One.<\/p>\r\n\r\n<\/div>\r\n\t<\/div>\r\n\t<div class=\"bg-bottom\"><\/div>\r\n<\/section>\r\n\r\n<section id=\"body\" class=\"pt-6 mb-3 xwide-mobile\">\r\n<div class=\"container-fluid\">\r\n\r\n<div class=\"row\">\r\n<div class=\"col-12 mb-3 col-md-1 col-lg-4 pb-6\">\r\n<h2>Qu\u00e9bec<\/h2>\r\n<\/div>\r\n<div class=\"col-12 mb-3 col-md-1 col-lg-4 pb-6\">\r\n<p class=\"mb-2\"><strong>Cabinets d\u2019expertise en r\u00e8glement de sinistres<\/strong><\/p>\r\n<ul class=\"list-unstyled link-list\">\r\n<li><a href=\"https:\/\/www.atkexpert.com\/\" title=\"Authentik\" target=\"_new\" rel=\"noopener noreferrer\">Authentik<\/a><\/li>\r\n<li><a href=\"https:\/\/www.cuierrier.com\/\" title=\"Cuierrier et Associes\" target=\"_new\" rel=\"noopener noreferrer\">Cuierrier et Associes<\/a><\/li>\r\n<li><a href=\"https:\/\/indemnipro.ca\/\" title=\"Indemnipro\" target=\"_new\" rel=\"noopener noreferrer\">Indemnipro<\/a><\/li>\r\n<li><a href=\"https:\/\/dbaexpertise.com\/\" title=\"D\u00e9ry, Barrette &#038; Associ\u00e9s\" target=\"_new\" rel=\"noopener noreferrer\">D\u00e9ry, Barrette &#038; Associ\u00e9s<\/a><\/li>\r\n<\/ul>\r\n<\/div>\r\n<div class=\"col-12 mb-3 col-md-1 col-lg-4 pb-6\">\r\n<p class=\"mb-2\"><strong>Cabinets de restauration et entrepreneurs<\/strong><\/p>\r\n<ul class=\"list-unstyled link-list\">\r\n<li style=\"margin-top: 10px;\"><a href=\"https:\/\/www.dki.ca\/\" title=\"DKI Canada\" target=\"_new\" rel=\"noopener noreferrer\">DKI Canada<\/a><\/li>\r\n<li><a href=\"https:\/\/www.rsas.ca\/\" title=\"Rive-Sud Apr\u00e8s Sinistre\" target=\"_new\" rel=\"noopener noreferrer\">Rive-Sud Apr\u00e8s Sinistre<\/a><\/li>\r\n<li><a href=\"https:\/\/www.rsas.ca\/\" title=\"Rive-Sud Apres Sinistre\" target=\"_new\" rel=\"noopener noreferrer\">Rive-Sud Apres Sinistre<\/a><\/li>\r\n \t<li><a href=\"https:\/\/steamatic.ca\/\" title=\"Steamatic\" target=\"_new\" rel=\"noopener noreferrer\">Steamatic<\/a><\/li>\r\n<li><a href=\"https:\/\/www.winmar.ca\/\" title=\"WINMAR\" target=\"_new\" rel=\"noopener noreferrer\">WINMAR<\/a><\/li>\r\n<\/ul>\r\n<\/div>\r\n<\/div>\r\n\r\n<div class=\"row\">\r\n<div class=\"col-12 mb-3 col-md-1 col-lg-4 pb-6\">\r\n<h2>Colombie-Britannique<\/h2>\r\n<\/div>\r\n\r\n<div class=\"col-12 mb-3 col-md-1 col-lg-4 pb-6\">\r\n<p class=\"mb-2\"><strong>Cabinets d\u2019expertise en r\u00e8glement de sinistres<\/strong><\/p>\r\n\r\n<ul class=\"list-unstyled link-list\">\r\n \t<li><a title=\"All Perils Claims\" href=\"https:\/\/allperilsclaims.com\/\" target=\"_new\" rel=\"noopener noreferrer\">All Perils Claims<\/a><\/li>\r\n<li><a href=\"https:\/\/www.belziukassociates.com\/\" title=\"Belziuk &#038; Associates\" target=\"_new\" rel=\"noopener noreferrer\">Belziuk &#038; Associates<\/a><\/li>\r\n \t<li><a title=\"Coast Claims Insurance Services\" href=\"https:\/\/coastclaims.com\/\" target=\"_new\" rel=\"noopener noreferrer\">Coast Claims Insurance Services<\/a><\/li>\r\n<li><a href=\"https:\/\/www.hustongrant.com\/\" title=\"Huston Grant\" target=\"_new\" rel=\"noopener noreferrer\">Huston Grant<\/a><\/li>\r\n \t<li><a title=\"Kernaghan Adjusters\" href=\"https:\/\/www.kernaghan.com\/\" target=\"_new\" rel=\"noopener noreferrer\">Kernaghan Adjusters<\/a><\/li>\r\n \t<li><a title=\"Knight Easton &#038; Associates\" href=\"https:\/\/www.ketclaims.com\/\" target=\"_new\" rel=\"noopener noreferrer\">Knight Easton &#038; Associates<\/a><\/li>\r\n<li><a href=\"https:\/\/kootenayadjusting.ca\/\" title=\"Kootenay Adjusting &#038; Consulting Ltd.\" target=\"_new\" rel=\"noopener noreferrer\">Kootenay Adjusting &#038; Consulting Ltd.<\/a><\/li>\r\n \t<li><a title=\"R\u00e9clamations Square One\" href=\"https:\/\/www.squareoneclaims.ca\/\" target=\"_new\" rel=\"noopener noreferrer\">R\u00e9clamations Square One<\/a><\/li>\r\n<\/ul>\r\n<\/div>\r\n<div class=\"col-12 mb-3 col-md-1 col-lg-4 pb-6\">\r\n<p class=\"mb-2\"><strong>Cabinets de restauration et entrepreneurs<\/strong><\/p>\r\n\r\n<ul class=\"list-unstyled link-list\">\r\n \t<li><li><a href=\"https:\/\/www.atlantisrestoration.ca\/\" title=\"Atlantis Restoration\" target=\"_new\" rel=\"noopener noreferrer\">Atlantis Restoration<\/a><\/li><\/li>\r\n \t<li><a title=\"Canstar Restorations\" href=\"https:\/\/www.canstarrestorations.com\/\" target=\"_new\" rel=\"noopener noreferrer\">Canstar Restorations<\/a><\/li>\r\n \t<li><a title=\"CJB Restoration\" href=\"https:\/\/cjbrestoration.com\/\" target=\"_new\" rel=\"noopener noreferrer\">CJB Restoration<\/a><\/li>\r\n \t<li><a title=\"DKI Canada\" href=\"https:\/\/www.dki.ca\/\" target=\"_new\" rel=\"noopener noreferrer\">DKI Canada<\/a><\/li>\r\n \t<li><a title=\"Downs Construction\" href=\"https:\/\/www.downsconstruction.com\/\" target=\"_new\" rel=\"noopener noreferrer\">Downs Construction<\/a><\/li>\r\n<li><a href=\"https:\/\/excelrestoration.ca\/\" title=\"Excel Restoration\" target=\"_new\" rel=\"noopener noreferrer\">Excel Restoration<\/a><\/li>\r\n \t<li><a title=\"Platinum Pro-Claim Restoration\" href=\"https:\/\/ppcr.ca\/\" target=\"_new\" rel=\"noopener noreferrer\">Platinum Pro-Claim Restoration<\/a><\/li>\r\n \t\t<li><a title=\"Premium Restoration\" href=\"https:\/\/www.premiumrestoration.com\/\" target=\"_new\" rel=\"noopener noreferrer\">Premium Restoration<\/a><\/li>\r\n<li><a href=\"https:\/\/rockycrossconstruction.com\/\" title=\"Rocky Cross Construction Victoria\" target=\"_new\" rel=\"noopener noreferrer\">Rocky Cross Construction Victoria<\/a><\/li>\r\n \t<li><a title=\"Servicemaster\" href=\"https:\/\/www.servicemaster.ca\/accueil\/main\/fr\/\" target=\"_new\" rel=\"noopener noreferrer\">Servicemaster<\/a><\/li>\r\n<li><a href=\"https:\/\/www.solutionrestorations.com\/\" title=\"Solution Restorations\" target=\"_new\" rel=\"noopener noreferrer\">Solution Restorations<\/a><\/li>\r\n        <li><a href=\"https:\/\/www.stutters.com\/\" title=\"Stutters Restoration\" target=\"_new\" rel=\"noopener noreferrer\">Stutters Restoration<\/a><\/li>\r\n \t<li><a title=\"WINMAR\" href=\"https:\/\/www.winmar.ca\/fr\/\" target=\"_new\" rel=\"noopener noreferrer\">WINMAR<\/a><\/li>\r\n<\/ul>\r\n<\/div>\r\n<\/div>\r\n<div class=\"row\">\r\n<div class=\"col-12 mb-3 col-md-1 col-lg-4 pb-6\">\r\n<h2>Alberta<\/h2>\r\n<\/div>\r\n<div class=\"col-12 mb-3 col-md-1 col-lg-4 pb-6\">\r\n<p class=\"mb-2\"><strong>Cabinets d\u2019expertise en r\u00e8glement de sinistres<\/strong><\/p>\r\n\r\n<ul class=\"list-unstyled link-list\">\r\n<li><a href=\"https:\/\/emergent.claims\/\" title=\"Emergent Claims Services\" target=\"_new\" rel=\"noopener noreferrer\">Emergent Claims Services<\/a><\/li>\r\n \t<li><a title=\"Kendal Adjusters\" href=\"https:\/\/www.kendaladj.com\/\" target=\"_new\" rel=\"noopener noreferrer\">Kendal Adjusters<\/a><\/li>\r\n \t<li><a title=\"Kernaghan Adjusters\" href=\"https:\/\/www.kernaghan.com\/\" target=\"_new\" rel=\"noopener noreferrer\">Kernaghan Adjusters<\/a><\/li>\r\n<li><a href=\"https:\/\/www.laurinadjusters.ca\/\" title=\"Laurin Adjusters Ltd.\" target=\"_new\" rel=\"noopener noreferrer\">Laurin Adjusters Ltd.<\/a><\/li>\r\n \t<li><a title=\"R\u00e9clamations Square One\" href=\"https:\/\/www.squareoneclaims.ca\/\" target=\"_new\" rel=\"noopener noreferrer\">R\u00e9clamations Square One<\/a><\/li>\r\n \t<li><a title=\"T&#038;L Adjusters\" href=\"https:\/\/www.tladjusters.com\/\" target=\"_new\" rel=\"noopener noreferrer\">T&#038;L Adjusters<\/a><\/li>\r\n \t<li><a title=\"TMD Insurance Adjusters\" href=\"https:\/\/tmdadjusters.com\/\" target=\"_new\" rel=\"noopener noreferrer\">TMD Insurance Adjusters<\/a><\/li>\r\n<\/ul>\r\n<\/div>\r\n<div class=\"col-12 mb-3 col-md-1 col-lg-4 pb-6\">\r\n<p class=\"mb-2\"><strong>Cabinets de restauration et entrepreneurs<\/strong><\/p>\r\n\r\n<ul class=\"list-unstyled link-list\">\r\n<li style=\"margin-top: 10px;\"><a href=\"https:\/\/www.aael.ca\/\" title=\"All About Exteriors\" target=\"_new\" rel=\"noopener noreferrer\">All About Exteriors<\/a><\/li>\r\n \t<li><a href=\"https:\/\/www.blueisland.ca\/\" title=\"Blue Island Roofing and Exteriors\" target=\"_new\" rel=\"noopener noreferrer\">Blue Island Roofing and Exteriors<\/a><\/li>\r\n \t<li><a href=\"https:\/\/www.canstarrestorations.com\/\" title=\"Canstar Restorations\" target=\"_new\" rel=\"noopener noreferrer\">Canstar Restorations<\/a><\/li>\r\n \t<li><a title=\"DKI Canada\" href=\"https:\/\/www.dki.ca\/\" target=\"_new\" rel=\"noopener noreferrer\">DKI Canada<\/a><\/li>\r\n<li><a href=\"https:\/\/www.eclipse247.ca\/\" title=\"Eclipse Restoration Ltd\" target=\"_new\" rel=\"noopener noreferrer\">Eclipse Restoration Ltd<\/a><\/li>\r\n<li><a href=\"https:\/\/megaroofing.ca\/\" title=\"Mega Roofing and Exteriors\" target=\"_new\" rel=\"noopener noreferrer\">Mega Roofing and Exteriors<\/a><\/li>\r\n<li><a href=\"https:\/\/puroclean.ca\/\" title=\"PuroClean\" target=\"_new\" rel=\"noopener noreferrer\">PuroClean<\/a><\/li>\r\n \t<li><a title=\"Servicemaster\" href=\"https:\/\/www.servicemaster.ca\/accueil\/main\/fr\/\" target=\"_new\" rel=\"noopener noreferrer\">Servicemaster<\/a><\/li>\r\n<li><a href=\"https:\/\/shieldrestoration.ca\/\" title=\"Shield Restoration Services\" target=\"_new\" rel=\"noopener noreferrer\">Shield Restoration Services<\/a><\/li>\r\n<li><a href=\"https:\/\/southpeak.ca\/\" title=\"South Peak Roofing Roofing and Exteriors\" target=\"_new\" rel=\"noopener noreferrer\">South Peak Roofing Roofing and Exteriors<\/a><\/li>\r\n \t<li><a title=\"WINMAR\" href=\"https:\/\/www.winmar.ca\/fr\/\" target=\"_new\" rel=\"noopener noreferrer\">WINMAR<\/a><\/li>\r\n<\/ul>\r\n<\/div>\r\n<\/div>\r\n<div class=\"row\">\r\n<div class=\"col-12 mb-3 col-md-1 col-lg-4 pb-6\">\r\n<h2>Saskatchewan<\/h2>\r\n<\/div>\r\n<div class=\"col-12 mb-3 col-md-1 col-lg-4 pb-6\">\r\n<p class=\"mb-2\"><strong>Cabinets d\u2019expertise en r\u00e8glement de sinistres<\/strong><\/p>\r\n\r\n<ul class=\"list-unstyled link-list\">\r\n \t<li><a title=\"Kernaghan Adjusters\" href=\"https:\/\/www.kernaghan.com\/\" target=\"_new\" rel=\"noopener noreferrer\">Kernaghan Adjusters<\/a><\/li>\r\n<li><a href=\"https:\/\/midwestclaims.ca\/\" title=\"Midwest Claims Services\" target=\"_new\" rel=\"noopener noreferrer\">Midwest Claims Services<\/a><\/li>\r\n \t<li><a title=\"R\u00e9clamations Square One\" href=\"https:\/\/www.squareoneclaims.ca\/\" target=\"_new\" rel=\"noopener noreferrer\">R\u00e9clamations Square One<\/a><\/li>\r\n \t<li><a title=\"TMD Insurance Adjusters\" href=\"https:\/\/tmdadjusters.com\/\" target=\"_new\" rel=\"noopener noreferrer\">TMD Insurance Adjusters<\/a><\/li>\r\n<\/ul>\r\n<\/div>\r\n<div class=\"col-12 mb-3 col-md-1 col-lg-4 pb-6 pb-6\">\r\n<p class=\"mb-2\"><strong>Cabinets de restauration et entrepreneurs<\/strong><\/p>\r\n\r\n<ul class=\"list-unstyled link-list\">\r\n \t<li><a title=\"DKI Canada\" href=\"https:\/\/www.dki.ca\/\" target=\"_new\" rel=\"noopener noreferrer\">DKI Canada<\/a><\/li>\r\n<li><a href=\"https:\/\/puroclean.ca\/\" title=\"PuroClean\" target=\"_new\" rel=\"noopener noreferrer\">PuroClean<\/a><\/li>\r\n \t<li><a title=\"Servicemaster\" href=\"https:\/\/www.servicemaster.ca\/accueil\/main\/fr\/\" target=\"_new\" rel=\"noopener noreferrer\">Servicemaster<\/a><\/li>\r\n \t<li><a title=\"WINMAR\" href=\"https:\/\/www.winmar.ca\/fr\/\" target=\"_new\" rel=\"noopener noreferrer\">WINMAR<\/a><\/li>\r\n<\/ul>\r\n<\/div>\r\n<\/div>\r\n<div class=\"row\">\r\n<div class=\"col-12 mb-3 col-md-1 col-lg-4 pb-6\">\r\n<h2>Manitoba<\/h2>\r\n<\/div>\r\n<div class=\"col-12 mb-3 col-md-1 col-lg-4 pb-6\">\r\n<p class=\"mb-2\"><strong>Cabinets d\u2019expertise en r\u00e8glement de sinistres<\/strong><\/p>\r\n\r\n<ul class=\"list-unstyled link-list\">\r\n<li><a href=\"https:\/\/cruadjusters.com\/\" title=\"CRU Adjusters\" target=\"_new\" rel=\"noopener noreferrer\">CRU Adjusters<\/a><\/li>\r\n<li><a href=\"https:\/\/csint.ca\/\" title=\"Claims Services International\" target=\"_new\" rel=\"noopener noreferrer\">Claims Services International<\/a><\/li>\r\n \t<li><a title=\"Kernaghan Adjusters\" href=\"https:\/\/www.kernaghan.com\/\" target=\"_new\" rel=\"noopener noreferrer\">Kernaghan Adjusters<\/a><\/li>\r\n \t<li><a title=\"R\u00e9clamations Square One\" href=\"https:\/\/www.squareoneclaims.ca\/\" target=\"_new\" rel=\"noopener noreferrer\">R\u00e9clamations Square One<\/a><\/li>\r\n<li>Wheat City Claims<\/li>\r\n<\/ul>\r\n<\/div>\r\n<div class=\"col-12 mb-3 col-md-1 col-lg-4 pb-6\">\r\n<p class=\"mb-2\"><strong>Cabinets de restauration et entrepreneurs<\/strong><\/p>\r\n\r\n<ul class=\"list-unstyled link-list\">\r\n \t<li><a title=\"DKI Canada\" href=\"https:\/\/www.dki.ca\/\" target=\"_new\" rel=\"noopener noreferrer\">DKI Canada<\/a><\/li>\r\n<li><a href=\"https:\/\/puroclean.ca\/\" title=\"PuroClean\" target=\"_new\" rel=\"noopener noreferrer\">PuroClean<\/a><\/li>\r\n \t<li><a title=\"WINMAR\" href=\"https:\/\/www.winmar.ca\/fr\/\" target=\"_new\" rel=\"noopener noreferrer\">WINMAR<\/a><\/li>\r\n<\/ul>\r\n<\/div>\r\n<\/div>\r\n<div class=\"row\">\r\n<div class=\"col-12 mb-3 col-md-1 col-lg-4 pb-6\">\r\n<h2>Ontario<\/h2>\r\n<\/div>\r\n<div class=\"col-12 mb-3 col-md-1 col-lg-4 pb-6\">\r\n<p class=\"mb-2\"><strong>Cabinets d\u2019expertise en r\u00e8glement de sinistres<\/strong><\/p>\r\n\r\n<ul class=\"list-unstyled link-list\">\r\n<li><a href=\"https:\/\/www.csadjusters.com\/\" title=\"Canadian Shield Adjusters\" target=\"_new\" rel=\"noopener noreferrer\">Canadian Shield Adjusters<\/a><\/li>\r\n \t<li><a title=\"Claims Services International\" href=\"http:\/\/csint.ca\/\" target=\"_new\" rel=\"noopener noreferrer\">Claims Services International<\/a><\/li>\r\n<li><a href=\"https:\/\/cruadjusters.com\/\" title=\"CRU Adjusters\" target=\"_new\" rel=\"noopener noreferrer\">CRU Adjusters<\/a><\/li>\r\n<li><a href=\"https:\/\/www.doerrclaims.com\/\" title=\"Doerr Claims Services Inc\" target=\"_new\" rel=\"noopener noreferrer\">Doerr Claims Services Inc<\/a><\/li>\r\n \t<li><a title=\"IndemniPro\" href=\"https:\/\/indemnipro.ca\/\" target=\"_new\" rel=\"noopener noreferrer\">IndemniPro<\/a><\/li>\r\n \t\t<li><a title=\"Kernaghan Adjusters\" href=\"https:\/\/www.kernaghan.com\/\" target=\"_new\" rel=\"noopener noreferrer\">Kernaghan Adjusters<\/a><\/li>\r\n \t<li><a title=\"PCA Adjusters\" href=\"https:\/\/pca-adj.com\/\" target=\"_new\" rel=\"noopener noreferrer\">PCA Adjusters<\/a><\/li>\r\n \t<li><a title=\"R\u00e9clamations Square One\" href=\"https:\/\/www.squareoneclaims.ca\/\" target=\"_new\" rel=\"noopener noreferrer\">R\u00e9clamations Square One<\/a><\/li>\r\n<li><a href=\"https:\/\/www.scsadjusters.com\/\" title=\"SCS Insurance Adjusters\" target=\"_new\" rel=\"noopener noreferrer\">SCS Insurance Adjusters<\/a><\/li>\r\n<li><a title=\"TC Insurance Adjusters\" href=\"https:\/\/tcia.ca\/\" target=\"_new\" rel=\"noopener noreferrer\">TC Insurance Adjusters<\/a><\/li>\r\n<li><a href=\"https:\/\/www.thomsonadjustersinc.ca\/\" title=\"Thomson Insurance Adjusters\" target=\"_new\" rel=\"noopener noreferrer\">Thomson Insurance Adjusters<\/a><\/li>\r\n \t<li>Zorayan Claims Services<\/li>\r\n<\/ul>\r\n<\/div>\r\n<div class=\"col-12 mb-3 col-md-1 col-lg-4 pb-6\">\r\n<p class=\"mb-2\"><strong>Cabinets de restauration et entrepreneurs<\/strong><\/p>\r\n\r\n<ul class=\"list-unstyled link-list\">\r\n \t<li><a href=\"https:\/\/www.dki.ca\/\" title=\"DKI Canada\" target=\"_new\" rel=\"noopener noreferrer\">DKI Canada<\/a><\/li>\r\n \t<li><a title=\"Hudson Restoration\" href=\"https:\/\/hudsonrestoration.com\/\" target=\"_new\" rel=\"noopener noreferrer\">Hudson Restoration<\/a><\/li>\r\n<li><a href=\"https:\/\/puroclean.ca\/\" title=\"PuroClean\" target=\"_new\" rel=\"noopener noreferrer\">PuroClean<\/a><\/li>\r\n \t<li><a title=\"Servicemaster\" href=\"https:\/\/www.servicemaster.ca\/accueil\/main\/fr\/\" target=\"_new\" rel=\"noopener noreferrer\">Servicemaster<\/a><\/li>\r\n \t<li><a title=\"Shield Restoration Services\" href=\"https:\/\/shieldrestoration.ca\/\" target=\"_new\" rel=\"noopener noreferrer\">Shield Restoration Services<\/a><\/li>\r\n \t<li><a title=\"WINMAR\" href=\"https:\/\/www.winmar.ca\/fr\/\" target=\"_new\" rel=\"noopener noreferrer\">WINMAR<\/a><\/li>\r\n<\/ul>\r\n<\/div>\r\n<\/div>\r\n\r\n<\/div>\r\n\r\n<\/section>\r\n\r\n<main>\r\n\r\n","protected":false},"excerpt":{"rendered":"<p>\u00a0 Fournisseurs de services de r\u00e9clamation en assurance habitation En tant qu&rsquo;individus, nous sommes g\u00e9n\u00e9ralement jug\u00e9s, per\u00e7us et \u00e9valu\u00e9s en fonction des gens que nous fr\u00e9quentons. Il en va de m\u00eame dans le monde des affaires. Afin d&rsquo;\u00eatre l&rsquo;un des meilleurs sur le march\u00e9, Square One s&rsquo;est align\u00e9 avec certains des meilleurs experts, entrepreneurs et [&hellip;]<\/p>\n","protected":false},"author":2,"featured_media":0,"parent":75004,"menu_order":0,"comment_status":"open","ping_status":"open","template":"","meta":{"_acf_changed":false,"footnotes":""},"class_list":["post-48230","page","type-page","status-publish","hentry"],"acf":[],"_links":{"self":[{"href":"https:\/\/www.squareone.ca\/fr\/wp-json\/wp\/v2\/pages\/48230","targetHints":{"allow":["GET"]}}],"collection":[{"href":"https:\/\/www.squareone.ca\/fr\/wp-json\/wp\/v2\/pages"}],"about":[{"href":"https:\/\/www.squareone.ca\/fr\/wp-json\/wp\/v2\/types\/page"}],"author":[{"embeddable":true,"href":"https:\/\/www.squareone.ca\/fr\/wp-json\/wp\/v2\/users\/2"}],"replies":[{"embeddable":true,"href":"https:\/\/www.squareone.ca\/fr\/wp-json\/wp\/v2\/comments?post=48230"}],"version-history":[{"count":33,"href":"https:\/\/www.squareone.ca\/fr\/wp-json\/wp\/v2\/pages\/48230\/revisions"}],"predecessor-version":[{"id":78521,"href":"https:\/\/www.squareone.ca\/fr\/wp-json\/wp\/v2\/pages\/48230\/revisions\/78521"}],"up":[{"embeddable":true,"href":"https:\/\/www.squareone.ca\/fr\/wp-json\/wp\/v2\/pages\/75004"}],"wp:attachment":[{"href":"https:\/\/www.squareone.ca\/fr\/wp-json\/wp\/v2\/media?parent=48230"}],"curies":[{"name":"wp","href":"https:\/\/api.w.org\/{rel}","templated":true}]}}