{"id":48238,"date":"2021-07-21T11:45:28","date_gmt":"2021-07-21T18:45:28","guid":{"rendered":"https:\/\/www.squareone.ca\/centres-de-ressources"},"modified":"2026-04-09T10:30:38","modified_gmt":"2026-04-09T17:30:38","slug":"centres-ressources","status":"publish","type":"page","link":"https:\/\/www.squareone.ca\/fr\/centres-ressources","title":{"rendered":"Articles pratiques"},"content":{"rendered":"<main>\u00a0\r\n\r\n<section class=\"bg-shape-split bg-sub-page-hero\">\r\n<div class=\"bg-position\">\r\n<div class=\"container-fluid\">\r\n<h1 class=\"mb-3\">Articles pratiques sur l&rsquo;assurance et bien plus<\/h1>\r\n<p class=\"display-4\">Vous vous demandez ce que signifie \u00ab valeur \u00e0 neuf \u00bb? Vous faites des am\u00e9liorations \u00e0 votre habitation? Vous voulez louer une nouvelle habitation? D\u00e9couvrez les centres de ressources et les outils pratiques ci-dessous.<\/p>\r\n\r\n\t\t\t\t<p class=\"display-4\">Square One a pour objet de cr\u00e9er du contenu de la plus haute qualit\u00e9. Nous abordons une vaste gamme de th\u00e8mes, tout en nous assurant que l\u2019information publi\u00e9e est d\u2019une qualit\u00e9 impeccable. Dans cette optique, nos articles sont \u00e9valu\u00e9s par des experts en la mati\u00e8re pour l\u2019opportunit\u00e9, l\u2019exactitude et la clart\u00e9. Consultez notre page d\u2019experts pour conna\u00eetre <a href=\"\/fr\/a-propos-de-nous\/experts\" title=\"Nos experts\">nos sp\u00e9cialistes et nos normes de r\u00e9daction<\/a>.<\/p>\r\n\r\n\t\t\t\t<p class=\"display-4\">Vous ne trouvez pas ce que vous cherchez? N\u2019h\u00e9sitez pas \u00e0 <a href=\"mailto:info@squareone.ca\" title=\"Envoyez-nous un courriel\">nous envoyer un courriel<\/a> et nous ferons de notre mieux pour vous aider.<\/p>\r\n\r\n\t\t<\/div>\r\n\t<\/div>\r\n\t<div class=\"bg-bottom\"><\/div>\r\n<\/section>\r\n\u00a0\r\n\r\n\r\n\r\n<section class=\"mb-3 mt-6 xwide-mobile\">\r\n<div class=\"container-fluid\">\r\n<div class=\"row\">\r\n<div class=\"col-12 col-lg-11 offset-lg-1 pb-6\">\r\n<div class=\"h6 text-secondary-alt text-uppercase\">Quatorze grands centres de ressources<\/div>\r\n<h2>Choisissez parmi des dizaines d&rsquo;articles<\/h2>\r\n<p class=\"display-4\">Vous pouvez consulter quatorze centres de ressources diff\u00e9rents, regroup\u00e9s par th\u00e8me. Par exemple, vous verrez des centres de ressources au sujet de l&rsquo;achat et la vente de maisons, des d\u00e9finitions d&rsquo;assurance, ainsi que la d\u00e9coration int\u00e9rieure et la d\u00e9couverte de votre maison. \u00c9galement, il y a des centres de ressources destin\u00e9s aux propri\u00e9taires occupants, aux propri\u00e9taires bailleurs et aux locataires.<\/p>\r\n\r\n<div class=\"row mt-5\">\r\n<div class=\"col-12 col-md-4\">\r\n<ul class=\"list-unstyled link-list display-4\">\r\n\r\n<li><a href=\"\/fr\/centres-ressources\/achat-vente-demenagement-habitation\" title=\"Centre de ressources : achat, vente et d\u00e9m\u00e9nagement d'habitation\">Achat, vente et d\u00e9m\u00e9nagement d&rsquo;habitation<\/a><\/li>\r\n\r\n<li><a href=\"\/fr\/centres-ressources\/ameliorations-domiciliaires\" title=\"Centre de ressources : am\u00e9liorations domiciliaires\">Am\u00e9liorations domiciliaires<\/a><\/li>\r\n\r\n<li><a href=\"\/fr\/centres-ressources\/assurance-auto\" title=\"Centre de ressources : assurance auto\">Assurance auto<\/a><\/li>\r\n\r\n<li><a href=\"\/fr\/centres-ressources\/proprietaire-vehicule\" title=\"Centre de ressources : propri\u00e9taire de v\u00e9hicule\">Assurance auto, propri\u00e9taire de v\u00e9hicule<\/a><\/li>\r\n\r\n<li><a href=\"centres-ressources\/bases-assurance\" title=\"Bases de l'assurance habitation\">Bases de l&rsquo;assurance habitation<\/a><\/li>\r\n\r\n<li><a href=\"\/fr\/centres-ressources\/connaitre-votre-habitation\" title=\"Centre de ressources : conna\u00eetre votre habitation\">Conna\u00eetre votre habitation<\/a><\/li>\r\n\r\n<li><a href=\"\/fr\/centres-ressources\/coproprietaire\" title=\"Centre de ressources : copropri\u00e9taire\">Copropri\u00e9taire <\/a><\/li>\r\n\r\n<\/ul>\r\n<\/div>\r\n\t\t\t\t<div class=\"col-12 col-md-4\">\r\n\t\t\t\t<ul class='list-unstyled link-list display-4'>\r\n\r\n<li><a href=\"\/fr\/centres-ressources\/decoration-interieure\" title=\"Centre de ressources : d\u00e9coration int\u00e9rieure\">D\u00e9coration int\u00e9rieure<\/a>\r\n\r\n<li><a href=\"\/fr\/centres-ressources\/lexique-assurance\" title=\"Lexique de l'assurance\">Lexique de l&rsquo;assurance<\/a><\/li>\r\n\r\n<li><a href=\"\/fr\/centres-ressources\/locataire\" title=\"Centre de ressources : locataire\">Locataire<\/a><\/li>\r\n\r\n<li><a href=\"\/fr\/centres-ressources\/modele\" title=\"Ressources de mod\u00e8les de documents\">Mod\u00e8les de documents<\/a><\/li>\r\n\r\n<li><a href=\"\/fr\/centres-ressources\/proprietaire-bailleur\" title=\"Centre de ressources : propri\u00e9taire bailleur\">Propri\u00e9taire bailleur<\/a><\/li>\r\n\r\n<li><a href=\"\/fr\/centres-ressources\/proprietaire-occupant\" title=\"Propri\u00e9taire occupant\">Propri\u00e9taire occupant<\/a><\/li>\r\n\r\n<li><a href=\"\/fr\/centres-ressources\/securite-domiciliaire-personnelle\" title=\"S\u00e9curit\u00e9 domiciliaire et personnelle\">S\u00e9curit\u00e9 domiciliaire et personnelle<\/a><\/li>\r\n<\/ul>\r\n<\/div>\r\n<\/div>\r\n<\/div>\r\n<\/div>\r\n<\/div>\r\n<\/section>\r\n\t<section id=\"populate_recent_reviews\" class=\"reviews bg-shape overflow-hidden\">\n\t    <div class=\"container-fluid\">\n\t        <div v-show=\"showLoader\" class=\"text-center mt-6 mb-0\">\n                <div class=\"spinner-border text-primary\" role=\"status\">\n                    <span class=\"visually-hidden\">Loading...<\/span>\n                <\/div>\n            <\/div>\n\t        <div class=\"row\" v-show=\"!showLoader\">\n\t            <div class=\"col-12 col-lg-3 offset-lg-1\">\n\t                <div class=\"h6 mb-3 text-secondary-alt text-uppercase\">\n\t                \tCe que disent nos clients \n                    <\/div>\n\t                <div class=\"mb-4\">\n\t                \t<span class=\"display-1\">{{ totalReviews }}<\/span>\n\t                \t<div class=\"small\">\u00c9valuations v\u00e9rifi\u00e9es <\/div>\n                    <\/div>\n\t                <p>Ne nous croyez pas sur parole. Voici un aper\u00e7u des \u00e9valuations qui alimentent notre cote moyenne de {{ avgScore }} \u00e9toiles sur 5. Vous voulez en lire plus?\nConsulter notre <a href=\"https:\/\/www.squareone.ca\/fr\/evaluations\">page d\u2019\u00e9valuations<\/a>.<\/p>\n\t            <\/div>\n\t            <div class=\"col-12 col-lg-8 pt-4\">\n\t                <div class=\"reviews-carousel w-100\" aria-label=\"Glissez pour voir plus d\u2019\u00e9valuations\">\n\t                    <div class=\"carousel-cell col-12 col-lg-6\" v-for=\"(review,index) in reviews\" :key=\"index\">\n                            <div class=\"card review mb-4\">\n                                <div class=\"card-body\">\n                                    <div class=\"h3\">{{ review.ReviewTitle }}<\/div>\n                                      <div class=\"rating small mb-3\" v-if=\"review.ReviewRating\">\n                                            <span v-for=\"n in 5\">\n                                                <i v-if=\"n <= review.ReviewRating\" class=\"fa fa-star\"><\/i>\n                                                <i v-else class=\"fa fa-star-o\"><\/i>\n                                            <\/span>\n                                    <\/div>\n                                    <div class=\"rating small mb-3\" v-else>\n                                            <span v-for=\"n in 5\">\n                                              <i class=\"fa fa-star-o\"><\/i>\n                                            <\/span>\n                                    <\/div>\n                                    <p>{{ review.SummaryText }}<\/p>\n                                    <div class=\"review-footer\">\n                                        <div class=\"date small text-muted float-end pt-1\">{{ review.ReviewedAt }}<\/div>\n                                        <span class=\"fw-bold me-3\">{{ review.ReviewerName }}<\/span>\n                                        <span class=\"text-muted\">{{ review.ReviewerCity }}, {{ review.ProvinceId }}<\/span>\n                                    <\/div>\n                                   \n                                <\/div>\n                            <\/div>\n                        <\/div>\n                    <\/div>\n                <\/div>\n                <div class=\"col-12 flickity-custom-buttons\"><\/div>\n            <\/div>\n        <\/div>\n\t<\/section>\n\n    <script src=\"https:\/\/cdn.jsdelivr.net\/npm\/vue@2.6.11\/dist\/vue.min.js\"\n        integrity=\"sha384-OZmxTjkv7EQo5XDMPAmIkkvywVeXw59YyYh6zq8UKfkbor13jS+5p8qMTBSA1q+F\"\n        crossorigin=\"anonymous\"><\/script>\n    <script src=\"https:\/\/cdn.jsdelivr.net\/npm\/axios@1.8.4\/dist\/axios.min.js\" \n        integrity=\"sha384-06w+raHvkSL3+E7mbQ2X6DZwI5A3veU8Ba+NLrAPxxRGw4Xy78sihHDHQMustMM4\" \n        crossorigin=\"anonymous\"><\/script>\n\n<script type=\"text\/javascript\">\n    new Vue({\n        el: '#populate_recent_reviews',\n        data: {\n            reviews: [],\n            totalReviews: 0,\n            avgScore: 0,         \n            showLoader: false,\n        },\n     \n        methods: {\n            getReviews : function() {\n                var self = this;\n                var url = '\/sales\/index.php\/customerReview\/getHighlightedReviews';\n                \n                self.reviews = [];\n                self.showLoader = true;\n\n                axios.get(url, {\n                    params: {\n                        culture: \"fr_CA\",                        \n                    }\n                })\n                .then(response => {\n                    self.totalReviews = response.data.totalReviews;\n                    self.avgScore = response.data.avgScore;\n                  \n                    if (response.data.results.length) {\n                        self.reviews = response.data.results;\n                    }\n                    self.showLoader = false;\n                })\n                .catch(error => {\n                    self.showLoader = false;\n                    console.log(error);\n                });\n            }          \n        },\n        mounted: function () {\n            this.getReviews();\n        }\n    });\n<\/script>\r\n\t<section class=\"footer-cta bg-shape mt-6\">\n\t    <div class=\"container-fluid\">\n\t        <div class=\"row\">\n\t            <div class=\"col-10 offset-1 col-lg-8 offset-lg-2 text-center\">\n\t                <div class=\"h6 text-secondary-alt text-uppercase mb-4\">vous \u00eates en bonne compagnie <\/div>\n\t                <div class=\"h2 text-uc-first mb-4\">Joignez-vous \u00e0 plus de 3 000 000 de clients qui ont re\u00e7u une soumission en assurance habitation de notre part.<\/div>\n\t\t\t\t\t<div id=\"sq1-qw-6a9918847493\" class=\"sq1-quote-widget\" data-quote-widget-type=\"HOME\" data-has-custom-text=\"true\" style=\"min-height: 68px; height: auto\"><\/div>\n\t                <p class=\"text-uc-first\">D\u00e9couvrez \u00e0 quel point l'assurance habitation est abordable \u00e0 l'aide d'une soumission en ligne en 5 minutes.<\/p>\n\t                <p class=\"text-light small text-uc-first\">Avant de commencer, veuillez lire notre <a href=\"https:\/\/www.squareone.ca\/fr\/politique-confidentialite\" target=\"_blank\" rel=\"noreferrer noopener\">Politique de confidentialit\u00e9<\/a> et nos <a href=\"https:\/\/www.squareone.ca\/fr\/conditions-utilisation\" target=\"_blank\" rel=\"noreferrer noopener\">Conditions d\u2019utilisation<\/a>.<\/p>\n\t            <\/div>\n\t        <\/div>\n\t    <\/div>\n\t    <div class=\"locations position-absolute fw-bold w-100 text-center pb-6 px-3\">Une compagnie canadienne exploit\u00e9e par des Canadiens. Nous offrons nos services au <a href=\"\/fr\/habitation\/quebec\" class=\"text-grey-900 text-decoration-none\">Qu\u00e9bec<\/a>, en Colombie-Britannique, en Alberta, en Saskatchewan, au Manitoba et en Ontario.<\/div>\n\t<\/section>\r\n\r\n<\/main>","protected":false},"excerpt":{"rendered":"<p>\u00a0 Articles pratiques sur l&rsquo;assurance et bien plus Vous vous demandez ce que signifie \u00ab valeur \u00e0 neuf \u00bb? Vous faites des am\u00e9liorations \u00e0 votre habitation? Vous voulez louer une nouvelle habitation? D\u00e9couvrez les centres de ressources et les outils pratiques ci-dessous. Square One a pour objet de cr\u00e9er du contenu de la plus haute [&hellip;]<\/p>\n","protected":false},"author":2,"featured_media":0,"parent":0,"menu_order":8,"comment_status":"open","ping_status":"closed","template":"","meta":{"_acf_changed":false,"footnotes":""},"class_list":["post-48238","page","type-page","status-publish","hentry"],"acf":[],"_links":{"self":[{"href":"https:\/\/www.squareone.ca\/fr\/wp-json\/wp\/v2\/pages\/48238","targetHints":{"allow":["GET"]}}],"collection":[{"href":"https:\/\/www.squareone.ca\/fr\/wp-json\/wp\/v2\/pages"}],"about":[{"href":"https:\/\/www.squareone.ca\/fr\/wp-json\/wp\/v2\/types\/page"}],"author":[{"embeddable":true,"href":"https:\/\/www.squareone.ca\/fr\/wp-json\/wp\/v2\/users\/2"}],"replies":[{"embeddable":true,"href":"https:\/\/www.squareone.ca\/fr\/wp-json\/wp\/v2\/comments?post=48238"}],"version-history":[{"count":60,"href":"https:\/\/www.squareone.ca\/fr\/wp-json\/wp\/v2\/pages\/48238\/revisions"}],"predecessor-version":[{"id":78784,"href":"https:\/\/www.squareone.ca\/fr\/wp-json\/wp\/v2\/pages\/48238\/revisions\/78784"}],"wp:attachment":[{"href":"https:\/\/www.squareone.ca\/fr\/wp-json\/wp\/v2\/media?parent=48238"}],"curies":[{"name":"wp","href":"https:\/\/api.w.org\/{rel}","templated":true}]}}