{"id":48241,"date":"2021-07-21T12:29:41","date_gmt":"2021-07-21T19:29:41","guid":{"rendered":"https:\/\/www.squareone.ca\/proprietaires-de-maisons-et-de-coproprietes"},"modified":"2026-04-09T11:22:48","modified_gmt":"2026-04-09T18:22:48","slug":"proprietaires-maisons-et-coproprietes","status":"publish","type":"page","link":"https:\/\/www.squareone.ca\/fr\/centres-ressources\/proprietaire-occupant","title":{"rendered":"Centre de ressources : propri\u00e9taire occupant"},"content":{"rendered":"<section id=\"intro\" class=\"bg-shape-split bg-sub-page-hero\">\r\n<div class=\"bg-position\">\r\n<div class=\"container-fluid\">\r\n<div class=\"row\">\r\n<h1>Centre de ressources&nbsp;: propri\u00e9taire occupant<\/h1>\r\n<p class=\"display-4\">\u00cates-vous propri\u00e9taire occupant? Si c&rsquo;est le cas, il y a un certain nombre de choses que vous devez retenir. Par exemple, savez-vous comment les modifications apport\u00e9es aux r\u00e8glements et aux codes du b\u00e2timent influent sur votre assurance?<\/p>\r\n\r\n<p class=\"display-4\">Ce centre de ressources met en \u00e9vidence un grand nombre de consid\u00e9rations particuli\u00e8res auxquelles sont confront\u00e9s les propri\u00e9taires occupants. Vous trouverez bient\u00f4t des articles ci-dessous, donc revenez \u00e0 l&rsquo;avenir pour consulter cette page. Si vous avez une question sp\u00e9cifique, <a title=\"Envoyez-nous un courriel\" href=\"mailto:info@squareone.ca\">envoyez-nous<\/a> un courriel et nous ferons de notre mieux pour y r\u00e9pondre.<\/p>\r\n<p class=\"display-4\">Pour consulter des dizaines d\u2019articles \u00e0 l\u2019intention des copropri\u00e9taires, propri\u00e9taires bailleurs et locataires, jetez un \u0153il \u00e0 nos <a href=\"\/fr\/centres-ressources\" title=\"Articles pratiques sur l\u2019assurance et bien plus\">centres de ressources<\/a>.<\/p>\r\n\r\n<div id=\"wpcr_respond_1\"><\/div>\r\n<\/div>\r\n<\/div>\r\n<\/div>\r\n<div class=\"bg-bottom\"><\/div>\r\n<\/section>","protected":false},"excerpt":{"rendered":"<p>Centre de ressources&nbsp;: propri\u00e9taire occupant \u00cates-vous propri\u00e9taire occupant? Si c&rsquo;est le cas, il y a un certain nombre de choses que vous devez retenir. Par exemple, savez-vous comment les modifications apport\u00e9es aux r\u00e8glements et aux codes du b\u00e2timent influent sur votre assurance? Ce centre de ressources met en \u00e9vidence un grand nombre de consid\u00e9rations particuli\u00e8res [&hellip;]<\/p>\n","protected":false},"author":2,"featured_media":0,"parent":48238,"menu_order":4,"comment_status":"open","ping_status":"open","template":"page-article-landing.php","meta":{"_acf_changed":false,"footnotes":""},"class_list":["post-48241","page","type-page","status-publish","hentry"],"acf":[],"_links":{"self":[{"href":"https:\/\/www.squareone.ca\/fr\/wp-json\/wp\/v2\/pages\/48241","targetHints":{"allow":["GET"]}}],"collection":[{"href":"https:\/\/www.squareone.ca\/fr\/wp-json\/wp\/v2\/pages"}],"about":[{"href":"https:\/\/www.squareone.ca\/fr\/wp-json\/wp\/v2\/types\/page"}],"author":[{"embeddable":true,"href":"https:\/\/www.squareone.ca\/fr\/wp-json\/wp\/v2\/users\/2"}],"replies":[{"embeddable":true,"href":"https:\/\/www.squareone.ca\/fr\/wp-json\/wp\/v2\/comments?post=48241"}],"version-history":[{"count":8,"href":"https:\/\/www.squareone.ca\/fr\/wp-json\/wp\/v2\/pages\/48241\/revisions"}],"predecessor-version":[{"id":58785,"href":"https:\/\/www.squareone.ca\/fr\/wp-json\/wp\/v2\/pages\/48241\/revisions\/58785"}],"up":[{"embeddable":true,"href":"https:\/\/www.squareone.ca\/fr\/wp-json\/wp\/v2\/pages\/48238"}],"wp:attachment":[{"href":"https:\/\/www.squareone.ca\/fr\/wp-json\/wp\/v2\/media?parent=48241"}],"curies":[{"name":"wp","href":"https:\/\/api.w.org\/{rel}","templated":true}]}}