{"id":48249,"date":"2021-07-21T13:11:31","date_gmt":"2021-07-21T20:11:31","guid":{"rendered":"https:\/\/www.squareone.ca\/assurance-degats-des-eaux"},"modified":"2025-01-14T09:58:15","modified_gmt":"2025-01-14T17:58:15","slug":"assurance-degats-eau","status":"publish","type":"page","link":"https:\/\/www.squareone.ca\/fr\/habitation\/eau","title":{"rendered":"Assurance contre les d\u00e9g\u00e2ts des eaux"},"content":{"rendered":"<section class=\"bg-shape-split bg-sub-page-hero\">\r\n\t<div class=\"bg-position\">\r\n<div class=\"container-fluid\">\r\n<h1>Assurance contre les d\u00e9g\u00e2ts d&rsquo;eau<\/h1>\r\n<p class=\"display-4\">Les d\u00e9g\u00e2ts d&rsquo;eau se pr\u00e9sentent sous de nombreuses formes\u00a0: un tuyau \u00e9clate et remplit votre sous-sol d&rsquo;eau; une baignoire d\u00e9borde et endommage le plafond en dessous; un lave-vaisselle fuit et ruine vos planchers en bois franc. Quelle que soit la forme qu&rsquo;ils prennent, les dommages qui en r\u00e9sultent peuvent \u00eatre d\u00e9vastateurs. Aujourd&rsquo;hui, les d\u00e9g\u00e2ts d&rsquo;eau sont l&rsquo;un des types de sinistres les plus courants en Am\u00e9rique du Nord. Les r\u00e9clamations pour d\u00e9g\u00e2ts d&rsquo;eau repr\u00e9sentent le double des r\u00e9clamations pour incendie et vol combin\u00e9s.<\/p>\r\n<p class=\"display-4\">Il existe de nombreuses mesures que vous pouvez prendre pour <a href=\"\/fr\/centres-ressources\/securite-domiciliaire-personnelle\/prevention-degats-eau\" title=\"Pr\u00e9vention des d\u00e9g\u00e2ts d'eau\">emp\u00eacher les d\u00e9g\u00e2ts d&rsquo;eau<\/a>. Cela dit, la seule fa\u00e7on de prot\u00e9ger financi\u00e8rement votre famille et votre maison contre les dommages provoqu\u00e9s par l&rsquo;eau est de souscrire une assurance contre les d\u00e9g\u00e2ts d&rsquo;eau. En Am\u00e9rique du Nord, la plupart des assureurs habitation vous donnent la possibilit\u00e9 d&rsquo;ajouter \u00e0 votre police une assurance contre les d\u00e9g\u00e2ts d&rsquo;eau. Chez Assurances Square One, les polices comprennent automatiquement une protection contre la plupart des types de d\u00e9g\u00e2ts d&rsquo;eau. Pas de frais suppl\u00e9mentaires. Pour en savoir plus sur l&rsquo;assurance contre les d\u00e9g\u00e2ts d&rsquo;eau, consultez les informations fournies ci-dessous.<\/p>\r\n\r\n<\/div>\r\n\t<\/div>\r\n\t<div class=\"bg-bottom\"><\/div>\r\n<\/section>\r\n\r\n<section id=\"body\" class=\"mb-3 xwide-mobile py-6\">\r\n\r\n\t<div class=\"container-fluid\">\r\n<table width=\"100%\">\r\n<tbody valign=\"top\">\r\n<tr>\r\n<td width=\"28%\">\r\n<h3>L&rsquo;assurance habitation couvre-t-elle les d\u00e9g\u00e2ts d&rsquo;eau?<\/h3>\r\n<\/td>\r\n<td width=\"2%\"><\/td>\r\n<td class=\"pb-6\"><p>La plupart des polices <a title=\"Assurance habitation\" href=\"\/fr\/habitation\">d&rsquo;assurance habitation<\/a> pr\u00e9voient une certaine couverture des dommages caus\u00e9s par l&rsquo;eau. Cependant, il s&rsquo;agit probablement de l&rsquo;une des couvertures les plus d\u00e9routantes de toute police. En outre, le type et le montant de la couverture fournie varient consid\u00e9rablement d&rsquo;un fournisseur \u00e0 l&rsquo;autre.<\/p>\r\n\r\n<p>Si vous avez souscrit une police <a title=\"Polices compr\u00e9hensives\" href=\"\/fr\/pourquoi-nous\/protection-superieure\">d&rsquo;assurance tous risques<\/a>, qui vous prot\u00e8ge contre tous les types de sinistres \u00e0 l&rsquo;exception de ceux qui sont sp\u00e9cifiquement <a title=\"Initiation aux exclusions d'une police d'assurance habitation\" href=\"\/fr\/centres-ressources\/bases-assurance\/exclusions-police-assurance-habitation\">exclus<\/a>, vous pensez probablement que vous \u00eates couvert. Ce n&rsquo;est probablement pas le cas. La plupart des fournisseurs excluent sp\u00e9cifiquement les dommages r\u00e9sultant de l&rsquo;eau. Certains fournisseurs ajoutent \u00e0 la police de base une protection limit\u00e9e contre les d\u00e9g\u00e2ts d&rsquo;eau. D&rsquo;autres fournisseurs vous obligent \u00e0 ajouter et \u00e0 payer sp\u00e9cifiquement une protection contre les d\u00e9g\u00e2ts d&rsquo;eau.<\/p>\r\n\r\n<p>Veuillez noter que l&rsquo;assurance pour les dommages caus\u00e9s par l&rsquo;inondations c\u00f4ti\u00e8re, l&rsquo;eau souterraine, la mont\u00e9e d&rsquo;eau, les vagues, les raz-de-mar\u00e9e ou les tsunamis n&rsquo;est pas tr\u00e8s r\u00e9pandue en Am\u00e9rique du Nord. Par cons\u00e9quent, le gouvernement a mis en place des programmes d&rsquo;aide financi\u00e8re. Il convient \u00e9galement de noter que certains fournisseurs ne couvrent pas les dommages caus\u00e9s par l&rsquo;inondation fluviale.<\/p>\r\n\r\n<p><strong>Chez Square One, notre police d&rsquo;assurance habitation compl\u00e8te inclut automatiquement une protection contre la plupart des types de d\u00e9g\u00e2ts d&rsquo;eau, avec tr\u00e8s peu d&rsquo;exclusions.<\/strong> Ces exclusions sont clairement \u00e9num\u00e9r\u00e9es dans notre section sur les exclusions relatives aux d\u00e9g\u00e2ts d&rsquo;eau. Si vous le souhaitez, vous pouvez utiliser le bouton ci-dessous pour t\u00e9l\u00e9charger des \u00e9chantillons de libell\u00e9s de police et examiner les exclusions relatives aux d\u00e9g\u00e2ts d&rsquo;eau.<\/p>\r\n\r\n<a id=\"sample-policy-download-ca\" class=\"text-orange display-ca\" href=\"\/sales\/download_named_document?file_name=Libell\u00e9-de-la-police-assurance-propri\u00e9taire-occupant.pdf&lang_code=fr\">T\u00e9l\u00e9charger un \u00e9chantillon du libell\u00e9 de la police <\/a><\/td>\r\n<\/tr>\r\n<tr>\r\n<td>\r\n<h3>Que couvre l&rsquo;assurance contre les d\u00e9g\u00e2ts d&rsquo;eau?<\/h3>\r\n<\/td>\r\n<td><\/td>\r\n<td class=\"pb-6\"><p>Dans une police traditionnelle, il y a une couverture pour les d\u00e9g\u00e2ts d&rsquo;eau provoqu\u00e9s par ce qui suit\u00a0:<\/p>\r\n<ul>\r\n \t<li>la fuite soudaine et accidentelle d&rsquo;eau d&rsquo;une conduite d&rsquo;eau, d&rsquo;un syst\u00e8me de plomberie ou d&rsquo;un r\u00e9servoir d&rsquo;eau chaude; et<\/li>\r\n \t<li>l&rsquo;eau qui p\u00e9n\u00e8tre dans votre maison \u00e0 la suite d&rsquo;une ouverture caus\u00e9e par un sinistre assur\u00e9 (par exemple, un arbre tombe sur le toit de votre maison et l&rsquo;endommage lors d&rsquo;une temp\u00eate, laissant entrer la pluie qui endommage l&rsquo;int\u00e9rieur de votre maison).<\/li>\r\n <\/ul>\r\n\r\n<p>Souvent, le <a title=\"Refoulement d'eau\" href=\"https:\/\/www.squareone.ca\/fr\/habitation\/refoulement-eau\">refoulement d&rsquo;eau<\/a> est inclus, mais avec de nombreux fournisseurs, vous devez sp\u00e9cifiquement ajouter et payer cette couverture. M\u00eame si le refoulement d&rsquo;eau est couvert, il se peut qu&rsquo;il ne couvre que le refoulement d&rsquo;un drain d&rsquo;\u00e9gout situ\u00e9 \u00e0 l&rsquo;int\u00e9rieur de votre maison. Par exemple, il se peut qu&rsquo;il n&rsquo;y ait pas de couverture pour les dommages r\u00e9sultant d&rsquo;un drain ext\u00e9rieur qui se bouche et refoule, faisant entrer de l&rsquo;eau sous votre porte.<\/p>\r\n\r\n<p>Comme nous l&rsquo;avons mentionn\u00e9 pr\u00e9c\u00e9demment, les polices d&rsquo;assurance habitation en Am\u00e9rique du Nord ne couvrent g\u00e9n\u00e9ralement pas les dommages r\u00e9sultant de l&rsquo;inondations c\u00f4ti\u00e8re, de la mont\u00e9e des eaux, de raz-de-mar\u00e9e ou de tsunamis. Entre autres, la plupart des polices excluent les dommages caus\u00e9s par une infiltration ou une fuite d&rsquo;eau progressive, continue ou r\u00e9p\u00e9t\u00e9e au fil du temps. Par ailleurs, la plupart des polices excluent les dommages r\u00e9sultant du gel et de l&rsquo;\u00e9clatement des tuyaux si vous \u00eates absent de votre domicile pendant la saison de chauffage habituelle pendant plus de 4\u00a0jours (7\u00a0jours chez Square One), sauf si vous\u00a0:<\/p>\r\n\r\n<ul>\r\n \t<li>veillez \u00e0 ce que quelqu&rsquo;un v\u00e9rifie quotidiennement votre domicile pour s&rsquo;assurer que le chauffage est maintenu; ou<\/li>\r\n \t<li>coupez l&rsquo;eau et vidangez tous les tuyaux de votre habitation.<\/li>\r\n <\/ul>\r\n\r\n<p>Les d\u00e9g\u00e2ts d&rsquo;eau peuvent ne pas \u00eatre couverts du tout pour les biens immobilier locatifs, les propri\u00e9t\u00e9s vacantes ou les propri\u00e9t\u00e9s de vacances. De nombreux fournisseurs ont \u00e9galement int\u00e9gr\u00e9 des sous-limitations pour les dommages r\u00e9sultant du refoulement d&rsquo;eau. Il est donc d&rsquo;autant plus important de lire attentivement votre police ou de parler \u00e0 votre assureur pour vous assurer que vous b\u00e9n\u00e9ficiez de la protection la plus \u00e9tendue possible.<\/p>\r\n\r\n<p><strong>Square One inclut automatiquement une protection contre la plupart des types de d\u00e9g\u00e2ts d&rsquo;eau, y compris le refoulement, \u00e0 concurrence de la limitation s\u00e9lectionn\u00e9e, dans quasiment toutes ses polices d&rsquo;assurance habitation.<\/strong><\/p><\/td>\r\n<\/tr>\r\n<tr>\r\n<td>\r\n<h3>Combien co\u00fbte l&rsquo;assurance contre les d\u00e9g\u00e2ts d&rsquo;eau?<\/h3>\r\n<\/td>\r\n<td><\/td>\r\n<td class=\"pb-6\"><p>Selon votre assureur habitation, l&rsquo;assurance contre les d\u00e9g\u00e2ts d&rsquo;eau peut \u00eatre incluse dans la police de base. Il se peut aussi que vous deviez ajouter une protection contre les dommages caus\u00e9s par l&rsquo;eau et le refoulement d&rsquo;eau et la payer. Si votre assureur vous exige d&rsquo;ajouter cette protection, cela peut co\u00fbter entre 10 et 250\u00a0dollars (ou plus) par an pour obtenir la protection la plus \u00e9tendue possible.<\/p>\r\n\r\n<p><strong>Presque toutes les polices d&rsquo;assurance habitation propos\u00e9es par Square One incluent automatiquement une protection contre la plupart des types de d\u00e9g\u00e2ts d&rsquo;eau, y compris le refoulement sans frais suppl\u00e9mentaires.<\/strong><\/p><\/td>\r\n<\/tr>\r\n<tr>\r\n<td>\r\n<h3>Quelle est la franchise pour les d\u00e9g\u00e2ts d&rsquo;eau?<\/h3>\r\n<\/td>\r\n<td><\/td>\r\n<td><p>La franchise pour les d\u00e9g\u00e2ts d&rsquo;eau sera probablement la m\u00eame que celle de votre police d&rsquo;assurance normale, qui varie g\u00e9n\u00e9ralement entre 500\u00a0$ et 5\u00a0000\u00a0$.<\/p><\/td>\r\n<\/tr>\r\n<\/tbody>\r\n<\/table>\r\n<\/div>\r\n<\/section>\t<section class=\"cta-with-illustration bg-shape py-lg-0 bg-transparent\">\n\t\t<img decoding=\"async\" src=\"\/sales\/images\/bgs\/bg-mid-page-cta-top.svg\" style=\"width: 100%; max-height: 80px; position: relative; top: 1px;\" \/>\n\t\t\n\t\t<div class=\"w-100 bg-darkTeal\">\n\t\t\t<div class=\"container-fluid h-100\">\n\t\t\t\t<div class=\"row d-flex align-items-center h-100\">\n\t\t\t\t\t<div class=\"col-12 col-md-5 col-lg-6 col-xl-5 illustration text-center text-lg-left\">\n\t\t\t\t\t\t<img decoding=\"async\" src=\"\/sales\/images\/illustrations\/illustration-working-at-computer.png\" class=\"mw-100\" width=\"398\" loading=\"lazy\" alt=\"Illustration d\u2019une personne travaillant devant un ordinateur\">\n\t\t\t\t\t<\/div>\n\t\n\t\t\t\t\t<div class=\"col-12 col-md-7 col-lg-6 col-xl-7 pb-5 pb-lg-0\">\n\t\t\t\t\t\t<div class=\"h6 mb-4 text-primary text-uppercase\">Cela ne prend que 5\u00a0minutes <\/div>\n\t\t\t\t\t\t<div class=\"h3 text-uc-first text-white\">Pr\u00eat \u00e0 obtenir une soumission en ligne?<\/div>\n\t\t\t\t\t\t<p class=\"mw-lg-80 text-uc-first text-white\">Votre temps est aussi pr\u00e9cieux que vos possessions. Obtenez une soumission d'assurance habitation en <strong>5 minutes<\/strong>. C\u2019est moins de temps qu\u2019il n\u2019en faut pour faire la file pour un caf\u00e9.<\/p>\n\t\t\t\t\t\t<div id=\"sq1-qw-6929273cc960\" class=\"sq1-quote-widget text-white\" data-quote-widget-type=\"HOME\" data-has-custom-text=\"true\">\n\t\t\t\t\t\t\t<div class=\"input-group input-group-focus-within bg-white my-4\">\n\t\t\t\t\t\t\t\t<div>\n\t\t\t\t\t\t\t\t\t<div class=\"input-group-text\"><i class=\"fa fa-map-marker text-black\"><\/i><\/div>\n\t\t\t\t\t\t\t\t<\/div>\n\t\t\t\t\t\t\t\t<input type=\"text\" class=\"form-control\" placeholder=\"Inscrire votre adresse \" aria-label=\"Inscrire votre adresse \">\n\t\t\t\t\t\t\t\t<div>\n\t\t\t\t\t\t\t\t\t<button class=\"btn btn-primary\" type=\"button\">Obtenir une soumission <\/button>\n\t\t\t\t\t\t\t\t<\/div>\n\t\t\t\t\t\t\t<\/div>\n\t\t\t\t\t\t<\/div>\n\t\t\t\t\t\t<p class=\"small text-white\">Avant de commencer, veuillez lire notre <a href=\"https:\/\/www.squareone.ca\/fr\/politique-confidentialite\" target=\"_blank\" rel=\"noreferrer noopener\">Politique de confidentialit\u00e9<\/a> et nos <a href=\"https:\/\/www.squareone.ca\/fr\/conditions-utilisation\" target=\"_blank\" rel=\"noreferrer noopener\">Conditions d\u2019utilisation<\/a>.<\/p>\t\t\t\t\t\n\t\t\t\t\t<\/div>\n\t\t\t\t<\/div>\n\t\t\t<\/div>\n\t\t<\/div>\t\t\t\n\t\t\n\t\t<img decoding=\"async\" src=\"\/sales\/images\/bgs\/bg-mid-page-cta-bottom.svg\" style=\"width: 100%; max-height: 80px\" \/>\n\t<\/section>\r\n\t<section id=\"populate_recent_reviews\" class=\"reviews bg-shape overflow-hidden\">\n\t    <div class=\"container-fluid\">\n\t        <div v-show=\"showLoader\" class=\"text-center mt-6 mb-0\">\n                <div class=\"spinner-border text-primary\" role=\"status\">\n                    <span class=\"visually-hidden\">Loading...<\/span>\n                <\/div>\n            <\/div>\n\t        <div class=\"row\" v-show=\"!showLoader\">\n\t            <div class=\"col-12 col-lg-3 offset-lg-1\">\n\t                <div class=\"h6 mb-3 text-secondary-alt text-uppercase\">\n\t                \tCe que disent nos clients \n                    <\/div>\n\t                <div class=\"mb-4\">\n\t                \t<span class=\"display-1\">{{ totalReviews }}<\/span>\n\t                \t<div class=\"small\">\u00c9valuations v\u00e9rifi\u00e9es <\/div>\n                    <\/div>\n\t                <p>Ne nous croyez pas sur parole. Voici un aper\u00e7u des \u00e9valuations qui alimentent notre cote moyenne de {{ avgScore }} \u00e9toiles sur 5. Vous voulez en lire plus?\nConsulter notre <a href=\"https:\/\/www.squareone.ca\/fr\/evaluations\">page d\u2019\u00e9valuations<\/a>.<\/p>\n\t            <\/div>\n\t            <div class=\"col-12 col-lg-8 pt-4\">\n\t                <div class=\"reviews-carousel w-100\" aria-label=\"Glissez pour voir plus d\u2019\u00e9valuations\">\n\t                    <div class=\"carousel-cell col-12 col-lg-6\" v-for=\"(review,index) in reviews\" :key=\"index\">\n                            <div class=\"card review mb-4\">\n                                <div class=\"card-body\">\n                                    <div class=\"h3\">{{ review.ReviewTitle }}<\/div>\n                                      <div class=\"rating small mb-3\" v-if=\"review.ReviewRating\">\n                                            <span v-for=\"n in 5\">\n                                                <i v-if=\"n <= review.ReviewRating\" class=\"fa fa-star\"><\/i>\n                                                <i v-else class=\"fa fa-star-o\"><\/i>\n                                            <\/span>\n                                    <\/div>\n                                    <div class=\"rating small mb-3\" v-else>\n                                            <span v-for=\"n in 5\">\n                                              <i class=\"fa fa-star-o\"><\/i>\n                                            <\/span>\n                                    <\/div>\n                                    <p>{{ review.SummaryText }}<\/p>\n                                    <div class=\"review-footer\">\n                                        <div class=\"date small text-muted float-end pt-1\">{{ review.ReviewedAt }}<\/div>\n                                        <span class=\"fw-bold me-3\">{{ review.ReviewerName }}<\/span>\n                                        <span class=\"text-muted\">{{ review.ReviewerCity }}, {{ review.ProvinceId }}<\/span>\n                                    <\/div>\n                                   \n                                <\/div>\n                            <\/div>\n                        <\/div>\n                    <\/div>\n                <\/div>\n                <div class=\"col-12 flickity-custom-buttons\"><\/div>\n            <\/div>\n        <\/div>\n\t<\/section>\n\n    <script src=\"https:\/\/cdn.jsdelivr.net\/npm\/vue@2.6.11\/dist\/vue.min.js\"\n        integrity=\"sha384-OZmxTjkv7EQo5XDMPAmIkkvywVeXw59YyYh6zq8UKfkbor13jS+5p8qMTBSA1q+F\"\n        crossorigin=\"anonymous\"><\/script>\n    <script src=\"https:\/\/cdn.jsdelivr.net\/npm\/axios@1.8.4\/dist\/axios.min.js\" \n        integrity=\"sha384-06w+raHvkSL3+E7mbQ2X6DZwI5A3veU8Ba+NLrAPxxRGw4Xy78sihHDHQMustMM4\" \n        crossorigin=\"anonymous\"><\/script>\n\n<script type=\"text\/javascript\">\n    new Vue({\n        el: '#populate_recent_reviews',\n        data: {\n            reviews: [],\n            totalReviews: 0,\n            avgScore: 0,         \n            showLoader: false,\n        },\n     \n        methods: {\n            getReviews : function() {\n                var self = this;\n                var url = '\/sales\/index.php\/customerReview\/getHighlightedReviews';\n                \n                self.reviews = [];\n                self.showLoader = true;\n\n                axios.get(url, {\n                    params: {\n                        culture: \"fr_CA\",                        \n                    }\n                })\n                .then(response => {\n                    self.totalReviews = response.data.totalReviews;\n                    self.avgScore = response.data.avgScore;\n                  \n                    if (response.data.results.length) {\n                        self.reviews = response.data.results;\n                    }\n                    self.showLoader = false;\n                })\n                .catch(error => {\n                    self.showLoader = false;\n                    console.log(error);\n                });\n            }          \n        },\n        mounted: function () {\n            this.getReviews();\n        }\n    });\n<\/script>\r\n\t<section class=\"footer-cta bg-shape mt-6\">\n\t    <div class=\"container-fluid\">\n\t        <div class=\"row\">\n\t            <div class=\"col-10 offset-1 col-lg-8 offset-lg-2 text-center\">\n\t                <div class=\"h6 text-secondary-alt text-uppercase mb-4\">vous \u00eates en bonne compagnie <\/div>\n\t                <div class=\"h2 text-uc-first mb-4\">Joignez-vous \u00e0 plus de 3 000 000 de clients qui ont re\u00e7u une soumission en assurance habitation de notre part.<\/div>\n\t\t\t\t\t<div id=\"sq1-qw-5e71612dabc1\" class=\"sq1-quote-widget\" data-quote-widget-type=\"HOME\" data-has-custom-text=\"true\" style=\"min-height: 68px; height: auto\"><\/div>\n\t                <p class=\"text-uc-first\">D\u00e9couvrez \u00e0 quel point l'assurance habitation est abordable \u00e0 l'aide d'une soumission en ligne en 5 minutes.<\/p>\n\t                <p class=\"text-light small text-uc-first\">Avant de commencer, veuillez lire notre <a href=\"https:\/\/www.squareone.ca\/fr\/politique-confidentialite\" target=\"_blank\" rel=\"noreferrer noopener\">Politique de confidentialit\u00e9<\/a> et nos <a href=\"https:\/\/www.squareone.ca\/fr\/conditions-utilisation\" target=\"_blank\" rel=\"noreferrer noopener\">Conditions d\u2019utilisation<\/a>.<\/p>\n\t            <\/div>\n\t        <\/div>\n\t    <\/div>\n\t    <div class=\"locations position-absolute fw-bold w-100 text-center pb-6 px-3\">Une compagnie canadienne exploit\u00e9e par des Canadiens. Nous offrons nos services au <a href=\"\/fr\/habitation\/quebec\" class=\"text-grey-900 text-decoration-none\">Qu\u00e9bec<\/a>, en Colombie-Britannique, en Alberta, en Saskatchewan, au Manitoba et en Ontario.<\/div>\n\t<\/section>\r\n<script type=\"application\/ld+json\">\r\n{\r\n  \"@context\": \"https:\/\/schema.org\",\r\n  \"@type\": \"FAQPage\",\r\n  \"mainEntity\": [{\r\n    \"@type\": \"Question\",\r\n    \"name\": \"L'assurance habitation couvre-t-elle les d\u00e9g\u00e2ts d'eau?\",\r\n    \"acceptedAnswer\": {\r\n      \"@type\": \"Answer\",\r\n      \"text\": \"La plupart des polices d'assurance habitation pr\u00e9voient une certaine couverture des dommages caus\u00e9s par l'eau. Cependant, il s'agit probablement de l'une des couvertures les plus d\u00e9routantes de toute police. En outre, le type et le montant de la couverture fournie varient consid\u00e9rablement d'un fournisseur \u00e0 l'autre. Si vous avez souscrit une police d'assurance tous risques, qui vous prot\u00e8ge contre tous les types de sinistres \u00e0 l'exception de ceux qui sont sp\u00e9cifiquement exclus, vous pensez probablement que vous \u00eates couvert. Ce n'est probablement pas le cas. La plupart des fournisseurs excluent sp\u00e9cifiquement les dommages r\u00e9sultant de l'eau. Certains fournisseurs ajoutent \u00e0 la police de base une protection limit\u00e9e contre les d\u00e9g\u00e2ts d'eau. D'autres fournisseurs vous obligent \u00e0 ajouter et \u00e0 payer sp\u00e9cifiquement une protection contre les d\u00e9g\u00e2ts d'eau. Veuillez noter que l'assurance pour les dommages caus\u00e9s par l'inondations c\u00f4ti\u00e8re, l'eau souterraine, la mont\u00e9e d'eau, les vagues, les raz-de-mar\u00e9e ou les tsunamis n'est pas tr\u00e8s r\u00e9pandue en Am\u00e9rique du Nord. Par cons\u00e9quent, le gouvernement a mis en place des programmes d'aide financi\u00e8re. Il convient \u00e9galement de noter que certains fournisseurs ne couvrent pas les dommages caus\u00e9s par l'inondation fluviale.\"\r\n    }\r\n  },{\r\n    \"@type\": \"Question\",\r\n    \"name\": \"Que couvre l'assurance contre les d\u00e9g\u00e2ts d'eau?\",\r\n    \"acceptedAnswer\": {\r\n      \"@type\": \"Answer\",\r\n      \"text\": \"Dans une police traditionnelle, il y a une couverture pour les d\u00e9g\u00e2ts d'eau provoqu\u00e9s par ce qui suit\u00a0: la fuite soudaine et accidentelle d'eau d'une conduite d'eau, d'un syst\u00e8me de plomberie ou d'un r\u00e9servoir d'eau chaude; et si l'eau qui p\u00e9n\u00e8tre dans votre maison \u00e0 la suite d'une ouverture caus\u00e9e par un sinistre assur\u00e9 (par exemple, un arbre tombe sur le toit de votre maison et l'endommage lors d'une temp\u00eate, laissant entrer la pluie qui endommage l'int\u00e9rieur de votre maison). Souvent, le refoulement d'eau est inclus, mais avec de nombreux fournisseurs, vous devez sp\u00e9cifiquement ajouter et payer cette couverture. M\u00eame si le refoulement d'eau est couvert, il se peut qu'il ne couvre que le refoulement d'un drain d'\u00e9gout situ\u00e9 \u00e0 l'int\u00e9rieur de votre maison. Par exemple, il se peut qu'il n'y ait pas de couverture pour les dommages r\u00e9sultant d'un drain ext\u00e9rieur qui se bouche et refoule, faisant entrer de l'eau sous votre porte..\"\r\n    }\r\n  },{\r\n    \"@type\": \"Question\",\r\n    \"name\": \"Combien co\u00fbte l'assurance contre les d\u00e9g\u00e2ts d'eau?\",\r\n    \"acceptedAnswer\": {\r\n      \"@type\": \"Answer\",\r\n      \"text\": \"Selon votre assureur habitation, l'assurance contre les d\u00e9g\u00e2ts d'eau peut \u00eatre incluse dans la police de base. Il se peut aussi que vous deviez ajouter une protection contre les dommages caus\u00e9s par l'eau et le refoulement d'eau et la payer. Si votre assureur vous exige d'ajouter cette protection, cela peut co\u00fbter entre 10 et 250\u00a0dollars (ou plus) par an pour obtenir la protection la plus \u00e9tendue possible.\"\r\n    }\r\n  },{\r\n    \"@type\": \"Question\",\r\n    \"name\": \"Quelle est la franchise pour les d\u00e9g\u00e2ts d'eau?\",\r\n    \"acceptedAnswer\": {\r\n      \"@type\": \"Answer\",\r\n      \"text\": \"La franchise pour les d\u00e9g\u00e2ts d'eau sera probablement la m\u00eame que celle de votre police d'assurance normale, qui varie g\u00e9n\u00e9ralement entre 500\u00a0$ et 5\u00a0000\u00a0$.\"\r\n    }\r\n  }]\r\n}\r\n<\/script>","protected":false},"excerpt":{"rendered":"<p>Assurance contre les d\u00e9g\u00e2ts d&rsquo;eau Les d\u00e9g\u00e2ts d&rsquo;eau se pr\u00e9sentent sous de nombreuses formes\u00a0: un tuyau \u00e9clate et remplit votre sous-sol d&rsquo;eau; une baignoire d\u00e9borde et endommage le plafond en dessous; un lave-vaisselle fuit et ruine vos planchers en bois franc. Quelle que soit la forme qu&rsquo;ils prennent, les dommages qui en r\u00e9sultent peuvent \u00eatre [&hellip;]<\/p>\n","protected":false},"author":2,"featured_media":0,"parent":48512,"menu_order":0,"comment_status":"open","ping_status":"closed","template":"","meta":{"_acf_changed":false,"footnotes":""},"class_list":["post-48249","page","type-page","status-publish","hentry"],"acf":[],"_links":{"self":[{"href":"https:\/\/www.squareone.ca\/fr\/wp-json\/wp\/v2\/pages\/48249","targetHints":{"allow":["GET"]}}],"collection":[{"href":"https:\/\/www.squareone.ca\/fr\/wp-json\/wp\/v2\/pages"}],"about":[{"href":"https:\/\/www.squareone.ca\/fr\/wp-json\/wp\/v2\/types\/page"}],"author":[{"embeddable":true,"href":"https:\/\/www.squareone.ca\/fr\/wp-json\/wp\/v2\/users\/2"}],"replies":[{"embeddable":true,"href":"https:\/\/www.squareone.ca\/fr\/wp-json\/wp\/v2\/comments?post=48249"}],"version-history":[{"count":16,"href":"https:\/\/www.squareone.ca\/fr\/wp-json\/wp\/v2\/pages\/48249\/revisions"}],"predecessor-version":[{"id":74272,"href":"https:\/\/www.squareone.ca\/fr\/wp-json\/wp\/v2\/pages\/48249\/revisions\/74272"}],"up":[{"embeddable":true,"href":"https:\/\/www.squareone.ca\/fr\/wp-json\/wp\/v2\/pages\/48512"}],"wp:attachment":[{"href":"https:\/\/www.squareone.ca\/fr\/wp-json\/wp\/v2\/media?parent=48249"}],"curies":[{"name":"wp","href":"https:\/\/api.w.org\/{rel}","templated":true}]}}