{"id":48262,"date":"2021-07-22T06:01:05","date_gmt":"2021-07-22T13:01:05","guid":{"rendered":"https:\/\/www.squareone.ca\/assurance-contre-la-grele"},"modified":"2025-04-08T08:05:10","modified_gmt":"2025-04-08T15:05:10","slug":"assurance-contre-la-grele","status":"publish","type":"page","link":"https:\/\/www.squareone.ca\/fr\/habitation\/grele","title":{"rendered":"Assurance contre la gr\u00eale"},"content":{"rendered":"<section class=\"bg-shape-split bg-sub-page-hero\">\r\n\t<div class=\"bg-position\">\r\n<div class=\"container-fluid\">\r\n<h1>Assurance contre la gr\u00eale<\/h1>\r\n<p class=\"display-4\">La gr\u00eale peut survenir en toute saison. Bien que vous puissiez prendre certaines mesures pour pr\u00e9venir les dommages caus\u00e9s par la gr\u00eale, la seule fa\u00e7on de prot\u00e9ger financi\u00e8rement votre famille et votre maison contre les dommages caus\u00e9s par la gr\u00eale est de souscrire une assurance. Au Canada, la plupart des assureurs habitation incluent la protection contre les dommages caus\u00e9s par la gr\u00eale dans les polices qu&rsquo;ils proposent. Chez Square One, les polices comprennent automatiquement l&rsquo;assurance contre les dommages caus\u00e9s par la gr\u00eale, \u00e0 l&rsquo;exception des habitations situ\u00e9es dans des zones \u00e0 risque \u00e9lev\u00e9. Dans ces cas, vous pouvez souscrire cette couverture si vous le d\u00e9sirez. Vous trouverez ci-dessous de plus amples renseignements sur l&rsquo;assurance contre les dommages caus\u00e9s par la gr\u00eale.<\/p>\r\n\r\n<\/div>\r\n\t<\/div>\r\n\t<div class=\"bg-bottom\"><\/div>\r\n<\/section>\r\n\r\n<section id=\"body\" class=\"mb-3 xwide-mobile py-6\">\r\n\t<div class=\"container-fluid\">\r\n<table width=\"100%\">\r\n<tbody valign=\"top\">\r\n<tr>\r\n<td width=\"28%\">\r\n<h3>L&rsquo;assurance habitation couvre-t-elle les dommages caus\u00e9s par la gr\u00eale?<\/h3>\r\n<\/td>\r\n<td width=\"2%\"><\/td>\r\n<td class=\"pb-6\">\r\n\r\n<p>La plupart des polices d&rsquo;assurance habitation couvrent les dommages occasionn\u00e9s par la gr\u00eale ou au moins offrent la possibilit\u00e9 de souscrire la couverture contre la gr\u00eale moyennant des frais suppl\u00e9mentaires.<\/p>\r\n\r\n<strong>Chez Square One, nos polices admissibles <a title=\"Assurance habitation\" href=\"\/fr\/habitation\">d&rsquo;assurance habitation<\/a> couvrent automatiquement les dommages caus\u00e9s par la gr\u00eale dans la plupart des r\u00e9gions.<\/strong> Dans les r\u00e9gions o\u00f9 les dommages contre la gr\u00eale ne sont pas automatiquement couverts, vous pouvez la souscrire si vous le souhaitez. Nous offrons l&rsquo;une <a title=\"La protection sup\u00e9rieure\" href=\"https:\/\/www.squareone.ca\/fr\/pourquoi-nous\/protection-superieure\">des polices les plus compl\u00e8tes<\/a>.<\/td>\r\n<\/tr>\r\n<tr>\r\n<td>\r\n<h3>Que couvre l&rsquo;assurance contre la gr\u00eale?<\/h3>\r\n<\/td>\r\n<td><\/td>\r\n<td class=\"pb-6\">Les dommages caus\u00e9s par la gr\u00eale \u00e0 votre habitation sont couverts par la plupart des polices. Mais il y a souvent certaines conditions.\r\n\r\nPar exemple, si votre toit est endommag\u00e9 par la gr\u00eale, il se peut que vous ne receviez pas la totalit\u00e9 des frais de sa reconstruction si le toit approchait de la fin de sa dur\u00e9e de vie. Si l&rsquo;usure est en partie en raison du fait que le toit \u00e9tait susceptible d&rsquo;\u00eatre endommag\u00e9, une d\u00e9pr\u00e9ciation peut \u00eatre appliqu\u00e9e \u00e0 votre r\u00e8glement. Tout dommage r\u00e9sultant de l&rsquo;usure normale n&rsquo;est pas couvert par l&rsquo;assurance.\r\n\r\nLes dispositions de l&rsquo;assurance habitation ne sont pas toujours les plus faciles \u00e0 lire ou \u00e0 comprendre. Afin de d\u00e9terminer \u00e0 quel point vous \u00eates assur\u00e9, vous devriez consulter votre assureur.<\/td>\r\n<\/tr>\r\n<tr>\r\n<td>\r\n<h3>Combien co\u00fbte l&rsquo;assurance contre la gr\u00eale?<\/h3>\r\n<\/td>\r\n<td><\/td>\r\n<td class=\"pb-6\">\r\n\r\n<p>Lorsqu&rsquo;elle est couverte par une police d&rsquo;assurance habitation admissible, le co\u00fbt de l&rsquo;assurance contre la gr\u00eale est int\u00e9gr\u00e9 \u00e0 la prime de base. Vous ne verrez probablement pas de frais distincts pour cette couverture.<\/p>\r\n\r\n<p><strong>Ceci est \u00e9galement vrai pour la plupart des polices de Square One. Si vous avez la possibilit\u00e9 d&rsquo;ajouter ou refuser la couverture pour la gr\u00eale, vous verrez le co\u00fbt pendant le processus de soumission.<\/strong><\/p>\r\n<\/tr>\r\n<tr>\r\n<td>\r\n<h3>Quelle est la franchise pour les dommages caus\u00e9s par la gr\u00eale?<\/h3>\r\n<\/td>\r\n<td><\/td>\r\n<td>E\r\n\r\n<p>En g\u00e9n\u00e9ral, la franchise normale de la police s&rsquo;applique aux dommages caus\u00e9s par la gr\u00eale. Ceci est le cas des polices de Square One, \u00e0 l&rsquo;exception des r\u00e9gions \u00e0 risque \u00e9lev\u00e9. Les clienst dans ces r\u00e9gions peuvent exclure la couverture pour la gr\u00eale ou la souscrirer moyennant une franchise pour la gr\u00eale de 5\u00a0000\u00a0$.<\/p>\r\n\r\n<\/td>\r\n<\/tr>\r\n<\/tbody>\r\n<\/table>\r\n<\/div>\r\n<\/section>\t<section class=\"cta-with-illustration bg-shape py-lg-0 bg-transparent\">\n\t\t<img decoding=\"async\" src=\"\/sales\/images\/bgs\/bg-mid-page-cta-top.svg\" style=\"width: 100%; max-height: 80px; position: relative; top: 1px;\" \/>\n\t\t\n\t\t<div class=\"w-100 bg-darkTeal\">\n\t\t\t<div class=\"container-fluid h-100\">\n\t\t\t\t<div class=\"row d-flex align-items-center h-100\">\n\t\t\t\t\t<div class=\"col-12 col-md-5 col-lg-6 col-xl-5 illustration text-center text-lg-left\">\n\t\t\t\t\t\t<img decoding=\"async\" src=\"\/sales\/images\/illustrations\/illustration-working-at-computer.png\" class=\"mw-100\" width=\"398\" loading=\"lazy\" alt=\"Illustration d\u2019une personne travaillant devant un ordinateur\">\n\t\t\t\t\t<\/div>\n\t\n\t\t\t\t\t<div class=\"col-12 col-md-7 col-lg-6 col-xl-7 pb-5 pb-lg-0\">\n\t\t\t\t\t\t<div class=\"h6 mb-4 text-primary text-uppercase\">Cela ne prend que 5\u00a0minutes <\/div>\n\t\t\t\t\t\t<div class=\"h3 text-uc-first text-white\">Pr\u00eat \u00e0 obtenir une soumission en ligne?<\/div>\n\t\t\t\t\t\t<p class=\"mw-lg-80 text-uc-first text-white\">Votre temps est aussi pr\u00e9cieux que vos possessions. Obtenez une soumission d'assurance habitation en <strong>5 minutes<\/strong>. C\u2019est moins de temps qu\u2019il n\u2019en faut pour faire la file pour un caf\u00e9.<\/p>\n\t\t\t\t\t\t<div id=\"sq1-qw-afaf9657f1dc\" class=\"sq1-quote-widget text-white\" data-quote-widget-type=\"HOME\" data-has-custom-text=\"true\">\n\t\t\t\t\t\t\t<div class=\"input-group input-group-focus-within bg-white my-4\">\n\t\t\t\t\t\t\t\t<div>\n\t\t\t\t\t\t\t\t\t<div class=\"input-group-text\"><i class=\"fa fa-map-marker text-black\"><\/i><\/div>\n\t\t\t\t\t\t\t\t<\/div>\n\t\t\t\t\t\t\t\t<input type=\"text\" class=\"form-control\" placeholder=\"Inscrire votre adresse \" aria-label=\"Inscrire votre adresse \">\n\t\t\t\t\t\t\t\t<div>\n\t\t\t\t\t\t\t\t\t<button class=\"btn btn-primary\" type=\"button\">Obtenir une soumission <\/button>\n\t\t\t\t\t\t\t\t<\/div>\n\t\t\t\t\t\t\t<\/div>\n\t\t\t\t\t\t<\/div>\n\t\t\t\t\t\t<p class=\"small text-white\">Avant de commencer, veuillez lire notre <a href=\"https:\/\/www.squareone.ca\/fr\/politique-confidentialite\" target=\"_blank\" rel=\"noreferrer noopener\">Politique de confidentialit\u00e9<\/a> et nos <a href=\"https:\/\/www.squareone.ca\/fr\/conditions-utilisation\" target=\"_blank\" rel=\"noreferrer noopener\">Conditions d\u2019utilisation<\/a>.<\/p>\t\t\t\t\t\n\t\t\t\t\t<\/div>\n\t\t\t\t<\/div>\n\t\t\t<\/div>\n\t\t<\/div>\t\t\t\n\t\t\n\t\t<img decoding=\"async\" src=\"\/sales\/images\/bgs\/bg-mid-page-cta-bottom.svg\" style=\"width: 100%; max-height: 80px\" \/>\n\t<\/section>\r\n\t<section id=\"populate_recent_reviews\" class=\"reviews bg-shape overflow-hidden\">\n\t    <div class=\"container-fluid\">\n\t        <div v-show=\"showLoader\" class=\"text-center mt-6 mb-0\">\n                <div class=\"spinner-border text-primary\" role=\"status\">\n                    <span class=\"visually-hidden\">Loading...<\/span>\n                <\/div>\n            <\/div>\n\t        <div class=\"row\" v-show=\"!showLoader\">\n\t            <div class=\"col-12 col-lg-3 offset-lg-1\">\n\t                <div class=\"h6 mb-3 text-secondary-alt text-uppercase\">\n\t                \tCe que disent nos clients \n                    <\/div>\n\t                <div class=\"mb-4\">\n\t                \t<span class=\"display-1\">{{ totalReviews }}<\/span>\n\t                \t<div class=\"small\">\u00c9valuations v\u00e9rifi\u00e9es <\/div>\n                    <\/div>\n\t                <p>Ne nous croyez pas sur parole. Voici un aper\u00e7u des \u00e9valuations qui alimentent notre cote moyenne de {{ avgScore }} \u00e9toiles sur 5. Vous voulez en lire plus?\nConsulter notre <a href=\"https:\/\/www.squareone.ca\/fr\/evaluations\">page d\u2019\u00e9valuations<\/a>.<\/p>\n\t            <\/div>\n\t            <div class=\"col-12 col-lg-8 pt-4\">\n\t                <div class=\"reviews-carousel w-100\" aria-label=\"Glissez pour voir plus d\u2019\u00e9valuations\">\n\t                    <div class=\"carousel-cell col-12 col-lg-6\" v-for=\"(review,index) in reviews\" :key=\"index\">\n                            <div class=\"card review mb-4\">\n                                <div class=\"card-body\">\n                                    <div class=\"h3\">{{ review.ReviewTitle }}<\/div>\n                                      <div class=\"rating small mb-3\" v-if=\"review.ReviewRating\">\n                                            <span v-for=\"n in 5\">\n                                                <i v-if=\"n <= review.ReviewRating\" class=\"fa fa-star\"><\/i>\n                                                <i v-else class=\"fa fa-star-o\"><\/i>\n                                            <\/span>\n                                    <\/div>\n                                    <div class=\"rating small mb-3\" v-else>\n                                            <span v-for=\"n in 5\">\n                                              <i class=\"fa fa-star-o\"><\/i>\n                                            <\/span>\n                                    <\/div>\n                                    <p>{{ review.SummaryText }}<\/p>\n                                    <div class=\"review-footer\">\n                                        <div class=\"date small text-muted float-end pt-1\">{{ review.ReviewedAt }}<\/div>\n                                        <span class=\"fw-bold me-3\">{{ review.ReviewerName }}<\/span>\n                                        <span class=\"text-muted\">{{ review.ReviewerCity }}, {{ review.ProvinceId }}<\/span>\n                                    <\/div>\n                                   \n                                <\/div>\n                            <\/div>\n                        <\/div>\n                    <\/div>\n                <\/div>\n                <div class=\"col-12 flickity-custom-buttons\"><\/div>\n            <\/div>\n        <\/div>\n\t<\/section>\n\n    <script src=\"https:\/\/cdn.jsdelivr.net\/npm\/vue@2.6.11\/dist\/vue.min.js\"\n        integrity=\"sha384-OZmxTjkv7EQo5XDMPAmIkkvywVeXw59YyYh6zq8UKfkbor13jS+5p8qMTBSA1q+F\"\n        crossorigin=\"anonymous\"><\/script>\n    <script src=\"https:\/\/cdn.jsdelivr.net\/npm\/axios@1.8.4\/dist\/axios.min.js\" \n        integrity=\"sha384-06w+raHvkSL3+E7mbQ2X6DZwI5A3veU8Ba+NLrAPxxRGw4Xy78sihHDHQMustMM4\" \n        crossorigin=\"anonymous\"><\/script>\n\n<script type=\"text\/javascript\">\n    new Vue({\n        el: '#populate_recent_reviews',\n        data: {\n            reviews: [],\n            totalReviews: 0,\n            avgScore: 0,         \n            showLoader: false,\n        },\n     \n        methods: {\n            getReviews : function() {\n                var self = this;\n                var url = '\/sales\/index.php\/customerReview\/getHighlightedReviews';\n                \n                self.reviews = [];\n                self.showLoader = true;\n\n                axios.get(url, {\n                    params: {\n                        culture: \"fr_CA\",                        \n                    }\n                })\n                .then(response => {\n                    self.totalReviews = response.data.totalReviews;\n                    self.avgScore = response.data.avgScore;\n                  \n                    if (response.data.results.length) {\n                        self.reviews = response.data.results;\n                    }\n                    self.showLoader = false;\n                })\n                .catch(error => {\n                    self.showLoader = false;\n                    console.log(error);\n                });\n            }          \n        },\n        mounted: function () {\n            this.getReviews();\n        }\n    });\n<\/script>\r\n\t<section class=\"footer-cta bg-shape mt-6\">\n\t    <div class=\"container-fluid\">\n\t        <div class=\"row\">\n\t            <div class=\"col-10 offset-1 col-lg-8 offset-lg-2 text-center\">\n\t                <div class=\"h6 text-secondary-alt text-uppercase mb-4\">vous \u00eates en bonne compagnie <\/div>\n\t                <div class=\"h2 text-uc-first mb-4\">Joignez-vous \u00e0 plus de 3 000 000 de clients qui ont re\u00e7u une soumission en assurance habitation de notre part.<\/div>\n\t\t\t\t\t<div id=\"sq1-qw-ec9ff19a30b4\" class=\"sq1-quote-widget\" data-quote-widget-type=\"HOME\" data-has-custom-text=\"true\" style=\"min-height: 68px; height: auto\"><\/div>\n\t                <p class=\"text-uc-first\">D\u00e9couvrez \u00e0 quel point l'assurance habitation est abordable \u00e0 l'aide d'une soumission en ligne en 5 minutes.<\/p>\n\t                <p class=\"text-light small text-uc-first\">Avant de commencer, veuillez lire notre <a href=\"https:\/\/www.squareone.ca\/fr\/politique-confidentialite\" target=\"_blank\" rel=\"noreferrer noopener\">Politique de confidentialit\u00e9<\/a> et nos <a href=\"https:\/\/www.squareone.ca\/fr\/conditions-utilisation\" target=\"_blank\" rel=\"noreferrer noopener\">Conditions d\u2019utilisation<\/a>.<\/p>\n\t            <\/div>\n\t        <\/div>\n\t    <\/div>\n\t    <div class=\"locations position-absolute fw-bold w-100 text-center pb-6 px-3\">Une compagnie canadienne exploit\u00e9e par des Canadiens. Nous offrons nos services au <a href=\"\/fr\/habitation\/quebec\" class=\"text-grey-900 text-decoration-none\">Qu\u00e9bec<\/a>, en Colombie-Britannique, en Alberta, en Saskatchewan, au Manitoba et en Ontario.<\/div>\n\t<\/section>\r\n<script type=\"application\/ld+json\">\r\n{\r\n  \"@context\": \"https:\/\/schema.org\",\r\n  \"@type\": \"FAQPage\",\r\n  \"mainEntity\": [{\r\n    \"@type\": \"Question\",\r\n    \"name\": \"L'assurance habitation couvre-t-elle les dommages caus\u00e9s par la gr\u00eale?\",\r\n    \"acceptedAnswer\": {\r\n      \"@type\": \"Answer\",\r\n      \"text\": \"Les dommages occasionn\u00e9s par la gr\u00eale sont couverts par la plupart des polices, mais il y a souvent certaines conditions.\"\r\n    }\r\n  },{\r\n    \"@type\": \"Question\",\r\n    \"name\": \"Que couvre l'assurance contre la gr\u00eale?\",\r\n    \"acceptedAnswer\": {\r\n      \"@type\": \"Answer\",\r\n      \"text\": \"Les dommages caus\u00e9s par la gr\u00eale \u00e0 votre habitation sont couverts par la plupart des polices. Mais il y a souvent certaines conditions.\"\r\n    }\r\n  },{\r\n    \"@type\": \"Question\",\r\n    \"name\": \"Combien co\u00fbte l'assurance contre la gr\u00eale?\",\r\n    \"acceptedAnswer\": {\r\n      \"@type\": \"Answer\",\r\n      \"text\": \"Lorsqu'elle est couverte par une police d'assurance habitation admissible, le co\u00fbt de l'assurance contre la gr\u00eale est int\u00e9gr\u00e9 \u00e0 la prime de base. Vous ne verrez probablement pas de frais distincts pour cette couverture.\"\r\n    }\r\n  },{\r\n    \"@type\": \"Question\",\r\n    \"name\": \"Quelle est la franchise pour les dommages caus\u00e9s par la gr\u00eale?\",\r\n    \"acceptedAnswer\": {\r\n      \"@type\": \"Answer\",\r\n      \"text\": \"En g\u00e9n\u00e9ral, la franchise normale de la police s'applique aux dommages caus\u00e9s par la gr\u00eale. Ceci est le cas des polices de Square One, \u00e0 l'exception des r\u00e9gions \u00e0 risque \u00e9lev\u00e9. Les clienst dans ces r\u00e9gions peuvent exclure la couverture pour la gr\u00eale ou la souscrirer moyennant une franchise pour la gr\u00eale de 5\u00a0000\u00a0$.\"\r\n    }\r\n  }]\r\n}\r\n<\/script>\r\n","protected":false},"excerpt":{"rendered":"<p>Assurance contre la gr\u00eale La gr\u00eale peut survenir en toute saison. Bien que vous puissiez prendre certaines mesures pour pr\u00e9venir les dommages caus\u00e9s par la gr\u00eale, la seule fa\u00e7on de prot\u00e9ger financi\u00e8rement votre famille et votre maison contre les dommages caus\u00e9s par la gr\u00eale est de souscrire une assurance. Au Canada, la plupart des assureurs [&hellip;]<\/p>\n","protected":false},"author":2,"featured_media":0,"parent":48512,"menu_order":0,"comment_status":"open","ping_status":"closed","template":"","meta":{"_acf_changed":false,"footnotes":""},"class_list":["post-48262","page","type-page","status-publish","hentry"],"acf":[],"_links":{"self":[{"href":"https:\/\/www.squareone.ca\/fr\/wp-json\/wp\/v2\/pages\/48262","targetHints":{"allow":["GET"]}}],"collection":[{"href":"https:\/\/www.squareone.ca\/fr\/wp-json\/wp\/v2\/pages"}],"about":[{"href":"https:\/\/www.squareone.ca\/fr\/wp-json\/wp\/v2\/types\/page"}],"author":[{"embeddable":true,"href":"https:\/\/www.squareone.ca\/fr\/wp-json\/wp\/v2\/users\/2"}],"replies":[{"embeddable":true,"href":"https:\/\/www.squareone.ca\/fr\/wp-json\/wp\/v2\/comments?post=48262"}],"version-history":[{"count":13,"href":"https:\/\/www.squareone.ca\/fr\/wp-json\/wp\/v2\/pages\/48262\/revisions"}],"predecessor-version":[{"id":74888,"href":"https:\/\/www.squareone.ca\/fr\/wp-json\/wp\/v2\/pages\/48262\/revisions\/74888"}],"up":[{"embeddable":true,"href":"https:\/\/www.squareone.ca\/fr\/wp-json\/wp\/v2\/pages\/48512"}],"wp:attachment":[{"href":"https:\/\/www.squareone.ca\/fr\/wp-json\/wp\/v2\/media?parent=48262"}],"curies":[{"name":"wp","href":"https:\/\/api.w.org\/{rel}","templated":true}]}}