{"id":48263,"date":"2021-07-22T06:23:49","date_gmt":"2021-07-22T13:23:49","guid":{"rendered":"https:\/\/www.squareone.ca\/assurance-contre-les-refoulements-degouts"},"modified":"2025-02-24T09:58:43","modified_gmt":"2025-02-24T17:58:43","slug":"assurance-refoulement-egouts","status":"publish","type":"page","link":"https:\/\/www.squareone.ca\/fr\/habitation\/refoulement-eau","title":{"rendered":"Assurance contre le refoulement d&rsquo;eau"},"content":{"rendered":"<section class=\"bg-shape-split bg-sub-page-hero\">\r\n\t<div class=\"bg-position\">\r\n<div class=\"container-fluid\">\r\n<h1>Assurance contre le refoulement d&rsquo;eau<\/h1>\r\n<p class=\"display-4\">Si vous avez d\u00e9j\u00e0 \u00e9t\u00e9 confront\u00e9 \u00e0 un <a href=\"\/fr\/centres-ressources\/securite-domiciliaire-personnelle\/apres-refoulement-eau\" title=\"D\u00e9marches \u00e0 suivre apr\u00e8s un refoulement d\u2019eau dans votre maison\">refoulement d&rsquo;eau dans votre maison<\/a>, vous savez quel d\u00e9sordre cela peut cr\u00e9er. Un refoulement d&rsquo;eau peut se produire lorsqu&rsquo;un syst\u00e8me de drainage ne peut tout simplement pas g\u00e9rer les volumes d&rsquo;eau inattendus provenant d&rsquo;une grosse temp\u00eate de pluie ou d&rsquo;une soudaine fonte des neiges. Les eaux us\u00e9es refluent, par les tuyaux, dans votre maison. Les eaux us\u00e9es qui p\u00e9n\u00e8trent dans votre maison peuvent causer des dommages importants, sans parler des risques sanitaires graves. Un nettoyage imm\u00e9diat est n\u00e9cessaire et peut s&rsquo;av\u00e9rer tr\u00e8s co\u00fbteux.<\/p>\r\n\r\n<p class=\"display-4\">Bien que vous puissiez prendre certaines mesures pour pr\u00e9venir les dommages caus\u00e9s par un refoulement d&rsquo;eau, comme l&rsquo;installation d&rsquo;un clapet anti-retour d&rsquo;\u00e9gout, la seule fa\u00e7on de prot\u00e9ger financi\u00e8rement votre famille et votre maison contre les dommages caus\u00e9s par un refoulement d&rsquo;eau est de souscrire une assurance.<\/p>\r\n\r\n<p class=\"display-4\">En Am\u00e9rique du Nord, la plupart des assureurs habitation vous permettent d&rsquo;ajouter \u00e0 leurs polices une couverture contre le refoulement d&rsquo;eau. Chez Assurances Square One, nous incluons automatiquement l&rsquo;assurance contre le refoulement d&rsquo;eau dans toutes nos polices sans frais suppl\u00e9mentaires. Vous trouverez ci-dessous de plus amples renseignements sur l&rsquo;assurance contre le refoulement d&rsquo;eau.<\/p>\r\n\r\n\/div>\r\n\t<\/div>\r\n\t<div class=\"bg-bottom\"><\/div>\r\n<\/section>\r\n\r\n<section id=\"body\" class=\"mb-3 xwide-mobile py-6\">\r\n\t<div class=\"container-fluid\">\r\n\r\n<table width=\"100%\">\r\n<tbody valign=\"top\">\r\n<tr>\r\n<td width=\"28%\">\r\n<h3>L&rsquo;assurance habitation couvre-t-elle les dommages caus\u00e9s par un refoulement d&rsquo;eau?<\/h3>\r\n<\/td>\r\n<td width=\"2%\"><\/td>\r\n<td class=\"pb-6\"><p>Si vous \u00eates assur\u00e9 aupr\u00e8s d&rsquo;un fournisseur d&rsquo;assurance habitation traditionnel, vous d\u00e9couvrirez peut-\u00eatre que le refoulement d&rsquo;eau est exclu de la police de base. Souvent, elle est disponible sous forme d&rsquo;avenant moyennant des frais suppl\u00e9mentaires. Dans certaines r\u00e9gions, le risque d&rsquo;inondation causant un refoulement d&rsquo;eau est si \u00e9lev\u00e9 que les assureurs n&rsquo;ajoutent la couverture du refoulement d&rsquo;eau que par petites tranches, jusqu&rsquo;\u00e0 une limitation d\u00e9termin\u00e9e. Cette limitation peut ou non \u00eatre suffisante pour couvrir le nettoyage, sans parler du remplacement des biens endommag\u00e9s. Souvent, les cloisons s\u00e8ches et les moquettes devront \u00eatre arrach\u00e9es et remplac\u00e9es. Et n&rsquo;oubliez pas le co\u00fbt de remplacement de tous les biens conserv\u00e9s dans votre sous-sol.<\/p>\r\n\r\n<p><strong>Chez Square One, nos polices <a class=\"text-orange\" title=\"Assurance habitation\" href=\"\/fr\/habitation\">d&rsquo;assurance habitation<\/a> couvrent automatiquement les pertes ou les dommages caus\u00e9s par un refoulement d&rsquo;eau<\/strong> sans frais suppl\u00e9mentaires. En fait, vous obtenez l&rsquo;une <a title=\"Obtenez une protection sup\u00e9rieure chez Square One\" href=\"\/fr\/pourquoi-nous\/protection-superieure\">des polices les plus compl\u00e8tes<\/a> chez nous.<\/p><\/td>\r\n<\/tr>\r\n<tr>\r\n<td>\r\n<h3>Que couvre l&rsquo;assurance contre le refoulement d&rsquo;eau?<\/h3>\r\n<\/td>\r\n<td><\/td>\r\n<td class=\"pb-6\"><p>Si un \u00e9gout refoule et que de l&rsquo;eau douce ou des eaux us\u00e9es p\u00e9n\u00e8trent dans votre maison, l&rsquo;assurance contre le refoulement d&rsquo;eau couvrira le nettoyage. Si votre police d&rsquo;assurance habitation r\u00e8gle les sinistres selon la <a href=\"\/fr\/centres-ressources\/bases-assurance\/remplacement-biens-meubles\" title=\"Valeur \u00e0 neuf\">valeur \u00e0 neuf<\/a>, votre police r\u00e9glera \u00e9galement le co\u00fbt de remplacement de vos biens endommag\u00e9s. D&rsquo;autres polices offrent une couverture selon la <a href=\"\/fr\/centres-ressources\/lexique-assurance\/valeur-jour-sinistre\" title=\"D\u00e9finition : valeur au jour du sinistre\">valeur au jour du sinistre<\/a>. Si c&rsquo;est le cas, votre police ne r\u00e9glera que la valeur d\u00e9pr\u00e9ci\u00e9e des articles endommag\u00e9s.<\/p><\/td>\r\n<\/tr>\r\n<tr>\r\n<td>\r\n<h3>Combien co\u00fbte l&rsquo;assurance contre le refoulement d&rsquo;eau?<\/h3>\r\n<\/td>\r\n<td><\/td>\r\n<td class=\"pb-6\"><p>Le co\u00fbt de l&rsquo;installation d&rsquo;un syst\u00e8me de sauvegarde de l&rsquo;eau peut aller de 10 \u00e0 250\u00a0dollars par an dans le cadre d&rsquo;une police d&rsquo;assurance habitation traditionnelle.<\/p>\r\n\r\n<p>Les polices d&rsquo;assurance (ou les maisons) ne sont pas toutes \u00e9gales. Certaines compagnies vous permettent d&rsquo;ajouter \u00e0 votre police une protection contre l&rsquo;inondation, mais limitent le montant de la couverture \u00e0 5\u00a0000\u00a0$. D&rsquo;autres vous couvriront \u00e0 concurrence de la limitation de couverture. Si vous avez un sous-sol vide, vous aurez besoin d&rsquo;une couverture moindre que quelqu&rsquo;un qui a un sous-sol am\u00e9nag\u00e9, rempli de meubles.<\/p>\r\n\r\n<p>Le prix que vous paierez pour une assurance contre les refoulements d&rsquo;eau d\u00e9pendra de ce qui suit\u00a0:<\/p>\r\n<ul>\r\n \t<li>La r\u00e9gion dans laquelle vous vivez;<\/li>\r\n \t<li>Le montant de la couverture dont vous avez besoin;<\/li>\r\n \t<li>Le type de maison dans laquelle vous vivez;<\/li>\r\n \t<li>Si votre maison a un sous-sol; et<\/li>\r\n \t<li>Si votre sous-sol est am\u00e9nag\u00e9.<\/li>\r\n<\/ul>\r\n<p><strong>L&rsquo;assurance contre le refoulement d&rsquo;eau est incluse dans toutes les polices d&rsquo;assurance habitation propos\u00e9es par Square One. Pas de suppl\u00e9ment \u00e0 payer.<\/strong><\/p><\/td>\r\n<\/tr>\r\n<tr>\r\n<td>\r\n<h3>Quelle est la franchise pour les dommages caus\u00e9s par un refoulement d&rsquo;eau?<\/h3>\r\n<\/td>\r\n<td><\/td>\r\n<td><p>Selon le fournisseur d&rsquo;assurance habitation avec lequel vous traitez, la franchise normale de la police ou une franchise distincte pour l&rsquo;inondation fluviale peut s&rsquo;appliquer. La franchise pour inondation fluviale s&rsquo;applique au refoulement d&rsquo;eau caus\u00e9 par une inondation fluviale. Si vous vivez dans une r\u00e9gion o\u00f9 le refoulement d&rsquo;eau caus\u00e9 par l&rsquo;inondation fluviale a \u00e9t\u00e9 un probl\u00e8me par le pass\u00e9, votre franchise sera probablement plus \u00e9lev\u00e9e.<\/p><\/td>\r\n<\/tr>\r\n<\/tbody>\r\n<\/table>\r\n<\/div>\r\n<\/section>\t<section class=\"cta-with-illustration bg-shape py-lg-0 bg-transparent\">\n\t\t<img decoding=\"async\" src=\"\/sales\/images\/bgs\/bg-mid-page-cta-top.svg\" style=\"width: 100%; max-height: 80px; position: relative; top: 1px;\" \/>\n\t\t\n\t\t<div class=\"w-100 bg-darkTeal\">\n\t\t\t<div class=\"container-fluid h-100\">\n\t\t\t\t<div class=\"row d-flex align-items-center h-100\">\n\t\t\t\t\t<div class=\"col-12 col-md-5 col-lg-6 col-xl-5 illustration text-center text-lg-left\">\n\t\t\t\t\t\t<img decoding=\"async\" src=\"\/sales\/images\/illustrations\/illustration-working-at-computer.png\" class=\"mw-100\" width=\"398\" loading=\"lazy\" alt=\"Illustration d\u2019une personne travaillant devant un ordinateur\">\n\t\t\t\t\t<\/div>\n\t\n\t\t\t\t\t<div class=\"col-12 col-md-7 col-lg-6 col-xl-7 pb-5 pb-lg-0\">\n\t\t\t\t\t\t<div class=\"h6 mb-4 text-primary text-uppercase\">Cela ne prend que 5\u00a0minutes <\/div>\n\t\t\t\t\t\t<div class=\"h3 text-uc-first text-white\">Pr\u00eat \u00e0 obtenir une soumission en ligne?<\/div>\n\t\t\t\t\t\t<p class=\"mw-lg-80 text-uc-first text-white\">Votre temps est aussi pr\u00e9cieux que vos possessions. Obtenez une soumission d'assurance habitation en <strong>5 minutes<\/strong>. C\u2019est moins de temps qu\u2019il n\u2019en faut pour faire la file pour un caf\u00e9.<\/p>\n\t\t\t\t\t\t<div id=\"sq1-qw-9ae4cba2f601\" class=\"sq1-quote-widget text-white\" data-quote-widget-type=\"HOME\" data-has-custom-text=\"true\">\n\t\t\t\t\t\t\t<div class=\"input-group input-group-focus-within bg-white my-4\">\n\t\t\t\t\t\t\t\t<div>\n\t\t\t\t\t\t\t\t\t<div class=\"input-group-text\"><i class=\"fa fa-map-marker text-black\"><\/i><\/div>\n\t\t\t\t\t\t\t\t<\/div>\n\t\t\t\t\t\t\t\t<input type=\"text\" class=\"form-control\" placeholder=\"Inscrire votre adresse \" aria-label=\"Inscrire votre adresse \">\n\t\t\t\t\t\t\t\t<div>\n\t\t\t\t\t\t\t\t\t<button class=\"btn btn-primary\" type=\"button\">Obtenir une soumission <\/button>\n\t\t\t\t\t\t\t\t<\/div>\n\t\t\t\t\t\t\t<\/div>\n\t\t\t\t\t\t<\/div>\n\t\t\t\t\t\t<p class=\"small text-white\">Avant de commencer, veuillez lire notre <a href=\"https:\/\/www.squareone.ca\/fr\/politique-confidentialite\" target=\"_blank\" rel=\"noreferrer noopener\">Politique de confidentialit\u00e9<\/a> et nos <a href=\"https:\/\/www.squareone.ca\/fr\/conditions-utilisation\" target=\"_blank\" rel=\"noreferrer noopener\">Conditions d\u2019utilisation<\/a>.<\/p>\t\t\t\t\t\n\t\t\t\t\t<\/div>\n\t\t\t\t<\/div>\n\t\t\t<\/div>\n\t\t<\/div>\t\t\t\n\t\t\n\t\t<img decoding=\"async\" src=\"\/sales\/images\/bgs\/bg-mid-page-cta-bottom.svg\" style=\"width: 100%; max-height: 80px\" \/>\n\t<\/section>\r\n\t<section id=\"populate_recent_reviews\" class=\"reviews bg-shape overflow-hidden\">\n\t    <div class=\"container-fluid\">\n\t        <div v-show=\"showLoader\" class=\"text-center mt-6 mb-0\">\n                <div class=\"spinner-border text-primary\" role=\"status\">\n                    <span class=\"visually-hidden\">Loading...<\/span>\n                <\/div>\n            <\/div>\n\t        <div class=\"row\" v-show=\"!showLoader\">\n\t            <div class=\"col-12 col-lg-3 offset-lg-1\">\n\t                <div class=\"h6 mb-3 text-secondary-alt text-uppercase\">\n\t                \tCe que disent nos clients \n                    <\/div>\n\t                <div class=\"mb-4\">\n\t                \t<span class=\"display-1\">{{ totalReviews }}<\/span>\n\t                \t<div class=\"small\">\u00c9valuations v\u00e9rifi\u00e9es <\/div>\n                    <\/div>\n\t                <p>Ne nous croyez pas sur parole. Voici un aper\u00e7u des \u00e9valuations qui alimentent notre cote moyenne de {{ avgScore }} \u00e9toiles sur 5. Vous voulez en lire plus?\nConsulter notre <a href=\"https:\/\/www.squareone.ca\/fr\/evaluations\">page d\u2019\u00e9valuations<\/a>.<\/p>\n\t            <\/div>\n\t            <div class=\"col-12 col-lg-8 pt-4\">\n\t                <div class=\"reviews-carousel w-100\" aria-label=\"Glissez pour voir plus d\u2019\u00e9valuations\">\n\t                    <div class=\"carousel-cell col-12 col-lg-6\" v-for=\"(review,index) in reviews\" :key=\"index\">\n                            <div class=\"card review mb-4\">\n                                <div class=\"card-body\">\n                                    <div class=\"h3\">{{ review.ReviewTitle }}<\/div>\n                                      <div class=\"rating small mb-3\" v-if=\"review.ReviewRating\">\n                                            <span v-for=\"n in 5\">\n                                                <i v-if=\"n <= review.ReviewRating\" class=\"fa fa-star\"><\/i>\n                                                <i v-else class=\"fa fa-star-o\"><\/i>\n                                            <\/span>\n                                    <\/div>\n                                    <div class=\"rating small mb-3\" v-else>\n                                            <span v-for=\"n in 5\">\n                                              <i class=\"fa fa-star-o\"><\/i>\n                                            <\/span>\n                                    <\/div>\n                                    <p>{{ review.SummaryText }}<\/p>\n                                    <div class=\"review-footer\">\n                                        <div class=\"date small text-muted float-end pt-1\">{{ review.ReviewedAt }}<\/div>\n                                        <span class=\"fw-bold me-3\">{{ review.ReviewerName }}<\/span>\n                                        <span class=\"text-muted\">{{ review.ReviewerCity }}, {{ review.ProvinceId }}<\/span>\n                                    <\/div>\n                                   \n                                <\/div>\n                            <\/div>\n                        <\/div>\n                    <\/div>\n                <\/div>\n                <div class=\"col-12 flickity-custom-buttons\"><\/div>\n            <\/div>\n        <\/div>\n\t<\/section>\n\n    <script src=\"https:\/\/cdn.jsdelivr.net\/npm\/vue@2.6.11\/dist\/vue.min.js\"\n        integrity=\"sha384-OZmxTjkv7EQo5XDMPAmIkkvywVeXw59YyYh6zq8UKfkbor13jS+5p8qMTBSA1q+F\"\n        crossorigin=\"anonymous\"><\/script>\n    <script src=\"https:\/\/cdn.jsdelivr.net\/npm\/axios@1.8.4\/dist\/axios.min.js\" \n        integrity=\"sha384-06w+raHvkSL3+E7mbQ2X6DZwI5A3veU8Ba+NLrAPxxRGw4Xy78sihHDHQMustMM4\" \n        crossorigin=\"anonymous\"><\/script>\n\n<script type=\"text\/javascript\">\n    new Vue({\n        el: '#populate_recent_reviews',\n        data: {\n            reviews: [],\n            totalReviews: 0,\n            avgScore: 0,         \n            showLoader: false,\n        },\n     \n        methods: {\n            getReviews : function() {\n                var self = this;\n                var url = '\/sales\/index.php\/customerReview\/getHighlightedReviews';\n                \n                self.reviews = [];\n                self.showLoader = true;\n\n                axios.get(url, {\n                    params: {\n                        culture: \"fr_CA\",                        \n                    }\n                })\n                .then(response => {\n                    self.totalReviews = response.data.totalReviews;\n                    self.avgScore = response.data.avgScore;\n                  \n                    if (response.data.results.length) {\n                        self.reviews = response.data.results;\n                    }\n                    self.showLoader = false;\n                })\n                .catch(error => {\n                    self.showLoader = false;\n                    console.log(error);\n                });\n            }          \n        },\n        mounted: function () {\n            this.getReviews();\n        }\n    });\n<\/script>\r\n\t<section class=\"footer-cta bg-shape mt-6\">\n\t    <div class=\"container-fluid\">\n\t        <div class=\"row\">\n\t            <div class=\"col-10 offset-1 col-lg-8 offset-lg-2 text-center\">\n\t                <div class=\"h6 text-secondary-alt text-uppercase mb-4\">vous \u00eates en bonne compagnie <\/div>\n\t                <div class=\"h2 text-uc-first mb-4\">Joignez-vous \u00e0 plus de 3 000 000 de clients qui ont re\u00e7u une soumission en assurance habitation de notre part.<\/div>\n\t\t\t\t\t<div id=\"sq1-qw-f7096678e853\" class=\"sq1-quote-widget\" data-quote-widget-type=\"HOME\" data-has-custom-text=\"true\" style=\"min-height: 68px; height: auto\"><\/div>\n\t                <p class=\"text-uc-first\">D\u00e9couvrez \u00e0 quel point l'assurance habitation est abordable \u00e0 l'aide d'une soumission en ligne en 5 minutes.<\/p>\n\t                <p class=\"text-light small text-uc-first\">Avant de commencer, veuillez lire notre <a href=\"https:\/\/www.squareone.ca\/fr\/politique-confidentialite\" target=\"_blank\" rel=\"noreferrer noopener\">Politique de confidentialit\u00e9<\/a> et nos <a href=\"https:\/\/www.squareone.ca\/fr\/conditions-utilisation\" target=\"_blank\" rel=\"noreferrer noopener\">Conditions d\u2019utilisation<\/a>.<\/p>\n\t            <\/div>\n\t        <\/div>\n\t    <\/div>\n\t    <div class=\"locations position-absolute fw-bold w-100 text-center pb-6 px-3\">Une compagnie canadienne exploit\u00e9e par des Canadiens. Nous offrons nos services au <a href=\"\/fr\/habitation\/quebec\" class=\"text-grey-900 text-decoration-none\">Qu\u00e9bec<\/a>, en Colombie-Britannique, en Alberta, en Saskatchewan, au Manitoba et en Ontario.<\/div>\n\t<\/section>\r\n<script type=\"application\/ld+json\">\r\n{\r\n  \"@context\": \"https:\/\/schema.org\",\r\n  \"@type\": \"FAQPage\",\r\n  \"mainEntity\": [{\r\n    \"@type\": \"Question\",\r\n    \"name\": \"L'assurance habitation couvre-t-elle les dommages caus\u00e9s par un refoulement d'eau?\",\r\n    \"acceptedAnswer\": {\r\n      \"@type\": \"Answer\",\r\n      \"text\": \"Si vous \u00eates assur\u00e9 aupr\u00e8s d'un fournisseur d'assurance habitation traditionnel, vous d\u00e9couvrirez peut-\u00eatre que le refoulement d'eau est exclu de la police de base. Souvent, elle est disponible sous forme d'avenant moyennant des frais suppl\u00e9mentaires. Dans certaines r\u00e9gions, le risque d'inondation causant un refoulement d'eau est si \u00e9lev\u00e9 que les assureurs n'ajoutent la couverture du refoulement d'eau que par petites tranches, jusqu'\u00e0 une limitation d\u00e9termin\u00e9e. Cette limitation peut ou non \u00eatre suffisante pour couvrir le nettoyage, sans parler du remplacement des biens endommag\u00e9s. Souvent, les cloisons s\u00e8ches et les moquettes devront \u00eatre arrach\u00e9es et remplac\u00e9es. Et n'oubliez pas le co\u00fbt de remplacement de tous les biens conserv\u00e9s dans votre sous-sol.\"\r\n    }\r\n  },{\r\n    \"@type\": \"Question\",\r\n    \"name\": \"Que couvre l'assurance contre le refoulement d'eau?\",\r\n    \"acceptedAnswer\": {\r\n      \"@type\": \"Answer\",\r\n      \"text\": \"Si un \u00e9gout refoule et que de l'eau douce ou des eaux us\u00e9es p\u00e9n\u00e8trent dans votre maison, l'assurance contre le refoulement d'eau couvrira le nettoyage. Si votre police d'assurance habitation r\u00e8gle les sinistres selon la valeur \u00e0 neuf, votre police r\u00e9glera \u00e9galement le co\u00fbt de remplacement de vos biens endommag\u00e9s. D'autres polices offrent une couverture selon la valeur au jour du sinistre. Si c'est le cas, votre police ne r\u00e9glera que la valeur d\u00e9pr\u00e9ci\u00e9e des articles endommag\u00e9s.\"\r\n    }\r\n  },{\r\n    \"@type\": \"Question\",\r\n    \"name\": \"Combien co\u00fbte l'assurance contre le refoulement d'eau?\",\r\n    \"acceptedAnswer\": {\r\n      \"@type\": \"Answer\",\r\n      \"text\": \"Le co\u00fbt de l'installation d'un syst\u00e8me de sauvegarde de l'eau peut aller de 10 \u00e0 250\u00a0dollars par an dans le cadre d'une police d'assurance habitation traditionnelle. Les polices d'assurance (ou les maisons) ne sont pas toutes \u00e9gales. Certaines compagnies vous permettent d'ajouter \u00e0 votre police une protection contre l'inondation, mais limitent le montant de la couverture \u00e0 5\u00a0000\u00a0$. D'autres vous couvriront \u00e0 concurrence de la limitation de couverture. Si vous avez un sous-sol vide, vous aurez besoin d'une couverture moindre que quelqu'un qui a un sous-sol am\u00e9nag\u00e9, rempli de meubles.\"\r\n    }\r\n  },{\r\n    \"@type\": \"Question\",\r\n    \"name\": \"Quelle est la franchise pour les dommages caus\u00e9s par un refoulement d'eau?\",\r\n    \"acceptedAnswer\": {\r\n      \"@type\": \"Answer\",\r\n      \"text\": \"Selon le fournisseur d'assurance habitation avec lequel vous traitez, la franchise normale de la police ou une franchise distincte pour l'inondation fluviale peut s'appliquer. La franchise pour inondation fluviale s'applique au refoulement d'eau caus\u00e9 par une inondation fluviale. Si vous vivez dans une r\u00e9gion o\u00f9 le refoulement d'eau caus\u00e9 par l'inondation fluviale a \u00e9t\u00e9 un probl\u00e8me par le pass\u00e9, votre franchise sera probablement plus \u00e9lev\u00e9e.\"\r\n    }\r\n  }]\r\n}\r\n<\/script>","protected":false},"excerpt":{"rendered":"<p>Assurance contre le refoulement d&rsquo;eau Si vous avez d\u00e9j\u00e0 \u00e9t\u00e9 confront\u00e9 \u00e0 un refoulement d&rsquo;eau dans votre maison, vous savez quel d\u00e9sordre cela peut cr\u00e9er. Un refoulement d&rsquo;eau peut se produire lorsqu&rsquo;un syst\u00e8me de drainage ne peut tout simplement pas g\u00e9rer les volumes d&rsquo;eau inattendus provenant d&rsquo;une grosse temp\u00eate de pluie ou d&rsquo;une soudaine fonte [&hellip;]<\/p>\n","protected":false},"author":2,"featured_media":0,"parent":48512,"menu_order":0,"comment_status":"open","ping_status":"closed","template":"","meta":{"_acf_changed":false,"footnotes":""},"class_list":["post-48263","page","type-page","status-publish","hentry"],"acf":[],"_links":{"self":[{"href":"https:\/\/www.squareone.ca\/fr\/wp-json\/wp\/v2\/pages\/48263","targetHints":{"allow":["GET"]}}],"collection":[{"href":"https:\/\/www.squareone.ca\/fr\/wp-json\/wp\/v2\/pages"}],"about":[{"href":"https:\/\/www.squareone.ca\/fr\/wp-json\/wp\/v2\/types\/page"}],"author":[{"embeddable":true,"href":"https:\/\/www.squareone.ca\/fr\/wp-json\/wp\/v2\/users\/2"}],"replies":[{"embeddable":true,"href":"https:\/\/www.squareone.ca\/fr\/wp-json\/wp\/v2\/comments?post=48263"}],"version-history":[{"count":16,"href":"https:\/\/www.squareone.ca\/fr\/wp-json\/wp\/v2\/pages\/48263\/revisions"}],"predecessor-version":[{"id":74590,"href":"https:\/\/www.squareone.ca\/fr\/wp-json\/wp\/v2\/pages\/48263\/revisions\/74590"}],"up":[{"embeddable":true,"href":"https:\/\/www.squareone.ca\/fr\/wp-json\/wp\/v2\/pages\/48512"}],"wp:attachment":[{"href":"https:\/\/www.squareone.ca\/fr\/wp-json\/wp\/v2\/media?parent=48263"}],"curies":[{"name":"wp","href":"https:\/\/api.w.org\/{rel}","templated":true}]}}