{"id":48264,"date":"2021-07-22T07:03:26","date_gmt":"2021-07-22T14:03:26","guid":{"rendered":"https:\/\/www.squareone.ca\/assurance-contre-les-tremblements-de-terre"},"modified":"2025-05-15T09:56:20","modified_gmt":"2025-05-15T16:56:20","slug":"assurance-tremblement-terre","status":"publish","type":"page","link":"https:\/\/www.squareone.ca\/fr\/habitation\/tremblement-terre","title":{"rendered":"Assurance contre les tremblements de terre"},"content":{"rendered":"<main class=\"page-home-insurance\">\r\n\t<section class=\"qw-hero jumbotron-container pt-0 bg-shape sub-page-jumbotron text-end\">\n\t\t<div class=\"container-fluid\">\n\t\t\t<div class=\"row\">\n\t\t\t\t<div class=\"col-12 col-lg-9 col-xl-8 offset-lg-1 z-1\">\n\t\t\t\t\t<div class=\"jumbotron px-0 pt-6 pb-9 mb-3 mb-md-4 text-start z-1\">\n\t\t\t\t\t\t<div class=\"h6 mb-3 text-secondary-alt text-uppercase\">assurance habitation moderne<\/div>\n\t\t\t\t\t\t<div class=\"caption w-100\"> <h2 class=\"h1 mb-3 text-uc-first\">Obtenez une soumission <b>d'assurance contre le tremblement de terre<\/b> en moins de 5 minutes.<\/h2> <\/div>\n                        <p class=\"text-uc-first px-0 w-100 w-lg-80\">Votre temps est aussi pr\u00e9cieux que vos possessions. Obtenez une soumission d'assurance habitation en <strong>5 minutes<\/strong>. C\u2019est moins de temps qu\u2019il n\u2019en faut pour faire la file pour un caf\u00e9.<\/p>\t\t\t\t\t\t\n\t\t\t\t\t\t<div id=\"sq1-qw-77870a16d392\" class=\"sq1-quote-widget mb-3\" data-quote-widget-type=\"HOME\" data-has-custom-text=\"true\"\n\t\t\t\t\t\t style=\"min-height: 68px; height: auto\"><\/div>\n                        <p class=\"small w-100 w-lg-80\">Avant de commencer, veuillez lire notre <a href=\"https:\/\/www.squareone.ca\/fr\/politique-confidentialite\" target=\"_blank\" rel=\"noreferrer noopener\">Politique de confidentialit\u00e9<\/a> et nos <a href=\"https:\/\/www.squareone.ca\/fr\/conditions-utilisation\" target=\"_blank\" rel=\"noreferrer noopener\">Conditions d\u2019utilisation<\/a>.<\/p>\n\t\t\t\t\t<\/div>\n\t\t\t\t<\/div>\n\t\t\t<\/div>\n\t\t\t<img decoding=\"async\" src=\"\/sales\/images\/illustrations\/illustration-suburbs-neighbourhood.png\" class=\"hero d-none d-lg-block\" loading=\"lazy\" alt=\"Illustration d\u2019un quartier de banlieue\"\/>\n\t\t<\/div>\n\t<\/section>\n\t<div class=\"skyline-bottom-curve\"><\/div><\/main>\r\n<div class=\"container-fluid py-6\">\r\n<div class=\"row\">\r\n<div class=\"col-12\">\r\n<h1 class=\"text-center\">Assurance contre le tremblement de terre<\/h1>\r\n<p class=\"display-4\">Si la Colombie-Britannique et le Qu\u00e9bec sont le plus souvent cit\u00e9s comme des r\u00e9gions \u00e0 haut risque sismique, la r\u00e9alit\u00e9 est que toutes les provinces du Canada pr\u00e9sentent un certain niveau de risque. En fait, des tremblements de terre ont eu lieu en <a title=\"Tremblement de terre en Ontario\" href=\"https:\/\/www.earthquakescanada.nrcan.gc.ca\/index-fr.php?CHIS_SZ=son\" target=\"_blank\" rel=\"noopener noreferrer\">Ontario<\/a> et au <a title=\"Tremblement de terre au Manitoba\" href=\"https:\/\/www.earthquakescanada.nrcan.gc.ca\/index-fr.php?CHIS_SZ=son\" target=\"_blank\" rel=\"noopener noreferrer\">Manitoba<\/a> au cours des derni\u00e8res ann\u00e9es.<\/p>\r\n\r\n<p class=\"display-4\">Bien que la plupart des gouvernements provinciaux proposent des programmes d&rsquo;aide financi\u00e8re en cas de catastrophe, ces programmes visent les dommages caus\u00e9s par des catastrophes non assurables. L&rsquo;inondation c\u00f4ti\u00e8re et l&rsquo;infiltration d&rsquo;eau souterraine sont des exemples de catastrophes non assurables. Les dommages provoqu\u00e9s par un tremblement de terre, par contre, sont assurables et ne sont donc pas admissibles au programme.<\/p>\r\n\r\n<p class=\"display-4\">Il existe de nombreuses mesures que vous pouvez prendre pour vous <a href=\"\/fr\/centres-ressources\/securite-domiciliaire-personnelle\/preparation-tremblement-terre\" title=\"Pr\u00e9paration pour un tremblement de terre\">pr\u00e9parer pour un tremblement de terre<\/a>. Cela dit, la seule fa\u00e7on de prot\u00e9ger financi\u00e8rement votre famille et votre maison contre les dommages caus\u00e9s par un tremblement de terre est de souscrire une assurance contre le tremblement de terre. Au Canada, la plupart des assureurs d&rsquo;habitation vous offrent la possibilit\u00e9 d&rsquo;ajouter \u00e0 votre police une assurance contre le tremblement de terre. Vous trouverez ci-dessous de plus amples renseignements sur l&rsquo;assurance contre le tremblement de terre.<\/p>\r\n\r\n<\/div>\r\n<\/div>\r\n<\/div>\r\n\r\n<section id='learn-more' class=\"bg-shape-split shape-uuge-blue\">\r\n\t\t<div class=\"bg-top\"><\/div>\r\n\t\t<div class=\"bg-position\">\r\n<div class=\"container-fluid\">\r\n\t<div class=\"row\">\r\n\t\t<div class=\"col-12\">\r\n<h2 class=\"text-center pb-6\">D\u00e9couvrez comment vous \u00eates prot\u00e9g\u00e9 chez Square One<\/h2>\r\n<table width=\"100%\">\r\n<tbody>\r\n<tr>\r\n<td valign=\"top\" width=\"30%\">\r\n<h3 class=\"orange\">L&rsquo;assurance habitation couvre-t-elle les dommages caus\u00e9s par le tremblement de terre?<\/h3>\r\n<\/td>\r\n<td width=\"3%\"><\/td>\r\n<td width=\"67%\"><p>Les polices d&rsquo;assurance habitation traditionnelles ne couvrent pas les pertes ou les dommages caus\u00e9s par le tremblement de terre; vous devez demander express\u00e9ment que l&rsquo;assurance tremblement de terre soit ajout\u00e9e \u00e0 votre police. Cela suppose que votre assureur habitation offre une assurance contre les tremblements de terre. Sinon, vous avez int\u00e9r\u00eat \u00e0 faire le tour du march\u00e9. Il y aura une prime suppl\u00e9mentaire pour ajouter cette couverture \u00e0 votre police. Il est \u00e9galement important de noter que l&rsquo;assurance tremblement de terre a g\u00e9n\u00e9ralement sa propre limitation d&rsquo;assurance et sa propre franchise.<\/p>\r\n\r\n<p class=\"mb-4\"><strong>Square One offre une couverture contre le tremblements de terre sur toutes les polices <a class=\"colour\" title=\"Assurance habitation\" href=\"\/fr\/habitation\">d&rsquo;assurance habitation<\/a>.<\/strong> Et, chez nous, vous obtenez l&rsquo;une <a title=\"Polices compr\u00e9hensives\" href=\"\/fr\/pourquoi-nous\/adapte-a-vos-besoins\">des polices les plus compl\u00e8tes<\/a>.<\/p><\/td>\r\n<\/tr>\r\n\r\n<tr>\r\n<td valign=\"top\">\r\n<h3 class=\"orange\"><strong>Que couvre l&rsquo;assurance contre le tremblement de terre?<\/strong><\/h3>\r\n<\/td>\r\n<td><\/td>\r\n<td><p>L&rsquo;assurance contre le tremblement de terre couvre les pertes ou les dommages provoqu\u00e9s par les secousses ou les tremblements de terre. Elle ne couvre pas les pertes ou les dommages caus\u00e9s par des glissements de terrain, des glissements de neige ou d&rsquo;autres formes de mouvements de terrain. Elle ne couvre pas non plus les pertes ou les dommages caus\u00e9s par les tsunamis ou les raz-de-mar\u00e9e, m\u00eame si le tsunami ou le raz-de-mar\u00e9e est d\u00fb \u00e0 un tremblement de terre.<\/p>\r\n\r\n<p>Si vous \u00eates propri\u00e9taire occupant, votre assurance contre le tremblement de terre couvre g\u00e9n\u00e9ralement les pertes ou les dommages \u00e0 votre b\u00e2timent et \u00e0 vos biens meubles. Elle couvre \u00e9galement les frais de subsistance suppl\u00e9mentaires que vous devez engager si vous devez abandonner votre maison pendant les travaux de r\u00e9paration ou de reconstruction.<\/p>\r\n\r\n<p>Si vous \u00eates copropri\u00e9taire, votre syndicat de copropri\u00e9taires est responsable de l&rsquo;assurance de l&rsquo;immeuble. Mais pour couvrir vos biens meubles et vos frais de subsistance suppl\u00e9mentaires, votre police individuelle de copropri\u00e9t\u00e9 doit comprendre une assurance contre le tremblement de terre. Elle peut \u00e9galement couvrir les cotisations vous impos\u00e9es en raison d&rsquo;une insuffisance de l&rsquo;assurance de votre syndicat de copropri\u00e9taires.<\/p>\r\n\r\n<p class=\"mb-4\">Et si vous louez votre maison, l&rsquo;assurance contre le tremblement de terre pr\u00e9vue dans la police du locataire couvrira g\u00e9n\u00e9ralement vos biens meubles et vos frais de subsistance suppl\u00e9mentaires.<\/p><\/td>\r\n<\/tr>\r\n<tr>\r\n<td valign=\"top\">\r\n<h3 class=\"orange\">Combien co\u00fbte l&rsquo;assurance contre le tremblement de terre?<\/h3>\r\n<\/td>\r\n<td><\/td>\r\n<td><p>Le co\u00fbt de l&rsquo;assurance contre le tremblement de terre d\u00e9pend de la limitation d&rsquo;assurance et de la franchise que vous choisissez. Plus la limitation d&rsquo;assurance est \u00e9lev\u00e9e et plus la franchise est faible, plus le co\u00fbt sera \u00e9lev\u00e9. Le co\u00fbt d\u00e9pendra \u00e9galement de l&rsquo;endroit o\u00f9 vous vivez et du type de maison que vous habitez. Le co\u00fbt annuel d&rsquo;une assurance contre le tremblement de terre peut \u00eatre aussi bas que 25\u00a0$ par an. Bien s\u00fbr, le co\u00fbt peut \u00eatre beaucoup plus \u00e9lev\u00e9 selon vos besoins.<\/p>\r\n\r\n<p class=\"mb-4\">Par exemple, une maison en Qu\u00e9bec assur\u00e9e pour 300\u00a0000\u00a0$, avec 210\u00a0000\u00a0$ de biens meubles et 75\u00a0000\u00a0$ de frais de subsistance suppl\u00e9mentaires, aurait un co\u00fbt d&rsquo;assurance tremblement de terre allant de 225\u00a0$ \u00e0 515\u00a0$ par an. En comparaison, la m\u00eame maison en Californie, avec la moiti\u00e9 de la couverture pour les biens meubles et les frais de subsistance suppl\u00e9mentaires, aurait un co\u00fbt d&rsquo;assurance tremblement de terre de 865\u00a0$ par an.<\/p><\/td>\r\n<\/tr>\r\n<tr>\r\n<td valign=\"top\">\r\n<h3 class=\"orange\"><strong>Quelle est la franchise pour tremblement de terre?<\/strong><\/h3>\r\n<\/td>\r\n<td><\/td>\r\n<td><p>Il existe presque toujours une <a href=\"\/fr\/centres-ressources\/lexique-assurance\/franchise\" title=\"D\u00e9finition : franchise\">franchise<\/a> distincte pour les dommages caus\u00e9s par le tremblement de terre. Cette franchise a tendance \u00e0 \u00eatre beaucoup plus \u00e9lev\u00e9e que la franchise normale de votre police. En effet, les tremblements de terre sont moins fr\u00e9quents que les autres types de sinistres, mais lorsqu&rsquo;ils se produisent, ils peuvent causer des dommages importants \u00e0 de nombreuses habitations.<\/p>\r\n\r\n<p class=\"mb-4\">Votre franchise pour tremblement de terre peut \u00eatre exprim\u00e9e en pourcentage de la limitation d&rsquo;assurance. Par exemple, si vous avez une couverture de 100\u00a0000\u00a0$ pour les biens meubles avec une franchise de 5\u00a0% pour le tremblement de terre, vous serez tenu de r\u00e9gler les premiers 5\u00a0000\u00a0$ de dommages engag\u00e9s.<\/p><\/td>\r\n<\/tr>\r\n<tr>\r\n<td valign=\"top\">\r\n<h3 class=\"orange\"><strong>Les compagnies d&rsquo;assurance seront-elles en mesure de r\u00e9gler les dommages?<\/strong><\/h3>\r\n<\/td>\r\n<td><\/td>\r\n<td><p>Chaque ann\u00e9e, il y a de nombreux tremblements de terre et autres catastrophes dans le monde. Les compagnies d&rsquo;assurance en tiennent compte dans leurs tarifs, en constituant des r\u00e9serves pour payer les sinistres r\u00e9sultant de ces catastrophes. En plus de ces r\u00e9serves, il existe un certain nombre d&rsquo;autres \u00e9l\u00e9ments qui font en sorte que les compagnies d&rsquo;assurance soient en mesure de respecter leurs engagements\u00a0:<\/p>\r\n<ul>\r\n \t<li>Les compagnies d&rsquo;assurance souscrivent une protection contre les catastrophes aupr\u00e8s des compagnies de r\u00e9assurance. Cela permet de r\u00e9partir le risque (et le co\u00fbt) des catastrophes \u00e0 l&rsquo;\u00e9chelle mondiale.<\/li>\r\n \t<li>Les compagnies d&rsquo;assurance sont fortement r\u00e9glement\u00e9es par les gouvernements provinciaux et f\u00e9d\u00e9ral. Ces organismes gouvernementaux supervisent notamment la solvabilit\u00e9 des compagnies.<\/li>\r\n \t<li>Les compagnies d&rsquo;assurance sont tenues d&rsquo;\u00eatre membres de la <a title=\"PACICC\" href=https:\/\/www.pacicc.ca\/fr\/accueil\/\" target=\"_blank\" rel=\"noopener noreferrer\">Soci\u00e9t\u00e9 d&rsquo;indemnisation en mati\u00e8re d&rsquo;assurances IARD<\/a> (PACICC). Si une compagnie d&rsquo;assurance fait faillite, cette soci\u00e9t\u00e9 r\u00e8gle automatiquement toutes les r\u00e9clamations admissibles des membres participants. La Soci\u00e9t\u00e9 d&rsquo;indemnisation en mati\u00e8re d&rsquo;assurances IARD a une fonction semblable \u00e0 la Soci\u00e9t\u00e9 d&rsquo;assurance-d\u00e9p\u00f4ts du Canada, qui prot\u00e8ge vos \u00e9pargnes en cas de faillite d&rsquo;une banque.<\/li>\r\n<\/ul>\r\n<\/td>\r\n<\/tr>\r\n<\/tbody>\r\n<\/table>\r\n<\/div>\r\n<\/div>\r\n<\/div>\r\n<\/div>\r\n<div class=\"bg-bottom\"><\/div>\r\n<\/section>\r\n\r\n\t<section class=\"footer-cta bg-shape mt-6\">\n\t    <div class=\"container-fluid\">\n\t        <div class=\"row\">\n\t            <div class=\"col-10 offset-1 col-lg-8 offset-lg-2 text-center\">\n\t                <div class=\"h6 text-secondary-alt text-uppercase mb-4\">vous \u00eates en bonne compagnie <\/div>\n\t                <div class=\"h2 text-uc-first mb-4\">Joignez-vous \u00e0 plus de 3 000 000 de clients qui ont re\u00e7u une soumission en assurance habitation de notre part.<\/div>\n\t\t\t\t\t<div id=\"sq1-qw-3829cadb5ac9\" class=\"sq1-quote-widget\" data-quote-widget-type=\"HOME\" data-has-custom-text=\"true\" style=\"min-height: 68px; height: auto\"><\/div>\n\t                <p class=\"text-uc-first\">D\u00e9couvrez \u00e0 quel point l'assurance habitation est abordable \u00e0 l'aide d'une soumission en ligne en 5 minutes.<\/p>\n\t                <p class=\"text-light small text-uc-first\">Avant de commencer, veuillez lire notre <a href=\"https:\/\/www.squareone.ca\/fr\/politique-confidentialite\" target=\"_blank\" rel=\"noreferrer noopener\">Politique de confidentialit\u00e9<\/a> et nos <a href=\"https:\/\/www.squareone.ca\/fr\/conditions-utilisation\" target=\"_blank\" rel=\"noreferrer noopener\">Conditions d\u2019utilisation<\/a>.<\/p>\n\t            <\/div>\n\t        <\/div>\n\t    <\/div>\n\t    <div class=\"locations position-absolute fw-bold w-100 text-center pb-6 px-3\">Une compagnie canadienne exploit\u00e9e par des Canadiens. Nous offrons nos services au <a href=\"\/fr\/habitation\/quebec\" class=\"text-grey-900 text-decoration-none\">Qu\u00e9bec<\/a>, en Colombie-Britannique, en Alberta, en Saskatchewan, au Manitoba et en Ontario.<\/div>\n\t<\/section>\r\n\r\n<\/main>\r\n<script type=\"application\/ld+json\">\r\n{\r\n  \"@context\": \"https:\/\/schema.org\",\r\n  \"@type\": \"FAQPage\",\r\n  \"mainEntity\": [{\r\n    \"@type\": \"Question\",\r\n    \"name\": \"L'assurance habitation couvre-t-elle les dommages caus\u00e9s par le tremblement de terre?\",\r\n    \"acceptedAnswer\": {\r\n      \"@type\": \"Answer\",\r\n      \"text\": \"Les polices d'assurance habitation traditionnelles ne couvrent pas les pertes ou les dommages caus\u00e9s par le tremblement de terre; vous devez demander express\u00e9ment que l'assurance tremblement de terre soit ajout\u00e9e \u00e0 votre police. Cela suppose que votre assureur habitation offre une assurance contre les tremblements de terre. Sinon, vous avez int\u00e9r\u00eat \u00e0 faire le tour du march\u00e9. Il y aura une prime suppl\u00e9mentaire pour ajouter cette couverture \u00e0 votre police. Il est \u00e9galement important de noter que l'assurance tremblement de terre a g\u00e9n\u00e9ralement sa propre limitation d'assurance et sa propre franchise.\"\r\n    }\r\n  },{\r\n    \"@type\": \"Question\",\r\n    \"name\": \"Que couvre l'assurance contre le tremblement de terre?\",\r\n    \"acceptedAnswer\": {\r\n      \"@type\": \"Answer\",\r\n      \"text\": \"L'assurance contre le tremblement de terre couvre les pertes ou les dommages provoqu\u00e9s par les secousses ou les tremblements de terre. Elle ne couvre pas les pertes ou les dommages caus\u00e9s par des glissements de terrain, des glissements de neige ou d'autres formes de mouvements de terrain. Elle ne couvre pas non plus les pertes ou les dommages caus\u00e9s par les tsunamis ou les raz-de-mar\u00e9e, m\u00eame si le tsunami ou le raz-de-mar\u00e9e est d\u00fb \u00e0 un tremblement de terre.\"\r\n    }\r\n  },{\r\n    \"@type\": \"Question\",\r\n    \"name\": \"Combien co\u00fbte l'assurance contre le tremblement de terre?\",\r\n    \"acceptedAnswer\": {\r\n      \"@type\": \"Answer\",\r\n      \"text\": \"Le co\u00fbt de l'assurance contre le tremblement de terre d\u00e9pend de la limitation d'assurance et de la franchise que vous choisissez. Plus la limitation d'assurance est \u00e9lev\u00e9e et plus la franchise est faible, plus le co\u00fbt sera \u00e9lev\u00e9. Le co\u00fbt d\u00e9pendra \u00e9galement de l'endroit o\u00f9 vous vivez et du type de maison que vous habitez. Le co\u00fbt annuel d'une assurance contre le tremblement de terre peut \u00eatre aussi bas que 25\u00a0$ par an. Bien s\u00fbr, le co\u00fbt peut \u00eatre beaucoup plus \u00e9lev\u00e9 selon vos besoins.\"\r\n    }\r\n  },{\r\n    \"@type\": \"Question\",\r\n    \"name\": \"Quelle est la franchise pour tremblement de terre?\",\r\n    \"acceptedAnswer\": {\r\n      \"@type\": \"Answer\",\r\n      \"text\": \"Il existe presque toujours une franchise distincte pour les dommages caus\u00e9s par le tremblement de terre. Cette franchise a tendance \u00e0 \u00eatre beaucoup plus \u00e9lev\u00e9e que la franchise normale de votre police. En effet, les tremblements de terre sont moins fr\u00e9quents que les autres types de sinistres, mais lorsqu'ils se produisent, ils peuvent causer des dommages importants \u00e0 de nombreuses habitations.\"\r\n    }\r\n  },{\r\n    \"@type\": \"Question\",\r\n    \"name\": \"Les compagnies d'assurance seront-elles en mesure de r\u00e9gler les dommages?\",\r\n    \"acceptedAnswer\": {\r\n      \"@type\": \"Answer\",\r\n      \"text\": \"Chaque ann\u00e9e, il y a de nombreux tremblements de terre et autres catastrophes dans le monde. Les compagnies d'assurance en tiennent compte dans leurs tarifs, en constituant des r\u00e9serves pour payer les sinistres r\u00e9sultant de ces catastrophes. En plus de ces r\u00e9serves, il existe un certain nombre d'autres \u00e9l\u00e9ments qui font en sorte que les compagnies d'assurance soient en mesure de respecter leurs engagements\u00a0: les compagnies d'assurance souscrivent une protection contre les catastrophes aupr\u00e8s des compagnies de r\u00e9assurance. Les compagnies d'assurance sont fortement r\u00e9glement\u00e9es par les gouvernements provinciaux et f\u00e9d\u00e9ral. Les compagnies d'assurance sont tenues d'\u00eatre membres de la Soci\u00e9t\u00e9 d'indemnisation en mati\u00e8re d'assurances IARD (PACICC). Si une compagnie d'assurance fait faillite, cette soci\u00e9t\u00e9 r\u00e8gle automatiquement toutes les r\u00e9clamations admissibles des membres participants.\"\r\n    }\r\n  }]\r\n}\r\n<\/script>\r\n","protected":false},"excerpt":{"rendered":"<p>Assurance contre le tremblement de terre Si la Colombie-Britannique et le Qu\u00e9bec sont le plus souvent cit\u00e9s comme des r\u00e9gions \u00e0 haut risque sismique, la r\u00e9alit\u00e9 est que toutes les provinces du Canada pr\u00e9sentent un certain niveau de risque. En fait, des tremblements de terre ont eu lieu en Ontario et au Manitoba au cours [&hellip;]<\/p>\n","protected":false},"author":2,"featured_media":0,"parent":48512,"menu_order":0,"comment_status":"open","ping_status":"closed","template":"","meta":{"_acf_changed":false,"footnotes":""},"class_list":["post-48264","page","type-page","status-publish","hentry"],"acf":[],"_links":{"self":[{"href":"https:\/\/www.squareone.ca\/fr\/wp-json\/wp\/v2\/pages\/48264","targetHints":{"allow":["GET"]}}],"collection":[{"href":"https:\/\/www.squareone.ca\/fr\/wp-json\/wp\/v2\/pages"}],"about":[{"href":"https:\/\/www.squareone.ca\/fr\/wp-json\/wp\/v2\/types\/page"}],"author":[{"embeddable":true,"href":"https:\/\/www.squareone.ca\/fr\/wp-json\/wp\/v2\/users\/2"}],"replies":[{"embeddable":true,"href":"https:\/\/www.squareone.ca\/fr\/wp-json\/wp\/v2\/comments?post=48264"}],"version-history":[{"count":24,"href":"https:\/\/www.squareone.ca\/fr\/wp-json\/wp\/v2\/pages\/48264\/revisions"}],"predecessor-version":[{"id":75288,"href":"https:\/\/www.squareone.ca\/fr\/wp-json\/wp\/v2\/pages\/48264\/revisions\/75288"}],"up":[{"embeddable":true,"href":"https:\/\/www.squareone.ca\/fr\/wp-json\/wp\/v2\/pages\/48512"}],"wp:attachment":[{"href":"https:\/\/www.squareone.ca\/fr\/wp-json\/wp\/v2\/media?parent=48264"}],"curies":[{"name":"wp","href":"https:\/\/api.w.org\/{rel}","templated":true}]}}