{"id":48285,"date":"2021-07-23T05:54:48","date_gmt":"2021-07-23T12:54:48","guid":{"rendered":"https:\/\/www.squareone.ca\/pourquoi-nous\/adapte-a-vos-besoins"},"modified":"2022-10-13T17:12:09","modified_gmt":"2022-10-14T00:12:09","slug":"adapte-a-vos-besoins","status":"publish","type":"page","link":"https:\/\/www.squareone.ca\/fr\/pourquoi-nous\/adapte-a-vos-besoins","title":{"rendered":"Une police adapt\u00e9e \u00e0 vos besoins"},"content":{"rendered":"\u00a0<main>\r\n\r\n<section id=\"intro\" class=\"bg-shape sub-page-jumbotron xwide-mobile mb-6\">\r\n<div class=\"container-fluid\">\r\n<h1>Une police adapt\u00e9e \u00e0 vos besoins<\/h1>\r\n<p class=\"display-4\">Au lieu de souscrire une assurance dont vous n&rsquo;avez pas besoin, vous avez la possibilit\u00e9 de n&rsquo;assurer que ce que vous voulez, ce qui vous permet de faire des \u00e9conomies. Square One vous aide \u00e0 cr\u00e9er une police \u00e0 votre image.<\/p>\r\n\r\n<\/div>\r\n<\/section><section id=\"body\" class=\"mb-3 xwide-mobile\">\r\n<div class=\"container-fluid\">\r\n<div class=\"row\">\r\n<div class=\"col-12 mb-3 col-md-1 col-lg-1\"><img decoding=\"async\" class=\"ml-lg-4\" src=\"\/sales\/images\/icons\/icon-clipboard.svg\" alt=\"Ic\u00f4ne de planchette \u00e0 pince\" width=\"43\" \/><\/div>\r\n<div class=\"col-12 col-md-11 col-lg-5 pb-6\">\r\n<h2>Vous d\u00e9cidez de ce que vous voulez assurer<\/h2>\r\n<p>Les polices d&rsquo;assurance habitation traditionnelles ont \u00e9t\u00e9 con\u00e7ues dans les ann\u00e9es 70 pour des personnes vivant dans les ann\u00e9es 70&nbsp;: vous souvenez-vous des t\u00e9l\u00e9viseurs \u00e0 tube et aux tourne-disques? La vie a \u00e9volu\u00e9 depuis lors, mais la plupart des polices d&rsquo;assurance habitation sont fig\u00e9es au si\u00e8cle dernier.<\/p>\r\n\r\n<p>Les polices traditionnelles comportent des limitations sp\u00e9ciales pour certains types de biens sp\u00e9ciaux, dont beaucoup ne vous appartiennent peut-\u00eatre pas. Par exemple, de nombreux polices offrent une trop grande protection pour la porcelaine et l&rsquo;argenterie et pas assez pour les ordinateurs, les appareils photo et les t\u00e9l\u00e9phones mobiles. \u00c0 quand remonte la derni\u00e8re fois que vous avez entendu parler d&rsquo;un vol d&rsquo;argenterie?<\/p>\r\n\r\n<p>Avez-vous essay\u00e9 de demander \u00e0 votre assureur actuel de supprimer la couverture automatique pour la porcelaine ou l&rsquo;argenterie? On vous a probablement r\u00e9pondu que c&rsquo;est inclus \u00ab&nbsp;gratuitement&nbsp;\u00bb. En r\u00e9alit\u00e9, la plupart des compagnies d&rsquo;assurance ne sont pas capables de s&rsquo;adapter \u00e0 vos besoins individuels.<\/p>\r\n\r\n<p>Chez Square One, c&rsquo;est vous qui d\u00e9cidez de ce que vous voulez assurer. Nous offrons une protection globale pour vos biens meubles les plus courants, y compris les v\u00eatements, les appareils \u00e9lectroniques et les autres articles m\u00e9nagers. Et, si vous en avez besoin, nous offrons \u00e9galement une protection sp\u00e9cifique pour <a title=\"Types de biens sp\u00e9ciaux\" href=\"\/fr\/categories-biens-speciaux\">les biens sp\u00e9ciaux<\/a>&nbsp;:<\/p>\r\n<ul>\r\n \t<li>Bicyclettes, \u00e9quipement sportif et embarcations<\/li>\r\n \t<li>Biens \u00e0 usage professionnel<\/li>\r\n \t<li>Objets d&rsquo;art et objets de collection<\/li>\r\n \t<li>Bijoux et montres<\/li>\r\n<\/ul>\r\n<p>Chez Square One, vous ne payez pas pour une protection dont vous n&rsquo;avez pas besoin.<\/p>\r\n\r\n<\/div>\r\n<div class=\"col-12 mb-3 col-md-1 col-lg-1 pb-6\"><img decoding=\"async\" class=\"ml-lg-4\" src=\"\/sales\/images\/icons\/icon-price-tag.svg\" alt=\"Ic\u00f4ne d\u2019\u00e9tiquette de prix\" width=\"43\" \/><\/div>\r\n<div class=\"col-12 col-md-11 col-lg-5\">\r\n<h2>Vous d\u00e9cidez du montant \u00e0 assurer<\/h2>\r\n<p>Les polices traditionnelles utilisent toujours la valeur de votre maison pour d\u00e9terminer la couverture dont vous b\u00e9n\u00e9ficiez. Par exemple, admettons que la <a href=\"\/fr\/centres-ressources\/proprietaire-occupant\/couverture-cout-reparation-reconstruction-garanti\" title=\"Co\u00fbt de r\u00e9paration ou de reconstruction garanti : le guide int\u00e9gral\">reconstruction<\/a> de votre maison co\u00fbte 500&nbsp;000&nbsp;$&nbsp;: en cas de perte totale,<\/a> la plupart des polices traditionnelles pr\u00e9voient automatiquement&nbsp;:<\/p>\r\n<ul>\r\n \t<li>50&nbsp;000&nbsp;$ pour un garage non attenant<\/li>\r\n \t<li>350&nbsp;000&nbsp;$ pour les biens meubles<\/li>\r\n \t<li>100&nbsp;000&nbsp;$ pour les <a title=\"frais de subsistance suppl\u00e9mentaires\" href=\"https:\/\/www.squareone.ca\/fr\/centres-ressources\/bases-assurance\/frais-subsistance-supplementaires\">frais de subsistance suppl\u00e9mentaires<\/a><\/li>\r\n<\/ul>\r\n<p>Et si vous n&rsquo;avez pas de garage non attenant et que vous n&rsquo;avez besoin que de 150&nbsp;000&nbsp;$ de biens meubles? Dans ce cas, vous souscrivez 250&nbsp;000&nbsp;$ de protection dont vous n&rsquo;avez tout simplement pas besoin.<\/p>\r\n\r\n<p>Square One offre une couverture qui a du sens. Vous choisissez les limitations d&rsquo;assurance qui correspondent \u00e0 vos besoins et \u00e0 votre budget. Les clients veulent avoir la possibilit\u00e9 de choisir les biens \u00e0 assurer et les montants d&rsquo;assurance. Pour vous donner une meilleure id\u00e9e de comment cela fonctionne, voici les pourcentages des clients de Square One qui ajoutent \u00e0 leur police chaque cat\u00e9gorie de biens sp\u00e9ciaux&nbsp;:<\/p>\r\n<ul>\r\n \t<li>18&nbsp;% assurent les bijoux et les montres<\/li>\r\n \t<li>9&nbsp;% assurent les bicyclettes, l&rsquo;\u00e9quipement sportif et les embarcations.<\/li>\r\n \t<li>9&nbsp;% assurent les objets d&rsquo;art et les objets de collection<\/li>\r\n \t<li>5&nbsp;% assurent les biens \u00e0 usage professionnel<\/li>\r\n<\/ul>\r\n<\/div>\r\n<\/div>\r\n<\/div>\r\n<\/section><section class=\"bg-shape shape-blue-curve-up xwide-mobile\">\r\n<div class=\"container-fluid\">\r\n<div class=\"row\">\r\n<div class=\"col-12 col-lg-6 pb-6\">\r\n<h2>Des limitations sp\u00e9ciales qui ne sont pas si sp\u00e9ciales<\/h2>\r\n<p>Les types de biens sp\u00e9ciaux automatiquement inclus dans la plupart des polices d&rsquo;assurance habitation traditionnelles, ainsi que les limitations qui leur sont associ\u00e9es, sont pr\u00e9sent\u00e9s dans le tableau ci-contre.<\/p>\r\n\r\n<p>Ce que vous remarquerez, c&rsquo;est \u00e0 quel point cette liste est p\u00e9rim\u00e9e. Poss\u00e9dez-vous des lingots d&rsquo;or? Et m\u00eame si c&rsquo;est le cas, est-ce que vous les gardez chez vous? Si vous avez r\u00e9pondu non \u00e0 l&rsquo;une ou l&rsquo;autre de ces questions, le fait que les polices traditionnelles incluent automatiquement 5&nbsp;000&nbsp;$ pour les titres et les lingots n&rsquo;aura aucune importance pour vous.<\/p>\r\n\r\n<p>En revanche, vous serez peut-\u00eatre surpris de constater que certains types de biens courants, comme les appareils \u00e9lectroniques, sont soumis \u00e0 des limitations. Les 500&nbsp;$ inclus pour les t\u00e9l\u00e9phones portables ne couvrent m\u00eame pas le co\u00fbt de remplacement d&rsquo;un t\u00e9l\u00e9phone intelligent.<\/p>\r\n\r\n<p>Chez Square One, vous personnalisez votre police en fonction de vos besoins individuels. Vous b\u00e9n\u00e9ficiez automatiquement d&rsquo;une couverture g\u00e9n\u00e9rale pour les appareils \u00e9lectroniques, entre autres. Vous n&rsquo;\u00eates pas oblig\u00e9 de souscrire une protection sur des biens sp\u00e9cialis\u00e9s que vous ne poss\u00e9dez pas.<\/p>\r\n\r\n<p>Chez Square One, c&rsquo;est vous qui choisissez les biens sp\u00e9ciaux \u00e0 assurer. En fin de compte, cela vous fait \u00e9conomiser de l&rsquo;argent.<\/p>\r\n\r\n<p><a title=\"Types de biens sp\u00e9ciaux\" href=\"\/fr\/categories-biens-speciaux\">D\u00e9couvrez les types de biens sp\u00e9ciaux<\/a><\/p>\r\n\r\n<\/div>\r\n<div class=\"col-12 col-lg-5 offset-lg-1 pb-6\">\r\n<table class=\"table-hover table-striped\" border=\"1\" width=\"100%\" cellpadding=\"5\">\r\n<thead class=\"thead-dark\">\r\n<tr>\r\n<td class=\"text-center\"><strong>Types de biens sp\u00e9ciaux<\/strong><\/td>\r\n<td class=\"text-center\" width=\"25%\"><strong>limitation ($)<\/strong><\/td>\r\n<\/tr>\r\n<\/thead>\r\n<tbody>\r\n<tr>\r\n<td>Audio et multim\u00e9dia vid\u00e9o<\/td>\r\n<td style=\"text-align: right;\">2&nbsp;000<\/td>\r\n<\/tr>\r\n<tr>\r\n<td>Bicyclettes*<\/td>\r\n<td style=\"text-align: right;\">1&nbsp;000<\/td>\r\n<\/tr>\r\n<tr>\r\n<td>Types de biens sp\u00e9ciaux<\/td>\r\n<td style=\"text-align: right;\">2&nbsp;000<\/td>\r\n<\/tr>\r\n<tr>\r\n<td>Appareils photo<\/td>\r\n<td style=\"text-align: right;\">3&nbsp;000<\/td>\r\n<\/tr>\r\n<tr>\r\n<td>T\u00e9l\u00e9phones cellulaires et autres appareils mobiles<\/td>\r\n<td style=\"text-align: right;\">500<\/td>\r\n<\/tr>\r\n<tr>\r\n<td>Cartes de collection*<\/td>\r\n<td style=\"text-align: right;\">1&nbsp;000<\/td>\r\n<\/tr>\r\n<tr>\r\n<td>Collections de monnaie*<\/td>\r\n<td style=\"text-align: right;\">200<\/td>\r\n<\/tr>\r\n<tr>\r\n<td>Ordinateurs<\/td>\r\n<td style=\"text-align: right;\">5&nbsp;000<\/td>\r\n<\/tr>\r\n<tr>\r\n<td>Bijoux, montres et pierres pr\u00e9cieuses<\/td>\r\n<td style=\"text-align: right;\">6&nbsp;000<\/td>\r\n<\/tr>\r\n<tr>\r\n<td>Manuscrits et collections de timbres*<\/td>\r\n<td class=\"light-cell\" style=\"text-align: right;\">1&nbsp;000<\/td>\r\n<\/tr>\r\n<tr>\r\n<td>Argent, y compris les cartes de cr\u00e9dit<\/td>\r\n<td style=\"text-align: right;\">500<\/td>\r\n<\/tr>\r\n<tr>\r\n<td>Argenterie*<\/td>\r\n<td style=\"text-align: right;\">6&nbsp;000<\/td>\r\n<\/tr>\r\n<tr>\r\n<td>Titres et lingots<\/td>\r\n<td style=\"text-align: right;\">5&nbsp;000<\/td>\r\n<\/tr>\r\n<tr>\r\n<td>\u00c9quipement sportif*<\/td>\r\n<td style=\"text-align: right;\">3&nbsp;000<\/td>\r\n<\/tr>\r\n<tr>\r\n<td>Embarcations<\/td>\r\n<td style=\"text-align: right;\">1&nbsp;000<\/td>\r\n<\/tr>\r\n<\/tbody>\r\n<\/table>\r\n*S&rsquo;applique aux pertes li\u00e9es \u00e0 un vol, un cambriolage, un vol qualifi\u00e9 ou une disparition.\r\n\r\n<\/div>\r\n<\/div>\r\n<\/div>\r\n<\/section>\t<section class=\"footer-cta bg-shape mt-6\">\n\t    <div class=\"container-fluid\">\n\t        <div class=\"row\">\n\t            <div class=\"col-10 offset-1 col-lg-8 offset-lg-2 text-center\">\n\t                <div class=\"h6 text-secondary-alt text-uppercase mb-4\">vous \u00eates en bonne compagnie <\/div>\n\t                <div class=\"h2 text-uc-first mb-4\">Joignez-vous \u00e0 plus de 3 000 000 de clients qui ont re\u00e7u une soumission en assurance habitation de notre part.<\/div>\n\t\t\t\t\t<div id=\"sq1-qw-0d87fa623985\" class=\"sq1-quote-widget\" data-quote-widget-type=\"HOME\" data-has-custom-text=\"true\" style=\"min-height: 68px; height: auto\"><\/div>\n\t                <p class=\"text-uc-first\">D\u00e9couvrez \u00e0 quel point l'assurance habitation est abordable \u00e0 l'aide d'une soumission en ligne en 5 minutes.<\/p>\n\t                <p class=\"text-light small text-uc-first\">Avant de commencer, veuillez lire notre <a href=\"https:\/\/www.squareone.ca\/fr\/politique-confidentialite\" target=\"_blank\" rel=\"noreferrer noopener\">Politique de confidentialit\u00e9<\/a> et nos <a href=\"https:\/\/www.squareone.ca\/fr\/conditions-utilisation\" target=\"_blank\" rel=\"noreferrer noopener\">Conditions d\u2019utilisation<\/a>.<\/p>\n\t            <\/div>\n\t        <\/div>\n\t    <\/div>\n\t    <div class=\"locations position-absolute fw-bold w-100 text-center pb-6 px-3\">Une compagnie canadienne exploit\u00e9e par des Canadiens. Nous offrons nos services au <a href=\"\/fr\/habitation\/quebec\" class=\"text-grey-900 text-decoration-none\">Qu\u00e9bec<\/a>, en Colombie-Britannique, en Alberta, en Saskatchewan, au Manitoba et en Ontario.<\/div>\n\t<\/section>\r\n\r\n<\/main>","protected":false},"excerpt":{"rendered":"<p>\u00a0 Une police adapt\u00e9e \u00e0 vos besoins Au lieu de souscrire une assurance dont vous n&rsquo;avez pas besoin, vous avez la possibilit\u00e9 de n&rsquo;assurer que ce que vous voulez, ce qui vous permet de faire des \u00e9conomies. Square One vous aide \u00e0 cr\u00e9er une police \u00e0 votre image. Vous d\u00e9cidez de ce que vous voulez [&hellip;]<\/p>\n","protected":false},"author":2,"featured_media":0,"parent":47867,"menu_order":0,"comment_status":"open","ping_status":"closed","template":"","meta":{"_acf_changed":false,"footnotes":""},"class_list":["post-48285","page","type-page","status-publish","hentry"],"acf":[],"_links":{"self":[{"href":"https:\/\/www.squareone.ca\/fr\/wp-json\/wp\/v2\/pages\/48285","targetHints":{"allow":["GET"]}}],"collection":[{"href":"https:\/\/www.squareone.ca\/fr\/wp-json\/wp\/v2\/pages"}],"about":[{"href":"https:\/\/www.squareone.ca\/fr\/wp-json\/wp\/v2\/types\/page"}],"author":[{"embeddable":true,"href":"https:\/\/www.squareone.ca\/fr\/wp-json\/wp\/v2\/users\/2"}],"replies":[{"embeddable":true,"href":"https:\/\/www.squareone.ca\/fr\/wp-json\/wp\/v2\/comments?post=48285"}],"version-history":[{"count":21,"href":"https:\/\/www.squareone.ca\/fr\/wp-json\/wp\/v2\/pages\/48285\/revisions"}],"predecessor-version":[{"id":60486,"href":"https:\/\/www.squareone.ca\/fr\/wp-json\/wp\/v2\/pages\/48285\/revisions\/60486"}],"up":[{"embeddable":true,"href":"https:\/\/www.squareone.ca\/fr\/wp-json\/wp\/v2\/pages\/47867"}],"wp:attachment":[{"href":"https:\/\/www.squareone.ca\/fr\/wp-json\/wp\/v2\/media?parent=48285"}],"curies":[{"name":"wp","href":"https:\/\/api.w.org\/{rel}","templated":true}]}}