{"id":48306,"date":"2021-07-23T10:59:28","date_gmt":"2021-07-23T17:59:28","guid":{"rendered":"https:\/\/www.squareone.ca\/a-propos-de-nous\/fournisseurs"},"modified":"2024-01-24T09:23:19","modified_gmt":"2024-01-24T17:23:19","slug":"fournisseurs","status":"publish","type":"page","link":"https:\/\/www.squareone.ca\/fr\/a-propos-de-nous\/fournisseurs","title":{"rendered":"Fournisseurs"},"content":{"rendered":"<section id=\"intro\" class=\"mb-3 bg-shape sub-page-jumbotron xwide-mobile\">\r\n<div class=\"container-fluid\">\r\n<div class=\"row\">\r\n<div class=\"col-12\">\r\n<h1>Nos fournisseurs<\/h1>\r\n<p class=\"display-4\">Il faut un groupe de soci\u00e9t\u00e9s \u00e9troitement align\u00e9es pour offrir la meilleure police d&rsquo;assurance habitation au Canada. Square One a d\u00e9velopp\u00e9 des relations strat\u00e9giques et \u00e0 long terme avec ses souscripteurs et ses fournisseurs de r\u00e9clamations. Vous trouverez ci-dessous des renseignements sur le souscripteur d&rsquo;assurance habitation de Square One, les fournisseurs de r\u00e9clamations d&rsquo;assurance habitation, et le souscripteur d&rsquo;assurance protection juridique.<\/p>\r\n\r\n<\/div>\r\n<\/div>\r\n<\/div>\r\n<\/section>\r\n<div class=\"container-fluid pb-6\">\r\n<div class=\"row\">\r\n<div class=\"col-12 col-md-4 d-flex\">\r\n<div class=\"card bg-grey-100\">\r\n<div class=\"card-body\">\r\n<h2 class=\"card-title\">Souscripteur d&rsquo;assurance habitation<\/h2>\r\n<p>Square One vend, administre et g\u00e8re nos polices d&rsquo;assurance habitation phares. Cela signifie que nous sommes le premier point de contact de nos clients pour ces polices.<\/p>\r\n\r\n<p>Nos polices d&rsquo;assurance habitation sont souscrites par la Compagnie mutuelle d\u2019assurance incendie de la Colombie-Britannique (la Mutuelle).<\/p>\r\n\r\n<p>Fond\u00e9e en 1902, la Mutuelle est bas\u00e9e \u00e0 Langley (Colombie-Britannique). La compagnie est autoris\u00e9e \u00e0 exercer en Colombie-Britannique, en Alberta, en Saskatchewan, au Manitoba, en Ontario et au Qu\u00e9bec.<\/p>\r\n<p class=\"pb-3\"><a class=\"btn btn-primary\" title=\"Souscripteur d'assurance habitation\" href=\"\/fr\/permis-et-souscripteurs#souscripteurs\">Lisez la suite<\/a><\/p>\r\n\r\n<\/div>\r\n<\/div>\r\n<\/div>\r\n<div class=\"col-12 col-md-4 d-flex\">\r\n<div class=\"card bg-grey-100\">\r\n<div class=\"card-body\">\r\n<h2 class=\"card-title\">Fournisseurs de services de r\u00e9clamations en assurance habitation<\/h2>\r\n<p>Square One collabore \u00e9troitement avec un r\u00e9seau d\u2019experts en sinistres et fournisseurs pour g\u00e9rer toutes les r\u00e9clamations en assurance de nos clients. Nous faisons ceci au nom de notre souscripteur.<\/p>\r\n\r\n<p>Tous nos fournisseurs de services de r\u00e9clamations acceptent de se conformer \u00e0 des normes pr\u00e9d\u00e9termin\u00e9es et sont \u00e9valu\u00e9s r\u00e9guli\u00e8rement. Nous faisons affaire avec des fournisseurs bas\u00e9s dans les collectivit\u00e9s qu\u2019ils servent.<\/p>\r\n\r\n<p>De cette mani\u00e8re, nous pouvons r\u00e9gler rapidement et \u00e9quitablement les sinistres.<\/p>\r\n<p class=\"pb-3\"><a class=\"btn btn-primary\" title=\"Home insurance claims providers\" href=\"https:\/\/www.squareone.ca\/fr\/fournisseurs-de-services-dassurance-habitation\">Lisez la suite<\/a><\/p>\r\n\r\n<\/div>\r\n<\/div>\r\n<\/div>\r\n<div class=\"col-12 col-md-4 d-flex\">\r\n<div class=\"card bg-grey-100\">\r\n<div class=\"card-body\">\r\n<h2 class=\"card-title\">Souscripteur d&rsquo;assurance protection juridique<\/h2>\r\n<p>Square One offre une assurance de protection juridique qui est souscrite par DAS Protection Juridique (DAS Canada). Veuillez noter que cette assurance n&rsquo;est pas offerte au Qu\u00e9bec.<\/p>\r\n\r\n<p>DAS Canada fait partie du Groupe DAS, le leader mondial du march\u00e9 de l&rsquo;assurance de protection juridique. Bas\u00e9e en Allemagne et filiale d&rsquo;ERGO, qui fait partie du groupe Munich Re, le groupe DAS a vu le jour en 1928.<\/p>\r\n\r\n<p>DAS Canada est autoris\u00e9 \u00e0 exercer dans toutes les provinces et tous les territoires du Canada.<\/p>\r\n<p class=\"pb-3\"><a class=\"btn btn-primary\" title=\"Souscripteur d'assurance protection juridique\" href=\"\/fr\/permis-et-souscripteurs#souscripteurs\">Lisez la suite<\/a><\/p>\r\n\r\n<\/div>\r\n<\/div>\r\n<\/div>\r\n<\/div>\r\n<\/div>\r\n\t<section class=\"footer-cta bg-shape mt-6\">\n\t    <div class=\"container-fluid\">\n\t        <div class=\"row\">\n\t            <div class=\"col-10 offset-1 col-lg-8 offset-lg-2 text-center\">\n\t                <div class=\"h6 text-secondary-alt text-uppercase mb-4\">vous \u00eates en bonne compagnie <\/div>\n\t                <div class=\"h2 text-uc-first mb-4\">Joignez-vous \u00e0 plus de 3 000 000 de clients qui ont re\u00e7u une soumission en assurance habitation de notre part.<\/div>\n\t\t\t\t\t<div id=\"sq1-qw-53fa835cf609\" class=\"sq1-quote-widget\" data-quote-widget-type=\"HOME\" data-has-custom-text=\"true\" style=\"min-height: 68px; height: auto\"><\/div>\n\t                <p class=\"text-uc-first\">D\u00e9couvrez \u00e0 quel point l'assurance habitation est abordable \u00e0 l'aide d'une soumission en ligne en 5 minutes.<\/p>\n\t                <p class=\"text-light small text-uc-first\">Avant de commencer, veuillez lire notre <a href=\"https:\/\/www.squareone.ca\/fr\/politique-confidentialite\" target=\"_blank\" rel=\"noreferrer noopener\">Politique de confidentialit\u00e9<\/a> et nos <a href=\"https:\/\/www.squareone.ca\/fr\/conditions-utilisation\" target=\"_blank\" rel=\"noreferrer noopener\">Conditions d\u2019utilisation<\/a>.<\/p>\n\t            <\/div>\n\t        <\/div>\n\t    <\/div>\n\t    <div class=\"locations position-absolute fw-bold w-100 text-center pb-6 px-3\">Une compagnie canadienne exploit\u00e9e par des Canadiens. Nous offrons nos services au <a href=\"\/fr\/habitation\/quebec\" class=\"text-grey-900 text-decoration-none\">Qu\u00e9bec<\/a>, en Colombie-Britannique, en Alberta, en Saskatchewan, au Manitoba et en Ontario.<\/div>\n\t<\/section>","protected":false},"excerpt":{"rendered":"<p>Nos fournisseurs Il faut un groupe de soci\u00e9t\u00e9s \u00e9troitement align\u00e9es pour offrir la meilleure police d&rsquo;assurance habitation au Canada. Square One a d\u00e9velopp\u00e9 des relations strat\u00e9giques et \u00e0 long terme avec ses souscripteurs et ses fournisseurs de r\u00e9clamations. Vous trouverez ci-dessous des renseignements sur le souscripteur d&rsquo;assurance habitation de Square One, les fournisseurs de r\u00e9clamations [&hellip;]<\/p>\n","protected":false},"author":2,"featured_media":0,"parent":47758,"menu_order":0,"comment_status":"open","ping_status":"closed","template":"","meta":{"_acf_changed":false,"footnotes":""},"class_list":["post-48306","page","type-page","status-publish","hentry"],"acf":[],"_links":{"self":[{"href":"https:\/\/www.squareone.ca\/fr\/wp-json\/wp\/v2\/pages\/48306","targetHints":{"allow":["GET"]}}],"collection":[{"href":"https:\/\/www.squareone.ca\/fr\/wp-json\/wp\/v2\/pages"}],"about":[{"href":"https:\/\/www.squareone.ca\/fr\/wp-json\/wp\/v2\/types\/page"}],"author":[{"embeddable":true,"href":"https:\/\/www.squareone.ca\/fr\/wp-json\/wp\/v2\/users\/2"}],"replies":[{"embeddable":true,"href":"https:\/\/www.squareone.ca\/fr\/wp-json\/wp\/v2\/comments?post=48306"}],"version-history":[{"count":11,"href":"https:\/\/www.squareone.ca\/fr\/wp-json\/wp\/v2\/pages\/48306\/revisions"}],"predecessor-version":[{"id":68568,"href":"https:\/\/www.squareone.ca\/fr\/wp-json\/wp\/v2\/pages\/48306\/revisions\/68568"}],"up":[{"embeddable":true,"href":"https:\/\/www.squareone.ca\/fr\/wp-json\/wp\/v2\/pages\/47758"}],"wp:attachment":[{"href":"https:\/\/www.squareone.ca\/fr\/wp-json\/wp\/v2\/media?parent=48306"}],"curies":[{"name":"wp","href":"https:\/\/api.w.org\/{rel}","templated":true}]}}