{"id":48307,"date":"2021-07-23T11:28:11","date_gmt":"2021-07-23T18:28:11","guid":{"rendered":"https:\/\/www.squareone.ca\/pourquoi-nous\/protection-superieure"},"modified":"2026-04-20T13:27:41","modified_gmt":"2026-04-20T20:27:41","slug":"protection-superieure","status":"publish","type":"page","link":"https:\/\/www.squareone.ca\/fr\/pourquoi-nous\/protection-superieure","title":{"rendered":"Protection sup\u00e9rieure"},"content":{"rendered":"    <section id='intro' class=\"bg-shape-split bg-sub-page-hero\">\r\n        <div class=\"bg-position\">\r\n            <div class=\"container-fluid\">\r\n<h1>Obtenez une protection sup\u00e9rieure chez Square One<\/h1>\r\n<p class=\"display-4\">La plupart des assureurs vous font payer un suppl\u00e9ment pour une protection critique. D&rsquo;autres ne prot\u00e8gent que contre des types de sinistres sp\u00e9cifiques. Chez Square One, vous b\u00e9n\u00e9ficiez d&rsquo;une couverture compl\u00e8te qui prot\u00e8ge contre les principaux types de pertes, y compris les effractions et les ruptures de canalisations. De plus, les polices offertes par Square One incluent automatiquement&nbsp;:<\/p>\r\n\r\n<div>\r\n<div class=\"col-12\">\r\n<ul>\r\n \t<li><span class=\"display-4\"><a title=\"Assurance tous risques contre les d\u00e9g\u00e2ts d'eau\" href=\"\/fr\/habitation\/eau\">Assurance tous risques contre les d\u00e9g\u00e2ts d&rsquo;eau<\/a><\/span><\/li>\r\n \t<li><span class=\"display-4\"><a title=\"Assurance incendie\" href=\"\/fr\/incendie\">Assurance incendie<\/a><\/span><\/li>\r\n \t<li><span class=\"display-4\"><a title=\"Assurance contre le refoulement d'eau\" href=\"\/fr\/habitation\/refoulement-eau\">Assurance contre le refoulement d&rsquo;eau<\/a><\/span><\/li>\r\n<li><span class=\"display-4\">L&rsquo;assurance contre le poids de la neige et de la glace<\/span><\/li>\r\n \t<\/ul>\r\n<\/div>\r\n<\/div>\r\n<p class=\"display-4\"><a href=\"\/fr\/habitation\/grele\" title=\"Assurance contre la gr\u00eale\">L&rsquo;assurance contre la gr\u00eale<\/a> est automatiquement incluse dans la plupart des polices, mais elle est facultative dans certaines zones \u00e0 risque \u00e9lev\u00e9. La plupart des clients sont \u00e9galement admissibles \u00e0 <a title=\"Assurance tremblement de terre\" href=\"\/fr\/habitation\/tremblement-terre\">l&rsquo;assurance contre le tremblements de terre<\/a> et <a title=\"Assurance inondation fluviale\" href=\"https:\/\/www.squareone.ca\/fr\/habitation\/inondation\">l&rsquo;inondation fluviale<\/a>. De plus, les propri\u00e9taires occupants b\u00e9n\u00e9ficient d&rsquo;une <a href=\"\/fr\/centres-ressources\/proprietaire-occupant\/couverture-cout-reparation-reconstruction-garanti\" title=\"Co\u00fbt de r\u00e9paration ou de reconstruction garanti : le guide int\u00e9gral\">couverture pour le co\u00fbt de r\u00e9paration ou de reconstruction garanti<\/a> ainsi que d&rsquo;une protection illimit\u00e9e pour les co\u00fbts suppl\u00e9mentaires engag\u00e9s en raison de modifications du code du b\u00e2timent.<\/p>\r\n\r\n        <\/div>\r\n                    <\/div>\r\n        <div class=\"bg-bottom\"><\/div>\r\n    <\/section>\r\n\r\n<section id=\"body\" class=\"mb-3 xwide-mobile py-6\">\r\n    <div class=\"container-fluid\">\r\n        <div class=\"row\">\r\n            <div class=\"col-12\">\r\n<h2>D\u00e9couvrez les polices d&rsquo;assurance habitation traditionnelles<\/h2>\r\n<p>Malheureusement, le secteur des assurances a une mauvaise r\u00e9putation. Beaucoup de gens pensent que les compagnies d&rsquo;assurance essaient de trouver des moyens de refuser les demandes d&rsquo;indemnisation. En r\u00e9alit\u00e9, la plupart des gens ne disposent tout simplement pas de la protection essentielle dont ils ont besoin. Les assureurs traditionnels proposent le plus souvent les trois types de polices <a href=\"\/fr\/habitation\" title=\"Assurance habittaion\">d&rsquo;assurance habitation<\/a>&nbsp;:<\/p>\r\n<table>\r\n<tbody valign=\"top\">\r\n<tr>\r\n<td width=\"28%\">\r\n<h3>Les risques d\u00e9sign\u00e9s&nbsp;:<\/h3>\r\n<\/td>\r\n<td width=\"2%\"><\/td>\r\n<td class=\"pb-6\">Ces polices pr\u00e9cisent les types de sinistres contre lesquels vous \u00eates prot\u00e9g\u00e9. En g\u00e9n\u00e9ral, il s&rsquo;agit de l&rsquo;incendie ou de la foudre, de l&rsquo;explosion, de la fum\u00e9e, de la chute d&rsquo;objets, de l&rsquo;impact d&rsquo;un a\u00e9ronef ou d&rsquo;un v\u00e9hicule terrestre, des \u00e9meutes, du vandalisme ou des actes malveillants, de certains types de d\u00e9g\u00e2ts d&rsquo;eau, de la temp\u00eate de vent ou de la gr\u00eale, et du vol ou de la tentative de vol. Si votre habitation ou vos biens meubles ne sont pas endommag\u00e9s par l&rsquo;un des types de sinistres sp\u00e9cifi\u00e9s, vous n&rsquo;\u00eates pas prot\u00e9g\u00e9.<\/td>\r\n<\/tr>\r\n<tr>\r\n<td>\r\n<h3>Tous risques&nbsp;:<\/h3>\r\n<\/td>\r\n<td><\/td>\r\n<td class=\"pb-6\">\u00c0 l&rsquo;autre extr\u00e9mit\u00e9 du spectre se trouvent les polices multirisques, \u00e9galement appel\u00e9es polices tous risques. Ces polices vous prot\u00e8gent contre tous les types de sinistres, sauf ceux qui sont sp\u00e9cifiquement exclus. Les pertes ou les dommages dus \u00e0 l&rsquo;usure, aux glissements de terrain ou de neige, aux actes de terrorisme et \u00e0 la guerre sont des exemples des types de pertes g\u00e9n\u00e9ralement exclus des polices multirisques. M\u00eame avec les exclusions, les polices multirisques vous offrent la meilleure protection et vous ne devriez pas vous contenter de moins.<\/td>\r\n<\/tr>\r\n<tr>\r\n<td>\r\n<h3>Formule \u00e9tendue&nbsp;:<\/h3>\r\n<\/td>\r\n<td><\/td>\r\n<td class=\"pb-6\">La meilleure fa\u00e7on de d\u00e9crire les polices \u00e0 formule \u00e9tendue est de dire qu&rsquo;elles offrent une protection compl\u00e8te de votre habitation et une protection contre les risques d\u00e9sign\u00e9s pour vos biens meubles. Bien que cette id\u00e9e puisse sembler int\u00e9ressante, elle est en fait assez b\u00eate. Disons que vous \u00eates en train de peintre votre salon et que vous laissez tomber accidentellement votre t\u00e9l\u00e9viseur en le d\u00e9pla\u00e7ant. Avec une police \u00e0 formule \u00e9tendue, tout dommage \u00e0 vos planchers de bois franc serait couvert, mais pas les dommages \u00e0 votre t\u00e9l\u00e9viseur.<\/td>\r\n<\/tr>\r\n<\/tbody>\r\n<\/table>\r\n<p>C&rsquo;est d\u00e9routant, non? Assurez-vous de v\u00e9rifier que votre police vous offre effectivement une protection compl\u00e8te. Si ce n&rsquo;est pas le cas, vous n&rsquo;\u00eates pas enti\u00e8rement prot\u00e9g\u00e9 et vous serez d\u00e9\u00e7u en cas de sinistre.<\/p>\r\n\r\n<p>M\u00eame si vous avez une police tous risques, vous devez souvent ajouter et payer un suppl\u00e9ment pour les protections essentielles dont vous avez besoin. En fait, la plupart des polices traditionnelles ne fournissent pas automatiquement la protection tous risques contre les <a href=\"\/fr\/centres-ressources\/bases-assurance\/degats-eau\" title=\"Peut-on souscrire une assurance contre les d\u00e9g\u00e2ts d\u2019eau?\">d\u00e9g\u00e2ts d&rsquo;eau<\/a>. Elles n&rsquo;offrent pas non plus une protection suffisante en cas de frais suppl\u00e9mentaires pour reconstruire votre maison conform\u00e9ment aux codes de construction actuels, ce qui signifie que vous pourriez devoir d\u00e9bourser des dizaines de milliers de dollars. Dans tous les cas, vous devez payer un suppl\u00e9ment pour \u00eatre enti\u00e8rement prot\u00e9g\u00e9.<\/p>\r\n            <\/div>\r\n        <\/div>\r\n    <\/div>\r\n<\/section>\r\n\r\n<section class=\"bg-shape-split shape-uuge-blue\">\r\n<div class=\"bg-top\"><\/div>\r\n<div class=\"bg-position\">\r\n\r\n<div class=\"container-fluid\">\r\n<div class=\"row\">\r\n            <div class=\"col-12\">\r\n<h2>Manque de protection critique<\/h2>\r\n<p>Lorsque vous souscrivez une police d&rsquo;assurance habitation, vous passez un contrat avec votre compagnie d&rsquo;assurance. En \u00e9change des primes que vous payez, votre compagnie d&rsquo;assurance s&rsquo;engage \u00e0 vous rembourser les pertes ou les dommages assur\u00e9s par la police. Si vous avez une police \u00e0 risques d\u00e9sign\u00e9s ou \u00e0 formule \u00e9tendue, vous n&rsquo;\u00eates tout simplement pas prot\u00e9g\u00e9 contre tous les types de sinistres. M\u00eame si vous avez une police multirisque, vous devez souvent ajouter et payer sp\u00e9cifiquement une protection essentielle.<\/p>\r\n\r\n<p>Sans la bonne police, il est tr\u00e8s probable que votre compagnie d&rsquo;assurance aura la malheureuse t\u00e2che de vous informer que votre sinistre n&rsquo;est pas couvert alors qu&rsquo;il aurait pu l&rsquo;\u00eatre si vous aviez la bonne police. Vous croyez peut-\u00eatre que la compagnie d&rsquo;assurance devrait r\u00e9gler votre sinsitre quand-m\u00eame. Si elle le faisait, ce ne serait pas juste pour les personnes qui ont mis \u00e0 jour leur police, souscrit la bonne protection et pay\u00e9 la prime la plus \u00e9lev\u00e9e qui en r\u00e9sulte.<\/p>\r\n\r\n<p>Chez Square One, nous faisons de notre mieux pour nous assurer que vous avez la bonne protection contre tous les types de pertes. Nous n&rsquo;offrons qu&rsquo;un seul type de police et elle fournit une large protection contre tous les principaux types de pertes. Le tableau de cette page montre comment notre police offre une meilleure protection que les polices traditionnelles. Et, au fur et \u00e0 mesure que la protection contre de nouveaux types de sinistres devient disponible, nous l&rsquo;inclurons automatiquement pour que vous restiez bien prot\u00e9g\u00e9.<\/p>\r\n\r\n<p>Les polices d&rsquo;assurance habitation visent \u00e0 fournir une protection contre les sinistres les plus courants, mais il est \u00e9vident qu&rsquo;elles ne peuvent pas prot\u00e9ger contre tous les types de sinistres possibles et rester abordables. C&rsquo;est pourquoi chaque police comprend des <a title=\"Initiation aux exclusions d'une police d'assurance habitation\" href=\"\/fr\/centres-ressources\/bases-assurance\/exclusions-police-assurance-habitation\">exclusions<\/a>.<\/p>\r\n<table class=\"table table-sm table-striped table-bordered\">\r\n<thead class=\"thead-dark\">\r\n<tr>\r\n<td class=\"text-center\" style=\"vertical-align: middle;\" scope=\"col\"><strong>Type de protection<\/strong><\/td>\r\n<td class=\"text-center\" style=\"vertical-align: middle;\" scope=\"col\"><strong>Square One<\/strong><\/td>\r\n<td class=\"text-center\" style=\"vertical-align: middle;\" scope=\"col\"><strong>Police<\/strong>\r\n<strong>tous risques<\/strong><\/td>\r\n<td class=\"text-center\" style=\"vertical-align: middle;\" scope=\"col\"><strong>Police formule \u00e9tendue<\/strong><\/td>\r\n<td class=\"text-center\" style=\"vertical-align: middle;\" scope=\"col\"><strong>Police<\/strong>\r\n<strong>risques d\u00e9sign\u00e9s<\/strong><\/td>\r\n<\/tr>\r\n<\/thead>\r\n<tbody>\r\n<tr>\r\n<td>Protection contre tous les types de dommages caus\u00e9s aux b\u00e2timents et aux d\u00e9pendances.<\/td>\r\n<td class=\"text-center\" style=\"vertical-align: middle;\"><strong>Incluse<\/strong><\/td>\r\n<td class=\"text-center\" style=\"vertical-align: middle;\">Incluse<\/td>\r\n<td class=\"text-center\" style=\"vertical-align: middle;\">Incluse<\/td>\r\n<td class=\"text-center\" style=\"vertical-align: middle;\">Non offerte<\/td>\r\n<\/tr>\r\n<tr>\r\n<td>Protection contre tous les types de pertes de biens meubles et sp\u00e9ciaux<\/td>\r\n<td class=\"text-center\" style=\"vertical-align: middle;\"><strong>Incluse<\/strong><\/td>\r\n<td class=\"text-center\" style=\"vertical-align: middle;\">Incluse<\/td>\r\n<td class=\"text-center\" style=\"vertical-align: middle;\">Non offerte<\/td>\r\n<td class=\"text-center\" style=\"vertical-align: middle;\">Non offerte<\/td>\r\n<\/tr>\r\n<tr>\r\n<td>Protection contre le tremblement de terre<\/td>\r\n<td class=\"text-center\" style=\"vertical-align: middle;\"><strong>Facultative<\/strong><\/td>\r\n<td class=\"text-center\" style=\"vertical-align: middle;\">Facultative<\/td>\r\n<td class=\"text-center\" style=\"vertical-align: middle;\">Facultative<\/td>\r\n<td class=\"text-center\" style=\"vertical-align: middle;\">Facultative<\/td>\r\n<\/tr>\r\n<tr>\r\n<td>Protection tous risques contre les d\u00e9g\u00e2ts d&rsquo;eau<\/td>\r\n<td class=\"text-center\" style=\"vertical-align: middle;\"><strong>Incluse<\/strong><\/td>\r\n<td class=\"text-center\" style=\"vertical-align: middle;\">Facultative<\/td>\r\n<td class=\"text-center\" style=\"vertical-align: middle;\">Facultative<\/td>\r\n<td class=\"text-center\" style=\"vertical-align: middle;\">Facultative<\/td>\r\n<\/tr>\r\n<tr>\r\n<td>Protection contre les modifications des codes de construction<\/td>\r\n<td class=\"text-center\" style=\"vertical-align: middle;\"><strong>Sans limite<\/strong><\/td>\r\n<td class=\"text-center\" style=\"vertical-align: middle;\">Limit\u00e9e<\/td>\r\n<td class=\"text-center\" style=\"vertical-align: middle;\">Limit\u00e9e<\/td>\r\n<td class=\"text-center\" style=\"vertical-align: middle;\">Limit\u00e9e<\/td>\r\n<\/tr>\r\n<\/tbody>\r\n<\/table>\r\n        <\/div>\r\n    <\/div>\r\n<\/div>\r\n<\/div>\r\n<\/section>","protected":false},"excerpt":{"rendered":"<p>Obtenez une protection sup\u00e9rieure chez Square One La plupart des assureurs vous font payer un suppl\u00e9ment pour une protection critique. D&rsquo;autres ne prot\u00e8gent que contre des types de sinistres sp\u00e9cifiques. Chez Square One, vous b\u00e9n\u00e9ficiez d&rsquo;une couverture compl\u00e8te qui prot\u00e8ge contre les principaux types de pertes, y compris les effractions et les ruptures de canalisations. [&hellip;]<\/p>\n","protected":false},"author":2,"featured_media":0,"parent":47867,"menu_order":2,"comment_status":"open","ping_status":"closed","template":"","meta":{"_acf_changed":false,"footnotes":""},"class_list":["post-48307","page","type-page","status-publish","hentry"],"acf":[],"_links":{"self":[{"href":"https:\/\/www.squareone.ca\/fr\/wp-json\/wp\/v2\/pages\/48307","targetHints":{"allow":["GET"]}}],"collection":[{"href":"https:\/\/www.squareone.ca\/fr\/wp-json\/wp\/v2\/pages"}],"about":[{"href":"https:\/\/www.squareone.ca\/fr\/wp-json\/wp\/v2\/types\/page"}],"author":[{"embeddable":true,"href":"https:\/\/www.squareone.ca\/fr\/wp-json\/wp\/v2\/users\/2"}],"replies":[{"embeddable":true,"href":"https:\/\/www.squareone.ca\/fr\/wp-json\/wp\/v2\/comments?post=48307"}],"version-history":[{"count":15,"href":"https:\/\/www.squareone.ca\/fr\/wp-json\/wp\/v2\/pages\/48307\/revisions"}],"predecessor-version":[{"id":78980,"href":"https:\/\/www.squareone.ca\/fr\/wp-json\/wp\/v2\/pages\/48307\/revisions\/78980"}],"up":[{"embeddable":true,"href":"https:\/\/www.squareone.ca\/fr\/wp-json\/wp\/v2\/pages\/47867"}],"wp:attachment":[{"href":"https:\/\/www.squareone.ca\/fr\/wp-json\/wp\/v2\/media?parent=48307"}],"curies":[{"name":"wp","href":"https:\/\/api.w.org\/{rel}","templated":true}]}}