{"id":48490,"date":"2021-07-27T12:17:16","date_gmt":"2021-07-27T19:17:16","guid":{"rendered":"https:\/\/www.squareone.ca\/assurance-usurpation-identite"},"modified":"2025-01-14T10:03:52","modified_gmt":"2025-01-14T18:03:52","slug":"assurance-usurpation-identite","status":"publish","type":"page","link":"https:\/\/www.squareone.ca\/fr\/habitation\/usurpation-identite","title":{"rendered":"Assurance usurpation d\u2019identit\u00e9"},"content":{"rendered":"<section class=\"bg-shape-split bg-sub-page-hero\">\r\n\t<div class=\"bg-position\">\r\n\t\t<div class=\"container-fluid\">\r\n\t\t\t<h1>Assurance usurpation d\u2019identit\u00e9<\/h1>\r\n\t\t\t<p class=\"display-4\">Vous vous \u00eates d\u00e9j\u00e0 fait voler votre portefeuille? Ou perdu du courrier de votre bo\u00eete \u00e0 lettres? Il est possible que vous soyez victime de l\u2019usurpation d\u2019identit\u00e9. Les voleurs peuvent acc\u00e9der \u00e0 vos renseignements personnels de nombreuses fa\u00e7ons\u00a0:<\/p>\t \t \r\n\t\t\t<div class=\"display-4\">\r\n\t\t\t<ul>\t \t \r\n\t\t\t\t<li>En volant des factures d\u2019Hydro de votre bo\u00eete \u00e0 lettres.<\/li>\t \t \r\n\t\t\t\t<li>En \u00e9coutant pendant que vous donnez votre num\u00e9ro de carte de cr\u00e9dit au t\u00e9l\u00e9phone dans un lieu public.<\/li>\t \t \r\n\t\t\t\t<li>En photographiant votre carte bancaire pendant que vous magasinez ou utilisez un guichet automatique.<\/li>\t \t \r\n\t\t\t\t<li>En volant des documents de votre maison, comme les passeports ou les d\u00e9clarations de revenus.<\/li>\t \t \r\n\t\t\t\t<li>En fouillant dans les vidanges ou dans les bennes \u00e0 rebuts, \u00e0 la recherche des ch\u00e8ques annul\u00e9s ou des relev\u00e9s bancaires.<\/li>\t \t \r\n\t\t\t<\/ul>\r\n\t\t\t<\/div> \t \r\n\t\t<p class=\"display-4\">Malheureusement, vous pouvez vous faire voler votre identit\u00e9 de plusieurs mani\u00e8res. Afin de vous prot\u00e9ger ad\u00e9quatement, recherchez une police d\u2019assurance habitation qui vous offre une couverture pour l\u2019usurpation d\u2019identit\u00e9. Vous trouverez ci-dessous de plus amples renseignements sur l\u2019assurance usurpation d\u2019identit\u00e9.<\/p>\r\n\t\t<\/div>\r\n\t<\/div>\r\n\t<div class=\"bg-bottom\"><\/div>\r\n<\/section>\r\n\r\n<section id=\"body\" class=\"mb-3 xwide-mobile py-6\">\r\n\t<div class=\"container-fluid\">\r\n\r\n\t\t<table width=\"100%\">\r\n\t\t<tbody valign=\"top\">\r\n\t\t<tr>\r\n\t\t<td width=\"28%\">\r\n\t\t<h3>L\u2019assurance habitation couvre-t-elle l\u2019usurpation d\u2019identit\u00e9?<\/h3>\r\n\t\t<\/td>\r\n\t\t<td width=\"2%\"><\/td>\r\n\t\t<td class=\"pb-6\">\r\n\t\t<p>R\u00e9cemment, bon nombre de fournisseurs d\u2019assurance habitation commencent \u00e0 offrir une protection contre l\u2019usurpation d\u2019identit\u00e9. Souvent, cette protection est offerte \u00e0 titre de couverture facultative avec une limitation sp\u00e9cifique. Moyennant un suppl\u00e9ment, vous pouvez ajouter cette couverture \u00e0 votre police. <strong>Chez Square One, vous pouvez ajouter \u00e0 votre police <a href=\"\/fr\/habitation\" title=\"Assurance habitation\">d\u2019assurance habitation<\/a> une couverture pour usurpation d\u2019identit\u00e9 \u00e0 1,67\u00a0$\/mois seulement.<\/strong><\/p>\r\n\t\t<\/td>\r\n\t\t<\/tr>\r\n\r\n\t\t<tr>\r\n\t\t<td>\r\n\t\t<h3>Que couvre l\u2019assurance usurpation d\u2019identit\u00e9?<\/h3>\r\n\t\t<\/td>\r\n\t\t<td><\/td>\r\n\t\t<td class=\"pb-6\">\r\n\t\t<p> L\u2019assurance usurpation d\u2019identit\u00e9 couvre les pertes d\u00e9coulant de ce qui suit\u00a0\t \t \r\n\t\t\t\t <ul>\t \t \r\n\t\t\t\t\t <li>L\u2019usurpation de votre identit\u00e9 ou de votre cr\u00e9dit ou l\u2019acc\u00e8s ill\u00e9gal \u00e0 votre identit\u00e9 ou \u00e0 votre cr\u00e9dit;<\/li>\t \t \r\n\t\t\t\t\t <li> Le vol ou l\u2019utilisation non autoris\u00e9e de vos cartes de cr\u00e9dit ou de d\u00e9bit;<\/li>\t \t \r\n\t\t\t\t\t <li>Le transfert ou le retrait frauduleux de fonds d\u2019un compte bancaire;<\/li>\t \t \r\n\t\t\t\t\t <li> La contrefa\u00e7on ou la modification de ch\u00e8ques, de lettres de change ou d\u2019autres titres n\u00e9gociables; et<\/li>\t \t \r\n\t\t\t\t\t <li>Votre acceptation, de bonne foi, de monnaie de papier canadienne contrefaite.<\/li>\t \t \r\n\t\t\t\t <\/ul>\t \t \r\n\t\t\t\t<p> Avant de souscrire une assurance usurpation d\u2019identit\u00e9, vous devez vous assurer qu\u2019il y a une couverture pour les frais raisonnables pour r\u00e9soudre les probl\u00e8mes de cr\u00e9dit, non seulement les frais des achats effectu\u00e9s par l\u2019entremise de votre carte de cr\u00e9dit. Ces frais comprennent les frais juridiques pour blanchir votre nom, r\u00e9tablir vos donn\u00e9es de cr\u00e9dit, supprimer votre casier judiciaire, rectifier vos rapports de solvabilit\u00e9 et rectifier des jugements civils contre vous. Par ailleurs, si vous avez besoin de prendre un cong\u00e9 de votre emploi pour r\u00e9gler des probl\u00e8mes d\u2019usurpation d\u2019identit\u00e9, vous pouvez souscrire une couverture pour vos revenus perdus.<\/p>\t \t \r\n\t\t\t\t<p><strong>Chez Square One, vous pouvez ajouter \u00e0 votre police d\u2019assurance habitation de 10\u00a0000\u00a0$ \u00e0 50\u00a0000\u00a0$ de protection contre l\u2019usurpation d\u2019identit\u00e9.<\/strong><\/p>\r\n\t\t<\/td>\r\n\t\t<\/tr>\r\n\r\n\t\t<tr>\r\n\t\t<td>\r\n\t\t<h3>Combien co\u00fbte-t-elle l\u2019assurance usurpation d\u2019identit\u00e9?<\/h3>\r\n\t\t<\/td>\r\n\t\t<td><\/td>\r\n\t\t<td class=\"pb-6\">\r\n\t\t<p>Le co\u00fbt de souscrire une assurance usurpation d\u2019identit\u00e9 est n\u00e9gligeable comparativement aux frais que vous pouvez engager sans cette assurance. Le co\u00fbt varie selon le montant de couverture souscrite.<\/p>\t \t \r\n\t\t<p><strong>Chez Square One, 10\u00a0000\u00a0$ de protection contre l\u2019usurpation d\u2019identit\u00e9 co\u00fbte 1,67\u00a0$\/mois seulement.<\/strong><\/p>\r\n\t\t<\/td>\r\n\t\t<\/tr>\r\n\r\n\t\t<tr>\r\n\t\t<td>\r\n\t\t<h3>Quelle est la franchise de l\u2019assurance d\u2019usurpation d\u2019identit\u00e9?<\/h3>\r\n\t\t<\/td>\r\n\t\t<td><\/td>\r\n\t\t<td>\r\n\t\t<p>En toute probabilit\u00e9, la franchise sera \u00e9gale \u00e0 la franchise de base de votre police. N\u2019oubliez pas que, dans la plupart des cas, vous pouvez augmenter votre franchise pour r\u00e9duire votre prime.<\/p>\r\n\t\t<\/td>\r\n\t\t<\/tr>\r\n\t<\/tbody>\r\n<\/table>\r\n<\/div>\r\n<\/section>\r\n\r\n\t<section class=\"cta-with-illustration bg-shape py-lg-0 bg-transparent\">\n\t\t<img decoding=\"async\" src=\"\/sales\/images\/bgs\/bg-mid-page-cta-top.svg\" style=\"width: 100%; max-height: 80px; position: relative; top: 1px;\" \/>\n\t\t\n\t\t<div class=\"w-100 bg-darkTeal\">\n\t\t\t<div class=\"container-fluid h-100\">\n\t\t\t\t<div class=\"row d-flex align-items-center h-100\">\n\t\t\t\t\t<div class=\"col-12 col-md-5 col-lg-6 col-xl-5 illustration text-center text-lg-left\">\n\t\t\t\t\t\t<img decoding=\"async\" src=\"\/sales\/images\/illustrations\/illustration-working-at-computer.png\" class=\"mw-100\" width=\"398\" loading=\"lazy\" alt=\"Illustration d\u2019une personne travaillant devant un ordinateur\">\n\t\t\t\t\t<\/div>\n\t\n\t\t\t\t\t<div class=\"col-12 col-md-7 col-lg-6 col-xl-7 pb-5 pb-lg-0\">\n\t\t\t\t\t\t<div class=\"h6 mb-4 text-primary text-uppercase\">Cela ne prend que 5\u00a0minutes <\/div>\n\t\t\t\t\t\t<div class=\"h3 text-uc-first text-white\">Pr\u00eat \u00e0 obtenir une soumission en ligne?<\/div>\n\t\t\t\t\t\t<p class=\"mw-lg-80 text-uc-first text-white\">Votre temps est aussi pr\u00e9cieux que vos possessions. Obtenez une soumission d'assurance logement en <strong>5 minutes<\/strong>. C\u2019est moins de temps qu\u2019il n\u2019en faut pour faire la file pour un caf\u00e9.<\/p>\n\t\t\t\t\t\t<div id=\"sq1-qw-b8532ddf4a98\" class=\"sq1-quote-widget text-white\" data-quote-widget-type=\"HOME\" data-has-custom-text=\"true\">\n\t\t\t\t\t\t\t<div class=\"input-group input-group-focus-within bg-white my-4\">\n\t\t\t\t\t\t\t\t<div>\n\t\t\t\t\t\t\t\t\t<div class=\"input-group-text\"><i class=\"fa fa-map-marker text-black\"><\/i><\/div>\n\t\t\t\t\t\t\t\t<\/div>\n\t\t\t\t\t\t\t\t<input type=\"text\" class=\"form-control\" placeholder=\"Inscrire votre adresse \" aria-label=\"Inscrire votre adresse \">\n\t\t\t\t\t\t\t\t<div>\n\t\t\t\t\t\t\t\t\t<button class=\"btn btn-primary\" type=\"button\">Obtenir une soumission <\/button>\n\t\t\t\t\t\t\t\t<\/div>\n\t\t\t\t\t\t\t<\/div>\n\t\t\t\t\t\t<\/div>\n\t\t\t\t\t\t<p class=\"small text-white\">Avant de commencer, veuillez lire notre <a href=\"https:\/\/www.squareone.ca\/fr\/politique-confidentialite\" target=\"_blank\" rel=\"noreferrer noopener\">Politique de confidentialit\u00e9<\/a> et nos <a href=\"https:\/\/www.squareone.ca\/fr\/conditions-utilisation\" target=\"_blank\" rel=\"noreferrer noopener\">Conditions d\u2019utilisation<\/a>.<\/p>\t\t\t\t\t\n\t\t\t\t\t<\/div>\n\t\t\t\t<\/div>\n\t\t\t<\/div>\n\t\t<\/div>\t\t\t\n\t\t\n\t\t<img decoding=\"async\" src=\"\/sales\/images\/bgs\/bg-mid-page-cta-bottom.svg\" style=\"width: 100%; max-height: 80px\" \/>\n\t<\/section>\r\n\t<section id=\"populate_recent_reviews\" class=\"reviews bg-shape overflow-hidden\">\n\t    <div class=\"container-fluid\">\n\t        <div v-show=\"showLoader\" class=\"text-center mt-6 mb-0\">\n                <div class=\"spinner-border text-primary\" role=\"status\">\n                    <span class=\"visually-hidden\">Loading...<\/span>\n                <\/div>\n            <\/div>\n\t        <div class=\"row\" v-show=\"!showLoader\">\n\t            <div class=\"col-12 col-lg-3 offset-lg-1\">\n\t                <div class=\"h6 mb-3 text-secondary-alt text-uppercase\">\n\t                \tCe que disent nos clients \n                    <\/div>\n\t                <div class=\"mb-4\">\n\t                \t<span class=\"display-1\">{{ totalReviews }}<\/span>\n\t                \t<div class=\"small\">\u00c9valuations v\u00e9rifi\u00e9es <\/div>\n                    <\/div>\n\t                <p>Ne nous croyez pas sur parole. Voici un aper\u00e7u des \u00e9valuations qui alimentent notre cote moyenne de {{ avgScore }} \u00e9toiles sur 5. Vous voulez en lire plus?\nConsulter notre <a href=\"https:\/\/www.squareone.ca\/fr\/evaluations\">page d\u2019\u00e9valuations<\/a>.<\/p>\n\t            <\/div>\n\t            <div class=\"col-12 col-lg-8 pt-4\">\n\t                <div class=\"reviews-carousel w-100\" aria-label=\"Glissez pour voir plus d\u2019\u00e9valuations\">\n\t                    <div class=\"carousel-cell col-12 col-lg-6\" v-for=\"(review,index) in reviews\" :key=\"index\">\n                            <div class=\"card review mb-4\">\n                                <div class=\"card-body\">\n                                    <div class=\"h3\">{{ review.ReviewTitle }}<\/div>\n                                      <div class=\"rating small mb-3\" v-if=\"review.ReviewRating\">\n                                            <span v-for=\"n in 5\">\n                                                <i v-if=\"n <= review.ReviewRating\" class=\"fa fa-star\"><\/i>\n                                                <i v-else class=\"fa fa-star-o\"><\/i>\n                                            <\/span>\n                                    <\/div>\n                                    <div class=\"rating small mb-3\" v-else>\n                                            <span v-for=\"n in 5\">\n                                              <i class=\"fa fa-star-o\"><\/i>\n                                            <\/span>\n                                    <\/div>\n                                    <p>{{ review.SummaryText }}<\/p>\n                                    <div class=\"review-footer\">\n                                        <div class=\"date small text-muted float-end pt-1\">{{ review.ReviewedAt }}<\/div>\n                                        <span class=\"fw-bold me-3\">{{ review.ReviewerName }}<\/span>\n                                        <span class=\"text-muted\">{{ review.ReviewerCity }}, {{ review.ProvinceId }}<\/span>\n                                    <\/div>\n                                   \n                                <\/div>\n                            <\/div>\n                        <\/div>\n                    <\/div>\n                <\/div>\n                <div class=\"col-12 flickity-custom-buttons\"><\/div>\n            <\/div>\n        <\/div>\n\t<\/section>\n\n    <script src=\"https:\/\/cdn.jsdelivr.net\/npm\/vue@2.6.11\/dist\/vue.min.js\"\n        integrity=\"sha384-OZmxTjkv7EQo5XDMPAmIkkvywVeXw59YyYh6zq8UKfkbor13jS+5p8qMTBSA1q+F\"\n        crossorigin=\"anonymous\"><\/script>\n    <script src=\"https:\/\/cdn.jsdelivr.net\/npm\/axios@1.8.4\/dist\/axios.min.js\" \n        integrity=\"sha384-06w+raHvkSL3+E7mbQ2X6DZwI5A3veU8Ba+NLrAPxxRGw4Xy78sihHDHQMustMM4\" \n        crossorigin=\"anonymous\"><\/script>\n\n<script type=\"text\/javascript\">\n    new Vue({\n        el: '#populate_recent_reviews',\n        data: {\n            reviews: [],\n            totalReviews: 0,\n            avgScore: 0,         \n            showLoader: false,\n        },\n     \n        methods: {\n            getReviews : function() {\n                var self = this;\n                var url = '\/sales\/index.php\/customerReview\/getHighlightedReviews';\n                \n                self.reviews = [];\n                self.showLoader = true;\n\n                axios.get(url, {\n                    params: {\n                        culture: \"fr_CA\",                        \n                    }\n                })\n                .then(response => {\n                    self.totalReviews = response.data.totalReviews;\n                    self.avgScore = response.data.avgScore;\n                  \n                    if (response.data.results.length) {\n                        self.reviews = response.data.results;\n                    }\n                    self.showLoader = false;\n                })\n                .catch(error => {\n                    self.showLoader = false;\n                    console.log(error);\n                });\n            }          \n        },\n        mounted: function () {\n            this.getReviews();\n        }\n    });\n<\/script>\r\n\t<section class=\"footer-cta bg-shape mt-6\">\n\t    <div class=\"container-fluid\">\n\t        <div class=\"row\">\n\t            <div class=\"col-10 offset-1 col-lg-8 offset-lg-2 text-center\">\n\t                <div class=\"h6 text-secondary-alt text-uppercase mb-4\">vous \u00eates en bonne compagnie <\/div>\n\t                <div class=\"h2 text-uc-first mb-4\">Joignez-vous \u00e0 plus de 3 000 000 de clients qui ont re\u00e7u une soumission en assurance habitation de notre part.<\/div>\n\t\t\t\t\t<div id=\"sq1-qw-3d5c20101f4c\" class=\"sq1-quote-widget\" data-quote-widget-type=\"HOME\" data-has-custom-text=\"true\" style=\"min-height: 68px; height: auto\"><\/div>\n\t                <p class=\"text-uc-first\">D\u00e9couvrez \u00e0 quel point l'assurance logement est abordable \u00e0 l'aide d'une soumission en ligne en 5 minutes.<\/p>\n\t                <p class=\"text-light small text-uc-first\">Avant de commencer, veuillez lire notre <a href=\"https:\/\/www.squareone.ca\/fr\/politique-confidentialite\" target=\"_blank\" rel=\"noreferrer noopener\">Politique de confidentialit\u00e9<\/a> et nos <a href=\"https:\/\/www.squareone.ca\/fr\/conditions-utilisation\" target=\"_blank\" rel=\"noreferrer noopener\">Conditions d\u2019utilisation<\/a>.<\/p>\n\t            <\/div>\n\t        <\/div>\n\t    <\/div>\n\t    <div class=\"locations position-absolute fw-bold w-100 text-center pb-6 px-3\">Une compagnie canadienne exploit\u00e9e par des Canadiens. Nous offrons nos services au <a href=\"\/fr\/habitation\/quebec\" class=\"text-grey-900 text-decoration-none\">Qu\u00e9bec<\/a>, en Colombie-Britannique, en Alberta, en Saskatchewan, au Manitoba et en Ontario.<\/div>\n\t<\/section>\r\n<script type=\"application\/ld+json\">\r\n{\r\n  \"@context\": \"https:\/\/schema.org\",\r\n  \"@type\": \"FAQPage\",\r\n  \"mainEntity\": [{\r\n    \"@type\": \"Question\",\r\n    \"name\": \"L\u2019assurance habitation couvre-t-elle l\u2019usurpation d\u2019identit\u00e9?\",\r\n    \"acceptedAnswer\": {\r\n      \"@type\": \"Answer\",\r\n      \"text\": \"R\u00e9cemment, bon nombre de fournisseurs d\u2019assurance habitation commencent \u00e0 offrir une protection contre l\u2019usurpation d\u2019identit\u00e9. Souvent, cette protection est offerte \u00e0 titre de couverture facultative avec une limitation sp\u00e9cifique. Moyennant un suppl\u00e9ment, vous pouvez ajouter cette couverture \u00e0 votre police.\"\r\n    }\r\n  },{\r\n    \"@type\": \"Question\",\r\n    \"name\": \"Que couvre l\u2019assurance usurpation d\u2019identit\u00e9?\",\r\n    \"acceptedAnswer\": {\r\n      \"@type\": \"Answer\",\r\n      \"text\": \"L\u2019assurance usurpation d\u2019identit\u00e9 couvre les pertes d\u00e9coulant de ce qui suit : le vol ou l\u2019acc\u00e8s ill\u00e9gal \u00e0 votre identit\u00e9 ou \u00e0 votre cr\u00e9dit; le vol ou utilisation non autoris\u00e9e de vos cartes de cr\u00e9dit ou de d\u00e9bit; le transfert ou retrait frauduleux de fonds d\u2019un compte bancaire; la contrefa\u00e7on ou de la modification de ch\u00e8ques, de lettres de change ou d\u2019autres titres n\u00e9gociables; et; et votre acceptation, de bonne foi, de devises papier contrefaites.\"\r\n    }\r\n  },{\r\n    \"@type\": \"Question\",\r\n    \"name\": \"Combien co\u00fbte-t-elle l\u2019assurance usurpation d\u2019identit\u00e9?\",\r\n    \"acceptedAnswer\": {\r\n      \"@type\": \"Answer\",\r\n      \"text\": \"Le co\u00fbt de souscrire une assurance usurpation d\u2019identit\u00e9 est n\u00e9gligeable comparativement aux frais que vous pouvez engager sans cette assurance. Le co\u00fbt varie selon le montant de couverture souscrite.\"\r\n    }\r\n  },{\r\n    \"@type\": \"Question\",\r\n    \"name\": \"Quelle est la franchise de l\u2019assurance d\u2019usurpation d\u2019identit\u00e9?\",\r\n    \"acceptedAnswer\": {\r\n      \"@type\": \"Answer\",\r\n      \"text\": \"En toute probabilit\u00e9, la franchise sera \u00e9gale \u00e0 la franchise de base de votre police. N\u2019oubliez pas que, dans la plupart des cas, vous pouvez augmenter votre franchise pour r\u00e9duire votre prime.\"\r\n    }\r\n  }]\r\n}\r\n<\/script>\r\n","protected":false},"excerpt":{"rendered":"<p>Assurance usurpation d\u2019identit\u00e9 Vous vous \u00eates d\u00e9j\u00e0 fait voler votre portefeuille? Ou perdu du courrier de votre bo\u00eete \u00e0 lettres? Il est possible que vous soyez victime de l\u2019usurpation d\u2019identit\u00e9. Les voleurs peuvent acc\u00e9der \u00e0 vos renseignements personnels de nombreuses fa\u00e7ons\u00a0: En volant des factures d\u2019Hydro de votre bo\u00eete \u00e0 lettres. En \u00e9coutant pendant que [&hellip;]<\/p>\n","protected":false},"author":2,"featured_media":0,"parent":48512,"menu_order":0,"comment_status":"open","ping_status":"closed","template":"","meta":{"_acf_changed":false,"footnotes":""},"class_list":["post-48490","page","type-page","status-publish","hentry"],"acf":[],"_links":{"self":[{"href":"https:\/\/www.squareone.ca\/fr\/wp-json\/wp\/v2\/pages\/48490","targetHints":{"allow":["GET"]}}],"collection":[{"href":"https:\/\/www.squareone.ca\/fr\/wp-json\/wp\/v2\/pages"}],"about":[{"href":"https:\/\/www.squareone.ca\/fr\/wp-json\/wp\/v2\/types\/page"}],"author":[{"embeddable":true,"href":"https:\/\/www.squareone.ca\/fr\/wp-json\/wp\/v2\/users\/2"}],"replies":[{"embeddable":true,"href":"https:\/\/www.squareone.ca\/fr\/wp-json\/wp\/v2\/comments?post=48490"}],"version-history":[{"count":4,"href":"https:\/\/www.squareone.ca\/fr\/wp-json\/wp\/v2\/pages\/48490\/revisions"}],"predecessor-version":[{"id":74274,"href":"https:\/\/www.squareone.ca\/fr\/wp-json\/wp\/v2\/pages\/48490\/revisions\/74274"}],"up":[{"embeddable":true,"href":"https:\/\/www.squareone.ca\/fr\/wp-json\/wp\/v2\/pages\/48512"}],"wp:attachment":[{"href":"https:\/\/www.squareone.ca\/fr\/wp-json\/wp\/v2\/media?parent=48490"}],"curies":[{"name":"wp","href":"https:\/\/api.w.org\/{rel}","templated":true}]}}