{"id":48512,"date":"2021-07-27T15:41:08","date_gmt":"2021-07-27T22:41:08","guid":{"rendered":"https:\/\/www.squareone.ca\/types-police"},"modified":"2026-03-25T21:22:01","modified_gmt":"2026-03-26T04:22:01","slug":"types-police","status":"publish","type":"page","link":"https:\/\/www.squareone.ca\/fr\/types-police","title":{"rendered":"Types de polices"},"content":{"rendered":"<main class=\"page-policy-types\">\r\n\t<section class=\"bg-shape-split bg-sub-page-hero\">\r\n\t\t<div class=\"bg-position\">\r\n\t\t\t<div class=\"container-fluid\">\r\n\t\t\t\t<div class=\"row align-items-center\">\r\n\t\t\t\t\t<div class=\"col-12 col-lg-5 offset-lg-1\">\r\n\t\t\t\t\t\t<div class=\"jumbotron px-0 mb-0 mb-md-4 text-left pb-0 pt-sm-0 pt-md-7\">\r\n\t\t\t\t\t\t\t<div class=\"caption w-100\">\r\n\t\t\t\t\t\t\t\t<div class=\"h6 mb-4 text-secondary-alt text-uppercase\">Types de police d\u2019assurance<\/div>\r\n\t\t\t\t\t\t\t\t<h1 class=\"mb-3\">Nous avons les types de police pour combler vos besoins<\/h1>\r\n\t\t\t\t\t\t\t\t<p class=\"jumbotron-footer mb-4\">\u00cates-vous propri\u00e9taire occupant ou louez-vous votre habitation? Assurez-vous votre r\u00e9sidence principale ou une propri\u00e9t\u00e9 de vacances? Assurez-vous une maison non attenante ou un appartement? Quelle que soit votre situation, vous pouvez trouver une police qui comblera vos besoins. Cliquez ci-dessous pour d\u00e9couvrir tous les d\u00e9tails sur le type de police dont vous avez besoin.<\/p>\r\n\t\t\t\t\t\t\t\t<a href=\"#policies\"><img loading=\"lazy\" decoding=\"async\" src=\"\/sales\/images\/icons\/icon-arrow-down.svg\" alt=\"Ic\u00f4ne de fl\u00e8che descendante\" width=\"16\" height=\"16\"><\/a>\r\n\t\t\t\t\t\t\t<\/div>\r\n\t\t\t\t\t\t<\/div>\r\n\t\t\t\t\t<\/div>\r\n\t\t\t\t\t<div class=\"col-12 col-lg-6\">\r\n\t\t\t\t\t\t<img decoding=\"async\" src=\"\/sales\/images\/illustrations\/illustration-suburbs-neighbourhood.png\" alt=\"Illustration d\u2019un quartier de banlieue\" class=\"hero mb-lg-5 ml-lg-5 mt-lg-5 pt-lg-5\">\r\n\t\t\t\t\t<\/div>\t\t\t\t\r\n\t\t\t\t<\/div>\r\n\t\t\t<\/div>\r\n\t\t<\/div>\r\n\t\t<div class=\"bg-bottom\"><\/div>\r\n\t<\/section>\r\n\r\n\t<section id=\"policies\" class='py-6'>\r\n\t\t<div class=\"container-fluid\">\r\n<div class=\"row\">\r\n\t\t\t<div class=\"col-12 col-lg-11 mb-6 offset-lg-1\">\r\n\t\t\t\t\t\t\r\n\t\t\t\t<h2>Polices offertes par Square One<\/h2>\r\n\t\t\t\t<p class=\"display-4\">\u00cates-vous propri\u00e9taire occupant ou louez-vous votre habitation? Assurez-vous votre r\u00e9sidence principale ou une propri\u00e9t\u00e9 de vacances? Assurez-vous une maison non attenante ou un appartement? Quelle que soit votre situation, vous pouvez trouver une police qui comblera vos besoins. Cliquez ci-dessous pour d\u00e9couvrir tous les d\u00e9tails sur le type de police dont vous avez besoin.<\/p>\r\n\r\n<\/div>\t\t\t\r\n<\/div>\r\n\t\t\t<div class=\"row\">\r\n\t\t\t\t<div class=\"col-12 col-md-6 col-lg-4 mb-4\">\r\n\t\t\t\t\t<div class=\"card review\">\r\n\t\t\t\t\t\t<div class=\"card-body\">\r\n\t\t\t\t\t\t\t<img decoding=\"async\" src=\"\/sales\/images\/icons\/icon-detached-house.svg\" class=\"mb-4\" alt=\"Ic\u00f4ne de maison individuelle\" width=\"43\">\r\n\t\t\t\t\t\t\t<div class=\"h3 mb-2\">Maison non attenante<\/div>\r\n\t\t\t\t\t\t\t<p>Une protection int\u00e9grale pour votre habitation et vos biens meubles en 5\u00a0minutes Personnalisez votre police d\u2019assurance maison pour combler vos besoins uniques. Une protection pratique \u00e0 un tarif fantastique.<\/p>\r\n\t\t\t\t\t\t\t<a href=\"\/fr\/maison\" title=\"Assurance maison\" class=\"arrow-link\">Lisez la suite<\/a>\r\n\t\t\t\t\t\t<\/div>\r\n\t\t\t\t\t<\/div>\r\n\t\t\t\t<\/div>\r\n\r\n<div class=\"col-12 col-md-6 col-lg-4 mb-4\">\r\n\t\t\t\t\t<div class=\"card review\">\r\n\t\t\t\t\t\t<div class=\"card-body\">\r\n\t\t\t\t\t\t\t<img decoding=\"async\" src=\"\/sales\/images\/icons\/icon-car.svg\" class=\"mb-4\" alt=\"Ic\u00f4ne d'auto\" width=\"43\">\r\n\t\t\t\t\t\t\t<div class=\"h3 mb-2\">Auto<\/div>\r\n\t\t\t\t\t\t\t<p>Peu importe la mani\u00e8re dont vous utiliesez votre auto, vous avez besoin de la bonne protection. Souscrivez une couverture personnalis\u00e9e adapt\u00e9e \u00e0 vos besoins en quelques minutes avec des polices \u00e0 partir de 67\u00a0$\/mois.<\/p>\r\n\t\t\t\t\t\t\t<a href=\"\/fr\/auto\" class=\"arrow-link\">Lisez la suite<\/a>\r\n\r\n<\/div>\r\n\t\t\t\t\t<\/div>\r\n\t\t\t\t<\/div>\r\n\r\n\t\t\t\t<div class=\"col-12 col-md-6 col-lg-4 mb-4\">\r\n\t\t\t\t\t<div class=\"card review\">\r\n\t\t\t\t\t\t<div class=\"card-body\">\r\n\t\t\t\t\t\t\t<img decoding=\"async\" src=\"\/sales\/images\/icons\/icon-condo.svg\" class=\"mb-4\" alt=\"Ic\u00f4ne de copropri\u00e9t\u00e9\" width=\"43\">\r\n\t\t\t\t\t\t\t<div class=\"h3 mb-2\">Copropri\u00e9t\u00e9<\/div>\r\n\t\t\t\t\t\t\t<p>Les copropri\u00e9taires ont des besoins particuliers. En plus de prot\u00e9ger vos biens meubles, vous voulez une couverture pour les am\u00e9liorations apport\u00e9es \u00e0 votre copropri\u00e9t\u00e9 et les dommages aux autres copropri\u00e9t\u00e9s.<\/p>\r\n\t\t\t\t\t\t\t<a href=\"\/fr\/coproprietaire\" title=\"Assurance copropri\u00e9taire\" class=\"arrow-link\">Lisez la suite<\/a>\r\n\t\t\t\t\t\t<\/div>\r\n\t\t\t\t\t<\/div>\r\n\t\t\t\t<\/div>\r\n\r\n\t\t\t\t<div class=\"col-12 col-md-6 col-lg-4 mb-4\">\r\n\t\t\t\t\t<div class=\"card review\">\r\n\t\t\t\t\t\t<div class=\"card-body\">\r\n\t\t\t\t\t\t\t<img decoding=\"async\" src=\"\/sales\/images\/icons\/icon-rental.svg\" class=\"mb-4\" alt=\"Ic\u00f4ne de bien immobilier locatif\" width=\"43\">\r\n\t\t\t\t\t\t\t<div class=\"h3 mb-2\">Bien immobilier locatif<\/div>\r\n\t\t\t\t\t\t\t<p>Il est plus difficile d\u2019assurer les biens immobiliers locatifs comparativement \u00e0 une r\u00e9sidence principale. Ce n\u2019est pas le cas chez nous. Nous avons facilit\u00e9 la souscription de vos biens immobiliers locatifs.<\/p>\r\n\t\t\t\t\t\t\t<a href=\"https:\/\/www.squareone.ca\/rental-property\" title=\"Assurance pour biens immobiliers locatifs\" class=\"arrow-link\">Lisez la suite<\/a>\r\n\t\t\t\t\t\t<\/div>\r\n\t\t\t\t\t<\/div>\r\n\t\t\t\t<\/div>\r\n\r\n\t\t\t\t<div class=\"col-12 col-md-6 col-lg-4 mb-4\">\r\n\t\t\t\t\t<div class=\"card review\">\r\n\t\t\t\t\t\t<div class=\"card-body\">\r\n\t\t\t\t\t\t\t<img decoding=\"async\" src=\"\/sales\/images\/icons\/icon-tenant.svg\" class=\"mb-4\" alt=\"Ic\u00f4ne de locataire\" width=\"43\">\r\n\t\t\t\t\t\t\t<div class=\"h3 mb-2\">Locataires<\/div>\r\n\t\t\t\t\t\t\t<p>Si vous louez votre habitation, vous savez qu\u2019il y a tr\u00e8s peu de choses plus importantes que l\u2019assurance locataire. Avec des polices \u00e0 partir de 15\u00a0$\/mois, vous pouvez facilement prot\u00e9ger vos possessions les plus pr\u00e9cieuses.<\/p>\r\n\t\t\t\t\t\t\t<a href=\"\/fr\/locataires\" title=\"Assurance locataire\" class=\"arrow-link\">     Lisez la suite<\/a>\r\n\t\t\t\t\t\t<\/div>\r\n\t\t\t\t\t<\/div>\r\n\t\t\t\t<\/div>\r\n\t\t\t\t\r\n\t\t\t\t<div class=\"col-12 col-md-6 col-lg-4 mb-4\">\r\n\t\t\t\t\t<div class=\"card review\">\r\n\t\t\t\t\t\t<div class=\"card-body\">\r\n\t\t\t\t\t\t\t<img decoding=\"async\" src=\"\/sales\/images\/icons\/icon-semi.svg\" class=\"mb-4\" alt=\"Ic\u00f4ne de maison jumel\u00e9e ou duplex\" width=\"43\">\r\n\t\t\t\t\t\t\t<div class=\"h3 mb-2\">Maison jumel\u00e9e ou duplex<\/div>\r\n\t\t\t\t\t\t\t<p>Le type d\u2019assurance habitation dont vous avez besoin \u00e0 titre de propri\u00e9taire de maison jumel\u00e9e d\u00e9pend de la mani\u00e8re dont la propri\u00e9t\u00e9 a \u00e9t\u00e9 enregistr\u00e9e. Les deux types les plus courants s\u2019appellent titre franc et copropri\u00e9t\u00e9.<\/p>\r\n\t\t\t\t\t\t\t<a href=\"https:\/\/www.squareone.ca\/semi-attached-house\" title=\"Assurance maison jumel\u00e9e\" class=\"arrow-link\">Lisez la suite<\/a>\r\n\t\t\t\t\t\t<\/div>\r\n\t\t\t\t\t<\/div>\r\n\t\t\t\t<\/div>\r\n\r\n\t\t\t\t<div class=\"col-12 col-md-6 col-lg-4 mb-4\">\r\n\t\t\t\t\t<div class=\"card review\">\r\n\t\t\t\t\t\t<div class=\"card-body\">\r\n\t\t\t\t\t\t\t<img decoding=\"async\" src=\"\/sales\/images\/icons\/icon-other-blue.svg\" alt=\"Ic\u00f4ne d'autre\" class=\"mb-4\" width=\"43\">\r\n\t\t\t\t\t\t\t<h3 class=\"mb-2\">Autres types d\u2019assurance<\/h3>\r\n\t\t\t\t\t\t\t<p>Vous recherchez un autre type d\u2019assurance habitation? Pas de probl\u00e8me. Quel que soit le type d\u2019assurance habitation dont vous avez besoin, vous pouvez trouver une police chez Square One qui offre la couverture que vous recherchez.<\/p>\r\n\t\t\t\t\t\t\t<a href=\"\/fr\/types-police\/autres\" title=\"Autres types d\u2019assurance habitation\" class=\"arrow-link\">Lisez la suite<\/a>\r\n\t\t\t\t\t\t<\/div>\r\n\t\t\t\t\t<\/div>\r\n\t\t\t\t<\/div>\r\n\t\t\t<\/div>\r\n\t\t<\/div>\r\n\t<\/section>\r\n\r\n\t<section class=\"bg-shape-split shape-uuge-blue\">\r\n\t\t<div class=\"bg-top\"><\/div>\r\n\t\t<div class=\"bg-position\">\r\n\t\t\t<div class=\"container-fluid\">\r\n\t\t\t\t<div class=\"col-12 col-lg-11 mb-6 offset-lg-1\">\r\n\t\t\t\t\r\n\t\t\t\t<h2>Polices propos\u00e9es par les partenaires de Square One<\/h2>\r\n\t\t\t\t\t<p class=\"display-4\">Que vous achetiez une habitation, commenciez une famille ou planifiez un voyage, la vie vous r\u00e9serve toujours des surprises. Assurez-vous d\u2019avoir la police appropri\u00e9e afin que vous et vos \u00eatres chers soyez prot\u00e9g\u00e9s des impr\u00e9vus. Nos partenaires chez Goose peuvent vous aider \u00e0 trouver la bonne police d\u2019assurance voyage, d&rsquo;assurance-vie ou d&rsquo;assurance maladie \u00e0 l\u2019aide de leur appli pratique.<\/p>\r\n\t\t\t\t<\/div>\r\n\t\t\t\t<div class=\"row\">\t\t\r\n\t\t\t\t\t<div class=\"col-12 col-md-6 col-lg-4 mb-4\">\r\n\t\t\t\t\t\t<div class=\"card review\">\r\n\t\t\t\t\t\t\t<div class=\"card-body\">\r\n\t\t\t\t\t\t\t\t<img decoding=\"async\" src=\"https:\/\/cdn.squareone.ca\/wp-content\/uploads\/2021\/07\/07085455\/icon_travel2.png\" class=\"mb-4\" alt=\"Ic\u00f4ne de voyage\" width=\"43\">\r\n\t\t\t\t\t\t\t\t<div class=\"h3 mb-2\">Assurance voyage<\/div>\r\n\t\t\t\t\t\t\t\t<p>Vous adorez le voyage? Super! Mais n\u2019oubliez pas que les retards inattendus, les maladies, les pand\u00e9mies et d\u2019autres impr\u00e9vus peuvent g\u00e2cher le voyage de vos r\u00eaves. Souscrivez une assurance voyage maladie (y compris contre la COVID-19) en 60\u00a0secondes seulement \u00e0 l\u2019aide de l\u2019appli Goose. Les polices commencent \u00e0 compter de 4 $\/mois seulement.<\/p>\r\n\t\t\t\t\t\t\t\t<a href=\"https:\/\/www.squareone.ca\/goose\" class=\"arrow-link\" title='Goose'>Cliquez ici pour tous les d\u00e9tails<\/a>\r\n\t\t\t\t\t\t\t<\/div>\r\n\t\t\t\t\t\t<\/div>\r\n\t\t\t\t\t<\/div>\r\n\r\n\t\t\t\t\t<div class=\"col-12 col-md-6 col-lg-4 mb-4\">\r\n\t\t\t\t\t\t<div class=\"card review\">\r\n\t\t\t\t\t\t\t<div class=\"card-body\">\r\n\t\t\t\t\t\t\t\t<img decoding=\"async\" src=\"https:\/\/cdn.squareone.ca\/wp-content\/uploads\/2021\/07\/07085455\/icon_health2.png\" class=\"mb-4\" alt=\"Ic\u00f4ne sant\u00e9\" width=\"43\">\r\n\t\t\t\t\t\t\t\t<div class=\"h3 mb-2\">Assurance-vie<\/div>\r\n\t\t\t\t\t\t\t\t<p>La vie peut \u00eatre impr\u00e9visible. Ne soyez pas pris au d\u00e9pourvu sans une police d\u2019assurance-vie. Prot\u00e9gez ce qui compte pour vous et obtenez une couverture d\u2019un maximum de 1\u00a0million de dollars en assurance vie temporaire en quelques minutes. Souscrivez une couverture (pas besoin d\u2019agent, aucun examen m\u00e9dical, sans paperasse) en 60\u00a0secondes seulement \u00e0 l\u2019aide de l\u2019appli Goose.<\/p>\r\n\t\t\t\t\t\t\t\t<a href=\"https:\/\/www.squareone.ca\/goose\" class=\"arrow-link\" title='Goose'>Cliquez ici pour tous les d\u00e9tails<\/a>\r\n\t\t\t\t\t\t\t<\/div>\r\n\t\t\t\t\t\t<\/div>\r\n\t\t\t\t\t<\/div>\r\n\r\n\t\t\t\t\t<div class=\"col-12 col-md-6 col-lg-4 mb-4\">\r\n\t\t\t\t\t\t<div class=\"card review\">\r\n\t\t\t\t\t\t\t<div class=\"card-body\">\r\n\t\t\t\t\t\t\t\t<img decoding=\"async\" src=\"https:\/\/cdn.squareone.ca\/wp-content\/uploads\/2021\/07\/07085456\/icon_life2.png\" class=\"mb-4\" alt=\"Ic\u00f4ne vie\" width=\"43\">\r\n\t\t\t\t\t\t\t\t<div class=\"h3 mb-2\">Assurance maladie<\/div>\r\n\t\t\t\t\t\t\t\t<p>En cas de maladie ou d\u2019accident, vous voulez mettre l\u2019accent sur le repos et non sur les finances. Souscrivez la couverture dont vous avez besoin, comme la protection des revenus, les frais d\u2019h\u00f4pital, l\u2019assurance en cas de d\u00e9c\u00e8s ou de mutilation accidentels ou l\u2019assurance pour vos enfants, en 60\u00a0secondes \u00e0 l\u2019aide de l\u2019appli Goose.<\/p>\r\n\t\t\t\t\t\t\t\t<a href=\"https:\/\/www.squareone.ca\/goose\" class=\"arrow-link\" title='Goose'>Cliquez ici pour tous les d\u00e9tails<\/a>\r\n\t\t\t\t\t\t\t<\/div>\r\n\t\t\t\t\t\t<\/div>\r\n\t\t\t\t\t<\/div>\t\t\t\t\r\n\t\t\t\t<\/div>\r\n\t\t\t<\/div>\r\n\t\t\t\r\n\t\t<\/div>\r\n\t\t<div class=\"bg-bottom\"><\/div>\r\n\t<\/section>\r\n\r\n\t<section class='py-6'>\r\n\t\t<div class=\"container-fluid\">\r\n\t\t\t<div class=\"row\">\r\n\t\t\t\t<div class=\"col-12 col-lg-11 pb-6 offset-lg-1\">\r\n\t\t\t\t\t\r\n\t\t\t\t\t<h2 class=\"h1\">Assurance habitation \u00e0 compter de 15\u00a0$\/mois seulement<\/h2>\r\n\t\t\t\t\t<p class=\"display-4\">Nos polices commencent \u00e0 partir de 15\u00a0$\/mois. Il s\u2019agit de la police la plus abordable en Am\u00e9rique du Nord et la seule police que vous pouvez personnaliser selon vos besoins. Chez nous, plus besoin de r\u00e9pondre aux questions inutiles ou de souscrire des couvertures superflues. C\u2019est vous qui choisissez ce que vous voulez assurer et vous ne payez que ce dont vous avez besoin. R\u00e9sultat\u00a0: vous obtenez une protection pratique tout en \u00e9conomisant de l\u2019argent.<\/p>\r\n\r\n<p class=\"display-4\">Vous recherchez de <a href=\"https:\/\/www.squareone.ca\/home\">l&rsquo;assurance habitation<\/a> dans une province sp\u00e9cifique? Nous sommes fiers d&rsquo;offrir nos services au <a href='\/fr\/habitation\/quebec' title='Assurance habitation au Qu\u00e9bec'>Qu\u00e9bec<\/a>, en Colombie-Britannique, en Alberta, en Saskatchewan, au Manitoba et en Ontario.<\/p>\r\n\r\n\t\t\t\t<\/div>\r\n\t\t\t<\/div>\t\r\n\t\t\t<div class=\"row\">\r\n\t\t\t\t<div class=\"col-12 col-lg-5 mb-1 offset-lg-1\">\r\n\t\t\t\t\t<div class=\"h4\">Couverture superbe<\/div>\r\n\t\t\t\t\t<p class=\"lead\">La plupart des polices comprennent des frais suppl\u00e9mentaires pour la protection critique dont vous avez besoin. Et certaines polices offrent une protection contre un nombre limit\u00e9 de sinistres.<\/p>\r\n\t\t\t\t\t<p class=\"lead\">Chez Square One, vous obtenez une couverture compr\u00e9hensive qui vous prot\u00e8ge contre tous les types de sinistres majeurs. Cela comprend une couverture pour l\u2019effraction et la rupture de tuyaux. De plus, votre police offre une protection automatique contre les sinistres suivants\u00a0:<\/p>\r\n\r\n\t\t\t\t\t<a href=\"https:\/\/www.squareone.ca\/fire\" title=\"Assurance incendie\" class=\"d-block arrow-link mb-2\">Incendie<\/a>\r\n\t\t\t\t\t<a href=\"\/fr\/habitation\/grele\" title=\"Assurance contre la gr\u00eale\" class=\"d-block arrow-link mb-2\">Temp\u00eate de gr\u00eale<\/a>\r\n\t\t\t\t\t<a href=\"\/fr\/habitation\/refoulement-eau\" title=\"Assurance contre le refoulement d\u2019eau\" class=\"d-block arrow-link mb-2\">Refoulement d\u2019eau<\/a>\r\n\t\t\t\t<\/div>\r\n\r\n\t\t\t\t<div class=\"col-12 col-lg-5 mb-1 offset-lg-1\">\r\n\t\t\t\t\t<div class=\"h4\">Biens sp\u00e9ciaux<\/div>\r\n\t\t\t\t\t<p class=\"lead\">Les polices traditionnelles offrent trop de protection pour la porcelaine, l\u2019argenterie et les tapis d\u2019Orient, et pas assez pour les appareils photo, les ordinateurs et les t\u00e9l\u00e9phones mobiles. Chez Square One, les produits \u00e9lectroniques sont assur\u00e9s \u00e0 titre de biens meubles, sans le tracas des sous-limitations.<\/p>\r\n\t\t\t\t\t<p class=\"lead\">Pour ce qui est des biens sp\u00e9ciaux, vous pouvez choisir quoi assurer et de fa\u00e7on collective. Cela signifie que, si vous poss\u00e9dez 3\u00a0articles de bijoux, chacun d\u2019une valeur de 5\u00a0000\u00a0$, vous pouvez s\u00e9lectionner une limitation de 15\u00a0000\u00a0$ pour les bijoux. Nous ne demandons une estimation que pour les bijoux individuels d\u2019une valeur de 6\u00a0000\u00a0$ et plus.<\/p>\r\n\t\t\t\t<\/div>\r\n\t\t\t<\/div>\r\n\t\t<\/div>\r\n\t<\/section>\r\n\t\t<section class=\"policies bg-shape overflow-hidden\">\n\t    <div class=\"container-fluid\">\n\t        <div class=\"row\">\n\t            <div class=\"col-12\">\n\t                <div class=\"h6 text-center text-secondary-alt text-uppercase mb-4\">Des milliers de clients nous choisissent tous les mois <\/div>\n\t                <h3 class=\"text-center mb-4\">Polices r\u00e9cemment souscrites <\/h3>\n\t                <div id=\"recent-policies\" class=\"policies-carousel w-100 pb-8\" data-province=\"\" data-widget-type=\"HOME\" aria-label=\"Glissez pour voir des polices r\u00e9cemment souscrites\"><\/div>\n\t            <\/div>\n\t        <\/div>\n\t    <\/div>\n\t<\/section>\n\n\t<script id=\"template-recent-policies\" type=\"text\/template\">    <div class=\"carousel-cell col-12 col-lg-4\">\n        <div class=\"card policy\">\n            <div class=\"card-body\">\n                <div class=\"h6 text-uppercase\">{{insurance_type}}<\/div>\n                <div class=\"h4\"><img decoding=\"async\" alt=\"Buildings Icon\" width=\"43\" class=\"me-3\" src=\"\/sales\/images\/icons\/{{icon_name}}\">{{monthly_premium}}<\/div>\n                <p class=\"fw-bold\">{{subtitle}}<\/p>\n                {{coverages}}\n                <div class=\"text-muted small\">{{time_ago}}<\/div>\n            <\/div>\n        <\/div>\n    <\/div><\/script>\n\t<script>\n\t\/**\n\t* Expecting response to be of JSON type.\n\t* @param response\n\t*\/\n\tvar populateRecentlyPurchasedPolicies = function(response) {\n\t\tvar template = document.getElementById('template-recent-policies');\n\t\tvar policies = response.results.policies;\n\t\tdocument.getElementById('recent-policies').innerHTML = policies.map(function(e) {\n\t\t\tvar tempTemplate = template.innerHTML;\n\t\t\tvar timeAgo = e.issued_at;\n\t\t\tvar coverages = e.coverages;\n\t\t\tvar insuranceType = e.insurance_type;\n\t\t\tvar icon = e.icon;\n\n            \/\/ Generate replacement for {{coverages}}.\n            let generatedCoverages;           \n            if(coverages.length > 0) {\n\t            let generatedCoverageList = '<ul style=\"min-height: 70px\">{{coverageListItems}}<\/ul>';\n\t            let generateCoverageListItems = '';\n\t            coverages.forEach((coverage) => {\n\t                generateCoverageListItems += '<li>' +coverage +'<\/li>';\n\t            });\n\t            \n\t            generatedCoverages = generatedCoverageList.replace(\/{{coverageListItems}}\/g, generateCoverageListItems);\n            }\n            \n\t\t\treturn tempTemplate\n\t\t\t\t.replace(\/{{time_ago}}\/g, timeAgo)\n\t\t\t\t.replace(\/{{coverages}}\/g, generatedCoverages)\n\t\t\t\t.replace(\/{{insurance_type}}\/g, insuranceType)\n\t\t\t\t.replace(\/{{monthly_premium}}\/g, e.monthly_premium)\n\t\t\t\t.replace(\/{{subtitle}}\/g, e.subtitle)\n\t\t\t\t.replace(\/{{icon_name}}\/g, icon);\n\t\t}).join('');\n        \n        const policiesCarousel = new Flickity(\n            document.querySelector('.policies-carousel'),\n            {\n\t\t\t\tpercentPosition: true,\n\t\t\t\timagesLoaded: true,\n\t\t\t\tcellAlign: 'left',\n\t\t\t\tpageDots: false,\n\t\t\t\tprevNextButtons: true,\n\t\t\t\tarrowShape: 'M50,92l7.4-7.4L28.1,55.2H92V44.8H28.1l29.3-29.3L50,8L8,50L50,92z',\n\t\t\t\tlazyLoad: 4\n\t\t\t}\n        );\n\t};\n\t<\/script>\r\n\t\t<section class=\"footer-cta bg-shape mt-6\">\n\t    <div class=\"container-fluid\">\n\t        <div class=\"row\">\n\t            <div class=\"col-10 offset-1 col-lg-8 offset-lg-2 text-center\">\n\t                <div class=\"h6 text-secondary-alt text-uppercase mb-4\">vous \u00eates en bonne compagnie <\/div>\n\t                <div class=\"h2 text-uc-first mb-4\">Joignez-vous \u00e0 plus de 3 000 000 de clients qui ont re\u00e7u une soumission en assurance habitation de notre part.<\/div>\n\t\t\t\t\t<div id=\"sq1-qw-f1798d457db0\" class=\"sq1-quote-widget\" data-quote-widget-type=\"HOME\" data-has-custom-text=\"true\" style=\"min-height: 68px; height: auto\"><\/div>\n\t                <p class=\"text-uc-first\">D\u00e9couvrez \u00e0 quel point l'assurance habitation est abordable \u00e0 l'aide d'une soumission en ligne en 5 minutes.<\/p>\n\t                <p class=\"text-light small text-uc-first\">Avant de commencer, veuillez lire notre <a href=\"https:\/\/www.squareone.ca\/fr\/politique-confidentialite\" target=\"_blank\" rel=\"noreferrer noopener\">Politique de confidentialit\u00e9<\/a> et nos <a href=\"https:\/\/www.squareone.ca\/fr\/conditions-utilisation\" target=\"_blank\" rel=\"noreferrer noopener\">Conditions d\u2019utilisation<\/a>.<\/p>\n\t            <\/div>\n\t        <\/div>\n\t    <\/div>\n\t    <div class=\"locations position-absolute fw-bold w-100 text-center pb-6 px-3\">Une compagnie canadienne exploit\u00e9e par des Canadiens. Nous offrons nos services au <a href=\"\/fr\/habitation\/quebec\" class=\"text-grey-900 text-decoration-none\">Qu\u00e9bec<\/a>, en Colombie-Britannique, en Alberta, en Saskatchewan, au Manitoba et en Ontario.<\/div>\n\t<\/section>\r\n<main>","protected":false},"excerpt":{"rendered":"<p>Types de police d\u2019assurance Nous avons les types de police pour combler vos besoins \u00cates-vous propri\u00e9taire occupant ou louez-vous votre habitation? Assurez-vous votre r\u00e9sidence principale ou une propri\u00e9t\u00e9 de vacances? Assurez-vous une maison non attenante ou un appartement? Quelle que soit votre situation, vous pouvez trouver une police qui comblera vos besoins. Cliquez ci-dessous pour [&hellip;]<\/p>\n","protected":false},"author":2,"featured_media":0,"parent":0,"menu_order":3,"comment_status":"open","ping_status":"open","template":"","meta":{"_acf_changed":false,"footnotes":""},"class_list":["post-48512","page","type-page","status-publish","hentry"],"acf":[],"_links":{"self":[{"href":"https:\/\/www.squareone.ca\/fr\/wp-json\/wp\/v2\/pages\/48512","targetHints":{"allow":["GET"]}}],"collection":[{"href":"https:\/\/www.squareone.ca\/fr\/wp-json\/wp\/v2\/pages"}],"about":[{"href":"https:\/\/www.squareone.ca\/fr\/wp-json\/wp\/v2\/types\/page"}],"author":[{"embeddable":true,"href":"https:\/\/www.squareone.ca\/fr\/wp-json\/wp\/v2\/users\/2"}],"replies":[{"embeddable":true,"href":"https:\/\/www.squareone.ca\/fr\/wp-json\/wp\/v2\/comments?post=48512"}],"version-history":[{"count":44,"href":"https:\/\/www.squareone.ca\/fr\/wp-json\/wp\/v2\/pages\/48512\/revisions"}],"predecessor-version":[{"id":78642,"href":"https:\/\/www.squareone.ca\/fr\/wp-json\/wp\/v2\/pages\/48512\/revisions\/78642"}],"wp:attachment":[{"href":"https:\/\/www.squareone.ca\/fr\/wp-json\/wp\/v2\/media?parent=48512"}],"curies":[{"name":"wp","href":"https:\/\/api.w.org\/{rel}","templated":true}]}}