{"id":48762,"date":"2021-07-28T12:22:59","date_gmt":"2021-07-28T19:22:59","guid":{"rendered":"https:\/\/www.squareone.ca\/types-police\/assurance-duplex"},"modified":"2026-01-29T09:39:16","modified_gmt":"2026-01-29T17:39:16","slug":"assurance-duplex","status":"publish","type":"page","link":"https:\/\/www.squareone.ca\/fr\/maison-jumelee","title":{"rendered":"Assurance maison jumel\u00e9e"},"content":{"rendered":"\t<section class=\"jumbotron-container sub-page-jumbotron bg-shape pb-9 mb-5 pt-0 pt-md-5\">\n\t\t<div class=\"container-fluid qw-hero-custom\">\n\t\t\t<div class=\"row\">\n\t\t\t\t<div class=\"col-12 col-lg-8 col-xl-7 offset-lg-1\">\n\t\t\t\t\t<div class=\"jumbotron pt-6 pt-md-7 px-0 mb-3 mb-md-4 text-start\">\n\t\t\t\t\t\t<div class=\"caption w-100\">\n\t\t\t\t\t\t\t<div class=\"h6 mb-4 text-secondary-alt text-uppercase\">assurance maison moderne<\/div>\n\t\t\t\t\t\t\t<h1 class=\"mb-3 text-uc-first\">Obtenez une soumission d\u2019assurance maison jumel\u00e9e en 5 minutes<\/h1>\n\t\t\t\t\t\t\t<p class=\"text-uc-first\">Votre temps est aussi pr\u00e9cieux que vos possessions. Obtenez une soumission d'assurance maison en <strong>5 minutes<\/strong>. C\u2019est moins de temps qu\u2019il n\u2019en faut pour faire la file pour un caf\u00e9.<\/p>\n\t\t\t\t\t\t\t\t\t\t\t\t\t\t\n\t\t\t\t\t\t\t<div id=\"sq1-qw-f1f4d21de531\" class=\"sq1-quote-widget mb-3\" data-quote-widget-type=\"HOME\" data-has-custom-text=\"true\"\n\t\t\t\t\t\t\t >\n\t\t\t\t\t\t\t\t<div class=\"input-group bg-white mb-4\">\n\t\t\t\t\t\t\t\t\t<div>\n\t\t\t\t\t\t\t\t\t    <div class=\"input-group-text\"><i class=\"fa fa-spin fa-spinner\"><\/i><\/div>\n\t\t\t\t\t\t\t\t\t<\/div>\n\t\t\t\t\t\t\t\t\t<input type=\"text\" class=\"form-control\" placeholder=\"please wait...\" aria-label=\"please wait...\">\n\t\t\t\t\t\t\t\t<\/div>\n\t\t\t\t\t\t\t<\/div>\n\n\t\t\t\t\t\t\t<p class=\"small\">Avant de commencer, veuillez lire notre <a href=\"https:\/\/www.squareone.ca\/fr\/politique-confidentialite\" target=\"_blank\" rel=\"noreferrer noopener\">Politique de confidentialit\u00e9<\/a> et nos <a href=\"https:\/\/www.squareone.ca\/fr\/conditions-utilisation\" target=\"_blank\" rel=\"noreferrer noopener\">Conditions d\u2019utilisation<\/a>.<\/p>\n\t\t\t\t\t\t<\/div>\n\t\t\t\t\t<\/div>\n\t\t\t\t<\/div>\n\n\t\t\t\t<div class=\"col-lg-3 col-xl-4 d-none d-lg-inline-block hero-custom-image\" style=\"background-image: url(\/sales\/images\/heros\/hero-semi-detached.png);\"><\/div>\n\t\t\t<\/div>\n\t\t<\/div>\n\t<\/section>\r\n\t\r\n\t<section class=\"py-5 mb-3\">\r\n\t    <div class=\"container-fluid\">\r\n\t        <div class=\"row\">\r\n\t            <div class=\"col-12 col-lg-6 offset-lg-1 mb-3\">\r\n\t\t\t\t\t<div class=\"h6 mb-4 text-primary text-uppercase\">Une protection int\u00e9grale pour votre maison jumel\u00e9e et vos biens meubles<\/div>\r\n\t                <h2 class='h1'>Assurance maison jumel\u00e9e \u00e0 15\u00a0$\/mois environ<\/h2>\r\n\t            <\/div>\r\n\t            <div class=\"col-12 col-lg-7 offset-lg-1 mb-4\">\r\n\t                <p class=\"display-4\">\r\n\t                \tLe type d\u2019assurance habitation dont vous avez besoin \u00e0 titre de propri\u00e9taire de maison jumel\u00e9e d\u00e9pend de la mani\u00e8re dont la propri\u00e9t\u00e9 a \u00e9t\u00e9 enregistr\u00e9e. Les copropri\u00e9t\u00e9s et les propri\u00e9t\u00e9s franches sont les types de maisons jumel\u00e9es les plus courantes. Vous trouvez de plus amples renseignements ci-dessous.\r\n\t                <\/p>\r\n\t            <\/div>\r\n\t            <div class=\"col-12 col-lg-5 offset-lg-1 mb-5\">\r\n\t\t\t\t\t<p>Si vous n\u2019\u00eates pas certain du type de titre de votre maison jumel\u00e9e, nous vous recommandons de vous renseigner aupr\u00e8s de votre bureau d\u2019enregistrement des titres fonciers.<\/p>\r\n\t                <a href=\"#coverages\"><img loading=\"lazy\" decoding=\"async\" src=\"\/sales\/images\/icons\/icon-arrow-down.svg\" width=\"16\" height=\"16\"><\/a>\r\n\t            <\/div>\r\n\t        <\/div>\r\n\t    <\/div>\r\n\t<\/section>\r\n\r\n<section class=\"bg-shape shape-grey-curve-up xwide-mobile\" id=\"coverages\">\r\n<div class=\"container-fluid pb-6\">\r\n\t<div class=\"row\">\r\n\t\t<div class=\"col-12 col-md-5 offset-lg-1 d-flex\">\r\n\t\t\t<div class=\"card\">\r\n\t\t\t\t<div class=\"card-body\">\r\n\t\t\t\t\t<h2 class=\"card-title\">Polices pour les copropri\u00e9t\u00e9s franches \u00e0 partir de 40\u00a0$\/mois<\/h2>\r\n\t\t\t\t\t<p class=\"card-text\">Le titre franc signifie que vous \u00eates le propri\u00e9taire exclusif de votre portion de la maison et avez un acc\u00e8s exclusif \u00e0 celle-ci. Toutefois, le terrain et l\u2019immeuble font partie d\u2019une propri\u00e9t\u00e9 plus grande pour laquelle vous partagez la responsabilit\u00e9 financi\u00e8re et l\u2019entretien avec l\u2019autre propri\u00e9taire.<\/p>\r\n\t\t\t\t\t<p class=\"card-text\">Si votre maison jumel\u00e9e est une copropri\u00e9t\u00e9 franche, il vous faut deux polices. La premi\u00e8re police couvre la structure du duplex en entier. Il s\u2019agit d\u2019une police de copropri\u00e9t\u00e9 r\u00e9sidentielle. La deuxi\u00e8me police couvre vos biens meubles et votre responsabilit\u00e9 civile. Il s\u2019agit d\u2019une police d\u2019assurance copropri\u00e9taire. Square One n\u2019offre que la police d\u2019assurance copropri\u00e9taire.<\/p>\r\n\t\t\t\t\t<div class=\"align-items-center\">\r\n\t\t\t\t\t\t<a href=\"https:\/\/www.squareone.ca\/condo\" class=\"btn btn-primary\">D\u00e9couvrez plus au sujet de l\u2019assurance copropri\u00e9taire<\/a>\r\n\t\t\t\t\t<\/div>\r\n\t\t\t\t<\/div>\r\n\t\t\t<\/div>\r\n\t\t<\/div>\r\n\r\n\t\t<div class=\"col-12 col-md-5 d-flex\">\r\n\t\t\t<div class=\"card\">\r\n\t\t\t\t<div class=\"card-body\">\r\n\t\t\t\t\t<h2 class=\"card-title\">Polices pour les habitations \u00e0 titre franc \u00e0 partir de 75\u00a0$\/mois<\/h2>\r\n\t\t\t\t\t<p class=\"card-text\">Le titre franc vous donne le droit \u00e0 l\u2019utilisation du terrain sur lequel votre maison est construite et le contr\u00f4le de celui-ci. \u00c9galement, vous avez le droit \u00e0 l\u2019utilisation de votre portion de la maison jumel\u00e9e et le contr\u00f4le complet de celle-ci. Le titre franc est souvent assujetti \u00e0 une entente de mur mitoyen qui impose les responsabilit\u00e9s relativement au mur commun divisant les unit\u00e9s.<\/p>\r\n\t\t\t\t\t<p class=\"card-text\">Si votre maison jumel\u00e9e est \u00e0 titre franc, vos besoins sont quasiment les m\u00eames que si vous \u00e9tiez propri\u00e9taire d\u2019une maison non attenante. Dans cette optique, Square One vous offrira une police d\u2019assurance maison.<\/p>\r\n\t\t\t\t\t<div class=\"align-items-center\">\r\n\t\t\t\t\t\t<a href=\"https:\/\/www.squareone.ca\/house\" class=\"btn btn-primary\">D\u00e9couvrez plus au sujet de l\u2019assurance maison<\/a>\r\n\t\t\t\t\t<\/div>\r\n\t\t\t\t<\/div>\r\n\t\t\t<\/div>\r\n\t\t<\/div>\r\n\t<\/div>\r\n<\/div>\r\n<\/section>\r\n\r\n<script type=\"application\/ld+json\">\r\n{\r\n  \"@context\": \"https:\/\/schema.org\",\r\n  \"@type\": \"Service\",\r\n  \"name\": \"Assurance maison jumel\u00e9e\",\r\n  \"serviceType\": \"Assurance maison jumel\u00e9e\",\r\n  \"url\": \"https:\/\/www.squareone.ca\/fr\/maison-jumelee\",\r\n  \"description\": \"Square One offre une assurance personnalis\u00e9e pour les maisons jumel\u00e9es, selon que le titre franc est enregistr\u00e9 \u00e0 titre de coprorpri\u00e9t\u00e9 ou copropri\u00e9t\u00e9 franche. Les polices sont distribu\u00e9es par Assurances Square One et souscrites par la Compagnie mutuelle d\u2019assurance incendie de la Colombie-Britannique. Au service de la Colombie-Britannique, de l\u2019Alberta, de la Saskatchewan, du Manitoba, de l\u2019Ontario et du Qu\u00e9bec.\",\r\n  \"provider\": {\r\n    \"@type\": \"InsuranceAgency\",\r\n    \"name\": \"Assurances Square One\",\r\n    \"url\": \"https:\/\/www.squareone.ca\/fr\",\r\n    \"logo\": \"https:\/\/cdn.squareone.ca\/wp-content\/uploads\/2021\/04\/09094743\/square-one-logomark-default-md-1.png\",\r\n    \"address\": {\r\n      \"@type\": \"PostalAddress\",\r\n      \"streetAddress\": \"1410-650 W Georgia St\",\r\n      \"addressLocality\": \"Vancouver\",\r\n      \"addressRegion\": \"BC\",\r\n      \"postalCode\": \"V6B 4N8\",\r\n      \"addressCountry\": \"CA\"\r\n    },\r\n    \"telephone\": \"+1-855-331-6933\"\r\n  },\r\n  \"areaServed\": [\r\n    {\r\n      \"@type\": \"AdministrativeArea\",\r\n      \"name\": \"British Columbia\"\r\n    },\r\n    {\r\n      \"@type\": \"AdministrativeArea\",\r\n      \"name\": \"Alberta\"\r\n    },\r\n    {\r\n      \"@type\": \"AdministrativeArea\",\r\n      \"name\": \"Saskatchewan\"\r\n    },\r\n    {\r\n      \"@type\": \"AdministrativeArea\",\r\n      \"name\": \"Manitoba\"\r\n    },\r\n    {\r\n      \"@type\": \"AdministrativeArea\",\r\n      \"name\": \"Ontario\"\r\n    },\r\n    {\r\n      \"@type\": \"AdministrativeArea\",\r\n      \"name\": \"Qu\u00e9bec\"\r\n    }\r\n  ],\r\n   \"sameAs\": [\r\n        \"https:\/\/www.facebook.com\/squareoneinsurance\",\r\n        \"https:\/\/x.com\/1sq1\",\r\n        \"https:\/\/www.linkedin.com\/company\/square-one-insurance\",\r\n        \"https:\/\/www.youtube.com\/user\/square1insurance\",\r\n        \"https:\/\/www.instagram.com\/squareoneinsurance\/\"\r\n      ],\r\n  \"hasOfferCatalog\": {\r\n    \"@type\": \"OfferCatalog\",\r\n    \"name\": \"Couverture en assurance pour assurance maison jumel\u00e9e\",\r\n    \"itemListElement\": [\r\n      {\r\n        \"@type\": \"Service\",\r\n        \"name\": \"Polices pour les habitations \u00e0 titre franc\",\r\n        \"description\": \"Le titre franc signifie que vous \u00eates le propri\u00e9taire exclusif de votre portion de la maison et avez un acc\u00e8s exclusif \u00e0 celle-ci. Toutefois, le terrain et l\u2019immeuble font partie d\u2019une propri\u00e9t\u00e9 plus grande pour laquelle vous partagez la responsabilit\u00e9 financi\u00e8re et l\u2019entretien avec l\u2019autre propri\u00e9taire. Si votre maison jumel\u00e9e est une copropri\u00e9t\u00e9 franche, il vous faut une police qui couvre vos biens meubles et votre responsabilit\u00e9 civile.\"\r\n      },\r\n      {\r\n        \"@type\": \"Service\",\r\n        \"name\": \"Polices pour les habitations \u00e0 titre franc\",\r\n        \"description\": \"Le titre franc vous donne le droit \u00e0 l\u2019utilisation du terrain sur lequel votre maison est construite et le contr\u00f4le de celui-ci. \u00c9galement, vous avez le droit \u00e0 l\u2019utilisation de votre portion de la maison jumel\u00e9e et le contr\u00f4le complet de celle-ci. Si votre maison jumel\u00e9e est \u00e0 titre franc, vos besoins sont quasiment les m\u00eames que si vous \u00e9tiez propri\u00e9taire d\u2019une maison non attenante.\"\r\n      }\r\n    ]\r\n  }\r\n}\r\n<\/script>\r\n\r\n\t<section class=\"footer-cta bg-shape mt-6\">\n\t    <div class=\"container-fluid\">\n\t        <div class=\"row\">\n\t            <div class=\"col-10 offset-1 col-lg-8 offset-lg-2 text-center\">\n\t                <div class=\"h6 text-secondary-alt text-uppercase mb-4\">vous \u00eates en bonne compagnie <\/div>\n\t                <div class=\"h2 text-uc-first mb-4\">Joignez-vous \u00e0 plus de 3 000 000 de clients qui ont re\u00e7u une soumission en assurance habitation de notre part.<\/div>\n\t\t\t\t\t<div id=\"sq1-qw-41ee1d9d3b15\" class=\"sq1-quote-widget\" data-quote-widget-type=\"HOME\" data-has-custom-text=\"true\" style=\"min-height: 68px; height: auto\"><\/div>\n\t                <p class=\"text-uc-first\">D\u00e9couvrez \u00e0 quel point l'assurance maison est abordable \u00e0 l'aide d'une soumission en ligne en 5 minutes.<\/p>\n\t                <p class=\"text-light small text-uc-first\">Avant de commencer, veuillez lire notre <a href=\"https:\/\/www.squareone.ca\/fr\/politique-confidentialite\" target=\"_blank\" rel=\"noreferrer noopener\">Politique de confidentialit\u00e9<\/a> et nos <a href=\"https:\/\/www.squareone.ca\/fr\/conditions-utilisation\" target=\"_blank\" rel=\"noreferrer noopener\">Conditions d\u2019utilisation<\/a>.<\/p>\n\t            <\/div>\n\t        <\/div>\n\t    <\/div>\n\t    <div class=\"locations position-absolute fw-bold w-100 text-center pb-6 px-3\">Une compagnie canadienne exploit\u00e9e par des Canadiens. Nous offrons nos services au <a href=\"\/fr\/habitation\/quebec\" class=\"text-grey-900 text-decoration-none\">Qu\u00e9bec<\/a>, en Colombie-Britannique, en Alberta, en Saskatchewan, au Manitoba et en Ontario.<\/div>\n\t<\/section>","protected":false},"excerpt":{"rendered":"<p>Une protection int\u00e9grale pour votre maison jumel\u00e9e et vos biens meubles Assurance maison jumel\u00e9e \u00e0 \/mois environ Le type d\u2019assurance habitation dont vous avez besoin \u00e0 titre de propri\u00e9taire de maison jumel\u00e9e d\u00e9pend de la mani\u00e8re dont la propri\u00e9t\u00e9 a \u00e9t\u00e9 enregistr\u00e9e. Les copropri\u00e9t\u00e9s et les propri\u00e9t\u00e9s franches sont les types de maisons jumel\u00e9es les [&hellip;]<\/p>\n","protected":false},"author":2,"featured_media":0,"parent":48512,"menu_order":0,"comment_status":"open","ping_status":"closed","template":"","meta":{"_acf_changed":false,"footnotes":""},"class_list":["post-48762","page","type-page","status-publish","hentry"],"acf":[],"_links":{"self":[{"href":"https:\/\/www.squareone.ca\/fr\/wp-json\/wp\/v2\/pages\/48762","targetHints":{"allow":["GET"]}}],"collection":[{"href":"https:\/\/www.squareone.ca\/fr\/wp-json\/wp\/v2\/pages"}],"about":[{"href":"https:\/\/www.squareone.ca\/fr\/wp-json\/wp\/v2\/types\/page"}],"author":[{"embeddable":true,"href":"https:\/\/www.squareone.ca\/fr\/wp-json\/wp\/v2\/users\/2"}],"replies":[{"embeddable":true,"href":"https:\/\/www.squareone.ca\/fr\/wp-json\/wp\/v2\/comments?post=48762"}],"version-history":[{"count":8,"href":"https:\/\/www.squareone.ca\/fr\/wp-json\/wp\/v2\/pages\/48762\/revisions"}],"predecessor-version":[{"id":78117,"href":"https:\/\/www.squareone.ca\/fr\/wp-json\/wp\/v2\/pages\/48762\/revisions\/78117"}],"up":[{"embeddable":true,"href":"https:\/\/www.squareone.ca\/fr\/wp-json\/wp\/v2\/pages\/48512"}],"wp:attachment":[{"href":"https:\/\/www.squareone.ca\/fr\/wp-json\/wp\/v2\/media?parent=48762"}],"curies":[{"name":"wp","href":"https:\/\/api.w.org\/{rel}","templated":true}]}}