{"id":48886,"date":"2021-08-04T16:30:26","date_gmt":"2021-08-04T23:30:26","guid":{"rendered":"https:\/\/www.squareone.ca\/proprietaires-de-maisons-et-de-coproprietes\/garantie-coproprietaires-square-one"},"modified":"2026-04-14T16:00:33","modified_gmt":"2026-04-14T23:00:33","slug":"garantie-coproprietaires-square-one","status":"publish","type":"page","link":"https:\/\/www.squareone.ca\/fr\/centres-ressources\/coproprietaire\/garantie-coproprietaires","title":{"rendered":"La Garantie pour copropri\u00e9taires de Square One"},"content":{"rendered":"<section id=\"intro\" class=\"bg-shape-split bg-sub-page-hero\">\r\n<div class=\"bg-position\">\r\n<div class=\"container-fluid\">\r\n<div class=\"row align-items-center\">\r\n<div class=\"col-12 col-lg-8\">\r\n<h1>La Garantie pour copropri\u00e9taires de Square One<\/h1>\r\n<strong>Article r\u00e9dig\u00e9 par l'\u00e9quipe de Square One<\/strong>\r\n<p><strong>Article \u00e9valu\u00e9 par <a href=\"\/fr\/a-propos-de-nous\/experts\/daniel-mirkovic\" title=\"Expert : Daniel Mirkovic\">Daniel Mirkovic<\/a><\/strong><\/p>\r\n <p class=\"pb-4\" style=\"margin-top:-24px\">Mis \u00e0 jour le 14 avril 2026<\/p>\r\n<\/div>\r\n<\/div>\r\n\r\n<div class=\"row\">\r\n<div class=\"col-lg-8\">\r\n<p class=\"display-4\">Nous comprenons. La recherche d\u2019une police <a href=\"\/fr\/coproprietaire\" title=\"Assurance copropri\u00e9taire\">d\u2019assurance ad\u00e9quate pour votre copropri\u00e9t\u00e9<\/a> n\u2019est pas \u00e9vidente. C\u2019est la raison pour laquelle Square One a cr\u00e9\u00e9 une nouvelle solution qui vous permet d\u2019assurer toutes vos possessions, ainsi que les risques sp\u00e9cifiques \u00e0 votre copropri\u00e9t\u00e9, dans le cadre d\u2019une seule police simple.<\/p>\r\n<p class=\"pt-2\"><img loading=\"lazy\" decoding=\"async\" class=\"alignnone\" src=\"https:\/\/cdn.squareone.ca\/wp-content\/uploads\/2018\/04\/10053405\/condo-interior-e1560204462113.jpg\" title=\"La Garantie pour copropri\u00e9taires de Square One\" alt=\"Un am\u00e9nagement de bureau \u00e0 domicile moderne avec bureau blanc, un fauteuil et des classeurs\" width=\"248\" height=\"165\" class=\"img-fluid\" rel=\"noopener noreferrer\" \/><\/p>\r\n<\/div>\r\n\r\n<div class=\"col-lg-3 offset-lg-1\">\r\n<p class=\"mb-2 display-4 pt-4 pt-lg-0 pt-mb-0\"><strong>Th\u00e8mes<\/strong><\/p>\r\n<ul class=\"list-unstyled link-list display-4\">\r\n                        <li><a href=\"#inconvenients\">Les inconv\u00e9nients de l\u2019assurance traditionnelle<\/a><\/li>\r\n                        <li><a href=\"#solution-conviviale\">Une solution conviviale chez Square One<\/a><\/li>\r\n                        <li><a href=\"#garantie-pour-coproprietaires\">Qu\u2019est-ce que la Garantie pour copropri\u00e9taires?<\/a><\/li>\r\n                        <li><a href=\"#FAQ\">Questions fr\u00e9quemment pos\u00e9es<\/a><\/li>\r\n<\/ul>\r\n                <\/div>\r\n            <\/div>  \r\n<\/div>\r\n<\/div>\r\n<div class=\"bg-bottom\"><\/div>\r\n<\/section>\r\n\r\n<section>\r\n<div class=\"container-fluid py-6\">\r\n<div class=\"row\">\r\n<div class=\"col-12 col-lg-8\">\r\n\r\n<h2 id=\"inconvenients\">Les inconv\u00e9nients des fournisseurs d\u2019assurance traditionnels<\/h2>\r\n<p>Les polices d\u2019assurance copropri\u00e9taire commencent par une couverture pour les possessions personnelles, <a title=\"Bases de l'assurance responsabilit\u00e9 civile\" href=\"\/fr\/centres-ressources\/bases-assurance\/assurance-responsabilite-civile\">la responsabilit\u00e9 civile<\/a> et les frais de subsistance suppl\u00e9mentaires engag\u00e9s en raison d\u2019un sinistre couvert. Par la suite, la plupart des compagnies d\u2019assurance divisent l\u2019assurance copropri\u00e9taire en deux cat\u00e9gories, selon un ensemble de besoins diff\u00e9rents\u00a0:<\/p>\r\n<ul>\r\n                <li><strong>la protection de copropri\u00e9t\u00e9 suppl\u00e9mentaire<\/strong> offre une couverture si votre syndicat de copropri\u00e9taires impose contre votre copropri\u00e9t\u00e9 une portion de sa franchise ou s\u2019il existe une insuffisance dans la police-cadre du syndicat. Cette protection couvre \u00e9galement les dommages \u00e0 l\u2019immeuble ou aux aires communes au sein des parties de l\u2019immeuble dont vous \u00eates responsable.<\/li>\r\n                <li><strong>la protection pour les am\u00e9liorations \u00e0 la copropri\u00e9t\u00e9<\/strong> couvre les mises \u00e0 niveau suppl\u00e9mentaires effectu\u00e9es par vous ou par un copropri\u00e9taire ant\u00e9rieur. Si vous subissez un sinistre assur\u00e9, le syndicat de copropri\u00e9taires r\u00e9parera la copropri\u00e9t\u00e9, mais selon sa condition originale. Cette couverture prot\u00e8ge contre les changements apport\u00e9s \u00e0 la copropri\u00e9t\u00e9 depuis sa construction originale, notamment les nouveaux rev\u00eatements de comptoir et les cuisines ou salles de bain r\u00e9nov\u00e9es. Elle couvre \u00e9galement les planchers, le verre et les autres installations que vous \u00eates responsable d\u2019assurer en vertu des lois en vigueur.<\/li>\r\n<\/ul>\r\n            \r\n<p>D\u2019accord, mais comment d\u00e9cider quoi assurer et dans quelle cat\u00e9gorie?<\/p>\r\n\r\n\r\n<h2 id=\"solution-conviviale\">Une solution conviviale chez Square One<\/h2>\r\n<p>Chez Square One, nous privil\u00e9gions la simplicit\u00e9.<\/p>\r\n<p>Notre police d\u2019assurance copropri\u00e9taire de base offre une couverture pour vos biens meubles, les <a title=\"Frais de subsistance suppl\u00e9mentaires\" href=\"\/fr\/centres-ressources\/bases-assurance\/frais-subsistance-supplementaires\">frais de subsistance suppl\u00e9mentaires<\/a> en cas de sinistre, et la responsabilit\u00e9 civile et la responsabilit\u00e9 du fait des lieux. Elle vous prot\u00e8ge si vos possessions sont perdues ou endommag\u00e9es, si vous blessez involontairement un tiers ou endommagez ses biens, ou si quelqu\u2019un se blesse dans votre copropri\u00e9t\u00e9. Notre protection facultative <strong>Garantie pour copropri\u00e9taires<\/strong> offre une couverture compr\u00e9hensive pour les am\u00e9liorations apport\u00e9es \u00e0 votre copropri\u00e9t\u00e9, des protections suppl\u00e9mentaires relativement \u00e0 votre syndicat de copropri\u00e9taires. (Consultez\u00a0: <a href=\"#Condo-owners-protection\">Qu\u2019est-ce qui est inclus dans la Garantie pour copropri\u00e9taires?<\/a> pour tous les d\u00e9tails.)<\/p>\r\n<p>Que vous choisissiez ou non la Garantie pour copropri\u00e9taires, vous avez la possibilit\u00e9 d\u2019ajouter des couvertures suppl\u00e9mentaires. Ces protections couvrent soit vos possessions (bicyclettes, bijoux, etc.) soit des situations sp\u00e9cifiques qui pourraient entra\u00eener des pertes financi\u00e8res (usurpation d\u2019identit\u00e9, protection juridique, etc.). Pour obtenir une explication compl\u00e8te de toutes les couvertures pour copropri\u00e9t\u00e9s, consultez <a title=\"Assurances Square One\" href=\"\/fr\">Assurances Square One<\/a> pour une soumission en ligne gratuite.<\/p>\r\n<p>Maintenant que vous connaissez les bases, passons \u00e0 la Garantie pour copropri\u00e9taires en plus de d\u00e9tail.<\/p>\r\n        \r\n<h2 id=\"garantie-pour-coproprietaires\">Qu\u2019est-ce qui est inclus dans la Garantie pour copropri\u00e9taires?<\/h2>\r\n<h3>Couverture pour les mises \u00e0 niveau<\/h3>\r\n<p>Les rev\u00eatements de comptoir, la salle de bain, la cuisine et le plancher\u00a0: il s\u2019agit des parties de la copropri\u00e9t\u00e9 qui requi\u00e8rent des mises \u00e0 niveau de temps \u00e0 autre. Si vous vivez dans un immeuble plus ancien, il est possible que des mises \u00e0 niveau aient \u00e9t\u00e9 faites avant l\u2019achat de votre copropri\u00e9t\u00e9. Dans le cas d\u2019un sinistre, le syndicat de copropri\u00e9taires peut d\u00e9cider de remplacer votre rev\u00eatement de comptoir en marbre avec le m\u00e9lamin\u00e9 en formica de la construction originale. Ce n\u2019est pas de votre faute, mais votre copropri\u00e9t\u00e9 vient de perdre de la valeur. Si vous passez \u00e0 la Garantie pour copropri\u00e9taires, c\u2019est un souci en moins.<\/p>\r\n\r\n<h3>Protections suppl\u00e9mentaires pour copropri\u00e9taires<\/h3>\r\n<p>La Garantie pour copropri\u00e9taires comprend \u00e9galement une protection contre des insuffisances dans l\u2019assurance de votre syndicat de copropri\u00e9taires vous impos\u00e9es. En outre, elle vous prot\u00e8ge contre les cotisations impos\u00e9es contre votre copropri\u00e9t\u00e9 pour des r\u00e9parations aux aires communes de l\u2019immeuble. Finalement, si votre syndicat de copropri\u00e9taires est oblig\u00e9 de <a title=\"D\u00e9finition : r\u00e9clamation\" href=\"\/fr\/centres-ressources\/lexique-assurance\/reclamation\">pr\u00e9senter une r\u00e9clamation<\/a> aupr\u00e8s de son <a title=\"D\u00e9finition : assureur\" href=\"\/fr\/centres-ressources\/lexique-assurance\/assureur\">assureur<\/a>, la Garantie pour copropri\u00e9taires vous prot\u00e8ge dans l\u2019\u00e9ventualit\u00e9 que le syndicat d\u00e9cide de partager les frais de la franchise entre les copropri\u00e9taires.<\/p>\r\n            \r\n<\/div>\r\n<\/div>\r\n<\/div>\r\n<\/section>\r\n\r\n\t<section class=\"bg-transparent\">\n\t\t<img decoding=\"async\" src=\"\/sales\/images\/bgs\/bg-mid-page-cta-general-top.svg\" style=\"width: 100%; vertical-align: bottom; position: relative; top: 1px\"\/>\n\t\t\n\t\t<div class=\"bg-darkTeal py-3\">\t\t\t\n\t\t\t<div class=\"container-fluid\">\n\t\t\t\t<div class=\"row d-flex align-items-center pb-5\">\n\t\t\t\t\t<div class=\"col-12 col-md-8 offset-md-2 px-lg-5 pb-5 pb-lg-0\">\n\t\t\t\t\t\t<div class=\"h6 mb-4 text-primary text-uppercase text-center\">\n\t\t\t\t\t\t\tCela ne prend que 5\u00a0minutes \n\t\t\t\t\t\t<\/div>\t\t\n\t\t\t\t\t\t\t\t\t\t\t\n\t\t\t\t\t\t<p class=\"lead px-lg-5 text-white\">\n\t\t\t\t\t\t\t<strong class=\"d-inline-block text-uc-first\">Pr\u00eat \u00e0 obtenir une soumission en ligne? <\/strong> Votre temps est aussi pr\u00e9cieux que vos possessions. Obtenez une soumission d'assurance habitation en <strong>5 minutes<\/strong>. C\u2019est moins de temps qu\u2019il n\u2019en faut pour faire la file pour un caf\u00e9.\n\t\t\t\t\t\t<\/p>\t\t\t\n\t\n\t\t\t\t\t\t<div id=\"sq1-qw-013da0b0fc0d\" class=\"sq1-quote-widget mb-4 text-white\" data-quote-widget-type=\"HOME\" data-has-custom-text=\"true\">\n\t\t\t\t\t\t\t<div class=\"input-group input-group-focus-within bg-white my-4\">\n\t\t\t\t\t\t\t\t<div>\n\t\t\t\t\t\t\t\t\t<div class=\"input-group-text\">\n\t\t\t\t\t\t\t\t\t\t<i class=\"fa fa-map-marker d-block text-black\"><\/i>\n\t\t\t\t\t\t\t\t\t<\/div>\n\t\t\t\t\t\t\t\t<\/div>\n\t\t\t\t\t\t\t\t<input type=\"text\" class=\"form-control\" style=\"padding: 10px;\" placeholder=\"Enter an address\" aria-label=\"Inscrivez votre adresse pour obtenir une soumission\"\/>\n\t\t\t\t\t\t\t\t<div>\n\t\t\t\t\t\t\t\t\t<button class=\"btn btn-primary\">Obtenir une soumission en ligne d\u00e8s maintenant<\/button>\n\t\t\t\t\t\t\t\t<\/div>\n\t\t\t\t\t\t\t<\/div>\n\t\t\t\t\t\t<\/div>\n\t\t\t\t\t\t\n\t\t\t\t\t\t<p class=\"small text-white\">Avant de commencer, veuillez lire notre <a href=\"https:\/\/www.squareone.ca\/fr\/politique-confidentialite\" target=\"_blank\" rel=\"noreferrer noopener\">Politique de confidentialit\u00e9<\/a> et nos <a href=\"https:\/\/www.squareone.ca\/fr\/conditions-utilisation\" target=\"_blank\" rel=\"noreferrer noopener\">Conditions d\u2019utilisation<\/a>.<\/p>\t\n\t\n\t\t\t\t\t\t<script type=\"text\/javascript\">\n\t\t\t\t\t\t(function() {\n\t\t\t\t\t\t\tdocument.addEventListener('soiMiscJsLoaded', function() {\n\t\t\t\t\t\t        $(document).ready(function() {\n\t\t\t\t\t\t\t\t\tsoiQuoteWidget.processFormWidget('\/sales\/index.php\/json_quote_widget?rand=' +Math.random(), 'qwContainer'); \/\/populate quoting widget with content from symfony.\n\t\t\t\t\t\t\t\t});\n\t\t\t\t\t\t\t});\n\t\t\t\t\t\t})();\n\t\t\t\t\t\t<\/script>\n\t\t\t\t\t<\/div>\n\t\t\t\t<\/div>\n\t\t\t<\/div>\n\t\t<\/div>\n\t\t\n\t\t<img decoding=\"async\" src=\"\/sales\/images\/bgs\/bg-mid-page-cta-general-bottom.svg\" style=\"width: 100%; vertical-align: top\"\/>\t\t\n\t<\/section>\r\n\r\n<section>\r\n<div class=\"container-fluid py-6\">\r\n<div class=\"row\">\r\n<div class=\"col-12 col-lg-8\">\r\n\r\n            <h2 id=\"FAQ\">Questions fr\u00e9quemment pos\u00e9es<\/h2>\r\n <h3>Pourquoi ai-je besoin d\u2019une assurance copropri\u00e9taire?<\/h3>\r\n            <p>L\u2019assurance pour copropri\u00e9taire n\u2019est pas obligatoire. Sachez que votre syndicat de copropri\u00e9taires souscrit une assurance qui couvre certaines situations. Cela dit, cette assurance ne couvre pas vos biens meubles, du tout, ni les frais suppl\u00e9mentaires que vous pourriez engager si vous devez quitter votre copropri\u00e9t\u00e9 en raison des r\u00e9parations requises apr\u00e8s un sinistre. \u00c0 part les avantages \u00e9vidents de la tranquillit\u00e9 d\u2019esprit pour les risques ci-dessus, l\u2019assurance copropri\u00e9taire repr\u00e9sente un rapport qualit\u00e9-prix exceptionnel. Bon nombre de consommateurs ignorent le fait que l\u2019assurance copropri\u00e9taire, comparativement \u00e0 l\u2019assurance locataire, n\u2019est \u00e0 peine plus dispendieuse, tout en offrant des couvertures semblables. \u00c9tant donn\u00e9 la vaste gamme de risques que vous prenez (et les frais \u00e9normes en d\u00e9coulant) lorsque vous achetez une copropri\u00e9t\u00e9, l\u2019assurance copropri\u00e9taire est une v\u00e9ritable aubaine! En raison des parties multiples, comme le syndicat de copropri\u00e9taires ainsi que les diff\u00e9rents copropri\u00e9taires ou locataires, il y a beaucoup de choses qui peuvent mal tourner sans que ce soit de votre faute. Pour cette raison, l\u2019assurance copropri\u00e9taire peut vous donner la tranquillit\u00e9 d\u2019esprit.<\/p>\r\n\r\n<h3>Que se passe-t-il s\u2019il j\u2019ai une dispute avec le syndicat de copropri\u00e9taires en raison d\u2019une rupture de tuyau?<\/h3>\r\n<p>Votre copropri\u00e9t\u00e9 a \u00e9t\u00e9 endommag\u00e9e par de l\u2019eau d\u2019une autre copropri\u00e9t\u00e9, mais le copropri\u00e9taire refuse d\u2019avouer sa responsabilit\u00e9. Que faire? La Garantie pour copropri\u00e9taires offre une couverture maximale de 1\u00a0500\u00a0$ pour les frais d\u2019enqu\u00eate pour d\u00e9terminer si votre police est admissible ou si le sinistre est la responsabilit\u00e9 d\u2019un tiers.<\/p>\r\n\r\n<h3>Comment fonctionnent les franchises pour tremblement de terre?<\/h3>\r\n            <p>Chez Square One, vous d\u00e9cidez si vous voulez souscrire une <a title=\"Assurance contre le tremblement de terre - Square One\" href=\"\/fr\/habitation\/tremblement-terre\">assurance contre le tremblement de terre<\/a> en fixant des limitations pour les dommages \u00e0 vos biens, ainsi que pour les am\u00e9liorations et installations au sein de votre copropri\u00e9t\u00e9 dont vous \u00eates responsable. Il est possible que le syndicat de copropri\u00e9taires puisse avoir une franchise pour tremblement de terre plus \u00e9lev\u00e9e pour l\u2019immeuble en entier. En cas de sinistre, la franchise pourrait \u00eatre divis\u00e9e parmi les copropri\u00e9taires. Vous devrez souscrire la protection contre cette possibilit\u00e9 dans le cadre de notre Garantie pour copropri\u00e9taires.<\/p>\r\n\r\n<h3>Et mes affaires dans mon unit\u00e9 d\u2019entreposage? Sont-elles prot\u00e9g\u00e9es?<\/h3>\r\n<p>Si vous souscrivez une assurance copropri\u00e9taire chez Square One, oui. Nous traitons les articles dans votre unit\u00e9 d\u2019entreposage comme s\u2019ils se trouvaient dans votre copropri\u00e9t\u00e9. Cela dit, ce n\u2019est pas tous les fournisseurs d\u2019assurance qui font de m\u00eame, donc assurez-vous de consulter votre assureur.<\/p>\r\n\r\n<h3>Qu\u2019est-ce qu\u2019on entend par n\u00e9gligence d\u2019un copropri\u00e9taire?<\/h3>\r\n<p>La n\u00e9gligence est une notion qui aide \u00e0 d\u00e9terminer qui est responsable des pertes ou dommages subis par des tiers. Mais, comment attribue-t-on la n\u00e9gligence? Un tribunal d\u00e9terminera si un particulier a pris des mesures raisonnables pour emp\u00eacher un sinistre. Ce qui constitue des mesures raisonnables d\u00e9pend de la situation. Par exemple, quelqu\u2019un qui jette une cigarette de son balcon pourrait \u00eatre jug\u00e9 n\u00e9gligent (et responsable en cons\u00e9quence) si l\u2019incendie en d\u00e9coulant endommage l\u2019immeuble ou les biens des tiers. Plus pr\u00e9cis\u00e9ment, la personne qui a n\u00e9gligemment jet\u00e9 la cigarette pourrait \u00eatre tenu personnellement responsable des dommages aux meubles de patio du balcon de l\u2019\u00e9tage inf\u00e9rieure, ainsi que des dommages structuraux \u00e0 l\u2019immeuble.<\/p>\r\n\r\n<p><strong>Vous voulez en savoir plus?<\/strong> Consultez notre <a href=\"\/fr\/centres-ressources\/coproprietaire\" title=\"Centre de ressources : copropri\u00e9taires\">Centre de ressources&nbsp;: copropri\u00e9taires<\/a> pour acc\u00e9der \u00e0 des articles pratiques sur le monde de la copropri\u00e9t\u00e9. Ensuite, <a href=\"\/fr\/soumission-assurance-habitation-en-ligne\" title=\"Obtenir une soumission d\u2019assurance habitation en ligne\">obtenez une soumission d'assurance habitation en ligne<\/a> en moins de 5\u00a0minutes et d\u00e9couvrez \u00e0 quel point l\u2019assurance habitation personnalis\u00e9e peut \u00eatre abordable.<\/p>\r\n\r\n<div class=\"row py-3\">\r\n<div class=\"col-12\">\r\n<div class=\"card review\" style=\"box-shadow: 0 2px 4px rgba(0,0,0,0.07);background-color:#f4f4f4;\">\r\n<div class=\"card-body\">\r\n\t<p class=\"text-primary h4\">\u00c0 propos de l\u2019expert&nbsp;: Daniel Mirkovic<\/p>\r\n\t<p>Cofondateur de Square One comptant plus de 25&nbsp;ans dans le secteur de l\u2019assurance, Daniel \u00e9tait vice-pr\u00e9sident des services d\u2019assurance et de voyage de la British Columbia Automobile Association (BCAA). Daniel est titulaire d'un baccalaur\u00e9at \u00e8s commerce et d'une ma\u00eetrise \u00e8s administration des affaires, tous deux obtenus \u00e0 la Sauder School of Business de l'universit\u00e9 de la Colombie-Britannique. Daniel est muni de la d\u00e9signation CAAC et d\u2019un certificat en assurance de dommages niveau&nbsp;3 en Colombie-Britannique, en Alberta, en Saskatchewan, au Manitoba et en Ontario.<\/p>\r\n<\/div>\r\n<\/div>\r\n<\/div>\r\n<\/div>\r\n\r\n<\/div>\r\n<\/div>\r\n<\/div>\r\n<\/section>\r\n<script type=\"application\/ld+json\">\r\n{\r\n  \"@context\": \"https:\/\/schema.org\",\r\n  \"@type\": \"FAQPage\",\r\n  \"mainEntity\": [{\r\n    \"@type\": \"Question\",\r\n    \"name\": \"Pourquoi ai-je besoin d\u2019une assurance copropri\u00e9taire?\",\r\n    \"acceptedAnswer\": {\r\n      \"@type\": \"Answer\",\r\n      \"text\": \"L\u2019assurance pour copropri\u00e9taire n\u2019est pas obligatoire. Sachez que votre syndicat de copropri\u00e9taires souscrit une assurance qui couvre certaines situations. Cela dit, cette assurance ne couvre pas vos biens meubles, du tout, ni les frais suppl\u00e9mentaires que vous pourriez engager si vous devez quitter votre copropri\u00e9t\u00e9 en raison des r\u00e9parations requises apr\u00e8s un sinistre. \u00c0 part les avantages \u00e9vidents de la tranquillit\u00e9 d\u2019esprit pour les risques ci-dessus, l\u2019assurance copropri\u00e9taire repr\u00e9sente un rapport qualit\u00e9-prix exceptionnel. Bon nombre de consommateurs ignorent le fait que l\u2019assurance copropri\u00e9taire, comparativement \u00e0 l\u2019assurance locataire, n\u2019est \u00e0 peine plus dispendieuse, tout en offrant des couvertures semblables. \u00c9tant donn\u00e9 la vaste gamme de risques que vous prenez (et les frais \u00e9normes en d\u00e9coulant) lorsque vous achetez une copropri\u00e9t\u00e9, l\u2019assurance copropri\u00e9taire est une v\u00e9ritable aubaine! En raison des parties multiples, comme le syndicat de copropri\u00e9taires ainsi que les diff\u00e9rents copropri\u00e9taires ou locataires, il y a beaucoup de choses qui peuvent mal tourner sans que ce soit de votre faute. Pour cette raison, l\u2019assurance copropri\u00e9taire peut vous donner la tranquillit\u00e9 d\u2019esprit.\"\r\n    }\r\n  },{\r\n    \"@type\": \"Question\",\r\n    \"name\": \"Que se passe-t-il s\u2019il j\u2019ai une dispute avec le syndicat de copropri\u00e9taires en raison d\u2019une rupture de tuyau?\",\r\n    \"acceptedAnswer\": {\r\n      \"@type\": \"Answer\",\r\n      \"text\": \"La Garantie pour copropri\u00e9taires offre une couverture maximale de 1 500 $ pour les frais d\u2019enqu\u00eate pour d\u00e9terminer si votre police est admissible ou si le sinistre est la responsabilit\u00e9 d\u2019un tiers.\"\r\n    }\r\n  },{\r\n    \"@type\": \"Question\",\r\n    \"name\": \"Qu\u2019est-ce qu\u2019on entend par n\u00e9gligence d\u2019un copropri\u00e9taire?\",\r\n    \"acceptedAnswer\": {\r\n      \"@type\": \"Answer\",\r\n      \"text\": \"Un tribunal d\u00e9terminera si un particulier a pris des mesures raisonnables pour emp\u00eacher un sinistre. Ce qui constitue des mesures raisonnables d\u00e9pend de la situation. Par exemple, quelqu\u2019un qui jette une cigarette de son balcon pourrait \u00eatre jug\u00e9 n\u00e9gligent (et responsable en cons\u00e9quence) si l\u2019incendie en d\u00e9coulant endommage l\u2019immeuble ou les biens des tiers. Plus pr\u00e9cis\u00e9ment, la personne qui a n\u00e9gligemment jet\u00e9 la cigarette pourrait \u00eatre tenu personnellement responsable des dommages aux meubles de patio du balcon de l\u2019\u00e9tage inf\u00e9rieure, ainsi que des dommages structuraux \u00e0 l\u2019immeuble.\"\r\n    }\r\n  }]\r\n}\r\n<\/script>\r\n<script type=\"application\/ld+json\">\r\n{\r\n  \"@context\": \"https:\/\/schema.org\",\r\n  \"@type\": \"WebPage\",\r\n  \"mainEntityOfPage\": {\r\n    \"@type\": \"Article\",\r\n    \"@id\": \"https:\/\/www.squareone.ca\/fr\/centres-ressources\/coproprietaire\/garantie-coproprietaires\"\r\n  },\r\n  \"author\": [\r\n    {\r\n      \"@type\": \"Person\",\r\n      \"name\": \"Square One Team\"\r\n    }\r\n  ],\r\n  \"reviewedBy\": [\r\n    {\r\n      \"@type\": \"Person\",\r\n      \"name\": \"Daniel Mirkovic\",\r\n      \"url\": \"https:\/\/www.squareone.ca\/fr\/a-propos-de-nous\/experts\/daniel-mirkovic\"\r\n    }\r\n  ],\r\n  \"headline\": \"La Garantie pour copropri\u00e9taires de Square One\",\r\n  \"datePublished\": \"\",\r\n  \"dateModified\": \"\",\r\n  \"inLanguage\": \"fr-CA\",\r\n  \"isAccessibleForFree\": true\r\n}\r\n<\/script>","protected":false},"excerpt":{"rendered":"<p>La Garantie pour copropri\u00e9taires de Square One Article \u00e9valu\u00e9 par Daniel Mirkovic Nous comprenons. La recherche d\u2019une police d\u2019assurance ad\u00e9quate pour votre copropri\u00e9t\u00e9 n\u2019est pas \u00e9vidente. C\u2019est la raison pour laquelle Square One a cr\u00e9\u00e9 une nouvelle solution qui vous permet d\u2019assurer toutes vos possessions, ainsi que les risques sp\u00e9cifiques \u00e0 votre copropri\u00e9t\u00e9, dans le [&hellip;]<\/p>\n","protected":false},"author":2,"featured_media":52870,"parent":58634,"menu_order":0,"comment_status":"closed","ping_status":"closed","template":"page-article-new.php","meta":{"_acf_changed":false,"footnotes":""},"class_list":["post-48886","page","type-page","status-publish","has-post-thumbnail","hentry"],"acf":[],"_links":{"self":[{"href":"https:\/\/www.squareone.ca\/fr\/wp-json\/wp\/v2\/pages\/48886","targetHints":{"allow":["GET"]}}],"collection":[{"href":"https:\/\/www.squareone.ca\/fr\/wp-json\/wp\/v2\/pages"}],"about":[{"href":"https:\/\/www.squareone.ca\/fr\/wp-json\/wp\/v2\/types\/page"}],"author":[{"embeddable":true,"href":"https:\/\/www.squareone.ca\/fr\/wp-json\/wp\/v2\/users\/2"}],"replies":[{"embeddable":true,"href":"https:\/\/www.squareone.ca\/fr\/wp-json\/wp\/v2\/comments?post=48886"}],"version-history":[{"count":36,"href":"https:\/\/www.squareone.ca\/fr\/wp-json\/wp\/v2\/pages\/48886\/revisions"}],"predecessor-version":[{"id":78909,"href":"https:\/\/www.squareone.ca\/fr\/wp-json\/wp\/v2\/pages\/48886\/revisions\/78909"}],"up":[{"embeddable":true,"href":"https:\/\/www.squareone.ca\/fr\/wp-json\/wp\/v2\/pages\/58634"}],"wp:featuredmedia":[{"embeddable":true,"href":"https:\/\/www.squareone.ca\/fr\/wp-json\/wp\/v2\/media\/52870"}],"wp:attachment":[{"href":"https:\/\/www.squareone.ca\/fr\/wp-json\/wp\/v2\/media?parent=48886"}],"curies":[{"name":"wp","href":"https:\/\/api.w.org\/{rel}","templated":true}]}}