{"id":49134,"date":"2021-08-13T09:04:48","date_gmt":"2021-08-13T16:04:48","guid":{"rendered":"https:\/\/www.squareone.ca\/a-propos-de-nous\/possibilites-carriere\/agent-assurance-agree-teletravail"},"modified":"2025-08-12T15:30:15","modified_gmt":"2025-08-12T22:30:15","slug":"agent-assurance-agree-teletravail","status":"publish","type":"page","link":"https:\/\/www.squareone.ca\/fr\/carrieres\/fr\/agent-assurance-agree-teletravail-bc","title":{"rendered":"Agent en assurance agr\u00e9\u00e9 (t\u00e9l\u00e9travail)"},"content":{"rendered":"<section id=\"intro\" class=\"mb-3 bg-shape sub-page-jumbotron xwide-mobile\">\r\n<div class=\"container-fluid\">\r\n\t\t<h1>Agent en assurance agr\u00e9\u00e9 (t\u00e9l\u00e9travail)<\/h1>\r\n\t\t<p class=\"display-4\">Chez Square One, nous visons moderniser l\u2019assurance habitation pour un public du vingt et uni\u00e8me si\u00e8cle\u00a0: nous ne sommes plus aux ann\u00e9es 1970. Nous y arrivons en supprimant des \u00e9l\u00e9ments inutiles int\u00e9gr\u00e9s aux polices traditionnelles en suivant nos <a title=\"Principes directeurs\" href=\"\/fr\/a-propos-de-nous\">principes directeurs<\/a>.<\/p>\r\n\t\t<p class=\"display-4\">En votre qualit\u00e9 d\u2019agent en assurance, la mani\u00e8re dont vous interagissez avec les clients peut faire ou d\u00e9faire notre relation avec ceux-ci. Dans cette optique, vous repr\u00e9sentez toujours Square One de mani\u00e8re aimable et professionnelle. Pour la plupart, vous fournissez des soumissions et vendez des polices \u00e0 de nouveaux clients. Cela dit, il est tout aussi important d\u2019offrir un service impeccable aux clients existants.<\/p>\r\n\r\n<\/div>\r\n<\/section>\r\n<section id=\"body\">\r\n<div class=\"container-fluid pb-6 mb-3\">\r\n\r\n<h2>Votre r\u00e9mun\u00e9ration et vos avantages sociaux<\/h2>\r\n\t\t\t<p>Vous aimez le fait que Square One personnalise votre r\u00e9mun\u00e9ration et vos avantages sociaux tout comme elle personnalise les polices de ses clients. Votre r\u00e9gime de r\u00e9mun\u00e9ration et d\u2019avantages sociaux tr\u00e8s concurrentiel comprend ce qui suit\u00a0:<\/p>\r\n\t\t\t<ul>\r\n\t\t\t\t<li>Un salaire de base de 50\u00a0000\u00a0$ par an.<\/li>\r\n\t\t\t\t<li>3 semaines, et non 2 semaines, de vacances d\u00e8s le d\u00e9but de votre emploi et une semaine suppl\u00e9mentaire apr\u00e8s 3 ans d\u2019anciennet\u00e9 seulement.<\/li>\r\n<li>La capacit\u00e9 de travailler \u00e0 la maison.<\/li>\r\n\t\t\t\t<li>Une couverture m\u00e9dicale, dentaire, visuelle et assurance-maladie compl\u00e9mentaire<\/li>\r\n<li>Une protection d&rsquo;invalididt\u00e9 \u00e8 court et \u00e0 long terme<\/li>\r\n\t\t\t\t<li>L\u2019admissibilit\u00e9 au r\u00e9gime de participation aux b\u00e9n\u00e9fices de la compagnie<\/li>\r\n<li>Des soupers d&rsquo;\u00e9quipe aux frais de la compagnie<\/li>\r\n\t\t\t<\/ul>\r\n\r\n\t\t<h2>Votre r\u00f4le<\/h2>\r\n\t\t<p>Votre succ\u00e8s dans ce r\u00f4le provient de votre passion d\u2019aider les gens et d\u2019une approche bas\u00e9e sur vos connaissances. Vous avez d\u2019excellentes comp\u00e9tences sociales et vous adorez interagir avec de nouvelles personnes. Vous savez tisser des liens avec des clients potentiels, en grande partie en raison de vos comp\u00e9tences sup\u00e9rieures d\u2019\u00e9coute et d\u2019interrogation. R\u00e9sultat : les gens se sentent \u00e0 l\u2019aise avec vous. Une fois que vous savez les objectifs et les besoins des clients, vous tirez une grande fiert\u00e9 de tailler une police adapt\u00e9e \u00e0 leurs besoins et, avec un peu de chance, leur offrir des \u00e9conomies.<\/p>\r\n\t\t<p>Plus de 90\u00a0% de votre journ\u00e9e est pass\u00e9e au t\u00e9l\u00e9phone, entre les appels entrants et sortants. Vous ne poussez jamais un client \u00e0 souscrire une police, mais vous n\u2019h\u00e9sitez pas \u00e0 solliciter la vente. Vous recevez des appels vari\u00e9s et faites affaire \u00e0 divers clients, tout en adaptant votre interaction \u00e0 la situation. Si des probl\u00e8mes surviennent pendant un appel, vous prenez responsabilit\u00e9 et vous relevez les d\u00e9fis de mani\u00e8re diplomate.<\/p>\r\n\t\t<p>L\u2019un des aspects les plus agr\u00e9ables de Square One c\u2019est l\u2019ambiance de solidarit\u00e9 dans l\u2019\u00e9quipe. Vos efforts ne sont jamais vou\u00e9s \u00e0 l\u2019\u00e9chec; vous recevrez l\u2019encadrement, le mentorat, la formation et les outils dont vous avez besoin pour r\u00e9ussir.<\/p>\r\n\r\n\r\n\t\t\t<h2>Vos responsabilit\u00e9s<\/h2>\r\n\t\t\t<p>Vous faites partie de l\u2019\u00e9quipe du centre d\u2019appel de Square One o\u00f9 vous \u00eates le premier et principal contact pour les clients potentiels et existants. Dans cette optique, vous avez plusieurs responsabilit\u00e9s importantes, entre autres :<\/p>\r\n\t\t\t<ul>\r\n\t\t\t\t<li>Traiter rapidement et professionnellement un volume \u00e9lev\u00e9 d\u2019appels entrants de la part des clients.<\/li>\r\n\t\t\t\t<li>Appeler les clients qui ont re\u00e7u du mat\u00e9riel publicitaire cibl\u00e9.<\/li>\r\n\t\t\t\t<li>\u00c9valuer les besoins des clients, fournir des soumissions et finalement vendre des polices adapt\u00e9es aux besoins des clients.<\/li>\r\n\t\t\t\t<li>Faire la promotion de Square One parmi vos amis et les membres de votre famille, et encourager les clients \u00e0 faire de m\u00eame.<\/li>\r\n\t\t\t\t<li>G\u00e9rer le recouvrement des paiements<\/li>\r\n\t\t\t\t<li>Aider les clients \u00e0 apporter des changements \u00e0 leurs polices tout en assurant que leur couverture comble toujours leurs besoins.<\/li>\r\n\t\t\t\t<li>Recevoir les d\u00e9clarations de r\u00e9clamation des clients et les aider avec d\u2019autres probl\u00e8mes ou questions.<\/li>\r\n\t\t\t\t<li>Poursuivre votre formation et vos connaissances du secteur.<\/li>\r\n\t\t\t\t<li>Rep\u00e9rer et recommander des occasions o\u00f9 nous pouvons am\u00e9liorer nos produits, processus et syst\u00e8mes.<\/li>\r\n\t\t\t<\/ul>\r\n\r\n\t\t\t<h2>Vos qualifications<\/h2>\r\n\t\t\t<p>\u00c0 titre de membre de l\u2019\u00e9quipe de Square One, vous voulez contribuer au succ\u00e8s global de la compagnie. Vous y arrivez en devenant un sp\u00e9cialiste en la mati\u00e8re, en dirigeant votre propre travail et en collaborant avec une \u00e9quipe ayant un objectif plus large que la simple g\u00e9n\u00e9ration de recettes. Vous et ceux qui travaillent avec vous diriez ce qui suit :<\/p>\r\n\t\t\t<ul>\r\n\t\t\t\t<li>Vous aimez travailler avec les autres et vous adorez aider les clients.<\/li>\r\n\t\t\t\t<li>Vous offrez un service \u00e0 la client\u00e8le impeccable et poss\u00e9dez des comp\u00e9tences sup\u00e9rieures au t\u00e9l\u00e9phone.<\/li>\r\n\t\t\t\t<li>Vous communiquez efficacement \u00e0 l\u2019oral et \u00e0 l\u2019\u00e9crit.<\/li>\r\n\t\t\t\t<li>Vous utilisez vos comp\u00e9tences d\u2019\u00e9coute et d\u2019interrogation pour comprendre les besoins et probl\u00e8mes des clients.<\/li>\r\n\t\t\t\t<li>Vous privil\u00e9giez un style de vente consultatif.<\/li>\r\n\t\t\t\t<li>Vous acceptez les objections et r\u00e9agissez bien face au rejet.<\/li>\r\n\t\t\t\t<li>Vous travaillez bien sous pression, ind\u00e9pendamment et au sein d\u2019une \u00e9quipe.<\/li>\r\n\t\t\t\t<li>Vous faites tr\u00e8s attention aux d\u00e9tails.<\/li>\r\n\t\t\t\t<li>Vous prenez des d\u00e9cisions judicieuses et des risques calcul\u00e9s.<\/li>\r\n\t\t\t\t<li>Vous vous adaptez bien au changement et vous \u00eates souvent \u00e0 l\u2019origine du changement.<\/li>\r\n\t\t\t\t<li>Vous aimez le perfectionnement personnel par l\u2019interm\u00e9diaire de l\u2019apprentissage.<\/li>\r\n\t\t\t\t<li>Vous offrez et acceptez des r\u00e9actions et commentaires constructifs.<\/li>\r\n\t\t\t<\/ul>\r\n\r\n<h2>Votre \u00e9ducation et votre exp\u00e9rience<\/h2>\r\n<p>Votre exp\u00e9rience et votre \u00e9ducation, alli\u00e9es \u00e0 notre formation de produit et de vente, constituent la fondation de votre succ\u00e8s chez Square One. Pour ce r\u00f4le, vous devez avoir :<\/p>\r\n\t\t\t<ul>\r\n\r\n<li>Un certificat en assurance de dommages en Ontario valide.<\/li>\t\r\n<li>Au moins 2\u00a0ans d\u2019exp\u00e9rience dans la vente des polices d\u2019assurance, de pr\u00e9f\u00e9rence dans un milieu de centre d\u2019appel.<\/li>\r\n\t\t\t\t<li>Au moins 1\u00a0an d\u2019anciennet\u00e9 chez un employeur r\u00e9cent.<\/li>\r\n\t\t\t\t<li>Un dipl\u00f4me d\u2019\u00e9tudes secondaires et, de pr\u00e9f\u00e9rence, des \u00e9tudes postsecondaires partielles.<\/li>\r\n\t\t\t\t\r\n\t\t\t<\/ul>\r\n\t\t\t<p>Si vous \u00eates titulaire du certificat de niveau\u00a01, visez obtenir le certificat de niveau\u00a02 et croyez que vous comblez les qualifications du poste, n\u2019h\u00e9sitez pas \u00e0 postuler. Nous prendrons en consid\u00e9ration votre candidature.<\/p>\r\n\r\n<h2>Pourquoi travailler chez Square One?<\/h2>\r\n\t\t\t\t<p>La r\u00e9ponse la plus courte et la plus simple? Vous voulez faire partie d\u2019une \u00e9quipe tr\u00e8s soud\u00e9e o\u00f9 l\u2019expertise de chaque employ\u00e9 est respect\u00e9e et estim\u00e9e.<\/p>\r\n\t\t\t\t<p>Vous en avez assez de travailler dans des compagnies o\u00f9 l\u2019on vous dit quoi faire et comment le faire, mais qui ne vous r\u00e9mun\u00e8rent pas \u00e9quitablement. Pour de plus amples renseignements sur Square One, veuillez cliquer sur le bouton ci-dessous.<\/p>\r\n\t\t\t\t<p class=\"pb-3\"><a class=\"btn btn-primary\" href=\"\/fr\/carrieres\" title=\"Carri\u00e8res\">Lisez la suite<\/a><\/p>\r\n\t\t\t\t\r\n\t\t\t<\/div>\r\n<\/section><section id=\"how-to\" class=\"bg-shape shape-blue-curve-up xwide-mobile\">\r\n<div class=\"container-fluid pb-6\">\r\n<h2>Comment postuler<\/h2>\r\n<p class='display-4'>Si vous souhaitez poser votre candidature, envoyez-nous votre C.V. Nous nous engageons \u00e0 r\u00e9pondre \u00e0 tous les candidats et \u00e0 toutes les questions. Donc, n\u2019h\u00e9sitez pas \u00e0 nous faire part de vos questions.<\/p>\r\n<p><a class=\"btn btn-primary\" href=\"mailto:careers@squareone.ca\" title=\"Envoyez-nous un message\">Envoyez-nous un message<\/a><\/p>\r\n<\/div>\r\n<\/section>\r\n<script type=\"application\/ld+json\">\r\n{\r\n  \"@context\": \"https:\/\/schema.org\/\",\r\n  \"@type\": \"JobPosting\",\r\n  \"title\": \"Agent en assurance agr\u00e9\u00e9 (t\u00e9l\u00e9travail)\",\r\n  \"description\": \"<p>Chez Square One, nous visons moderniser l\u2019assurance habitation pour un public du vingt et uni\u00e8me si\u00e8cle : nous ne sommes plus aux ann\u00e9es 1970. Nous y arrivons en supprimant des \u00e9l\u00e9ments inutiles int\u00e9gr\u00e9s aux polices traditionnelles en suivant nos principes directeurs.<\/p>\r\n<p>En votre qualit\u00e9 d\u2019agent en assurance, la mani\u00e8re dont vous interagissez avec les clients peut faire ou d\u00e9faire notre relation avec ceux-ci. Dans cette optique, vous repr\u00e9sentez toujours Square One de mani\u00e8re aimable et professionnelle. Pour la plupart, vous fournissez des soumissions et vendez des polices \u00e0 de nouveaux clients. Cela dit, il est tout aussi important d\u2019offrir un service impeccable aux clients existants.<\/p>\r\n\r\n<h2>Votre r\u00e9mun\u00e9ration et vos avantages sociaux<\/h2>\r\n<p>Vous aimez le fait que Square One personnalise votre r\u00e9mun\u00e9ration et vos avantages sociaux tout comme elle personnalise les polices de ses clients. Votre r\u00e9gime de r\u00e9mun\u00e9ration et d\u2019avantages sociaux tr\u00e8s concurrentiel comprend ce qui suit :<\/p>\r\n<ul>\r\n<li>Un salaire de base de 50 000 $ par an.<\/li>\r\n<li>3 semaines, et non 2 semaines, de vacances d\u00e8s le d\u00e9but de votre emploi et une semaine suppl\u00e9mentaire apr\u00e8s 3 ans d\u2019anciennet\u00e9 seulement.<\/li>\r\n<li>La capacit\u00e9 de travailler \u00e0 la maison.<\/li>\r\n<li>Une couverture m\u00e9dicale, dentaire, visuelle et assurance-maladie compl\u00e9mentaire<\/li>\r\n<li>Une protection d\u2019invalididt\u00e9 \u00e8 court et \u00e0 long terme<\/li>\r\n<li>L\u2019admissibilit\u00e9 au r\u00e9gime de participation aux b\u00e9n\u00e9fices de la compagnie<\/li>\r\n<li>Des soupers d\u2019\u00e9quipe aux frais de la compagnie<\/li>\r\n<\/ul>\r\n\r\n<h2>Votre r\u00f4le<\/h2>\r\n<p>Votre succ\u00e8s dans ce r\u00f4le provient de votre passion d\u2019aider les gens et d\u2019une approche bas\u00e9e sur vos connaissances. Vous avez d\u2019excellentes comp\u00e9tences sociales et vous adorez interagir avec de nouvelles personnes. Vous savez tisser des liens avec des clients potentiels, en grande partie en raison de vos comp\u00e9tences sup\u00e9rieures d\u2019\u00e9coute et d\u2019interrogation. R\u00e9sultat : les gens se sentent \u00e0 l\u2019aise avec vous. Une fois que vous savez les objectifs et les besoins des clients, vous tirez une grande fiert\u00e9 de tailler une police adapt\u00e9e \u00e0 leurs besoins et, avec un peu de chance, leur offrir des \u00e9conomies.<\/p>\r\n<p>Plus de 90 % de votre journ\u00e9e est pass\u00e9e au t\u00e9l\u00e9phone, entre les appels entrants et sortants. Vous ne poussez jamais un client \u00e0 souscrire une police, mais vous n\u2019h\u00e9sitez pas \u00e0 solliciter la vente. Vous recevez des appels vari\u00e9s et faites affaire \u00e0 divers clients, tout en adaptant votre interaction \u00e0 la situation. Si des probl\u00e8mes surviennent pendant un appel, vous prenez responsabilit\u00e9 et vous relevez les d\u00e9fis de mani\u00e8re diplomate.<\/p>\r\n<p>L\u2019un des aspects les plus agr\u00e9ables de Square One c\u2019est l\u2019ambiance de solidarit\u00e9 dans l\u2019\u00e9quipe. Vos efforts ne sont jamais vou\u00e9s \u00e0 l\u2019\u00e9chec; vous recevrez l\u2019encadrement, le mentorat, la formation et les outils dont vous avez besoin pour r\u00e9ussir.<\/p>\r\n\r\n<h2>Vos responsabilit\u00e9s<\/h2>\r\n<p>Vous faites partie de l\u2019\u00e9quipe du centre d\u2019appel de Square One o\u00f9 vous \u00eates le premier et principal contact pour les clients potentiels et existants. Dans cette optique, vous avez plusieurs responsabilit\u00e9s importantes, entre autres :<\/p>\r\n<ul>\r\n<li>Traiter rapidement et professionnellement un volume \u00e9lev\u00e9 d\u2019appels entrants de la part des clients.<\/li>\r\n<li>Appeler les clients qui ont re\u00e7u du mat\u00e9riel publicitaire cibl\u00e9.<\/li>\r\n<li>\u00c9valuer les besoins des clients, fournir des soumissions et finalement vendre des polices adapt\u00e9es aux besoins des clients.<\/li>\r\n<li>Faire la promotion de Square One parmi vos amis et les membres de votre famille, et encourager les clients \u00e0 faire de m\u00eame.<\/li>\r\n<li>G\u00e9rer le recouvrement des paiements<\/li>\r\n<li>Aider les clients \u00e0 apporter des changements \u00e0 leurs polices tout en assurant que leur couverture comble toujours leurs besoins.<\/li>\r\n<li>Recevoir les d\u00e9clarations de r\u00e9clamation des clients et les aider avec d\u2019autres probl\u00e8mes ou questions.<\/li>\r\n<li>Poursuivre votre formation et vos connaissances du secteur.<\/li>\r\n<li>Rep\u00e9rer et recommander des occasions o\u00f9 nous pouvons am\u00e9liorer nos produits, processus et syst\u00e8mes.<\/li>\r\n<\/ul>\r\n\r\n<h2>Vos qualifications<\/h2>\r\n<p>\u00c0 titre de membre de l\u2019\u00e9quipe de Square One, vous voulez contribuer au succ\u00e8s global de la compagnie. Vous y arrivez en devenant un sp\u00e9cialiste en la mati\u00e8re, en dirigeant votre propre travail et en collaborant avec une \u00e9quipe ayant un objectif plus large que la simple g\u00e9n\u00e9ration de recettes. Vous et ceux qui travaillent avec vous diriez ce qui suit :<\/p>\r\n<ul>\r\n<li>Vous aimez travailler avec les autres et vous adorez aider les clients.<\/li>\r\n<li>Vous offrez un service \u00e0 la client\u00e8le impeccable et poss\u00e9dez des comp\u00e9tences sup\u00e9rieures au t\u00e9l\u00e9phone.<\/li>\r\n<li>Vous communiquez efficacement \u00e0 l\u2019oral et \u00e0 l\u2019\u00e9crit.<\/li>\r\n<li>Vous utilisez vos comp\u00e9tences d\u2019\u00e9coute et d\u2019interrogation pour comprendre les besoins et probl\u00e8mes des clients.<\/li>\r\n<li>Vous privil\u00e9giez un style de vente consultatif.<\/li>\r\n<li>Vous acceptez les objections et r\u00e9agissez bien face au rejet.<\/li>\r\n<li>Vous travaillez bien sous pression, ind\u00e9pendamment et au sein d\u2019une \u00e9quipe.<\/li>\r\n<li>Vous faites tr\u00e8s attention aux d\u00e9tails.<\/li>\r\n<li>Vous prenez des d\u00e9cisions judicieuses et des risques calcul\u00e9s.<\/li>\r\n<li>Vous vous adaptez bien au changement et vous \u00eates souvent \u00e0 l\u2019origine du changement.<\/li>\r\n<li>Vous aimez le perfectionnement personnel par l\u2019interm\u00e9diaire de l\u2019apprentissage.<\/li>\r\n<li>Vous offrez et acceptez des r\u00e9actions et commentaires constructifs.<\/li>\r\n<\/ul>\r\n\r\n<h2>Votre \u00e9ducation et votre exp\u00e9rience<\/h2>\r\n<p>Votre exp\u00e9rience et votre \u00e9ducation, alli\u00e9es \u00e0 notre formation de produit et de vente, constituent la fondation de votre succ\u00e8s chez Square One. Pour ce r\u00f4le, vous devez avoir :<\/p>\r\n<ul>\r\n<li>Un certificat en assurance de dommages en Ontario valide.<\/li>\t\r\n<li>Au moins 2 ans d\u2019exp\u00e9rience dans la vente des polices d\u2019assurance, de pr\u00e9f\u00e9rence dans un milieu de centre d\u2019appel.<\/li>\r\n<li>Au moins 1 an d\u2019anciennet\u00e9 chez un employeur r\u00e9cent.<\/li>\r\n<li>Un dipl\u00f4me d\u2019\u00e9tudes secondaires et, de pr\u00e9f\u00e9rence, des \u00e9tudes postsecondaires partielles.<\/li>\r\n<\/ul>\r\n<p>Si vous \u00eates titulaire du certificat de niveau 1, visez obtenir le certificat de niveau 2 et croyez que vous comblez les qualifications du poste, n\u2019h\u00e9sitez pas \u00e0 postuler. Nous prendrons en consid\u00e9ration votre candidature.<\/p>\r\n\r\n<h2>Pourquoi travailler chez Square One?<\/h2>\r\n<p>La r\u00e9ponse la plus courte et la plus simple? Vous voulez faire partie d\u2019une \u00e9quipe tr\u00e8s soud\u00e9e o\u00f9 l\u2019expertise de chaque employ\u00e9 est respect\u00e9e et estim\u00e9e.<\/p>\r\n<p>Vous en avez assez de travailler dans des compagnies o\u00f9 l\u2019on vous dit quoi faire et comment le faire, mais qui ne vous r\u00e9mun\u00e8rent pas \u00e9quitablement. Pour de plus amples renseignements sur Square One, visitez https:\/\/www.squareone.ca\/fr\/carrieres.<\/p>\r\n\r\n<h2>Comment postuler<\/h2>\r\n<p>Si vous souhaitez poser votre candidature, envoyez-nous votre C.V. Nous nous engageons \u00e0 r\u00e9pondre \u00e0 tous les candidats et \u00e0 toutes les questions. Donc, n\u2019h\u00e9sitez pas \u00e0 nous faire part de vos questions.<\/p>\r\n<p>Envoyez-nous un message: careers@squareone.ca<\/p>\",\r\n  \"hiringOrganization\" : {\r\n    \"@type\": \"Organization\",\r\n    \"name\": \"Square One Insurance Services\",\r\n    \"sameAs\": \"https:\/\/www.squareone.ca\/\",\r\n    \"logo\": \"https:\/\/www.squareone.ca\/sales\/images\/logos\/square-one-logo.svg\"\r\n  },\r\n  \"industry\": \"Insurance\",\r\n  \"employmentType\": \"FULL_TIME\",\r\n  \"datePosted\": \"2023-03-20\",\r\n  \"validThrough\": \"2023-04-14\",\r\n  \"applicantLocationRequirements\": {\r\n    \"@type\": \"Country\",\r\n    \"name\": \"CA\"\r\n  },\r\n  \"jobLocationType\": \"TELECOMMUTE\",\r\n  \"baseSalary\": {\r\n    \"@type\": \"MonetaryAmount\",\r\n    \"currency\": \"CAD\",\r\n    \"value\": {\r\n      \"@type\": \"QuantitativeValue\",\r\n      \"value\": 50000,\r\n      \"unitText\": \"YEAR\"\r\n    }\r\n  }\r\n}\r\n<\/script>\r\n","protected":false},"excerpt":{"rendered":"<p>Agent en assurance agr\u00e9\u00e9 (t\u00e9l\u00e9travail) Chez Square One, nous visons moderniser l\u2019assurance habitation pour un public du vingt et uni\u00e8me si\u00e8cle\u00a0: nous ne sommes plus aux ann\u00e9es 1970. Nous y arrivons en supprimant des \u00e9l\u00e9ments inutiles int\u00e9gr\u00e9s aux polices traditionnelles en suivant nos principes directeurs. En votre qualit\u00e9 d\u2019agent en assurance, la mani\u00e8re dont vous [&hellip;]<\/p>\n","protected":false},"author":11,"featured_media":0,"parent":47917,"menu_order":0,"comment_status":"closed","ping_status":"closed","template":"","meta":{"_acf_changed":false,"footnotes":""},"class_list":["post-49134","page","type-page","status-publish","hentry"],"acf":[],"_links":{"self":[{"href":"https:\/\/www.squareone.ca\/fr\/wp-json\/wp\/v2\/pages\/49134","targetHints":{"allow":["GET"]}}],"collection":[{"href":"https:\/\/www.squareone.ca\/fr\/wp-json\/wp\/v2\/pages"}],"about":[{"href":"https:\/\/www.squareone.ca\/fr\/wp-json\/wp\/v2\/types\/page"}],"author":[{"embeddable":true,"href":"https:\/\/www.squareone.ca\/fr\/wp-json\/wp\/v2\/users\/11"}],"replies":[{"embeddable":true,"href":"https:\/\/www.squareone.ca\/fr\/wp-json\/wp\/v2\/comments?post=49134"}],"version-history":[{"count":14,"href":"https:\/\/www.squareone.ca\/fr\/wp-json\/wp\/v2\/pages\/49134\/revisions"}],"predecessor-version":[{"id":63084,"href":"https:\/\/www.squareone.ca\/fr\/wp-json\/wp\/v2\/pages\/49134\/revisions\/63084"}],"up":[{"embeddable":true,"href":"https:\/\/www.squareone.ca\/fr\/wp-json\/wp\/v2\/pages\/47917"}],"wp:attachment":[{"href":"https:\/\/www.squareone.ca\/fr\/wp-json\/wp\/v2\/media?parent=49134"}],"curies":[{"name":"wp","href":"https:\/\/api.w.org\/{rel}","templated":true}]}}