{"id":49151,"date":"2021-08-13T09:46:06","date_gmt":"2021-08-13T16:46:06","guid":{"rendered":"https:\/\/www.squareone.ca\/a-propos-de-nous\/possibilites-carriere\/agent-assurance-dommages-teletravail"},"modified":"2023-07-27T11:53:24","modified_gmt":"2023-07-27T18:53:24","slug":"agent-assurance-dommages-teletravail","status":"publish","type":"page","link":"https:\/\/www.squareone.ca\/fr\/carrieres\/agent-assurance-dommages-teletravail","title":{"rendered":"Agent en assurance de dommages (t\u00e9l\u00e9travail)"},"content":{"rendered":"<section id=\"intro\" class=\"mb-3 bg-shape sub-page-jumbotron xwide-mobile\">\r\n<div class=\"container-fluid\">\r\n\t\t<h1>Agent en assurance de dommages (certificat de l&rsquo;AMF)<\/h1>\r\n\t\t\r\n\t\t<p class=\"display-4\">Chez Square One, nous visons moderniser l\u2019assurance habitation pour un public du vingt et uni\u00e8me si\u00e8cle\u00a0: fini les polices ancr\u00e9es aux ann\u00e9es 1970 et avant. Nous y arrivons en supprimant des dispositions complexes et inutiles int\u00e9gr\u00e9es aux polices traditionnelles en suivant nos <a title=\"Principes directeurs\" href=\"\/fr\/a-propos-de-nous\">principes directeurs<\/a>.<\/p>\r\n\t\t<p class=\"display-4\">En votre qualit\u00e9 d\u2019agent en assurance de dommages, la mani\u00e8re dont vous interagissez avec les clients peut faire ou d\u00e9faire notre relation avec ceux-ci. Dans cette optique, vous repr\u00e9sentez toujours Square One de mani\u00e8re aimable et professionnelle. Pour la plupart, vous fournissez des soumissions et vendez des polices \u00e0 de nouveaux clients. Cela dit, il est tout aussi important d\u2019offrir un service impeccable aux clients existants.<\/p>\r\n\t<\/div>\r\n<\/section>\r\n\r\n<section id=\"body\">\r\n<div class=\"container-fluid pb-6 mb-3\">\r\n\t\t<h2>Votre r\u00f4le<\/h2>\r\n\t\t<p>Votre succ\u00e8s dans ce r\u00f4le provient de votre passion d\u2019aider les gens et d\u2019une approche bas\u00e9e sur vos connaissances. Vous avez d\u2019excellentes comp\u00e9tences sociales et vous adorez interagir avec de nouvelles personnes. Vous savez \u00e9tablir des relations solides avec de clients potentiels, gr\u00e2ce \u00e0 vos excellentes comp\u00e9tences d\u2019\u00e9coute. Une fois que vous d\u00e9terminez les besoins du client, vous tirez une grande fiert\u00e9 de personnaliser une police en cons\u00e9quence et, avec un peu de chance, d\u2019offrir des \u00e9conomies.<\/p>\r\n\t\t<p>Plus de 90\u00a0% de votre journ\u00e9e est pass\u00e9e au t\u00e9l\u00e9phone, entre les appels entrants et sortants. Vous ne poussez jamais un client \u00e0 souscrire une police, mais vous n\u2019h\u00e9sitez pas \u00e0 solliciter la vente. Vous recevez des appels vari\u00e9s et faites affaire \u00e0 divers clients, tout en adaptant votre interaction \u00e0 la situation. Si des probl\u00e8mes surviennent pendant un appel, vous prenez responsabilit\u00e9 et vous relevez les d\u00e9fis de mani\u00e8re diplomate.<\/p>\r\n\t\t<p>L\u2019un des aspects les plus agr\u00e9ables de Square One c\u2019est l\u2019ambiance de solidarit\u00e9 dans l\u2019\u00e9quipe. Vos efforts ne sont jamais vou\u00e9s \u00e0 l\u2019\u00e9chec; vous recevez tout l\u2019encadrement et toute la formation dont vous avez besoin.<\/p>\r\n\r\n<h2>Votre r\u00e9mun\u00e9ration et vos avantages sociaux<\/h2>\r\n\t\t\t<p>Vous aimez le fait que Square One personnalise votre r\u00e9mun\u00e9ration et vos avantages sociaux tout comme elle personnalise les polices de ses clients. Votre r\u00e9gime de r\u00e9mun\u00e9ration et d\u2019avantages sociaux tr\u00e8s concurrentiel comprend ce qui suit\u00a0:<\/p>\r\n\t\t\t<ul>\r\n<li>Un salaire de base de 50&nbsp;030&nbsp;$ \u00e0 62&nbsp;259&nbsp;$ par an<\/li>\r\n<li>La possibilit\u00e9 de travailler \u00e0 la maison<\/li>\r\n<li>De l\u2019\u00e9quipement informatique exp\u00e9di\u00e9 chez vous avant le d\u00e9but de votre emploi<\/li>\r\n<li>3 semaines, et non 2 semaines, de vacances d\u00e8s le d\u00e9but de votre emploi<\/li>\r\n<li>Un r\u00e9gime de bien-\u00eatre annuel qui privil\u00e9gie un style de vie sain et actif<\/li>\r\n<li>Une formation exhaustive ainsi que la formation externe appropri\u00e9e, le tout aux frais de Square One<\/li><\/p>\r\n\r\n<\/ul>\r\n\r\n<h2>Vos responsabilit\u00e9s<\/h2>\r\n<p>Vous faites partie de l\u2019\u00e9quipe du centre d\u2019appel de Square One o\u00f9 vous \u00eates le premier et principal contact pour les clients potentiels et existants. Dans cette optique, vous avez plusieurs responsabilit\u00e9s importantes, entre autres :<\/p>\r\n\t\t\t<ul>\r\n<li>Offrir un service \u00e0 la client\u00e8le sup\u00e9rieur qui favorise la r\u00e9tention des clients<\/li>\r\n<li>Traiter rapidement et professionnellement un volume \u00e9lev\u00e9 d\u2019appels entrants de la part des clients<\/li>\r\n<li>Appeler des clients qui ont re\u00e7u du mat\u00e9riel publicitaire cibl\u00e9<\/li>\r\n<li>\u00c9valuer les besoins des clients, fournir des soumissions et, finalement, vendre des polices<\/li>\r\n<li>R\u00e9pondre aux demandes de courriel et de clavardage en ligne de la part des clients<\/li>\r\n<li>Traiter les questions li\u00e9es au paiement<\/li>\r\n<li>Aider les clients \u00e0 apporter des modifications \u00e0 leurs polices<\/li>\r\n<li>Recevoir des d\u00e9clarations de sinistre de la part des clients<\/li><\/p>\r\n\t\t\r\n\t\t\t<\/ul>\r\n\r\n<h2>Votre \u00e9ducation et votre exp\u00e9rience<\/h2>\r\n<p>Votre exp\u00e9rience et votre \u00e9ducation, alli\u00e9es \u00e0 notre formation de produit et de vente, constituent la fondation de votre succ\u00e8s chez Square One. Pour ce r\u00f4le, vous devez avoir :<\/p>\r\n\r\n<p><strong>obligatoire<\/strong><\/p>\r\n\r\n<ul>\r\n\r\n<li>Un certificat d&rsquo;agent ou de courtier en assurance de dommages en vigueur d\u00e9livr\u00e9 par l&rsquo;Autorit\u00e9 des march\u00e9s financiers (AMF)<\/li>\r\n<li>La capacit\u00e9 de communiquer couramment en fran\u00e7ais et en anglais pour combler les besoins linguistiques des clients qu\u00e9b\u00e9cois<\/li>\r\n<li>Une connexion Internet c\u00e2bl\u00e9e Ethernet<\/li>\r\n\r\n<\/ul>\r\n\r\n<p><strong>atout<\/strong><\/p>\r\n\r\n<ul>\r\n\r\n<li>Au moins 2\u00a0ans d\u2019exp\u00e9rience dans la vente des polices d\u2019assurance, de pr\u00e9f\u00e9rence dans un milieu de centre d\u2019appel<\/li>\r\n<li>Au moins 1\u00a0an d\u2019anciennet\u00e9 chez un employeur r\u00e9cent<\/li>\r\n<li>Un dipl\u00f4me d\u2019\u00e9tudes secondaires et, de pr\u00e9f\u00e9rence, des \u00e9tudes postsecondaires partielles<\/li><\/p>\r\n\r\n<\/ul>\r\n\r\n<h2>Pourquoi travailler chez Square One?<\/h2>\r\n<p>La r\u00e9ponse la plus courte et la plus simple? Vous voulez faire partie d\u2019une \u00e9quipe tr\u00e8s soud\u00e9e o\u00f9 l\u2019expertise de chaque employ\u00e9 est respect\u00e9e et estim\u00e9e.<\/p>\r\n<p>Vous en avez assez de travailler dans des compagnies qui ne vous r\u00e9mun\u00e8rent pas \u00e9quitablement, o\u00f9 l\u2019on vous dit quoi faire et comment le faire.<\/p>\r\n\t\t\t<\/div>\r\n<\/section>\r\n\r\n<section id=\"how-to\" class=\"bg-shape shape-blue-curve-up xwide-mobile\">\r\n<div class=\"container-fluid pb-6\">\r\n<h2>Comment postuler<\/h2>\r\n<p class='display-4'>Si vous souhaitez poser votre candidature, envoyez-nous votre C.V. Nous nous engageons \u00e0 r\u00e9pondre \u00e0 tous les candidats et \u00e0 toutes les questions. Donc, n\u2019h\u00e9sitez pas \u00e0 nous faire part de vos questions.<\/p>\r\n<p><a class=\"btn btn-primary\" href=\"mailto:careers@squareone.ca\" title=\"Envoyez-nous un message\">Envoyez-nous un message<\/a><\/p>\r\n<\/div>\r\n<\/section>\r\n<script type=\"application\/ld+json\">\r\n{\r\n  \"@context\": \"https:\/\/schema.org\/\",\r\n  \"@type\": \"JobPosting\",\r\n  \"title\": \"Agent en assurance de dommages (certificat de l\u2019AMF)\",\r\n  \"description\": \"<p>Chez Square One, nous visons moderniser l\u2019assurance habitation pour un public du vingt et uni\u00e8me si\u00e8cle : fini les polices ancr\u00e9es aux ann\u00e9es 1970 et avant. Nous y arrivons en supprimant des dispositions complexes et inutiles int\u00e9gr\u00e9es aux polices traditionnelles en suivant nos principes directeurs.<\/p>\r\n<p>En votre qualit\u00e9 d\u2019agent en assurance de dommages, la mani\u00e8re dont vous interagissez avec les clients peut faire ou d\u00e9faire notre relation avec ceux-ci. Dans cette optique, vous repr\u00e9sentez toujours Square One de mani\u00e8re aimable et professionnelle. Pour la plupart, vous fournissez des soumissions et vendez des polices \u00e0 de nouveaux clients. Cela dit, il est tout aussi important d\u2019offrir un service impeccable aux clients existants.<\/p>\r\n\r\n<h2>Votre r\u00f4le<\/h2>\r\n<p>Votre succ\u00e8s dans ce r\u00f4le provient de votre passion d\u2019aider les gens et d\u2019une approche bas\u00e9e sur vos connaissances. Vous avez d\u2019excellentes comp\u00e9tences sociales et vous adorez interagir avec de nouvelles personnes. Vous savez \u00e9tablir des relations solides avec de clients potentiels, gr\u00e2ce \u00e0 vos excellentes comp\u00e9tences d\u2019\u00e9coute. Une fois que vous d\u00e9terminez les besoins du client, vous tirez une grande fiert\u00e9 de personnaliser une police en cons\u00e9quence et, avec un peu de chance, d\u2019offrir des \u00e9conomies.<\/p>\r\n<p>Plus de 90 % de votre journ\u00e9e est pass\u00e9e au t\u00e9l\u00e9phone, entre les appels entrants et sortants. Vous ne poussez jamais un client \u00e0 souscrire une police, mais vous n\u2019h\u00e9sitez pas \u00e0 solliciter la vente. Vous recevez des appels vari\u00e9s et faites affaire \u00e0 divers clients, tout en adaptant votre interaction \u00e0 la situation. Si des probl\u00e8mes surviennent pendant un appel, vous prenez responsabilit\u00e9 et vous relevez les d\u00e9fis de mani\u00e8re diplomate.<\/p>\r\n<p>L\u2019un des aspects les plus agr\u00e9ables de Square One c\u2019est l\u2019ambiance de solidarit\u00e9 dans l\u2019\u00e9quipe. Vos efforts ne sont jamais vou\u00e9s \u00e0 l\u2019\u00e9chec; vous recevez tout l\u2019encadrement et toute la formation dont vous avez besoin.<\/p>\r\n\r\n<h2>Votre r\u00e9mun\u00e9ration et vos avantages sociaux<\/h2>\r\n<p>Vous aimez le fait que Square One personnalise votre r\u00e9mun\u00e9ration et vos avantages sociaux tout comme elle personnalise les polices de ses clients. Votre r\u00e9gime de r\u00e9mun\u00e9ration et d\u2019avantages sociaux tr\u00e8s concurrentiel comprend ce qui suit :<\/p>\r\n<ul>\r\n<li>Un salaire de base comman\u00e7ant \u00e0 55 000 $ par an<\/li>\r\n<li>La possibilit\u00e9 de travailler \u00e0 la maison<\/li>\r\n<li>De l\u2019\u00e9quipement informatique exp\u00e9di\u00e9 chez vous avant le d\u00e9but de votre emploi<\/li>\r\n<li>3 semaines, et non 2 semaines, de vacances d\u00e8s le d\u00e9but de votre emploi<\/li>\r\n<li>Un r\u00e9gime de bien-\u00eatre annuel qui privil\u00e9gie un style de vie sain et actif<\/li>\r\n<li>Une formation exhaustive ainsi que la formation externe appropri\u00e9e, le tout aux frais de Square One<\/li><\/p>\r\n<\/ul>\r\n\r\n<h2>Vos responsabilit\u00e9s<\/h2>\r\n<p>Vous faites partie de l\u2019\u00e9quipe du centre d\u2019appel de Square One o\u00f9 vous \u00eates le premier et principal contact pour les clients potentiels et existants. Dans cette optique, vous avez plusieurs responsabilit\u00e9s importantes, entre autres :<\/p>\r\n<ul>\r\n<li>Offrir un service \u00e0 la client\u00e8le sup\u00e9rieur qui favorise la r\u00e9tention des clients<\/li>\r\n<li>Traiter rapidement et professionnellement un volume \u00e9lev\u00e9 d\u2019appels entrants de la part des clients<\/li>\r\n<li>Appeler des clients qui ont re\u00e7u du mat\u00e9riel publicitaire cibl\u00e9<\/li>\r\n<li>\u00c9valuer les besoins des clients, fournir des soumissions et, finalement, vendre des polices<\/li>\r\n<li>R\u00e9pondre aux demandes de courriel et de clavardage en ligne de la part des clients<\/li>\r\n<li>Traiter les questions li\u00e9es au paiement<\/li>\r\n<li>Aider les clients \u00e0 apporter des modifications \u00e0 leurs polices<\/li>\r\n<li>Recevoir des d\u00e9clarations de sinistre de la part des clients<\/li><\/p>\r\n<\/ul>\r\n\r\n<h2>Votre \u00e9ducation et votre exp\u00e9rience<\/h2>\r\n<p>Votre exp\u00e9rience et votre \u00e9ducation, alli\u00e9es \u00e0 notre formation de produit et de vente, constituent la fondation de votre succ\u00e8s chez Square One. Pour ce r\u00f4le, vous devez avoir :<\/p>\r\n<p><strong>obligatoire<\/strong><\/p>\r\n<ul>\r\n<li>Un certificat d&#8217;agent ou de courtier en assurance de dommages en vigueur d\u00e9livr\u00e9 par l&#8217;Autorit\u00e9 des march\u00e9s financiers (AMF)<\/li>\r\n<li>La capacit\u00e9 de communiquer couramment en fran\u00e7ais et en anglais pour combler les besoins linguistiques des clients qu\u00e9b\u00e9cois<\/li>\r\n<li>Une connexion Internet c\u00e2bl\u00e9e Ethernet<\/li>\r\n<\/ul>\r\n\r\n<p><strong>atout<\/strong><\/p>\r\n<ul>\r\n<li>Au moins 2 ans d\u2019exp\u00e9rience dans la vente des polices d\u2019assurance, de pr\u00e9f\u00e9rence dans un milieu de centre d\u2019appel.<\/li>\r\n<li>Au moins 1 an d\u2019anciennet\u00e9 chez un employeur r\u00e9cent.<\/li>\r\n<li>Un dipl\u00f4me d\u2019\u00e9tudes secondaires et, de pr\u00e9f\u00e9rence, des \u00e9tudes postsecondaires partielles.<\/li><\/p>\r\n<\/ul>\r\n\r\n<h2>Pourquoi travailler chez Square One?<\/h2>\r\n<p>La r\u00e9ponse la plus courte et la plus simple? Vous voulez faire partie d\u2019une \u00e9quipe tr\u00e8s soud\u00e9e o\u00f9 l\u2019expertise de chaque employ\u00e9 est respect\u00e9e et estim\u00e9e.<\/p>\r\n<p>Vous en avez assez de travailler dans des compagnies qui ne vous r\u00e9mun\u00e8rent pas \u00e9quitablement, o\u00f9 l\u2019on vous dit quoi faire et comment le faire.<\/p>\r\n\r\n<h2>Comment postuler<\/h2>\r\n<p>Si vous souhaitez poser votre candidature, envoyez-nous votre C.V. Nous nous engageons \u00e0 r\u00e9pondre \u00e0 tous les candidats et \u00e0 toutes les questions. Donc, n\u2019h\u00e9sitez pas \u00e0 nous faire part de vos questions.<\/p>\r\n<p>Envoyez-nous un message : careers@squareone.ca<\/p>\",\r\n  \"hiringOrganization\" : {\r\n    \"@type\": \"Organization\",\r\n    \"name\": \"Assurances Square One\",\r\n    \"sameAs\": \"https:\/\/www.squareone.ca\/fr\",\r\n    \"logo\": \"https:\/\/www.squareone.ca\/sales\/images\/logos\/square-one-insurance-logo.svg\"\r\n  },\r\n  \"industry\": \"Assurance\",\r\n  \"employmentType\": \"FULL_TIME\",\r\n  \"datePosted\": \"2022-12-19\",\r\n  \"validThrough\": \"2023-01-13\",\r\n  \"applicantLocationRequirements\": {\r\n    \"@type\": \"Country\",\r\n    \"name\": \"CA\"\r\n  },\r\n  \"jobLocationType\": \"TELECOMMUTE\",\r\n  \"baseSalary\": {\r\n    \"@type\": \"MonetaryAmount\",\r\n    \"currency\": \"CAD\",\r\n    \"value\": {\r\n      \"@type\": \"QuantitativeValue\",\r\n      \"value\": 55000,\r\n      \"unitText\": \"YEAR\"\r\n    }\r\n  }\r\n}\r\n<\/script>\r\n","protected":false},"excerpt":{"rendered":"<p>Agent en assurance de dommages (certificat de l&rsquo;AMF) Chez Square One, nous visons moderniser l\u2019assurance habitation pour un public du vingt et uni\u00e8me si\u00e8cle\u00a0: fini les polices ancr\u00e9es aux ann\u00e9es 1970 et avant. Nous y arrivons en supprimant des dispositions complexes et inutiles int\u00e9gr\u00e9es aux polices traditionnelles en suivant nos principes directeurs. En votre qualit\u00e9 [&hellip;]<\/p>\n","protected":false},"author":11,"featured_media":0,"parent":47917,"menu_order":0,"comment_status":"closed","ping_status":"closed","template":"","meta":{"_acf_changed":false,"footnotes":""},"class_list":["post-49151","page","type-page","status-publish","hentry"],"acf":[],"_links":{"self":[{"href":"https:\/\/www.squareone.ca\/fr\/wp-json\/wp\/v2\/pages\/49151","targetHints":{"allow":["GET"]}}],"collection":[{"href":"https:\/\/www.squareone.ca\/fr\/wp-json\/wp\/v2\/pages"}],"about":[{"href":"https:\/\/www.squareone.ca\/fr\/wp-json\/wp\/v2\/types\/page"}],"author":[{"embeddable":true,"href":"https:\/\/www.squareone.ca\/fr\/wp-json\/wp\/v2\/users\/11"}],"replies":[{"embeddable":true,"href":"https:\/\/www.squareone.ca\/fr\/wp-json\/wp\/v2\/comments?post=49151"}],"version-history":[{"count":22,"href":"https:\/\/www.squareone.ca\/fr\/wp-json\/wp\/v2\/pages\/49151\/revisions"}],"predecessor-version":[{"id":63316,"href":"https:\/\/www.squareone.ca\/fr\/wp-json\/wp\/v2\/pages\/49151\/revisions\/63316"}],"up":[{"embeddable":true,"href":"https:\/\/www.squareone.ca\/fr\/wp-json\/wp\/v2\/pages\/47917"}],"wp:attachment":[{"href":"https:\/\/www.squareone.ca\/fr\/wp-json\/wp\/v2\/media?parent=49151"}],"curies":[{"name":"wp","href":"https:\/\/api.w.org\/{rel}","templated":true}]}}