{"id":50045,"date":"2022-07-22T15:38:45","date_gmt":"2022-07-22T22:38:45","guid":{"rendered":"https:\/\/www.squareone.ca\/soutien\/bases-assurance-conseils"},"modified":"2026-04-09T11:43:10","modified_gmt":"2026-04-09T18:43:10","slug":"bases-assurance-conseils","status":"publish","type":"page","link":"https:\/\/www.squareone.ca\/fr\/centres-ressources\/bases-assurance","title":{"rendered":"Bases de l&rsquo;assurance  et conseils"},"content":{"rendered":"<main>\r\n<section id='intro' class=\"bg-shape-split bg-sub-page-hero\">\r\n    <div class=\"bg-position\">\r\n    <div class=\"container-fluid\">\r\n<!-- last updated 4PM -->\r\n        <h1>Bases de l\u2019assurance et conseils<\/h1>\r\n        <p class=\"display-4\">Nous avons r\u00e9dig\u00e9 des articles sur tout ce qu\u2019il faut savoir sur <a href=\"\/fr\/habitation\" title=\"Assurance habitation\">l\u2019assurance habitation<\/a>, que vous soyez propri\u00e9taire occupant, locataire ou propri\u00e9taire bailleur. Vous y trouverez des th\u00e8mes comme les exclusions courantes des polices d\u2019assurance habitation et le calcul des primes.<\/p>\r\n        <p class=\"display-4\">Nous avons organis\u00e9 les articles par cat\u00e9gorie. Pour consulter une cat\u00e9gorie sp\u00e9cifique, cliquez sur l\u2019onglet correspondant. S\u2019il y a un th\u00e8me qui vous int\u00e9resse, mais qui ne figure pas sur la page, n&rsquo;h\u00e9sitez pas \u00e0 <a href=\"mailto:info@squareone.ca\" Title=\"Envoyez-nous un courriel\">nous envoyer un courriel<\/a>.<\/p>\r\n        <p class=\"display-4\">Pour consulter des dizaines d\u2019articles \u00e0 l\u2019intention des propri\u00e9taires occupants, copropri\u00e9taires, propri\u00e9taires bailleurs et locataires, jetez un \u0153il \u00e0 nos <a href=\"\/fr\/centres-ressources\" title=\"Articles pratiques sur l\u2019assurance et bien plus\">centres de ressources<\/a>.<\/p>\r\n        <ul class=\"list-unstyled link-list display-4\">\r\n            <li><a href=\"#bases\">Bases de l\u2019assurance habitation<\/a><\/li>\r\n            <li><a href=\"#couvertures\">Couvertures<\/a><\/li>\r\n            <li><a href=\"#types-de-sinistres\">Types de sinistres<\/a><\/li>\r\n\r\n            <li><a href=\"#couvertures-speciales\">Couvertures sp\u00e9ciales<\/a><\/li>\r\n            <li><a href=\"#primes\">Primes<\/a><\/li>\r\n        <\/ul>\r\n    <\/div>\r\n    <\/div>\r\n    <div class=\"bg-bottom\"><\/div>\r\n<\/section>\r\n\r\n<section id=\"bases\" class=\"xwide-mobile my-6\">\r\n    <div class=\"container-fluid\">\r\n    <div class=\"row\">\r\n\r\n    <div class=\"col-12 col-lg-6 mb-6\">\r\n        <h2>Bases de l\u2019assurance habitation<\/h2>\r\n        <p class=\"display-4\">L\u2019assurance habitation est l\u2019un des nombreux <a title=\"Diff\u00e9rents types d\u2019assurance\" href=\"\/fr\/centres-ressources\/bases-assurance\/types-assurance\">types de police d\u2019assurance<\/a>. Dans cette rubrique, vous d\u00e9couvrirez les types d\u2019assurance habitation offerts au Canada, ainsi que les \u00e9l\u00e9ments courants des polices d\u2019assurance habitation \u00e0 retenir.<\/p>\r\n        <ul class=\"lead\">\r\n            <li><a title=\"Exclusions de police courantes\" href=\"\/fr\/centres-ressources\/bases-assurance\/exclusions-police-assurance-habitation\">Exclusions de police courantes<\/a><\/li>\r\n            <li><a title=\"Initiation aux diff\u00e9rents types d\u2019assurance habitation\" href=\"\/fr\/centres-ressources\/bases-assurance\/types-de-polices-assurance-habitation\">Initiation aux diff\u00e9rents types d\u2019assurance habitation<\/a><\/li>\r\n            <li><a title=\"Lexique de l\u2019assurance\" href=\"\/fr\/centres-ressources\/lexique-assurance\">Lexique de l\u2019assurance<\/a><\/li>\r\n            <li><a title=\"Liste de v\u00e9rification pour l\u2019assurance habitation\" href=\"\/fr\/centres-ressources\/bases-assurance\/liste-verification-assurance-habitation\">Liste de v\u00e9rification pour l\u2019assurance habitation<\/a><\/li>\r\n            <li><a title=\"Choisir la franchise appropri\u00e9e\" href=\"\/fr\/centres-ressources\/bases-assurance\/choisir-la-franchise-appropriee\">Qu\u2019est-ce qu\u2019une franchise?<\/a><\/li>\r\n<li><a title=\"Changements aux franchises\" href=\"\/fr\/centres-ressources\/bases-assurance\/changements-franchise-police\">Comprendre les changements aux franchises de police<\/a><\/li>\r\n<li><a href=\"\/fr\/centres-ressources\/bases-assurance\/assurance-au-canada\" title=\"Guide de l\u2019assurance \u00e0 l\u2019intention des nouveaux arrivants au Canada\">Guide de l\u2019assurance \u00e0 l\u2019intention des nouveaux arrivants au Canada<\/a><\/li>\r\n<li><a href=\"\/fr\/centres-ressources\/bases-assurance\/mythes-assurance-habitation\" title=\"19 mythes sur l\u2019assurance habitation, d\u00e9boulonn\u00e9s\">19 mythes sur l\u2019assurance habitation, d\u00e9boulonn\u00e9s<\/a><\/li>\r\n<li><a href=\"\/fr\/centres-ressources\/bases-assurance\/courtiers-non-autorises\" title=\"Courtiers non autoris\u00e9s et courtiers fant\u00f4mes\">Courtiers non autoris\u00e9s et courtiers fant\u00f4mes<\/a><\/li>\r\n        <\/ul>\r\n    <\/div>\r\n\r\n    <div class=\"col-12 col-lg-5 offset-lg-1 pb-6 pt-2\">\r\n        <img decoding=\"async\" src=\"https:\/\/cdn.squareone.ca\/wp-content\/uploads\/2022\/07\/21164959\/home-insurance-basics-illustration.png\" alt=\"Illustration des bases de l\u2019assurance habitation\" width=\"550\" class=\"img-fluid\" rel=\"noopener noreferrer\" \/>\r\n    <\/div>\r\n\r\n    <\/div>\r\n    <\/div>\r\n<\/section>\r\n\r\n<section id=\"couvertures\" class=\"bg-shape-split shape-uuge-blue\">\r\n    <div class=\"bg-top\"><\/div>\r\n    <div class=\"bg-position\">\r\n    <div class=\"container-fluid\">\r\n    <div class=\"row\">\r\n\r\n    <div class=\"col-12 col-md-11 col-lg-6 pb-6 pt-3\">\r\n        <img decoding=\"async\" src=\"https:\/\/cdn.squareone.ca\/wp-content\/uploads\/2022\/07\/21164948\/common-coverages-illustration.png\" alt=\"Illustration des couvertures courantes\" width=\"550\" class=\"img-fluid\" rel=\"noopener noreferrer\" \/>\r\n    <\/div>\r\n\r\n    <div class=\"col-12 col-lg-6 mb-6\">\r\n        <h2>Couvertures courantes<\/h2>\r\n        <p class=\"display-4\">Bien que chaque police d\u2019assurance habitation soit diff\u00e9rente, la plupart des couvertures sont assez semblables. Dans cette rubrique, vous d\u00e9couvrirez les types de couvertures les plus courantes en assurance habitation.\r\n        <ul class=\"lead\">\r\n            <li><a title=\"Assurance contre le tremblement de terre\" href=\"\/fr\/habitation\/tremblement-terre\">Assurance contre le tremblement de terre<\/a><\/li>\r\n            <li><a title=\"Assurance contre l\u2019inondation\" href=\"\/fr\/habitation\/inondation\">Assurance contre l\u2019inondation<\/a><\/li>\r\n            <li><a title=\"Assurance contre la gr\u00eale\" href=\"\/fr\/habitation\/grele\">Assurance contre la gr\u00eale<\/a><\/li>\r\n            <li><a title=\"Assurance entreprise \u00e0 domicile\" href=\"\/fr\/habitation\/entreprise\">Assurance entreprise \u00e0 domicile<\/a><\/li>\r\n            <li><a title=\"Assurance usurpation d\u2019identit\u00e9\" href=\"\/fr\/habitation\/usurpation-identite\">Assurance usurpation d\u2019identit\u00e9<\/a><\/li>\r\n            <li><a title=\"Assurance protection juridique\" href=\"\/fr\/habitation\/protection-juridique\">Assurance protection juridique<\/a><\/li>\r\n            <li><a title=\"Assurance responsabilit\u00e9 civile\" href=\"\/fr\/centres-ressources\/bases-assurance\/assurance-responsabilite-civile\">Assurance responsabilit\u00e9 civile<\/a><\/li>\r\n            <li><a title=\"Assurance pour conduite de branchement\" href=\"\/fr\/habitation\/conduite-branchement\">Assurance pour conduite de branchement<\/a><\/li>\r\n            <li><a title=\"Assurance contre le refoulement d\u2019eau\" href=\"\/fr\/habitation\/refoulement-eau\">Assurance contre le refoulement d\u2019eau<\/a><\/li>\r\n            <li><a title=\"Assurance contre les d\u00e9g\u00e2ts d\u2019eau\" href=\"\/fr\/habitation\/eau\">Assurance contre les d\u00e9g\u00e2ts d\u2019eau<\/a><\/li>\r\n            <li><a title=\"Couverture pour le r\u00e8glement selon la valeur \u00e0 neuf\" href=\"\/fr\/centres-ressources\/bases-assurance\/remplacement-biens-meubles\">Couverture pour le r\u00e8glement selon la valeur \u00e0 neuf<\/a><\/li>\r\n            <li><a title=\"Frais de subsistance suppl\u00e9mentaires\" href=\"\/fr\/centres-ressources\/bases-assurance\/frais-subsistance-supplementaires\">Frais de subsistance suppl\u00e9mentaires<\/a><\/li>\r\n        <\/ul>\r\n    <\/div>\r\n\r\n    <\/div>\r\n    <\/div>\r\n    <\/div>\r\n    <div class=\"bg-bottom\"><\/div>\r\n<\/section>\r\n\r\n<section id=\"types-de-sinistres\" class=\"xwide-mobile py-6\">\r\n    <div class=\"container-fluid\">\r\n        <div class=\"row\">\r\n\r\n        <div class=\"col-12 col-lg-6 mb-6\">\r\n        <h2>Types de sinistres<\/h2>\r\n        <p class=\"display-4\">En assurance, un \u00ab sinistre \u00bb est tout \u00e9v\u00e9nement entra\u00eenant une r\u00e9clamation. Il existe de nombreux types de sinistres, des catastrophes naturelles aux poursuites en responsabilit\u00e9 civile, en passant par le vol. Les articles de cette rubrique abordent les causes les plus courantes des sinistres en assurance habitation.<\/p>\r\n        <ul class=\"lead\">\r\n            <li><a title=\"Pr\u00e9vention du cambriolage\" href=\"\/fr\/centres-ressources\/bases-assurance\/liste-verification-prevention-cambriolage\">Cambriolage<\/a><\/li>\r\n            <li><a title=\"D\u00e9g\u00e2ts d'eau\" href=\"\/fr\/centres-ressources\/bases-assurance\/degats-eau\">D\u00e9g\u00e2ts d&rsquo;eau<\/a><\/li>\r\n<li><a title=\"Dommages caus\u00e9s par la gr\u00eale\" href=\"\/fr\/centres-ressources\/bases-assurance\/dommages-grele\">Dommages caus\u00e9s par la gr\u00eale<\/a><\/li>\r\n            <li><a title=\"Assurance inondation\" href=\"\/fr\/centres-ressources\/bases-assurance\/assurance-inondation\">Inondations<\/a><\/li>\r\n<li><a title=\"Glissements de terrain\" href=\"\/fr\/centres-ressources\/bases-assurance\/glissement-terrain\">Glissements de terrain<\/a><\/li>\r\n<li><a title=\"Assurance tremblement de terre\" href=\"\/fr\/centres-ressources\/bases-assurance\/assurance-tremblement-terre\">Tremblement de terre<\/a><\/li>\r\n            <li><a title=\"Tuyaux gel\u00e9s\" href=\"\/fr\/centres-ressources\/bases-assurance\/tuyaux-geles\">Tuyaux gel\u00e9s<\/a><\/li>\r\n        <\/ul>\r\n    <\/div>\r\n\r\n    <div class=\"col-12 col-lg-5 offset-lg-1 pb-6 pt-2\">\r\n        <img decoding=\"async\" src=\"https:\/\/cdn.squareone.ca\/wp-content\/uploads\/2022\/07\/21164859\/loss-types-illustration.png\" alt=\"Illustration des types de sinistres=\"550\" class=\"img-fluid\" rel=\"noopener noreferrer\" \/>\r\n    <\/div>\r\n\r\n    <\/div>\r\n    <\/div>\r\n<\/section> \r\n\r\n<section id=\"couvertures-speciales\" class=\"bg-shape-split shape-uuge-blue\">\r\n    <div class=\"bg-top\"><\/div>\r\n    <div class=\"bg-position\">\r\n    <div class=\"container-fluid\">\r\n    <div class=\"row\">\r\n\r\n    <div class=\"col-12 col-md-11 col-lg-6 pb-6 pt-3\">\r\n        <img decoding=\"async\" src=\"https:\/\/cdn.squareone.ca\/wp-content\/uploads\/2022\/07\/21164901\/specialty-coverage-illustration.png\" alt=\"Illustration des couvertures sp\u00e9ciales\" width=\"550\" class=\"img-fluid\" rel=\"noopener noreferrer\" \/>\r\n    <\/div>\r\n\r\n    <div class=\"col-12 col-lg-6 mb-6\">\r\n        <h2>Couvertures sp\u00e9ciales<\/h2>\r\n        <p class=\"display-4\">La plupart des \u00e9l\u00e9ments \u00e0 l\u2019int\u00e9rieur, autour et \u00e0 l\u2019ext\u00e9rieur de la maison sont class\u00e9s dans une petite fourchette de cat\u00e9gories de couvertures, mais il y a toujours des cas particuliers. Dans cette rubrique, vous d\u00e9couvrirez les types de couvertures sp\u00e9ciales pour les choses comme les objets de collection, les bijoux, les biens \u00e0 usage professionnel et bien plus.<\/p>\r\n        <ul class=\"lead\">\r\n\r\n<li><a title=\"Comment pr\u00e9parer un inventaire de la maison et assurer les nouvelles possessions\" href=\"\/fr\/centres-ressources\/bases-assurance\/assurance-possessions-neuves\">Comment pr\u00e9parer un inventaire de la maison<\/a><\/li>\r\n\r\n            <li><a title=\"Assurance de bague de fian\u00e7ailles\" href=\"\/fr\/centres-ressources\/bases-assurance\/assurance-bague-de-fiancailles\">Assurance de bague de fian\u00e7ailles<\/a><\/li>\r\n\r\n<li><a title=\"Biens sp\u00e9ciaux\" href=\"\/fr\/centres-ressources\/bases-assurance\/assurance-biens-speciaux\">Biens sp\u00e9ciaux<\/a><\/li>\r\n\r\n<li><a title=\"Drones\" href=\"\/fr\/centres-ressources\/bases-assurance\/drones\">Drones<\/a><\/li>\r\n            \r\n<li><a title=\"Entreprise \u00e0 domicile\" href=\"\/fr\/centres-ressources\/bases-assurance\/assurance-entreprise-a-domicile\">Entreprise \u00e0 domicile<\/a><\/li>\r\n\r\n<li><a title=\"Bijoux\" href=\"\/fr\/centres-ressources\/bases-assurance\/assurance-bijoux\">Bijoux<\/a><\/li>\r\n\r\n            <li><a title=\"T\u00e9l\u00e9phones cellulaires, portables et montres\" href=\"\/fr\/centres-ressources\/bases-assurance\/telephone-cellulaire-portable-montre-intelligente\">T\u00e9l\u00e9phones cellulaires, portables et montres<\/a><\/li>\r\n        <\/ul>\r\n    <\/div>\r\n\r\n    <\/div>\r\n    <\/div>\r\n    <\/div>\r\n    <div class=\"bg-bottom\"><\/div>\r\n<\/section>\r\n\r\n<section id=\"primes\" class=\"xwide-mobile py-6\">\r\n    <div class=\"container-fluid\">\r\n        <div class=\"row\">\r\n\r\n        <div class=\"col-12 col-lg-6 mb-6\">\r\n        <h2>Primes<\/h2>\r\n        <p class=\"display-4\">La prime est le montant que vous payez en \u00e9change d\u2019une couverture en assurance. Dans les articles suivants, vous d\u00e9couvrirez comment on la calcule et comment vous pouvez la r\u00e9duire.<\/p>\r\n        <ul class=\"lead mb-0\">\r\n<li><a title=\"Initiation \u00e0 votre cote d'assurance\" href=\"\/fr\/centres-ressources\/bases-assurance\/cote-assurance\">Cote d&rsquo;assurance<\/a><\/li>\r\n            <li><a title=\"Comment \u00e9conomiser sur votre assurance habitation\" href=\"\/fr\/centres-ressources\/bases-assurance\/moyens-economiser\">Comment \u00e9conomiser sur votre assurance habitation<\/a><\/li>\r\n            <li><a title=\"Comprendre vos primes d\u2019assurance\" href=\"\/fr\/centres-ressources\/bases-assurance\/comprendre-vos-primes-assurance\">Comprendre vos primes d\u2019assurance<\/a><\/li>\r\n        <\/ul>\r\n    <\/div>\r\n\r\n    <div class=\"col-12 col-lg-5 offset-lg-1 pb-6 pt-2\">\r\n        <img decoding=\"async\" src=\"https:\/\/cdn.squareone.ca\/wp-content\/uploads\/2022\/07\/21164900\/premiums-illustration.png\" alt=\"Illustration des primes\" width=\"300\" class=\"img-fluid\" rel=\"noopener noreferrer\" \/>\r\n    <\/div>\r\n\r\n    <\/div>\r\n    <\/div>\r\n<\/section>\r\n\r\n<section class=\"bg-shape-split shape-uuge-blue\">\r\n    <div class=\"bg-top\"><\/div>\r\n    <div class=\"bg-position\">\r\n\t<div class=\"container-fluid\">\r\n\t<div class=\"row\">\r\n\t<div class=\"col-12 col-lg-5 offset-lg-1 pb-6\">\r\n\r\n\t    <div class=\"h6 text-primary text-uppercase\">Outils d\u2019assurance pratiques<\/div>\r\n\t\t    <h3 class=\"h1 my-4\">Prot\u00e9gez votre habitation et votre famille<\/h3>\r\n\t\t    <p class=\"lead\">Chez Square One, vous avez un acc\u00e8s \u00e0 des outils gratuits pour vous aider \u00e0 mieux prot\u00e9ger votre domicile et vos biens meubles.<p>\r\n\t\t    <p class=\"lead\">Vous pouvez obtenir une soumission de comparaison gratuite en 5\u00a0minutes seulement. Sinon, vous pouvez vous servir de notre liste d\u2019inventaire de la maison pratique.<\/p>\r\n\t\t    <p class=\"lead\">Vous recherchez un autre outil? N\u2019h\u00e9sitez pas \u00e0 nous envoyer un <a href=\"mailto:info@squareone.ca\" title=\"Envoyez-nous un courriel\">message<\/a>.<\/p>\r\n\t    <\/div>\r\n\t\t\t\r\n        <div class=\"col-12 col-lg-4 offset-lg-1 pb-5 mb-5\">\r\n\t    <div class=\"row mb-5\">\r\n\t    <div class=\"col-12 mb-3 col-md-1 col-lg-3\">\r\n\t        <img decoding=\"async\" src=\"\/sales\/images\/icons\/icon-computer-dollar.svg\" class=\"ml-lg-4\" alt=\"Ic\u00f4ne d\u2019ordinateur\" width=\"43\">\r\n\t    <\/div>\r\n\t\r\n        <div class=\"col-12 col-md-11 col-lg-9\">\r\n\t\t    <h4>Soumission de comparaison<\/h4>\r\n\t\t    <p>Vous \u00eates avec votre fournisseur d\u2019assurance habitation depuis plus de 3\u00a0ans? C\u2019est le moment d\u2019obtenir une soumission de comparaison gratuite.<\/p>\r\n\t\t    <p><a href='\/fr\/soumission-assurance-habitation-en-ligne'>Obtenez votre soumission d\u00e8s maintenant<\/a><\/p>\r\n\t    <\/div>\r\n\t    <\/div>\r\n\t\t\t\t\r\n        <div class=\"row mb-5\">\r\n\t    <div class=\"col-12 mb-3 col-md-1 col-lg-3\">\r\n\t\t    <img decoding=\"async\" src=\"\/sales\/images\/icons\/icon-clipboard.svg\" class=\"ml-lg-4\" alt=\"Ic\u00f4ne d\u2019\u00e9critoire \u00e0 pince\" width=\"43\">\r\n\t    <\/div>\r\n\t\r\n        <div class=\"col-12 col-md-11 col-lg-9\">\r\n\t\t    <h4>Prot\u00e9gez votre habitation<\/h4>\r\n\t\t    <p>Prot\u00e9gez votre habitation en dressant une liste d&rsquo;inventaire de la maison et en apprenant \u00e0 emp\u00eacher les d\u00e9g\u00e2ts d&rsquo;eau.<\/p>\r\n\t\t    <p><a href=\"https:\/\/cdn.squareone.ca\/wp-content\/uploads\/2021\/07\/19053851\/SQ1-Inventaire-maison.xlsx\">T\u00e9l\u00e9chargez la liste d\u2019inventaire de la maison<\/a><\/p>\r\n\t\t    <p><a href=\"https:\/\/cdn.squareone.ca\/wp-content\/uploads\/2021\/07\/19053851\/SQ1-Inventaire-maison.xlsx\">T\u00e9l\u00e9chargez la liste de v\u00e9rification de pr\u00e9vention de d\u00e9g\u00e2ts d\u2019eau<\/a><\/p>\r\n\t    <\/div>\r\n\r\n\t<\/div>\r\n\t<\/div>\r\n\t<\/div>\r\n\t<\/div>\r\n    <\/div>\r\n<\/section>\r\n<main>","protected":false},"excerpt":{"rendered":"<p>Bases de l\u2019assurance et conseils Nous avons r\u00e9dig\u00e9 des articles sur tout ce qu\u2019il faut savoir sur l\u2019assurance habitation, que vous soyez propri\u00e9taire occupant, locataire ou propri\u00e9taire bailleur. Vous y trouverez des th\u00e8mes comme les exclusions courantes des polices d\u2019assurance habitation et le calcul des primes. Nous avons organis\u00e9 les articles par cat\u00e9gorie. Pour consulter [&hellip;]<\/p>\n","protected":false},"author":2,"featured_media":0,"parent":48238,"menu_order":2,"comment_status":"open","ping_status":"open","template":"","meta":{"_acf_changed":false,"footnotes":""},"class_list":["post-50045","page","type-page","status-publish","hentry"],"acf":[],"_links":{"self":[{"href":"https:\/\/www.squareone.ca\/fr\/wp-json\/wp\/v2\/pages\/50045","targetHints":{"allow":["GET"]}}],"collection":[{"href":"https:\/\/www.squareone.ca\/fr\/wp-json\/wp\/v2\/pages"}],"about":[{"href":"https:\/\/www.squareone.ca\/fr\/wp-json\/wp\/v2\/types\/page"}],"author":[{"embeddable":true,"href":"https:\/\/www.squareone.ca\/fr\/wp-json\/wp\/v2\/users\/2"}],"replies":[{"embeddable":true,"href":"https:\/\/www.squareone.ca\/fr\/wp-json\/wp\/v2\/comments?post=50045"}],"version-history":[{"count":76,"href":"https:\/\/www.squareone.ca\/fr\/wp-json\/wp\/v2\/pages\/50045\/revisions"}],"predecessor-version":[{"id":78787,"href":"https:\/\/www.squareone.ca\/fr\/wp-json\/wp\/v2\/pages\/50045\/revisions\/78787"}],"up":[{"embeddable":true,"href":"https:\/\/www.squareone.ca\/fr\/wp-json\/wp\/v2\/pages\/48238"}],"wp:attachment":[{"href":"https:\/\/www.squareone.ca\/fr\/wp-json\/wp\/v2\/media?parent=50045"}],"curies":[{"name":"wp","href":"https:\/\/api.w.org\/{rel}","templated":true}]}}