{"id":51337,"date":"2021-09-15T15:46:34","date_gmt":"2021-09-15T22:46:34","guid":{"rendered":"https:\/\/www.squareone.ca\/soutien\/bases-assurance-conseils\/securite-domiciliaire-personnelle"},"modified":"2023-03-07T16:56:03","modified_gmt":"2023-03-08T00:56:03","slug":"securite-domiciliaire-personnelle","status":"publish","type":"page","link":"https:\/\/www.squareone.ca\/fr\/centres-ressources\/securite-domiciliaire-personnelle","title":{"rendered":"Centre de ressources : s\u00e9curit\u00e9 domiciliaire et personnelle"},"content":{"rendered":"<section id=\"intro\" class=\"bg-shape-split bg-sub-page-hero\">\r\n\t<div class=\"bg-position\">\r\n\t\t<div class=\"container-fluid\">\r\n\r\n\t\t\t\t<h1>Centre de ressources&nbsp;: s\u00e9curit\u00e9 domiciliaire et personnelle<\/h1>\r\n\t\t\t\t<p class=\"display-4\">Ce centre de ressources offre des conseils pratiques pour prot\u00e9ger votre famille et votre habitation. Nous vous invitons \u00e0 consulter les articles ci-dessous. Si vous avez des questions sp\u00e9cifiques \u00e0 nous poser, veuillez nous envoyer un <a href=\"mailto:info@squareone.ca\" Title=\"Envoyez-nous un courriel\">courriel<\/a> et nous t\u00e2cherons de vous r\u00e9pondre.<\/p>\r\n\t\t\t\t<p class=\"display-4\">Pour consulter des dizaines d\u2019articles \u00e0 l\u2019intention des propri\u00e9taires occupants, copropri\u00e9taires, propri\u00e9taires bailleurs et locataires, jetez un \u0153il \u00e0 nos <a href=\"\/fr\/centres-ressources\" title=\"Articles pratiques sur l\u2019assurance et bien plus\">centres de ressources<\/a>.<\/p>\r\n\r\n\t\t\t\t<div id=\"wpcr_respond_1\"><\/div>\t\t\t\r\n\r\n\t\t<\/div>\r\n\t<\/div>\r\n\t<div class=\"bg-bottom\"><\/div>\r\n<\/section>","protected":false},"excerpt":{"rendered":"<p>Centre de ressources&nbsp;: s\u00e9curit\u00e9 domiciliaire et personnelle Ce centre de ressources offre des conseils pratiques pour prot\u00e9ger votre famille et votre habitation. Nous vous invitons \u00e0 consulter les articles ci-dessous. Si vous avez des questions sp\u00e9cifiques \u00e0 nous poser, veuillez nous envoyer un courriel et nous t\u00e2cherons de vous r\u00e9pondre. Pour consulter des dizaines d\u2019articles [&hellip;]<\/p>\n","protected":false},"author":2,"featured_media":0,"parent":48238,"menu_order":1,"comment_status":"open","ping_status":"open","template":"page-article-landing.php","meta":{"_acf_changed":false,"footnotes":""},"class_list":["post-51337","page","type-page","status-publish","hentry"],"acf":[],"_links":{"self":[{"href":"https:\/\/www.squareone.ca\/fr\/wp-json\/wp\/v2\/pages\/51337","targetHints":{"allow":["GET"]}}],"collection":[{"href":"https:\/\/www.squareone.ca\/fr\/wp-json\/wp\/v2\/pages"}],"about":[{"href":"https:\/\/www.squareone.ca\/fr\/wp-json\/wp\/v2\/types\/page"}],"author":[{"embeddable":true,"href":"https:\/\/www.squareone.ca\/fr\/wp-json\/wp\/v2\/users\/2"}],"replies":[{"embeddable":true,"href":"https:\/\/www.squareone.ca\/fr\/wp-json\/wp\/v2\/comments?post=51337"}],"version-history":[{"count":5,"href":"https:\/\/www.squareone.ca\/fr\/wp-json\/wp\/v2\/pages\/51337\/revisions"}],"predecessor-version":[{"id":59050,"href":"https:\/\/www.squareone.ca\/fr\/wp-json\/wp\/v2\/pages\/51337\/revisions\/59050"}],"up":[{"embeddable":true,"href":"https:\/\/www.squareone.ca\/fr\/wp-json\/wp\/v2\/pages\/48238"}],"wp:attachment":[{"href":"https:\/\/www.squareone.ca\/fr\/wp-json\/wp\/v2\/media?parent=51337"}],"curies":[{"name":"wp","href":"https:\/\/api.w.org\/{rel}","templated":true}]}}