{"id":51359,"date":"2021-09-16T10:03:40","date_gmt":"2021-09-16T17:03:40","guid":{"rendered":"https:\/\/www.squareone.ca\/soutien\/bases-assurance-conseils\/achat-vente-demenagement-habitation"},"modified":"2023-02-15T17:33:32","modified_gmt":"2023-02-16T01:33:32","slug":"achat-vente-demenagement-habitation","status":"publish","type":"page","link":"https:\/\/www.squareone.ca\/fr\/centres-ressources\/achat-vente-demenagement-habitation","title":{"rendered":"Centre de ressources : achat, vente et d\u00e9m\u00e9nagement d\u2019habitation"},"content":{"rendered":"<section id=\"intro\" class=\"bg-shape-split bg-sub-page-hero\">\r\n\t<div class=\"bg-position\">\r\n\t\t<div class=\"container-fluid\">\r\n\t\t\t<div class=\"row\">\r\n\t\t\t\t<h1>Centre de ressources&nbsp;: achat, vente et d\u00e9m\u00e9nagement d\u2019habitation<\/h1>\r\n\t\t\t\t<p class=\"display-4\">L\u2019achat, la vente ou le d\u00e9m\u00e9nagement d\u2019habitation constituent certaines des exp\u00e9riences les plus stressantes de la vie. Ce centre de ressources vous aidera \u00e0 naviguer le processus en toute tranquillit\u00e9 d\u2019esprit. Nous vous invitons \u00e0 consulter les articles ci-dessous. Si vous avez des questions sp\u00e9cifiques \u00e0 nous poser, veuillez nous envoyer un <a href=\"mailto:info@squareone.ca\" title=\"Envoyez-nous un courriel\">courriel<\/a> et nous t\u00e2cherons de vous r\u00e9pondre.<\/p>\r\n\t\t\t\t<p class=\"display-4\">Pour consulter des dizaines d\u2019articles \u00e0 l\u2019intention des propri\u00e9taires occupants, copropri\u00e9taires, propri\u00e9taires bailleurs et locataires, jetez un \u0153il \u00e0 nos <a href=\"\/fr\/centres-ressources\" title=\"Articles pratiques sur l\u2019assurance et bien plus\">centres de ressources<\/a>.<\/p>\r\n        \t\r\n\t\t\t\t<div id=\"wpcr_respond_1\"><\/div>\t\t\t\r\n\t\t\t<\/div>\r\n\t\t<\/div>\r\n\t<\/div>\r\n\t<div class=\"bg-bottom\"><\/div>\r\n<\/section>","protected":false},"excerpt":{"rendered":"<p>Centre de ressources&nbsp;: achat, vente et d\u00e9m\u00e9nagement d\u2019habitation L\u2019achat, la vente ou le d\u00e9m\u00e9nagement d\u2019habitation constituent certaines des exp\u00e9riences les plus stressantes de la vie. Ce centre de ressources vous aidera \u00e0 naviguer le processus en toute tranquillit\u00e9 d\u2019esprit. Nous vous invitons \u00e0 consulter les articles ci-dessous. Si vous avez des questions sp\u00e9cifiques \u00e0 nous [&hellip;]<\/p>\n","protected":false},"author":2,"featured_media":0,"parent":48238,"menu_order":3,"comment_status":"open","ping_status":"open","template":"page-article-landing.php","meta":{"_acf_changed":false,"footnotes":""},"class_list":["post-51359","page","type-page","status-publish","hentry"],"acf":[],"_links":{"self":[{"href":"https:\/\/www.squareone.ca\/fr\/wp-json\/wp\/v2\/pages\/51359","targetHints":{"allow":["GET"]}}],"collection":[{"href":"https:\/\/www.squareone.ca\/fr\/wp-json\/wp\/v2\/pages"}],"about":[{"href":"https:\/\/www.squareone.ca\/fr\/wp-json\/wp\/v2\/types\/page"}],"author":[{"embeddable":true,"href":"https:\/\/www.squareone.ca\/fr\/wp-json\/wp\/v2\/users\/2"}],"replies":[{"embeddable":true,"href":"https:\/\/www.squareone.ca\/fr\/wp-json\/wp\/v2\/comments?post=51359"}],"version-history":[{"count":5,"href":"https:\/\/www.squareone.ca\/fr\/wp-json\/wp\/v2\/pages\/51359\/revisions"}],"predecessor-version":[{"id":58756,"href":"https:\/\/www.squareone.ca\/fr\/wp-json\/wp\/v2\/pages\/51359\/revisions\/58756"}],"up":[{"embeddable":true,"href":"https:\/\/www.squareone.ca\/fr\/wp-json\/wp\/v2\/pages\/48238"}],"wp:attachment":[{"href":"https:\/\/www.squareone.ca\/fr\/wp-json\/wp\/v2\/media?parent=51359"}],"curies":[{"name":"wp","href":"https:\/\/api.w.org\/{rel}","templated":true}]}}