{"id":52757,"date":"2021-10-13T16:09:13","date_gmt":"2021-10-13T23:09:13","guid":{"rendered":"https:\/\/www.squareone.ca\/types-police\/assurance-habitation\/rabais-assurance-habitation-au-canada"},"modified":"2026-04-14T15:27:50","modified_gmt":"2026-04-14T22:27:50","slug":"rabais-assurance-habitation-au-canada","status":"publish","type":"page","link":"https:\/\/www.squareone.ca\/fr\/habitation\/rabais","title":{"rendered":"Rabais d\u2019assurance habitation au Canada"},"content":{"rendered":"<main>\r\n\r\n<section id=\"intro\" class=\"bg-shape-split bg-sub-page-hero\">\r\n\t<div class=\"bg-position\">\r\n\t\t<div class=\"container-fluid\">\r\n\t\t\t<div class=\"row\">\r\n        <h1>Rabais et \u00e9conomies en assurance habitation<\/h1>\r\n        <p class=\"display-4\">Une assurance habitation compr\u00e9hensive ne devrait pas vous ruiner. Chez Assurances Square One, il y a plusieurs rabais et \u00e9conomies qui peuvent r\u00e9duire la prime de votre assurance habitation. D\u00e9couvrez comment vous pouvez souscrire une police d\u2019assurance habitation personnalis\u00e9e et abordable et faire des \u00e9conomies d\u00e8s aujourd\u2019hui. <\/p>\r\n        <div class=\"row\">\r\n            <div class=\"col-12 col-md-3 col-lg-3\">\r\n                <ul class=\"list-unstyled link-list display-4 mb-0\">\r\n<li><a href='#age'>\u00c2ge<\/a><\/li>\r\n<li><a href='#car-insurance'>Assurance auto<\/a><\/li>\r\n<li><a href='#new-hot-water-heater'>Chauffe-eau neuf<\/a><\/li>\r\n<li><a href='#insurance-score'>Cote d\u2019assurance<\/a><\/li>                  \t\t\t\t\r\n<li><a href='#claims-free'>Dossier sans r\u00e9clamations<\/a><\/li>\r\n<\/ul>\r\n                    <\/div>\r\n                    \r\n<div class=\"col-12 col-md-3 col-lg-3\">\r\n<ul class=\"list-unstyled link-list display-4 mb-0\">\r\n\r\n<li><a href='#compensation'>Fid\u00e9lit\u00e9<\/a><\/li>\t\t\t\r\n<li><a href='#new-home'>Habitation neuve<\/a><\/li>\r\n<li><a href='#payment-history'>Histoire de paiement<\/a><\/li>                   \r\n<li><a href='#mortgage-free'>Hypoth\u00e8que rembours\u00e9e<\/a><\/li>\r\n<li><a href='#sump-pump-backflow-valve'>Pompes \u00e0 puisard et clapets anti-refoulement<\/a><\/li>                    \r\n<\/ul>\r\n            <\/div>\r\n\r\n<div class=\"col-12 col-md-3 col-lg-3\">\r\n<ul class=\"list-unstyled link-list display-4 mb-0\">         \r\n\r\n<li><a href='#fire-protection'>Protection contre l\u2019incendie<\/a><\/li>                    \r\n<li><a href='#leak'>Syst\u00e8mes de d\u00e9tection de fuites<\/a><\/li>\r\n<li><a href='#new-roof'>Toit neuf<\/a><\/li>\r\n                <\/ul>\r\n                    <\/div>\r\n                <\/div>\r\n            <\/div>\r\n        <\/div>\r\n    <\/div>\r\n    <div class=\"bg-bottom\"><\/div>\r\n<\/section>\r\n\t\r\n\r\n<section id=\"body\" class=\"mb-3 mt-6 xwide-mobile\">\r\n<div class=\"container-fluid\">\r\n\r\n    <div class=\"row\">\r\n        <div class=\"col-12 mb-3 col-md-1 col-lg-1\">\r\n            <img decoding=\"async\" src=\"\/sales\/images\/icons\/icon-people.svg\" class=\"ml-lg-4\" alt=\"Ic\u00f4ne de gens\" width=\"43\">\r\n        <\/div>\r\n        <div class=\"col-12 col-md-11 col-lg-5 pb-6\">\r\n            <h2 id=\"age\">\u00c2ge<\/h2>\r\n            <p>Si vous \u00eates une personne a\u00een\u00e9e, il est possible que vous puissiez \u00e9conomiser sur votre police d\u2019assurance habitation. Les personnes a\u00een\u00e9es pr\u00e9sentent moins de r\u00e9clamations comparativement \u00e0 d\u2019autres groupes d\u2019\u00e2ge.<\/p>\r\n<\/div>\r\n<div class=\"col-12 mb-3 col-md-1 col-lg-1\">\r\n            <img decoding=\"async\" src=\"https:\/\/cdn.squareone.ca\/wp-content\/uploads\/2024\/01\/05144318\/icon_car-01.png\" class=\"ml-lg-4\" alt=\"Ic\u00f4ne d'uen auto\" width=\"43\">\r\n        <\/div>\r\n        <div class=\"col-12 col-md-11 col-lg-5 pb-6\">\r\n            <h2 id=\"car-insurance\">Assurance auto<\/h2>\r\n            <p>Si vous souscrivez l&rsquo;assurance habitation et <a href=\"\/fr\/auto\" title=\"Souscrivez l'assurance auto en ligne\">l&rsquo;assurance auto<\/a> chez Square One, vous recevrez un rabais d&rsquo;un maximum de 5&nbsp;% sur votre assurance auto. <\/p>\r\n<\/div>        \r\n<\/div>\r\n\r\n<div class=\"row\">\r\n<div class=\"col-12 mb-3 col-md-1 col-lg-1\">\r\n<img decoding=\"async\" src=\"\/sales\/images\/icons\/icon-price-tag.svg\" class=\"ml-lg-4\" alt=\"Ic\u00f4ne d\u2019\u00e9tiquette de prix\" width=\"43\">\r\n        <\/div>\r\n        <div class=\"col-12 col-md-11 col-lg-5 pb-6\">\r\n            <h2 id=\"new-hot-water-heater\">Chauffe-eau neuf<\/h2>\r\n            <p>G\u00e9n\u00e9ralement, les <a href=\"\/fr\/centres-ressources\/connaitre-votre-habitation\/reservoir-eau-chaude\" title= \"R\u00e9servoir d'eau chaude\">chauffe-eau<\/a> durent de 10 \u00e0 20 ans. Plus votre chauffe-eau est vieux, plus sont les chances qu\u2019il fait d\u00e9faut et provoque une inondation grave. Un chauffe-eau plus neuf aidera \u00e0 baisser votre prime, car le risque de sinistre est r\u00e9duit.<\/p>\r\n        <\/div>\r\n<div class=\"col-12 mb-3 col-md-1 col-lg-1\">\r\n<img decoding=\"async\" src=\"\/sales\/images\/icons\/icon-clipboard.svg\" class=\"ml-lg-4\" alt=\"Ic\u00f4ne de planchette \u00e0 pince\" width=\"43\">\r\n        <\/div>\r\n        <div class=\"col-12 col-md-11 col-lg-5 pb-6\">\r\n            <h2 id=\"insurance-score\">Cote d\u2019assurance<\/h2>\r\n            <p>La cote d\u2019assurance est d\u00e9termin\u00e9e par plusieurs facteurs que les fournisseurs utilisent pour calculer le risque d\u2019assurer vous et vos biens. Si vous am\u00e9liorez votre cote d\u2019assurance, il est possible que vous puissiez obtenir une prime d\u2019assurance habitation plus int\u00e9ressante au fil du temps. Pour de plus amples renseignements, consultez notre article <a href=\"\/fr\/centres-ressources\/bases-assurance\/cote-assurance\" title=\"Initiation \u00e0 votre cote d'assurance\">Initiation \u00e0 votre cote d&rsquo;assurance<\/a>.<\/p>\r\n<\/div>        \r\n    <\/div>\r\n\r\n<div class=\"row\">\r\n        <div class=\"col-12 mb-3 col-md-1 col-lg-1\">\r\n<img decoding=\"async\" src=\"\/sales\/images\/icons\/icon-trophy.svg\" class=\"ml-lg-4\" alt=\"Ic\u00f4ne de troph\u00e9e\" width=\"43\">\r\n        <\/div>\r\n        <div class=\"col-12 col-md-11 col-lg-5 pb-6\">\r\n            <h2 id=\"claims-free\">Dossier sans r\u00e9clamations<\/h2>\r\n            <p>Si vous n\u2019avez pas pr\u00e9senter une r\u00e9clamation dans les trois ans pr\u00e9c\u00e9dant la souscription d\u2019une nouvelle police d\u2019assurance habitation, il est possible que vous soyez admissible \u00e0 un rabais pour un dossier sans r\u00e9clamations. Plus vous ne pr\u00e9sentez pas de r\u00e9clamations, plus vous \u00e9conomisez.<\/p>\r\n        <\/div>\r\n<div class=\"col-12 mb-3 col-md-1 col-lg-1\">\r\n<img decoding=\"async\" src=\"\/sales\/images\/icons\/icon-heart.svg\" class=\"ml-lg-4\" alt=\"Ic\u00f4ne de c\u0153ur\" width=\"43\">\r\n        <\/div>\r\n        <div class=\"col-12 col-md-11 col-lg-5 pb-6\">\r\n            <h2 id=\"loyalty\">Fid\u00e9lit\u00e9<\/h2>\r\n            <p>Chez Square One, nous croyons que la fid\u00e9lit\u00e9 devrait \u00eatre r\u00e9compens\u00e9e. C&rsquo;est pourquoi, \u00e0 titre de client \u00e0 long terme, vous recevrez un rabais de fid\u00e9lit\u00e9 qui est automatiquement ajout\u00e9 \u00e0 votre compte au moment de la r\u00e9\u00e9valuation de votre police.<\/p>\r\n<\/div>        \r\n    <\/div>\r\n\r\n<div class=\"row\">\r\n        <div class=\"col-12 mb-3 col-md-1 col-lg-1\">\r\n            <img decoding=\"async\" src=\"\/sales\/images\/icons\/icon-vacation.svg\" class=\"ml-lg-4\" alt=\"Ic\u00f4ne de vacances\" width=\"43\">\r\n        <\/div>\r\n        <div class=\"col-12 col-md-11 col-lg-5 pb-6\">\r\n            <h2 id=\"new-home\">Habitation neuve<\/h2>\r\n            <p>Les habitations plus neuves ont tendance \u00e0 subir moins de sinistres. Si votre habitation est neuve ou n\u2019a que quelques ans, il est possible que votre prime d\u2019assurance habitation soit moins \u00e9lev\u00e9e.<\/p>\r\n        <\/div>        \r\n         \r\n<div class=\"col-12 mb-3 col-md-1 col-lg-1\">\r\n<img decoding=\"async\" src=\"\/sales\/images\/icons\/icon-calendar.svg\" class=\"ml-lg-4\" alt=\"Ic\u00f4ne de calendrier\" width=\"43\">\r\n        <\/div>\r\n        <div class=\"col-12 col-md-11 col-lg-5 pb-6\">\r\n            <h2 id=\"payment-history\">Histoire de paiement<\/h2>\r\n            <p>Le fait de r\u00e9gler vos primes d\u2019assurance \u00e0 temps et d\u2019\u00e9viter la r\u00e9siliation pour d\u00e9faut de paiement pourrait se traduire par une prime d\u2019assurance habitation moins \u00e9lev\u00e9e comparativement \u00e0 ceux qui ne paient pas \u00e0 temps. <\/p>            \r\n        <\/div>        \r\n    <\/div>\r\n\r\n<div class=\"row\">\r\n        <div class=\"col-12 mb-3 col-md-1 col-lg-1\">\r\n<img decoding=\"async\" src=\"\/sales\/images\/icons\/icon-cash.svg\" class=\"ml-lg-4\" alt=\"Ic\u00f4ne d\u2019argent\" width=\"43\">\r\n        <\/div>\r\n        <div class=\"col-12 col-md-11 col-lg-5 pb-6\">\r\n            <h2 id=\"mortgage-free\">Hypoth\u00e8que rembours\u00e9e<\/h2>\r\n            <p>Si vous avez rembours\u00e9 enti\u00e8rement votre pr\u00eat hypoth\u00e9caire, vous recevrez un rabais. Les personnes propri\u00e9taires de leur maison \u00e0 100 % ont moins tendance \u00e0 pr\u00e9senter une r\u00e9clamation.<\/p>           \r\n        <\/div>            \r\n        \r\n        <div class=\"col-12 mb-3 col-md-1 col-lg-1\">\r\n<img decoding=\"async\" src=\"\/sales\/images\/icons\/icon-gears.svg\" class=\"ml-lg-4\" alt=\"Ic\u00f4ne d\u2019engrenage\" width=\"43\">\r\n        <\/div>\r\n        <div class=\"col-12 col-md-11 col-lg-5 pb-6\">\r\n            <h2 id=\"sump-pump-backflow-valve\">Pompes \u00e0 puisard et clapets anti-refoulement<\/h2>\r\n            <p>Si votre maison se trouve dans une r\u00e9gion \u00e0 risque \u00e9lev\u00e9 de refoulement d&rsquo;\u00e9gout, une pompe \u00e0 puisard ou un clapet anti-refoulement peut aider \u00e0 r\u00e9duire votre prime en baissant le risque d\u2019une r\u00e9clamation de refoulement d&rsquo;\u00e9gout.<\/p>\r\n<\/div>        \r\n    <\/div>\r\n\r\n<div class=\"row\">\r\n        <div class=\"col-12 mb-3 col-md-1 col-lg-1\">\r\n            <img decoding=\"async\" src=\"\/sales\/images\/icons\/icon-claim.svg\" class=\"ml-lg-4\" alt=\"Ic\u00f4ne de feu\" width=\"43\">\r\n        <\/div>\r\n        <div class=\"col-12 col-md-11 col-lg-5 pb-6\">\r\n            <h2 id=\"fire-protection\">Protection contre l\u2019incendie<\/h2>\r\n            <p>La proximit\u00e9 de votre maison aux services d\u2019incendie et aux prises d\u2019eau, a une incidence importante sur votre prime d\u2019assurance habitation. Il est possible que vous obteniez une prime moins \u00e9lev\u00e9e si votre maison se situe \u00e0 proximit\u00e9 d\u2019une caserne de pompiers et d\u2019une prise d\u2019eau. Par ailleurs, si votre maison se trouve dans une r\u00e9gion \u00e0 risque d\u2019un feu de for\u00eat, des \u00e9l\u00e9ments r\u00e9sistants au feu, comme le bardage et les toits incombustibles pourraient aussi r\u00e9duire votre prime.<\/p>\r\n        <\/div>\r\n        <div class=\"col-12 mb-3 col-md-1 col-lg-1\">\r\n<img decoding=\"async\" src=\"https:\/\/cdn.squareone.ca\/wp-content\/uploads\/2025\/03\/18100444\/icon_cash_purple.png\" class=\"ml-lg-4\" alt=\"Ic\u00f4ne d'eau\" width=\"43\">\r\n        <\/div>\r\n        \r\n<div class=\"col-12 col-md-11 col-lg-5 pb-6\">\r\n            <h2 id=\"leak\">Syst\u00e8mes de d\u00e9tection de fuites<\/h2>\r\n            <p>Les copropri\u00e9taires ayant un syst\u00e8me de d\u00e9tection de fuites approuv\u00e9 dans leur unit\u00e9 pourraient \u00eatre admissibles \u00e0 un rabais sur leur assurance copropri\u00e9taire. Les syst\u00e8mes approuv\u00e9s comprennent ceux faits par <a href=\"https:\/\/zojacks.com\/\" title=\"Zojacks\" rel=\"noopener noreferrer\" target=\"_blank\">ZoJacks<\/a> ou <a href=\"https:\/\/www.sinopetech.com\/\" title=\"Sinop\u00e9\" rel=\"noopener noreferrer\" target=\"_blank\">Sinop\u00e9<\/a>.<\/p>\r\n<\/div>        \r\n    <\/div>\r\n\r\n<div class=\"row\">\r\n        <div class=\"col-12 mb-3 col-md-1 col-lg-1\">\r\n            <img decoding=\"async\" src=\"\/sales\/images\/icons\/icon-tool.svg\" class=\"ml-lg-4\" alt=\"Ic\u00f4ne d\u2019outil\" width=\"43\">\r\n        <\/div>\r\n        <div class=\"col-12 col-md-11 col-lg-5 pb-6\">\r\n            <h2 id=\"new-roof\">Toit neuf<\/h2>\r\n            <p>En fonction de l\u2019\u00e2ge de votre toit, vous pourriez obtenir une prime d\u2019assurance habitation moins dispendieuse. Les toits plus neufs sont moins vuln\u00e9rables aux dommages provoqu\u00e9s par le vent et prot\u00e8gent la maison des intemp\u00e9ries, ce qui r\u00e9duit la possibilit\u00e9 de sinistre. Ce rabais n\u2019est offert qu\u2019aux polices d\u2019assurance habitation pour les <a href=\"\/fr\/maison\" title=\"Assurance maison non attenante\">maisons non attenantes<\/a>.<\/p>\r\n        <\/div>\r\n    <\/div>\r\n<\/div>\r\n<\/section>\r\n\r\n<section class=\"bg-shape-split shape-uuge-blue\">\r\n\t<div class=\"bg-top\"><\/div>\r\n\t\t<div class=\"bg-position\">\r\n\t\t\t<div class=\"container-fluid\">\r\n\t\t<h2>Comment les rabais sont-ils appliqu\u00e9s \u00e0 ma police?<\/h2>\r\n        <p class=\"display-4\">Vos rabais et \u00e9conomies sont automatiquement appliqu\u00e9s pendant le processus de soumission. Ils sont refl\u00e9t\u00e9s dans votre prime lorsque vous souscrivez la police et au moment de la r\u00e9\u00e9valuation. Pas certain si vous \u00eates admissible \u00e0 un rabais? Composez le <a class=\"strong tel sq1-phone-number\" href=\"tel:1-855-331-6933\" style=\"text-decoration:none\">1.855.331.6933<\/a> et l\u2019un des nos agents agr\u00e9\u00e9s vous aidera.<\/p>\r\n        <p class=\"display-4\">Vous voulez \u00e9conomiser de l\u2019argent sur votre police d\u2019assurance propri\u00e9taire occupant, locataire ou copropri\u00e9taire? Voici <a href=\"\/fr\/centres-ressources\/bases-assurance\/moyens-economiser\" title=\"9 fa\u00e7ons d\u2019\u00e9conomiser sur l\u2019assurance habitation\">9 fa\u00e7ons d\u2019\u00e9conomiser de l\u2019argent<\/a> sur vos paiements.<\/p>\r\n    <\/div>\r\n<\/div>\r\n\t<div class=\"bg-bottom\"><\/div>\r\n<\/section>\r\n\r\n\t<section class=\"footer-cta bg-shape mt-6\">\n\t    <div class=\"container-fluid\">\n\t        <div class=\"row\">\n\t            <div class=\"col-10 offset-1 col-lg-8 offset-lg-2 text-center\">\n\t                <div class=\"h6 text-secondary-alt text-uppercase mb-4\">vous \u00eates en bonne compagnie <\/div>\n\t                <div class=\"h2 text-uc-first mb-4\">Joignez-vous \u00e0 plus de 3 000 000 de clients qui ont re\u00e7u une soumission en assurance habitation de notre part.<\/div>\n\t\t\t\t\t<div id=\"sq1-qw-0d92c305a519\" class=\"sq1-quote-widget\" data-quote-widget-type=\"HOME\" data-has-custom-text=\"true\" style=\"min-height: 68px; height: auto\"><\/div>\n\t                <p class=\"text-uc-first\">D\u00e9couvrez \u00e0 quel point l'assurance habitation est abordable \u00e0 l'aide d'une soumission en ligne en 5 minutes.<\/p>\n\t                <p class=\"text-light small text-uc-first\">Avant de commencer, veuillez lire notre <a href=\"https:\/\/www.squareone.ca\/fr\/politique-confidentialite\" target=\"_blank\" rel=\"noreferrer noopener\">Politique de confidentialit\u00e9<\/a> et nos <a href=\"https:\/\/www.squareone.ca\/fr\/conditions-utilisation\" target=\"_blank\" rel=\"noreferrer noopener\">Conditions d\u2019utilisation<\/a>.<\/p>\n\t            <\/div>\n\t        <\/div>\n\t    <\/div>\n\t    <div class=\"locations position-absolute fw-bold w-100 text-center pb-6 px-3\">Une compagnie canadienne exploit\u00e9e par des Canadiens. Nous offrons nos services au <a href=\"\/fr\/habitation\/quebec\" class=\"text-grey-900 text-decoration-none\">Qu\u00e9bec<\/a>, en Colombie-Britannique, en Alberta, en Saskatchewan, au Manitoba et en Ontario.<\/div>\n\t<\/section>\r\n\r\n<main>","protected":false},"excerpt":{"rendered":"<p>Rabais et \u00e9conomies en assurance habitation Une assurance habitation compr\u00e9hensive ne devrait pas vous ruiner. Chez Assurances Square One, il y a plusieurs rabais et \u00e9conomies qui peuvent r\u00e9duire la prime de votre assurance habitation. D\u00e9couvrez comment vous pouvez souscrire une police d\u2019assurance habitation personnalis\u00e9e et abordable et faire des \u00e9conomies d\u00e8s aujourd\u2019hui. \u00c2ge Assurance [&hellip;]<\/p>\n","protected":false},"author":2,"featured_media":0,"parent":47403,"menu_order":0,"comment_status":"closed","ping_status":"closed","template":"","meta":{"_acf_changed":false,"footnotes":""},"class_list":["post-52757","page","type-page","status-publish","hentry"],"acf":[],"_links":{"self":[{"href":"https:\/\/www.squareone.ca\/fr\/wp-json\/wp\/v2\/pages\/52757","targetHints":{"allow":["GET"]}}],"collection":[{"href":"https:\/\/www.squareone.ca\/fr\/wp-json\/wp\/v2\/pages"}],"about":[{"href":"https:\/\/www.squareone.ca\/fr\/wp-json\/wp\/v2\/types\/page"}],"author":[{"embeddable":true,"href":"https:\/\/www.squareone.ca\/fr\/wp-json\/wp\/v2\/users\/2"}],"replies":[{"embeddable":true,"href":"https:\/\/www.squareone.ca\/fr\/wp-json\/wp\/v2\/comments?post=52757"}],"version-history":[{"count":15,"href":"https:\/\/www.squareone.ca\/fr\/wp-json\/wp\/v2\/pages\/52757\/revisions"}],"predecessor-version":[{"id":78906,"href":"https:\/\/www.squareone.ca\/fr\/wp-json\/wp\/v2\/pages\/52757\/revisions\/78906"}],"up":[{"embeddable":true,"href":"https:\/\/www.squareone.ca\/fr\/wp-json\/wp\/v2\/pages\/47403"}],"wp:attachment":[{"href":"https:\/\/www.squareone.ca\/fr\/wp-json\/wp\/v2\/media?parent=52757"}],"curies":[{"name":"wp","href":"https:\/\/api.w.org\/{rel}","templated":true}]}}