{"id":52967,"date":"2021-10-20T11:07:38","date_gmt":"2021-10-20T18:07:38","guid":{"rendered":"https:\/\/www.squareone.ca\/soutien\/bases-assurance-conseils\/centres-ressources-connaitre-votre-habitation"},"modified":"2023-04-13T16:39:43","modified_gmt":"2023-04-13T23:39:43","slug":"centres-ressources-connaitre-votre-habitation","status":"publish","type":"page","link":"https:\/\/www.squareone.ca\/fr\/centres-ressources\/connaitre-votre-habitation","title":{"rendered":"Centre de ressources : conna\u00eetre votre habitation"},"content":{"rendered":"<section id=\"intro\" class=\"bg-shape-split bg-sub-page-hero\">\r\n\t<div class=\"bg-position\">\r\n\t\t<div class=\"container-fluid\">\r\n\t\t\t<div class=\"row\">\r\n\t\t\t\t<h1>Centre de ressources&nbsp;: conna\u00eetre votre habitation<\/h1>\r\n\t\t\t\t<p class=\"display-4\">Que vous viviez dans une copropri\u00e9t\u00e9 ou dans une maison, vous prenez pour acquis les nombreux composants et syst\u00e8mes qui s\u2019y trouvent, en toute probabilit\u00e9. Jusqu\u2019\u00e0 ce que quelque chose ne marche pas, bien entendu. Ce centre de ressources aborde les divers composants et syst\u00e8mes de base qui se trouvent dans votre habitation. Nous vous invitons \u00e0 consulter les articles ci-dessous. Si vous avez des questions, <a href=\"mailto:info@squareone.ca\" Title=\"Envoyez-nous un courriel\">n\u2019h\u00e9sitez pas \u00e0 nous envoyer un courriel<\/a>.<\/p>\r\n\t\t\t\t<p class=\"display-4\">Pour consulter des dizaines d\u2019articles \u00e0 l\u2019intention des propri\u00e9taires occupants, copropri\u00e9taires, propri\u00e9taires bailleurs et locataires, jetez un \u0153il \u00e0 nos <a href=\"\/fr\/centres-ressources\" title=\"Articles pratiques sur l\u2019assurance et bien plus\">centres de ressources<\/a>.<\/p>\r\n\t\t\t\t<div id=\"wpcr_respond_1\"><\/div>\t\t\t\r\n\t\t\t<\/div>\r\n\t\t<\/div>\r\n\t<\/div>\r\n\t<div class=\"bg-bottom\"><\/div>\r\n<\/section>","protected":false},"excerpt":{"rendered":"<p>Centre de ressources&nbsp;: conna\u00eetre votre habitation Que vous viviez dans une copropri\u00e9t\u00e9 ou dans une maison, vous prenez pour acquis les nombreux composants et syst\u00e8mes qui s\u2019y trouvent, en toute probabilit\u00e9. Jusqu\u2019\u00e0 ce que quelque chose ne marche pas, bien entendu. Ce centre de ressources aborde les divers composants et syst\u00e8mes de base qui se [&hellip;]<\/p>\n","protected":false},"author":2,"featured_media":0,"parent":48238,"menu_order":7,"comment_status":"open","ping_status":"open","template":"page-article-landing.php","meta":{"_acf_changed":false,"footnotes":""},"class_list":["post-52967","page","type-page","status-publish","hentry"],"acf":[],"_links":{"self":[{"href":"https:\/\/www.squareone.ca\/fr\/wp-json\/wp\/v2\/pages\/52967","targetHints":{"allow":["GET"]}}],"collection":[{"href":"https:\/\/www.squareone.ca\/fr\/wp-json\/wp\/v2\/pages"}],"about":[{"href":"https:\/\/www.squareone.ca\/fr\/wp-json\/wp\/v2\/types\/page"}],"author":[{"embeddable":true,"href":"https:\/\/www.squareone.ca\/fr\/wp-json\/wp\/v2\/users\/2"}],"replies":[{"embeddable":true,"href":"https:\/\/www.squareone.ca\/fr\/wp-json\/wp\/v2\/comments?post=52967"}],"version-history":[{"count":2,"href":"https:\/\/www.squareone.ca\/fr\/wp-json\/wp\/v2\/pages\/52967\/revisions"}],"predecessor-version":[{"id":58778,"href":"https:\/\/www.squareone.ca\/fr\/wp-json\/wp\/v2\/pages\/52967\/revisions\/58778"}],"up":[{"embeddable":true,"href":"https:\/\/www.squareone.ca\/fr\/wp-json\/wp\/v2\/pages\/48238"}],"wp:attachment":[{"href":"https:\/\/www.squareone.ca\/fr\/wp-json\/wp\/v2\/media?parent=52967"}],"curies":[{"name":"wp","href":"https:\/\/api.w.org\/{rel}","templated":true}]}}