{"id":53094,"date":"2021-10-25T10:51:57","date_gmt":"2021-10-25T17:51:57","guid":{"rendered":"https:\/\/www.squareone.ca\/soutien\/bases-assurance-conseils\/centre-ressources-decoration-interieure"},"modified":"2023-04-06T16:03:59","modified_gmt":"2023-04-06T23:03:59","slug":"centre-ressources-decoration-interieure","status":"publish","type":"page","link":"https:\/\/www.squareone.ca\/fr\/centres-ressources\/decoration-interieure","title":{"rendered":"Centre de ressources : d\u00e9coration int\u00e9rieure"},"content":{"rendered":"<section id=\"intro\" class=\"bg-shape-split bg-sub-page-hero\">\r\n\t<div class=\"bg-position\">\r\n\t\t<div class=\"container-fluid\">\r\n\t\t\t<div class=\"row\">\r\n\t\t\t\t<h1>Centre de ressources&nbsp;: d\u00e9coration int\u00e9rieure<\/h1>\r\n\t\t\t\t<p class=\"display-4\">Ce centre de ressources vous offre des id\u00e9es et conseils de d\u00e9coration int\u00e9rieure pour les maisons, suites au sous-sol ou appartements. Si vous avez des questions sp\u00e9cifiques \u00e0 nous poser, veuillez nous envoyer un <a href=\"mailto:info@squareone.ca\" title=\"Envoyez-nous un courriel\">courriel<\/a> et nous t\u00e2cherons de vous r\u00e9pondre.<\/p>\r\n\t\t\t\t<p class=\"display-4\">Pour consulter des dizaines d\u2019articles \u00e0 l\u2019intention des propri\u00e9taires occupants, copropri\u00e9taires, propri\u00e9taires bailleurs et locataires, jetez un \u0153il \u00e0 nos <a href=\"\/fr\/centres-ressources\" title=\"Articles pratiques sur l\u2019assurance et bien plus\">centres de ressources<\/a>.<\/p>\r\n\t\t\t<\/div>\r\n\t\t<\/div>\r\n\t<\/div>\r\n\t<div class=\"bg-bottom\"><\/div>\r\n<\/section>","protected":false},"excerpt":{"rendered":"<p>Centre de ressources&nbsp;: d\u00e9coration int\u00e9rieure Ce centre de ressources vous offre des id\u00e9es et conseils de d\u00e9coration int\u00e9rieure pour les maisons, suites au sous-sol ou appartements. Si vous avez des questions sp\u00e9cifiques \u00e0 nous poser, veuillez nous envoyer un courriel et nous t\u00e2cherons de vous r\u00e9pondre. Pour consulter des dizaines d\u2019articles \u00e0 l\u2019intention des propri\u00e9taires [&hellip;]<\/p>\n","protected":false},"author":2,"featured_media":0,"parent":48238,"menu_order":0,"comment_status":"closed","ping_status":"closed","template":"page-article-landing.php","meta":{"_acf_changed":false,"footnotes":""},"class_list":["post-53094","page","type-page","status-publish","hentry"],"acf":[],"_links":{"self":[{"href":"https:\/\/www.squareone.ca\/fr\/wp-json\/wp\/v2\/pages\/53094","targetHints":{"allow":["GET"]}}],"collection":[{"href":"https:\/\/www.squareone.ca\/fr\/wp-json\/wp\/v2\/pages"}],"about":[{"href":"https:\/\/www.squareone.ca\/fr\/wp-json\/wp\/v2\/types\/page"}],"author":[{"embeddable":true,"href":"https:\/\/www.squareone.ca\/fr\/wp-json\/wp\/v2\/users\/2"}],"replies":[{"embeddable":true,"href":"https:\/\/www.squareone.ca\/fr\/wp-json\/wp\/v2\/comments?post=53094"}],"version-history":[{"count":3,"href":"https:\/\/www.squareone.ca\/fr\/wp-json\/wp\/v2\/pages\/53094\/revisions"}],"predecessor-version":[{"id":58789,"href":"https:\/\/www.squareone.ca\/fr\/wp-json\/wp\/v2\/pages\/53094\/revisions\/58789"}],"up":[{"embeddable":true,"href":"https:\/\/www.squareone.ca\/fr\/wp-json\/wp\/v2\/pages\/48238"}],"wp:attachment":[{"href":"https:\/\/www.squareone.ca\/fr\/wp-json\/wp\/v2\/media?parent=53094"}],"curies":[{"name":"wp","href":"https:\/\/api.w.org\/{rel}","templated":true}]}}