{"id":53157,"date":"2021-10-25T15:45:10","date_gmt":"2021-10-25T22:45:10","guid":{"rendered":"https:\/\/www.squareone.ca\/soutien\/bases-assurance-conseils\/lexique-assurance"},"modified":"2026-04-09T10:20:17","modified_gmt":"2026-04-09T17:20:17","slug":"lexique-assurance","status":"publish","type":"page","link":"https:\/\/www.squareone.ca\/fr\/centres-ressources\/lexique-assurance","title":{"rendered":"Lexique de l\u2019assurance"},"content":{"rendered":"<section id='intro' class=\"bg-shape-split bg-sub-page-hero\">\r\n    <div class=\"bg-position\">\r\n        <div class=\"container-fluid\">\r\n            <div class=\"row align-items-center\">\r\n                <div class=\"col-12 col-lg-8\">\r\n\t\t\t\t\t<h1>Lexique de l\u2019assurance<\/h1>\r\n\t\t\t\t\t<p class=\"pb-3 text-orange\"><strong>Lexique et d\u00e9finitions de l\u2019assurance habitation<\/strong><\/p>\t\r\n                <\/div>\r\n            <\/div>\r\n\t\t\t\r\n\t\t\t<div class=\"row\">\r\n                <div class=\"col-lg-8\">\r\n\t\t\t\t\t<p class=\"display-4\"><a href=\"\/fr\/habitation\" title=\"Assurance habitation\">L&rsquo;assurance habitation<\/a> a une terminologie que vous ne verrez pas ailleurs. Pour cette raison, nous avons cr\u00e9\u00e9 le Lexique de l\u2019assurance \u00e9crit en langage clair. D\u00e9sormais, vous comprendrez facilement les notions et termes les plus courants du monde de l\u2019assurance habitation.<\/p>\r\n                <\/div>\r\n                <div class=\"col-lg-3 offset-lg-1\">\r\n                    <ul class=\"list-unstyled link-list display-4\">\r\n                        <li><a href='#A'>A \u00e0 H<\/a><\/li>\r\n                        <li><a href='#I'>I \u00e0 P<\/a><\/li>\r\n                        <li><a href='#Q'>Q \u00e0 Z<\/a><\/li>\r\n                    <\/ul>\r\n                <\/div>\r\n            <\/div>  \r\n        <\/div>\r\n    <\/div>\r\n    <div class=\"bg-bottom\"><\/div>\r\n<\/section>\r\n<section class=\"xwide-mobile py-6\">\r\n\t\t<div class=\"container-fluid\">\r\n\t\t\t<div class=\"row match-height\">\r\n\t\t\t\t<div class=\"col-12 col-md-6 col-lg-4 mb-4\">\r\n\t\t\t\t\t<div class=\"card review pb-9\">\r\n\t\t\t\t\t\t<div class=\"card-body\">\r\n\t\t\t\t\t\t\t<div id=\"A\" class=\"h1 mb-2 text-center\">A<\/div>\r\n<p class=\"text-center\">\r\n<a href=\"\/fr\/centres-ressources\/lexique-assurance\/antecedents-sinistre\" title=\"Ant\u00e9c\u00e9dents de sinistre\">Ant\u00e9c\u00e9dents de sinistre<\/a><br>\r\n<a href=\"\/fr\/centres-ressources\/lexique-assurance\/assure\" title=\"Assur\u00e9\">Assur\u00e9<\/a><br>\r\n<a href=\"\/fr\/centres-ressources\/lexique-assurance\/assure-designe\" title=\"Assur\u00e9 d\u00e9sign\u00e9\">Assur\u00e9 d\u00e9sign\u00e9<\/a><br>\r\n<a href=\"\/fr\/centres-ressources\/lexique-assurance\/avenant\" title=\"Avenant\">Avenant<\/a><br>\r\n<a href=\"\/fr\/centres-ressources\/lexique-assurance\/assureur\" title=\"Assureur\">Assureur<\/a><\/p>\r\n\t\t\t\t\t\t\t\t\t\t\t\r\n\t\t\t\t\t\t<\/div>\r\n\t\t\t\t\t<\/div>\r\n\t\t\t\t<\/div>\r\n\r\n<div class=\"col-12 col-md-6 col-lg-4 mb-4\">\r\n                    <div class=\"card review pb-9\">\r\n                        <div class=\"card-body\">\r\n                            <div class=\"h1 mb-2 text-center\">B<\/div>\r\n\r\n<p class=\"text-center\"><a href=\"\/fr\/centres-ressources\/lexique-assurance\/biens-meubles\" title=\"Biens meubles\">Biens meubles<\/a><\/p>\r\n                        <\/div>\r\n                    <\/div>\r\n                <\/div>\r\n\t\t\t\t\r\n\t\t\t\t\r\n\t\t\t\t<div class=\"col-12 col-md-6 col-lg-4 mb-4\">\r\n\t\t\t\t\t<div class=\"card review\">\r\n\t\t\t\t\t\t<div class=\"card-body\">\r\n\t\t\t\t\t\t\t<div class=\"h1 mb-2 text-center\">C<\/div>\r\n\r\n<p class=\"text-center\"><a href=\"\/fr\/centres-ressources\/lexique-assurance\/conditions-particulieres\" title=\"Conditions particuli\u00e8res\">Conditions particuli\u00e8res<\/a><br>\r\n<a href=\"\/fr\/centres-ressources\/lexique-assurance\/conducteur-occasionnel\" title=\"Conducteur occasionnel\">Conducteur occasionnel<\/a><br>\r\n<a href=\"\/fr\/centres-ressources\/lexique-assurance\/cotisation\" title=\"Cotisation (copropri\u00e9taires)\">Cotisation (copropri\u00e9taires)<\/a><br>\r\n<a href=\"\/fr\/centres-ressources\/lexique-assurance\/courtier\" title=\"Courtier\">Courtier<\/a><br>\r\n<a href=\"\/fr\/centres-ressources\/lexique-assurance\/cout-remplacement-reconstruction-garanti\" title=\"Co\u00fbt de remplacement ou de reconstruction garanti\">Co\u00fbt de remplacement ou de reconstruction garanti<\/a><\/p>\r\n\r\n                        <\/div>\r\n                    <\/div>\r\n                <\/div>\r\n\r\n<div class=\"col-12 col-md-6 col-lg-4 mb-4\">\r\n                    <div class=\"card review\">\r\n                        <div class=\"card-body\">\r\n                            <div class=\"h1 mb-2 text-center\">D<\/div>\r\n                            <p class=\"text-center\"><a href=\"\/fr\/centres-ressources\/lexique-assurance\/dependances\" title=\"D\u00e9pendances\">D\u00e9pendances<\/a><br>\r\n<a href=\"\/fr\/centres-ressources\/lexique-assurance\/depreciation\" title=\"D\u00e9pr\u00e9ciation\">D\u00e9pr\u00e9ciation<\/a><br>\r\n<a href=\"\/fr\/centres-ressources\/lexique-assurance\/depreciation limitee\" title=\"D\u00e9pr\u00e9ciationlimit\u00e9e\">D\u00e9pr\u00e9ciation limit\u00e9e<\/a><br>\r\n<a href=\"\/fr\/centres-ressources\/lexique-assurance\/disposition\" title=\"Disposition\">Disposition<\/a><br>\r\n<a href=\"\/fr\/centres-ressources\/lexique-assurance\/dommages-corporels\" title=\"Dommages corporels\">Dommages corporels<\/a><br>\r\n<a href=\"\/fr\/centres-ressources\/lexique-assurance\/dommages-interets\" title=\"Dommages-int\u00e9r\u00eats\">Dommages-int\u00e9r\u00eats<\/a><br>\r\n<a href=\"\/fr\/centres-ressources\/lexique-assurance\/dossier-conduite\" title=\"Dossier de conduite\">Dossier de conduite<\/a><\/p>\r\n                    <\/div>\r\n                <\/div>\r\n            <\/div>\r\n<div class=\"col-12 col-md-6 col-lg-4 mb-4\">\r\n\t\t\t\t\t<div class=\"card review pb-9\">\r\n\t\t\t\t\t\t<div class=\"card-body\">\r\n\t\t\t\t\t\t\t<div class=\"h1 mb-2 text-center\">E<\/div>\r\n\r\n<p class=\"text-center\"><a href=\"\/fr\/centres-ressources\/lexique-assurance\/exclusion\" title=\"Exclusion\">Exclusion<\/a><br>\r\n<a href=\"\/fr\/centres-ressources\/lexique-assurance\/expert-en-sinistres\" title=\"Expert en sinistres\">Expert en sinistres<\/a><\/p>\r\n<\/div>\r\n                    <\/div>\r\n                <\/div>\r\n\r\n<div class=\"col-12 col-md-6 col-lg-4 mb-4\">\r\n                    <div class=\"card review pb-9\">\r\n                        <div class=\"card-body\">\r\n                            <div class=\"h1 mb-2 text-center\">F<\/div>\r\n\r\n<p class=\"text-center\"><a href=\"\/fr\/centres-ressources\/lexique-assurance\/force-majeure\" title=\"Force majeure\">Force majeure<\/a><br>\r\n\r\n<a href=\"\/fr\/centres-ressources\/lexique-assurance\/formule-etendue\" title=\"Formule \u00e9tendue\">Formule \u00e9tendue<\/a><br>\r\n\r\n<a href=\"\/fr\/centres-ressources\/lexique-assurance\/frais-de-subsistance-supplementaires\" title=\"Frais de subsistance suppl\u00e9mentaires\">Frais de subsistance suppl\u00e9mentaires<\/a><br>\r\n\r\n                            <a href=\"\/fr\/centres-ressources\/lexique-assurance\/franchise\" title=\"Franchise\">Franchise<\/a><\/p>\r\n\t\t\t\t\t\t\t\t\t\t\t\t\t\t\t\t\t\t\t\t\t\t\r\n\t\t\t\t\t\t\r\n\t\t\t\t\t\t\t\t\t\t\r\n\t\t\t\t\t\t<\/div>\r\n\t\t\t\t\t<\/div>\r\n\t\t\t\t<\/div>\r\n\t\t\t\r\n\t\t\t\t<div class=\"col-12 col-md-6 col-lg-4 mb-4\">\r\n\t\t\t\t\t<div class=\"card review\">\r\n\t\t\t\t\t\t<div class=\"card-body\">\r\n\t\t\t\t\t\t\t<div id=\"I\" class=\"h1 mb-2 text-center\">I<\/div>\r\n\t\t\t\t\t\t\t\r\n<p class=\"text-center\"><a href=\"\/fr\/centres-ressources\/lexique-assurance\/indemnite\" title=\"Indemnit\u00e9\">Indemnit\u00e9<\/a><br>\r\n\t\t\t\t\t\t\t<a \r\nhref=\"\/fr\/centres-ressources\/lexique-assurance\/interet-assurable\" title=\"Int\u00e9r\u00eat assurable\">Int\u00e9r\u00eat assurable<\/a><br>\t\t<\/p>\t\t\t\t\t\t\t\t\t\t\t\t\t\t\t\t\r\n\t\t\t\t\t\t<\/div>\r\n\t\t\t\t\t<\/div>\r\n\t\t\t\t<\/div>\r\n\t\t\t\t\r\n<div class=\"col-12 col-md-6 col-lg-4 mb-4\">\r\n                    <div class=\"card review pb-5\">\r\n                        <div class=\"card-body\">\r\n                            <div class=\"h1 mb-2 text-center\">L<\/div>\r\n                            <p class=\"text-center\"><a href=\"\/fr\/centres-ressources\/lexique-assurance\/lieux-assures\" title=\"Lieux assur\u00e9s\">Lieux assur\u00e9s<\/a><br>\r\n<a href=\"\/fr\/centres-ressources\/lexique-assurance\/limitation\" title=\"Limitation\">Limitation<\/a><\/p>\r\n<\/div>\r\n                    <\/div>\r\n                <\/div>\r\n\r\n<div class=\"col-12 col-md-6 col-lg-4 mb-4\">\r\n                    <div class=\"card review pb-6\">\r\n                        <div class=\"card-body\">\r\n                            <div class=\"h1 mb-2 text-center\">M<\/div>\r\n<p class=\"text-center\"><a href=\"\/fr\/centres-ressources\/lexique-assurance\/menace-imminente\" title=\"Menace imminente\">Menace imminente<\/a><br>\r\n<\/div>\r\n                    <\/div>\r\n                <\/div>\t\t\t\t\r\n\t\t\t\t<div class=\"col-12 col-md-6 col-lg-4 mb-4\">\r\n\t\t\t\t\t<div class=\"card review pb-6\">\r\n\t\t\t\t\t\t<div class=\"card-body\">\r\n\t\t\t\t\t\t\t<div class=\"h1 mb-2 text-center\">N<\/div>\r\n\r\n<p class=\"text-center\"><a href=\"\/fr\/centres-ressources\/lexique-assurance\/note-de-couverture\" title=\"Note de couverture\">Note de couverture<\/a><br>\r\n\r\n<a href=\"\/fr\/centres-ressources\/lexique-assurance\/numero-identification-vehicule\" title=\"Num\u00e9ro d'identification de v\u00e9hicule\">Num\u00e9ro d&rsquo;identification de v\u00e9hicule<\/a><\/p>\r\n\t\t\t\t\t\t\t\r\n\t\t\t\t\t\t<\/div>\r\n\t\t\t\t\t<\/div>\r\n\t\t\t\t<\/div>\t\t\t\t\r\n\r\n <div class=\"col-12 col-md-6 col-lg-4 mb-4\">\r\n                    <div class=\"card review pb-7\">\r\n                        <div class=\"card-body\">\r\n                            <div class=\"h1 mb-2 text-center\">O<\/div>\r\n                            <p class=\"text-center\"><a href=\"\/fr\/centres-ressources\/lexique-assurance\/occupation\" title=\"Occupation\">Occupation<\/a><br>\r\n\r\n<\/div>\r\n                    <\/div>\r\n                <\/div>\t\t\t\t\r\n\t\t\t\t<div class=\"col-12 col-md-6 col-lg-4 mb-4\">\r\n\t\t\t\t\t<div class=\"card review\">\r\n\t\t\t\t\t\t<div class=\"card-body\">\r\n\t\t\t\t\t\t\t<div class=\"h1 mb-2 text-center\">P<\/div>\r\n\r\n<p class=\"text-center\"><a href=\"\/fr\/centres-ressources\/lexique-assurance\/perte-totale\" title=\"Perte totale\">Perte totale<\/a><br>\r\n\r\n<a href=\"\/fr\/centres-ressources\/lexique-assurance\/police\" title=\"Police\">Police<\/a><br>\r\n\r\n\t\t<a href=\"\/fr\/centres-ressources\/lexique-assurance\/prime\" title=\"Prime\">Prime<\/a><\/p> \t\t\t\t\t\t\t\t\t\t\t\t\t\t\t\t\t\t\t\t\t\t\r\n\t\t\t\t\t\t<\/div>\r\n\t\t\t\t\t<\/div>\r\n\t\t\t\t<\/div>\r\n\t\t\t\r\n\r\n\t\t\t\t<div class=\"col-12 col-md-6 col-lg-4 mb-4\">\r\n\t\t\t\t\t<div class=\"card review\">\r\n\t\t\t\t\t\t<div class=\"card-body\">\r\n\t\t\t\t\t\t\t<div class=\"h1 mb-2 text-center\">R<\/div>\r\n <p class=\"text-center\"><a href=\"\/fr\/centres-ressources\/lexique-assurance\/reclamation\" title=\"R\u00e9clamation\">R\u00e9clamation<\/a><br>\r\n\r\n<a href=\"\/fr\/centres-ressources\/lexique-assurance\/reevaluation-en-assurance\" title=\"R\u00e9\u00e9valuation en assurance\">R\u00e9\u00e9valuation en assurance<\/a><br>\r\n\r\n<a href=\"\/fr\/centres-ressources\/lexique-assurance\/reglement\" title=\"R\u00e8glement\">R\u00e8glement<\/a><br>\r\n\r\n<a href=\"\/fr\/centres-ressources\/lexique-assurance\/reglement-en-assurance\" title=\"R\u00e8glement en assurance\">R\u00e8glement en assurance<\/a><br>\r\n\r\n<a href=\"\/fr\/centres-ressources\/lexique-assurance\/responsabilite\" title=\"Responsabilit\u00e9\">Responsabilit\u00e9<\/a><br>\r\n\r\n<a href=\"\/fr\/centres-ressources\/lexique-assurance\/risque\" title=\"Risque\">Risque<\/a><\/p>\r\n\r\n\t\t\t\t\t\t\t\t\t\t\t\t\r\n\t\t\t\t\t\t<\/div>\r\n\t\t\t\t\t<\/div>\r\n\t\t\t\t<\/div>\r\n\t\t\t\t\r\n\t\t\t\t<div class=\"col-12 col-md-6 col-lg-4 mb-4\">\r\n\t\t\t\t\t<div class=\"card review pb-2\">\r\n\t\t\t\t\t\t<div class=\"card-body\">\r\n\t\t\t\t\t\t\t<div class=\"h1 mb-2 text-center\">S<\/div>\r\n\r\n<p class=\"text-center\"><a href=\"\/fr\/centres-ressources\/lexique-assurance\/sauvetage\" title=\"Sauvetage\">Sauvetage<\/a><br>\r\n\r\n<a href=\"\/fr\/centres-ressources\/lexique-assurance\/sinistre\" title=\"Sinistre\">Sinistre<\/a><br>\r\n\r\n<a href=\"\/fr\/centres-ressources\/lexique-assurance\/soumission\" title=\"Soumission\">Soumission<\/a><br>\r\n\r\n<a href=\"\/fr\/centres-ressources\/lexique-assurance\/souscripteur\" title=\"Souscripteur\">Souscripteur<\/a><br>\r\n\r\n<a href=\"\/fr\/centres-ressources\/lexique-assurance\/souscription\" title=\"Souscription\">Souscription<\/a><br>\r\n\r\n<a href=\"https:\/\/www.squareone.ca\/fr\/centres-ressources\/lexique-assurance\/subrogation\" title=\"Subrogation\">Subrogation<\/a><\/p>\r\n\t\t\t\t\t\t\t\t\t\t\t\t\t\t\t\t\t\t\t\t\t\t\t\r\n\t\t\t\t\t\t<\/div>\r\n\t\t\t\t\t<\/div>\r\n\t\t\t\t<\/div>\r\n\t\t\t\t\r\n\t\t\t\t<div class=\"col-12 col-md-6 col-lg-4 mb-4\">\r\n\t\t\t\t\t<div class=\"card review\">\r\n\t\t\t\t\t\t<div class=\"card-body\">\r\n\t\t\t\t\t\t\t<div class=\"h1 mb-2 text-center\">T<\/div>\r\n<p class=\"text-center\"><a href=\"\/fr\/centres-ressources\/lexique-assurance\/titulaire-de-police\" title=\"Titulaire de police\">Titulaire de police<\/a><\/p>\r\n\r\n\r\n<\/div>\r\n                    <\/div>\r\n                <\/div>\r\n\r\n\t<div class=\"col-12 col-md-6 col-lg-4 mb-4\">\r\n                    <div class=\"card review\">\r\n                        <div class=\"card-body\">\r\n                            <div class=\"h1 mb-2 text-center\">V<\/div>\r\n\r\n<p class=\"text-center\"><a href=\"\/fr\/centres-ressources\/lexique-assurance\/habitation-vacante\" title=\"Vacant\">Vacant<\/a><br>\r\n\r\n <a href=\"\/fr\/centres-ressources\/lexique-assurance\/valeur-a-neuf\" title=\"Valeur \u00e0 neuf\">Valeur \u00e0 neuf<\/a><br>                            \r\n\r\n <a href=\"\/fr\/centres-ressources\/lexique-assurance\/valeur-jour-sinistre\" title=\"Valeur au jour du sinistre\">Valeur au jour du sinistre<\/a><br>\r\n\r\n<a href=\"\/fr\/centres-ressources\/lexique-assurance\/valeur-marchande\"Valeur marchande\">Valeur marchande<\/a><br>\r\n\r\n<a href=\"\/fr\/centres-ressources\/lexique-assurance\/verification-credit\" title=\"V\u00e9rification de cr\u00e9dit\">V\u00e9rification de cr\u00e9dit<\/a><\/p> \r\n\t\t\t\t\t\t\r\n\t\t\t\t\t\t<\/div>\r\n\t\t\t\t\t<\/div>\r\n\t\t\t\t<\/div>\t\t\t\t\t\t\t\t\t\t\t\r\n\t<\/div>\r\n<\/div>\r\n<\/section>\r\n<section class=\"bg-shape-split shape-uuge-blue\">\r\n\t<div class=\"bg-top\"><\/div>\r\n\t<div class=\"bg-position\">\r\n<div class=\"container-fluid\">\r\n\t<div class=\"row\">\r\n\t\t<div class=\"col-12 mb-3 col-md-1 col-lg-1\">\r\n\t\t\t<img decoding=\"async\" src=\"\/sales\/images\/icons\/icon-tool.svg\" class=\"ml-lg-4\" alt=\"Tool icon\" width=\"43\">\r\n\t\t<\/div>\r\n\t\t<div class=\"col-12 col-md-11 col-lg-5\">\r\n\t\t\t<h2>Outils d\u2019assurance gratuits<\/h2>\t\t\t\t\r\n\t\t\t<p>Dans le but de vous aider dans le processus de souscription d\u2019assurance, nous avons r\u00e9uni quelques outils pratiques pour vous.<\/p>\r\n\t\t\t\t\t\t<p>Ensuite, vous pouvez t\u00e9l\u00e9charger une liste d\u2019inventaire de la maison. Cette feuille de travail conviviale vous aidera \u00e0 d\u00e9terminer le quantit\u00e9 de couverture dont vous avez besoin pour vos biens meubles et sp\u00e9ciaux.<\/p>\r\n\t\t\t<p>Finalement, vous pouvez obtenir une soumission gratuite en ligne. Il s\u2019agit d\u2019un outil pratique pour les personnes souscrivant une assurance habitation pour la premi\u00e8re fois, mais sert \u00e9galement \u00e0 aider les clients avec des polices existantes. En fait, les experts de l\u2019industrie recommandent que vous obteniez des soumissions comparatives tous les trois ans pour vous assurer que vous b\u00e9n\u00e9ficiez de la protection appropri\u00e9e.<\/p>\r\n\t\t\t<ul>\r\n\t\t\t\t\t\t<li><a href=\"https:\/\/cdn.squareone.ca\/wp-content\/uploads\/2021\/07\/19053851\/SQ1-Inventaire-maison.xlsx\" target=\"_blank\" rel=\"noopener noreferrer\">T\u00e9l\u00e9charger la liste d\u2019inventaire de la maison<\/a><\/li>\r\n\t\t\t<li><a href=\"\/fr\/soumission-assurance-habitation-en-ligne\">Obtenir une soumission de comparaison gratuite<\/a><\/li>\r\n\t\t\t<\/ul>\r\n\t\t\t\t\t<\/div>\r\n\t\t\t\t\t<div class=\"col-12 col-md-1 col-lg-1 pb-6\">\r\n\t\t\t\t\t\t<img decoding=\"async\" src=\"\/sales\/images\/icons\/icon-question.svg\" class=\"ml-lg-4\" alt=\"Question icon\" width=\"43\">\r\n\t\t\t\t\t<\/div>\r\n\t\t\t\t\t<div class=\"col-12 col-md-11 col-lg-5\">\r\n\t\t\t<h2>Bases de l\u2019assurance et conseils<\/h2>\r\n\t\t\t<p>Sur ce site Web, vous pouvez acc\u00e9der \u00e0 des douzaines d\u2019articles portant sur les th\u00e8mes li\u00e9s \u00e0 l\u2019assurance habitation. Ces articles sont organis\u00e9s de trois fa\u00e7ons.<\/p>\r\n\t\t\t<p>D\u2019abord, vous pouvez acc\u00e9der \u00e0 douze centres de ressources, organis\u00e9s par th\u00e8me. Par exemple, il existe des centres de ressources au sujet de l\u2019achat et de la vente d\u2019une maison, ainsi qu\u2019au sujet du d\u00e9m\u00e9nagement et la familiarisation avec votre habitation. En outre, vous retrouverez des centres de ressources visant les propri\u00e9taires occupants, les propri\u00e9taires bailleurs et les locataires.<\/p>\t\t\r\n\t\t\t<p>Ensuite, vous pouvez consulter une s\u00e9rie d\u2019articles qui abordent les bases de l\u2019assurance habitation. Ces articles touchent plusieurs th\u00e8mes, dont les types d\u2019assurance habitation g\u00e9n\u00e9ralement offerts et les fa\u00e7ons d\u2019\u00e9conomiser sur votre police.<\/p>\r\n\t\t\t<p>Finalement, vous pouvez passer en revue des r\u00e9ponses aux questions fr\u00e9quemment pos\u00e9es. Par exemple, vous pouvez d\u00e9couvrir comment \u00e9conomiser sur votre assurance habitation ou si les polices d\u2019assurance habitation offrent une couverture pour \u00ab&nbsp;force majeure&nbsp;\u00bb.<\/p>\r\n\t\t\t<ul>\r\n\t\t\t<li><a href=\"\/fr\/centres-ressources\">Explorer les centres de ressources<\/a><\/li>\r\n\t\t\t<li><a href=\"\/fr\/centres-ressources\/bases-assurance\" title=\"Centre de ressources : bases de l\u2019assurance habitation\">D\u00e9couvrir les bases de l\u2019assurance habitation<\/a><\/li>\r\n\t\t\t<li><a href=\"\/fr\/soutien\/faq-assurances\" title=\"Questions fr\u00e9quemment pos\u00e9es sur l\u2019assurance\">Obtenir des r\u00e9ponses aux questions les plus fr\u00e9quemment pos\u00e9es au sujet de l\u2019assurance habitation<\/a><\/li>\r\n\t\t\t<\/ul>\r\n\t\t<\/div>\t\t\r\n\t<\/div>\r\n<\/div>\r\n<\/div>\r\n<\/section>","protected":false},"excerpt":{"rendered":"<p>Lexique de l\u2019assurance Lexique et d\u00e9finitions de l\u2019assurance habitation L&rsquo;assurance habitation a une terminologie que vous ne verrez pas ailleurs. Pour cette raison, nous avons cr\u00e9\u00e9 le Lexique de l\u2019assurance \u00e9crit en langage clair. D\u00e9sormais, vous comprendrez facilement les notions et termes les plus courants du monde de l\u2019assurance habitation. A \u00e0 H I \u00e0 [&hellip;]<\/p>\n","protected":false},"author":2,"featured_media":0,"parent":48238,"menu_order":0,"comment_status":"closed","ping_status":"closed","template":"","meta":{"_acf_changed":false,"footnotes":""},"class_list":["post-53157","page","type-page","status-publish","hentry"],"acf":[],"_links":{"self":[{"href":"https:\/\/www.squareone.ca\/fr\/wp-json\/wp\/v2\/pages\/53157","targetHints":{"allow":["GET"]}}],"collection":[{"href":"https:\/\/www.squareone.ca\/fr\/wp-json\/wp\/v2\/pages"}],"about":[{"href":"https:\/\/www.squareone.ca\/fr\/wp-json\/wp\/v2\/types\/page"}],"author":[{"embeddable":true,"href":"https:\/\/www.squareone.ca\/fr\/wp-json\/wp\/v2\/users\/2"}],"replies":[{"embeddable":true,"href":"https:\/\/www.squareone.ca\/fr\/wp-json\/wp\/v2\/comments?post=53157"}],"version-history":[{"count":91,"href":"https:\/\/www.squareone.ca\/fr\/wp-json\/wp\/v2\/pages\/53157\/revisions"}],"predecessor-version":[{"id":78678,"href":"https:\/\/www.squareone.ca\/fr\/wp-json\/wp\/v2\/pages\/53157\/revisions\/78678"}],"up":[{"embeddable":true,"href":"https:\/\/www.squareone.ca\/fr\/wp-json\/wp\/v2\/pages\/48238"}],"wp:attachment":[{"href":"https:\/\/www.squareone.ca\/fr\/wp-json\/wp\/v2\/media?parent=53157"}],"curies":[{"name":"wp","href":"https:\/\/api.w.org\/{rel}","templated":true}]}}