{"id":53207,"date":"2021-10-27T09:14:56","date_gmt":"2021-10-27T16:14:56","guid":{"rendered":"https:\/\/www.squareone.ca\/soutien\/bases-assurance-conseils\/lexique-assurance\/definition-assure-2"},"modified":"2025-12-02T11:30:03","modified_gmt":"2025-12-02T19:30:03","slug":"definition-assureur","status":"publish","type":"page","link":"https:\/\/www.squareone.ca\/fr\/centres-ressources\/lexique-assurance\/assureur","title":{"rendered":"D\u00e9finition : assureur"},"content":{"rendered":"<section id='intro' class=\"bg-shape-split bg-sub-page-hero\">\r\n    <div class=\"bg-position\">\r\n        <div class=\"container-fluid\">\r\n            <div class=\"row align-items-center\">\r\n                <div class=\"col-12 col-lg-8\">                \r\n                    <h1>Assureur<\/h1>\r\n                    <strong>Article r\u00e9dig\u00e9 par <a href=\"\/fr\/a-propos-de-nous\/contributeurs#seamus-mckale\" title=\"Auteur : Seamus McKale\">Seamus McKale<\/a><\/strong>\r\n                                        <p class=\"pb-3\"><strong>Article \u00e9valu\u00e9 par <a href=\"\/fr\/a-propos-de-nous\/experts\/daniel-mirkovic\" title=\"Expert : Daniel Mirkovic\">Daniel Mirkovic<\/a><\/strong><\/p> \r\n                    <p class=\"pb-4\" style=\"margin-top:-24px\">Mis \u00e0 jour le 6 novembre 2025<\/p>\r\n                <\/div>\r\n            <\/div>\r\n\r\n            <div class=\"row\">\r\n                <div class=\"col-lg-8\">\r\n                    <p class='mb-0'>Nom<\/p>\r\n                    <p>ass-u-reur | asy\u0281\u0153\u0281<\/p>\r\n                    <p class=\"display-4\"><strong><span class='text-orange'>D\u00e9finition\u00a0:<\/span> une compagnie qui souscrit un risque en assurance.<\/strong><\/p>\r\n                    <p class=\"display-4\"><i>L\u2019<strong>assureur<\/strong> a r\u00e9gl\u00e9 le remplacement des biens endommag\u00e9s par l\u2019incendie.<\/i><\/p>                   \r\n                <\/div>\r\n\r\n                <div class=\"col-lg-3 offset-lg-1\">          \r\n                    <p class=\"mb-2 display-4 pt-4 pt-lg-0 pt-mb-0\"><strong>Th\u00e8mes<\/strong><\/p>\r\n                    <ul class=\"list-unstyled link-list display-4\">\r\n                        <li><a href='#What-it-is'>Qu\u2019est-ce qu\u2019un assureur?<\/a><\/li>\r\n                        <li><a href='#Insurer-insurance'>Qui assure l\u2019assureur?<\/a><\/li>\r\n                    <\/ul>\r\n                <\/div>\r\n            <\/div>  \r\n        <\/div>\r\n    <\/div>\r\n    <div class=\"bg-bottom\"><\/div>\r\n<\/section>\r\n\r\n<section>\r\n    <div class=\"container-fluid py-6\">\r\n        <div class=\"row\">\r\n            <div class=\"col-12 col-lg-8\">\r\n                <div class=\"row pb-6\">\r\n                    <div class=\"col-12\">\r\n                        <div class=\"card review\" style='background-color:#FFE0C9'>\r\n                            <div class=\"card-body\">\r\n                                <p class=\"h3\">L\u2019essentiel<\/p>\r\n                                <ul class='mb-0'>\r\n                                    <li>Un assureur est la compagnie responsable de r\u00e9gler les sinistres conform\u00e9ment \u00e0 un contrat d\u2019assurance.<\/li>\r\n                                    <li>Un assureur fournit des polices d\u2019assurance qui prot\u00e8gent les assur\u00e9s.<\/li>\r\n                                    <li>Typiquement, un client souscrit une police chez un assureur. mais il peut \u00e9galement souscrire une assurance chez un courtier qui vend des polices au nom d\u2019un assureur.<\/li>\r\n                                <\/ul>\r\n                            <\/div>\r\n                        <\/div>\r\n                    <\/div>\r\n                <\/div>\r\n\r\n                <h2 id=\"What-it-is\">Qu\u2019est-ce qu\u2019un assureur?<\/h2>\r\n\r\n                <p>Un <strong>assureur<\/strong> (autrement appel\u00e9 <strong>compagnie d\u2019assurance<\/strong>) est une compagnie qui <a href=\"\/fr\/centres-ressources\/lexique-assurance\/souscription\" title=\"D\u00e9finition : souscription\">souscrit<\/a> les polices d\u2019assurance.<\/p> \r\n                \r\n                <p>L\u2019assureur est la compagnie qui r\u00e9dige la police d\u2019assurance et fixe les conditions de l\u2019entente. Le terme \u00ab\u00a0assureur\u00a0\u00bb est g\u00e9n\u00e9ralement interchangeable avec \u00ab\u00a0souscripteur\u00a0\u00bb. Une police d\u2019assurance est une promesse de rembourser le <a href=\"\/fr\/centres-ressources\/lexique-assurance\/titulaire-de-police\" title=\"D\u00e9finition : titulaire de police\">titulaire de police<\/a> en cas de sinistre; l\u2019assureur est responsable de respecter cette promesse.<\/p> \r\n                \r\n                <p>Typiquement, on souscrit une police d\u2019assurance directement chez un assureur. Desjardins Assurances, SSQ Assurance et La Capitale Assurances g\u00e9n\u00e9rales sont des assureurs bien connus au Qu\u00e9bec.<\/p>\r\n                \r\n                <p>Malgr\u00e9 cela, les gens sont nombreux \u00e0 souscrire une assurance par l\u2019interm\u00e9diaire d\u2019un <a href=\"\/fr\/centres-ressources\/lexique-assurance\/courtier\" title=\"D\u00e9finition : courtier\">courtier<\/a>. Les courtiers ne sont pas des assureurs. Les courtiers vendent des polices au nom des assureurs. Si l\u2019on souscrit une police par l\u2019interm\u00e9diaire d\u2019un courtier, c\u2019est l\u2019assureur qui d\u00e9livre la police et traite les r\u00e9clamations.<\/p>\r\n                \r\n                <p>Si vous n\u2019\u00eates pas certain de l\u2019identit\u00e9 de votre assureur, consultez votre police. Votre assureur est clairement d\u00e9sign\u00e9 dans les <a href=\"\/fr\/centres-ressources\/lexique-assurance\/conditions-particulieres\" title=\"D\u00e9finition : conditions particuli\u00e8res\">conditions particuli\u00e8res<\/a> de votre police.<\/p>\r\n                \r\n                <p>Souvent, il y a confusion entre assureur et assur\u00e9. L\u2019assureur est celui qui assure; il d\u00e9livre la police et r\u00e8gle les sinistres. L\u2019assur\u00e9 est la personne ou personnes couvertes en vertu de la police; celui-ci souscrit la police et sera rembours\u00e9 en cas de sinistre.<\/p>\r\n                \r\n                <p>Et Square One?<\/p>\r\n                \r\n                <p>Square One est assez unique. Nous ne sommes pas un assureur, quoique nous offrions la plupart des services typiquement fournis par un assureur. Nous d\u00e9livrons, facturons et administrons des polices d\u2019assurance habitation au nom d\u2019un assureur\u00a0: <a href=\"https:\/\/mutualfirebc.com\/fr\" title=\"Compagnie mutuelle d\u2019assurance incendie de la Colombie-Britannique\" rel=\"noopener noreferrer nofollow\" target=\"_blank\">Compagnie mutuelle d\u2019assurance incendie de la Colombie-Britannique (la \u00ab\u00a0Mutuelle\u00a0\u00bb)<\/a>. La Mutuelle souscrit les polices d\u2019assurance habitation vendues par Square One.<\/p>\r\n\r\n                <h2 id=\"Insurer-insurance\">Qui assure l\u2019assur\u00e9?<\/h2>\r\n\r\n                <p>On se demande souvent qui assure les compagnies d\u2019assurance.<\/p>\r\n                \r\n                <p>Il n\u2019y a pas de r\u00e9ponse d\u00e9finitive\u00a0: les compagnies <a href=\"\/fr\/habitation\" title=\"Assurance habitation\">d\u2019assurance habitation<\/a> ont des besoins en assurance beaucoup plus complexes comparativement aux particuliers.<\/p>\r\n                \r\n                <p>Certaines compagnies d\u2019assurance importantes autoassurent une partie de leurs affaires. Plus pr\u00e9cis\u00e9ment, elles n\u2019ont pas de police d\u2019assurance; elles r\u00e8glent les sinistres en puisant dans leurs propres fonds.<\/p>\r\n                \r\n                <p>Une compagnie d\u2019assurance pourrait souscrire les types d\u2019assurance suivants\u00a0:<\/p>\r\n                \r\n                <h3>Assurance commerciale<\/h3>\r\n\r\n                <p>Les compagnies d\u2019assurance ont des bureaux et de l\u2019\u00e9quipement \u00e0 assurer, comme toute autre entreprise. Les polices d\u2019assurance commerciale couvrent les dommages aux biens meubles de la compagnie, comme les ordinateurs, les bureaux ou les cafeti\u00e8res. Ces polices comprennent \u00e9galement une assurance responsabilit\u00e9 civile qui prot\u00e8ge la compagnie contre les dommages-int\u00e9r\u00eats l\u00e9gaux si, par exemple, un client tombe en glissant dans un bureau de la compagnie.<\/p>\r\n                \r\n                <h3>Assurance responsabilit\u00e9 civile professionnelle<\/h3>\r\n\r\n                <p>L\u2019assurance responsabilit\u00e9 civile professionnelle offre aux compagnies d\u2019assurance et \u00e0 leurs agents une protection financi\u00e8re en cas d\u2019une erreur qui provoque une perte financi\u00e8re.<\/p>\r\n                \r\n                <p>Si un agent en assurance fait une erreur pendant le processus de d\u00e9livrance d\u2019une nouvelle police, il est possible que l\u2019assur\u00e9 souscrivant la police finisse avec moins de couverture que promise.<\/p>\r\n                \r\n                <p>Si l\u2019assur\u00e9 d\u00e9cide de poursuivre l\u2019agent ou la compagnie d\u2019assurance, l\u2019assurance responsabilit\u00e9 civile professionnelle peut aider \u00e0 couvrir les frais de la poursuite ou des dommages-int\u00e9r\u00eats.<\/p>\r\n                \r\n                <h3>R\u00e9assurance<\/h3>\r\n\r\n                <p><a href=\"https:\/\/fr.wikipedia.org\/wiki\/R%C3%A9assurance\" title=\"Wikip\u00e9dia : r\u00e9assurance\" Titre :=\": r\u00e9assurance\" rel=\"noopener noreferrer\">La r\u00e9assurance<\/a> aide les compagnies d\u2019assurance \u00e0 r\u00e9gler des sinistres qu\u2019elles ne pourraient pas autrement r\u00e9gler.<\/p> \r\n                \r\n                <p>Pour certaines compagnies d\u2019assurance, la motivation principale pour souscrire une r\u00e9assurance est de se prot\u00e9ger contre les d\u00e9sastres catastrophiques. Les assureurs r\u00e8glent la plupart des sinistres quotidiens en puisant dans le fonds commun des <a href=\"\/fr\/centres-ressources\/lexique-assurance\/prime\" title=\"D\u00e9finition : prime\"> primes recueillies de leurs clients.<\/p> \r\n                \r\n                <p>Cependant, des catastrophes importantes, comme les <a href=\"\/fr\/habitation\/tremblement-terre\" title=\"Square One : assurance contre tremblement de terre\">tremblements de terre<\/a>, les feux de for\u00eat ou les inondations peuvent provoquer des milliards de dollars en dommages assurables. La plupart des fournisseurs d\u2019assurance habitation n\u2019ont pas assez de fonds pour r\u00e9gler ce genre de sinistre, sinon les primes seraient trop dispendieuses. Par cons\u00e9quent, ceux-ci font appel aux r\u00e9assureurs pour r\u00e9gler la partie exc\u00e9dentaire des sinistres.<\/p>\r\n                \r\n                <p>Une compagnie d\u2019assurance pourrait \u00e9galement souscrire une r\u00e9assurance pendant une p\u00e9riode d\u2019expansion rapide. En d\u00e9but d\u2019une p\u00e9riode d\u2019expansion, il est possible qu\u2019un assureur n\u2019ait pas per\u00e7u assez de primes pour pouvoir r\u00e9gler les r\u00e9clamations pr\u00e9sent\u00e9es par ses nouveaux clients. Le r\u00e9assureur aidera \u00e0 couvrir les insuffisances jusqu\u2019\u00e0 ce que l\u2019assureur \u00e9tablisse les fonds n\u00e9cessaires.<\/p>\r\n                \r\n                <p>Les fournisseurs de r\u00e9assurance sont des compagnies d\u2019envergure. La plupart ont des revenus annuels dans les dizaines de milliards de dollars. Chaque fois que quelqu\u2019un sur la plan\u00e8te souscrit de l\u2019assurance, il est probable qu\u2019au moins une portion de leur prime est vers\u00e9e dans une compagnie de r\u00e9assurance quelque part.<\/p>\r\n                \r\n                <p>Parmi les fournisseurs de r\u00e9assurance les plus connus, on retrouve Munich Re, Swiss Re, Allianz et SCOR.<\/p>\r\n\r\n                <p><strong>Vous recherchez une d\u00e9finition en assurance?<\/strong> Consultez notre <a href=\"\/fr\/centres-ressources\/lexique-assurance\" title=\"Centre de ressources : lexique de l'assurance\">Centre de ressources&nbsp;: lexique de l\u2019assurance<\/a> pour acc\u00e9der \u00e0 des d\u00e9finitions faciles \u00e0 comprendre des termes les plus courants de l'assurance. Ensuite, <a href=\"\/fr\/soumission-assurance-habitation-en-ligne\" title=\"Obtenir une soumission d\u2019assurance habitation en ligne\">obtenez une soumission d'assurance habitation en ligne<\/a> en moins de 5\u00a0minutes et d\u00e9couvrez \u00e0 quel point l\u2019assurance habitation personnalis\u00e9e peut \u00eatre abordable.<\/p>\r\n\r\n                <div class=\"row py-3\">\r\n<div class=\"col-12\">\r\n<div class=\"card review\" style=\"box-shadow: 0 2px 4px rgba(0,0,0,0.07);background-color:#f4f4f4;\">\r\n<div class=\"card-body\">\r\n\t<p class=\"text-primary h4\">\u00c0 propos de l\u2019expert&nbsp;: Daniel Mirkovic<\/p>\r\n\t<p>Cofondateur de Square One comptant plus de 25&nbsp;ans dans le secteur de l\u2019assurance, Daniel \u00e9tait vice-pr\u00e9sident des services d\u2019assurance et de voyage de la British Columbia Automobile Association (BCAA). Daniel est titulaire d'un baccalaur\u00e9at \u00e8s commerce et d'une ma\u00eetrise \u00e8s administration des affaires, tous deux obtenus \u00e0 la Sauder School of Business de l'universit\u00e9 de la Colombie-Britannique. Daniel est muni de la d\u00e9signation CAAC et d\u2019un certificat en assurance de dommages niveau&nbsp;3 en Colombie-Britannique, en Alberta, en Saskatchewan, au Manitoba et en Ontario.<\/p>\r\n<\/div>\r\n<\/div>\r\n<\/div>\r\n<\/div>\r\n\r\n            <\/div>\r\n        <\/div>\r\n    <\/div>\r\n<\/section>\r\n<script type=\"application\/ld+json\">\r\n{\r\n  \"@context\": \"https:\/\/schema.org\",\r\n  \"@graph\": [\r\n    {\r\n      \"@type\": [\"WebPage\", \"DefinedTerm\"],\r\n      \"@id\": \"https:\/\/www.squareone.ca\/fr\/centres-ressources\/lexique-assurance\/assureur\",\r\n      \"url\": \"https:\/\/www.squareone.ca\/fr\/centres-ressources\/lexique-assurance\/assureur\",\r\n      \"inLanguage\": \"fr-CA\",\r\n      \"isAccessibleForFree\": true,\r\n      \"name\": \"Assureur\",\r\n      \"description\": \"Une compagnie qui souscrit un risque en assurance.\",\r\n      \"inDefinedTermSet\": {\r\n        \"@type\": \"DefinedTermSet\",\r\n        \"name\": \"Lexique de l\u2019assurance de Square One\",\r\n        \"url\": \"https:\/\/www.squareone.ca\/fr\/centres-ressources\/lexique-assurance\"\r\n      },\r\n      \"publisher\": {\r\n        \"@id\": \"https:\/\/www.squareone.ca\/fr\"\r\n      },\r\n      \"author\": {\r\n        \"@id\": \"#seamus-mckale\"\r\n      },\r\n      \"reviewedBy\": {\r\n        \"@id\": \"https:\/\/www.squareone.ca\/fr\/a-propos-de-nous\/experts\/daniel-mirkovic\"\r\n      }\r\n    },\r\n    {\r\n      \"@type\": \"InsuranceAgency\",\r\n      \"@id\": \"https:\/\/www.squareone.ca\/fr\",\r\n      \"name\": \"Assurances Square One\",\r\n      \"url\": \"https:\/\/www.squareone.ca\/fr\",\r\n      \"logo\": \"https:\/\/cdn.squareone.ca\/wp-content\/uploads\/2021\/04\/09094743\/square-one-logomark-default-md-1.png\",\r\n      \"address\": {\r\n        \"@type\": \"PostalAddress\",\r\n        \"streetAddress\": \"1410-650 W Georgia St\",\r\n        \"addressLocality\": \"Vancouver\",\r\n        \"addressRegion\": \"BC\",\r\n        \"postalCode\": \"V6B 4N8\",\r\n        \"addressCountry\": \"CA\"\r\n      },\r\n      \"telephone\": \"+1-855-331-6933\",\r\n      \"areaServed\": [\"BC\", \"AB\", \"SK\", \"MB\", \"ON\", \"QC\"],\r\n      \"feesAndCommissionsSpecification\": \"https:\/\/www.squareone.ca\/fr\/transparence\"\r\n    },\r\n    {\r\n      \"@type\": \"Person\",\r\n      \"@id\": \"#seamus-mckale\",\r\n      \"name\": \"Seamus McKale\",\r\n      \"url\": \"https:\/\/www.squareone.ca\/fr\/a-propos-de-nous\/membres-equipe#seamus-mckale\",\r\n      \"description\": \"Seamus a 15 ans d\u2019exp\u00e9rience en marketing, avec sp\u00e9cialisation en publicit\u00e9 multim\u00e9dia, r\u00e9daction technique et contenu sur l\u2019assurance personnelle.\",\r\n      \"jobTitle\": \"Sp\u00e9cialiste de marketing de contenu\",\r\n      \"worksFor\": {\r\n        \"@id\": \"https:\/\/www.squareone.ca\/fr\"\r\n      },\r\n      \"hasCredential\": [\r\n        {\r\n          \"@type\": \"EducationalOccupationalCredential\",\r\n          \"name\": \"Certificat en assurance de dommages de la C.-B., niveau 1\"\r\n        },\r\n        {\r\n          \"@type\": \"EducationalOccupationalCredential\",\r\n          \"name\": \"Certificat en assurance de dommages de l\u2019Ontario\"\r\n        }\r\n      ],\r\n      \"knowsAbout\": [\r\n        \"Marketing\",\r\n        \"Publicit\u00e9 multim\u00e9dia\",\r\n        \"R\u00e9daction technique\",\r\n        \"Assurance des particuliers\"\r\n      ],\r\n      \"sameAs\": [\r\n        \"https:\/\/www.linkedin.com\/in\/seamus-m-83801a2b\/\"\r\n      ]\r\n    },\r\n    {\r\n      \"@type\": \"Person\",\r\n      \"@id\": \"https:\/\/www.squareone.ca\/fr\/a-propos-de-nous\/experts\/daniel-mirkovic\",\r\n      \"name\": \"Daniel Mirkovic\",\r\n      \"url\": \"https:\/\/www.squareone.ca\/fr\/a-propos-de-nous\/experts\/daniel-mirkovic\",\r\n      \"description\": \"Daniel poss\u00e8de de vastes connaissances en assurance, acquises au cours de plus de 25 ans d\u2019exprience dans le secteur.\",\r\n      \"jobTitle\": \"Cofondateur et PDG\",\r\n      \"worksFor\": {\r\n        \"@id\": \"https:\/\/www.squareone.ca\/fr\"\r\n      },\r\n      \"alumniOf\": {\r\n        \"@type\": \"CollegeOrUniversity\",\r\n        \"name\": \"Sauder School of Business at the University of British Columbia\"\r\n      },\r\n      \"hasCredential\": [\r\n        {\r\n          \"@type\": \"EducationalOccupationalCredential\",\r\n          \"name\": \"Courtier d\u2019assurance agr\u00e9\u00e9 du Canada (CAAC)\"\r\n        },\r\n        {\r\n          \"@type\": \"EducationalOccupationalCredential\",\r\n          \"name\": \"Certificat en assurance de dommages, niveau 3 (BC, AB, SK, MB, ON)\"\r\n        }\r\n      ],\r\n      \"knowsAbout\": [\r\n        \"Assurance propri\u00e9taire occupant\",\r\n        \"Assurance locataire\",\r\n        \"Assurance copropri\u00e9taire\",\r\n        \"Assurance auto\",\r\n        \"Assurance automobile de collection\",\r\n        \"Assurance maladie\",\r\n        \"Assurance-vie\",\r\n        \"L\u2019assurance invalidit\u00e9 de longue dur\u00e9e\",\r\n        \"Assurance v\u00e9t\u00e9rinaire\",\r\n        \"Assurance-voyage\",\r\n        \"Planification d\u2019affaires et strat\u00e9gique\",\r\n        \"Publicit\u00e9 s'adressant directement aux consommateurs\",\r\n        \"D\u00e9veloppement des produits\",\r\n        \"Conception de l\u2019exp\u00e9rience des utilisateurs\"\r\n      ],\r\n      \"sameAs\": [\r\n        \"https:\/\/www.linkedin.com\/in\/danielmirkovic\"\r\n      ]\r\n    },\r\n    {\r\n      \"@type\": \"FAQPage\",\r\n      \"mainEntity\": [\r\n        {\r\n          \"@type\": \"Question\",\r\n          \"name\": \"Qu\u2019est-ce qu\u2019un assureur?\",\r\n          \"acceptedAnswer\": {\r\n            \"@type\": \"Answer\",\r\n            \"text\": \"L\u2019assureur est la compagnie qui r\u00e8gle la compensation. L\u2019assureur est la compagnie qui r\u00e9dige la police d\u2019assurance et fixe les conditions de l\u2019entente. Le terme \u00ab\u00a0assureur\u00a0\u00bb est g\u00e9n\u00e9ralement interchangeable avec \u00ab\u00a0souscripteur\u00a0\u00bb.\"\r\n          }\r\n        },\r\n        {\r\n          \"@type\": \"Question\",\r\n          \"name\": \"Qui assure l\u2019assureur?\",\r\n          \"acceptedAnswer\": {\r\n            \"@type\": \"Answer\",\r\n            \"text\": \"Il n\u2019y a pas de r\u00e9ponse d\u00e9finitive\u00a0: les compagnies d\u2019assurance ont des besoins en assurance beaucoup plus complexes comparativement aux particuliers. Certaines compagnies d\u2019assurance importantes autoassurent une partie de leurs affaires. Plus pr\u00e9cis\u00e9ment, elles n\u2019ont pas de police d\u2019assurance, mais r\u00e8glent les sinistres en puisant dans leurs propres fonds.\"\r\n          }\r\n        }\r\n      ]\r\n    }\r\n  ]\r\n}\r\n<\/script>\r\n","protected":false},"excerpt":{"rendered":"<p>Assureur Article \u00e9valu\u00e9 par Daniel Mirkovic Nom ass-u-reur | asy\u0281\u0153\u0281 D\u00e9finition\u00a0: une compagnie qui souscrit un risque en assurance. L\u2019assureur a r\u00e9gl\u00e9 le remplacement des biens endommag\u00e9s par l\u2019incendie. Th\u00e8mes Qu\u2019est-ce qu\u2019un assureur? Qui assure l\u2019assureur? L\u2019essentiel Un assureur est la compagnie responsable de r\u00e9gler les sinistres conform\u00e9ment \u00e0 un contrat d\u2019assurance. Un assureur fournit [&hellip;]<\/p>\n","protected":false},"author":2,"featured_media":0,"parent":53157,"menu_order":0,"comment_status":"closed","ping_status":"closed","template":"page-article-new.php","meta":{"_acf_changed":false,"footnotes":""},"class_list":["post-53207","page","type-page","status-publish","hentry"],"acf":[],"_links":{"self":[{"href":"https:\/\/www.squareone.ca\/fr\/wp-json\/wp\/v2\/pages\/53207","targetHints":{"allow":["GET"]}}],"collection":[{"href":"https:\/\/www.squareone.ca\/fr\/wp-json\/wp\/v2\/pages"}],"about":[{"href":"https:\/\/www.squareone.ca\/fr\/wp-json\/wp\/v2\/types\/page"}],"author":[{"embeddable":true,"href":"https:\/\/www.squareone.ca\/fr\/wp-json\/wp\/v2\/users\/2"}],"replies":[{"embeddable":true,"href":"https:\/\/www.squareone.ca\/fr\/wp-json\/wp\/v2\/comments?post=53207"}],"version-history":[{"count":30,"href":"https:\/\/www.squareone.ca\/fr\/wp-json\/wp\/v2\/pages\/53207\/revisions"}],"predecessor-version":[{"id":77580,"href":"https:\/\/www.squareone.ca\/fr\/wp-json\/wp\/v2\/pages\/53207\/revisions\/77580"}],"up":[{"embeddable":true,"href":"https:\/\/www.squareone.ca\/fr\/wp-json\/wp\/v2\/pages\/53157"}],"wp:attachment":[{"href":"https:\/\/www.squareone.ca\/fr\/wp-json\/wp\/v2\/media?parent=53207"}],"curies":[{"name":"wp","href":"https:\/\/api.w.org\/{rel}","templated":true}]}}