{"id":53497,"date":"2021-11-04T09:13:53","date_gmt":"2021-11-04T16:13:53","guid":{"rendered":"https:\/\/www.squareone.ca\/soutien\/bases-assurance-conseils\/ameliorations-domiciliaires"},"modified":"2023-03-14T15:40:27","modified_gmt":"2023-03-14T22:40:27","slug":"ameliorations-domiciliaires","status":"publish","type":"page","link":"https:\/\/www.squareone.ca\/fr\/centres-ressources\/ameliorations-domiciliaires","title":{"rendered":"Centre de ressources : am\u00e9liorations domiciliaires"},"content":{"rendered":"<section id=\"intro\" class=\"bg-shape-split bg-sub-page-hero\">\r\n\t<div class=\"bg-position\">\r\n\t\t<div class=\"container-fluid\">\r\n\t\t\t<div class=\"row\">\r\n\t\t\t\t<div class=\"col-12\">\r\n\t\t\t\t<h1>Centre de ressources&nbsp;: am\u00e9liorations domiciliaires<\/h1>\r\n\t\t\t\t\t<p class=\"display-4\">Ce centre de ressources vous donnera des conseils au sujet des am\u00e9liorations que vous pourriez apporter \u00e0 votre habitation. Nous vous invitons \u00e0 consulter les articles ci-dessous. Si vous avez des questions sp\u00e9cifiques \u00e0 nous poser, veuillez nous envoyer un <a href=\"mailto:info@squareone.ca\" title=\"Envoyez-nous un courriel\">courriel<\/a> et nous t\u00e2cherons de vous r\u00e9pondre.<\/p>\r\n\t\t\t\t\t<p class=\"display-4\">Pour consulter des dizaines d\u2019articles \u00e0 l\u2019intention des propri\u00e9taires occupants, copropri\u00e9taires, propri\u00e9taires bailleurs et locataires, jetez un \u0153il \u00e0 nos <a href=\"\/fr\/centres-ressources\" title=\"Articles pratiques sur l\u2019assurance et bien plus\">centres de ressources<\/a>.<\/p>\r\n\t\t\t\t\t<div id=\"wpcr_respond_1\"><\/div>\t\t\t\t\r\n\t\t\t\t<\/div>\r\n\t\t\t<\/div>\r\n\t\t<\/div>\r\n\t<\/div>\r\n\t<div class=\"bg-bottom\"><\/div>\r\n<\/section>","protected":false},"excerpt":{"rendered":"<p>Centre de ressources&nbsp;: am\u00e9liorations domiciliaires Ce centre de ressources vous donnera des conseils au sujet des am\u00e9liorations que vous pourriez apporter \u00e0 votre habitation. Nous vous invitons \u00e0 consulter les articles ci-dessous. Si vous avez des questions sp\u00e9cifiques \u00e0 nous poser, veuillez nous envoyer un courriel et nous t\u00e2cherons de vous r\u00e9pondre. Pour consulter des [&hellip;]<\/p>\n","protected":false},"author":2,"featured_media":0,"parent":48238,"menu_order":2,"comment_status":"open","ping_status":"open","template":"page-article-landing.php","meta":{"_acf_changed":false,"footnotes":""},"class_list":["post-53497","page","type-page","status-publish","hentry"],"acf":[],"_links":{"self":[{"href":"https:\/\/www.squareone.ca\/fr\/wp-json\/wp\/v2\/pages\/53497","targetHints":{"allow":["GET"]}}],"collection":[{"href":"https:\/\/www.squareone.ca\/fr\/wp-json\/wp\/v2\/pages"}],"about":[{"href":"https:\/\/www.squareone.ca\/fr\/wp-json\/wp\/v2\/types\/page"}],"author":[{"embeddable":true,"href":"https:\/\/www.squareone.ca\/fr\/wp-json\/wp\/v2\/users\/2"}],"replies":[{"embeddable":true,"href":"https:\/\/www.squareone.ca\/fr\/wp-json\/wp\/v2\/comments?post=53497"}],"version-history":[{"count":2,"href":"https:\/\/www.squareone.ca\/fr\/wp-json\/wp\/v2\/pages\/53497\/revisions"}],"predecessor-version":[{"id":58775,"href":"https:\/\/www.squareone.ca\/fr\/wp-json\/wp\/v2\/pages\/53497\/revisions\/58775"}],"up":[{"embeddable":true,"href":"https:\/\/www.squareone.ca\/fr\/wp-json\/wp\/v2\/pages\/48238"}],"wp:attachment":[{"href":"https:\/\/www.squareone.ca\/fr\/wp-json\/wp\/v2\/media?parent=53497"}],"curies":[{"name":"wp","href":"https:\/\/api.w.org\/{rel}","templated":true}]}}