{"id":53576,"date":"2021-11-08T10:04:31","date_gmt":"2021-11-08T18:04:31","guid":{"rendered":"https:\/\/www.squareone.ca\/assurance-proprietaire-bailleur-canada"},"modified":"2025-06-19T11:43:45","modified_gmt":"2025-06-19T18:43:45","slug":"assurance-proprietaire-bailleur-canada","status":"publish","type":"page","link":"https:\/\/www.squareone.ca\/fr\/centres-ressources\/proprietaire-bailleur\/assurance-proprietaire-bailleur","title":{"rendered":"D\u00e9couvrir les raisons pour lesquelles vous avez besoin d\u2019une assurance propri\u00e9taire bailleur au Canada"},"content":{"rendered":"<section id='intro' class=\"bg-shape-split bg-sub-page-hero\">\r\n    <div class=\"bg-position\">\r\n        <div class=\"container-fluid\">\r\n            <div class=\"row align-items-center\">\r\n                <div class=\"col-12 col-lg-8\">\r\n                    <h1>D\u00e9couvrir les raisons pour lesquelles vous avez besoin d\u2019une assurance propri\u00e9taire bailleur au Canada<\/h1>\r\n<strong>Article r\u00e9dig\u00e9 par l'\u00e9quipe de Square One<\/strong>\r\n<p><strong>Article \u00c9valu\u00e9 par <a href=\"\/fr\/a-propos-de-nous\/experts\/daniel-mirkovic\" title=\"Expert : Daniel Mirkovic\">Daniel Mirkovic<\/a><\/strong><\/p>\r\n<p class=\"pb-4\" style=\"margin-top:-24px\">Mis \u00e0 jour le 21 juin 2024<\/p>\r\n                <\/div>\r\n            <\/div>\r\n\r\n            <div class=\"row\">\r\n                <div class=\"col-lg-8\">\r\n                    <p class=\"display-4\">Vous devenez propri\u00e9taire bailleur. Peut-\u00eatre vous avez achet\u00e9 une habitation neuve et vous comptez louer votre ancien domicile. Bravo! Les revenus suppl\u00e9mentaires ne seraient pas de refus.<\/p>\r\n                    <p class=\"display-4\">Mais, en avez-vous parl\u00e9 avec votre agent en assurance? Pour les fournisseurs d\u2019assurance, les habitations lou\u00e9es constituent un risque diff\u00e9rent par rapport \u00e0 une habitation occup\u00e9e par son propri\u00e9taire. De plus, vos besoins en assurance changent lorsque vous louez votre habitation.<\/p>\r\n                    <p class=\"pt-2\"><img loading=\"lazy\" decoding=\"async\" src=\"https:\/\/cdn.squareone.ca\/wp-content\/uploads\/2012\/03\/30071411\/Landlord-giving-keys.jpg\" title=\"Raisons pour lesquelles vous avez besoin d\u2019une assurance propri\u00e9taire bailleur au Canada\" alt=\"Un propri\u00e9taire bailleur rendant les cl\u00e9s\" height=\"248\" width=\"186\" class=\"img-fluid\" rel=\"noopener noreferrer\" \/><\/p>\r\n                <\/div>\r\n\r\n                <div class=\"col-lg-3 offset-lg-1\">\r\n                    <p class=\"mb-2 display-4 pt-4 pt-lg-0 pt-mb-0\"><strong>Th\u00e8mes<\/strong><\/p>\r\n                    <ul class=\"list-unstyled link-list display-4\">\r\n                        <li><a href=\"#biens-immobiliers-locatifs\">Couvertures d\u2019assurance pour les biens immobiliers locatifs<\/a><\/li>\r\n                        <li><a href=\"#revenus-locatifs\">Qu\u2019est-ce que l\u2019assurance revenus locatifs pour propri\u00e9taire bailleur?<\/a><\/li>\r\n\t\t\t<li><a href=\"#autres-considerations\">Autres consid\u00e9rations pour les copropri\u00e9taires<\/a><\/li>\r\n                        <li><a href=\"#protection-pour-copropriete\">Un autre type de protection pour copropri\u00e9t\u00e9<\/a><\/li>\r\n                    <\/ul>\r\n                <\/div>\r\n            <\/div>  \r\n        <\/div>\r\n    <\/div>\r\n    <div class=\"bg-bottom\"><\/div>\r\n<\/section>\r\n\r\n<section>\r\n<div class=\"container-fluid py-6\">\r\n    <div class=\"row\">\r\n        <div class=\"col-12 col-lg-8\">\r\n            <h2 id=\"biens-immobiliers-locatifs\">Couverture d\u2019assurance pour les biens immobiliers locatifs<\/h2>\r\n\r\n            <p>L\u2019assurance pour un bien immobilier locatif offre les couvertures suivantes\u00a0:<\/p>\r\n\r\n            <h3>Couverture pour b\u00e2timent<\/h3>\r\n            <p>Il y a plusieurs couvertures pour les biens immobiliers locatifs. Certaines compagnies n\u2019assurent qu\u2019un nombre limit\u00e9 de risques, alors que d\u2019autres offrent une <a href=\"\/fr\/centres-ressources\/bases-assurance\/types-de-polices-assurance-habitation\" title=\"Initiation aux diff\u00e9rents types d\u2019assurance habitation\">couverture compr\u00e9hensive<\/a>. Les conditions du r\u00e8glement du sinistre peuvent \u00e9galement varier\u00a0: l\u2019assureur peut r\u00e9gler le sinistre selon la valeur de d\u00e9pr\u00e9ciation ou selon le co\u00fbt de <a href=\"\/fr\/centres-ressources\/proprietaire-occupant\/couverture-cout-reparation-reconstruction-garanti\">r\u00e9paration ou de reconstruction garanti<\/a>, par exemple. Dans tous les cas, assurez-vous de souscrire la meilleure couverture possible. <\/p>\r\n\r\n            <h3>Responsabilit\u00e9 du fait des lieux<\/h3> \r\n            <p>Une amie de votre locataire tombe sur un morceau de bois pourri de la terrasse et vous poursuit pour ses blessures. Et maintenant? Vous avez int\u00e9r\u00eat \u00e0 souscrire une <a href=\"\/fr\/centres-ressources\/bases-assurance\/assurance-responsabilite-civile\" title=\"Qu\u2019est-ce que l\u2019assurance responsabilit\u00e9 civile?\">assurance responsabilit\u00e9 du fait des lieux<\/a> pour vous prot\u00e9ger contre des poursuites semblables. M\u00eame si l\u2019on juge que vous n\u2019avez pas \u00e9t\u00e9 n\u00e9gligent, votre assurance responsabilit\u00e9 civile couvrira vos frais juridiques.<\/p>\r\n\r\n            <h3>Biens du propri\u00e9taire bailleur<\/h3> \r\n            <p>Cette protection couvre vos biens qui se trouvent dans l\u2019habitation que vous louez, comme une laveuse ou une s\u00e9cheuse, ou les rev\u00eatements de fen\u00eatre. Si vous louez une habitation meubl\u00e9e, vous aurez \u00e0 assurer tous les meubles \u00e9galement. Encore une fois, les polices offrent des protections diff\u00e9rentes quant \u00e0 ce type de couverture. V\u00e9rifiez si vous avez souscrit une assurance pour le co\u00fbt de r\u00e9paration ou de reconstruction ou pour la valeur de d\u00e9pr\u00e9ciation pour votre propri\u00e9t\u00e9.<\/p>\r\n\t\t\r\n\t\t\t<h2 id=\"revenus-locatifs\">Qu\u2019est-ce que l\u2019assurance revenus locatifs pour propri\u00e9taire bailleur?<\/h2>\r\n            <p>Selon l\u2019Agence du revenu du Canada, un revenu locatif est \u00ab\u00a0un revenu que vous gagnez lorsque vous louez des biens que vous poss\u00e9dez ou dont vous avez l&rsquo;usage, seul ou avec d&rsquo;autres personnes\u00a0\u00bb. On l\u2019a d\u00e9j\u00e0 mentionn\u00e9, mais l\u2019un des avantages d\u2019\u00eatre propri\u00e9taire bailleur est le revenu locatif, surtout si vous avez un pr\u00eat hypoth\u00e9caire \u00e0 r\u00e9gler. Mais, que faire si votre bien immobilier subit des dommages ou un sinistre couvert en vertu de votre police et vos locataires sont oblig\u00e9s de quitter les lieux pendant les r\u00e9parations ou la reconstruction de la propri\u00e9t\u00e9? Si l\u2019unit\u00e9 locative est inhabitable, vous ne pouvez pas imposer un loyer \u00e0 vos locataires. Si vous comptez sur ces revenus, vous avez peut-\u00eatre int\u00e9r\u00eat \u00e0 souscrire une assurance pour revenus locatifs.<\/p>\r\n\r\n            <p>Certaines <a href=\"\/fr\/habitation\" title=\"Assurance habitation\">polices d&rsquo;assurance habitation<\/a> vous permettent d\u2019appliquer un pourcentage de la limitation \u00e0 la maison afin de couvrir la juste valeur locative. Pourtant, si la maison est compl\u00e8tement d\u00e9truite, il faudrait en toute probabilit\u00e9 toute la couverture pour reconstruire la maison. R\u00e9sultat\u00a0: il ne restera plus de couverture pour d\u00e9frayer les revenus locatifs perdus.<\/p>\r\n\r\n            <p>L\u2019assurance pour revenus locatifs peut aider \u00e0 ce chapitre. Si vous avez un bien immobilier locatif que vous louez \u00e0 2\u00a0000\u00a0$ par mois, vous pouvez souscrire une assurance pour revenus locatifs de 24\u00a0000\u00a0$, ce qui couvrirait une ann\u00e9e compl\u00e8te de revenus locatifs perdus pendant les travaux de reconstruction.<\/p>\r\n\r\n            <p>Voici une excellente couverture que tous les propri\u00e9taires bailleurs devraient absolument souscrire. Toutefois, comme les autres types d\u2019assurance, il existe des exclusions et conditions. Par exemple\u00a0:<\/p>\r\n\r\n            <ul>\r\n            <li><p>D\u2019habitude, la police stipule que l\u2019assurance r\u00e9glera la \u00ab\u00a0juste valeur locative\u00a0\u00bb. Par cons\u00e9quent, si vous recevez 2\u00a0000\u00a0$ par mois, mais la valeur locative de votre localit\u00e9 n\u2019est que 1\u00a0000\u00a0$ par mois, vous ne serez indemnis\u00e9 que 1\u00a0000\u00a0$ par mois.<\/p><\/li>\r\n            <li><p>La couverture ne s\u2019applique qu\u2019au temps n\u00e9cessaire raisonnable pour r\u00e9aliser la reconstruction ou les r\u00e9parations assur\u00e9es. Donc, si les travaux durent six mois et vous avez besoin de trois mois suppl\u00e9mentaires pour trouver des locataires admissibles, vous ne serez pas indemnis\u00e9 les neuf mois au complet, m\u00eame si vous avez une couverture suffisante. Effectivement, vous serez indemnis\u00e9 six mois.<\/p><\/li>\r\n            <\/ul>\r\n\r\n            <p>Au moment de rechercher une <a href=\"\/fr\/biens-immobiliers-locatifs\" title=\"Assurance pour biens meubles\">assurance pour votre bien immobilier locatif<\/a>, n\u2019oubliez pas de souscrire la police la plus compr\u00e9hensive qui soit. Un bien immobilier locatif repr\u00e9sente un investissement important. En cas de sinistre, vous voulez \u00eatre bien prot\u00e9g\u00e9. Par ailleurs, si votre bien immobilier locatif est une copropri\u00e9t\u00e9, le type de sinistre doit \u00eatre assur\u00e9 par la police d\u2019assurance de votre unit\u00e9 en copropri\u00e9t\u00e9 afin que la couverture contre les cotisations soit admissible. Par exemple, si le sinistre est provoqu\u00e9 par un tremblement de terre et vous n\u2019avez pas de protection contre le tremblement de terre dans le cadre de votre police de base, vous ne serez pas indemnis\u00e9 les cotisations.<\/p>\r\n\r\n\t\t\r\n     <\/div>\r\n   <\/div>\r\n<\/div>\r\n<\/section>\r\n\r\n\t<section class=\"bg-transparent\">\n\t\t<img decoding=\"async\" src=\"\/sales\/images\/bgs\/bg-mid-page-cta-general-top.svg\" style=\"width: 100%; vertical-align: bottom; position: relative; top: 1px\"\/>\n\t\t\n\t\t<div class=\"bg-darkTeal py-3\">\t\t\t\n\t\t\t<div class=\"container-fluid\">\n\t\t\t\t<div class=\"row d-flex align-items-center pb-5\">\n\t\t\t\t\t<div class=\"col-12 col-md-8 offset-md-2 px-lg-5 pb-5 pb-lg-0\">\n\t\t\t\t\t\t<div class=\"h6 mb-4 text-primary text-uppercase text-center\">\n\t\t\t\t\t\t\tCela ne prend que 5\u00a0minutes \n\t\t\t\t\t\t<\/div>\t\t\n\t\t\t\t\t\t\t\t\t\t\t\n\t\t\t\t\t\t<p class=\"lead px-lg-5 text-white\">\n\t\t\t\t\t\t\t<strong class=\"d-inline-block text-uc-first\">Pr\u00eat \u00e0 obtenir une soumission en ligne? <\/strong> Votre temps est aussi pr\u00e9cieux que vos possessions. Obtenez une soumission d'assurance habitation en <strong>5 minutes<\/strong>. C\u2019est moins de temps qu\u2019il n\u2019en faut pour faire la file pour un caf\u00e9.\n\t\t\t\t\t\t<\/p>\t\t\t\n\t\n\t\t\t\t\t\t<div id=\"sq1-qw-b617ed1c5445\" class=\"sq1-quote-widget mb-4 text-white\" data-quote-widget-type=\"HOME\" data-has-custom-text=\"true\">\n\t\t\t\t\t\t\t<div class=\"input-group input-group-focus-within bg-white my-4\">\n\t\t\t\t\t\t\t\t<div>\n\t\t\t\t\t\t\t\t\t<div class=\"input-group-text\">\n\t\t\t\t\t\t\t\t\t\t<i class=\"fa fa-map-marker d-block text-black\"><\/i>\n\t\t\t\t\t\t\t\t\t<\/div>\n\t\t\t\t\t\t\t\t<\/div>\n\t\t\t\t\t\t\t\t<input type=\"text\" class=\"form-control\" style=\"padding: 10px;\" placeholder=\"Enter an address\" aria-label=\"Inscrivez votre adresse pour obtenir une soumission\"\/>\n\t\t\t\t\t\t\t\t<div>\n\t\t\t\t\t\t\t\t\t<button class=\"btn btn-primary\">Obtenir une soumission en ligne d\u00e8s maintenant<\/button>\n\t\t\t\t\t\t\t\t<\/div>\n\t\t\t\t\t\t\t<\/div>\n\t\t\t\t\t\t<\/div>\n\t\t\t\t\t\t\n\t\t\t\t\t\t<p class=\"small text-white\">Avant de commencer, veuillez lire notre <a href=\"https:\/\/www.squareone.ca\/fr\/politique-confidentialite\" target=\"_blank\" rel=\"noreferrer noopener\">Politique de confidentialit\u00e9<\/a> et nos <a href=\"https:\/\/www.squareone.ca\/fr\/conditions-utilisation\" target=\"_blank\" rel=\"noreferrer noopener\">Conditions d\u2019utilisation<\/a>.<\/p>\t\n\t\n\t\t\t\t\t\t<script type=\"text\/javascript\">\n\t\t\t\t\t\t(function() {\n\t\t\t\t\t\t\tdocument.addEventListener('soiMiscJsLoaded', function() {\n\t\t\t\t\t\t        $(document).ready(function() {\n\t\t\t\t\t\t\t\t\tsoiQuoteWidget.processFormWidget('\/sales\/index.php\/json_quote_widget?rand=' +Math.random(), 'qwContainer'); \/\/populate quoting widget with content from symfony.\n\t\t\t\t\t\t\t\t});\n\t\t\t\t\t\t\t});\n\t\t\t\t\t\t})();\n\t\t\t\t\t\t<\/script>\n\t\t\t\t\t<\/div>\n\t\t\t\t<\/div>\n\t\t\t<\/div>\n\t\t<\/div>\n\t\t\n\t\t<img decoding=\"async\" src=\"\/sales\/images\/bgs\/bg-mid-page-cta-general-bottom.svg\" style=\"width: 100%; vertical-align: top\"\/>\t\t\n\t<\/section>\r\n\r\n<section>\r\n    <div class=\"container-fluid py-6\">\r\n        <div class=\"row\">\r\n            <div class=\"col-12 col-lg-8\">\r\n\r\n            <h2 id=\"autres-considerations\">Autres consid\u00e9rations pour les copropri\u00e9taires<\/h2>\r\n\r\n            <p>Vous vous demandez si vous avez besoin d\u2019une assurance propri\u00e9taire bailleur pour une copropri\u00e9t\u00e9 que vous louez? Voici quelques besoins en assurance suppl\u00e9mentaires \u00e0 prendre en consid\u00e9ration\u00a0:<\/p>\r\n\r\n            <h3>Am\u00e9liorations au b\u00e2timent<\/h3>\r\n            <p>Vous avez install\u00e9 des rev\u00eatements de comptoir de granit et avez pass\u00e9 des heures \u00e0 installer un plancher de bois franc mis \u00e0 niveau. Bien que ces installations fassent partie de l\u2019immeuble, le saviez-vous qu\u2019elles ne sont pas assur\u00e9es par l\u2019assurance du syndicat de copropri\u00e9taires? Il s\u2019agit en fait des am\u00e9liorations au b\u00e2timent dont vous \u00eates responsable d\u2019assurer, m\u00eame si les am\u00e9liorations ont \u00e9t\u00e9 apport\u00e9es par un propri\u00e9taire ant\u00e9rieur! Et n\u2019oubliez pas de v\u00e9rifier les r\u00e8glements de votre syndicat. Dans certains syndicats, les copropri\u00e9taires sont responsables des rev\u00eatements de comptoir ou les planchers, m\u00eame si ceux-ci font partie de la construction originale.<\/p>\r\n\r\n            <h3>Cotisations de franchise impos\u00e9es par le syndicat de copropri\u00e9taires<\/h3> \r\n            <p>En cas de sinistre touchant l\u2019immeuble, le syndicat de copropri\u00e9taires pourrait <a href=\"\/fr\/centres-ressources\/lexique-assurance\/cotisation\" title=\"D\u00e9finition : cotisation\">imposer une cotisation<\/a> \u00e0 chaque copropri\u00e9taire pour r\u00e9gler leur portion de la franchise d\u2019assurance. Si votre unit\u00e9 est \u00e0 l\u2019origine du sinistre, il est possible que vous soyez responsable de la franchise au complet. En outre, il est possible que le syndicat ne pr\u00e9sente pas de r\u00e9clamation dans le cadre de sa police d\u2019assurance dans les cas o\u00f9 le co\u00fbt du sinistre est inf\u00e9rieur \u00e0 la franchise, le sinistre n\u2019est pas couvert par la police ou le sinistre ne touche que votre unit\u00e9. Si vous n\u2019avez pas souscrit une assurance appropri\u00e9e, il est possible que vous soyez tenu de r\u00e9gler ces sinistres \u00e0 vos frais!<\/p>\r\n\r\n            <h3>Cotisations impos\u00e9es aux copropri\u00e9taires<\/h3>\r\n            <p>Un copropri\u00e9taire peut se voir impos\u00e9 une cotisation lorsque le syndicat de copropri\u00e9taires n\u2019a pas suffisamment d\u2019assurance pour r\u00e9parer les dommages subis par l\u2019immeuble en copropri\u00e9t\u00e9. En cas de sinistre important, les insuffisances dans l\u2019assurance de l\u2019immeuble seront impos\u00e9es proportionnellement aux copropri\u00e9taires individuels. Voici une couverture facultative \u00e0 prendre en consid\u00e9ration!<\/p>\r\n\r\n            <h3>Cotisations impos\u00e9es pour responsabilit\u00e9 civile<\/h3>\r\n            <p>Si un visiteur est gravement bless\u00e9 sur les parties communes de l\u2019immeuble (celui-ci glisse sur un trottoir glac\u00e9 ou les carreaux mouill\u00e9s) et poursuit la copropri\u00e9t\u00e9, l\u2019assurance de la copropri\u00e9t\u00e9 vous prot\u00e9gera. Si la partie l\u00e9s\u00e9e se voit attribu\u00e9e un montant sup\u00e9rieure \u00e0 la limitation d\u2019assurance de la copropri\u00e9t\u00e9, le syndicat imposera des cotisations aux copropri\u00e9taires individuels.<\/p>\r\n\r\n            <h2 id=\"protection-pour-copropriete\">Un autre type de protection pour copropri\u00e9t\u00e9<\/h2>\r\n            <p>Combien co\u00fbte l\u2019assurance pour propri\u00e9taire bailleur, vous dites? Voici la r\u00e9ponse g\u00e9n\u00e9rale\u00a0: \u00e7a d\u00e9pend. Square One vous offre la possibilit\u00e9 de souscrire toutes les couvertures sp\u00e9cifiques aux copropri\u00e9t\u00e9s \u2014 y compris les am\u00e9liorations, les installations et le verre, entre autres \u2014 en vertu de notre <a href=\"\/fr\/centres-ressources\/coproprietaire\/garantie-coproprietaires\" title=\"Garantie pour copropri\u00e9taires de Square One\">Garantie pour copropri\u00e9taires<\/a>. C\u2019est vous qui d\u00e9cidez les limitations de votre couverture. En fonction de vos choix, <b><a href=\"\/fr\/proprietaire-bailleur\" title=\"Assurance propri\u00e9taire bailleur\">l\u2019assurance pour propri\u00e9taire bailleur<\/a> chez Square One commence \u00e0 40\u00a0$ par mois seulement.<\/b><\/p>\r\n\r\n                       <p>Si vous vous trouvez en conflit avec votre syndicat de copropri\u00e9taires au sujet des r\u00e9parations ou avez d\u2019autres inqui\u00e9tudes, ce service vous propose un acc\u00e8s illimit\u00e9 \u00e0 une ligne d\u2019aide offrant un acc\u00e8s confidentiel \u00e0 des avocats qui peut vous donner des conseils sur des questions juridiques ou fiscales au Canada, \u00e0 l\u2019exception des questions li\u00e9es \u00e0 l\u2019automobile.<\/p>\r\n\r\n            <p><strong>Vous voulez en savoir plus?<\/strong> Consultez notre <a href=\"\/fr\/centres-ressources\/proprietaire-bailleur\" title=\"Centre de ressources : proprietaire-bailleur\">Centre de ressources&nbsp;: propri\u00e9taire-bailleur<\/a> pour acc\u00e9der \u00e0 des articles pratiques \u00e0 l'intention des propri\u00e9taires bailleurs. Ensuite, <a href=\"\/fr\/soumission-assurance-habitation-en-ligne\" title=\"Obtenir une soumission d\u2019assurance habitation en ligne\">obtenez une soumission d'assurance habitation en ligne<\/a> en moins de 5\u00a0minutes et d\u00e9couvrez \u00e0 quel point l\u2019assurance habitation personnalis\u00e9e peut \u00eatre abordable.<\/p>\r\n\r\n            <div class=\"row py-3\">\r\n<div class=\"col-12\">\r\n<div class=\"card review\" style=\"box-shadow: 0 2px 4px rgba(0,0,0,0.07);background-color:#f4f4f4;\">\r\n<div class=\"card-body\">\r\n\t<p class=\"text-primary h4\">\u00c0 propos de l\u2019expert&nbsp;: Daniel Mirkovic<\/p>\r\n\t<p>Cofondateur de Square One comptant plus de 25&nbsp;ans dans le secteur de l\u2019assurance, Daniel \u00e9tait vice-pr\u00e9sident des services d\u2019assurance et de voyage de la British Columbia Automobile Association (BCAA). Daniel est titulaire d'un baccalaur\u00e9at \u00e8s commerce et d'une ma\u00eetrise \u00e8s administration des affaires, tous deux obtenus \u00e0 la Sauder School of Business de l'universit\u00e9 de la Colombie-Britannique. Daniel est muni de la d\u00e9signation CAAC et d\u2019un certificat en assurance de dommages niveau&nbsp;3 en Colombie-Britannique, en Alberta, en Saskatchewan, au Manitoba et en Ontario.<\/p>\r\n<\/div>\r\n<\/div>\r\n<\/div>\r\n<\/div>\r\n\t\t\t \r\n        <\/div>\r\n    <\/div>\r\n<\/div>\r\n<\/section>\r\n<script type=\"application\/ld+json\">\r\n{\r\n  \"@context\": \"https:\/\/schema.org\",\r\n   \"@type\": \"WebPage\",\r\n  \"mainEntityOfPage\": {\r\n    \"@type\": \"Article\",\r\n    \"@id\": \"https:\/\/www.squareone.ca\/fr\/centres-ressources\/proprietaire-bailleur\/assurance-proprietaire-bailleur\"\r\n  },\r\n  \"author\": [\r\n    {\r\n      \"@type\": \"Person\",\r\n      \"name\": \"Square One team\"\r\n    }\r\n  ],\r\n  \"reviewedBy\": [\r\n    {\r\n      \"@type\": \"Person\",\r\n      \"name\": \"Daniel Mirkovic\",\r\n      \"url\": \"https:\/\/www.squareone.ca\/fr\/a-propos-de-nous\/experts\/daniel-mirkovic\"\r\n    }\r\n  ],\r\n  \"headline\": \"D\u00e9couvrir les raisons pour lesquelles vous avez besoin d\u2019une assurance propri\u00e9taire bailleur au Canada\",\r\n  \"datePublished\": \"\",\r\n  \"dateModified\": \"\",\r\n  \"inLanguage\": \"fr-CA\",\r\n  \"isAccessibleForFree\": true\r\n}\r\n<\/script>\r\n<script type=\"application\/ld+json\">\r\n{\r\n  \"@context\": \"https:\/\/schema.org\",\r\n  \"@type\": \"FAQPage\",\r\n  \"mainEntity\": {\r\n    \"@type\": \"Question\",\r\n    \"name\": \"Qu\u2019est-ce que l\u2019assurance revenus locatifs pour propri\u00e9taires bailleurs?\",\r\n    \"acceptedAnswer\": {\r\n      \"@type\": \"Answer\",\r\n      \"text\": \"Si votre bien immobilier subit des dommages ou un sinistre couvert en vertu de votre police et vos locataires sont oblig\u00e9s de quitter les lieux pendant les r\u00e9parations ou la reconstruction de la propri\u00e9t\u00e9, l\u2019assurance revenus locatifs couvrira le loyer perdu.\"\r\n    }\r\n  }\r\n}\r\n<\/script>\r\n","protected":false},"excerpt":{"rendered":"<p>D\u00e9couvrir les raisons pour lesquelles vous avez besoin d\u2019une assurance propri\u00e9taire bailleur au Canada Article \u00c9valu\u00e9 par Daniel Mirkovic Vous devenez propri\u00e9taire bailleur. Peut-\u00eatre vous avez achet\u00e9 une habitation neuve et vous comptez louer votre ancien domicile. Bravo! Les revenus suppl\u00e9mentaires ne seraient pas de refus. Mais, en avez-vous parl\u00e9 avec votre agent en assurance? [&hellip;]<\/p>\n","protected":false},"author":2,"featured_media":53647,"parent":53614,"menu_order":3,"comment_status":"open","ping_status":"closed","template":"page-article-new.php","meta":{"_acf_changed":false,"footnotes":""},"class_list":["post-53576","page","type-page","status-publish","has-post-thumbnail","hentry"],"acf":[],"_links":{"self":[{"href":"https:\/\/www.squareone.ca\/fr\/wp-json\/wp\/v2\/pages\/53576","targetHints":{"allow":["GET"]}}],"collection":[{"href":"https:\/\/www.squareone.ca\/fr\/wp-json\/wp\/v2\/pages"}],"about":[{"href":"https:\/\/www.squareone.ca\/fr\/wp-json\/wp\/v2\/types\/page"}],"author":[{"embeddable":true,"href":"https:\/\/www.squareone.ca\/fr\/wp-json\/wp\/v2\/users\/2"}],"replies":[{"embeddable":true,"href":"https:\/\/www.squareone.ca\/fr\/wp-json\/wp\/v2\/comments?post=53576"}],"version-history":[{"count":43,"href":"https:\/\/www.squareone.ca\/fr\/wp-json\/wp\/v2\/pages\/53576\/revisions"}],"predecessor-version":[{"id":75612,"href":"https:\/\/www.squareone.ca\/fr\/wp-json\/wp\/v2\/pages\/53576\/revisions\/75612"}],"up":[{"embeddable":true,"href":"https:\/\/www.squareone.ca\/fr\/wp-json\/wp\/v2\/pages\/53614"}],"wp:featuredmedia":[{"embeddable":true,"href":"https:\/\/www.squareone.ca\/fr\/wp-json\/wp\/v2\/media\/53647"}],"wp:attachment":[{"href":"https:\/\/www.squareone.ca\/fr\/wp-json\/wp\/v2\/media?parent=53576"}],"curies":[{"name":"wp","href":"https:\/\/api.w.org\/{rel}","templated":true}]}}