{"id":53614,"date":"2021-11-08T14:28:54","date_gmt":"2021-11-08T22:28:54","guid":{"rendered":"https:\/\/www.squareone.ca\/proprietaires-bailleurs"},"modified":"2023-03-23T17:41:30","modified_gmt":"2023-03-24T00:41:30","slug":"proprietaire-bailleur","status":"publish","type":"page","link":"https:\/\/www.squareone.ca\/fr\/centres-ressources\/proprietaire-bailleur","title":{"rendered":"Centre de ressources : propri\u00e9taire bailleur"},"content":{"rendered":"<section id=\"intro\" class=\"bg-shape-split bg-sub-page-hero\">\r\n\t<div class=\"bg-position\">\r\n\t\t<div class=\"container-fluid\">\r\n\t\t\t<div class=\"row\">\r\n\t\t\t\t<h1>Centre de ressources&nbsp;: propri\u00e9taire bailleur<\/h1>\r\n\t\t\t\t<p class=\"display-4\">Un bien locatif (ou une suite locative dans votre habitation) peut repr\u00e9senter une excellente source de revenus. Elle peut \u00e9galement vous causer beaucoup d\u2019ennuis (et d\u00e9penses) si vous ne prenez pas de mesures pour vous prot\u00e9ger. Le centre de ressources au sujet des propri\u00e9taires bailleurs vous aidera \u00e0 vous prot\u00e9ger. <\/p>\r\n\t\t\t\t<p class=\"display-4\">Vous trouverez-ci-dessous des articles qui abordent des th\u00e8mes comme la recherche du locataire id\u00e9al et la souscription de l\u2019assurance appropri\u00e9e, entre autres. Si vous avez des questions sp\u00e9cifiques \u00e0 nous poser, veuillez nous envoyer un <a href=\"mailto:info@squareone.ca\" title=\"Envoyez-nous un courriel\">courriel<\/a> et nous t\u00e2cherons de vous r\u00e9pondre.<\/p>\r\n\t\t\t\t<p class=\"display-4\">Pour consulter des dizaines d\u2019articles \u00e0 l\u2019intention des propri\u00e9taires occupants, copropri\u00e9taires et locataires, jetez un \u0153il \u00e0 nos <a href=\"\/fr\/centres-ressources\" title=\"Articles pratiques sur l\u2019assurance et bien plus\">centres de ressources<\/a>.<\/p>\r\n\r\n\t\t\t\t<div id=\"wpcr_respond_1\"><\/div>\t\t\t\r\n\t\t\t<\/div>\r\n\t\t<\/div>\r\n\t<\/div>\r\n\t<div class=\"bg-bottom\"><\/div>\r\n<\/section>","protected":false},"excerpt":{"rendered":"<p>Centre de ressources&nbsp;: propri\u00e9taire bailleur Un bien locatif (ou une suite locative dans votre habitation) peut repr\u00e9senter une excellente source de revenus. Elle peut \u00e9galement vous causer beaucoup d\u2019ennuis (et d\u00e9penses) si vous ne prenez pas de mesures pour vous prot\u00e9ger. Le centre de ressources au sujet des propri\u00e9taires bailleurs vous aidera \u00e0 vous prot\u00e9ger. [&hellip;]<\/p>\n","protected":false},"author":2,"featured_media":0,"parent":48238,"menu_order":0,"comment_status":"open","ping_status":"open","template":"page-article-landing.php","meta":{"_acf_changed":false,"footnotes":""},"class_list":["post-53614","page","type-page","status-publish","hentry"],"acf":[],"_links":{"self":[{"href":"https:\/\/www.squareone.ca\/fr\/wp-json\/wp\/v2\/pages\/53614","targetHints":{"allow":["GET"]}}],"collection":[{"href":"https:\/\/www.squareone.ca\/fr\/wp-json\/wp\/v2\/pages"}],"about":[{"href":"https:\/\/www.squareone.ca\/fr\/wp-json\/wp\/v2\/types\/page"}],"author":[{"embeddable":true,"href":"https:\/\/www.squareone.ca\/fr\/wp-json\/wp\/v2\/users\/2"}],"replies":[{"embeddable":true,"href":"https:\/\/www.squareone.ca\/fr\/wp-json\/wp\/v2\/comments?post=53614"}],"version-history":[{"count":5,"href":"https:\/\/www.squareone.ca\/fr\/wp-json\/wp\/v2\/pages\/53614\/revisions"}],"predecessor-version":[{"id":58744,"href":"https:\/\/www.squareone.ca\/fr\/wp-json\/wp\/v2\/pages\/53614\/revisions\/58744"}],"up":[{"embeddable":true,"href":"https:\/\/www.squareone.ca\/fr\/wp-json\/wp\/v2\/pages\/48238"}],"wp:attachment":[{"href":"https:\/\/www.squareone.ca\/fr\/wp-json\/wp\/v2\/media?parent=53614"}],"curies":[{"name":"wp","href":"https:\/\/api.w.org\/{rel}","templated":true}]}}