{"id":53722,"date":"2021-11-12T10:15:32","date_gmt":"2021-11-12T18:15:32","guid":{"rendered":"https:\/\/www.squareone.ca\/locataires"},"modified":"2023-04-06T16:23:53","modified_gmt":"2023-04-06T23:23:53","slug":"locataires","status":"publish","type":"page","link":"https:\/\/www.squareone.ca\/fr\/centres-ressources\/locataire","title":{"rendered":"Centre de ressources : locataire"},"content":{"rendered":"<section id=\"intro\" class=\"bg-shape-split bg-sub-page-hero\">\r\n\t<div class=\"bg-position\">\r\n\t\t<div class=\"container-fluid\">\r\n\t\t\t<div class=\"row\">\r\n\t\t\t\t<h1>Centre de ressources&nbsp;: locataire<\/h1>\r\n\t\t\t\t<p class=\"display-4\">Dans la plupart des villes, il y a une offre limit\u00e9e de suites, de maisons et d\u2019appartements \u00e0 louer. Le centre de ressources pour les locataires vous aidera \u00e0 trouver l\u2019habitation id\u00e9ale et \u00e0 mieux comprendre <a href=\"\/fr\/locataire\" title=\"Assurance locataire\">l\u2019assurance locataire<\/a>. Vous trouverez ci-dessous des articles abordant des th\u00e8mes comme la recherche initiale de logement et la n\u00e9gociation d\u2019un contrat de bail, entre autres. Si vous avez des questions sp\u00e9cifiques \u00e0 nous poser, veuillez nous envoyer un <a href=\"mailto:info@squareone.ca\" title=\"Envoyez-nous un courriel\">courriel<\/a> et nous t\u00e2cherons de vous r\u00e9pondre.<\/p>\r\n\t\t\t\t<p class=\"display-4\">Pour consulter des dizaines d\u2019articles \u00e0 l\u2019intention des propri\u00e9taires occupants, copropri\u00e9taires et propri\u00e9taires bailleurs, jetez un \u0153il \u00e0 nos <a href=\"\/fr\/centres-ressources\" title=\"Articles pratiques sur l\u2019assurance et bien plus\">centres de ressources<\/a>.<\/p>\r\n\t\t\t\t<div id=\"wpcr_respond_1\"><\/div>\t\t\t\r\n\t\t\t<\/div>\r\n\t\t<\/div>\r\n\t<\/div>\r\n\t<div class=\"bg-bottom\"><\/div>\r\n<\/section>","protected":false},"excerpt":{"rendered":"<p>Centre de ressources&nbsp;: locataire Dans la plupart des villes, il y a une offre limit\u00e9e de suites, de maisons et d\u2019appartements \u00e0 louer. Le centre de ressources pour les locataires vous aidera \u00e0 trouver l\u2019habitation id\u00e9ale et \u00e0 mieux comprendre l\u2019assurance locataire. Vous trouverez ci-dessous des articles abordant des th\u00e8mes comme la recherche initiale de [&hellip;]<\/p>\n","protected":false},"author":2,"featured_media":0,"parent":48238,"menu_order":5,"comment_status":"open","ping_status":"open","template":"page-article-landing.php","meta":{"_acf_changed":false,"footnotes":""},"class_list":["post-53722","page","type-page","status-publish","hentry"],"acf":[],"_links":{"self":[{"href":"https:\/\/www.squareone.ca\/fr\/wp-json\/wp\/v2\/pages\/53722","targetHints":{"allow":["GET"]}}],"collection":[{"href":"https:\/\/www.squareone.ca\/fr\/wp-json\/wp\/v2\/pages"}],"about":[{"href":"https:\/\/www.squareone.ca\/fr\/wp-json\/wp\/v2\/types\/page"}],"author":[{"embeddable":true,"href":"https:\/\/www.squareone.ca\/fr\/wp-json\/wp\/v2\/users\/2"}],"replies":[{"embeddable":true,"href":"https:\/\/www.squareone.ca\/fr\/wp-json\/wp\/v2\/comments?post=53722"}],"version-history":[{"count":3,"href":"https:\/\/www.squareone.ca\/fr\/wp-json\/wp\/v2\/pages\/53722\/revisions"}],"predecessor-version":[{"id":58739,"href":"https:\/\/www.squareone.ca\/fr\/wp-json\/wp\/v2\/pages\/53722\/revisions\/58739"}],"up":[{"embeddable":true,"href":"https:\/\/www.squareone.ca\/fr\/wp-json\/wp\/v2\/pages\/48238"}],"wp:attachment":[{"href":"https:\/\/www.squareone.ca\/fr\/wp-json\/wp\/v2\/media?parent=53722"}],"curies":[{"name":"wp","href":"https:\/\/api.w.org\/{rel}","templated":true}]}}