{"id":54604,"date":"2021-12-15T14:53:33","date_gmt":"2021-12-15T22:53:33","guid":{"rendered":"https:\/\/www.squareone.ca\/?page_id=54604"},"modified":"2026-01-29T09:36:02","modified_gmt":"2026-01-29T17:36:02","slug":"assurance-entreprise-a-domicile","status":"publish","type":"page","link":"https:\/\/www.squareone.ca\/fr\/habitation\/entreprise","title":{"rendered":"Assurance entreprise \u00e0 domicile"},"content":{"rendered":"<main class=\"page-home-insurance\">\r\n \t\t<section class=\"qw-hero jumbotron-container pt-0 bg-shape sub-page-jumbotron text-end\">\n\t\t<div class=\"container-fluid\">\n\t\t\t<div class=\"row\">\n\t\t\t\t<div class=\"col-12 col-lg-9 col-xl-8 offset-lg-1 z-1\">\n\t\t\t\t\t<div class=\"jumbotron px-0 pt-6 pb-9 mb-3 mb-md-4 text-start z-1\">\n\t\t\t\t\t\t<div class=\"h6 mb-3 text-secondary-alt text-uppercase\">assurance habitation moderne<\/div>\n\t\t\t\t\t\t<div class=\"caption w-100\"> <h2 class=\"h1 mb-3 text-uc-first\">Obtenez une soumission pour <b>assurance entreprise \u00e0 domicile<\/b> en moins de 5 minutes.<\/h2> <\/div>\n                        <p class=\"text-uc-first px-0 w-100 w-lg-80\">Votre temps est aussi pr\u00e9cieux que vos possessions. Obtenez une soumission d'assurance habitation en <strong>5 minutes<\/strong>. C\u2019est moins de temps qu\u2019il n\u2019en faut pour faire la file pour un caf\u00e9.<\/p>\t\t\t\t\t\t\n\t\t\t\t\t\t<div id=\"sq1-qw-6c6563315fd8\" class=\"sq1-quote-widget mb-3\" data-quote-widget-type=\"HOME\" data-has-custom-text=\"true\"\n\t\t\t\t\t\t style=\"min-height: 68px; height: auto\"><\/div>\n                        <p class=\"small w-100 w-lg-80\">Avant de commencer, veuillez lire notre <a href=\"https:\/\/www.squareone.ca\/fr\/politique-confidentialite\" target=\"_blank\" rel=\"noreferrer noopener\">Politique de confidentialit\u00e9<\/a> et nos <a href=\"https:\/\/www.squareone.ca\/fr\/conditions-utilisation\" target=\"_blank\" rel=\"noreferrer noopener\">Conditions d\u2019utilisation<\/a>.<\/p>\n\t\t\t\t\t<\/div>\n\t\t\t\t<\/div>\n\t\t\t<\/div>\n\t\t\t<img decoding=\"async\" src=\"\/sales\/images\/illustrations\/illustration-suburbs-neighbourhood.png\" class=\"hero d-none d-lg-block\" loading=\"lazy\" alt=\"Illustration d\u2019un quartier de banlieue\"\/>\n\t\t<\/div>\n\t<\/section>\n\t<div class=\"skyline-bottom-curve\"><\/div>\r\n\r\n\r\n<div class=\"container-fluid py-6\">\r\n\t<div class=\"row\">\r\n\t\t<div class=\"col-12\">\r\n\t\t\t<h1 class=\"text-center\">Assurance entreprise \u00e0 domicile<\/h1>\r\n\r\n\t\t\t\t<p class=\"display-4\">Les entreprises \u00e0 domicile repr\u00e9sentent une grande partie des petites entreprises au Canada. Cela dit, la plupart des propri\u00e9taires d\u2019entreprise \u00e0 domicile n\u2019ont tr\u00e8s peu ou aucune protection pour leurs activit\u00e9s professionnelles.<\/p>\r\n\t\t\t\t<p class=\"display-4\">Pourquoi? Presque toutes les polices d\u2019assurance habitation au Canada excluent les biens \u00e0 usage professionnel et les activit\u00e9s professionnelles. Plut\u00f4t que de souscrire une police d\u2019assurance commerciale dispendieuse ou un avenant pour entreprise \u00e0 domicile taille unique, de nombreux propri\u00e9taires d\u2019entreprise \u00e0 domicile d\u00e9cident d\u2019exploiter leurs activit\u00e9s sans assurance. R\u00e9sultat\u00a0:: ils finissent avec une protection insuffisante pour leurs biens \u00e0 usage professionnel, les biens qu\u2019ils produisent ou les revenus perdus si leur habitation est endommag\u00e9e et temporairement inutilisable pendant les travaux de r\u00e9paration.<\/p>\r\n\t\t\t\t<p class=\"display-4\">Square One offre aux propri\u00e9taires d\u2019entreprise \u00e0 domicile l\u2019unique assurance entreprise \u00e0 domicile personnalisable en Am\u00e9rique du Nord. Chez Square One, c\u2019est vous qui choisissez les risques commerciaux \u00e0 assurer\u00a0: pas besoin de souscrire des couvertures inutiles. Et le meilleur dans tout cela? Vous pouvez ajouter \u00e0 votre <a href=\"\/fr\/habitation\" title=\"Assurance habitation\">assurance habitation<\/a> de Square One la protection entreprise \u00e0 domicile \u00e0 partir de <strong>7\u00a0$\/mois<\/strong> seulement.<\/p>\r\n\t\t\t\t<p class=\"display-4\">Gr\u00e2ce \u00e0 l\u2019assurance entreprise \u00e0 domicile de Square One, vous pouvez souscrire une couverture parfaitement adapt\u00e9e \u00e0 vos activit\u00e9s professionnelles. Lisez la suite pour d\u00e9couvrir toutes les solutions de couverture offertes (et combien elles co\u00fbtent).<\/p>\r\n\t\t<\/div>\r\n\t<\/div>\r\n<\/div>\r\n\r\n\t<section id='learn-more' class=\"bg-shape-split shape-uuge-blue\">\r\n\t\t<div class=\"bg-top\"><\/div>\r\n\t\t<div class=\"bg-position\">\r\n<div class=\"container-fluid\">\r\n\t<div class=\"row\">\r\n\t\t<div class=\"col-12\">\r\n\t\t\t\t\t<h2 class=\"text-center pb-6\">D\u00e9couvrez comment Square One vous prot\u00e8ge<\/h2>\r\n\t\t\t\t<table width=\"100%\">\r\n\t\t\t\t\t<tbody>\r\n\t\t\t\t\t<tr>\r\n\t\t\t\t\t<td width=\"30%\" valign=\"top\">\r\n\t\t\t\t\t<h3 class=\"orange\"><strong>L\u2019assurance habitation prot\u00e8ge-t-elle mon entreprise \u00e0 domicile?<\/strong><\/h3>\r\n\t\t\t\t\t<\/td>\r\n\t\t\t\t\t<td width=\"3%\"><\/td>\r\n\t\t\t\t\t<td width=\"67%\">\r\n\t\t\t\t\t<p>La plupart des polices d\u2019assurance habitation n\u2019offrent tr\u00e8s peu de couverture, voire aucune, pour les entreprises \u00e0 domicile. Une exclusion pour les biens \u00e0 usage professionnel et les activit\u00e9s professionnelles est monnaie courante dans les polices d\u2019assurance habitation au Canada.<\/p>\r\n\t\t\t\t\t<p>Il est possible que vous puissiez ajouter une couverture limit\u00e9e pour l\u2019\u00e9quipement ou pour d\u2019autres biens que vous utilisez dans le cadre de vos activit\u00e9s professionnelles. Cependant, les propri\u00e9taires d\u2019entreprise \u00e0 domicile auront plus de difficult\u00e9 \u00e0 trouver une assurance habitation qui prot\u00e8ge contre les pertes d\u2019exploitation, la responsabilit\u00e9 civile entreprise et les biens des clients en leur possession, entre autres.<\/p>\r\n\t\t\t\t\t<p><\/p>\r\n\t\t\t\t\t<\/td>\r\n\t\t\t\t\t<\/tr>\r\n\t\t\t\t\t<tr>\r\n\t\t\t\t\t<td valign=\"top\">\r\n\t\t\t\t\t<h3 class=\"orange\"><strong>Que couvre l\u2019assurance entreprise \u00e0 domicile?<\/strong><\/h3>\r\n\t\t\t\t\t<\/td>\r\n\t\t\t\t\t<td><\/td>\r\n\t\t\t\t\t<td>\r\n\t\t\t\t\t<p>L\u2019assurance entreprise \u00e0 domicile chez Square One vous prot\u00e8ge contre les risques aux entreprises \u00e0 domicile les plus courants.<\/p>\r\n\t\t\t\t\t<h3><strong>1. Biens \u00e0 usage professionnel<\/strong><\/h3>\r\n\t\t\t\t\t<p>Qu\u2019il s\u2019agisse d\u2019un simple ordinateur ou un grand atelier, vous pouvez prot\u00e9ger vos biens \u00e0 usage professionnel chez nous. En plus de prot\u00e9ger votre \u00e9quipement professionnel, vos meubles et vos biens divers, nous proposons d\u2019autres couvertures\u00a0:<\/p>\r\n\t\t\t\t\t<ul>\r\n\t\t\t\t\t\t<li><p><strong>D\u00e9pendances.<\/strong> Si votre atelier ou studio est une structure non attenante \u00e0 votre maison, vous pouvez l\u2019assurer, que vous vous en serviez enti\u00e8rement ou partiellement pour votre entreprise.<\/p><\/li>\r\n\t\t\t\t\t\t<li><p><strong>Protection des biens de vos clients.<\/strong> Si, dans vos activit\u00e9s professionnelles, vous devez conserver chez vous les biens de vos clients pendant que vous les r\u00e9parez ou restaurez, vous les assurer pendant qu\u2019ils sont en votre possession.<\/p><\/li>\r\n\t\t\t\t\t\t<li><p><strong>Donn\u00e9es, documents et dossiers.<\/strong> En cas de destruction des documents en raison d\u2019un incendie ou d\u2019un autre risque couvert, la r\u00e9cup\u00e9ration ou la reproduction de ceux-ci peut \u00eatre co\u00fbteuse. Cette couverture aide \u00e0 r\u00e9gler ces frais.<\/p><\/li>\r\n\t\t\t\t\t\t<li><p><strong>Biens en d\u00e9placement.<\/strong> Il s\u2019agit d\u2019une couverture pour les biens, les \u00e9chantillons ou l\u2019\u00e9quipement pendant qu\u2019ils sont en route vers vos clients.<\/p><\/li>\r\n\t\t\t\t\t\t<li><p><strong>Biens lou\u00e9s.<\/strong> Si vous louez des biens dans le cadre de vos activit\u00e9s professionnelles, comme l\u2019\u00e9quipement ou les meubles, vous pouvez les assurer eux aussi.<\/p><\/li>\r\n\t\t\t\t\t<\/ul>\r\n\r\n\t\t\t\t\t<h3><strong>2. Pertes d\u2019exploitation<\/strong><\/h3>\r\n\t\t\t\t\t<p>Les dommages mat\u00e9riels sont d\u00e9j\u00e0 assez graves, mais qu\u2019en est-il des revenus perdus si votre habitation est temporairement inutilisable en raison d\u2019un incendie ou d\u2019une inondation? Voici les couvertures pour Pertes d\u2019exploitation que vous pouvez ajouter \u00e0 votre police\u00a0:<\/p>\r\n\t\t\t\t\t<ul>\r\n\t\t\t\t\t\t<li><p><strong>Frais suppl\u00e9mentaires.<\/strong> \u00c0 la suite d\u2019un sinistre assur\u00e9, la protection contre les pertes d\u2019exploitation couvre les frais suppl\u00e9mentaires que vous engagez pour minimiser les pertes de revenus. Par exemple, si vous devez temporairement louer un espace de cotravail.<\/p><\/li>\r\n\t\t\t\t\t\t<li><p><strong>Pertes de revenus.<\/strong> Si un sinistre assur\u00e9 provoque une baisse temporaire de vos revenus commerciaux typiques, cette couverture vous aidera \u00e0 creuser l\u2019\u00e9cart. Par exemple, vous seriez prot\u00e9g\u00e9 contre une chute de revenus si vous ne pouviez pas voir des clients pendant plusieurs semaines en raison du nettoyage des d\u00e9g\u00e2ts d\u2019eau. Nous proposons \u00e9galement une protection si l\u2019interruption de vos activit\u00e9s professionnelles normales ne dure pas longtemps.<\/p><\/li>\r\n\t\t\t\t\t<\/ul>\r\n\r\n\t\t\t\t\t<h3><strong>3. Responsabilit\u00e9 civile entreprise<\/strong><\/h3>\r\n\t\t\t\t\t<p>Les accidents arrivent et tout le monde fait des erreurs. Toutefois, ces erreurs pourraient vous co\u00fbter cher : pour cette raison nous proposons une couverture pour responsabilit\u00e9 civile entreprise. Voici ce que cela comprend\u00a0:<\/p>\r\n\t\t\t\t\t<ul>\r\n\t\t\t\t\t\t<li><p><strong>Responsabilit\u00e9 du fait des lieux.<\/strong> Si l\u2019un de vos clients se blesse en glissant sur le trottoir devant votre maison, vous pourriez \u00eatre tenu responsable. Cette couverture peut aider \u00e0 r\u00e9gler les dommages et frais juridiques.<\/p><\/li>\r\n\t\t\t\t\t\t<li><p><strong>Responsabilit\u00e9 civile pour employeurs.<\/strong> Si un employ\u00e9 est bless\u00e9 en raison de la n\u00e9gligence d\u2019un employeur, ou un tiers souffre des dommages corporels ou mat\u00e9riels en raison des actions d\u2019un employ\u00e9 pendant que celui-ci exerce ses fonctions, cette couverture peut aider \u00e0 r\u00e9gler les dommages et les frais juridiques en d\u00e9coulant.<\/p><\/li>\r\n\t\t\t\t\t\t<li><p><strong>Responsabilit\u00e9 civile pour dommages mat\u00e9riels.<\/strong> Cette couverture vous prot\u00e8ge si vous \u00eates tenu responsable des dommages aux biens d\u2019un tiers qui ne sont pas sous votre garde. Par exemple, dans un salon professionnel, votre kiosque tombe et endommage le kiosque voisin.<\/p><\/li>\r\n\t\t\t\t\t<\/ul>\r\n\t\t\t\t\t<p><\/p>\r\n\t\t\t\t\t<\/td>\r\n\t\t\t\t\t<\/tr>\r\n\t\t\t\t\t<tr>\r\n\t\t\t\t\t<td valign=\"top\">\r\n\t\t\t\t\t<h3 class=\"orange\"><strong>Combien co\u00fbte l\u2019assurance entreprise \u00e0 domicile?<\/strong><\/h3>\r\n\t\t\t\t\t<\/td>\r\n\t\t\t\t\t<td><\/td>\r\n\t\t\t\t\t<td>\r\n\t\t\t\t\t<p>Chaque petite entreprise a ses propres besoins. Pour cette raison, notre assurance entreprise \u00e0 domicile est tout \u00e0 fait personnalisable : c\u2019est vous qui choisissez les couvertures et les limitations selon vos besoins. Vous pouvez ajouter \u00e0 votre police d\u2019assurance habitation Square One toutes les protections pour entreprise \u00e0 domicile \u00e0 partir de <strong>22\u00a0$\/mois<\/strong>!<\/p>\r\n\t\t\t\t\t<p>Sinon, vous pouvez choisir les couvertures les plus importantes pour votre entreprise\u00a0:<\/p>\r\n\t\t\t\t\t<ul>\r\n\t\t\t\t\t\t<li>Protection pour biens \u00e0 usage professionnel \u00e0 partir de <strong>7\u00a0$\/mois<\/strong><\/li>\r\n\t\t\t\t\t\t<li>Protection pour pertes d\u2019exploitation \u00e0 partir de <strong>7\u00a0$\/mois<\/strong><\/li>\r\n\t\t\t\t\t\t<li>Protection pour responsabilit\u00e9 civile entreprise \u00e0 partir de <strong>7\u00a0$\/mois<\/strong><\/li>\r\n\t\t\t\t\t<p><\/p>\r\n\t\t\t\t\t<\/td>\r\n\t\t\t\t\t<\/tr>\r\n\t\t\t\t\t<tr>\r\n\t\t\t\t\t<td valign=\"top\">\r\n\t\t\t\t\t<h3 class=\"orange\"><strong>Quelle est la franchise pour les r\u00e9clamations d\u2019entreprise \u00e0 domicile?<\/strong><\/h3>\r\n\t\t\t\t\t<\/td>\r\n\t\t\t\t\t<td><\/td>\r\n\t\t\t\t\t<td>\r\n\t\t\t\t\t<p>En plus des limitations de couvertures flexibles, vous pouvez choisir une franchise (le montant que vous \u00eates tenu de r\u00e9gler si vous pr\u00e9sentez une r\u00e9clamation) selon vos besoins professionnels. Une franchise \u00e9lev\u00e9e vous permet d\u2019\u00e9conomiser sur vos primes, alors qu\u2019une franchise basse vous donne plus de couverture.<\/p>\r\n\t\t\t\t\t<p>Typiquement, les franchises des polices d\u2019assurance entreprise \u00e0 domicile commencent \u00e0 1\u00a0000\u00a0$. Chez Square One, la couverture pour une entreprise \u00e0 domicile est assujettie aux m\u00eames franchises que le reste de votre police, \u00e0 compter de 250\u00a0$.<\/p>\r\n\t\t\t\t\t<p><\/p>\r\n\t\t\t\t\t<\/td>\r\n\t\t\t\t\t<\/tr>\r\n\t\t\t\t\t<\/tbody>\r\n\t\t\t\t<\/table>\r\n\t\t<\/div>\r\n\t<\/div>\r\n<\/div>\r\n<\/div>\r\n<div class=\"bg-bottom\"><\/div>\r\n<\/section>\r\n\r\n\t<section class=\"footer-cta bg-shape mt-6\">\n\t    <div class=\"container-fluid\">\n\t        <div class=\"row\">\n\t            <div class=\"col-10 offset-1 col-lg-8 offset-lg-2 text-center\">\n\t                <div class=\"h6 text-secondary-alt text-uppercase mb-4\">vous \u00eates en bonne compagnie <\/div>\n\t                <div class=\"h2 text-uc-first mb-4\">Joignez-vous \u00e0 plus de 3 000 000 de clients qui ont re\u00e7u une soumission en assurance habitation de notre part.<\/div>\n\t\t\t\t\t<div id=\"sq1-qw-1a2bb9facebd\" class=\"sq1-quote-widget\" data-quote-widget-type=\"HOME\" data-has-custom-text=\"true\" style=\"min-height: 68px; height: auto\"><\/div>\n\t                <p class=\"text-uc-first\">D\u00e9couvrez \u00e0 quel point l'assurance habitation est abordable \u00e0 l'aide d'une soumission en ligne en 5 minutes.<\/p>\n\t                <p class=\"text-light small text-uc-first\">Avant de commencer, veuillez lire notre <a href=\"https:\/\/www.squareone.ca\/fr\/politique-confidentialite\" target=\"_blank\" rel=\"noreferrer noopener\">Politique de confidentialit\u00e9<\/a> et nos <a href=\"https:\/\/www.squareone.ca\/fr\/conditions-utilisation\" target=\"_blank\" rel=\"noreferrer noopener\">Conditions d\u2019utilisation<\/a>.<\/p>\n\t            <\/div>\n\t        <\/div>\n\t    <\/div>\n\t    <div class=\"locations position-absolute fw-bold w-100 text-center pb-6 px-3\">Une compagnie canadienne exploit\u00e9e par des Canadiens. Nous offrons nos services au <a href=\"\/fr\/habitation\/quebec\" class=\"text-grey-900 text-decoration-none\">Qu\u00e9bec<\/a>, en Colombie-Britannique, en Alberta, en Saskatchewan, au Manitoba et en Ontario.<\/div>\n\t<\/section>\r\n\r\n<main>\r\n<script type=\"application\/ld+json\">\r\n{\r\n  \"@context\": \"https:\/\/schema.org\",\r\n  \"@graph\": [\r\n    {\r\n      \"@type\": \"Service\",\r\n      \"name\": \"Assurance entreprise \u00e0 domicile\",\r\n      \"serviceType\": \"Assurance entreprise \u00e0 domicile\",\r\n      \"url\": \"https:\/\/www.squareone.ca\/fr\/habitation\/entreprise\",\r\n      \"description\": \"Square One offre une assurance sp\u00e9cialis\u00e9e pour les entreprises \u00e0 domicile qui prot\u00e8ge l\u2019\u00e9quipement professionnel, la responsabilit\u00e9 civile et l\u2019inventaire. Les polices sont distribu\u00e9es par Assurances Square One et souscrite par la Compagnie mutuelle d\u2019assurance incendie de la Colombie-Britannique. Au service de la Colombie-Britannique, de l\u2019Alberta, de la Saskatchewan, du Manitoba, de l\u2019Ontario et du Qu\u00e9bec.\",\r\n      \"provider\": {\r\n        \"@type\": \"InsuranceAgency\",\r\n        \"name\": \"Assurances Square One\",\r\n        \"url\": \"https:\/\/www.squareone.ca\/fr\",\r\n        \"logo\": \"https:\/\/cdn.squareone.ca\/wp-content\/uploads\/2021\/04\/09094743\/square-one-logomark-default-md-1.png\",\r\n        \"address\": {\r\n          \"@type\": \"PostalAddress\",\r\n          \"streetAddress\": \"1410-650 W Georgia St\",\r\n          \"addressLocality\": \"Vancouver\",\r\n          \"addressRegion\": \"BC\",\r\n          \"postalCode\": \"V6B 4N8\",\r\n          \"addressCountry\": \"CA\"\r\n        },\r\n        \"telephone\": \"+1-855-331-6933\"\r\n      },\r\n      \"areaServed\": [\r\n        {\r\n          \"@type\": \"AdministrativeArea\",\r\n          \"name\": \"British Columbia\"\r\n        },\r\n        {\r\n          \"@type\": \"AdministrativeArea\",\r\n          \"name\": \"Alberta\"\r\n        },\r\n        {\r\n          \"@type\": \"AdministrativeArea\",\r\n          \"name\": \"Saskatchewan\"\r\n        },\r\n        {\r\n          \"@type\": \"AdministrativeArea\",\r\n          \"name\": \"Manitoba\"\r\n        },\r\n        {\r\n          \"@type\": \"AdministrativeArea\",\r\n          \"name\": \"Ontario\"\r\n        },\r\n        {\r\n          \"@type\": \"AdministrativeArea\",\r\n          \"name\": \"Qu\u00e9bec\"\r\n        }\r\n      ],\r\n       \"sameAs\": [\r\n        \"https:\/\/www.facebook.com\/squareoneinsurance\",\r\n        \"https:\/\/x.com\/1sq1\",\r\n        \"https:\/\/www.linkedin.com\/company\/square-one-insurance\",\r\n        \"https:\/\/www.youtube.com\/user\/square1insurance\",\r\n        \"https:\/\/www.instagram.com\/squareoneinsurance\/\"\r\n      ],\r\n      \"hasOfferCatalog\": {\r\n        \"@type\": \"OfferCatalog\",\r\n        \"name\": \"Couvertures en assurance entreprise \u00e0 domicile\",\r\n        \"itemListElement\": [\r\n          {\r\n            \"@type\": \"Service\",\r\n            \"name\": \"Biens \u00e0 usage professionnel\",\r\n            \"description\": \"prot\u00e8ge les biens dont vous \u00eates le propri\u00e9taire ou que vous utilisez \u00e0 but lucratif, y compris les ateliers, les studios, l\u2019\u00e9quipement et les documents des clients. Cela comprend la protection enti\u00e8re pour les articles \u00e0 usage personnel et professionnel.\"\r\n          },\r\n          {\r\n            \"@type\": \"Service\",\r\n            \"name\": \"Responsabilit\u00e9 civile entreprise\",\r\n            \"description\": \"Prolonge votre protection responsabilit\u00e9 civile personnelle pour couvrir les incidents li\u00e9s \u00e0 des activit\u00e9s professionnelles, comme un client qui se blessent dans votre bureau \u00e0 domicile ou des dommages aux biens des tiers pendant le d\u00e9roulement de vos activit\u00e9s professionnelles.\"\r\n          },\r\n          {\r\n            \"@type\": \"Service\",\r\n            \"name\": \"Pertes d\u2019exploitation\",\r\n            \"description\": \"Couvre les baisses temporaires de revenu ou les frais suppl\u00e9mentaires engag\u00e9s pour minimiser les dommages \u00e0 votre entreprise (si votre habitation est temporairement inhabitable en raison d\u2019un incendie ou une inondation.\"\r\n          }\r\n        ]\r\n      }\r\n    },\r\n    {\r\n      \"@type\": \"FAQPage\",\r\n      \"mainEntity\": [\r\n        {\r\n          \"@type\": \"Question\",\r\n          \"name\": \"L\u2019assurance habitation couvre-t-elle mon entreprise \u00e0 domicile?\",\r\n          \"acceptedAnswer\": {\r\n            \"@type\": \"Answer\",\r\n            \"text\": \"La plupart des polices d\u2019assurance habitation n\u2019offrent tr\u00e8s peu de couverture, voire aucune, pour les entreprises \u00e0 domicile. Une exclusion pour les biens \u00e0 usage professionnel et les activit\u00e9s professionnelles est monnaie courante dans les polices d\u2019assurance habitation au Canada.\"\r\n          }\r\n        },\r\n        {\r\n          \"@type\": \"Question\",\r\n          \"name\": \"Que couvre l\u2019assurance entreprise \u00e0 domicile?\",\r\n          \"acceptedAnswer\": {\r\n            \"@type\": \"Answer\",\r\n            \"text\": \"L\u2019assurance entreprise \u00e0 domicile chez Square One vous prot\u00e8ge contre les risques aux entreprises \u00e0 domicile les plus courants.\"\r\n          }\r\n        },\r\n        {\r\n          \"@type\": \"Question\",\r\n          \"name\": \"Combien co\u00fbte-t-elle l\u2019assurance entreprise \u00e0 domicile?\",\r\n          \"acceptedAnswer\": {\r\n            \"@type\": \"Answer\",\r\n            \"text\": \"Chaque petite entreprise a ses propres besoins. Pour cette raison, notre assurance entreprise \u00e0 domicile est tout \u00e0 fait personnalisable : c\u2019est vous qui choisissez les couvertures et les limitations selon vos besoins. Vous pouvez ajouter \u00e0 votre police d\u2019assurance habitation Square One toutes les protections pour entreprise \u00e0 domicile \u00e0 partir de 22 $\/mois!\"\r\n          }\r\n        },\r\n        {\r\n          \"@type\": \"Question\",\r\n          \"name\": \"Quelle est la franchise pour les r\u00e9clamations en assurance entreprise \u00e0 domicile?\",\r\n          \"acceptedAnswer\": {\r\n            \"@type\": \"Answer\",\r\n            \"text\": \"En plus des limitations de couvertures flexibles, vous pouvez choisir une franchise (le montant que vous \u00eates tenu de r\u00e9gler si vous pr\u00e9sentez une r\u00e9clamation) selon vos besoins professionnels. Une franchise \u00e9lev\u00e9e vous permet d\u2019\u00e9conomiser sur vos primes, alors qu\u2019une franchise basse vous donne plus de couverture.\"\r\n          }\r\n        }\r\n      ]\r\n    }\r\n  ]\r\n}\r\n<\/script>","protected":false},"excerpt":{"rendered":"<p>Assurance entreprise \u00e0 domicile Les entreprises \u00e0 domicile repr\u00e9sentent une grande partie des petites entreprises au Canada. Cela dit, la plupart des propri\u00e9taires d\u2019entreprise \u00e0 domicile n\u2019ont tr\u00e8s peu ou aucune protection pour leurs activit\u00e9s professionnelles. Pourquoi? Presque toutes les polices d\u2019assurance habitation au Canada excluent les biens \u00e0 usage professionnel et les activit\u00e9s professionnelles. [&hellip;]<\/p>\n","protected":false},"author":11,"featured_media":0,"parent":48512,"menu_order":0,"comment_status":"closed","ping_status":"closed","template":"","meta":{"_acf_changed":false,"footnotes":""},"class_list":["post-54604","page","type-page","status-publish","hentry"],"acf":[],"_links":{"self":[{"href":"https:\/\/www.squareone.ca\/fr\/wp-json\/wp\/v2\/pages\/54604","targetHints":{"allow":["GET"]}}],"collection":[{"href":"https:\/\/www.squareone.ca\/fr\/wp-json\/wp\/v2\/pages"}],"about":[{"href":"https:\/\/www.squareone.ca\/fr\/wp-json\/wp\/v2\/types\/page"}],"author":[{"embeddable":true,"href":"https:\/\/www.squareone.ca\/fr\/wp-json\/wp\/v2\/users\/11"}],"replies":[{"embeddable":true,"href":"https:\/\/www.squareone.ca\/fr\/wp-json\/wp\/v2\/comments?post=54604"}],"version-history":[{"count":9,"href":"https:\/\/www.squareone.ca\/fr\/wp-json\/wp\/v2\/pages\/54604\/revisions"}],"predecessor-version":[{"id":78116,"href":"https:\/\/www.squareone.ca\/fr\/wp-json\/wp\/v2\/pages\/54604\/revisions\/78116"}],"up":[{"embeddable":true,"href":"https:\/\/www.squareone.ca\/fr\/wp-json\/wp\/v2\/pages\/48512"}],"wp:attachment":[{"href":"https:\/\/www.squareone.ca\/fr\/wp-json\/wp\/v2\/media?parent=54604"}],"curies":[{"name":"wp","href":"https:\/\/api.w.org\/{rel}","templated":true}]}}