{"id":54733,"date":"2021-12-16T13:10:41","date_gmt":"2021-12-16T21:10:41","guid":{"rendered":"https:\/\/www.squareone.ca\/soutien\/bases-assurance-conseils\/centre-ressources-decoration-interieure\/table-noel"},"modified":"2025-08-27T12:17:25","modified_gmt":"2025-08-27T19:17:25","slug":"table-noel","status":"publish","type":"page","link":"https:\/\/www.squareone.ca\/fr\/centres-ressources\/decoration-interieure\/table-noel","title":{"rendered":"6 tuyaux pour d\u00e9corer votre table de No\u00ebl"},"content":{"rendered":"<section id='intro' class=\"bg-shape-split bg-sub-page-hero\">\r\n<div class=\"bg-position\">\r\n<div class=\"container-fluid\">\r\n<div class=\"row align-items-center\">\r\n<div class=\"col-12 col-lg-8\">\r\n<h1>6 tuyaux pour d\u00e9corer votre table de No\u00ebl<\/h1>\r\n<strong>Article r\u00e9dig\u00e9 par <a href=\"\/fr\/a-propos-de-nous\/contributeurs#anthony-michael\" title=\"Auteur : Anthony Michael\">Anthony Michael<\/a><\/strong>\r\n<p><\/p>\r\n<p class=\"pb-4\" style=\"margin-top:-24px\">Mis \u00e0 jour le 21 juin 2024<\/p>\r\n<\/div>\r\n<\/div>\r\n\r\n<div class=\"row\">\r\n<div class=\"col-lg-8\">\r\n<p class=\"display-4\">Vous avez fait le plus difficile\u00a0: vous avez achet\u00e9 tous les cadeaux? Oui. Vous avez install\u00e9 les lumi\u00e8res et d\u00e9cor\u00e9 la maison? Oui. Vous avez mont\u00e9 et d\u00e9cor\u00e9 le sapin de No\u00ebl? Oui.<\/p>\r\n<p class=\"display-4\">Et maintenant, la meilleure partie\u00a0: le repas de No\u00ebl! Il n\u2019y a rien de plus beau que de s\u2019asseoir autour de la table de la salle \u00e0 manger en famille ou en la compagnie de vos amis. Votre festin de No\u00ebl sera des plus m\u00e9morables avec une table joliment d\u00e9cor\u00e9e et l\u2019ambiance qui va avec.<\/p>\r\n<p class=\"display-4\">Voici quelques tuyaux qui vous aideront \u00e0 dresser une table de No\u00ebl inoubliable.<\/p>\r\n<p class=\"pt-2\"><img loading=\"lazy\" decoding=\"async\" src=\"https:\/\/cdn.squareone.ca\/wp-content\/uploads\/2021\/12\/16105107\/decorating-christmas-table-1.jpg\" alt=\"Table de No\u00ebl\" width=\"248\" height=\"245\" class=\"img-fluid\" rel=\"noopener noreferrer\" \/><\/p>\r\n<\/div>\r\n\r\n<div class=\"col-lg-3 offset-lg-1\">          \r\n<p class=\"mb-2 display-4 pt-4 pt-lg-0 pt-mb-0\"><strong>Topics<\/strong><\/p>\r\n<ul class=\"list-unstyled link-list display-4\">\r\n     <li><a href=\"#nappe\">Nappe<\/a><\/li>\r\n     <li><a href=\"#vaisselle\">Vaisselle<\/a><\/li>\r\n     <li><a href=\"#serviettes\">Serviettes<\/a><\/li>\r\n     <li><a href=\"#verres\">Verres<\/a><\/li>\r\n     <li><a href=\"#papillotes\">Papillotes de No\u00ebl<\/a><\/li>\r\n     <li><a href=\"#musique\">Musique<\/a><\/li>\r\n<\/ul>\r\n\r\n<\/div>\r\n<\/div>  \r\n<\/div>\r\n<\/div>\r\n<div class=\"bg-bottom\"><\/div>\r\n<\/section>\r\n\r\n<section>\r\n<div class=\"container-fluid py-6\">\r\n<div class=\"row\">\r\n<div class=\"col-12 col-lg-8\">\r\n\r\n\r\n<h2 id=\"nappe\">1. Utilisez une nappe festive<\/h2>\r\n\r\n<p>Une nappe festive est synonyme de No\u00ebl.<\/p>\r\n<p>Le rouge, le blanc et le vert sont les couleurs traditionnelles de la saison et tout agencement de celles-ci rehaussera imm\u00e9diatement l\u2019ambiance. Si vous pr\u00e9f\u00e9rez une soir\u00e9e un peu plus formelle ou traditionnelle, une nappe en rouge ou vert fonc\u00e9 fera l\u2019affaire, alors qu\u2019une nappe en couleurs vives ou portant des motifs saisonniers favorisera une ambiance plus l\u00e9g\u00e8re. Vous pouvez \u00e9galement utiliser d\u2019autres couleurs selon vos pr\u00e9f\u00e9rences.<\/p>\r\n\r\n<img decoding=\"async\" src=\"https:\/\/cdn.squareone.ca\/wp-content\/uploads\/2021\/12\/16100652\/christmas-tablecloth.jpg\" title=\"Nappe blanche avec motifs de No\u00ebl\" alt=\"Nappe blanche avec motifs de No\u00ebl\" width=\"800\" height=\"533\" class=\"img-fluid mb-2\" loading=\"lazy\"\/>\r\n<small><p class=\"mb-5\"><a href=\"https:\/\/www.marieclaire.fr\/idees\/broder-une-nappe-pour-la-saint-sylvestre,1285303.asp\" title=\"marieclaire.fr\" rel=\"noopener noreferrer nofollow\" target=\"_blank\">Source<\/a><\/p><\/small>\r\n\r\n<p>Peu importe le style de nappe, vous devrez l\u2019assortir avec la vaisselle et l\u2019argenterie, ce qui nous am\u00e8ne au tuyau\u00a02.<\/p>\r\n\r\n\r\n<h2 id=\"vaisselle\">2. Service de Maman ou service ordinaire?<\/h2>\r\n\r\n<p>Si vous mettez une nappe plus formelle ou traditionnelle, il faut sortir votre plus beau service de table et la belle argenterie. C\u2019est pour cette raison que vous les avez ajout\u00e9es \u00e0 votre liste de cadeaux de mariage, apr\u00e8s tout! Si vous dressez une nappe plus festive, des assiettes color\u00e9es ou avec motifs de la saison mettront vos convives dans l\u2019ambiance de No\u00ebl.<\/p>\r\n\r\n\r\n<h2 id=\"serviettes\">3. Serviettes et ronds de serviette<\/h2>\r\n\r\n<p>Vous avez choisi une nappe et la vaisselle, super! C\u2019est le moment de sortir les serviettes.<\/p>\r\n\r\n<img decoding=\"async\" src=\"https:\/\/cdn.squareone.ca\/wp-content\/uploads\/2021\/12\/16100650\/christmas-napkin-rings.jpg\" title=\"Ronds de serviette de No\u00ebl\" alt=\"Ronds de serviette de No\u00ebl\" width=\"800\" height=\"533\" class=\"img-fluid mb-2\" loading=\"lazy\"\/>\r\n<small><p class=\"mb-5\"><a href=\"https:\/\/photo.femmeactuelle.fr\/notre-selection-de-chemins-de-table-et-de-ronds-de-serviette-faciles-a-faire-pour-noel-33141#un-chemin-de-table-etoile-en-crochet-571228\" title=\"femmeactuelle.fr\" rel=\"noopener noreferrer nofollow\" target=\"_blank\">Source<\/a><\/p><\/small>\r\n\r\n<p>Encore une fois, le style de serviette doit correspondre \u00e0 la nappe. Vous avez l\u2019embarras du choix, des serviettes de couleurs solides aux serviettes festives, \u00e0 vous de choisir.<\/p>\r\n<p>Cependant, il ne faut pas oublier les ronds de serviette, une belle touche pour toute table de No\u00ebl. Ces objets d\u00e9coratifs sont offerts en plusieurs styles, des ronds \u00e9l\u00e9gants dor\u00e9s et argent\u00e9s aux ronds festifs et saisonniers.<\/p>\r\n<p>Ou vous pouvez d\u00e9couvrir votre \u00e2me cr\u00e9ative en faisant vos propres ronds\u00a0: \u00e0 votre fantaisie! Une fois que vous aurez choisi ou fait vos ronds, filez les serviettes dans les ronds et placez-les sur les assiettes, vos convives seront ravis de les d\u00e9couvrir.<\/p>\r\n<p>D\u00e9j\u00e0, on a les d\u00e9buts d\u2019une table du tonnerre!<\/p>\r\n\r\n\r\n<h2 id=\"verres\">4. Verres<\/h2>\r\n\r\n<img decoding=\"async\" src=\"https:\/\/cdn.squareone.ca\/wp-content\/uploads\/2021\/12\/16100649\/christmas-glasses.jpg\" title=\"Verres de table de No\u00ebl\" alt=\"Verres de table de No\u00ebl\" width=\"800\" height=\"533\" class=\"img-fluid mb-2\" loading=\"lazy\"\/>\r\n<small><p class=\"mb-5\"><a href=\"https:\/\/cache.marieclaire.fr\/data\/photo\/w1000_ci\/1jw\/tutoriel-customiser-verre-noel.jpg\" title=\"marieclaire.fr\" rel=\"noopener noreferrer nofollow\" target=\"_blank\">Source<\/a><\/p><\/small>\r\n\r\n<p>Vous voulez trinquer avec votre plus belle verrerie, non?<\/p>\r\n<p>Si vous servez du champagne, sortez les fl\u00fbtes et <a href=\"\/fr\/centres-ressources\/securite-domiciliaire-personnelle\/conseils-securite-responsabilite-civile-party-noel\" title=\"Organisation d\u2019une f\u00eate de No\u00ebl : conseils de s\u00e9curit\u00e9 et de responsabilit\u00e9 civile\">n\u2019oubliez pas<\/a> de vous assurer que le vin et le champagne coule \u00e0 flots! Par ailleurs, vous ne voulez pas que vos invit\u00e9s oublient o\u00f9 ils ont pos\u00e9 leurs verres (et plus important, leur vin).<\/p>\r\n\r\n<img decoding=\"async\" src=\"https:\/\/cdn.squareone.ca\/wp-content\/uploads\/2021\/12\/16100653\/christmas-wine-glass-charms.jpg\" title=\"Identificateurs de verre \u00e0 vin de No\u00ebl\" alt=\"Identificateurs de verre \u00e0 vin de No\u00ebl\" width=\"800\" height=\"533\" class=\"img-fluid mb-2\" loading=\"lazy\"\/>\r\n<small><p class=\"mb-5\"><a href=\"https:\/\/www.guidepatterns.com\/diys-on-how-to-make-wine-glass-charms.php\" title=\"Bottle Cap Wine Glass Charms\" rel=\"noopener noreferrer nofollow\" target=\"_blank\">Source<\/a><\/p><\/small>\r\n\r\n\r\n<h2 id=\"papillotes\">5. \u00c7a va p\u00e9ter!<\/h2>\r\n\r\n<p>Tradition britannique, le p\u00e9tard ou la papillote de No\u00ebl<\/a> (ou cracker en anglais) ajoutera un \u00e9l\u00e9ment ludique \u00e0 votre table festive.<\/p>\r\n\r\n<img decoding=\"async\" src=\"https:\/\/cdn.squareone.ca\/wp-content\/uploads\/2021\/12\/16100648\/christmas-cracker.jpg\" title=\"Papillotes de No\u00ebl\" alt=\"Papillotes de No\u00ebl\" width=\"800\" height=\"533\" class=\"img-fluid mb-5\" loading=\"lazy\"\/>\r\n<p>Ces papillotes cartonn\u00e9es, qui contiennent d\u2019habitude un petit cadeau ou un message humoristique, constituent un article de d\u00e9coration interactif et divertissant. Vous pouvez les poser sur ou \u00e0 c\u00f4t\u00e9 des assiettes. \u00c0 votre signal, chacun tient un bout de la papillote et tire. En se d\u00e9tachant, la papillote fait un bruit de p\u00e9tard en laissant tomber sur la table le cadeau \u00e0 l\u2019int\u00e9rieur. Si vous voulez faire vos propres papillotes, consultez cet excellent tutoriel\u00a0: <a href=\"https:\/\/www.youtube.com\/watch?v=EZY3LEBiuWY\" title=\"DIY Crackers de No\u00ebl ou papillotes avec p\u00e9tards - YouTube\" rel=\"noopener noreferrer\" target=\"_blank\">Comment faire votre propre papillote<\/a>.<\/p>\r\n\r\n\r\n<h2 id=\"musique\">6. Un peu de musique s\u2019il vous pla\u00eet!<\/h2>\r\n\r\n<p>Ce ne serait pas No\u00ebl sans <a href=\"https:\/\/www.chansonsquebec.com\/lultime-playlist-des-chansons-de-noel-quebecois-2021\/\" title=\"Liste de chansons de No\u00ebl qu\u00e9b\u00e9cois\" rel=\"noopener noreferrer\" target=\"_blank\">musique<\/a>.<\/p>\r\n<p>Que vous soyez un puriste qui adore les chansons de No\u00ebl traditionnelles ou un amateur des classiques de jazz ou des chansons \u00e0 r\u00e9pondre, un peu de musique des F\u00eates agr\u00e9mentera l\u2019ambiance autour de la table. Peu importe vos go\u00fbts musicaux, vous pouvez vous amuser \u00e0 cr\u00e9er votre propre liste de chansons et impressionner vos invit\u00e9s avec votre discernement musical.<\/p>\r\n<p>Bien entendu, il s\u2019agit de quelques-unes de nos recommandations.<\/p>\r\n<p>N\u2019h\u00e9sitez pas \u00e0 explorer et \u00e0 combiner divers th\u00e8mes et diff\u00e9rentes id\u00e9es et couleurs, des articles de d\u00e9coration achet\u00e9s en magasin aux objets d\u00e9co faits maison. L\u2019essentiel c\u2019est de faire ressortir la chaleur et la joie de la saison.<\/p>\r\n<p>Joyeuses F\u00eates!<\/p>\r\n\r\n<p><strong>Vous voulez en savoir plus?<\/strong> Consultez notre <a href=\"\/fr\/centres-ressources\/decoration-interieure\" title=\"Centre de ressources : d\u00e9coration-interieure\">Centre de ressources&nbsp;: d\u00e9coration int\u00e9rieure<\/a> pour de l'inspiration et des tuyaux pour am\u00e9nager votre espace id\u00e9al. Ensuite, <a href=\"\/fr\/soumission-assurance-habitation-en-ligne\" title=\"Obtenir une soumission d\u2019assurance habitation en ligne\">obtenez une soumission d'assurance habitation en ligne<\/a> en moins de 5\u00a0minutes et d\u00e9couvrez \u00e0 quel point l\u2019assurance habitation personnalis\u00e9e peut \u00eatre abordable.<\/p>\r\n\r\n<\/div>\r\n<\/div>\r\n<\/div>\r\n<\/section>\r\n<script type=\"application\/ld+json\">\r\n{\r\n  \"@context\": \"https:\/\/schema.org\",\r\n  \"@type\": \"WebPage\",\r\n  \"mainEntityOfPage\": {\r\n    \"@type\": \"Article\",\r\n    \"@id\": \"https:\/\/www.squareone.ca\/fr\/centres-ressources\/decoration-interieure\/table-noel\"\r\n  },\r\n  \"author\": [\r\n    {\r\n      \"@type\": \"Person\",\r\n      \"name\": \"Anthony Michael\",\r\n      \"url\": \"https:\/\/www.squareone.ca\/fr\/a-propos-de-nous\/membres-equipe#anthony-michael\"\r\n    }\r\n  ],\r\n  \"headline\": \"6 tuyaux pour d\u00e9corer votre table de No\u00ebl\",\r\n  \"datePublished\": \"\",\r\n  \"dateModified\": \"\",\r\n  \"inLanguage\": \"fr-CA\",\r\n  \"isAccessibleForFree\": true\r\n}\r\n<\/script>","protected":false},"excerpt":{"rendered":"<p>6 tuyaux pour d\u00e9corer votre table de No\u00ebl Vous avez fait le plus difficile\u00a0: vous avez achet\u00e9 tous les cadeaux? Oui. Vous avez install\u00e9 les lumi\u00e8res et d\u00e9cor\u00e9 la maison? Oui. Vous avez mont\u00e9 et d\u00e9cor\u00e9 le sapin de No\u00ebl? Oui. Et maintenant, la meilleure partie\u00a0: le repas de No\u00ebl! Il n\u2019y a rien de [&hellip;]<\/p>\n","protected":false},"author":20,"featured_media":54841,"parent":53094,"menu_order":0,"comment_status":"closed","ping_status":"closed","template":"page-article-new.php","meta":{"_acf_changed":false,"footnotes":""},"class_list":["post-54733","page","type-page","status-publish","has-post-thumbnail","hentry"],"acf":[],"_links":{"self":[{"href":"https:\/\/www.squareone.ca\/fr\/wp-json\/wp\/v2\/pages\/54733","targetHints":{"allow":["GET"]}}],"collection":[{"href":"https:\/\/www.squareone.ca\/fr\/wp-json\/wp\/v2\/pages"}],"about":[{"href":"https:\/\/www.squareone.ca\/fr\/wp-json\/wp\/v2\/types\/page"}],"author":[{"embeddable":true,"href":"https:\/\/www.squareone.ca\/fr\/wp-json\/wp\/v2\/users\/20"}],"replies":[{"embeddable":true,"href":"https:\/\/www.squareone.ca\/fr\/wp-json\/wp\/v2\/comments?post=54733"}],"version-history":[{"count":22,"href":"https:\/\/www.squareone.ca\/fr\/wp-json\/wp\/v2\/pages\/54733\/revisions"}],"predecessor-version":[{"id":76261,"href":"https:\/\/www.squareone.ca\/fr\/wp-json\/wp\/v2\/pages\/54733\/revisions\/76261"}],"up":[{"embeddable":true,"href":"https:\/\/www.squareone.ca\/fr\/wp-json\/wp\/v2\/pages\/53094"}],"wp:featuredmedia":[{"embeddable":true,"href":"https:\/\/www.squareone.ca\/fr\/wp-json\/wp\/v2\/media\/54841"}],"wp:attachment":[{"href":"https:\/\/www.squareone.ca\/fr\/wp-json\/wp\/v2\/media?parent=54733"}],"curies":[{"name":"wp","href":"https:\/\/api.w.org\/{rel}","templated":true}]}}