{"id":55345,"date":"2022-01-27T12:58:41","date_gmt":"2022-01-27T20:58:41","guid":{"rendered":"https:\/\/www.squareone.ca\/types-de-toiture"},"modified":"2025-09-23T15:26:42","modified_gmt":"2025-09-23T22:26:42","slug":"types-de-toiture","status":"publish","type":"page","link":"https:\/\/www.squareone.ca\/fr\/centres-ressources\/ameliorations-domiciliaires\/types-de-toiture","title":{"rendered":"Initiation aux types de toiture"},"content":{"rendered":"<section id='intro' class=\"bg-shape-split bg-sub-page-hero\">\r\n    <div class=\"bg-position\">\r\n        <div class=\"container-fluid\">\r\n            <div class=\"row align-items-center\">\r\n                <div class=\"col-12 col-lg-8\">\r\n                    <h1>Initiation aux types de toiture<\/h1>\r\n  <strong>Article r\u00e9dig\u00e9 par l'\u00e9quipe de Square One<\/strong>\r\n  <p><\/p>\r\n                    <div style=\"margin-top:48px;\"><p class=\"pb-4\" style=\"margin-top:-24px\">Mis \u00e0 jour le 14 juin 2024<\/p><\/div>\r\n                <\/div>\r\n            <\/div>\r\n\r\n            <div class=\"row\">\r\n                <div class=\"col-lg-8\">\r\n                    <p class=\"display-4\">Quel est le type de toiture de votre maison? Quelle est l&rsquo;esp\u00e9rance de vie d\u2019un toit? La plupart des gens ne pensent pas au toit de leur maison, jusqu\u2019\u00e0 ce que quelque chose lui arrive; les bardeaux sont emport\u00e9s par le vent ou de l\u2019eau p\u00e9n\u00e8tre dans la maison.<\/p> \r\n                     <p class=\"pt-2\"><img loading=\"lazy\" decoding=\"async\" src=\"https:\/\/cdn.squareone.ca\/wp-content\/uploads\/2012\/11\/30071337\/article-roof-e1560460846537.jpg\" alt=\"Gros plan d'un toit d'une maison moderne avec murs de brique et fen\u00eatres\" width=\"248\" height=\"165\" class=\"img-fluid\" rel=\"noopener noreferrer\" \/><\/p>\r\n                <\/div>\r\n\r\n                <div class=\"col-lg-3 offset-lg-1\">\r\n                    <p class=\"mb-2 display-4 pt-4 pt-lg-0 pt-mb-0\"><strong>Th\u00e8mes<\/strong><\/p>\r\n                    <ul class=\"list-unstyled link-list display-4\">\r\n                        <li><a href='#types-toit'>Types de toit<\/a><\/li>\r\n                        <li><a href=\"#entretien\">Entretien<\/a><\/li>\r\n                        <li><a href='#assurance-habitation'>Le toit et l\u2019assurance habitation<\/a><\/li>\r\n                    <\/ul>\t\r\n                <\/div>\r\n            <\/div>  \r\n        <\/div>\r\n    <\/div>\r\n    <div class=\"bg-bottom\"><\/div>\r\n<\/section>\r\n\r\n<section>\r\n    <div class=\"container-fluid py-6\">\r\n        <div class=\"row\">\r\n            <div class=\"col-12 col-lg-8\">\r\n\r\n<div class=\"row pb-6\">\r\n                    <div class=\"col-12\">\r\n                        <div class=\"card review\" style='background-color:#FFE0C9'>\r\n                            <div class=\"card-body\">\r\n                                <p class=\"h3\">L&rsquo;essentiel<\/p>\r\n                                <ul class='mb-0'>\r\n                                    <li>Il est important de conna\u00eetre le type de toit de votre maison afin de le bien entretenir.<\/li>\r\n                                    <li>Les bardeaux et les rouleaux d&rsquo;asphalte sont les types de toiture les plus courants au Canada.<\/li>\r\n                                    <li>L&rsquo;entretien appropri\u00e9 de votre toit est critique, non seulement pour prot\u00e9ger l&rsquo;int\u00e9grit\u00e9 structurale de la maison, mais pour ce qui est de l&rsquo;assurance habitation.<\/li>\r\n                                <\/ul>\r\n                            <\/div>\r\n                        <\/div>\r\n                    <\/div>\r\n                <\/div>              \t\r\n\r\n<h2 id=\"types-toit\">Les diff\u00e9rents types de toit<\/h2>\r\n            <p>Voici quelques-uns des types de toiture les plus courants\u00a0:<\/p>\r\n\r\n            <table class='py-6'>\r\n            <tbody>\r\n\r\n            <tr valign=\"top\">\r\n            <td width=\"115px\"><img loading=\"lazy\" decoding=\"async\" class=\"mb-4\" src=\"https:\/\/cdn.squareone.ca\/wp-content\/uploads\/2022\/02\/22122724\/roof-types-asphalt-shingle.jpg\" alt=\"Toit en bardeau d\u2019asphalte\" title=\"Toit en bardeau d\u2019asphalte\" width=\"100\" height=\"100\" class=\"img-fluid\"\/><p><\/p><\/td>\r\n            <td><p class=\"mb-4\"><strong>Bardeaux d\u2019asphalte\u00a0:<\/strong> \u00e9conomique et facile \u00e0 installer, ce type de toiture est tr\u00e8s convoit\u00e9. Les bardeaux d\u2019asphalte sont r\u00e9sistants au feu, faciles \u00e0 r\u00e9parer et offerts en plusieurs styles et couleurs. Les prix des bardeaux d\u2019asphalte varient; g\u00e9n\u00e9ralement, leur l\u2019esp\u00e9rance de vie est de 20\u00a0ans.<\/p><\/td>\r\n            <\/tr>\r\n\r\n            <tr valign=\"top\">\r\n            <td><img loading=\"lazy\" decoding=\"async\" class=\"mb-4\" src=\"https:\/\/cdn.squareone.ca\/wp-content\/uploads\/2022\/02\/22122723\/roof-types-asphalt-roll.jpg\" alt=\"Toit en rouleau asphalt\u00e9\" title=\"Toit en rouleau asphalt\u00e9\" width=\"100\" height=\"100\" class=\"img-fluid\"\/><p><\/p><\/td>\r\n            <td><p class=\"mb-4\"><strong>Rouleau en asphalte\u00a0:<\/strong> ce type de toiture est \u00e9galement tr\u00e8s r\u00e9pandu en raison de son co\u00fbt \u00e9conomique et sa facilit\u00e9 d\u2019installation. Toutefois, il est plus difficile \u00e0 r\u00e9parer qu\u2019un toit en bardeaux d\u2019asphalte et n\u2019est pas aussi durable dans les conditions m\u00e9t\u00e9orologiques extr\u00eames. D\u2019habitude, l\u2019esp\u00e9rance de vie de ce genre de toiture est de 15\u00a0ans.<\/p><\/td>\r\n            <\/tr>\r\n\r\n            <tr valign=\"top\">\r\n            <td><img loading=\"lazy\" decoding=\"async\" class=\"mb-4\" src=\"https:\/\/cdn.squareone.ca\/wp-content\/uploads\/2022\/02\/22122718\/roof-types-concrete-tile.jpg\" alt=\"Toit en tuiles\" title=\"Toit en tuiles\" width=\"100\" height=\"100\" class=\"img-fluid\" \/><p><\/p><\/td>\r\n            <td><p class=\"mb-4\"><strong>Tuiles de terre battue ou de b\u00e9ton\u00a0:<\/strong> belles, r\u00e9sistantes au feu et offertes en plusieurs styles et couleurs, ces tuiles repr\u00e9sentent une solution int\u00e9ressante! Faciles \u00e0 entretenir et tr\u00e8s durables, elles ont une esp\u00e9rance de vie de 30\u00a0ans. \u00c9tant donn\u00e9 que ces tuiles sont tr\u00e8s lourdes, il est possible que vous ayez besoin de renforcer la charpente de la toiture.<\/p><\/td>\r\n            <\/tr>\r\n\r\n            <tr valign=\"top\">\r\n            <td><img loading=\"lazy\" decoding=\"async\" class=\"mb-4\" src=\"https:\/\/cdn.squareone.ca\/wp-content\/uploads\/2022\/02\/22122717\/roof-types-composite-shingle.png\" alt=\"Toit en panneau composite\" title=\"Toit ne panneau composite\" width=\"100\" height=\"100\" class=\"img-fluid\"\/><p><\/p><\/td>\r\n            <td><p class=\"mb-4\"><strong>Bardeau\/Panneau composite\u00a0:<\/strong> ce type de toiture, qui ressemble aux toits en ardoise ou en tuile, est \u00e0 peu pr\u00e8s le m\u00eame prix qu\u2019un toit en bardeaux d\u2019asphalte ou de bois. G\u00e9n\u00e9ralement, l\u2019esp\u00e9rance de vie de ce genre de toiture est de 25\u00a0ans.<\/p><\/td>\r\n            <\/tr>\r\n\r\n            <tr valign=\"top\">\r\n            <td><img loading=\"lazy\" decoding=\"async\" class=\"mb-4\" src=\"https:\/\/cdn.squareone.ca\/wp-content\/uploads\/2022\/02\/22122719\/roof-types-green-roof.jpg\" alt=\"Infrastructure de toit vert\" title=\"Infrastructure de toit vert\" width=\"100\" height=\"100\" class=\"img-fluid\"\/><p><\/p><\/td>\r\n            <td><p class=\"mb-4\"><strong>Vert\u00a0:<\/strong> ce type de toit comporte une membrane \u00e9tanche sur laquelle on am\u00e9nage un terrain pour les plantes, le gazon ou un jardin. Bien qu\u2019un toit vert soit \u00e9cologique, il faut le concevoir et entretenir avec soin pour \u00e9viter d\u2019endommager la membrane \u00e9tanche. L\u2019esp\u00e9rance de vie de ce type de toiture peut varier selon le climat et la qualit\u00e9 de l\u2019entretien.\r\n            <\/p><\/td>\r\n            <\/tr>\r\n\r\n            <tr valign=\"top\">\r\n            <td><img loading=\"lazy\" decoding=\"async\" class=\"mb-4\" src=\"https:\/\/cdn.squareone.ca\/wp-content\/uploads\/2022\/02\/22122719\/roof-types-metal-panel.jpg\" alt=\"Toit m\u00e9tal\" title=\"Toit m\u00e9tal\" width=\"100\" height=\"100\" class=\"img-fluid\"\/><p><\/p><\/td>\r\n            <td><p class=\"mb-4\"><strong>M\u00e9tal\u00a0:<\/strong> ce type de toiture est tr\u00e8s r\u00e9pandu dans des r\u00e9gions \u00e0 enneigement \u00e9lev\u00e9. Un toit m\u00e9tal emp\u00eache l\u2019accumulation de la neige, ce qui r\u00e9duit le risque d\u2019effondrement du toit. Bien install\u00e9 et entretenu, un toit m\u00e9tal durera au moins 30\u00a0ans. En plus de leur long\u00e9vit\u00e9, les bardeaux de m\u00e9tal sont plus l\u00e9gers que les autres types de bardeau et tr\u00e8s r\u00e9sistants aux intemp\u00e9ries.<\/td>\r\n            <\/tr>\r\n\r\n            <tr valign=\"top\">\r\n            <td><img loading=\"lazy\" decoding=\"async\" class=\"mb-4\" src=\"https:\/\/cdn.squareone.ca\/wp-content\/uploads\/2022\/02\/22122721\/roof-types-rubber-membrane.jpg\" alt=\"Toit en membrane de caoutchouc\" title=\"Toit en membrane de caoutchouc\" width=\"100\" height=\"100\" class=\"img-fluid\"\/><p><\/p><\/td>\r\n            <td><p class=\"mb-4\"><strong>Membrane de caoutchouc\u00a0:<\/strong> ce type de toiture est courant sur les toits \u00e0 faible pente en raison de sa polyvalence et sa facilit\u00e9 d\u2019installation. La toiture en membrane de caoutchouc devrait \u00eatre soigneusement install\u00e9e et pourrait requ\u00e9rir un drainage et un lest sp\u00e9cialis\u00e9s afin de le prot\u00e9ger des conditions m\u00e9t\u00e9orologiques \u00e0 long terme. L\u2019esp\u00e9rance de vie de ce genre de toit peut varier selon l\u2019\u00e9paisseur et l\u2019usure de la membrane.<\/p><\/td>\r\n            <\/tr>\r\n\r\n            <tr valign=\"top\">\r\n            <td><img loading=\"lazy\" decoding=\"async\" class=\"mb-4\" src=\"https:\/\/cdn.squareone.ca\/wp-content\/uploads\/2022\/02\/22122722\/roof-types-tar-and-gravel.jpg\" alt=\"Toit en feutre goudronn\u00e9 avec protection\" title=\"Toit en feutre goudronn\u00e9 avec protection\" width=\"100\" height=\"100\" class=\"img-fluid\" \/><p><\/p><\/td>\r\n            <td><p class=\"mb-4\"><strong>Feutre goudronn\u00e9 avec protection\u00a0:<\/strong> il s\u2019agit de l\u2019un des rares mat\u00e9riaux adapt\u00e9s \u00e0 une toiture \u00e0 faible pente. Ce type de toiture comprend des couches d\u2019asphalte et de papier goudronn\u00e9 fix\u00e9es \u00e0 la surface du toit par l\u2019interm\u00e9diaire des applications d\u2019asphalte moulu. Les couches sont lamin\u00e9es et ensuite couvertes de gravier pour tenir le mat\u00e9riel en place et le prot\u00e9ger contre les rayons UV. L\u2019esp\u00e9rance de vie pour ce genre de toit est de 20\u00a0ans.<\/p><\/td>\r\n            <\/tr>\r\n\r\n            <tr valign=\"top\">\r\n            <td><img loading=\"lazy\" decoding=\"async\" class=\"mb-4\" src=\"https:\/\/cdn.squareone.ca\/wp-content\/uploads\/2022\/02\/22122722\/roof-types-wood.jpg\" alt=\"Toit en bardeaux de bois\" title=\"Toit en bardeaux de bois\" width=\"100\" height=\"100\" class=\"img-fluid\"\/><p><\/p><\/td>\r\n            <td><p class=\"mb-4\"><strong>Bardeaux de bois ou de fente\u00a0:<\/strong> ce genre de toiture est \u00e9galement tr\u00e8s convoit\u00e9e en raison de son apparence esth\u00e9tique et son esp\u00e9rance de vie. Correctement install\u00e9 et entretenu, un toit de bois peut durer 25\u00a0ans. Ce mat\u00e9riel a un classement de r\u00e9sistance au feu de C ou aucun classement. Nous vous recommandons de v\u00e9rifier le code de b\u00e2timent local. Il est possible d\u2019obtenir le classement\u00a0A en traitant les bardeaux d\u2019un produit r\u00e9sistant au feu.<\/p><\/td>\r\n            <\/tr>\r\n\r\n            <\/tbody>\r\n            <\/table>\r\n\r\n            <br>\r\n\r\n            <h2 id=\"entretien\">Entretien du toit<\/h2>\r\n            <p>Quel que soit le type de toit, vous pouvez prolonger son esp\u00e9rance de vie en faisant une inspection au moins une fois par an. V\u00e9rifiez s\u2019il y a des fissures, des bardeaux recourb\u00e9s ou des granules manquantes ou us\u00e9es sur les bardeaux d\u2019asphalte. S\u2019il y a beaucoup de neige sur le toit, embauchez un expert pour l\u2019enlever. Cela emp\u00eachera que <a href=\"https:\/\/www.squareone.ca\/resource-centres\/home-personal-safety\/preventing-water-damage\" title=\"Preventing water damage\">l\u2019eau p\u00e9n\u00e8tre dans la maison<\/a>. Le reste de l\u2019ann\u00e9e, il faut <a href=\"https:\/\/www.squareone.ca\/resource-centres\/getting-to-know-your-home\/gutters-and-downspouts\" title=\"Goutti\u00e8res et tuyaux de descente\">d\u00e9gager vos goutti\u00e8res<\/a>. Si vous entretenez votre toiture en effectuant les r\u00e9parations simples, vous prolongerez l\u2019esp\u00e9rance de vie du toit.<\/p>\r\n\r\n            <h3>Comment puis-je savoir si je dois remplacer mon toit?<\/h3>\r\n            <p>\u00c0 l\u2019ext\u00e9rieur de la maison, v\u00e9rifiez s\u2019il y a\u00a0:<\/p>\r\n            <ul>\r\n                <li>des bardeaux fissur\u00e9s ou recourb\u00e9s.<\/li>\r\n                <li>des bardeaux d\u2019asphalte d\u00e9couverts. V\u00e9rifiez s\u2019il y a une grande quantit\u00e9 de granules des bardeaux dans les goutti\u00e8res.<\/li>\r\n                <li>la pr\u00e9sence de mousse.<\/li>\r\n                <li>des taches humides sur le plafond int\u00e9rieur.<\/li>\r\n                <li>des chevrons tach\u00e9s dans le grenier.<\/li>\r\n                <li>des tra\u00een\u00e9es sur les murs ext\u00e9rieurs.<\/li>\r\n                <li>des dommages autour de la chemin\u00e9e et des conduits d\u2019a\u00e9ration.<\/li>\r\n            <\/ul>\r\n\r\n            <p>\u00c0 l\u2019int\u00e9rieur de la maison, v\u00e9rifiez si\u00a0:<\/p>\r\n            <ul>\r\n                <li>la plate-forme du toit s\u2019affaisse.<\/li>\r\n                <li>le plafond ou les murs ont \u00e9t\u00e9 endommag\u00e9s par l\u2019eau.<\/li>\r\n                <li>la lumi\u00e8re p\u00e9n\u00e8tre de l\u2019ext\u00e9rieur \u00e0 travers le toit.<\/li>\r\n            <\/ul>\r\n\r\n            <p>Certains dommages ne requi\u00e8rent pas le remplacement du toit en entier. Les fuites peuvent \u00eatre caus\u00e9es par des bandes d\u2019\u00e9tanch\u00e9it\u00e9 endommag\u00e9es ou peut-\u00eatre vous n\u2019avez qu\u2019\u00e0 remplacer quelques bardeaux. Un entrepreneur en toiture peut effectuer <a href=\"https:\/\/www.squareone.ca\/resource-centres\/home-buying-selling-moving\/getting-a-home-inspection\" title=\"L\u2019inspection en b\u00e2timents : mieux vaut pr\u00e9venir que gu\u00e9rir\">une inspection approfondie<\/a>. Vous avez int\u00e9r\u00eat \u00e0 faire effectuer une inspection de temps \u00e0 autre.<\/p>\r\n\r\n            <h3>Comment puis-je prolonger l\u2019esp\u00e9rance de vie de mon toit?<\/h3>\r\n            <p>Il suffit de suivre les consignes simples suivantes\u00a0:<\/p>\r\n            <ul>\r\n                <li>Examinez votre toit tous les ans. Cela ne veut pas dire que vous avez \u00e0 monter sur le toit. D\u2019habitude, vous pouvez rep\u00e9rer l\u2019usure en regardant le toit.<\/li>\r\n                <li>D\u00e9gagez les feuilles, les aiguilles et les autres d\u00e9chets.<\/li>\r\n                <li>Enlevez la mousse.<\/li>\r\n                <li>Enlevez des branches qui surplombent le toit.<\/li>\r\n                <li>D\u00e9gagez les goutti\u00e8res.<\/li>\r\n            <\/ul>\r\n            <\/div>\r\n        <\/div>\r\n    <\/div>\r\n<\/section>\r\n\r\n\t<section class=\"bg-transparent\">\n\t\t<img decoding=\"async\" src=\"\/sales\/images\/bgs\/bg-mid-page-cta-general-top.svg\" style=\"width: 100%; vertical-align: bottom; position: relative; top: 1px\"\/>\n\t\t\n\t\t<div class=\"bg-darkTeal py-3\">\t\t\t\n\t\t\t<div class=\"container-fluid\">\n\t\t\t\t<div class=\"row d-flex align-items-center pb-5\">\n\t\t\t\t\t<div class=\"col-12 col-md-8 offset-md-2 px-lg-5 pb-5 pb-lg-0\">\n\t\t\t\t\t\t<div class=\"h6 mb-4 text-primary text-uppercase text-center\">\n\t\t\t\t\t\t\tCela ne prend que 5\u00a0minutes \n\t\t\t\t\t\t<\/div>\t\t\n\t\t\t\t\t\t\t\t\t\t\t\n\t\t\t\t\t\t<p class=\"lead px-lg-5 text-white\">\n\t\t\t\t\t\t\t<strong class=\"d-inline-block text-uc-first\">Pr\u00eat \u00e0 obtenir une soumission en ligne? <\/strong> Votre temps est aussi pr\u00e9cieux que vos possessions. Obtenez une soumission d'assurance habitation en <strong>5 minutes<\/strong>. C\u2019est moins de temps qu\u2019il n\u2019en faut pour faire la file pour un caf\u00e9.\n\t\t\t\t\t\t<\/p>\t\t\t\n\t\n\t\t\t\t\t\t<div id=\"sq1-qw-d5644b2fd97e\" class=\"sq1-quote-widget mb-4 text-white\" data-quote-widget-type=\"HOME\" data-has-custom-text=\"true\">\n\t\t\t\t\t\t\t<div class=\"input-group input-group-focus-within bg-white my-4\">\n\t\t\t\t\t\t\t\t<div>\n\t\t\t\t\t\t\t\t\t<div class=\"input-group-text\">\n\t\t\t\t\t\t\t\t\t\t<i class=\"fa fa-map-marker d-block text-black\"><\/i>\n\t\t\t\t\t\t\t\t\t<\/div>\n\t\t\t\t\t\t\t\t<\/div>\n\t\t\t\t\t\t\t\t<input type=\"text\" class=\"form-control\" style=\"padding: 10px;\" placeholder=\"Enter an address\" aria-label=\"Inscrivez votre adresse pour obtenir une soumission\"\/>\n\t\t\t\t\t\t\t\t<div>\n\t\t\t\t\t\t\t\t\t<button class=\"btn btn-primary\">Obtenir une soumission en ligne d\u00e8s maintenant<\/button>\n\t\t\t\t\t\t\t\t<\/div>\n\t\t\t\t\t\t\t<\/div>\n\t\t\t\t\t\t<\/div>\n\t\t\t\t\t\t\n\t\t\t\t\t\t<p class=\"small text-white\">Avant de commencer, veuillez lire notre <a href=\"https:\/\/www.squareone.ca\/fr\/politique-confidentialite\" target=\"_blank\" rel=\"noreferrer noopener\">Politique de confidentialit\u00e9<\/a> et nos <a href=\"https:\/\/www.squareone.ca\/fr\/conditions-utilisation\" target=\"_blank\" rel=\"noreferrer noopener\">Conditions d\u2019utilisation<\/a>.<\/p>\t\n\t\n\t\t\t\t\t\t<script type=\"text\/javascript\">\n\t\t\t\t\t\t(function() {\n\t\t\t\t\t\t\tdocument.addEventListener('soiMiscJsLoaded', function() {\n\t\t\t\t\t\t        $(document).ready(function() {\n\t\t\t\t\t\t\t\t\tsoiQuoteWidget.processFormWidget('\/sales\/index.php\/json_quote_widget?rand=' +Math.random(), 'qwContainer'); \/\/populate quoting widget with content from symfony.\n\t\t\t\t\t\t\t\t});\n\t\t\t\t\t\t\t});\n\t\t\t\t\t\t})();\n\t\t\t\t\t\t<\/script>\n\t\t\t\t\t<\/div>\n\t\t\t\t<\/div>\n\t\t\t<\/div>\n\t\t<\/div>\n\t\t\n\t\t<img decoding=\"async\" src=\"\/sales\/images\/bgs\/bg-mid-page-cta-general-bottom.svg\" style=\"width: 100%; vertical-align: top\"\/>\t\t\n\t<\/section>\r\n\r\n<section>\r\n    <div class=\"container-fluid py-6\">\r\n        <div class=\"row\">\r\n            <div class=\"col-12 col-lg-8\">\r\n\r\n            <h2 id=\"assurance-habitation\">Mon toit est-il couvert dans le cadre de mon assurance habitation?<\/h2>\r\n            <p>Oui et non.<\/p>\r\n            <p>Votre police d\u2019assurance maison <a href=\"https:\/\/www.squareone.ca\/fr\/maison\" title=\"Assurance maison\">prot\u00e8ge votre maison en entier<\/a>, y compris le toit, contre divers types de dommages, selon le <a href=\"https:\/\/www.squareone.ca\/resource-centres\/insurance-glossary\/broad-form\" title=\"D\u00e9finition : formule \u00e9tendue\">type de police<\/a> que vous souscrivez. Les dommages caus\u00e9s par la gr\u00eale, le poids de la glace ou de la neige, le vent ou les objets tomb\u00e9s sur le toit sont parmi les pertes qui pourraient \u00eatre couvertes. Toutefois, les dommages <a title=\"Initiation aux exclusions d'une police d'assurance habitation\" href=\"https:\/\/www.squareone.ca\/resource-centres\/insurance-basics\/home-insurance-policy-exclusions\">provoqu\u00e9s par l\u2019usure ne sont pas couverts<\/a>, peu importe le type de police souscrite.<\/p>\r\n            <p>Si les bardeaux sont emport\u00e9s par le vent en raison de l\u2019\u00e2ge et du mauvais \u00e9tat du toit, il est possible que votre police d\u2019assurance ne couvre pas la perte ou ne r\u00e8gle qu\u2019une partie des dommages. Certaines polices r\u00e8glent les dommages au toit selon la <a href=\"https:\/\/www.squareone.ca\/resource-centres\/insurance-glossary\/actual-cash-value\" title=\"D\u00e9finition : valeur au jour du sinistre\">valeur au jour du sinistre<\/a> ou selon la valeur d\u00e9pr\u00e9ci\u00e9e, alors que d\u2019autres r\u00e8glent la r\u00e9paration ou la reconstruction du toit.<\/p>\r\n\r\n            <h2 id=\"verifier\">Nous vous recommandons de v\u00e9rifier votre police d\u2019assurance habitation<\/h2>\r\n            <p>Votre assurance habitation est l\u00e0 pour vous prot\u00e9ger en situation d\u2019urgence. En revanche, votre assurance habitation ne comprend pas les pertes caus\u00e9es par l\u2019usure. Si les bardeaux sont emport\u00e9s par le vent en raison de l\u2019\u00e2ge et du mauvais \u00e9tat du toit, il est possible que votre police d\u2019assurance ne couvre pas la perte ou ne couvre qu\u2019une partie des dommages. Certaines polices r\u00e8glent les dommages au toit selon la valeur au jour du sinistre ou selon la valeur d\u00e9pr\u00e9ci\u00e9e, alors que d\u2019autres r\u00e8glent la r\u00e9paration ou la reconstruction du toit. Pour obtenir de plus amples renseignements sur la couverture du toit dans le cadre de votre <a href=\"https:\/\/www.squareone.ca\/home\" title=\"Assurance habitation\">assurance habitation<\/a>, veuillez <a href=\"https:\/\/www.squareone.ca\/fr\/nous-contacter\" title=\"Communiquer avec Assurances Square One\">communiquer avec Square One<\/a>.<\/p>\r\n\t\t\t\r\n            <p><strong>Vous voulez en savoir plus?<\/strong> Consultez notre <a href=\"\/fr\/centres-ressources\/ameliorations-domiciliaires\" title=\"Centre de ressources : am\u00e9liorations domiciliaires\">Centre de ressources&nbsp;: am\u00e9liorations domiciliaires<\/a> pour des tuyaux et de l'inspiration pour votre prochain projet de r\u00e9novation. Ensuite, <a href=\"\/fr\/soumission-assurance-habitation-en-ligne\" title=\"Obtenir une soumission d\u2019assurance habitation en ligne\">obtenez une soumission d'assurance habitation en ligne<\/a> en moins de 5\u00a0minutes et d\u00e9couvrez \u00e0 quel point l\u2019assurance habitation personnalis\u00e9e peut \u00eatre abordable.<\/p>\r\n\r\n<\/div>\r\n    <\/div>\r\n<\/div>\r\n<\/section>\r\n<script type=\"application\/ld+json\">\r\n{\r\n  \"@context\": \"https:\/\/schema.org\",\r\n  \"@type\": \"FAQPage\",\r\n  \"mainEntity\": [{\r\n    \"@type\": \"Question\",\r\n    \"name\": \"Comment puis-je savoir si je dois remplacer mon toit?\",\r\n    \"acceptedAnswer\": {\r\n      \"@type\": \"Answer\",\r\n      \"text\": \"\u00c0 l\u2019ext\u00e9rieur de la maison, v\u00e9rifiez s\u2019il y a : des bardeaux fissur\u00e9s ou recourb\u00e9s; des bardeaux d\u2019asphalte d\u00e9couverts; la pr\u00e9sence de mousse; des taches humides sur le plafond int\u00e9rieur; des chevrons tach\u00e9s dans le grenier; des tra\u00een\u00e9es sur les murs ext\u00e9rieurs; des dommages autour de la chemin\u00e9e et des conduits d\u2019a\u00e9ration. \u00c0 l\u2019int\u00e9rieur de la maison, v\u00e9rifiez si :la plate-forme du toit s\u2019affaisse; le plafond ou les murs ont \u00e9t\u00e9 endommag\u00e9s par l\u2019eau; la lumi\u00e8re p\u00e9n\u00e8tre de l\u2019ext\u00e9rieur \u00e0 travers le toit. Certains dommages ne requi\u00e8rent pas le remplacement du toit en entier. Les fuites peuvent \u00eatre caus\u00e9es par des bandes d\u2019\u00e9tanch\u00e9it\u00e9 endommag\u00e9es ou peut-\u00eatre vous n\u2019avez qu\u2019\u00e0 remplacer quelques bardeaux. Un entrepreneur en toiture peut effectuer une inspection approfondie. Vous avez int\u00e9r\u00eat \u00e0 faire effectuer une inspection de temps \u00e0 autre.\"\r\n    }\r\n  },{\r\n    \"@type\": \"Question\",\r\n    \"name\": \"Comment puis-je prolonger l\u2019esp\u00e9rance de vie de mon toit?\",\r\n    \"acceptedAnswer\": {\r\n      \"@type\": \"Answer\",\r\n      \"text\": \"Examinez votre toit tous les ans. Cela ne veut pas dire que vous avez \u00e0 monter sur le toit. D\u2019habitude, vous pouvez rep\u00e9rer l\u2019usure en regardant le toit. D\u00e9gagez les feuilles, les aiguilles et les autres d\u00e9chets. Enlevez la mousse. Enlevez des branches qui surplombent le toit. D\u00e9gagez les goutti\u00e8res.\"\r\n    }\r\n  },{\r\n    \"@type\": \"Question\",\r\n    \"name\": \"Mon toit est-il couvert dans le cadre de mon assurance habitation?\",\r\n    \"acceptedAnswer\": {\r\n      \"@type\": \"Answer\",\r\n      \"text\": \"Oui et non. Votre police d\u2019assurance habitation prot\u00e8ge votre maison en entier, y compris le toit, contre divers types de dommages, selon le type de police que vous souscrite. Les dommages caus\u00e9s par la gr\u00eale, le poids de la glace ou de la neige, le vent ou les objets tomb\u00e9s sur le toit sont parmi les pertes qui pourraient \u00eatre couvertes. Toutefois, les dommages caus\u00e9s par l'usure ne sont pas couverts, peu importe le type de police souscrite.\"\r\n    }\r\n  }]\r\n}\r\n<\/script>\r\n<script type=\"application\/ld+json\">\r\n{\r\n     \"@context\": \"https:\/\/schema.org\",\r\n    \"@type\": \"WebPage\",\r\n    \"mainEntityOfPage\": {\r\n        \"@type\": \"Article\",\r\n        \"@id\": \"https:\/\/www.squareone.ca\/fr\/centres-ressources\/ameliorations-domiciliaires\/types-de-toiture\"\r\n    },\r\n    \"author\": [\r\n        {\r\n            \"@type\": \"Person\",\r\n            \"name\": \"Square One team\"\r\n        }\r\n    ],\r\n    \"headline\": \"Initiation aux types de toiture\",\r\n  \"datePublished\": \"\",\r\n  \"dateModified\": \"\",\r\n    \"inLanguage\": \"fr-CA\",\r\n    \"isAccessibleForFree\": true\r\n}\r\n<\/script>","protected":false},"excerpt":{"rendered":"<p>Initiation aux types de toiture Quel est le type de toiture de votre maison? Quelle est l&rsquo;esp\u00e9rance de vie d\u2019un toit? La plupart des gens ne pensent pas au toit de leur maison, jusqu\u2019\u00e0 ce que quelque chose lui arrive; les bardeaux sont emport\u00e9s par le vent ou de l\u2019eau p\u00e9n\u00e8tre dans la maison. Th\u00e8mes [&hellip;]<\/p>\n","protected":false},"author":2,"featured_media":55366,"parent":53497,"menu_order":0,"comment_status":"open","ping_status":"closed","template":"page-article-new.php","meta":{"_acf_changed":false,"footnotes":""},"class_list":["post-55345","page","type-page","status-publish","has-post-thumbnail","hentry"],"acf":[],"_links":{"self":[{"href":"https:\/\/www.squareone.ca\/fr\/wp-json\/wp\/v2\/pages\/55345","targetHints":{"allow":["GET"]}}],"collection":[{"href":"https:\/\/www.squareone.ca\/fr\/wp-json\/wp\/v2\/pages"}],"about":[{"href":"https:\/\/www.squareone.ca\/fr\/wp-json\/wp\/v2\/types\/page"}],"author":[{"embeddable":true,"href":"https:\/\/www.squareone.ca\/fr\/wp-json\/wp\/v2\/users\/2"}],"replies":[{"embeddable":true,"href":"https:\/\/www.squareone.ca\/fr\/wp-json\/wp\/v2\/comments?post=55345"}],"version-history":[{"count":21,"href":"https:\/\/www.squareone.ca\/fr\/wp-json\/wp\/v2\/pages\/55345\/revisions"}],"predecessor-version":[{"id":76931,"href":"https:\/\/www.squareone.ca\/fr\/wp-json\/wp\/v2\/pages\/55345\/revisions\/76931"}],"up":[{"embeddable":true,"href":"https:\/\/www.squareone.ca\/fr\/wp-json\/wp\/v2\/pages\/53497"}],"wp:featuredmedia":[{"embeddable":true,"href":"https:\/\/www.squareone.ca\/fr\/wp-json\/wp\/v2\/media\/55366"}],"wp:attachment":[{"href":"https:\/\/www.squareone.ca\/fr\/wp-json\/wp\/v2\/media?parent=55345"}],"curies":[{"name":"wp","href":"https:\/\/api.w.org\/{rel}","templated":true}]}}