{"id":55439,"date":"2022-01-31T09:08:59","date_gmt":"2022-01-31T17:08:59","guid":{"rendered":"https:\/\/www.squareone.ca\/soutien\/bases-assurance-conseils\/centre-ressources-decoration-interieure\/tuyaux-salle-de-bain"},"modified":"2025-06-19T12:13:32","modified_gmt":"2025-06-19T19:13:32","slug":"tuyaux-salle-de-bain","status":"publish","type":"page","link":"https:\/\/www.squareone.ca\/fr\/centres-ressources\/decoration-interieure\/salle-de-bain","title":{"rendered":"5 tuyaux pour une salle de bain optimale"},"content":{"rendered":"<section id='intro' class=\"bg-shape-split bg-sub-page-hero\">\r\n    <div class=\"bg-position\">\r\n        <div class=\"container-fluid\">\r\n            <div class=\"row align-items-center\">\r\n                <div class=\"col-12 col-lg-8\">\r\n\t\t\t\t\t<h1>5\u00a0tuyaux pour une salle de bain optimale <\/h1>\r\n<strong>Article r\u00e9dig\u00e9 par <a href=\"\/fr\/a-propos-de-nous\/contributeurs#anthony-michael\" title=\"Auteur : Anthony Michael\">Anthony Michael<\/a><\/strong>\r\n<p><\/p>\r\n<p class=\"pb-4\" style=\"margin-top:-24px\">Mis \u00e0 jour le 21 juin 2024<\/p>\r\n\t\t\t\t<\/div>\r\n\t\t\t<\/div>\r\n\r\n\t\t\t<div class=\"row\">\r\n                <div class=\"col-lg-8\">\r\n\t\t<p class=\"display-4\">La salle de bain est l\u2019une des pi\u00e8ces les plus importantes de votre habitation. C\u2019est l\u00e0 o\u00f9 vous vous lavez, vous vous rasez, vous brossez les dents, vous prenez une douche apr\u00e8s cette course de 3\u00a0kilom\u00e8tres ou vous prenez un bain reposant apr\u00e8s une longue journ\u00e9e de travail. \u00c9tant donn\u00e9 qu\u2019elle est d\u2019habitude la premi\u00e8re et la derni\u00e8re pi\u00e8ce que vous fr\u00e9quentez en d\u00e9but et en fin de journ\u00e9e, vous avez int\u00e9r\u00eat \u00e0 am\u00e9nager une salle de bain fonctionnelle, propre et reposante.<\/p>\r\n\t\t<p class=\"display-4\">Lisez la suite pour d\u00e9couvrir de simples moyens d\u2019optimiser cet espace important de votre habitation.<\/p>\r\n\t\t<p class=\"pt-2\"><img loading=\"lazy\" decoding=\"async\" src=\"https:\/\/cdn.squareone.ca\/wp-content\/uploads\/2022\/01\/31163829\/5-tuyaux-pour-une-salle-de-bain-optimale.jpg\" title=\"5 tuyaux pour une salle de bain optimale\" alt=\"Salle de bain blanche avec accents de bois\" width=\"248\" height=\"186\" class=\"img-fluid\" rel=\"noopener noreferrer\"\/><\/a><\/p>\t\t\t\r\n                <\/div>\r\n\r\n                <div class=\"col-lg-3 offset-lg-1\">          \r\n                    <p class=\"mb-2 display-4 pt-4 pt-lg-0 pt-mb-0\"><strong>Th\u00e8mes<\/strong><\/p>\r\n                        <ul class=\"list-unstyled link-list display-4\">\r\n                            <li><a href=\"#couleurs\">Choix de couleurs<\/a><\/li>\r\n                            <li><a href=\"#eclairage\">\u00c9clairage<\/a><\/li>\r\n                            <li><a href=\"#proprete\">Propret\u00e9 et organisation<\/a><\/li>\r\n                            <li><a href=\"#ventilation\">Ventilation<\/a><\/li>\r\n                            <li><a href=\"#calfeutrage\">Calfeutrage et \u00e9tanch\u00e9it\u00e9<\/a><\/li>\r\n                        <\/ul>\r\n                <\/div>\r\n            <\/div>  \r\n        <\/div>\r\n    <\/div>\r\n    <div class=\"bg-bottom\"><\/div>\r\n<\/section>\r\n\r\n<section>\r\n    <div class=\"container-fluid py-6\">\r\n        <div class=\"row\">\r\n            <div class=\"col-12 col-lg-8\">\r\n\r\n\t\t\t\t<h2 id=\"couleurs\">1. Choix de couleurs<\/h2>\r\n\r\n\t\t\t\t<img decoding=\"async\" src=\"https:\/\/cdn.squareone.ca\/wp-content\/uploads\/2022\/01\/28145310\/light-coloured-bathroom-scaled.jpg\" alt=\"Salle de bain avec couleurs l\u00e9g\u00e8res et neutres\" width=\"800\" height=\"533\" class=\"img-fluid\" loading=\"lazy\"\/>\r\n\r\n\t\t\t\t<p><\/p>\r\n\r\n\t\t\t\t<p>Pour la plupart, les salles de bain sont des petits espaces. Les couleurs claires et neutres, comme le blanc, le cr\u00e8me, le beige et le gris, donnent l\u2019impression que la pi\u00e8ce est plus grande. Les couleurs plus d\u00e9licates, comme le rose ou le bleu c\u00e9leste, sont polyvalentes et privil\u00e9gient une ambiance reposante. Bien que les couleurs sombres puissent donner l\u2019impression que la pi\u00e8ce est plus petite, elles complimentent bien le blanc de la toilette, de la baignoire, des cabinets, des portes et des carreaux.<\/p>\r\n\r\n\t\t\t\t<p>Et voici un petit truc pour le maquillage\u00a0: privil\u00e9giez les couleurs neutres, car les couleurs \u00e9clatantes refl\u00e8tent sur votre visage et peuvent influencer la fa\u00e7on dont vous vous maquillez.<\/p>\r\n\r\n\t\t\t\t<h2 id=\"eclairage\">2. \u00c9clairage<\/h2>\r\n\r\n\t\t\t\t<img decoding=\"async\" loading=\"lazy\" src=\"https:\/\/cdn.squareone.ca\/wp-content\/uploads\/2022\/01\/31163116\/eclairage-salle-de-bain.jpg\" title=\"\u00c9clairage de la salle de bain\" alt=\"Salle de bain avec \u00e9clairage naturel\" width=\"800\" height=\"533\" class=\"img-fluid\" rel=\"noopener noreferrer\"\/>\r\n\t\t\t\t<div class=\"mb-3\">\r\n\t\t\t\t<small><a href=\"https:\/\/www.ctendance.fr\/salle-de-bain\/eclairage-salle-de-bain\/\" title=\"\u00c9clairage de la salle de bain : les erreurs \u00e0 \u00e9viter\" rel=\"noopener noreferrer\" target=\"_blank\">Source<\/a><\/small>\r\n\t\t\t\t<\/div>\r\n\r\n\t\t\t\t<p>L\u2019\u00e9clairage est un \u00e9l\u00e9ment important dans la salle de bain, car elle est g\u00e9n\u00e9ralement la pi\u00e8ce de la maison avec le moins de lumi\u00e8re naturelle.<\/p>\r\n\r\n\t\t\t\t<p><a href=\"https:\/\/www.rona.ca\/fr\/atelier\/guides\/planifier-eclairage-salle-de-bain\" title=\"Planifier l'\u00e9clairage de la salle de bain\" rel=\"noopener noreferrer\" target=\"_blank\">L\u2019\u00e9clairage de la salle de bain<\/a> devrait favoriser la fonctionnalit\u00e9 et le repos. Id\u00e9alement, vous voulez \u00e9clairer toute la pi\u00e8ce sans avoir des endroits \u00e0 l\u2019ombre. \u00c9vitez l\u2019\u00e9clairage trop \u00e9clatant, car vous ne pourrez pas voir votre belle figure dans le miroir. Un \u00e9clairage de 300\u00a0lux donne suffisamment de luminosit\u00e9. Si vous voulez cr\u00e9er un peu d\u2019ambiance (pour ce bain \u00e0 la bougie, par exemple), vous pouvez installer des spots ou un gradateur.<\/p>\r\n\r\n\t\t\t\t<p>Quel que soit le type d\u2019\u00e9clairage, vous devez utiliser des <a href=\"\/fr\/centres-ressources\/ameliorations-domiciliaires\/eclairage-del-option-ecoenergetique\" title=\"L\u2019\u00e9clairage \u00e0 DEL : une solution \u00e9co\u00e9nerg\u00e9tique\">ampoules \u00e0 DEL<\/a> \u00e9co\u00e9nerg\u00e9tiques qui durent plus longtemps et adoucissent votre facture d\u2019Hydro.<\/p>\r\n\r\n\t\t\t\t<p>Les ampoules DEL transforment l\u2019\u00e9lectricit\u00e9 en lumi\u00e8re sans \u00e9mettre de la chaleur. Qui plus est, elles ont une esp\u00e9rance de vie de 50\u00a0000\u00a0heures environ, comparativement \u00e0 1\u00a0000\u00a0heures pour une ampoule \u00e0 incandescence. En outre, les ampoules DEL sont \u00e9co\u00e9nerg\u00e9tiques\u00a0: une ampoule DEL de 800\u00a0lumens consomme de 9 \u00e0 12\u00a0W. Une lampe \u00e0 incandescence, elle, consomme 60\u00a0W.<\/p>\r\n\r\n\t\t\t\t<h2 id=\"proprete\">3. Propret\u00e9 et organisation<\/h2>\r\n\r\n\t\t\t\t<p>Malgr\u00e9 sa petite superficie, on retrouve beaucoup de produits et objets dans la salle de bain. Dans cette optique, le rangement est important. Le cabinet ou les tiroirs sous le lavabo repr\u00e9sentent une solution de rangement pratique. Sinon, vous pouvez installer des \u00e9tag\u00e8res dans la douche ou au-dessus de la toilette ou de la baignoire. Vous pouvez \u00e9galement utiliser un panier d\u2019osier ou, si vous avez assez de place, am\u00e9nagez une armoire. Finalement, vous pouvez installer des crochets pour accrocher les serviettes et les d\u00e9barbouillettes.<\/p>\r\n\r\n\t\t\t\t<p>\u00c9tant donn\u00e9 que la salle de bain est un lieu o\u00f9 vous vous lavez, il est important que l\u2019espace soit propre. Et si vous aimez recevoir, n\u2019oubliez pas que vos convives (ou votre compagnon ou compagne) se serviront de la salle de bain \u00e0 un moment donn\u00e9; vous ne voulez pas qu\u2019ils d\u00e9couvrent une salle de bain en d\u00e9sordre!<\/p>\r\n\r\n\t\t\t\t<p>Nettoyez la douche r\u00e9guli\u00e8rement afin d\u2019emp\u00eacher la formation de la moisissure. N\u2019oubliez pas de nettoyer sous le tapis de bain, car une quantit\u00e9 consid\u00e9rable de salet\u00e9 s\u2019y accumule sans que vous vous en aperceviez. De plus, lavez la brosse de toilette apr\u00e8s chaque utilisation en le trempant dans de l\u2019eau de Javel pendant quelques minutes et en la rin\u00e7ant par la suite.<\/p>\r\n\r\n\t\t\t\t<h2 id=\"ventilation\">4. Ventilation<\/h2>\r\n\r\n\t\t\t\t<p>La salle de bain est un endroit o\u00f9 la condensation peut rapidement s\u2019accumuler et provoquer la formation de la moisissure et d\u2019autres polluants nuisibles \u00e0 la sant\u00e9, ainsi qu\u2019\u00e0 la peinture, \u00e0 la cloison s\u00e8che et aux meubles.<\/p>\r\n\r\n\t\t\t\t<p>Par cons\u00e9quent, il est important que vous a\u00e9riez la salle de bain \u00e0 l\u2019aide d\u2019un ventilateur. Cet appareil extrait la condensation et l&rsquo;air us\u00e9s de la salle de bain et les \u00e9vacue de l\u2019habitation \u00e0 travers un tuyau. Procurez-vous un ventilateur homologu\u00e9 par le <a href=\"https:\/\/www.hvi.org\/\" title=\"Home Ventilating Institute\" rel=\"noopener noreferrer\" target=\"_blank\">Home Ventilating Institute (HVI)<\/a>. Cette \u00e9tiquette garantit que la performance du ventilateur a \u00e9t\u00e9 \u00e9valu\u00e9e par un laboratoire ind\u00e9pendant.<\/p>\r\n\r\n\t\t\t\t<p>G\u00e9n\u00e9ralement install\u00e9 au milieu du plafond, le ventilateur devrait \u00eatre allum\u00e9 pendant que vous prenez une douche ou un bain. Vous devriez le laisser allum\u00e9 pendant de 20 \u00e0 60\u00a0minutes apr\u00e8s. Si votre salle de bain est \u00e9quip\u00e9e de fen\u00eatres, ouvrez-les pour \u00e9vacuer l\u2019air us\u00e9. Si vous (ou votre conjoint ou vos colocs) oubliez r\u00e9guli\u00e8rement d\u2019allumer ou d\u2019\u00e9teindre le ventilateur, vous pouvez installer une minuterie murale.<\/p>\r\n\r\n\t\t\t\t<h2 id=\"calfeutrage\">5. Calfeutrage et \u00e9tanch\u00e9it\u00e9<\/h2>\r\n\r\n\t\t\t\t\r\n\t\t\t\t<img decoding=\"async\" loading=\"lazy\" src=\"https:\/\/cdn.squareone.ca\/wp-content\/uploads\/2022\/01\/31163115\/calfeutrage-salle-de-bain.jpg\" alt=\"Calfeutrer une baignoire\" width=\"800\" height=\"533\" rel=\"noopener noreferrer\" class=\"img-fluid\" \/>\r\n\t\t\t\t<div class=\"mb-3\">\r\n\t\t\t\t<small><a href=\"https:\/\/soumissionrenovation.ca\/fr\/blogue\/comment-refaire-calfeutrage-bain\" title=\"Comment refaire le calfeutrage autour d'un bain\" rel=\"noopener noreferrer\" target=\"_blank\">Source<\/a><\/small>\r\n\t\t\t\t<\/div>\r\n\r\n\t\t\t\t<p>Le calfeutrage est un aspect important de la salle de bain. Non seulement il emp\u00eache que l\u2019eau s\u2019infiltre dans les murs ou le plancher (qui pourrait provoquer des <a href=\"\/fr\/centres-ressources\/securite-domiciliaire-personnelle\/prevention-degats-eau\" title=\"Pr\u00e9vention des d\u00e9g\u00e2ts d'eau\">d\u00e9g\u00e2ts d&rsquo;eau<\/a>), il am\u00e9liore l\u2019apparence de la pi\u00e8ce! Le calfeutrage endommag\u00e9 peut causer la formation de la moisissure en plus d\u2019endommager la structure murale.<\/p>\r\n\r\n\t\t\t\t<p>Le calfeutrage scelle et imperm\u00e9abilise la baignoire, la douche et les carreaux. Les premiers indices de d\u00e9t\u00e9rioration sont des taches qui paraissent dans les joints. Afin d\u2019\u00e9viter des frais de r\u00e9paration consid\u00e9rables \u00e0 l\u2019avenir, vous pouvez traiter les taches vous-m\u00eame \u00e0 l\u2019aide d\u2019un produit de calfeutrage silicone pour cuisine et salle de bain (suivez les directives du manuel) ou en faisant appel aux services d\u2019un professionnel.<\/p>\r\n\r\n\t\t\t\t<p>Nous esp\u00e9rons que ces tuyaux vous donneront des id\u00e9es et de l\u2019inspiration pour am\u00e9nager une salle de bain fonctionnelle, s\u00e9curitaire et reposante. Pour de plus amples renseignements, consultez\u00a0:<\/p>\r\n\r\n\t\t\t\t<p><a href=\"https:\/\/maisonetdemeure.com\/gallery\/salles-de-bain-preferees-de-md-en-2021\/\" title=\"Nos salles de bain pr\u00e9f\u00e9r\u00e9es de M&#038;D en 2021!\" rel=\"noopener noreferrer\" target=\"_blank\">Maison &#038; Demeure : salles de bain<\/a><\/p>\r\n\r\n<p><a href=https:\/\/www.caaquebec.com\/fr\/a-la-maison\/conseils\/capsules-conseils\/conseil\/show\/sujet\/ventilateur-de-salle-de-bain-le-votre-est-il-assez-performant\/\" title=\"Ventilateur de salle de bain : le v\u00f4tre est-il assez performant?\" rel=\"noopener noreferrer\" target=\"_blank\">Ventilateur de salle de bain : le v\u00f4tre est-il assez performant?<\/a><\/p>\r\n\r\n            \t<p><strong>Vous voulez en savoir plus?<\/strong> Consultez notre <a href=\"\/fr\/centres-ressources\/decoration-interieure\" title=\"Centre de ressources : d\u00e9coration-interieure\">Centre de ressources&nbsp;: d\u00e9coration int\u00e9rieure<\/a> pour de l'inspiration et des tuyaux pour am\u00e9nager votre espace id\u00e9al. Ensuite, <a href=\"\/fr\/soumission-assurance-habitation-en-ligne\" title=\"Obtenir une soumission d\u2019assurance habitation en ligne\">obtenez une soumission d'assurance habitation en ligne<\/a> en moins de 5\u00a0minutes et d\u00e9couvrez \u00e0 quel point l\u2019assurance habitation personnalis\u00e9e peut \u00eatre abordable.<\/p>\r\n\r\n        \t<\/div>\r\n    \t<\/div>\r\n\t<\/div>\r\n<\/section>\r\n<script type=\"application\/ld+json\">\r\n{\r\n  \"@context\": \"https:\/\/schema.org\",\r\n  \"@type\": \"WebPage\",\r\n  \"mainEntityOfPage\": {\r\n    \"@type\": \"Article\",\r\n    \"@id\": \"https:\/\/www.squareone.ca\/fr\/centres-ressources\/decoration-interieure\/salle-de-bain\"\r\n  },\r\n  \"author\": [\r\n    {\r\n      \"@type\": \"Person\",\r\n      \"name\": \"Anthony Michael\",\r\n      \"url\": \"https:\/\/www.squareone.ca\/fr\/a-propos-de-nous\/membres-equipe#anthony-michael\"\r\n    }\r\n  ],\r\n  \"headline\": \"5 tuyaux pour une salle de bain optimale\",\r\n  \"datePublished\": \"\",\r\n  \"dateModified\": \"\",\r\n  \"inLanguage\": \"fr-CA\",\r\n  \"isAccessibleForFree\": true\r\n}\r\n<\/script>","protected":false},"excerpt":{"rendered":"<p>5\u00a0tuyaux pour une salle de bain optimale La salle de bain est l\u2019une des pi\u00e8ces les plus importantes de votre habitation. C\u2019est l\u00e0 o\u00f9 vous vous lavez, vous vous rasez, vous brossez les dents, vous prenez une douche apr\u00e8s cette course de 3\u00a0kilom\u00e8tres ou vous prenez un bain reposant apr\u00e8s une longue journ\u00e9e de travail. [&hellip;]<\/p>\n","protected":false},"author":20,"featured_media":55514,"parent":53094,"menu_order":0,"comment_status":"closed","ping_status":"closed","template":"page-article-new.php","meta":{"_acf_changed":false,"footnotes":""},"class_list":["post-55439","page","type-page","status-publish","has-post-thumbnail","hentry"],"acf":[],"_links":{"self":[{"href":"https:\/\/www.squareone.ca\/fr\/wp-json\/wp\/v2\/pages\/55439","targetHints":{"allow":["GET"]}}],"collection":[{"href":"https:\/\/www.squareone.ca\/fr\/wp-json\/wp\/v2\/pages"}],"about":[{"href":"https:\/\/www.squareone.ca\/fr\/wp-json\/wp\/v2\/types\/page"}],"author":[{"embeddable":true,"href":"https:\/\/www.squareone.ca\/fr\/wp-json\/wp\/v2\/users\/20"}],"replies":[{"embeddable":true,"href":"https:\/\/www.squareone.ca\/fr\/wp-json\/wp\/v2\/comments?post=55439"}],"version-history":[{"count":18,"href":"https:\/\/www.squareone.ca\/fr\/wp-json\/wp\/v2\/pages\/55439\/revisions"}],"predecessor-version":[{"id":75626,"href":"https:\/\/www.squareone.ca\/fr\/wp-json\/wp\/v2\/pages\/55439\/revisions\/75626"}],"up":[{"embeddable":true,"href":"https:\/\/www.squareone.ca\/fr\/wp-json\/wp\/v2\/pages\/53094"}],"wp:featuredmedia":[{"embeddable":true,"href":"https:\/\/www.squareone.ca\/fr\/wp-json\/wp\/v2\/media\/55514"}],"wp:attachment":[{"href":"https:\/\/www.squareone.ca\/fr\/wp-json\/wp\/v2\/media?parent=55439"}],"curies":[{"name":"wp","href":"https:\/\/api.w.org\/{rel}","templated":true}]}}