{"id":55477,"date":"2022-01-31T11:55:53","date_gmt":"2022-01-31T19:55:53","guid":{"rendered":"https:\/\/www.squareone.ca\/punaises-de-lit"},"modified":"2025-09-25T12:32:24","modified_gmt":"2025-09-25T19:32:24","slug":"punaises-de-lit","status":"publish","type":"page","link":"https:\/\/www.squareone.ca\/fr\/centres-ressources\/securite-domiciliaire-personnelle\/punaises-de-lit","title":{"rendered":"Punaises de lit : reconnaissance, pr\u00e9vention, extermination"},"content":{"rendered":"<section id='intro' class=\"bg-shape-split bg-sub-page-hero\">\r\n    <div class=\"bg-position\">\r\n        <div class=\"container-fluid\">\r\n            <div class=\"row align-items-center\">\r\n                <div class=\"col-12 col-lg-8\">\r\n                    <h1>Punaises de lit\u00a0: reconnaissance, pr\u00e9vention, extermination<\/h1>\r\n  <strong>Article r\u00e9dig\u00e9 par <a href=\"\/fr\/a-propos-de-nous\/contributeurs#anthony-michael\" title=\"Auteur : Anthony Michael\">Anthony Michael<\/a><\/strong>\r\n                    <div style=\"margin-top:48px;\"><p class=\"pb-4\" style=\"margin-top:-24px\">Mis \u00e0 jour le 24 juin 2024<\/p><\/div>\r\n                <\/div>\r\n            <\/div>\r\n\r\n            <div class=\"row\">\r\n                <div class=\"col-lg-8\">\r\n                    <p class=\"display-4\">Les punaises de lit sont de petits insectes nuisibles. Le fl\u00e9au des h\u00f4tels bas de gamme, les punaises de lit peuvent appara\u00eetre chez vous aussi.<\/p>\r\n                    <p class=\"display-4\">Lisez la suite pour d\u00e9couvrir comment identifier une infestation de punaises de lit, comment l&#8217;emp\u00eacher et quoi faire pour les exterminer.<\/p>\r\n                    <p class=\"pt-2\"><img loading=\"lazy\" decoding=\"async\" src=\"https:\/\/cdn.squareone.ca\/wp-content\/uploads\/2022\/01\/31164121\/Punaises-de-lit.jpg\" title=\"P\u00e9vention et extermination des punaises de lit\" alt=\"Gros plan d'une punaise de lit sur la peau humaine\" rel=\"noopener noreferrer\" width=\"248\" height=\"165\" class=\"img-fluid\" \/><\/p>                \r\n                <\/div>\r\n\r\n                <div class=\"col-lg-3 offset-lg-1\">\r\n                    <p class=\"mb-2 display-4 pt-4 pt-lg-0 pt-mb-0\"><strong>Th\u00e8mes<\/strong><\/p>\r\n                    <ul class=\"list-unstyled link-list display-4\">\r\n                        <li><a href='#quest-ce-ques'>\u00c0 quoi ressemblent-elles?<\/a><\/li>\r\n                        <li><a href='#reconnaitre'>Comment reconna\u00eetre leur pr\u00e9sence<\/a><\/li>\r\n                        <li><a href='#propagation'>Comment se propagent-elles?<\/a><\/li>\r\n                        <li><a href='#empecher'>Comment emp\u00eacher une infestation<\/a><\/li>\r\n                        <li><a href='#exterminer'>Comment les exterminer<\/a><\/li>\r\n                        <li><a href='#considerations-assurance'>Consid\u00e9rations en assurance<\/a><\/li>\r\n                        <li><a href='#FAQ'>Questions fr\u00e9quemment pos\u00e9es<\/a><\/li>\r\n                    <\/ul>\r\n                <\/div>\r\n            <\/div>  \r\n        <\/div>\r\n    <\/div>\r\n    <div class=\"bg-bottom\"><\/div>\r\n<\/section>\r\n\r\n<section>\r\n<div class=\"container-fluid py-6\">\r\n    <div class=\"row\">\r\n        <div class=\"col-12 col-lg-8\">\r\n\r\n            <h2 id=\"quest-ce-ques\">\u00c0 quoi ressemblent-elles les punaises de lit?<\/h2>\r\n\r\n            <p><a href=\"https:\/\/www.canada.ca\/fr\/sante-canada\/services\/conseils-pour-controle-parasites\/punaises-lit-quoi-ressemblent-elles.html\" title=\"Canada.ca - punaises de lit\" rel=\"noopener noreferrer\" target=\"_blank\">Les punaises de lit<\/a> sont de petits insectes sans ailes de la grandeur d\u2019un p\u00e9pin de pomme. Elles se nourrissent du sang des humains et animaux endormis.<\/p>\r\n\r\n            <p>Les punaises de lit adultes sont brunes; lorsqu\u2019elles sont gorg\u00e9es de sang, leur couleur va de rouge au brun fonc\u00e9. Ces insectes se d\u00e9placent \u00e0 la vitesse d\u2019une fourmi. Elles ont une esp\u00e9rance de vie de 5 \u00e0 6\u00a0mois, mais peuvent vivre plus d\u2019un an en \u00e9tat dormant.<\/p>\r\n\r\n            <p>Les punaises de lit vivent et se cachent dans les articles qu\u2019elles infestent (lits, matelas, sommiers, coutures de matelas, literie, meubles, tiroirs, v\u00eatements, sacs \u00e0 dos, sacs \u00e0 main, valises, fauteuils, <a href=\"\/fr\/centres-ressources\/decoration-interieure\/choix-sofa\" title=\"Choisir un sofa\">sofas<\/a>, moulure couronn\u00e9e, cadres de fen\u00eatre et de porte, plinthes chauffantes, papiers, livres et horloges\u2014tout ce que vous voulez).<\/p>\r\n\r\n            <p>Cr\u00e9atures nocturnes, elles n\u2019aiment pas la lumi\u00e8re et se cachent dans des endroits sombres et \u00e9troits, et difficiles d\u2019acc\u00e8s.<\/p>\r\n\r\n            <h2 id=\"reconnaitre\">Comment reconna\u00eetre la pr\u00e9sence des punaises de lit<\/h2>\r\n\r\n            <img decoding=\"async\" src=\"https:\/\/cdn.squareone.ca\/wp-content\/uploads\/2022\/01\/28182617\/bedbug-bites.jpeg\" title=\"piq\u00fbres de punaises de lit\" alt=\"Gros plan des jambes d'un enfant avec des piq\u00fbres de punaise de lit visibles sur la peau.\" class=\"img-fluid\" width=\"800\" height=\"533\" rel=\"noopener noreferrer\" loading=\"lazy\"\/>\r\n            <div class=\"mb-3\">\r\n            <small><a href=\"https:\/\/synergy2ms.com\/bed-bug-bites-pictures-everything-you-need-to-know-about-these-bites\/\" rel=\"noopener noreferrer\" target=\"_blank\">Source<\/a><\/small>\r\n            <\/div>\r\n\r\n            <p>Bien qu\u2019elles soient difficiles \u00e0 voir en raison de leur petite taille, leur nature nocturne et leur capacit\u00e9 de se cacher, les punaises de lit laissent beaucoup de traces de leur passage\u00a0:<\/p>\r\n\r\n            <ol>\r\n                <li><strong>Piq\u00fbres<\/strong>\u00a0: Les piq\u00fbres de punaises de lit ressemblent aux piq\u00fbres de moustiques et \u00e7a d\u00e9mange! Heureusement, les punaises de lit ne sont pas porteuses de maladies transmissibles, quoique leurs piq\u00fbres puissent provoquer des r\u00e9actions s\u00e9v\u00e8res chez certains, comme l\u2019urticaire ou des r\u00e9actions allergiques. Il vaut mieux consulter un m\u00e9decin si vous avez une r\u00e9action s\u00e9v\u00e8re.<\/li>\r\n                <li><strong>Taches<\/strong>\u00a0: Des petites taches noires sur le matelas, les draps ou le sommier proviennent de l\u2019excr\u00e9ment des punaises de lit.<\/li>\r\n                <li><strong>Peau mu\u00e9e<\/strong>\u00a0: Des punaises mortes ou de la peau mu\u00e9e pr\u00e8s du lit sont \u00e9galement des indices de la pr\u00e9sence de ces insectes.<\/li>\r\n            <\/ol>\r\n\r\n            <h2 id=\"propagation\">Comment se propagent-elles?<\/h2>\r\n\r\n            <p>Par o\u00f9 commencer?<\/p>\r\n\r\n            <p>Les punaises de lit se d\u00e9placent facilement de chambre \u00e0 chambre et de logement \u00e0 logement. Leur capacit\u00e9 de p\u00e9n\u00e9trer dans des endroits \u00e9troits et difficiles d\u2019acc\u00e8s (elles peuvent passer \u00e0 travers une fente la largeur d\u2019une carte de cr\u00e9dit) facilite leur propagation.<\/p>\r\n\r\n            <p>Elles peuvent passer derri\u00e8re les murs, sous le plancher, au-dessus du plafond et \u00e0 travers les tuyaux. Sans le savoir, les humains les aident \u00e0 se propager en transportant ou en portant les articles dans lesquels elles se cachent, comme les sacs \u00e0 main, les sacs \u00e0 dos, les valises et les v\u00eatements.<\/p>\r\n\r\n            <p>En outre, les punaises de lit se cachent dans des articles vendus dans les march\u00e9s aux puces et dans les magasins de v\u00eatements ou de meubles d\u2019occasion. <\/p>\r\n\r\n            <p>Vous venez de trouver un beau divan ou fauteuil sur le trottoir? M\u00e9fiez-vous, ces meubles peuvent \u00eatre infest\u00e9s de punaises de lit. Les punaises de lit aiment aussi voyager; elles peuvent infester l\u2019h\u00f4tel le plus impeccable et se cacher dans les bagages des voyageurs.<\/p>\r\n            \r\n            <\/div>\r\n        <\/div>\r\n    <\/div>\r\n<\/section>\r\n\r\n\t<section class=\"bg-transparent\">\n\t\t<img decoding=\"async\" src=\"\/sales\/images\/bgs\/bg-mid-page-cta-general-top.svg\" style=\"width: 100%; vertical-align: bottom; position: relative; top: 1px\"\/>\n\t\t\n\t\t<div class=\"bg-darkTeal py-3\">\t\t\t\n\t\t\t<div class=\"container-fluid\">\n\t\t\t\t<div class=\"row d-flex align-items-center pb-5\">\n\t\t\t\t\t<div class=\"col-12 col-md-8 offset-md-2 px-lg-5 pb-5 pb-lg-0\">\n\t\t\t\t\t\t<div class=\"h6 mb-4 text-primary text-uppercase text-center\">\n\t\t\t\t\t\t\tCela ne prend que 5\u00a0minutes \n\t\t\t\t\t\t<\/div>\t\t\n\t\t\t\t\t\t\t\t\t\t\t\n\t\t\t\t\t\t<p class=\"lead px-lg-5 text-white\">\n\t\t\t\t\t\t\t<strong class=\"d-inline-block text-uc-first\">Pr\u00eat \u00e0 obtenir une soumission en ligne? <\/strong> Votre temps est aussi pr\u00e9cieux que vos possessions. Obtenez une soumission d'assurance habitation en <strong>5 minutes<\/strong>. C\u2019est moins de temps qu\u2019il n\u2019en faut pour faire la file pour un caf\u00e9.\n\t\t\t\t\t\t<\/p>\t\t\t\n\t\n\t\t\t\t\t\t<div id=\"sq1-qw-44d5b712873a\" class=\"sq1-quote-widget mb-4 text-white\" data-quote-widget-type=\"HOME\" data-has-custom-text=\"true\">\n\t\t\t\t\t\t\t<div class=\"input-group input-group-focus-within bg-white my-4\">\n\t\t\t\t\t\t\t\t<div>\n\t\t\t\t\t\t\t\t\t<div class=\"input-group-text\">\n\t\t\t\t\t\t\t\t\t\t<i class=\"fa fa-map-marker d-block text-black\"><\/i>\n\t\t\t\t\t\t\t\t\t<\/div>\n\t\t\t\t\t\t\t\t<\/div>\n\t\t\t\t\t\t\t\t<input type=\"text\" class=\"form-control\" style=\"padding: 10px;\" placeholder=\"Enter an address\" aria-label=\"Inscrivez votre adresse pour obtenir une soumission\"\/>\n\t\t\t\t\t\t\t\t<div>\n\t\t\t\t\t\t\t\t\t<button class=\"btn btn-primary\">Obtenir une soumission en ligne d\u00e8s maintenant<\/button>\n\t\t\t\t\t\t\t\t<\/div>\n\t\t\t\t\t\t\t<\/div>\n\t\t\t\t\t\t<\/div>\n\t\t\t\t\t\t\n\t\t\t\t\t\t<p class=\"small text-white\">Avant de commencer, veuillez lire notre <a href=\"https:\/\/www.squareone.ca\/fr\/politique-confidentialite\" target=\"_blank\" rel=\"noreferrer noopener\">Politique de confidentialit\u00e9<\/a> et nos <a href=\"https:\/\/www.squareone.ca\/fr\/conditions-utilisation\" target=\"_blank\" rel=\"noreferrer noopener\">Conditions d\u2019utilisation<\/a>.<\/p>\t\n\t\n\t\t\t\t\t\t<script type=\"text\/javascript\">\n\t\t\t\t\t\t(function() {\n\t\t\t\t\t\t\tdocument.addEventListener('soiMiscJsLoaded', function() {\n\t\t\t\t\t\t        $(document).ready(function() {\n\t\t\t\t\t\t\t\t\tsoiQuoteWidget.processFormWidget('\/sales\/index.php\/json_quote_widget?rand=' +Math.random(), 'qwContainer'); \/\/populate quoting widget with content from symfony.\n\t\t\t\t\t\t\t\t});\n\t\t\t\t\t\t\t});\n\t\t\t\t\t\t})();\n\t\t\t\t\t\t<\/script>\n\t\t\t\t\t<\/div>\n\t\t\t\t<\/div>\n\t\t\t<\/div>\n\t\t<\/div>\n\t\t\n\t\t<img decoding=\"async\" src=\"\/sales\/images\/bgs\/bg-mid-page-cta-general-bottom.svg\" style=\"width: 100%; vertical-align: top\"\/>\t\t\n\t<\/section>\r\n\r\n<section>\r\n    <div class=\"container-fluid py-6\">\r\n        <div class=\"row\">\r\n            <div class=\"col-12 col-lg-8\">\r\n            \r\n                <h2 id=\"empecher\">Comment emp\u00eacher une infestation <\/h2>\r\n\r\n                <ol>\r\n                    <li><p><strong>1.\tD\u00e9sencombrer votre habitation<\/strong>\u00a0: Le fouillis est le bonheur des punaises de lit. \u00c9vitez d\u2019accumuler des objets dans votre habitation, car ils repr\u00e9sentent d\u2019excellentes cachettes pour les insectes.<\/p><\/li>\r\n                    <li><p><strong>2.\tNettoyez les v\u00eatements\/meubles\/objets d\u2019occasion<\/strong>\u00a0: Si vous pouvez \u00e9viter d\u2019apporter des articles d\u2019occasion en mauvais \u00e9tat dans votre habitation (comme les matelas, les fauteuils, les sommiers et les meubles de bois abandonn\u00e9s sur le trottoir), tant mieux.<\/p>\r\n                    <p>Si vous vous procurez des articles d\u2019occasion, transportez-les dans un sac herm\u00e9tiquement ferm\u00e9 et nettoyez-les d\u00e8s votre retour \u00e0 la maison. Les articles de tissu peuvent \u00eatre nettoy\u00e9s dans la s\u00e9cheuse pendant 30\u00a0minutes \u00e0 temp\u00e9rature \u00e9lev\u00e9e. Si vous n\u2019avez pas de s\u00e9cheuse ou devez laver les articles parce qu\u2019ils sont sales, mettez-les dans la laveuse pour un cycle complet \u00e0 60 \u00b0C (140 \u00b0F).<\/p>\r\n                    <p>Si vous n\u2019avez pas de laveuse et\/ou de s\u00e9cheuse, nettoyez les articles \u00e0 l\u2019aide d\u2019un nettoyeur \u00e0 vapeur \u00e0 100 \u00b0C (212 \u00b0F). Sinon, placez les articles dans un cong\u00e9lateur \u00e0 -18 \u00b0C (-0,4 \u00b0F) pendant au moins 3,5\u00a0jours. Vous devriez suivre les m\u00eames d\u00e9marches pour nettoyer vos v\u00eatements et articles chaque fois que vous retournez des vacances.<\/p><\/li>\r\n                    <li><p><strong>3.\tPr\u00e9parez votre d\u00e9m\u00e9nagement<\/strong>\u00a0: Si vous employez une compagnie de d\u00e9m\u00e9nagement, assurez-vous qu\u2019elle prend des mesures contre les punaises de lit. Mettez tous les v\u00eatements, rideaux, articles de literie, matelas et meubles dans des housses ou des sacs herm\u00e9tiquement ferm\u00e9s. Scellez les bo\u00eetes de carton \u00e0 l\u2019aide du ruban adh\u00e9sif fort. Le jour du d\u00e9m\u00e9nagement, inspectez le camion avant de charger vos affaires. Assurez-vous que le camion a \u00e9t\u00e9 nettoy\u00e9 et qu\u2019il n\u2019y a pas de punaises de lit \u00e0 l\u2019int\u00e9rieur.<\/p><\/li>\r\n                    <li><p><strong>Inspectez votre nouvelle habitation<\/strong>\u00a0: \u00c0 l\u2019aide d\u2019une lampe \u00e0 poche, inspectez toutes les pi\u00e8ces de l\u2019habitation afin de d\u00e9tecter la pr\u00e9sence des punaises de lit. Si vous en trouvez, informez le propri\u00e9taire bailleur imm\u00e9diatement. Celui-ci fera appel aux services d\u2019un exterminateur autoris\u00e9.<\/p><\/li>\r\n                <\/ol>\r\n\r\n                <h2 id=\"extermination\">Comment exterminer les punaises de lit<\/h2>\r\n\r\n                <img decoding=\"async\" src=\"https:\/\/cdn.squareone.ca\/wp-content\/uploads\/2022\/01\/28182616\/bedbugs-exterminator.jpg\" title=\"Exterminateur de punaises de lit\" alt=\"Exterminateur de punaises de lit appliquant un produit exterminateur dans une habitation\" class=\"img-fluid\" width=\"800\" width=\"533\" rel=\"noopener noreferrer\" loading=\"lazy\"\/>\r\n                <div class=\"mb-3\">\r\n                <small><a href=\"https:\/\/homeguide.com\/costs\/exterminator-cost\" title=\"Quel est le prix d\u2019un exterminateur \u00e0 Montr\u00e9al?\" rel=\"noopener noreferrer\" target=\"_blank\">Source<\/a><\/small>\r\n                <\/div>\r\n\r\n                <p>\u00c9vitez d\u2019appliquer de l\u2019insecticide vous-m\u00eame, car cela peut nuire \u00e0 votre sant\u00e9 et rendre l\u2019extermination des punaises de lit plus difficile. Si vous \u00eates propri\u00e9taire occupant, contactez un exterminateur autoris\u00e9. Si vous \u00eatres locataire, informez imm\u00e9diatement votre propri\u00e9taire bailleur.<\/p>\r\n\r\n                <p>L\u2019exterminateur vous donnera les d\u00e9marches \u00e0 suivre pour pr\u00e9parer votre habitation pour l\u2019extermination.<\/p>\r\n\r\n                <p>Il faudra d\u00e9sencombrer toutes les pi\u00e8ces afin de r\u00e9duire le nombre de cachettes pour les insectes. Videz les tiroirs et les placards dans les pi\u00e8ces infest\u00e9es. Si vous avez des matelas ou sommiers infest\u00e9s, d\u00e9chirez-les \u00e0 l\u2019aide d\u2019un couteau ou des ciseaux avant de les jeter dans des sacs herm\u00e9tiquement ferm\u00e9s. S\u2019ils ne sont pas infest\u00e9s, nettoyez-les \u00e0 la vapeur selon les instructions ci-dessus avant de les mettre dans un sac herm\u00e9tiquement ferm\u00e9. Passez l\u2019aspirateur dans les pi\u00e8ces infest\u00e9es. Cela r\u00e9duira le nombre de punaises de lit, mais ne les tuera pas.<\/p>\r\n\r\n                <p>Une fois que vous aurez termin\u00e9, mettez le sac de l\u2019aspirateur ou son contenu dans un sac herm\u00e9tiquement ferm\u00e9 et jetez-le dans une poubelle \u00e0 l\u2019ext\u00e9rieur.<\/p>\r\n\r\n                <p>Vous et vos animaux de compagnie devez quitter les lieux pendant l\u2019extermination. Apr\u00e8s l\u2019extermination, il faut attendre au moins 6\u00a0heures avant de rentrer (12\u00a0heures pour les enfants et les personnes ayant des troubles respiratoires et\/ou des allergies, et 24\u00a0heures pour les b\u00e9b\u00e9s de 0 \u00e0 12\u00a0mois, les enfants qui n\u2019ont pas encore appris \u00e0 marcher, et les femmes enceintes).<\/p>\r\n\r\n                <p>D\u00e8s votre retour, a\u00e9rez les pi\u00e8ces faisant l\u2019objet de l\u2019extermination. \u00c9vitez de marcher pieds nus dans ces pi\u00e8ces pendant au moins 48\u00a0heures et examinez r\u00e9guli\u00e8rement les pi\u00e8ces trait\u00e9es pour la pr\u00e9sence des punaises de lit. Une fois que vous aurez d\u00e9termin\u00e9 que tous les insectes ont \u00e9t\u00e9 extermin\u00e9s, vous pouvez remettre vos articles et meubles.<\/p>\r\n\r\n<h2 id=\"considerations-assurance\">Punaises de lit et l\u2019assurance habitation<\/h2>\r\n                <p>\u00c9tant donn\u00e9 que les punaises de lit constituent un probl\u00e8me qui se trouve partout dans votre maison, il est possible que votre assurance habitation couvre les frais d\u2019extermination.<\/p>\r\n                <p>Cependant, presque toutes les polices d\u2019assurance habitation excluent les dommages caus\u00e9s par la vermine et les animaux nuisibles, et les punaises de lit se trouvent bel et bien dans cette cat\u00e9gorie. En outre, l\u2019assurance habitation est cens\u00e9e couvrir les dommages subis par l\u2019habitation. Or, c\u2019est rare que les punaises de lit endommagent gravement l\u2019habitation ou les meubles.<\/p>\r\n                <p>Malheureusement, il est peu probable que votre police d\u2019assurance habitation vous rembourse les frais d\u2019extermination des punaises de lit. Le contr\u00f4le des animaux nuisibles s\u2019inscrit dans le cadre de l\u2019entretien routinier de l\u2019habitation, dont le propri\u00e9taire occupant est responsable.<\/p>\r\n\r\n\r\n                <h2 id=\"FAQ\">Questions fr\u00e9quemment pos\u00e9es<\/h2>\r\n\r\n                <h3>Peut-on voir les punaises de lit \u00e0 l&rsquo;\u0153il nu?<\/h3>\r\n\r\n                <p>Oui. Les punaises de lit sont de la taille d\u2019un p\u00e9pin de pomme (de 4 \u00e0 7\u00a0mm). Elles sont de couleur brun-rouge\u00e2tre.<\/p>\r\n\r\n                <h3>O\u00f9 se cachent-elles?<\/h3>\r\n\r\n                <p>Les punaises de lit vivent et se cachent dans les articles qu\u2019elles infestent (lits, matelas, sommiers, coutures de matelas, literie, meubles, tiroirs, v\u00eatements, sacs \u00e0 dos, sacs \u00e0 main, valises, fauteuils, sofas, moulure couronn\u00e9e, cadres de fen\u00eatre et de porte, plinthes chauffantes, papiers, livres et horloges, entre autres).<\/p>\r\n\r\n                <h3>Comment sait-on si on a des punaises de lit dans la maison?<\/h3>\r\n\r\n                <p>Les punaises de lit donnent des piq\u00fbres, tout comme les moustiques. Elles laissent aussi des petites taches noires de leur excr\u00e9ment sur les matelas, les draps et les sommiers.  Des punaises mortes ou de la peau mu\u00e9e pr\u00e8s du lit sont \u00e9galement des indices de la pr\u00e9sence de ces insectes.<\/p>\r\n\r\n                <h3>Les punaises de lit sont-elles porteuses de maladies transmissibles?<\/h3>\r\n\r\n                <p>Heureusement, les punaises de lit ne sont pas porteuses de maladies transmissibles, quoique leurs piq\u00fbres puissent provoquer des r\u00e9actions s\u00e9v\u00e8res chez certains, comme l\u2019urticaire ou des r\u00e9actions allergiques. Il vaut mieux consulter un m\u00e9decin si vous avez une r\u00e9action s\u00e9v\u00e8re.<\/p>\r\n\r\n                <p><strong>Vous voulez en savoir plus?<\/strong> Consultez notre <a href=\"\/fr\/centres-ressources\/securite-domiciliaire-personnelle\" title=\"Centre de ressources : s\u00e9curit\u00e9 domiciliaire et personnelle\">Centre de ressources&nbsp;: s\u00e9curit\u00e9 domiciliaire et personnelle<\/a> pour d\u00e9couvriri comment prot\u00e9ger votre famille et votre domicile. Ensuite, <a href=\"\/fr\/soumission-assurance-habitation-en-ligne\" title=\"Obtenir une soumission d\u2019assurance habitation en ligne\">obtenez une soumission d'assurance habitation en ligne<\/a> en moins de 5\u00a0minutes et d\u00e9couvrez \u00e0 quel point l\u2019assurance habitation personnalis\u00e9e peut \u00eatre abordable.<\/p>\r\n\r\n        <\/div>\r\n    <\/div>\r\n<\/div>\r\n<\/section>\r\n<script type=\"application\/ld+json\">\r\n{\r\n  \"@context\": \"https:\/\/schema.org\",\r\n  \"@type\": \"FAQPage\",\r\n  \"mainEntity\": [{\r\n    \"@type\": \"Question\",\r\n    \"name\": \"Peut-on voir les punaises de lit \u00e0 l'\u0153il nu?\",\r\n    \"acceptedAnswer\": {\r\n      \"@type\": \"Answer\",\r\n      \"text\": \"Oui. Les punaises de lit sont de la taille d\u2019un p\u00e9pin de pomme (de 4 \u00e0 7\u00a0mm). Elles sont de couleur brun-rouge\u00e2tre.\"\r\n    }\r\n  },{\r\n    \"@type\": \"Question\",\r\n    \"name\": \"O\u00f9 se cachent-elles?\",\r\n    \"acceptedAnswer\": {\r\n      \"@type\": \"Answer\",\r\n      \"text\": \"Les punaises de lit vivent et se cachent dans les articles qu\u2019elles infestent (lits, matelas, sommiers, coutures de matelas, literie, meubles, tiroirs, v\u00eatements, sacs \u00e0 dos, sacs \u00e0 main, valises, fauteuils, sofas, moulure couronn\u00e9e, cadres de fen\u00eatre et de porte, plinthes chauffantes, papiers, livres et horloges, entre autres).\"\r\n    }\r\n  },{\r\n    \"@type\": \"Question\",\r\n    \"name\": \"Comment sait-on si on a des punaises de lit dans la maison?\",\r\n    \"acceptedAnswer\": {\r\n      \"@type\": \"Answer\",\r\n      \"text\": \"Les punaises de lit donnent des piq\u00fbres, tout comme les moustiques. Elles laissent aussi des petites taches noires de leur excr\u00e9ment sur les matelas, les draps et les sommiers.  Des punaises mortes ou de la peau mu\u00e9e pr\u00e8s du lit sont \u00e9galement des indices de la pr\u00e9sence de ces insectes.\"\r\n    }\r\n  },{\r\n    \"@type\": \"Question\",\r\n    \"name\": \"Les punaises de lit sont-elles porteuses de maladies transmissibles?\",\r\n    \"acceptedAnswer\": {\r\n      \"@type\": \"Answer\",\r\n      \"text\": \"Heureusement, les punaises de lit ne sont pas porteuses de maladies transmissibles, quoique leurs piq\u00fbres puissent provoquer des r\u00e9actions s\u00e9v\u00e8res chez certains, comme l\u2019urticaire ou des r\u00e9actions allergiques. Il vaut mieux consulter un m\u00e9decin si vous avez une r\u00e9action s\u00e9v\u00e8re.\"\r\n    }\r\n  }]\r\n}\r\n<\/script>\r\n<script type=\"application\/ld+json\">\r\n{\r\n  \"@context\": \"https:\/\/schema.org\",\r\n  \"@type\": \"WebPage\",\r\n  \"mainEntityOfPage\": {\r\n    \"@type\": \"Article\",\r\n    \"@id\": \"https:\/\/www.squareone.ca\/fr\/centres-ressources\/securite-domiciliaire-personnelle\/punaises-de-lit\"\r\n  },\r\n  \"author\": [\r\n    {\r\n      \"@type\": \"Person\",\r\n      \"name\": \"Anthony Michael\",\r\n      \"url\": \"https:\/\/www.squareone.ca\/fr\/a-propos-de-nous\/membres-equipe#anthony-michael\"\r\n    }\r\n  ],\r\n  \"headline\": \"Punaises de lit : reconnaissance, pr\u00e9vention, extermination\",\r\n  \"datePublished\": \"\",\r\n  \"dateModified\": \"\",\r\n  \"inLanguage\": \"fr-CA\",\r\n  \"isAccessibleForFree\": true\r\n}\r\n<\/script>","protected":false},"excerpt":{"rendered":"<p>Punaises de lit\u00a0: reconnaissance, pr\u00e9vention, extermination Les punaises de lit sont de petits insectes nuisibles. Le fl\u00e9au des h\u00f4tels bas de gamme, les punaises de lit peuvent appara\u00eetre chez vous aussi. Lisez la suite pour d\u00e9couvrir comment identifier une infestation de punaises de lit, comment l&#8217;emp\u00eacher et quoi faire pour les exterminer. Th\u00e8mes \u00c0 quoi [&hellip;]<\/p>\n","protected":false},"author":20,"featured_media":55517,"parent":51337,"menu_order":0,"comment_status":"closed","ping_status":"closed","template":"page-article-new.php","meta":{"_acf_changed":false,"footnotes":""},"class_list":["post-55477","page","type-page","status-publish","has-post-thumbnail","hentry"],"acf":[],"_links":{"self":[{"href":"https:\/\/www.squareone.ca\/fr\/wp-json\/wp\/v2\/pages\/55477","targetHints":{"allow":["GET"]}}],"collection":[{"href":"https:\/\/www.squareone.ca\/fr\/wp-json\/wp\/v2\/pages"}],"about":[{"href":"https:\/\/www.squareone.ca\/fr\/wp-json\/wp\/v2\/types\/page"}],"author":[{"embeddable":true,"href":"https:\/\/www.squareone.ca\/fr\/wp-json\/wp\/v2\/users\/20"}],"replies":[{"embeddable":true,"href":"https:\/\/www.squareone.ca\/fr\/wp-json\/wp\/v2\/comments?post=55477"}],"version-history":[{"count":19,"href":"https:\/\/www.squareone.ca\/fr\/wp-json\/wp\/v2\/pages\/55477\/revisions"}],"predecessor-version":[{"id":76986,"href":"https:\/\/www.squareone.ca\/fr\/wp-json\/wp\/v2\/pages\/55477\/revisions\/76986"}],"up":[{"embeddable":true,"href":"https:\/\/www.squareone.ca\/fr\/wp-json\/wp\/v2\/pages\/51337"}],"wp:featuredmedia":[{"embeddable":true,"href":"https:\/\/www.squareone.ca\/fr\/wp-json\/wp\/v2\/media\/55517"}],"wp:attachment":[{"href":"https:\/\/www.squareone.ca\/fr\/wp-json\/wp\/v2\/media?parent=55477"}],"curies":[{"name":"wp","href":"https:\/\/api.w.org\/{rel}","templated":true}]}}