{"id":55633,"date":"2022-02-04T10:07:27","date_gmt":"2022-02-04T18:07:27","guid":{"rendered":"https:\/\/www.squareone.ca\/?page_id=55633"},"modified":"2026-03-24T09:56:05","modified_gmt":"2026-03-24T16:56:05","slug":"remplacement-biens-meubles","status":"publish","type":"page","link":"https:\/\/www.squareone.ca\/fr\/centres-ressources\/bases-assurance\/remplacement-beins-meubles","title":{"rendered":"Comprendre la couverture pour le r\u00e8glement selon la valeur \u00e0 neuf"},"content":{"rendered":"<section id='intro' class=\"bg-shape-split bg-sub-page-hero\">\r\n    <div class=\"bg-position\">\r\n        <div class=\"container-fluid\">\r\n            <div class=\"row align-items-center\">\r\n                <div class=\"col-12 col-lg-8\">\r\n                    <h1>Comprendre la couverture pour le r\u00e8glement selon la valeur \u00e0 neuf<\/h1>\r\n\t\t\t\t\t<p><strong>\u00c9valu\u00e9 par <a href=\"https:\/\/www.squareone.ca\/about-us\/experts\/rena-novotny\" title=\"Experte : Rena Novotny\">Rena Novotny<\/a><\/strong><\/p>\t\t\r\n\t\t\t\t\t<p class=\"pb-4\" style=\"margin-top:-24px\">Mis \u00e0 jour le 24 f\u00e9vrier 2025<\/p>\t\t\r\n                <\/div>\r\n            <\/div>\r\n\r\n            <div class=\"row\">\r\n                <div class=\"col-lg-8\">\r\n                    <p class=\"display-4\">La couverture pour le r\u00e8glement selon la valeur \u00e0 neuf est un \u00e9l\u00e9ment important de l\u2019assurance habitation. Les diff\u00e9rents types de couvertures peuvent sembler accablants, mais la couverture pour le r\u00e8glement selon la valeur \u00e0 neuf est assez simple\u00a0: effectivement, c\u2019est le co\u00fbt de remplacer vos affaires.<\/p>\r\n                    <p class=\"display-4\">Dans cet article, nous examinerons cette couverture et vous expliquerons comment choisir vos limitations.<\/p> \r\n                    <p class=\"pt-2\"><img loading=\"lazy\" decoding=\"async\" src=\"https:\/\/cdn.squareone.ca\/wp-content\/uploads\/2012\/10\/30071412\/Rebuilding-a-home.jpg\" title=\"Comment remplacer mes biens meubles?\" alt=\"Reconstruction d\u2019une maison\" width=\"248\" height=\"186\" class=\"img-fluid\" rel=\"noopener noreferrer\" \/><\/p>\r\n                <\/div>\r\n\r\n                <div class=\"col-lg-3 offset-lg-1\">          \r\n                    <p class=\"mb-2 display-4 pt-4 pt-lg-0 pt-mb-0\"><strong>Th\u00e8mes<\/strong><\/p>\r\n                        <ul class=\"list-unstyled link-list display-4\">\r\n                            <li><a href=\"#vs\">R\u00e8glement selon la valeur \u00e0 neuf vs valeur au jour du sinistre<\/a><\/li>                            \r\n                            <li><a href=\"#inventaire-de-la-maison\">R\u00e9daction d\u2019une liste d\u2019inventaire de la maison<\/a><\/li>\r\n                            <li><a href=\"#choix-de-couverture\">Choix de couverture pour biens meubles<\/a><\/li>\r\n                            <li><a href=\"#remplacement-de-vos-biens-meubles\">Remplacement de vos biens meubles (ou non)<\/a><\/li>\r\n                            <li><a href=\"#difference-square-one\">La diff\u00e9rence Square One<\/a><\/li>\r\n                        <\/ul>\r\n                <\/div>\r\n            <\/div>  \r\n        <\/div>\r\n    <\/div>\r\n    <div class=\"bg-bottom\"><\/div>\r\n<\/section>\r\n\r\n<section>\r\n    <div class=\"container-fluid py-6\">\r\n        <div class=\"row\">\r\n            <div class=\"col-12 col-lg-8\">\r\n\r\n<div class=\"row pb-6\">\r\n                    <div class=\"col-12\">\r\n                        <div class=\"card review\" style='background-color:#FFE0C9'>\r\n                            <div class=\"card-body\">\r\n                                <p class=\"h3\">L&rsquo;essentiel<\/p>\r\n                                <ul class='mb-0'>\r\n                                    <li>La valeur \u00e0 neuf signifie le co\u00fbt de remplacement d&rsquo;un article par un article neuf de type et de qualit\u00e9 semblables.<\/li>\r\n                                    <li>Un r\u00e8glement selon la valeur \u00e0 neuf indemnisera un assur\u00e9 les biens endommag\u00e9s en fonction du co\u00fbt de remplacement et non en fonction de la  valeur marchande.<\/li>\r\n                                    <li>Le titulaire de police peut accepter le remplacement de ses biens ou un r\u00e8glement selon la valeur marchande.<\/li>\r\n                                <\/ul>\r\n                            <\/div>\r\n                        <\/div>\r\n                    <\/div>\r\n                <\/div>            \t\r\n\r\n            <h2 id=\"vs\">R\u00e8glement selon la valeur \u00e0 neuf vs la valeur au jour du sinistre<\/h2>\r\n\r\n            <p>Commen\u00e7ons au commencement\u00a0: qu\u2019est que la valeur \u00e0 neuf?<\/p>\r\n\r\n            <p>L\u2019assurance sert \u00e0 r\u00e9gler ou \u00e0 remplacer\/reconstruire vos biens, comme votre maison ou vos possessions. Les assureurs utilisent plusieurs m\u00e9thodes pour calculer la valeur des r\u00e8glements des sinistres, dont les r\u00e8glements selon la valeur \u00e0 neuf. L\u2019autre m\u00e9thode principale est le r\u00e8glement selon la valeur au jour du sinistre.<\/p>\r\n\r\n            <p>Le r\u00e8glement selon la valeur \u00e0 neuf est le co\u00fbt de remplacer un article endommag\u00e9 par un article neuf de type et de qualit\u00e9 semblables. La valeur au jour du sinistre est la valeur marchande d\u2019un article\u00a0: un vieux sofa d\u00e9labr\u00e9 vaut moins qu\u2019un vaisselier ancien.<\/p>\r\n\r\n            <p>La plupart des polices d\u2019assurance habitation couvrent votre propri\u00e9t\u00e9 selon l avaleur \u00e0 neuf. G\u00e9n\u00e9ralement, vous avez \u00e9galement la possibilit\u00e9 d\u2019accepter un r\u00e8glement selon la <a href=\"https:\/\/www.squareone.ca\/resource-centres\/insurance-glossary\/actual-cash-value\" title=\"D\u00e9finition : valeur au jour du sinistre\">valeur au jour du sinistre<\/a>. \u00c9tant donn\u00e9 que chaque police est diff\u00e9rente, vous avez int\u00e9r\u00eat \u00e0 v\u00e9rifier le libell\u00e9 de votre police en ce qui concerne \u00ab\u00a0les conditions du r\u00e8glement du sinistre\u00a0\u00bb. Normalement, vous avez la possibilit\u00e9 de remplacer ou r\u00e9parer le bien selon la valeur \u00e0 neuf ou selon la valeur au jour du sinistre.<\/p> \r\n\r\n            <p>Si vous acceptez un r\u00e8glement selon la valeur au jour du sinistre, l\u2019assureur calculera le r\u00e8glement selon la valeur \u00e0 neuf moins la d\u00e9pr\u00e9ciation. Bien que le montant de ce r\u00e8glement puisse \u00eatre inf\u00e9rieur au r\u00e8glement selon la valeur \u00e0 neuf, un r\u00e8glement selon la valeur au jour du sinistre repr\u00e9sente une solution int\u00e9ressante si vous ne comptez pas remplacer l\u2019article perdu.<\/p>\r\n\r\n            <h2 id=\"inventaire-de-la-maison\">R\u00e9daction d\u2019une liste d\u2019inventaire de la maison<\/h2>\r\n\r\n            <p>Le fait de dresser une liste d\u2019inventaire de la maison vous permet de faire ce qui suit\u00a0:<\/p>\r\n\r\n            <ul>\r\n                <li><p>Une liste d\u2019inventaire de vos biens vous permettra de d\u00e9terminer le co\u00fbt de remplacer vos affaires. En outre, cette liste vous aidera \u00e0 souscrire la couverture exacte pour vos biens meubles.<\/p><\/li>\r\n                <li><p>\u00c9tablir une fiche de toutes vos possessions. Celle-ci sera tr\u00e8s pratique en cas de sinistre; vous devrez fournir \u00e0 votre expert en sinistres une liste des articles perdus ou d\u00e9truits. Par cons\u00e9quent, au lieu d\u2019essayer de reconstituer votre habitation avant le sinistre, vous aurez une liste d\u2019inventaire \u00e0 port\u00e9e de main.<\/p><\/li>\r\n            <\/ul>\r\n\r\n            <p>La r\u00e9daction d\u2019une liste d\u2019inventaire de la maison n\u2019est pas compliqu\u00e9e. Effectivement, vous dressez une liste de vos affaires.<\/p>\r\n\r\n            <h2 id=\"choix-de-couverture\">Comment choisir le montant de couverture appropri\u00e9 pour vos biens meubles<\/h2>\r\n\r\n            <p>Si vous \u00eates propri\u00e9taire d\u2019une maison, un agent en assurance estimera le <a href=\"https:\/\/www.squareone.ca\/resource-centres\/homeowner\/guaranteed-building-replacement\" title=\"Co\u00fbt de r\u00e9paration ou de reconstruction garanti : le guide int\u00e9gral\">co\u00fbt de r\u00e9paration ou de reconstruction de la maison<\/a>. La couverture pour les biens meubles sera un pourcentage fixe de ce montant. Par exemple, si votre maison vaut 500\u00a0000\u00a0$, il est possible que vous soyez automatiquement admissible \u00e0 une couverture pour les biens meubles de 70\u00a0% ou 350\u00a0000\u00a0$, que vous ayez besoin de ce montant ou non.<\/p>\r\n\r\n            Si vous ne dressez pas une liste d\u2019inventaire, vous ne saurez pas si ce montant de couverture est suffisant ou insuffisant selon vos besoins.<\/p>\r\n\r\n            <p>Chez Square One, les limitations pour les biens meubles fonctionnent diff\u00e9remment. Que vous soyez locataire, copropri\u00e9taire ou propri\u00e9taire occupant, c\u2019est vous qui d\u00e9cidez le montant de biens meubles \u00e0 assurer. Si vous n\u2019avez que 100\u00a0000\u00a0$ de biens meubles dans une maison de 500\u00a0000\u00a0$, pas de probl\u00e8me; vous ne souscrirez que ce montant. Vous pouvez dresser une liste d\u2019inventaire de vos biens meubles pour choisir le montant de couverture dont vous avez besoin. Si vous le d\u00e9sirez, nous pouvons conserver cette liste dans votre dossier de client.<\/p>\r\n\r\n            <p>Pour d\u00e9terminer le montant de couverture dont vous avez besoin, consultez notre <a href='https:\/\/cdn.squareone.ca\/wp-content\/uploads\/2021\/07\/19053851\/SQ1-Inventaire-maison.xlsx' title='Liste d\u2019inventaire de la maison'>document Liste d\u2019inventaire de la maison<\/a>. Vous pouvez remplir ce formulaire Excel convivial sur votre ordinateur ou sous forme de <a href=\"https:\/\/cdn.squareone.ca\/wp-content\/uploads\/2021\/06\/05115050\/SQ1-Inventaire-maison.pdf\" title=\"Liste d\u2019inventaire de la maison PDF\" target=\"_blank\" rel=\"noopener noreferrer\">fichier PDF<\/a> que vous pouvez imprimer et remplir \u00e0 la main. La Liste d\u2019inventaire de la maison vous permet d\u2019organiser vos biens meubles par cat\u00e9gorie, comme les \u00e9lectrom\u00e9nagers, les meubles, les accessoires m\u00e9nagers, les produits \u00e9lectroniques et les v\u00eatements. Tout ce qu\u2019il faut faire est de d\u00e9terminer la valeur \u00e0 neuf des articles de chaque cat\u00e9gorie et vous aurez une id\u00e9e assez pr\u00e9cise du montant d\u2019assurance dont vous avez besoin.<\/p>\r\n\r\n            <p>Vous pouvez \u00e9galement prendre des photos ou enregistrer des vid\u00e9os de chaque pi\u00e8ce de la maison. Conservez celles-ci avec votre liste d\u2019inventaire de la maison dans un lieu s\u00fbr \u00e0 l\u2019ext\u00e9rieur de votre domicile. De cette mani\u00e8re, vous ne perdrez pas ces documents en cas de sinistre. Mieux encore\u00a0: remplissez le formulaire, joignez-y des photos et sauvegardez-la en ligne dans le nuage.<\/p>\r\n\r\n            <\/div>\r\n        <\/div>\r\n    <\/div>\r\n<\/section>\r\n\r\n\t<section class=\"bg-transparent\">\n\t\t<img decoding=\"async\" src=\"\/sales\/images\/bgs\/bg-mid-page-cta-general-top.svg\" style=\"width: 100%; vertical-align: bottom; position: relative; top: 1px\"\/>\n\t\t\n\t\t<div class=\"bg-darkTeal py-3\">\t\t\t\n\t\t\t<div class=\"container-fluid\">\n\t\t\t\t<div class=\"row d-flex align-items-center pb-5\">\n\t\t\t\t\t<div class=\"col-12 col-md-8 offset-md-2 px-lg-5 pb-5 pb-lg-0\">\n\t\t\t\t\t\t<div class=\"h6 mb-4 text-primary text-uppercase text-center\">\n\t\t\t\t\t\t\tCela ne prend que 5\u00a0minutes \n\t\t\t\t\t\t<\/div>\t\t\n\t\t\t\t\t\t\t\t\t\t\t\n\t\t\t\t\t\t<p class=\"lead px-lg-5 text-white\">\n\t\t\t\t\t\t\t<strong class=\"d-inline-block text-uc-first\">Pr\u00eat \u00e0 obtenir une soumission en ligne? <\/strong> Votre temps est aussi pr\u00e9cieux que vos possessions. Obtenez une soumission d'assurance habitation en <strong>5 minutes<\/strong>. C\u2019est moins de temps qu\u2019il n\u2019en faut pour faire la file pour un caf\u00e9.\n\t\t\t\t\t\t<\/p>\t\t\t\n\t\n\t\t\t\t\t\t<div id=\"sq1-qw-2320e2fd2ce5\" class=\"sq1-quote-widget mb-4 text-white\" data-quote-widget-type=\"HOME\" data-has-custom-text=\"true\">\n\t\t\t\t\t\t\t<div class=\"input-group input-group-focus-within bg-white my-4\">\n\t\t\t\t\t\t\t\t<div>\n\t\t\t\t\t\t\t\t\t<div class=\"input-group-text\">\n\t\t\t\t\t\t\t\t\t\t<i class=\"fa fa-map-marker d-block text-black\"><\/i>\n\t\t\t\t\t\t\t\t\t<\/div>\n\t\t\t\t\t\t\t\t<\/div>\n\t\t\t\t\t\t\t\t<input type=\"text\" class=\"form-control\" style=\"padding: 10px;\" placeholder=\"Enter an address\" aria-label=\"Inscrivez votre adresse pour obtenir une soumission\"\/>\n\t\t\t\t\t\t\t\t<div>\n\t\t\t\t\t\t\t\t\t<button class=\"btn btn-primary\">Obtenir une soumission en ligne d\u00e8s maintenant<\/button>\n\t\t\t\t\t\t\t\t<\/div>\n\t\t\t\t\t\t\t<\/div>\n\t\t\t\t\t\t<\/div>\n\t\t\t\t\t\t\n\t\t\t\t\t\t<p class=\"small text-white\">Avant de commencer, veuillez lire notre <a href=\"https:\/\/www.squareone.ca\/fr\/politique-confidentialite\" target=\"_blank\" rel=\"noreferrer noopener\">Politique de confidentialit\u00e9<\/a> et nos <a href=\"https:\/\/www.squareone.ca\/fr\/conditions-utilisation\" target=\"_blank\" rel=\"noreferrer noopener\">Conditions d\u2019utilisation<\/a>.<\/p>\t\n\t\n\t\t\t\t\t\t<script type=\"text\/javascript\">\n\t\t\t\t\t\t(function() {\n\t\t\t\t\t\t\tdocument.addEventListener('soiMiscJsLoaded', function() {\n\t\t\t\t\t\t        $(document).ready(function() {\n\t\t\t\t\t\t\t\t\tsoiQuoteWidget.processFormWidget('\/sales\/index.php\/json_quote_widget?rand=' +Math.random(), 'qwContainer'); \/\/populate quoting widget with content from symfony.\n\t\t\t\t\t\t\t\t});\n\t\t\t\t\t\t\t});\n\t\t\t\t\t\t})();\n\t\t\t\t\t\t<\/script>\n\t\t\t\t\t<\/div>\n\t\t\t\t<\/div>\n\t\t\t<\/div>\n\t\t<\/div>\n\t\t\n\t\t<img decoding=\"async\" src=\"\/sales\/images\/bgs\/bg-mid-page-cta-general-bottom.svg\" style=\"width: 100%; vertical-align: top\"\/>\t\t\n\t<\/section>\r\n\r\n<section>\r\n    <div class=\"container-fluid py-6\">\r\n        <div class=\"row\">\r\n            <div class=\"col-12 col-lg-8\">            \r\n\r\n            <h2 id=\"remplacement-de-vos-biens-meubles\">D\u00e9terminer si vous voulez remplacer vos biens meubles<\/h2>\r\n\r\n            <p>Vous avez dress\u00e9 une liste d\u2019inventaire de la maison et d\u00e9termin\u00e9 le co\u00fbt de remplacer toutes vos possessions. Vous \u00eates certain d\u2019avoir souscrit une assurance ad\u00e9quate. Mais maintenant, apr\u00e8s un sinistre, vous vous rendez compte qu\u2019il y a des articles que vous ne souhaitez pas remplacer.<\/p>\r\n\r\n            <p>Bien que la majorit\u00e9 des assur\u00e9s d\u00e9cident de remplacer les biens meubles endommag\u00e9s dans un sinistre, dans certaines circonstances, il est possible que vous d\u00e9cidiez de ne pas le faire\u00a0:<\/p>\r\n            \r\n            <ul>\r\n                <li><p>Vous \u00eates homme d\u2019affaires \u00e0 la retraite qui n\u2019a plus besoin de porter un complet-veston tous les jours? Avez-vous vraiment besoin de remplacer tous les complets-veston dans votre garde-robe?<\/p><\/li>\r\n                <li><p>Vous gardez votre robe de mariage pour des motivations sentimentales? Si elle est d\u00e9truite dans un sinistre, est-ce que vous voulez vraiment la remplacer?<\/p><\/li>\r\n                <li><p>Si vous avez des adolescents, croyez-vous qu\u2019ils aimeraient remplacer tous les jouets et jeux vid\u00e9o qu\u2019ils n\u2019utilisent plus?<\/p><\/li>\r\n                <li><p>Si votre <a href=\"https:\/\/www.squareone.ca\/resource-centres\/insurance-basics\/insuring-jewellery\" title=\"L\u2019assurance est-elle offerte pour les bijoux?\">coffret de bijoux a \u00e9t\u00e9 vol\u00e9<\/a>, il y a probablement des pi\u00e8ces dedans que vous ne portiez plus.<\/p><\/li>\r\n            <\/ul>\r\n\r\n            <p>Dans ces cas, vous avez une d\u00e9cision \u00e0 prendre en ce qui concerne le r\u00e8glement selon la valeur \u00e0 neuf ou au jour du sinistre. Votre fournisseur d\u2019assurance ne vous forcera pas \u00e0 tout remplacer. Vous pouvez accepter un r\u00e8glement selon la valeur \u00e0 neuf pour les biens que vous souhaitez remplacer et acceptez un r\u00e8glement selon la valeur au jour du sinistre pour le reste.<\/p>\r\n\r\n            <h2 id=\"difference-square-one\">La diff\u00e9rence Square One<\/h2>\r\n\r\n            <p>Chez Square One, nous allons de l\u2019avant afin d\u2019offrir \u00e0 nos clients des solutions pratiques. S\u2019il est impossible de remplacer un article assur\u00e9 ou si vous d\u00e9cidez de ne pas le remplacer, nous vous offrirons un r\u00e8glement selon la d\u00e9pr\u00e9ciation limit\u00e9e. Cela signifie que nous ne d\u00e9duirons qu\u2019un maximum de 50\u00a0% du co\u00fbt de remplacement au titre de la d\u00e9pr\u00e9ciation. Dans de nombreux cas, cela permet \u00e0 l\u2019assur\u00e9 d\u2019obtenir un r\u00e8glement plus \u00e9lev\u00e9 que celui propos\u00e9 par les polices traditionnelles pour les articles qui ne sont pas r\u00e9par\u00e9s ou remplac\u00e9s.<\/p>\r\n\r\n            <h3>Couverture pour co\u00fbt de r\u00e9paration ou de remplacement<\/h3>\r\n\r\n            <p>Les clients qui d\u00e9cident de <a href=\"https:\/\/www.squareone.ca\/contents\" title=\"Assurance biens meubles\">remplacer leurs biens meubles<\/a> souvent nous demandent les d\u00e9marches \u00e0 suivre et le montant du remboursement. Les polices d\u2019assurance habitation de Square One offrent une couverture pour le r\u00e8glement selon la valeur \u00e0 neuf. Cela signifie que la police r\u00e9glera le remplacement des biens perdus ou endommag\u00e9s par des articles neufs de type et de qualit\u00e9 semblables.<\/p> \r\n\r\n            <p>Par exemple, si un incendie endommageait un meuble, votre expert en sinistres vous aiderait \u00e0 rep\u00e9rer un meuble neuf de taille, de forme, de couleur et de qualit\u00e9 semblables.\r\n\r\n            <h3>Personnalisation des limitations de la police<\/h3>\r\n\r\n            <p>Les polices d\u2019assurance habitation personnalisables de Square One permettent aux assur\u00e9s de pr\u00e9voir ces situations. \u00c9tant donn\u00e9 que les gens n\u2019ont pas les m\u00eames gouts en meubles ou les m\u00eames pr\u00e9f\u00e9rences de style, nous vous permettons de choisir vos propres limitations de couverture en fonction du montant que vous auriez \u00e0 payer pour remplacer vos possessions par de nouveaux articles.<\/p>\r\n\r\n            <p><strong>Vous voulez en savoir plus?<\/strong> Consultez notre <a href=\"\/fr\/centres-ressources\/bases-assurance\" title=\"Centre de ressources : bases de l\u2019assurance habitation\">Centre de ressources&nbsp;: bases de l\u2019assurance habitation<\/a> pour acc\u00e9der \u00e0 des dizaines d\u2019articles pratiques pour vous guider sur les tenants et aboutissants de l\u2019assurance habitation. Ensuite, <a href=\"\/fr\/soumission-assurance-habitation-en-ligne\" title=\"Obtenir une soumission d\u2019assurance habitation en ligne\">obtenez une soumission d'assurance habitation en ligne<\/a> en moins de 5\u00a0minutes et d\u00e9couvrez \u00e0 quel point l\u2019assurance habitation personnalis\u00e9e peut \u00eatre abordable.<\/p>\r\n\r\n            <div class=\"row py-3\">\r\n<div class=\"col-12\">\r\n<div class=\"card review\" style=\"box-shadow: 0 2px 4px rgba(0,0,0,0.07);background-color:#f4f4f4;\">\r\n<div class=\"card-body\">\r\n\t<p class=\"text-primary h4\">\u00c0 propos de l\u2019experte&nbsp;: Rena Novotny<\/p>\r\n\t<p>Rena a commenc\u00e9 sa carri\u00e8re de 23&nbsp;ans \u00e0 titre d\u2019experte en sinistres ind\u00e9pendante o\u00f9 elle s\u2019est sp\u00e9cialis\u00e9e dans les sinistres complexes, de responsabilit\u00e9 civile et de risque sp\u00e9cial. \u00c0 titre de gestionnaire de succursale, Rena embauchait, formait, encadrait et entra\u00eenait plusieurs experts en sinistres. Elle poursuit des \u00e9tudes sup\u00e9rieures \u00e0 temps partiel en neuro-psychologie et traumatisme dans le but d\u2019apprendre comment les deux conditions pourraient toucher l\u2019engagement de l\u2019assur\u00e9 quant aux sinistres catastrophiques. Titulaire d\u2019une ma\u00eetrise en analyse et gestion de conflits, Rena est munie des d\u00e9signations CRM, PAA et d\u2019un certificat en expertise en r\u00e8glement de sinistres, niveau&nbsp;3.<\/p>\r\n<\/div>\r\n<\/div>\r\n<\/div>\r\n<\/div>\r\n\r\n        <\/div>\r\n    <\/div>\r\n<\/div>\r\n<\/section>\r\n\r\n<script type=\"application\/ld+json\">\r\n{\r\n  \"@context\": \"https:\/\/schema.org\",\r\n  \"@type\": \"WebPage\",\r\n  \"mainEntityOfPage\": {\r\n    \"@type\": \"Article\",\r\n    \"@id\": \"https:\/\/www.squareone.ca\/fr\/centres-ressources\/bases-assurance\/remplacement-beins-meubles\"\r\n  },\r\n  \"author\": [\r\n    {\r\n      \"@type\": \"Person\",\r\n      \"name\": \"Square One team,\"\r\n    }\r\n  ],\r\n  \"reviewedBy\": [\r\n    {\r\n      \"@type\": \"Person\",\r\n      \"name\": \"Rena Novotny\",\r\n      \"url\": \"https:\/\/www.squareone.ca\/fr\/a-propos-de-nous\/experts\/rena-novotny\"\r\n    }\r\n  ],\r\n  \"headline\": \"Comprendre la couverture pour le r\u00e8glement selon la valeur \u00e0 neuf\",\r\n  \"datePublished\": \"\",\r\n  \"dateModified\": \"\",\r\n  \"inLanguage\": \"fr-CA\",\r\n  \"isAccessibleForFree\": true\r\n}\r\n<\/script>","protected":false},"excerpt":{"rendered":"<p>Comprendre la couverture pour le r\u00e8glement selon la valeur \u00e0 neuf \u00c9valu\u00e9 par Rena Novotny La couverture pour le r\u00e8glement selon la valeur \u00e0 neuf est un \u00e9l\u00e9ment important de l\u2019assurance habitation. Les diff\u00e9rents types de couvertures peuvent sembler accablants, mais la couverture pour le r\u00e8glement selon la valeur \u00e0 neuf est assez simple\u00a0: effectivement, [&hellip;]<\/p>\n","protected":false},"author":2,"featured_media":55073,"parent":50045,"menu_order":30,"comment_status":"open","ping_status":"closed","template":"page-article-new.php","meta":{"_acf_changed":false,"footnotes":""},"class_list":["post-55633","page","type-page","status-publish","has-post-thumbnail","hentry"],"acf":[],"_links":{"self":[{"href":"https:\/\/www.squareone.ca\/fr\/wp-json\/wp\/v2\/pages\/55633","targetHints":{"allow":["GET"]}}],"collection":[{"href":"https:\/\/www.squareone.ca\/fr\/wp-json\/wp\/v2\/pages"}],"about":[{"href":"https:\/\/www.squareone.ca\/fr\/wp-json\/wp\/v2\/types\/page"}],"author":[{"embeddable":true,"href":"https:\/\/www.squareone.ca\/fr\/wp-json\/wp\/v2\/users\/2"}],"replies":[{"embeddable":true,"href":"https:\/\/www.squareone.ca\/fr\/wp-json\/wp\/v2\/comments?post=55633"}],"version-history":[{"count":33,"href":"https:\/\/www.squareone.ca\/fr\/wp-json\/wp\/v2\/pages\/55633\/revisions"}],"predecessor-version":[{"id":78612,"href":"https:\/\/www.squareone.ca\/fr\/wp-json\/wp\/v2\/pages\/55633\/revisions\/78612"}],"up":[{"embeddable":true,"href":"https:\/\/www.squareone.ca\/fr\/wp-json\/wp\/v2\/pages\/50045"}],"wp:featuredmedia":[{"embeddable":true,"href":"https:\/\/www.squareone.ca\/fr\/wp-json\/wp\/v2\/media\/55073"}],"wp:attachment":[{"href":"https:\/\/www.squareone.ca\/fr\/wp-json\/wp\/v2\/media?parent=55633"}],"curies":[{"name":"wp","href":"https:\/\/api.w.org\/{rel}","templated":true}]}}