{"id":55670,"date":"2022-02-08T09:29:48","date_gmt":"2022-02-08T17:29:48","guid":{"rendered":"https:\/\/www.squareone.ca\/tuyaux-geles"},"modified":"2025-08-26T08:28:43","modified_gmt":"2025-08-26T15:28:43","slug":"tuyaux-geles","status":"publish","type":"page","link":"https:\/\/www.squareone.ca\/fr\/centres-ressources\/bases-assurance\/tuyaux-geles","title":{"rendered":"Les tuyaux gel\u00e9s et votre assurance habitation"},"content":{"rendered":"<section id='intro' class=\"bg-shape-split bg-sub-page-hero\">\r\n    <div class=\"bg-position\">\r\n        <div class=\"container-fluid\">\r\n            <div class=\"row align-items-center\">\r\n                <div class=\"col-12 col-lg-8\">\r\n                    <h1>Les tuyaux gel\u00e9s et votre assurance habitation<\/h1>\r\n   <strong>Article r\u00e9dig\u00e9 par l'\u00e9quipe de Square One<\/strong>\r\n\t\t\t\t\t<p><strong>\u00c9valu\u00e9 par <a href=\"\/fr\/a-propos-de-nous\/experts\/rena-novotny\" title=\"Experte : Rena Novotny\">Rena Novotny<\/a><\/strong><\/p>\t\r\n\t\t\t\t\t<p class=\"pb-4\" style=\"margin-top:-24px\">Mis \u00e0 jour le 17 juin 2024<\/p>\t\t\t\t\r\n                <\/div>\r\n            <\/div>\r\n\r\n            <div class=\"row\">\r\n                <div class=\"col-lg-8\">\r\n                    <p class=\"display-4\">Au Canada, l\u2019hiver est synonyme de neige, de glace et de vents glaciaux.<\/p>\r\n                    <p class=\"display-4\">Les tuyaux gel\u00e9s repr\u00e9sentent un danger pour votre maison pendant l\u2019hiver. Ils peuvent \u00e9clater et causer des milliers de dollars de dommages en d\u00e9g\u00e2ts d\u2019eau. Heureusement, il y a quelques mesures que vous pouvez prendre pour emp\u00eacher les tuyaux gel\u00e9s.<\/p>\r\n                    <p class=\"display-4\">Lisez la suite pour d\u00e9couvrir comment emp\u00eacher les tuyaux gel\u00e9s et comment <a href=\"\/fr\/habitation\" title=\"Assurance Habitation\">prot\u00e9ger votre maison<\/a> si vous vous absentez pendant l\u2019hiver.<\/p>\r\n                    <p class=\"pt-2\"><img decoding=\"async\" src=\"https:\/\/cdn.squareone.ca\/wp-content\/uploads\/2013\/12\/30071207\/img-frozen-pipe-e1560883835756.jpg\" alt=\"Tuyau gel\u00e9\" width=\"248px\" class=\"img-fluid\" rel=\"noopener noreferrer\" \/><\/p>\r\n                <\/div>\r\n\r\n                <div class=\"col-lg-3 offset-lg-1\">          \r\n                    <p class=\"mb-2 display-4 pt-4 pt-lg-0 pt-mb-0\"><strong>Th\u00e8mes<\/strong><\/p>\r\n                        <ul class=\"list-unstyled link-list display-4\">\r\n                            <li><a href=\"#prevention\">Pr\u00e9vention des tuyaux gel\u00e9s<\/a><\/li>\r\n                            <li><a href=\"#exclusions-courantes\">Exclusions courantes<\/a><\/li>\r\n                            <li><a href=\"#incidents-recents\">Incidents r\u00e9cents<\/a><\/li>\r\n                            <li><a href=\"#difference-square-one\">La diff\u00e9rence Square One<\/a><\/li>\r\n                        <\/ul>\r\n                <\/div>\r\n            <\/div>  \r\n        <\/div>\r\n    <\/div>\r\n    <div class=\"bg-bottom\"><\/div>\r\n<\/section>\r\n\r\n<section>\r\n    <div class=\"container-fluid py-6\">\r\n        <div class=\"row\">\r\n            <div class=\"col-12 col-lg-8\">\r\n\r\n <div class=\"row pb-6\">\r\n                    <div class=\"col-12\">\r\n                        <div class=\"card review\" style='background-color:#FFE0C9'>\r\n                            <div class=\"card-body\">\r\n                                <p class=\"h3\">L&rsquo;essentiel<\/p>\r\n                                <ul class='mb-0'>\r\n                                    <li>Les propri\u00e9taires occupants devraient prendre des mesures pr\u00e9ventives pour emp\u00eacher le gel des tuyaux pendant les p\u00e9riodes froides.<\/li>\r\n                                    <li>G\u00e9n\u00e9ralement, l&rsquo;assurance habitation couvre les dommages caus\u00e9s par les tuyaux \u00e9clat\u00e9s, \u00e0 condition que quelqu&rsquo;un se rende \u00e0 la maison pour v\u00e9rifier l&rsquo;\u00e9tat de l&rsquo;habitation pendant qu&rsquo;elle est inoccup\u00e9e.<\/li>\r\n                                <\/ul>\r\n                            <\/div>\r\n                        <\/div>\r\n                    <\/div>\r\n                <\/div>            \t\r\n\r\n<h2 id=\"prevention\">Comment emp\u00eacher les tuyaux gel\u00e9s<\/h2>\r\n\r\n<p>Que vous soyez \u00e0 la maison pendant tout l\u2019hiver ou vous partiez en voyage, vous devriez prendre quelques pr\u00e9cautions afin de prot\u00e9ger les conduites d\u2019eau de votre maison des temp\u00e9ratures glaciales\u00a0:<\/p>\r\n\r\n    <ul>\r\n        <li>Installez de l\u2019isolation de tuyau sur les conduites d\u2019eau qui passent \u00e0 travers les parties sans isolation de votre maison, comme le grenier ou le vide sanitaire.<\/li>\r\n<li>Installez du <a href=\"https:\/\/aio.caqe.com\/9517\/comment-utiliser-du-ruban-chauffant-pour-empecher-les-tuyaux\" title=\"Ruban chauffant pour emp\u00eacher les tuyaux de plomberie de geler\" rel=\"noopener noreferrer\" target=\"_blank\">ruban chauffant<\/a> sur les tuyaux \u00e0 risque. Le ruban chauffant est un c\u00e2ble \u00e9lectrique install\u00e9 sur un tuyau qui chauffe le tuyau lorsque la temp\u00e9rature baisse.<\/li>\r\n        <li>Comblez les fissures ou espaces autour de la maison o\u00f9 l\u2019air froid de l\u2019ext\u00e9rieur peut p\u00e9n\u00e9trer.<\/li>\r\n        <li>S\u2019il y a des vannes d\u2019arr\u00eat pour les robinets ext\u00e9rieurs, assurez-vous de les drainer et de les fermer pendant l\u2019hiver.<\/li>\r\n        <li>S\u2019il fait froid et vous vous inqui\u00e9tez sur la condition des tuyaux, ouvrez doucement les robinets pour laisser couler un peu d\u2019eau.<\/li>\r\n        <li>Si vous vous absentez de la maison un jour ou deux, demandez \u00e0 quelqu\u2019un de venir s\u2019assurer que le chauffage reste allum\u00e9.<\/li>\r\n    <\/ul>\r\n\r\n<p>Ceci est tr\u00e8s important, car les <a href=\"\/fr\/centres-ressources\/lexique-assurance\/sinistre\" title=\"D\u00e9finition : sinistre\">sinistres<\/a> les plus s\u00e9v\u00e8res provoqu\u00e9s par les tuyaux gel\u00e9s surviennent pendant les absences prolong\u00e9es des propri\u00e9taires occupants. Qui plus est, \u00e0 titre d\u2019admissibilit\u00e9 \u00e0 la couverture pour tuyaux gel\u00e9s, de nombreuses polices d\u2019assurance comprennent une condition que le propri\u00e9taire occupant s\u2019organise pour que quelqu\u2019un surveille la maison pendant ses absences en hiver.<\/p>\r\n\r\n<p>Lisez la suite pour en savoir plus.<\/p>\r\n\r\n<h2 id=\"exclusions-courantes\">L\u2019assurance habitation r\u00e8gle-t-elle les dommages provoqu\u00e9s par les tuyaux gel\u00e9s?<\/h2>\r\n\r\n<p>Avez-vous pens\u00e9 aux cons\u00e9quences si vos tuyaux g\u00e8lent en raison d\u2019une <a href=\"\/fr\/centres-ressources\/securite-domiciliaire-personnelle\/panne-de-courant\" title=\"Pannes de courant : causes, pr\u00e9paration et ce qu\u2019il faut faire pendant et apr\u00e8s\">panne de courant<\/a> ou la chute des temp\u00e9ratures pendant votre absence?<\/p>\r\n\r\n<p>L\u2019eau peut facilement fuir des tuyaux gel\u00e9s et \u00e9clat\u00e9s, causant des milliers de dollars en d\u00e9g\u00e2ts. Au fil des ans, Square One a observ\u00e9 que chaque sinistre caus\u00e9 par les d\u00e9g\u00e2ts d&rsquo;eau comporte un co\u00fbt moyen de 16\u00a0000\u00a0$. Heureusement, la plupart des polices d&rsquo;assurance habitation couvrent les dommages provoqu\u00e9s par les tuyaux \u00e9clat\u00e9s, sous r\u00e9serve de certaines conditions.. <a href=\"\/fr\/habitation\/eau\" title=\"Assurance contre les d\u00e9g\u00e2ts d\u2019eau\">La couverture contre les d\u00e9g\u00e2ts d\u2019eau<\/a> peut varier selon les conditions de votre police en assurance habitation.<\/p>\r\n\r\n<p>La plupart des polices d\u2019assurance habitation comprennent une condition indiquant que si vous vous absentez de la maison pendant un certain nombre de jours cons\u00e9cutifs pendant l\u2019hiver, vous devez soit fermer l\u2019alimentation en eau et drainer les tuyaux soit demander \u00e0 quelqu\u2019un de se rendre chez vous pour s\u2019assurer que le chauffage reste allum\u00e9.<\/p>\r\n\r\n<p>Cette condition varie selon la compagnie d\u2019assurance, mais il est tr\u00e8s probable que votre police d\u2019assurance habitation comprend une obligation d\u2019assurer la protection de votre maison pendant vos absences.<\/p>\r\n\r\n<p>Si vous ne respectez pas cette condition, votre compagnie d\u2019assurance habitation refusera toute <a href=\"https:\/\/infoassurance.ca\/blogue\/habitation\/de-plus-en-plus-de-degats-d-eau\/\" title=\"De plus en plus de d\u00e9g\u00e2ts d\u2019eau\" rel=\"noopener noreferrer\" target=\"_blank\">r\u00e9clamation pour d\u00e9g\u00e2ts d\u2019eau<\/a> issue des tuyaux gel\u00e9s. \u00c9tant donn\u00e9 le d\u00e9bit d\u2019eau \u00e9lev\u00e9 dans les conduites d\u2019alimentation modernes, cela peut se traduire par l\u2019inondation d\u2019une maison enti\u00e8re provoquant des milliers de dollars de r\u00e9parations \u2014 aux frais du propri\u00e9taire occupant.<\/p>\r\n\r\n<\/div>\r\n        <\/div>\r\n    <\/div>\r\n<\/section>\r\n\r\n\t<section class=\"bg-transparent\">\n\t\t<img decoding=\"async\" src=\"\/sales\/images\/bgs\/bg-mid-page-cta-general-top.svg\" style=\"width: 100%; vertical-align: bottom; position: relative; top: 1px\"\/>\n\t\t\n\t\t<div class=\"bg-darkTeal py-3\">\t\t\t\n\t\t\t<div class=\"container-fluid\">\n\t\t\t\t<div class=\"row d-flex align-items-center pb-5\">\n\t\t\t\t\t<div class=\"col-12 col-md-8 offset-md-2 px-lg-5 pb-5 pb-lg-0\">\n\t\t\t\t\t\t<div class=\"h6 mb-4 text-primary text-uppercase text-center\">\n\t\t\t\t\t\t\tCela ne prend que 5\u00a0minutes \n\t\t\t\t\t\t<\/div>\t\t\n\t\t\t\t\t\t\t\t\t\t\t\n\t\t\t\t\t\t<p class=\"lead px-lg-5 text-white\">\n\t\t\t\t\t\t\t<strong class=\"d-inline-block text-uc-first\">Pr\u00eat \u00e0 obtenir une soumission en ligne? <\/strong> Votre temps est aussi pr\u00e9cieux que vos possessions. Obtenez une soumission d'assurance habitation en <strong>5 minutes<\/strong>. C\u2019est moins de temps qu\u2019il n\u2019en faut pour faire la file pour un caf\u00e9.\n\t\t\t\t\t\t<\/p>\t\t\t\n\t\n\t\t\t\t\t\t<div id=\"sq1-qw-a8c738dc13ca\" class=\"sq1-quote-widget mb-4 text-white\" data-quote-widget-type=\"HOME\" data-has-custom-text=\"true\">\n\t\t\t\t\t\t\t<div class=\"input-group input-group-focus-within bg-white my-4\">\n\t\t\t\t\t\t\t\t<div>\n\t\t\t\t\t\t\t\t\t<div class=\"input-group-text\">\n\t\t\t\t\t\t\t\t\t\t<i class=\"fa fa-map-marker d-block text-black\"><\/i>\n\t\t\t\t\t\t\t\t\t<\/div>\n\t\t\t\t\t\t\t\t<\/div>\n\t\t\t\t\t\t\t\t<input type=\"text\" class=\"form-control\" style=\"padding: 10px;\" placeholder=\"Enter an address\" aria-label=\"Inscrivez votre adresse pour obtenir une soumission\"\/>\n\t\t\t\t\t\t\t\t<div>\n\t\t\t\t\t\t\t\t\t<button class=\"btn btn-primary\">Obtenir une soumission en ligne d\u00e8s maintenant<\/button>\n\t\t\t\t\t\t\t\t<\/div>\n\t\t\t\t\t\t\t<\/div>\n\t\t\t\t\t\t<\/div>\n\t\t\t\t\t\t\n\t\t\t\t\t\t<p class=\"small text-white\">Avant de commencer, veuillez lire notre <a href=\"https:\/\/www.squareone.ca\/fr\/politique-confidentialite\" target=\"_blank\" rel=\"noreferrer noopener\">Politique de confidentialit\u00e9<\/a> et nos <a href=\"https:\/\/www.squareone.ca\/fr\/conditions-utilisation\" target=\"_blank\" rel=\"noreferrer noopener\">Conditions d\u2019utilisation<\/a>.<\/p>\t\n\t\n\t\t\t\t\t\t<script type=\"text\/javascript\">\n\t\t\t\t\t\t(function() {\n\t\t\t\t\t\t\tdocument.addEventListener('soiMiscJsLoaded', function() {\n\t\t\t\t\t\t        $(document).ready(function() {\n\t\t\t\t\t\t\t\t\tsoiQuoteWidget.processFormWidget('\/sales\/index.php\/json_quote_widget?rand=' +Math.random(), 'qwContainer'); \/\/populate quoting widget with content from symfony.\n\t\t\t\t\t\t\t\t});\n\t\t\t\t\t\t\t});\n\t\t\t\t\t\t})();\n\t\t\t\t\t\t<\/script>\n\t\t\t\t\t<\/div>\n\t\t\t\t<\/div>\n\t\t\t<\/div>\n\t\t<\/div>\n\t\t\n\t\t<img decoding=\"async\" src=\"\/sales\/images\/bgs\/bg-mid-page-cta-general-bottom.svg\" style=\"width: 100%; vertical-align: top\"\/>\t\t\n\t<\/section>\r\n\r\n<section>\r\n    <div class=\"container-fluid py-6\">\r\n        <div class=\"row\">\r\n            <div class=\"col-12 col-lg-8\">\r\n\r\n<h2 id=\"difference-square-one\">La diff\u00e9rence Square One<\/h2>\r\n\r\n<p>Chez Square One, nous avons pris des mesures pour prot\u00e9ger nos clients de ce genre de situation d\u00e9sagr\u00e9able. Notre objectif est de fournir aux propri\u00e9taires occupants, aux copropri\u00e9taires et aux locataires la protection la plus compr\u00e9hensive.<\/p>\r\n\r\n<p><strong>Les clients de Square One qui s\u2019absentent de la maison pendant 7\u00a0jours ou moins pendant la saison de chauffage n\u2019ont pas besoin de prendre des mesures suppl\u00e9mentaires pour conserver leur admissibilit\u00e9.<\/strong><\/p>\r\n\r\n<p>Nous savons que nos clients aiment voyager pendant l\u2019hiver et comptons sur eux pour pr\u00e9parer leurs habitations en cons\u00e9quence. Pour cette raison, notre police n\u2019impose aucune condition al\u00e9atoire pour des absences temporaires d\u2019un maximum de 7\u00a0jours cons\u00e9cutifs.<\/p>\r\n\r\n<p>En evanche, si un client de Square One s\u2019absentera de la maison pendant plus de 7\u00a0jours, notre police exige que celui-ci prenne l\u2019une des mesures suivantes pour prot\u00e9ger la maison\u00a0:<\/p>\r\n\r\n    <ul>\r\n        <li>S\u2019assurer que le chauffage se maintient \u00e0 un niveau acceptable conform\u00e9ment au libell\u00e9 de la police. Il faut que la fournaise soit en bon \u00e9tat op\u00e9rationnel et que quelqu\u2019un v\u00e9rifie p\u00e9riodiquement la maison pour s\u2019assurer que le chauffage reste allum\u00e9. Chez Square One, la v\u00e9rification quotidienne n\u2019est pas obligatoire.<\/li>\r\n        <li>Si vous ne trouvez personne pour v\u00e9rifier le chauffage, vous pouvez fermer l\u2019eau et drainer les tuyaux et les r\u00e9servoirs d\u2019eau, comme le <a href=\"\/fr\/centres-ressources\/connaitre-votre-habitation\/reservoir-eau-chaude\" title=\"Initiation aux r\u00e9servoirs d\u2019eau chaude\">r\u00e9servoir d\u2019eau chaude<\/a>. Les clients de Square One ne sont pas oblig\u00e9s de fermer le syst\u00e8me d\u2019extinction automatique. Cela les laisseront vuln\u00e9rables \u00e0 un sinistre li\u00e9 \u00e0 l\u2019incendie et pourrait contrevenir au code du b\u00e2timent ou aux r\u00e8glements municipaux.<\/li>\r\n    <\/ul>\r\n\r\n<p>En outre, notre police comprend des dispositions pour aider nos clients s\u2019ils subissent une urgence et ne peuvent pas suivre les deux d\u00e9marches pr\u00e9ventives ci-dessus.<\/p>\r\n\r\n<p>Si un client de Square One doit s\u2019absenter de sa maison pour recevoir un traitement m\u00e9dical d\u2019urgence, notre police couvrira les d\u00e9g\u00e2ts d\u2019eau caus\u00e9s par des tuyaux gel\u00e9s. Nous savons que la sant\u00e9 et la s\u00e9curit\u00e9 de nos clients sont primordiales. Pour cette raison, nous avons adapt\u00e9 cette partie de la police pour soutenir nos assur\u00e9s en cas d\u2019urgence.<\/p>\r\n\r\n<p>Nous savons que les hivers canadiens sont durs. Lorsque vous \u00eates \u00e0 la plage ou \u00e0 l\u2019h\u00f4pital, la derni\u00e8re chose que vous voulez faire c\u2019est de vous inqui\u00e9ter des conditions restrictives de votre police d\u2019assurance habitation.<\/p>\r\n\r\n<h2 id=\"Not-me\">Tuyaux gel\u00e9s\u00a0: deux r\u00e9cits \u00e9difiants<\/h2>\r\n\r\n\t\t\t\t\t\t\t\t<p>Les tuyaux gel\u00e9s ne rel\u00e8vent pas de la th\u00e9orie; c&rsquo;est quelque chose qui arrive tous les hivers.<\/p>\r\n\r\n<p>Au retour des vacances d\u2019hiver, un couple ontarien a retrouv\u00e9 leur habitation en catastrophe. Avant de partir en Floride pour l\u2019hiver, ils avaient ferm\u00e9 l\u2019alimentation en eau, mais n\u2019avaient pas ferm\u00e9 le syst\u00e8me d\u2019extinction automatique contre l\u2019incendie, car le code du b\u00e2timent exige que le syst\u00e8me reste op\u00e9rationnel.<\/p>\r\n\r\n<p>Le tuyau menant \u00e0 la t\u00eate d\u2019extincteur a gel\u00e9 et \u00e9clat\u00e9. R\u00e9sultat\u00a0: l\u2019habitation a \u00e9t\u00e9 inond\u00e9e causant des d\u00e9g\u00e2ts d\u2019eau compr\u00e9hensifs et co\u00fbteux. Leur compagnie d\u2019assurance a refus\u00e9 leur r\u00e9clamation en constatant que les propri\u00e9taires occupants auraient d\u00fb fermer et vider l\u2019alimentation en eau, y compris le syst\u00e8me d\u2019extinction automatique, car ils s\u2019absentaient de l\u2019habitation pendant une p\u00e9riode prolong\u00e9e.<\/p>\r\n<p>Autre exemple\u00a0:<\/p>\r\n\r\n<p>Une femme \u00e9tait \u00e0 l\u2019h\u00f4pital pour un traitement d\u2019urgence contre le cancer. Elle \u00e9tait absente de la maison pendant trois semaines quand la fournaise est tomb\u00e9e en panne. Les tuyaux ont gel\u00e9 et \u00e9clat\u00e9 provoquant des dommages consid\u00e9rables dans la maison. Pendant son absence, un voisin surveillait la maison et cherchait le courrier, mais il n\u2019entrait pas dans la maison tous les jours. Pour cette raison, la r\u00e9clamation pour d\u00e9g\u00e2ts d&rsquo;eau a \u00e9t\u00e9 refus\u00e9e.<\/p>\r\n\r\n<p>Les assur\u00e9s sont nombreux \u00e0 ignorer cette <a href=\"\/fr\/centres-ressources\/bases-assurance\/exclusions-police-assurance-habitation\" title=\"Initiation aux exclusions d\u2019une police d\u2019assurance habitation\">exclusion normale<\/a> dans leur police d\u2019assurance habitation. Bien que vous vous conformiez aux conditions de votre police, une exigence du code du b\u00e2timent ou une urgence m\u00e9dicale pourrait vous mettre dans une situation d\u00e9licate.<\/p>\r\n\r\n<p><strong>Vous voulez en savoir plus?<\/strong> Consultez notre <a href=\"\/fr\/centres-ressources\/bases-assurance\" title=\"Centre de ressources : bases de l\u2019assurance habitation\">Centre de ressources&nbsp;: bases de l\u2019assurance habitation<\/a> pour acc\u00e9der \u00e0 des dizaines d\u2019articles pratiques pour vous guider sur les tenants et aboutissants de l\u2019assurance habitation. Ensuite, <a href=\"\/fr\/soumission-assurance-habitation-en-ligne\" title=\"Obtenir une soumission d\u2019assurance habitation en ligne\">obtenez une soumission d'assurance habitation en ligne<\/a> en moins de 5\u00a0minutes et d\u00e9couvrez \u00e0 quel point l\u2019assurance habitation personnalis\u00e9e peut \u00eatre abordable.<\/p>\r\n\r\n<div class=\"row py-3\">\r\n<div class=\"col-12\">\r\n<div class=\"card review\" style=\"box-shadow: 0 2px 4px rgba(0,0,0,0.07);background-color:#f4f4f4;\">\r\n<div class=\"card-body\">\r\n\t<p class=\"text-primary h4\">\u00c0 propos de l\u2019experte&nbsp;: Rena Novotny<\/p>\r\n\t<p>Rena a commenc\u00e9 sa carri\u00e8re de 23&nbsp;ans \u00e0 titre d\u2019experte en sinistres ind\u00e9pendante o\u00f9 elle s\u2019est sp\u00e9cialis\u00e9e dans les sinistres complexes, de responsabilit\u00e9 civile et de risque sp\u00e9cial. \u00c0 titre de gestionnaire de succursale, Rena embauchait, formait, encadrait et entra\u00eenait plusieurs experts en sinistres. Elle poursuit des \u00e9tudes sup\u00e9rieures \u00e0 temps partiel en neuro-psychologie et traumatisme dans le but d\u2019apprendre comment les deux conditions pourraient toucher l\u2019engagement de l\u2019assur\u00e9 quant aux sinistres catastrophiques. Titulaire d\u2019une ma\u00eetrise en analyse et gestion de conflits, Rena est munie des d\u00e9signations CRM, PAA et d\u2019un certificat en expertise en r\u00e8glement de sinistres, niveau&nbsp;3.<\/p>\r\n<\/div>\r\n<\/div>\r\n<\/div>\r\n<\/div>\r\n\r\n        <\/div>\r\n    <\/div>\r\n<\/div>\r\n<\/section>\r\n<script type=\"application\/ld+json\">\r\n{\r\n  \"@context\": \"https:\/\/schema.org\",\r\n   \"@type\": \"WebPage\",\r\n  \"mainEntityOfPage\": {\r\n    \"@type\": \"Article\",\r\n    \"@id\": \"https:\/\/www.squareone.ca\/fr\/centres-ressources\/bases-assurance\/tuyaux-geles\"\r\n  },\r\n  \"author\": [\r\n    {\r\n      \"@type\": \"Person\",\r\n      \"name\": \"Square One team\"\r\n    }\r\n  ],\r\n  \"reviewedBy\": [\r\n    {\r\n      \"@type\": \"Person\",\r\n      \"name\": \"Rena Novotny\",\r\n      \"url\": \"https:\/\/www.squareone.ca\/fr\/a-propos-de-nous\/experts\/rena-novotny\"\r\n    }\r\n  ],\r\n  \"headline\": \"Les tuyaux gel\u00e9s et votre assurance habitation\",\r\n  \"datePublished\": \"\",\r\n  \"dateModified\": \"\",\r\n  \"inLanguage\": \"fr-CA\",\r\n  \"isAccessibleForFree\": true\r\n}\r\n<\/script>\r\n<script type=\"application\/ld+json\">\r\n{\r\n  \"@context\": \"https:\/\/schema.org\",\r\n  \"@type\": \"FAQPage\",\r\n  \"mainEntity\": [{\r\n    \"@type\": \"Question\",\r\n    \"name\": \"Comment emp\u00eacher les tuyaux gel\u00e9s?\",\r\n    \"acceptedAnswer\": {\r\n      \"@type\": \"Answer\",\r\n      \"text\": \"Que vous soyez \u00e0 la maison pendant tout l\u2019hiver ou vous partiez en voyage, vous devriez prendre quelques pr\u00e9cautions afin de prot\u00e9ger les conduites d\u2019eau de votre maison des temp\u00e9ratures glaciales. Installez de l\u2019isolation de tuyau sur les conduites d\u2019eau qui passent \u00e0 travers les parties sans isolation de votre maison, comme le grenier ou le vide sanitaire. Comblez les fissures ou espaces autour de la maison o\u00f9 l\u2019air froid de l\u2019ext\u00e9rieur peut p\u00e9n\u00e9trer. S\u2019il y a des vannes d\u2019arr\u00eat pour les robinets ext\u00e9rieurs, assurez-vous de les drainer et de les fermer pendant l\u2019hiver.<\/li>\r\n<li>S\u2019il fait froid et vous vous inqui\u00e9tez sur la condition des tuyaux, ouvrez doucement les robinets pour laisser couler un peu d\u2019eau. Si vous vous absentez de la maison un jour ou deux, demandez \u00e0 quelqu\u2019un de venir s\u2019assurer que le chauffage reste allum\u00e9.>\r\n<\/ul>\"\r\n    }\r\n  },{\r\n    \"@type\": \"Question\",\r\n    \"name\": \"L\u2019assurance habitation r\u00e8gle-t-elle les dommages provoqu\u00e9s par les tuyaux gel\u00e9s?\",\r\n    \"acceptedAnswer\": {\r\n      \"@type\": \"Answer\",\r\n      \"text\": \"L\u2019eau peut facilement fuir des tuyaux gel\u00e9s et \u00e9clat\u00e9s, causant des milliers de dollars en d\u00e9g\u00e2ts. La plupart des Canadiens sont persuad\u00e9s que l\u2019assurance habitation couvrent ce genre de sinistre. Dans la majorit\u00e9 des cas, ceci est vrai, mais les conditions de la protection contre les d\u00e9g\u00e2ts d\u2019eau varient selon le fournisseur d\u2019assurance. La plupart des polices d\u2019assurance habitation comprennent une condition indiquant que si vous vous absentez de la maison pendant un certain nombre de jours cons\u00e9cutifs pendant l\u2019hiver, vous devez soit fermer l\u2019alimentation en eau et drainer les tuyaux soit demander \u00e0 quelqu\u2019un de se rendre chez vous pour s\u2019assurer que le chauffage reste allum\u00e9. Cette condition varie selon la compagnie d\u2019assurance, mais il est tr\u00e8s probable que votre police d\u2019assurance habitation comprend une obligation d\u2019assurer la protection de votre maison pendant vos absences. Si vous ne respectez pas cette condition, votre compagnie d\u2019assurance habitation refusera toute r\u00e9clamation pour d\u00e9g\u00e2ts d\u2019eau issue des tuyaux gel\u00e9s. \u00c9tant donn\u00e9 le d\u00e9bit d\u2019eau \u00e9lev\u00e9 dans les conduites d\u2019alimentation modernes, cela peut se traduire par l\u2019inondation d\u2019une maison enti\u00e8re provoquant des milliers de dollars de r\u00e9parations \u2014 aux frais du propri\u00e9taire occupant.\"\r\n    }\r\n  }]\r\n}\r\n<\/script>\r\n","protected":false},"excerpt":{"rendered":"<p>Les tuyaux gel\u00e9s et votre assurance habitation \u00c9valu\u00e9 par Rena Novotny Au Canada, l\u2019hiver est synonyme de neige, de glace et de vents glaciaux. Les tuyaux gel\u00e9s repr\u00e9sentent un danger pour votre maison pendant l\u2019hiver. Ils peuvent \u00e9clater et causer des milliers de dollars de dommages en d\u00e9g\u00e2ts d\u2019eau. Heureusement, il y a quelques mesures [&hellip;]<\/p>\n","protected":false},"author":2,"featured_media":0,"parent":50045,"menu_order":20,"comment_status":"open","ping_status":"open","template":"page-article-new.php","meta":{"_acf_changed":false,"footnotes":""},"class_list":["post-55670","page","type-page","status-publish","hentry"],"acf":[],"_links":{"self":[{"href":"https:\/\/www.squareone.ca\/fr\/wp-json\/wp\/v2\/pages\/55670","targetHints":{"allow":["GET"]}}],"collection":[{"href":"https:\/\/www.squareone.ca\/fr\/wp-json\/wp\/v2\/pages"}],"about":[{"href":"https:\/\/www.squareone.ca\/fr\/wp-json\/wp\/v2\/types\/page"}],"author":[{"embeddable":true,"href":"https:\/\/www.squareone.ca\/fr\/wp-json\/wp\/v2\/users\/2"}],"replies":[{"embeddable":true,"href":"https:\/\/www.squareone.ca\/fr\/wp-json\/wp\/v2\/comments?post=55670"}],"version-history":[{"count":21,"href":"https:\/\/www.squareone.ca\/fr\/wp-json\/wp\/v2\/pages\/55670\/revisions"}],"predecessor-version":[{"id":76155,"href":"https:\/\/www.squareone.ca\/fr\/wp-json\/wp\/v2\/pages\/55670\/revisions\/76155"}],"up":[{"embeddable":true,"href":"https:\/\/www.squareone.ca\/fr\/wp-json\/wp\/v2\/pages\/50045"}],"wp:attachment":[{"href":"https:\/\/www.squareone.ca\/fr\/wp-json\/wp\/v2\/media?parent=55670"}],"curies":[{"name":"wp","href":"https:\/\/api.w.org\/{rel}","templated":true}]}}