{"id":55751,"date":"2022-02-09T15:51:11","date_gmt":"2022-02-09T23:51:11","guid":{"rendered":"https:\/\/www.squareone.ca\/assurance-bague-de-fiancailles"},"modified":"2026-03-24T09:58:40","modified_gmt":"2026-03-24T16:58:40","slug":"assurance-bague-de-fiancailles","status":"publish","type":"page","link":"https:\/\/www.squareone.ca\/fr\/centres-ressources\/bases-assurance\/assurance-bague-de-fiancailles","title":{"rendered":"Initiation \u00e0 l\u2019assurance de bague de fian\u00e7ailles"},"content":{"rendered":"<section id='intro' class=\"bg-shape-split bg-sub-page-hero\">\r\n    <div class=\"bg-position\">\r\n        <div class=\"container-fluid\">\r\n            <div class=\"row align-items-center\">\r\n                <div class=\"col-12 col-lg-8\">\r\n                    <h1>Initiation \u00e0 l\u2019assurance de bague de fian\u00e7ailles<\/h1>\r\n  <strong>Article r\u00e9dig\u00e9 par l'\u00e9quipe de Square One<\/strong>\r\n                    <p><strong>Article \u00e9valu\u00e9 par <a href=\"https:\/\/www.squareone.ca\/about-us\/experts\/rena-novotny\" title=\"Experte : Rena Novotny\">Rena Novotny<\/a><\/strong><\/p>\r\n                    <p class=\"pb-4\" style=\"margin-top:-24px\">Mis \u00e0 jour le 18 juin 2024<\/p>\r\n                <\/div>\r\n            <\/div>\r\n\r\n            <div class=\"row\">\r\n                <div class=\"col-lg-8\">\r\n                    <p class=\"display-4\">Vous vivez un roman d\u2019amour avec un \u00eatre cher ou vous avez eu le coup de foudre?  Ah, comme c\u2019est beau l\u2019amour! Vous \u00eates pr\u00eat \u00e0 poser LA question?<\/p>\r\n                    <p class=\"display-4\">Vous avez d\u00e9j\u00e0 achet\u00e9 la bague de fian\u00e7ailles, d\u2019accord. Mais avez-vous pens\u00e9 comment vous allez prot\u00e9ger ce pr\u00e9cieux symbole de votre amour d\u2019ici le jour des noces \u2014 et \u00e0 l&rsquo;avenir, bien apr\u00e8s les v\u0153ux de mariage?<\/p>\r\n                    <p class=\"pt-2\"><img loading=\"lazy\" decoding=\"async\" src=\"https:\/\/cdn.squareone.ca\/wp-content\/uploads\/2022\/02\/09173219\/assurance-bague-de-fiancaille.jpg\" alt=\"Une bague de fian\u00e7ailles\" title=\"Assurance bague de fian\u00e7ailles\" width=\"248\" height=\"248\" class=\"img-fluid\" rel=\"noopener noreferrer\" \/><\/p>\r\n                <\/div>\r\n\r\n                <div class=\"col-lg-3 offset-lg-1\">          \r\n                    <p class=\"mb-2 display-4 pt-4 pt-lg-0 pt-mb-0\"><strong>Th\u00e8mes<\/strong><\/p>\r\n                        <ul class=\"list-unstyled link-list display-4\">\r\n                            <li><a href=\"#investissement\">Comment assurer un investissement sentimental?<\/a><\/li>\r\n                            <li><a href=\"#estimation\">\u00c9valuation par un expert<\/a><\/li>\r\n                            <li><a href=\"#couverture\">Admissibilit\u00e9 \u00e0 la couverture?<\/a><\/li>\r\n                            <li><a href=\"#perte\">Que faire en cas de perte?<\/a><\/li>\r\n                            <li><a href=\"#faq\">Questions fr\u00e9quemment pos\u00e9es<\/a><\/li>     \r\n                        <\/ul>\r\n                <\/div>\r\n            <\/div>  \r\n        <\/div>\r\n    <\/div>\r\n    <div class=\"bg-bottom\"><\/div>\r\n<\/section>\r\n\r\n<section>\r\n    <div class=\"container-fluid py-6\">\r\n        <div class=\"row\">\r\n            <div class=\"col-12 col-lg-8\">\r\n\r\n<div class=\"row pb-6\">\r\n                    <div class=\"col-12\">\r\n                        <div class=\"card review\" style='background-color:#FFE0C9'>\r\n                            <div class=\"card-body\">\r\n                                <p class=\"h3\">L&rsquo;essentiel<\/p>\r\n                                <ul class='mb-0'>\r\n                                    <li>Il est possible que vous deviez faire \u00e9valuer la bague de fian\u00e7ailles pour d\u00e9terminer sa valeur \u00e0 des fins d&rsquo;assurance.<\/li>\r\n                                    <li>La plupart des polices d&rsquo;assurance habitation couvrent les bagues de fian\u00e7ailles et les autres types de bijoux, bien que certaines polices puissent imposer des sous-limitations, \u00e0 moins que l&rsquo;article soit inscrit \u00e0 la police.<\/li>\r\n                                <\/ul>\r\n                            <\/div>\r\n                        <\/div>\r\n                    <\/div>\r\n                <\/div>            \t\r\n\r\n              <h2 id=\"investissement\">Comment assurer un investissement sentimental?<\/h2>\r\n<p>Vous enlevez la bague pour vous laver les mains et oubliez de l\u2019avoir fait. Votre habitation est cambriol\u00e9e pendant que vous \u00eates en vacances. Celles-ci sont parmi les nombreuses raisons pour lesquelles vous devriez prot\u00e9ger votre bague de fian\u00e7ailles flambant neuve d\u00e8s le moment que votre amoureux la glisse sur votre doigt. Heureusement, il y a l\u2019assurance pour bague de fian\u00e7ailles.<\/p>\r\n\r\n<p>Vous pouvez souscrire une assurance pour bague de fian\u00e7ailles d\u00e8s que vous vous la procurez. R\u00e9sultat\u00a0: vous et votre conjoint pouvez planifier tranquillement le mariage en sachant que la bague de fian\u00e7ailles est d\u00e9j\u00e0 assur\u00e9e. Ce type de police offre g\u00e9n\u00e9ralement une protection contre le vol et les dommages, ainsi qu\u2019un r\u00e8glement selon la valeur \u00e0 neuf ou selon la valeur au jour du sinistre.<\/p>\r\n\r\n<h2 id=\"estimation\">Estimation par un expert<\/h2>\r\n<p>Avant d\u2019assurer ce pr\u00e9cieux bijou, vous avez int\u00e9r\u00eat \u00e0 le faire \u00e9valuer par un expert de bonne r\u00e9putation pour d\u00e9terminer sa valeur r\u00e9elle. Ceci est important si la bague est un objet de famille ou si elle n\u2019a pas d\u2019\u00e9tiquette de prix. Si vous achetez votre bague chez un bijoutier, demandez un certificat de diamant ou un rapport de classification des diamants. Ce document, qui comprend des d\u00e9tails sur la coupe, la couleur et le carat du diamant, permettra \u00e0 l\u2019expert de donner une \u00e9valuation plus exacte. <\/p>\r\n\r\n<p>Vous pouvez toujours obtenir une deuxi\u00e8me \u00e9valuation si la premi\u00e8re \u00e9valuation ne correspond pas \u00e0 vos attentes. Une estimation trop \u00e9lev\u00e9e signifie que vous finirez par payer une prime d\u2019assurance accrue tout en prenant le risque de recevoir un r\u00e8glement inf\u00e9rieur en cas de perte. <\/p>\r\n\r\n<p>N\u2019oubliez pas de r\u00e9\u00e9valuer la bague au fil des ans. \u00c9tant donn\u00e9 que la valeur d\u2019une bague de fian\u00e7ailles peut augmenter avec l&rsquo;\u00e2ge, tout comme les autres bijoux et antiquit\u00e9s, vous ne voulez pas sous-assurer un article dont la valeur a mont\u00e9 avec le temps. <\/p>\r\n\r\n<p>Si vous avez achet\u00e9 la bague en solde ou en liquidation, n\u2019oubliez pas de l\u2019assurer selon sa vraie valeur et non selon le prix de solde. Remarquez qu\u2019il est tr\u00e8s facile de sous-assurer la bague si vous ne pr\u00e9cisez pas sa valeur r\u00e9elle. <\/p>\r\n\r\n<h2 id=\"couverture\">Ma police d\u2019assurance habitation couvre-t-elle ma bague de fian\u00e7ailles?<\/h2>\r\n<p>Si vous pensez \u00e0 souscrire une <a href=\"https:\/\/www.squareone.ca\/home\" title=\"Assurance habitation\">assurance habitation<\/a>, il est probable que vous recherchez un produit qui prot\u00e8ge votre maison, votre appartement ou <a href=\"https:\/\/www.squareone.ca\/condo\" title=\"Assurance copropri\u00e9taire\">copropri\u00e9t\u00e9<\/a>, ainsi que toutes vos possessions, contre les risques comme l\u2019incendie, les d\u00e9g\u00e2ts d\u2019eau et le vol. Vous ignorez peut-\u00eatre que les bagues de fian\u00e7ailles et les autres bijoux sont souvent couverts dans les polices d\u2019assurance habitation.<\/p>\r\n\r\n<p>Que ces articles soient inclus ou non, et que cette couverture s\u2019inscrive dans le cadre de la police normale ou des protections facultatives, est en fonction du fournisseur d\u2019assurance et du type de police que vous choisissez. \r\nCertains fournisseurs, comme Square One, vous offrent la possibilit\u00e9 de personnaliser votre couverture selon vos besoins. Autrement dit, si vous ne poss\u00e9dez pas une bague de fian\u00e7ailles ou d\u2019autres bijoux, vous pouvez en passer et payer une <a href=\"https:\/\/www.squareone.ca\/resource-centres\/insurance-basics\/ways-to-save-money\" title=\"9 fa\u00e7ons d\u2019\u00e9conomiser de l\u2019argent sur votre assurance habitation\">prime moins \u00e9lev\u00e9<\/a>. En revanche, si vous avez une bague que vous souhaitez assurer, vous pouvez s\u00e9lectionner cette couverture facultative en vertu de votre police.<\/p>\r\n\r\n<p>Cela dit, si vous vous fiancez ou achetez des bijoux apr\u00e8s avoir souscrit votre assurance, vous devrez communiquer avec votre fournisseur d\u2019assurance pour mettre \u00e0 jour votre couverture. Ceci est tr\u00e8s important, car si vous n\u2019informez pas votre fournisseur d\u2019assurance de ces changements, il est possible que vous soyez pris au d\u00e9pourvu en cas de perte et inadmissible \u00e0 l\u2019indemnisation. Pour obtenir de plus amples renseignements, consultez notre article sur l&rsquo;assurance des <a href=\"https:\/\/www.squareone.ca\/resource-centres\/insurance-basics\/insuring-jewellery\" title=\"L\u2019assurance est-elle offerte pour les bijoux?\">bijoux<\/a>.<\/p>\r\n\r\n            <\/div>\r\n        <\/div>\r\n    <\/div>\r\n<\/section>\r\n\r\n\t<section class=\"bg-transparent\">\n\t\t<img decoding=\"async\" src=\"\/sales\/images\/bgs\/bg-mid-page-cta-general-top.svg\" style=\"width: 100%; vertical-align: bottom; position: relative; top: 1px\"\/>\n\t\t\n\t\t<div class=\"bg-darkTeal py-3\">\t\t\t\n\t\t\t<div class=\"container-fluid\">\n\t\t\t\t<div class=\"row d-flex align-items-center pb-5\">\n\t\t\t\t\t<div class=\"col-12 col-md-8 offset-md-2 px-lg-5 pb-5 pb-lg-0\">\n\t\t\t\t\t\t<div class=\"h6 mb-4 text-primary text-uppercase text-center\">\n\t\t\t\t\t\t\tCela ne prend que 5\u00a0minutes \n\t\t\t\t\t\t<\/div>\t\t\n\t\t\t\t\t\t\t\t\t\t\t\n\t\t\t\t\t\t<p class=\"lead px-lg-5 text-white\">\n\t\t\t\t\t\t\t<strong class=\"d-inline-block text-uc-first\">Pr\u00eat \u00e0 obtenir une soumission en ligne? <\/strong> Votre temps est aussi pr\u00e9cieux que vos possessions. Obtenez une soumission d'assurance habitation en <strong>5 minutes<\/strong>. C\u2019est moins de temps qu\u2019il n\u2019en faut pour faire la file pour un caf\u00e9.\n\t\t\t\t\t\t<\/p>\t\t\t\n\t\n\t\t\t\t\t\t<div id=\"sq1-qw-22e16d611cea\" class=\"sq1-quote-widget mb-4 text-white\" data-quote-widget-type=\"HOME\" data-has-custom-text=\"true\">\n\t\t\t\t\t\t\t<div class=\"input-group input-group-focus-within bg-white my-4\">\n\t\t\t\t\t\t\t\t<div>\n\t\t\t\t\t\t\t\t\t<div class=\"input-group-text\">\n\t\t\t\t\t\t\t\t\t\t<i class=\"fa fa-map-marker d-block text-black\"><\/i>\n\t\t\t\t\t\t\t\t\t<\/div>\n\t\t\t\t\t\t\t\t<\/div>\n\t\t\t\t\t\t\t\t<input type=\"text\" class=\"form-control\" style=\"padding: 10px;\" placeholder=\"Enter an address\" aria-label=\"Inscrivez votre adresse pour obtenir une soumission\"\/>\n\t\t\t\t\t\t\t\t<div>\n\t\t\t\t\t\t\t\t\t<button class=\"btn btn-primary\">Obtenir une soumission en ligne d\u00e8s maintenant<\/button>\n\t\t\t\t\t\t\t\t<\/div>\n\t\t\t\t\t\t\t<\/div>\n\t\t\t\t\t\t<\/div>\n\t\t\t\t\t\t\n\t\t\t\t\t\t<p class=\"small text-white\">Avant de commencer, veuillez lire notre <a href=\"https:\/\/www.squareone.ca\/fr\/politique-confidentialite\" target=\"_blank\" rel=\"noreferrer noopener\">Politique de confidentialit\u00e9<\/a> et nos <a href=\"https:\/\/www.squareone.ca\/fr\/conditions-utilisation\" target=\"_blank\" rel=\"noreferrer noopener\">Conditions d\u2019utilisation<\/a>.<\/p>\t\n\t\n\t\t\t\t\t\t<script type=\"text\/javascript\">\n\t\t\t\t\t\t(function() {\n\t\t\t\t\t\t\tdocument.addEventListener('soiMiscJsLoaded', function() {\n\t\t\t\t\t\t        $(document).ready(function() {\n\t\t\t\t\t\t\t\t\tsoiQuoteWidget.processFormWidget('\/sales\/index.php\/json_quote_widget?rand=' +Math.random(), 'qwContainer'); \/\/populate quoting widget with content from symfony.\n\t\t\t\t\t\t\t\t});\n\t\t\t\t\t\t\t});\n\t\t\t\t\t\t})();\n\t\t\t\t\t\t<\/script>\n\t\t\t\t\t<\/div>\n\t\t\t\t<\/div>\n\t\t\t<\/div>\n\t\t<\/div>\n\t\t\n\t\t<img decoding=\"async\" src=\"\/sales\/images\/bgs\/bg-mid-page-cta-general-bottom.svg\" style=\"width: 100%; vertical-align: top\"\/>\t\t\n\t<\/section>\r\n\r\n<section>\r\n    <div class=\"container-fluid py-6\">\r\n        <div class=\"row\">\r\n            <div class=\"col-12 col-lg-8\">\r\n\r\n<h2 id=\"perte\">Que faire en cas de perte?<\/h2>\r\n<p>Vous vous s\u00e9chez les mains apr\u00e8s avoir fait la vaisselle et, alors que les derni\u00e8res bulles de d\u00e9tergent s\u2019\u00e9coulent dans la canalisation, vous remarquez que votre bague de fian\u00e7ailles n\u2019est plus sur votre doigt! Ce genre de situation d\u00e9courageante est l\u2019un des innombrables sc\u00e9narios o\u00f9 vous pouvez facilement perdre votre bague de fian\u00e7ailles.<\/p>\r\n\r\n<p>Heureusement, vous avez assur\u00e9 votre bague de fian\u00e7ailles en pr\u00e9vision de ce genre de situation. D\u2019accord. Mais quelles sont les \u00e9tapes \u00e0 suivre si vous perdez votre bague?<\/p>\r\n\r\n<p>Pas de panique. Voici une liste d\u2019\u00e9tapes \u00e0 suivre en cas de perte, de vol ou de dommages irr\u00e9vocables afin de tirer le meilleur parti d\u2019une mauvaise situation\u00a0:<\/p>\r\n\r\n<ul>\r\n<li><p>Obtenez un rapport de police, au besoin \u2014 en cas de vol de votre bague, il faut obtenir un rapport de police dans les plus brefs d\u00e9lais. Si vous informez imm\u00e9diatement la police, vous augmentez les chances de r\u00e9cup\u00e9rer l\u2019objet vol\u00e9.<\/p><\/li>\r\n<li><p>Pr\u00e9sentez une r\u00e9clamation \u2014 une fois que vous saurez que vous ne r\u00e9cup\u00e9rerez ou ne retrouverez pas la bague, vous devrez pr\u00e9senter une r\u00e9clamation aupr\u00e8s de votre fournisseur d\u2019assurance. Les clients de Square One peuvent pr\u00e9senter une r\u00e9clamation par l\u2019interm\u00e9diaire de leur compte en ligne ou en composant le <a class=\"strong tel sq1-phone-number\" href=\"tel:1-855-331-6933\" style=\"text-decoration:none\">1.855.331.6933<\/a>.<\/p><\/li>\r\n<li><p>Choisissez le mode de r\u00e8glement \u2014 la plupart des polices modernes remplacent les biens perdus ou endommag\u00e9s selon la <a href=\"\/fr\/centres-ressources\/bases-assurance\/remplacement-biens-meubles\" title=\"Couverture pour le co\u00fbt de r\u00e9paration ou de remplacement\">valeur \u00e0 neuf<\/a>. R\u00e9sultat\u00a0: si votre r\u00e9clamation est approuv\u00e9e, vous recevrez un article de type et de qualit\u00e9 semblables \u00e0 la bague de fian\u00e7ailles perdue, \u00e0 concurrence de la limitation d\u2019assurance souscrite. Vous pouvez \u00e9galement accepter un r\u00e8glement selon la \u00ab\u00a0valeur au jour du sinistre\u00a0\u00bb. Si vous choisissez cette option, n\u2019oubliez pas que le r\u00e8glement comprendra la d\u00e9pr\u00e9ciation de l\u2019article au fil des ans.<\/p><\/li>\r\n<li><p>Collaborez avec l\u2019enqu\u00eate, au besoin \u2014 les r\u00e9clamations d\u2019assurance comprennent souvent une enqu\u00eate effectu\u00e9e par un expert en sinistres. Gr\u00e2ce \u00e0 ce processus, les clients sont indemnis\u00e9s leurs biens perdus, vol\u00e9s ou endommag\u00e9s. Il est important de collaborer avec l\u2019enqu\u00eate en fournissant des re\u00e7us ou estimations afin d\u2019aider l\u2019expert en sinistres \u00e0 comprendre tous les aspects de la r\u00e9clamation.<\/p><\/li>\r\n<\/ul>\r\n\r\n<p>Sinon, vous pouvez essayer de r\u00e9cup\u00e9rer la bague vous-m\u00eame. Avant de le faire, lisez l\u2019article intitul\u00e9 <a href=\"https:\/\/www.nws-online.org\/bague-tombee-dans-le-siphon-que-faire\/\" rel=\"noopener noreferrer\" title='Bague tomb\u00e9e dans le siphon, que faire' target=\"_blank\">Bague tomb\u00e9e dans le siphon, que faire?<\/a> publi\u00e9 sur News Online.<\/p>\r\n\r\n<h2 id=\"faq\">Questions fr\u00e9quemment pos\u00e9es<\/h2>\r\n<h3>Comment change l\u2019assurance apr\u00e8s le mariage?<\/h3>\r\n<p>Si vous et votre conjoint ne viviez pas ensemble avant le mariage, le fait de r\u00e9unir toutes vos possessions sous le m\u00eame toit influencera consid\u00e9rablement votre couverture d\u2019assurance. N\u2019oubliez pas de communiquer avec votre fournisseur afin de mettre \u00e0 jour vos limitations de couverture pour mieux tenir compte de vos biens individuels, surtout les articles comme les bicyclettes, les bijoux et les ferrures qui ne sont pas toujours admissibles aux couvertures normales.<\/p>\r\n<p>Si, apr\u00e8s le mariage, vous devenez copropri\u00e9taires ou propri\u00e9taires occupants, vous devrez souscrire une nouvelle assurance habitation et r\u00e9silier votre ancienne assurance locataire.<\/p>\r\n\r\n<h3>Puis-je assurer nos cadeaux de mariage?<\/h3>\r\n<p>G\u00e9n\u00e9ralement, les mari\u00e9s re\u00e7oivent un vaste assortiment de cadeaux et biens \u00e0 assurer, dont certains de taille importante. Nous vous recommandons de v\u00e9rifier votre police d\u2019assurance pour d\u00e9terminer si ces nouvelles possessions s\u2019inscrivent dans le cadre de vos limitations de couverture. Vous avez int\u00e9r\u00eat \u00e0 inscrire le montant total de tous ces cadeaux, comme le malaxeur, le mobilier de cuisine, la literie et le service de table, dans votre couverture.<\/p>\r\n\r\n<p><strong>Vous voulez en savoir plus?<\/strong> Consultez notre <a href=\"\/fr\/centres-ressources\/bases-assurance\" title=\"Centre de ressources : bases de l\u2019assurance habitation\">Centre de ressources&nbsp;: bases de l\u2019assurance habitation<\/a> pour acc\u00e9der \u00e0 des dizaines d\u2019articles pratiques pour vous guider sur les tenants et aboutissants de l\u2019assurance habitation. Ensuite, <a href=\"\/fr\/soumission-assurance-habitation-en-ligne\" title=\"Obtenir une soumission d\u2019assurance habitation en ligne\">obtenez une soumission d'assurance habitation en ligne<\/a> en moins de 5\u00a0minutes et d\u00e9couvrez \u00e0 quel point l\u2019assurance habitation personnalis\u00e9e peut \u00eatre abordable.<\/p>\r\n\r\n<div class=\"row py-3\">\r\n<div class=\"col-12\">\r\n<div class=\"card review\" style=\"box-shadow: 0 2px 4px rgba(0,0,0,0.07);background-color:#f4f4f4;\">\r\n<div class=\"card-body\">\r\n\t<p class=\"text-primary h4\">\u00c0 propos de l\u2019experte&nbsp;: Rena Novotny<\/p>\r\n\t<p>Rena a commenc\u00e9 sa carri\u00e8re de 23&nbsp;ans \u00e0 titre d\u2019experte en sinistres ind\u00e9pendante o\u00f9 elle s\u2019est sp\u00e9cialis\u00e9e dans les sinistres complexes, de responsabilit\u00e9 civile et de risque sp\u00e9cial. \u00c0 titre de gestionnaire de succursale, Rena embauchait, formait, encadrait et entra\u00eenait plusieurs experts en sinistres. Elle poursuit des \u00e9tudes sup\u00e9rieures \u00e0 temps partiel en neuro-psychologie et traumatisme dans le but d\u2019apprendre comment les deux conditions pourraient toucher l\u2019engagement de l\u2019assur\u00e9 quant aux sinistres catastrophiques. Titulaire d\u2019une ma\u00eetrise en analyse et gestion de conflits, Rena est munie des d\u00e9signations CRM, PAA et d\u2019un certificat en expertise en r\u00e8glement de sinistres, niveau&nbsp;3.<\/p>\r\n<\/div>\r\n<\/div>\r\n<\/div>\r\n<\/div>\r\n\r\n<\/div>\r\n    <\/div>\r\n<\/div>\r\n<\/section>\r\n<script type=\"application\/ld+json\">\r\n{\r\n  \"@context\": \"https:\/\/schema.org\",\r\n   \"@type\": \"WebPage\",\r\n  \"mainEntityOfPage\": {\r\n    \"@type\": \"Article\",\r\n    \"@id\": \"https:\/\/www.squareone.ca\/fr\/centres-ressources\/bases-assurance\/assurance-bague-de-fiancailles\"\r\n  },\r\n  \"author\": [\r\n    {\r\n      \"@type\": \"Person\",\r\n      \"name\": \"Square One team\"\r\n    }\r\n  ],\r\n  \"reviewedBy\": [\r\n    {\r\n      \"@type\": \"Person\",\r\n      \"name\": \"Rena Novotny\",\r\n      \"url\": \"https:\/\/www.squareone.ca\/fr\/a-propos-de-nous\/experts\/rena-novotny\"\r\n    }\r\n  ],\r\n  \"headline\": \"Initiation \u00e0 l\u2019assurance de bague de fian\u00e7ailles\",\r\n  \"datePublished\": \"\",\r\n  \"dateModified\": \"\",\r\n  \"inLanguage\": \"fr-CA\",\r\n  \"isAccessibleForFree\": true\r\n}\r\n<\/script>\r\n<script type=\"application\/ld+json\">\r\n{\r\n  \"@context\": \"https:\/\/schema.org\",\r\n  \"@type\": \"FAQPage\",\r\n  \"mainEntity\": [{\r\n    \"@type\": \"Question\",\r\n    \"name\": \"Ma police d\u2019assurance habitation couvre-t-elle ma bague de fian\u00e7ailles?\",\r\n    \"acceptedAnswer\": {\r\n      \"@type\": \"Answer\",\r\n      \"text\": \"Que ces articles soient inclus ou non, et que cette couverture s\u2019inscrive dans le cadre de la police normale ou des protections facultatives, est en fonction du fournisseur d\u2019assurance et du type de police que vous choisissez. Certains fournisseurs, comme Square One, vous offrent la possibilit\u00e9 de personnaliser votre couverture selon vos besoins. Autrement dit, si vous ne poss\u00e9dez pas une bague de fian\u00e7ailles ou d\u2019autres bijoux, vous pouvez en passer et payer <a href=\"https:\/\/www.squareone.ca\/resource-centres\/insurance-basics\/ways-to-save-money\">une prime moins \u00e9lev\u00e9<\/a>. En revanche, si vous avez une bague que vous souhaitez assurer, vous pouvez s\u00e9lectionner cette couverture facultative en vertu de votre police. Cela dit, si vous vous fiancez ou achetez des bijoux apr\u00e8s avoir souscrit votre assurance, vous devrez communiquer avec votre fournisseur d\u2019assurance pour mettre \u00e0 jour votre couverture. Ceci est tr\u00e8s important, car si vous n\u2019informez pas votre fournisseur d\u2019assurance de ces changements, il est possible que vous soyez pris au d\u00e9pourvu en cas de perte et inadmissible \u00e0 l\u2019indemnisation.\"\r\n    }\r\n  },{\r\n    \"@type\": \"Question\",\r\n    \"name\": \"Comment change l\u2019assurance apr\u00e8s le mariage?\",\r\n    \"acceptedAnswer\": {\r\n      \"@type\": \"Answer\",\r\n      \"text\": \"Si vous et votre conjoint ne viviez pas ensemble avant le mariage, le fait de r\u00e9unir toutes vos possessions sous le m\u00eame toit influencera consid\u00e9rablement votre couverture d\u2019assurance. N\u2019oubliez pas de communiquer avec votre fournisseur afin de mettre \u00e0 jour vos limitations de couverture pour mieux tenir compte de vos biens individuels, surtout les articles comme les bicyclettes, les bijoux et les ferrures qui ne sont pas toujours admissibles aux couvertures normales. Si, apr\u00e8s le mariage, vous devenez copropri\u00e9taires ou propri\u00e9taires occupants, vous devrez souscrire une nouvelle assurance habitation et r\u00e9silier votre ancienne assurance locataire.\"\r\n    }\r\n  },{\r\n    \"@type\": \"Question\",\r\n    \"name\": \"Puis-je assurer nos cadeaux de mariage?\",\r\n    \"acceptedAnswer\": {\r\n      \"@type\": \"Answer\",\r\n      \"text\": \"G\u00e9n\u00e9ralement, les mari\u00e9s re\u00e7oivent un vaste assortiment de cadeaux et biens \u00e0 assurer, dont certains de taille importante. Nous vous recommandons de v\u00e9rifier votre police d\u2019assurance pour d\u00e9terminer si ces nouvelles possessions s\u2019inscrivent dans le cadre de vos limitations de couverture. Vous avez int\u00e9r\u00eat \u00e0 inscrire le montant total de tous ces cadeaux, comme le malaxeur, le mobilier de cuisine, la literie et le service de table, dans votre couverture.\"\r\n    }\r\n  }]\r\n}\r\n<\/script>\r\n","protected":false},"excerpt":{"rendered":"<p>Initiation \u00e0 l\u2019assurance de bague de fian\u00e7ailles Article \u00e9valu\u00e9 par Rena Novotny Vous vivez un roman d\u2019amour avec un \u00eatre cher ou vous avez eu le coup de foudre? Ah, comme c\u2019est beau l\u2019amour! Vous \u00eates pr\u00eat \u00e0 poser LA question? Vous avez d\u00e9j\u00e0 achet\u00e9 la bague de fian\u00e7ailles, d\u2019accord. Mais avez-vous pens\u00e9 comment vous [&hellip;]<\/p>\n","protected":false},"author":2,"featured_media":55758,"parent":50045,"menu_order":0,"comment_status":"closed","ping_status":"closed","template":"page-article-new.php","meta":{"_acf_changed":false,"footnotes":""},"class_list":["post-55751","page","type-page","status-publish","has-post-thumbnail","hentry"],"acf":[],"_links":{"self":[{"href":"https:\/\/www.squareone.ca\/fr\/wp-json\/wp\/v2\/pages\/55751","targetHints":{"allow":["GET"]}}],"collection":[{"href":"https:\/\/www.squareone.ca\/fr\/wp-json\/wp\/v2\/pages"}],"about":[{"href":"https:\/\/www.squareone.ca\/fr\/wp-json\/wp\/v2\/types\/page"}],"author":[{"embeddable":true,"href":"https:\/\/www.squareone.ca\/fr\/wp-json\/wp\/v2\/users\/2"}],"replies":[{"embeddable":true,"href":"https:\/\/www.squareone.ca\/fr\/wp-json\/wp\/v2\/comments?post=55751"}],"version-history":[{"count":25,"href":"https:\/\/www.squareone.ca\/fr\/wp-json\/wp\/v2\/pages\/55751\/revisions"}],"predecessor-version":[{"id":78613,"href":"https:\/\/www.squareone.ca\/fr\/wp-json\/wp\/v2\/pages\/55751\/revisions\/78613"}],"up":[{"embeddable":true,"href":"https:\/\/www.squareone.ca\/fr\/wp-json\/wp\/v2\/pages\/50045"}],"wp:featuredmedia":[{"embeddable":true,"href":"https:\/\/www.squareone.ca\/fr\/wp-json\/wp\/v2\/media\/55758"}],"wp:attachment":[{"href":"https:\/\/www.squareone.ca\/fr\/wp-json\/wp\/v2\/media?parent=55751"}],"curies":[{"name":"wp","href":"https:\/\/api.w.org\/{rel}","templated":true}]}}